{"id":21748,"date":"2024-03-01T16:52:05","date_gmt":"2024-03-01T15:52:05","guid":{"rendered":"https:\/\/u15jnbdpoq.preview.infomaniak.website\/produit\/100-einweg-doppel-burgerboxen-aus-karton-150-x-150-x-70-mm\/"},"modified":"2026-04-04T02:13:06","modified_gmt":"2026-04-04T00:13:06","slug":"100-einweg-doppel-burgerboxen-aus-karton-150-x-150-x-70-mm","status":"publish","type":"product","link":"https:\/\/www.csj-emballages.com\/de\/produit\/100-einweg-doppel-burgerboxen-aus-karton-150-x-150-x-70-mm\/","title":{"rendered":"Burgerbox aus Karton 150 x 150 x 70 mm pro 100 St\u00fcck"},"content":{"rendered":"<h2>Burger-Box<\/h2>\n<div style=\"text-align: center;\">\n<hr>\n<h3 style=\"text-align: left;\">Beschreibung der Burgerschachtel aus Karton 150 x 150 x 70 mm pro 100 St\u00fcck<\/h3>\n<p style=\"text-align: left;\"><!--more--><\/p>\n<p style=\"text-align: left;\" data-start=\"228\" data-end=\"609\">Die <strong data-start=\"231\" data-end=\"275\">Burgerbox aus Karton mit den Ma\u00dfen 150 x 150 x 70 mm<\/strong> ist die ideale Verpackung, wenn Sie etwas Praktisches, Stabiles und Angenehmes f\u00fcr den t\u00e4glichen Gebrauch suchen. Dank ihres durchdachten Formats bietet sie problemlos Platz f\u00fcr einen <g id=\"gid_1\">klassischen Burger, einen gro\u00dfz\u00fcgigen Burger oder sogar ein gut belegtes Sandwich<\/g>. So sparen Sie Zeit beim Servieren und bieten gleichzeitig eine saubere und gepflegte Pr\u00e4sentation.  <\/p>\n<p style=\"text-align: left;\" data-start=\"611\" data-end=\"1069\">Da sie aus <strong data-start=\"624\" data-end=\"641\">festem Karton<\/strong> hergestellt ist, bleibt sie stabil, verformt sich nicht und sch\u00fctzt Ihre Zubereitungen wirklich gut. Sie k\u00f6nnen sie mit einem Handgriff schlie\u00dfen und sie h\u00e4lt perfekt geschlossen, so dass es beim Transport keine b\u00f6sen \u00dcberraschungen gibt. Da sie aufgrund ihrer Struktur \u00fcber eine nat\u00fcrliche Bel\u00fcftung verf\u00fcgt, wird auch die Kondensation eingeschr\u00e4nkt. Das Ergebnis: Das Brot bleibt weich, der Belag bleibt an Ort und Stelle und Ihr Kunde erh\u00e4lt einen Burger, der immer noch gut aussieht.   <\/p>\n<p style=\"text-align: left;\" data-start=\"1071\" data-end=\"1309\">Au\u00dferdem ist diese <strong data-start=\"231\" data-end=\"275\">Burgerbox<\/strong> <strong data-start=\"1096\" data-end=\"1136\">umweltfreundlicher<\/strong> als eine Plastikverpackung. Es ist eine kleine, einfache Geste, die Ihren Kunden zeigt, dass Sie auf Ihre Auswirkungen achten. Und heute z\u00e4hlt dieser Schritt wirklich.  <\/p>\n<p style=\"text-align: left;\" data-start=\"1311\" data-end=\"1622\">Au\u00dferdem wird sie <strong data-start=\"1341\" data-end=\"1359\">in Packungen zu 100 St\u00fcck<\/strong> geliefert, sodass Sie Ihre Best\u00e4nde leicht verwalten k\u00f6nnen. Sie haben immer genug, um den Ansturm oder unvorhergesehene Bestellungen zu antizipieren. Ob Sie nun ein Foodtruck, ein Restaurant, ein Sandwichladen oder ein Imbiss sind, diese Box passt sich perfekt an Ihren Rhythmus an.  <\/p>\n<p style=\"text-align: left;\" data-start=\"1624\" data-end=\"1764\">Zusammenfassend l\u00e4sst sich sagen, dass diese <strong data-start=\"231\" data-end=\"275\">Burger-Box<\/strong> Ihnen dabei hilft, einen schnellen, sauberen und qualitativ hochwertigen Service anzubieten und gleichzeitig Ihre Organisation in der K\u00fcche zu vereinfachen.<\/p>\n<p style=\"text-align: left;\" data-start=\"1624\" data-end=\"1764\">\n<p style=\"text-align: left;\"><!--more--><\/p>\n<p style=\"text-align: left;\"><strong>Vorteile :<\/strong><\/p>\n<ul>\n<li style=\"text-align: left;\" data-start=\"1797\" data-end=\"1841\">Perfektes Format f\u00fcr die meisten <strong>Burger<\/strong>.<\/li>\n<li style=\"text-align: left;\" data-start=\"1844\" data-end=\"1877\">Fester, stabiler Karton.<\/li>\n<li style=\"text-align: left;\" data-start=\"1880\" data-end=\"1930\"><strong>Begrenzt die Kondensation<\/strong>, um die Qualit\u00e4t zu erhalten.<\/li>\n<li style=\"text-align: left;\" data-start=\"1933\" data-end=\"1964\">Einfacher und sicherer Verschluss.<\/li>\n<li style=\"text-align: left;\" data-start=\"1967\" data-end=\"2001\">Umweltfreundlicher als Plastik.<\/li>\n<li style=\"text-align: left;\" data-start=\"2004\" data-end=\"2041\"><strong>100er-Set<\/strong>: Praktisch f\u00fcr Profis.<\/li>\n<\/ul>\n<\/div>\n<p>&nbsp;<\/p>\n<p><!--more--><\/p>\n<h4>Weitere Informationen :<\/h4>\n<ul>\n<li><strong>Verpackung<\/strong>: Packung mit 100 St\u00fcck<\/li>\n<li><strong>Abmessungen<\/strong>: 150 x 150 x 70 mm<\/li>\n<li><strong>Material<\/strong>: Karton<\/li>\n<li><strong>Art des Deckels<\/strong>: Scharnierdeckel<\/li>\n<\/ul>\n<p>&nbsp;<\/p>\n<p><!--more--><\/p>\n<p>Das Produkt ist in verschiedenen Gr\u00f6\u00dfen erh\u00e4ltlich:  <span style=\"color: #d12727;\"><a style=\"color: #d12727;\" href=\"https:\/\/www.csj-emballages.com\/es\/produit\/100-cajas-dobles-desechables-para-hamburguesas-120-x-130-x-70-mm\/\">HP1K<\/a><\/span> \/ <span style=\"color: #d12727;\"><a style=\"color: #d12727;\" href=\"https:\/\/www.csj-emballages.com\/pt-pt\/produit\/100-caixas-de-chips-descartaveis-175-x-120-x-70-mm\/\">HP2K<\/a><\/span> \/ <span style=\"color: #d12727;\"><a style=\"color: #d12727;\" href=\"https:\/\/www.csj-emballages.com\/pt-pt\/produit\/100-caixas-de-tacos-de-cartao-kraft-240-x-137-x-70-mm\/\">HP3K<\/a><\/span> \/ <g id=\"gid_6\"><g id=\"gid_7\">HP4K<\/g><\/g> \/ <g id=\"gid_8\"><g id=\"gid_9\">HP5K<\/g><\/g> \/ <span style=\"color: #d12727;\"><a style=\"color: #d12727;\" href=\"https:\/\/www.csj-emballages.com\/es\/produit\/caja-de-carton-para-hamburguesas-165-x-150-x-110-mm-por-100\/\">HP6KH<\/a><\/span> \/ <span style=\"color: #d12727;\"><a style=\"color: #d12727;\" href=\"https:\/\/www.csj-emballages.com\/produit\/50-boite-carton-burgers-jetables-carton-150-x-150-x-70-mm\/\">HP6KGE<\/a><\/span> \/        <span style=\"color: #d12727;\"><a style=\"color: #d12727;\" href=\"https:\/\/www.csj-emballages.com\/produit\/50-boites-doubles-burgers-xl-jetables-carton-170-x-170-x-80-mm\/\">HP6KXL<\/a> <span style=\"color: #000000;\">\/<\/span> <a style=\"color: #d12727;\" href=\"https:\/\/www.csj-emballages.com\/produit\/50-boite-carton-hot-dog-carton-kraft-23-2-x-9-x-6-3-cm-restauration-snack-emporter\/\">HP8K<\/a><\/span><\/p>\n<p>&nbsp;<\/p>\n<p><!--more--><\/p>\n<p><a href=\"https:\/\/www.csj-emballages.com\/de\/categorie-produit\/lebensmittelverpackungen\/restauration-de\/dosen-schalen-beutel-konen\/schalen-kartons\/kartonschachteln-fur-mahlzeiten\/\">Sehen Sie sich den Rest unseres Angebots an Burgerdosen an.<\/a><\/p>\n","protected":false},"excerpt":{"rendered":"<p>Burger-Box Beschreibung der Burgerschachtel aus Karton 150 x 150 x 70 mm pro 100 St\u00fcck<\/p>\n","protected":false},"featured_media":223865,"template":"","meta":{"_acf_changed":false},"product_brand":[],"product_cat":[1137,1134,2792],"product_tag":[],"class_list":{"0":"post-21748","1":"product","2":"type-product","3":"status-publish","4":"has-post-thumbnail","6":"product_cat-lebensmittelverpackungen","7":"product_cat-restauration-de","8":"product_cat-kartonschachteln-fur-mahlzeiten","10":"first","11":"instock","12":"taxable","13":"shipping-taxable","14":"purchasable","15":"product-type-simple"},"acf":[],"yoast_head":"<!-- This site is optimized with the Yoast SEO Premium plugin v26.6 (Yoast SEO v26.6) - https:\/\/yoast.com\/wordpress\/plugins\/seo\/ -->\n<title>Burger Box Karton 150 x 150 x 70 mm pro 100<\/title>\n<meta name=\"description\" content=\"Entdecken Sie unsere Burgerschachtel aus Karton 150 x 150 x 70 mm: widerstandsf\u00e4hig, praktisch und umweltfreundlich, perfekt f\u00fcr den Transport Ihrer Burger und Snacks.\" \/>\n<meta name=\"robots\" content=\"index, follow, max-snippet:-1, max-image-preview:large, max-video-preview:-1\" \/>\n<link rel=\"canonical\" href=\"https:\/\/www.csj-emballages.com\/de\/produit\/100-einweg-doppel-burgerboxen-aus-karton-150-x-150-x-70-mm\/\" \/>\n<meta property=\"og:locale\" content=\"de_DE\" \/>\n<meta property=\"og:type\" content=\"article\" \/>\n<meta property=\"og:title\" content=\"Burgerbox aus Karton 150 x 150 x 70 mm pro 100 St\u00fcck\" \/>\n<meta property=\"og:description\" content=\"Entdecken Sie unsere Burgerschachtel aus Karton 150 x 150 x 70 mm: widerstandsf\u00e4hig, praktisch und umweltfreundlich, perfekt f\u00fcr den Transport Ihrer Burger und Snacks.\" \/>\n<meta property=\"og:url\" content=\"https:\/\/www.csj-emballages.com\/de\/produit\/100-einweg-doppel-burgerboxen-aus-karton-150-x-150-x-70-mm\/\" \/>\n<meta property=\"og:site_name\" content=\"CSJ Emballages\" \/>\n<meta property=\"article:publisher\" content=\"https:\/\/www.facebook.com\/csjemballages\" \/>\n<meta property=\"article:modified_time\" content=\"2026-04-04T00:13:06+00:00\" \/>\n<meta property=\"og:image\" content=\"https:\/\/www.csj-emballages.com\/wp-content\/uploads\/2025\/02\/BBK130.webp\" \/>\n\t<meta property=\"og:image:width\" content=\"800\" \/>\n\t<meta property=\"og:image:height\" content=\"800\" \/>\n\t<meta property=\"og:image:type\" content=\"image\/webp\" \/>\n<meta name=\"twitter:card\" content=\"summary_large_image\" \/>\n<meta name=\"twitter:label1\" content=\"Gesch\u00e4tzte Lesezeit\" \/>\n\t<meta name=\"twitter:data1\" content=\"2 Minuten\" \/>\n<script type=\"application\/ld+json\" class=\"yoast-schema-graph\">{\"@context\":\"https:\/\/schema.org\",\"@graph\":[{\"@type\":\"WebPage\",\"@id\":\"https:\/\/www.csj-emballages.com\/de\/produit\/100-einweg-doppel-burgerboxen-aus-karton-150-x-150-x-70-mm\/\",\"url\":\"https:\/\/www.csj-emballages.com\/de\/produit\/100-einweg-doppel-burgerboxen-aus-karton-150-x-150-x-70-mm\/\",\"name\":\"Burger Box Karton 150 x 150 x 70 mm pro 100\",\"isPartOf\":{\"@id\":\"https:\/\/www.csj-emballages.com\/de\/#website\"},\"primaryImageOfPage\":{\"@id\":\"https:\/\/www.csj-emballages.com\/de\/produit\/100-einweg-doppel-burgerboxen-aus-karton-150-x-150-x-70-mm\/#primaryimage\"},\"image\":{\"@id\":\"https:\/\/www.csj-emballages.com\/de\/produit\/100-einweg-doppel-burgerboxen-aus-karton-150-x-150-x-70-mm\/#primaryimage\"},\"thumbnailUrl\":\"https:\/\/www.csj-emballages.com\/wp-content\/uploads\/2025\/02\/BBK130.webp\",\"datePublished\":\"2024-03-01T15:52:05+00:00\",\"dateModified\":\"2026-04-04T00:13:06+00:00\",\"description\":\"Entdecken Sie unsere Burgerschachtel aus Karton 150 x 150 x 70 mm: widerstandsf\u00e4hig, praktisch und umweltfreundlich, perfekt f\u00fcr den Transport Ihrer Burger und Snacks.\",\"breadcrumb\":{\"@id\":\"https:\/\/www.csj-emballages.com\/de\/produit\/100-einweg-doppel-burgerboxen-aus-karton-150-x-150-x-70-mm\/#breadcrumb\"},\"inLanguage\":\"de\",\"potentialAction\":[{\"@type\":\"ReadAction\",\"target\":[\"https:\/\/www.csj-emballages.com\/de\/produit\/100-einweg-doppel-burgerboxen-aus-karton-150-x-150-x-70-mm\/\"]}]},{\"@type\":\"ImageObject\",\"inLanguage\":\"de\",\"@id\":\"https:\/\/www.csj-emballages.com\/de\/produit\/100-einweg-doppel-burgerboxen-aus-karton-150-x-150-x-70-mm\/#primaryimage\",\"url\":\"https:\/\/www.csj-emballages.com\/wp-content\/uploads\/2025\/02\/BBK130.webp\",\"contentUrl\":\"https:\/\/www.csj-emballages.com\/wp-content\/uploads\/2025\/02\/BBK130.webp\",\"width\":800,\"height\":800,\"caption\":\"Boite burger\"},{\"@type\":\"BreadcrumbList\",\"@id\":\"https:\/\/www.csj-emballages.com\/de\/produit\/100-einweg-doppel-burgerboxen-aus-karton-150-x-150-x-70-mm\/#breadcrumb\",\"itemListElement\":[{\"@type\":\"ListItem\",\"position\":1,\"name\":\"Accueil\",\"item\":\"https:\/\/www.csj-emballages.com\/de\/universum-lebensmittelverpackungen\/\"},{\"@type\":\"ListItem\",\"position\":2,\"name\":\"Shop\",\"item\":\"https:\/\/www.csj-emballages.com\/shop\/\"},{\"@type\":\"ListItem\",\"position\":3,\"name\":\"Burgerbox aus Karton 150 x 150 x 70 mm pro 100 St\u00fcck\"}]},{\"@type\":\"WebSite\",\"@id\":\"https:\/\/www.csj-emballages.com\/de\/#website\",\"url\":\"https:\/\/www.csj-emballages.com\/de\/\",\"name\":\"CSJ Emballages\",\"description\":\"\",\"publisher\":{\"@id\":\"https:\/\/www.csj-emballages.com\/de\/#organization\"},\"potentialAction\":[{\"@type\":\"SearchAction\",\"target\":{\"@type\":\"EntryPoint\",\"urlTemplate\":\"https:\/\/www.csj-emballages.com\/de\/?s={search_term_string}\"},\"query-input\":{\"@type\":\"PropertyValueSpecification\",\"valueRequired\":true,\"valueName\":\"search_term_string\"}}],\"inLanguage\":\"de\"},{\"@type\":\"Organization\",\"@id\":\"https:\/\/www.csj-emballages.com\/de\/#Organization\/\",\"name\":\"CSJ Emballages\",\"url\":\"https:\/\/www.csj-emballages.com\/de\/\",\"logo\":{\"@type\":\"ImageObject\",\"inLanguage\":\"de\",\"@id\":\"https:\/\/www.csj-emballages.com\/de\/#\/schema\/logo\/image\/\",\"url\":\"https:\/\/www.csj-emballages.com\/wp-content\/uploads\/2023\/10\/logo_csj.webp\",\"contentUrl\":\"https:\/\/www.csj-emballages.com\/wp-content\/uploads\/2023\/10\/logo_csj.webp\",\"width\":250,\"height\":95,\"caption\":\"CSJ Emballages\"},\"image\":{\"@id\":\"https:\/\/www.csj-emballages.com\/de\/#\/schema\/logo\/image\/\"},\"sameAs\":[\"https:\/\/www.facebook.com\/csjemballages\"],\"address\":{\"@type\":\"PostalAddress\",\"streetAddress\":\"ZI La Lechere\",\"addressLocality\":\"Patornay\",\"postalCode\":\"39130\",\"addressCountry\":\"FR\"},\"contactPoint\":[{\"@type\":\"ContactPoint\",\"contactType\":\"Service client\",\"telephone\":\"0384254272\",\"email\":\"contact@csj-emballages.com\"}]}]}<\/script>\n<!-- \/ Yoast SEO Premium plugin. -->","yoast_head_json":{"title":"Burger Box Karton 150 x 150 x 70 mm pro 100","description":"Entdecken Sie unsere Burgerschachtel aus Karton 150 x 150 x 70 mm: widerstandsf\u00e4hig, praktisch und umweltfreundlich, perfekt f\u00fcr den Transport Ihrer Burger und Snacks.","robots":{"index":"index","follow":"follow","max-snippet":"max-snippet:-1","max-image-preview":"max-image-preview:large","max-video-preview":"max-video-preview:-1"},"canonical":"https:\/\/www.csj-emballages.com\/de\/produit\/100-einweg-doppel-burgerboxen-aus-karton-150-x-150-x-70-mm\/","og_locale":"de_DE","og_type":"article","og_title":"Burgerbox aus Karton 150 x 150 x 70 mm pro 100 St\u00fcck","og_description":"Entdecken Sie unsere Burgerschachtel aus Karton 150 x 150 x 70 mm: widerstandsf\u00e4hig, praktisch und umweltfreundlich, perfekt f\u00fcr den Transport Ihrer Burger und Snacks.","og_url":"https:\/\/www.csj-emballages.com\/de\/produit\/100-einweg-doppel-burgerboxen-aus-karton-150-x-150-x-70-mm\/","og_site_name":"CSJ Emballages","article_publisher":"https:\/\/www.facebook.com\/csjemballages","article_modified_time":"2026-04-04T00:13:06+00:00","og_image":[{"width":800,"height":800,"url":"https:\/\/www.csj-emballages.com\/wp-content\/uploads\/2025\/02\/BBK130.webp","type":"image\/webp"}],"twitter_card":"summary_large_image","twitter_misc":{"Gesch\u00e4tzte Lesezeit":"2 Minuten"},"schema":{"@context":"https:\/\/schema.org","@graph":[{"@type":"WebPage","@id":"https:\/\/www.csj-emballages.com\/de\/produit\/100-einweg-doppel-burgerboxen-aus-karton-150-x-150-x-70-mm\/","url":"https:\/\/www.csj-emballages.com\/de\/produit\/100-einweg-doppel-burgerboxen-aus-karton-150-x-150-x-70-mm\/","name":"Burger Box Karton 150 x 150 x 70 mm pro 100","isPartOf":{"@id":"https:\/\/www.csj-emballages.com\/de\/#website"},"primaryImageOfPage":{"@id":"https:\/\/www.csj-emballages.com\/de\/produit\/100-einweg-doppel-burgerboxen-aus-karton-150-x-150-x-70-mm\/#primaryimage"},"image":{"@id":"https:\/\/www.csj-emballages.com\/de\/produit\/100-einweg-doppel-burgerboxen-aus-karton-150-x-150-x-70-mm\/#primaryimage"},"thumbnailUrl":"https:\/\/www.csj-emballages.com\/wp-content\/uploads\/2025\/02\/BBK130.webp","datePublished":"2024-03-01T15:52:05+00:00","dateModified":"2026-04-04T00:13:06+00:00","description":"Entdecken Sie unsere Burgerschachtel aus Karton 150 x 150 x 70 mm: widerstandsf\u00e4hig, praktisch und umweltfreundlich, perfekt f\u00fcr den Transport Ihrer Burger und Snacks.","breadcrumb":{"@id":"https:\/\/www.csj-emballages.com\/de\/produit\/100-einweg-doppel-burgerboxen-aus-karton-150-x-150-x-70-mm\/#breadcrumb"},"inLanguage":"de","potentialAction":[{"@type":"ReadAction","target":["https:\/\/www.csj-emballages.com\/de\/produit\/100-einweg-doppel-burgerboxen-aus-karton-150-x-150-x-70-mm\/"]}]},{"@type":"ImageObject","inLanguage":"de","@id":"https:\/\/www.csj-emballages.com\/de\/produit\/100-einweg-doppel-burgerboxen-aus-karton-150-x-150-x-70-mm\/#primaryimage","url":"https:\/\/www.csj-emballages.com\/wp-content\/uploads\/2025\/02\/BBK130.webp","contentUrl":"https:\/\/www.csj-emballages.com\/wp-content\/uploads\/2025\/02\/BBK130.webp","width":800,"height":800,"caption":"Boite burger"},{"@type":"BreadcrumbList","@id":"https:\/\/www.csj-emballages.com\/de\/produit\/100-einweg-doppel-burgerboxen-aus-karton-150-x-150-x-70-mm\/#breadcrumb","itemListElement":[{"@type":"ListItem","position":1,"name":"Accueil","item":"https:\/\/www.csj-emballages.com\/de\/universum-lebensmittelverpackungen\/"},{"@type":"ListItem","position":2,"name":"Shop","item":"https:\/\/www.csj-emballages.com\/shop\/"},{"@type":"ListItem","position":3,"name":"Burgerbox aus Karton 150 x 150 x 70 mm pro 100 St\u00fcck"}]},{"@type":"WebSite","@id":"https:\/\/www.csj-emballages.com\/de\/#website","url":"https:\/\/www.csj-emballages.com\/de\/","name":"CSJ Emballages","description":"","publisher":{"@id":"https:\/\/www.csj-emballages.com\/de\/#organization"},"potentialAction":[{"@type":"SearchAction","target":{"@type":"EntryPoint","urlTemplate":"https:\/\/www.csj-emballages.com\/de\/?s={search_term_string}"},"query-input":{"@type":"PropertyValueSpecification","valueRequired":true,"valueName":"search_term_string"}}],"inLanguage":"de"},{"@type":"Organization","@id":"https:\/\/www.csj-emballages.com\/de\/#Organization\/","name":"CSJ Emballages","url":"https:\/\/www.csj-emballages.com\/de\/","logo":{"@type":"ImageObject","inLanguage":"de","@id":"https:\/\/www.csj-emballages.com\/de\/#\/schema\/logo\/image\/","url":"https:\/\/www.csj-emballages.com\/wp-content\/uploads\/2023\/10\/logo_csj.webp","contentUrl":"https:\/\/www.csj-emballages.com\/wp-content\/uploads\/2023\/10\/logo_csj.webp","width":250,"height":95,"caption":"CSJ Emballages"},"image":{"@id":"https:\/\/www.csj-emballages.com\/de\/#\/schema\/logo\/image\/"},"sameAs":["https:\/\/www.facebook.com\/csjemballages"],"address":{"@type":"PostalAddress","streetAddress":"ZI La Lechere","addressLocality":"Patornay","postalCode":"39130","addressCountry":"FR"},"contactPoint":[{"@type":"ContactPoint","contactType":"Service client","telephone":"0384254272","email":"contact@csj-emballages.com"}]}]}},"df_price":17.45,"df_sale_price":"","df_regular_price":17.45,"df_image_link":"https:\/\/www.csj-emballages.com\/wp-content\/uploads\/2025\/02\/BBK130-300x300.webp","tiered_pricing_type":"fixed","tiered_pricing_fixed_rules":[],"tiered_pricing_percentage_rules":[],"tiered_pricing_minimum":1,"tiered_pricing_roles_data":[],"_links":{"self":[{"href":"https:\/\/www.csj-emballages.com\/de\/wp-json\/wp\/v2\/product\/21748","targetHints":{"allow":["GET"]}}],"collection":[{"href":"https:\/\/www.csj-emballages.com\/de\/wp-json\/wp\/v2\/product"}],"about":[{"href":"https:\/\/www.csj-emballages.com\/de\/wp-json\/wp\/v2\/types\/product"}],"wp:featuredmedia":[{"embeddable":true,"href":"https:\/\/www.csj-emballages.com\/de\/wp-json\/wp\/v2\/media\/223865"}],"wp:attachment":[{"href":"https:\/\/www.csj-emballages.com\/de\/wp-json\/wp\/v2\/media?parent=21748"}],"wp:term":[{"taxonomy":"product_brand","embeddable":true,"href":"https:\/\/www.csj-emballages.com\/de\/wp-json\/wp\/v2\/product_brand?post=21748"},{"taxonomy":"product_cat","embeddable":true,"href":"https:\/\/www.csj-emballages.com\/de\/wp-json\/wp\/v2\/product_cat?post=21748"},{"taxonomy":"product_tag","embeddable":true,"href":"https:\/\/www.csj-emballages.com\/de\/wp-json\/wp\/v2\/product_tag?post=21748"}],"curies":[{"name":"wp","href":"https:\/\/api.w.org\/{rel}","templated":true}]}}