{"id":21743,"date":"2024-03-01T16:52:04","date_gmt":"2024-03-01T15:52:04","guid":{"rendered":"https:\/\/u15jnbdpoq.preview.infomaniak.website\/produit\/100-kunststoffeinsaetze-fuer-durchmesser-o95\/"},"modified":"2026-04-21T02:14:17","modified_gmt":"2026-04-21T00:14:17","slug":"100-kunststoffeinsaetze-fuer-durchmesser-o95","status":"publish","type":"product","link":"https:\/\/www.csj-emballages.com\/de\/produit\/100-kunststoffeinsaetze-fuer-durchmesser-o95\/","title":{"rendered":"Plastikeinsatz f\u00fcr Becher Durchmesser \u00d895 pro 100"},"content":{"rendered":"<h2>Kunststoffeinsatz<\/h2>\n<div style=\"box-sizing: inherit; font-family: Roboto, sans-serif;\">\n<div style=\"box-sizing: inherit; font-family: Roboto, sans-serif;\">\n<div style=\"box-sizing: inherit; font-family: Roboto, sans-serif;\">\n<div style=\"text-align: center;\">\n<div style=\"box-sizing: inherit; font-family: Roboto, sans-serif;\">\n<div style=\"box-sizing: inherit; font-family: Roboto, sans-serif;\">\n<div style=\"box-sizing: inherit; font-family: Roboto, sans-serif;\">\n<div style=\"box-sizing: inherit; font-family: Roboto, sans-serif;\">\n<div style=\"box-sizing: inherit; font-family: Roboto, sans-serif;\">\n<div style=\"box-sizing: inherit; font-family: Roboto, sans-serif; text-align: left;\">\n<hr>\n<h3 style=\"text-align: left;\">Beschreibung unseres Plastikeinsatzes f\u00fcr Becher Durchmesser \u00d895 pro 100<\/h3>\n<p><!--more--><\/p>\n<p data-start=\"282\" data-end=\"659\">Dieser <strong>Kunststoffeinsatz<\/strong> f\u00fcr <strong>Becher<\/strong> <strong data-start=\"316\" data-end=\"326\">\u00d895 mm<\/strong> ist die ideale L\u00f6sung, um Ihre Zubereitungen zu trennen, zu organisieren und zu pr\u00e4sentieren, ohne alles durcheinander zu bringen. Er ist so konzipiert, dass er direkt in die <span style=\"color: #d12727;\"><a style=\"color: #d12727;\" href=\"https:\/\/www.csj-emballages.com\/categorie-produit\/emballages\/restauration-sur-place-ou-emporter-fastfood-snacks\/gobelet-verre-bouteille\/pots-plastique\/pots-smoothie-o95mm-o78mm\/pots-smoothie-diametre-95mm\/\">Becher \u00d895 mm<\/a><\/span> kompatiblen Becher passt, erm\u00f6glicht er es, mehrere Elemente in einem Beh\u00e4lter anzubieten, wobei jede Zutat an ihrem Platz bleibt. Das ist einfach, clever und vor allem sehr praktisch f\u00fcr den Alltag.  <\/p>\n<p data-start=\"661\" data-end=\"992\">Dank seiner <strong>abgerundeten<\/strong> Form <strong>und seiner Transparenz<\/strong> hebt der<strong>Einsatz<\/strong> die Produkte auf nat\u00fcrliche Weise hervor. <strong>Trockenfr\u00fcchte<\/strong>, <strong>Toppings<\/strong>, <strong>So\u00dfen<\/strong>, <strong>S\u00fc\u00dfigkeiten<\/strong>, <strong>frisches Obst<\/strong> oder <strong>herzhafte Beilagen<\/strong>: Alles bleibt sichtbar und appetitlich. So sehen Ihre Kunden sofort, was sie gleich probieren werden, was die Lust und das Qualit\u00e4tsempfinden steigert. <\/p>\n<p data-start=\"994\" data-end=\"1316\">Ebenso erleichtert dieser<strong> Einsatz<\/strong> eindeutig das Servieren. Sie bereiten Ihre Beh\u00e4lter im Voraus vor, sparen Zeit im Ansturm und vermeiden ein \u00dcberlaufen oder unbeabsichtigtes Vermischen. Der<strong>Einsatz<\/strong> l\u00e4sst sich leicht handhaben, schnell im Becher positionieren und bleibt auch beim Transport sicher an Ort und Stelle.  <\/p>\n<p data-start=\"1318\" data-end=\"1640\">Es wird <strong data-start=\"1324\" data-end=\"1342\">im 100er-Pack<\/strong> verkauft und eignet sich hervorragend f\u00fcr professionelle Schnellrestaurants, Dessertbars, Veranstaltungen, Catering oder moderne Snackkonzepte. Es passt auch sehr gut zu einem gepflegten Pr\u00e4sentationskonzept, insbesondere bei Bowls, Aperitifs oder Take-away-Angeboten. <\/p>\n<p data-start=\"1642\" data-end=\"1838\">Kurz gesagt, dieser <strong>Kunststoffeinsatz<\/strong> macht aus einem einfachen Becher ein funktionaleres, saubereres und attraktiveres Beh\u00e4ltnis. Ein kleines Detail, das in der Kundenerfahrung einen gro\u00dfen Unterschied macht. <\/p>\n<p data-start=\"1642\" data-end=\"1838\">\n<\/div>\n<\/div>\n<\/div>\n<\/div>\n<\/div>\n<\/div>\n<\/div>\n<\/div>\n<\/div>\n<\/div>\n<p><!--more--><\/p>\n<h4 style=\"text-align: left;\"><strong>Vorteile :<\/strong><\/h4>\n<ul>\n<li data-start=\"1866\" data-end=\"1900\">Kompatibel mit Bechern <strong>\u00d895 mm.<\/strong><\/li>\n<li data-start=\"1903\" data-end=\"1954\">Erm\u00f6glicht die Trennung von Zutaten und Beilagen.<\/li>\n<li data-start=\"1957\" data-end=\"1995\">Klare und appetitanregende Pr\u00e4sentation.<\/li>\n<li data-start=\"1998\" data-end=\"2030\">Zeitersparnis beim Servieren.<\/li>\n<li data-start=\"2033\" data-end=\"2076\"><strong>100er-Pack<\/strong> f\u00fcr den professionellen Gebrauch geeignet.<\/li>\n<\/ul>\n<p>&nbsp;<\/p>\n<p><!--more--><\/p>\n<h4>Weitere Informationen :<\/h4>\n<ul>\n<li><strong>Verpackung<\/strong>: Packung mit 100 St\u00fcck<\/li>\n<li><strong>Durchmesser<\/strong>: 95 mm<\/li>\n<li><strong>H\u00f6he<\/strong>: 26 mm<\/li>\n<li><strong>Volumen<\/strong>: 120 ml<\/li>\n<\/ul>\n<div class=\"elementor elementor-175 elementor-location-footer\" data-elementor-type=\"footer\" data-elementor-id=\"175\" data-elementor-post-type=\"elementor_library\">\n<div class=\"elementor-element elementor-element-d413b54 e-flex e-con-boxed e-con e-parent e-lazyloaded\" data-id=\"d413b54\" data-element_type=\"container\">\n<div class=\"e-con-inner\">\n<div class=\"elementor-element elementor-element-9493a3c elementor-widget elementor-widget-shortcode\" data-id=\"9493a3c\" data-element_type=\"widget\" data-widget_type=\"shortcode.default\">\n<div class=\"elementor-widget-container\"><\/div>\n<\/div>\n<\/div>\n<\/div>\n<\/div>\n<p><!--more--><\/p>\n<h4>  Dieser Einsatz ist mit diesen Kunststofft\u00f6pfen kompatibel:<\/h4>\n<p><span style=\"color: #d12727;\"><a style=\"color: #d12727;\" href=\"https:\/\/www.csj-emballages.com\/produit\/50-pots-smoothie-diametre-95-mm-en-plastique-260-280-ml\/\">260\/280 ml<\/a><\/span><\/p>\n<p><span style=\"color: #d12727;\"><a style=\"color: #d12727;\" href=\"https:\/\/www.csj-emballages.com\/produit\/50-pots-smoothie-plastique-recycles-95-diametre-300-430-ml\/\">300\/430 ml<\/a><\/span><\/p>\n<p><span style=\"color: #d12727;\"><a style=\"color: #d12727;\" href=\"https:\/\/www.csj-emballages.com\/produit\/50-pots-smoothie-diam-95-rpet-400-550-ml\/\">400\/550 ml<\/a><\/span><\/p>\n<p><span style=\"color: #d12727;\"><a style=\"color: #d12727;\" href=\"https:\/\/www.csj-emballages.com\/produit\/50-pots-smoothie-recycles-95o-rpet-500-650-ml\/\">500\/650 ml<\/a><\/span><\/p>\n<p>&nbsp;<\/p>\n<p style=\"text-align: left;\"><!--more--><\/p>\n<p><a href=\"\/?product_cat=pots-smoothies-diametre-95mm\">Sehen Sie sich den Rest unseres Sortiments an Smoothie-T\u00f6pfen in \u00d895 mm an.<\/a><\/p>\n","protected":false},"excerpt":{"rendered":"<p>Kunststoffeinsatz Beschreibung unseres Plastikeinsatzes f\u00fcr Becher Durchmesser \u00d895 pro 100<\/p>\n","protected":false},"featured_media":193451,"template":"","meta":{"_acf_changed":false},"product_brand":[],"product_cat":[1137,1469,1793,2541,2547,1265],"product_tag":[],"class_list":{"0":"post-21743","1":"product","2":"type-product","3":"status-publish","4":"has-post-thumbnail","6":"product_cat-lebensmittelverpackungen","7":"product_cat-becher-glaser-eimer-flaschen","8":"product_cat-becher-fur-kalte-getranke","9":"product_cat-smoothie-becher","10":"product_cat-smoothie-glaser-durchmesser-95-mm","11":"product_cat-lagerbestande-promotion","13":"first","14":"instock","15":"sale","16":"taxable","17":"shipping-taxable","18":"purchasable","19":"product-type-simple"},"acf":[],"yoast_head":"<!-- This site is optimized with the Yoast SEO Premium plugin v26.6 (Yoast SEO v26.6) - https:\/\/yoast.com\/wordpress\/plugins\/seo\/ -->\n<title>Plastikeinsatz f\u00fcr Becher Durchmesser \u00d895 pro 100<\/title>\n<meta name=\"description\" content=\"Kunststoffeinsatz f\u00fcr Becher \u00d895 mm verkauft von 100. Ideal zum Trennen von Saucen, Toppings oder Zutaten und zur Verbesserung der Pr\u00e4sentation Ihrer Zubereitungen.\" \/>\n<meta name=\"robots\" content=\"index, follow, max-snippet:-1, max-image-preview:large, max-video-preview:-1\" \/>\n<link rel=\"canonical\" href=\"https:\/\/www.csj-emballages.com\/de\/produit\/100-kunststoffeinsaetze-fuer-durchmesser-o95\/\" \/>\n<meta property=\"og:locale\" content=\"de_DE\" \/>\n<meta property=\"og:type\" content=\"article\" \/>\n<meta property=\"og:title\" content=\"Plastikeinsatz f\u00fcr Becher Durchmesser \u00d895 pro 100\" \/>\n<meta property=\"og:description\" content=\"Kunststoffeinsatz f\u00fcr Becher \u00d895 mm verkauft von 100. Ideal zum Trennen von Saucen, Toppings oder Zutaten und zur Verbesserung der Pr\u00e4sentation Ihrer Zubereitungen.\" \/>\n<meta property=\"og:url\" content=\"https:\/\/www.csj-emballages.com\/de\/produit\/100-kunststoffeinsaetze-fuer-durchmesser-o95\/\" \/>\n<meta property=\"og:site_name\" content=\"CSJ Emballages\" \/>\n<meta property=\"article:publisher\" content=\"https:\/\/www.facebook.com\/csjemballages\" \/>\n<meta property=\"article:modified_time\" content=\"2026-04-21T00:14:17+00:00\" \/>\n<meta property=\"og:image\" content=\"https:\/\/www.csj-emballages.com\/wp-content\/uploads\/2024\/03\/Insert.webp\" \/>\n\t<meta property=\"og:image:width\" content=\"800\" \/>\n\t<meta property=\"og:image:height\" content=\"800\" \/>\n\t<meta property=\"og:image:type\" content=\"image\/webp\" \/>\n<meta name=\"twitter:card\" content=\"summary_large_image\" \/>\n<meta name=\"twitter:label1\" content=\"Gesch\u00e4tzte Lesezeit\" \/>\n\t<meta name=\"twitter:data1\" content=\"2 Minuten\" \/>\n<script type=\"application\/ld+json\" class=\"yoast-schema-graph\">{\"@context\":\"https:\/\/schema.org\",\"@graph\":[{\"@type\":\"WebPage\",\"@id\":\"https:\/\/www.csj-emballages.com\/de\/produit\/100-kunststoffeinsaetze-fuer-durchmesser-o95\/\",\"url\":\"https:\/\/www.csj-emballages.com\/de\/produit\/100-kunststoffeinsaetze-fuer-durchmesser-o95\/\",\"name\":\"Plastikeinsatz f\u00fcr Becher Durchmesser \u00d895 pro 100\",\"isPartOf\":{\"@id\":\"https:\/\/www.csj-emballages.com\/de\/#website\"},\"primaryImageOfPage\":{\"@id\":\"https:\/\/www.csj-emballages.com\/de\/produit\/100-kunststoffeinsaetze-fuer-durchmesser-o95\/#primaryimage\"},\"image\":{\"@id\":\"https:\/\/www.csj-emballages.com\/de\/produit\/100-kunststoffeinsaetze-fuer-durchmesser-o95\/#primaryimage\"},\"thumbnailUrl\":\"https:\/\/www.csj-emballages.com\/wp-content\/uploads\/2024\/03\/Insert.webp\",\"datePublished\":\"2024-03-01T15:52:04+00:00\",\"dateModified\":\"2026-04-21T00:14:17+00:00\",\"description\":\"Kunststoffeinsatz f\u00fcr Becher \u00d895 mm verkauft von 100. Ideal zum Trennen von Saucen, Toppings oder Zutaten und zur Verbesserung der Pr\u00e4sentation Ihrer Zubereitungen.\",\"breadcrumb\":{\"@id\":\"https:\/\/www.csj-emballages.com\/de\/produit\/100-kunststoffeinsaetze-fuer-durchmesser-o95\/#breadcrumb\"},\"inLanguage\":\"de\",\"potentialAction\":[{\"@type\":\"ReadAction\",\"target\":[\"https:\/\/www.csj-emballages.com\/de\/produit\/100-kunststoffeinsaetze-fuer-durchmesser-o95\/\"]}]},{\"@type\":\"ImageObject\",\"inLanguage\":\"de\",\"@id\":\"https:\/\/www.csj-emballages.com\/de\/produit\/100-kunststoffeinsaetze-fuer-durchmesser-o95\/#primaryimage\",\"url\":\"https:\/\/www.csj-emballages.com\/wp-content\/uploads\/2024\/03\/Insert.webp\",\"contentUrl\":\"https:\/\/www.csj-emballages.com\/wp-content\/uploads\/2024\/03\/Insert.webp\",\"width\":800,\"height\":800,\"caption\":\"Insert plastique\"},{\"@type\":\"BreadcrumbList\",\"@id\":\"https:\/\/www.csj-emballages.com\/de\/produit\/100-kunststoffeinsaetze-fuer-durchmesser-o95\/#breadcrumb\",\"itemListElement\":[{\"@type\":\"ListItem\",\"position\":1,\"name\":\"Accueil\",\"item\":\"https:\/\/www.csj-emballages.com\/de\/universum-lebensmittelverpackungen\/\"},{\"@type\":\"ListItem\",\"position\":2,\"name\":\"Shop\",\"item\":\"https:\/\/www.csj-emballages.com\/shop\/\"},{\"@type\":\"ListItem\",\"position\":3,\"name\":\"Plastikeinsatz f\u00fcr Becher Durchmesser \u00d895 pro 100\"}]},{\"@type\":\"WebSite\",\"@id\":\"https:\/\/www.csj-emballages.com\/de\/#website\",\"url\":\"https:\/\/www.csj-emballages.com\/de\/\",\"name\":\"CSJ Emballages\",\"description\":\"\",\"publisher\":{\"@id\":\"https:\/\/www.csj-emballages.com\/de\/#organization\"},\"potentialAction\":[{\"@type\":\"SearchAction\",\"target\":{\"@type\":\"EntryPoint\",\"urlTemplate\":\"https:\/\/www.csj-emballages.com\/de\/?s={search_term_string}\"},\"query-input\":{\"@type\":\"PropertyValueSpecification\",\"valueRequired\":true,\"valueName\":\"search_term_string\"}}],\"inLanguage\":\"de\"},{\"@type\":\"Organization\",\"@id\":\"https:\/\/www.csj-emballages.com\/de\/#Organization\/\",\"name\":\"CSJ Emballages\",\"url\":\"https:\/\/www.csj-emballages.com\/de\/\",\"logo\":{\"@type\":\"ImageObject\",\"inLanguage\":\"de\",\"@id\":\"https:\/\/www.csj-emballages.com\/de\/#\/schema\/logo\/image\/\",\"url\":\"https:\/\/www.csj-emballages.com\/wp-content\/uploads\/2023\/10\/logo_csj.webp\",\"contentUrl\":\"https:\/\/www.csj-emballages.com\/wp-content\/uploads\/2023\/10\/logo_csj.webp\",\"width\":250,\"height\":95,\"caption\":\"CSJ Emballages\"},\"image\":{\"@id\":\"https:\/\/www.csj-emballages.com\/de\/#\/schema\/logo\/image\/\"},\"sameAs\":[\"https:\/\/www.facebook.com\/csjemballages\"],\"address\":{\"@type\":\"PostalAddress\",\"streetAddress\":\"ZI La Lechere\",\"addressLocality\":\"Patornay\",\"postalCode\":\"39130\",\"addressCountry\":\"FR\"},\"contactPoint\":[{\"@type\":\"ContactPoint\",\"contactType\":\"Service client\",\"telephone\":\"0384254272\",\"email\":\"contact@csj-emballages.com\"}]}]}<\/script>\n<!-- \/ Yoast SEO Premium plugin. -->","yoast_head_json":{"title":"Plastikeinsatz f\u00fcr Becher Durchmesser \u00d895 pro 100","description":"Kunststoffeinsatz f\u00fcr Becher \u00d895 mm verkauft von 100. Ideal zum Trennen von Saucen, Toppings oder Zutaten und zur Verbesserung der Pr\u00e4sentation Ihrer Zubereitungen.","robots":{"index":"index","follow":"follow","max-snippet":"max-snippet:-1","max-image-preview":"max-image-preview:large","max-video-preview":"max-video-preview:-1"},"canonical":"https:\/\/www.csj-emballages.com\/de\/produit\/100-kunststoffeinsaetze-fuer-durchmesser-o95\/","og_locale":"de_DE","og_type":"article","og_title":"Plastikeinsatz f\u00fcr Becher Durchmesser \u00d895 pro 100","og_description":"Kunststoffeinsatz f\u00fcr Becher \u00d895 mm verkauft von 100. Ideal zum Trennen von Saucen, Toppings oder Zutaten und zur Verbesserung der Pr\u00e4sentation Ihrer Zubereitungen.","og_url":"https:\/\/www.csj-emballages.com\/de\/produit\/100-kunststoffeinsaetze-fuer-durchmesser-o95\/","og_site_name":"CSJ Emballages","article_publisher":"https:\/\/www.facebook.com\/csjemballages","article_modified_time":"2026-04-21T00:14:17+00:00","og_image":[{"width":800,"height":800,"url":"https:\/\/www.csj-emballages.com\/wp-content\/uploads\/2024\/03\/Insert.webp","type":"image\/webp"}],"twitter_card":"summary_large_image","twitter_misc":{"Gesch\u00e4tzte Lesezeit":"2 Minuten"},"schema":{"@context":"https:\/\/schema.org","@graph":[{"@type":"WebPage","@id":"https:\/\/www.csj-emballages.com\/de\/produit\/100-kunststoffeinsaetze-fuer-durchmesser-o95\/","url":"https:\/\/www.csj-emballages.com\/de\/produit\/100-kunststoffeinsaetze-fuer-durchmesser-o95\/","name":"Plastikeinsatz f\u00fcr Becher Durchmesser \u00d895 pro 100","isPartOf":{"@id":"https:\/\/www.csj-emballages.com\/de\/#website"},"primaryImageOfPage":{"@id":"https:\/\/www.csj-emballages.com\/de\/produit\/100-kunststoffeinsaetze-fuer-durchmesser-o95\/#primaryimage"},"image":{"@id":"https:\/\/www.csj-emballages.com\/de\/produit\/100-kunststoffeinsaetze-fuer-durchmesser-o95\/#primaryimage"},"thumbnailUrl":"https:\/\/www.csj-emballages.com\/wp-content\/uploads\/2024\/03\/Insert.webp","datePublished":"2024-03-01T15:52:04+00:00","dateModified":"2026-04-21T00:14:17+00:00","description":"Kunststoffeinsatz f\u00fcr Becher \u00d895 mm verkauft von 100. Ideal zum Trennen von Saucen, Toppings oder Zutaten und zur Verbesserung der Pr\u00e4sentation Ihrer Zubereitungen.","breadcrumb":{"@id":"https:\/\/www.csj-emballages.com\/de\/produit\/100-kunststoffeinsaetze-fuer-durchmesser-o95\/#breadcrumb"},"inLanguage":"de","potentialAction":[{"@type":"ReadAction","target":["https:\/\/www.csj-emballages.com\/de\/produit\/100-kunststoffeinsaetze-fuer-durchmesser-o95\/"]}]},{"@type":"ImageObject","inLanguage":"de","@id":"https:\/\/www.csj-emballages.com\/de\/produit\/100-kunststoffeinsaetze-fuer-durchmesser-o95\/#primaryimage","url":"https:\/\/www.csj-emballages.com\/wp-content\/uploads\/2024\/03\/Insert.webp","contentUrl":"https:\/\/www.csj-emballages.com\/wp-content\/uploads\/2024\/03\/Insert.webp","width":800,"height":800,"caption":"Insert plastique"},{"@type":"BreadcrumbList","@id":"https:\/\/www.csj-emballages.com\/de\/produit\/100-kunststoffeinsaetze-fuer-durchmesser-o95\/#breadcrumb","itemListElement":[{"@type":"ListItem","position":1,"name":"Accueil","item":"https:\/\/www.csj-emballages.com\/de\/universum-lebensmittelverpackungen\/"},{"@type":"ListItem","position":2,"name":"Shop","item":"https:\/\/www.csj-emballages.com\/shop\/"},{"@type":"ListItem","position":3,"name":"Plastikeinsatz f\u00fcr Becher Durchmesser \u00d895 pro 100"}]},{"@type":"WebSite","@id":"https:\/\/www.csj-emballages.com\/de\/#website","url":"https:\/\/www.csj-emballages.com\/de\/","name":"CSJ Emballages","description":"","publisher":{"@id":"https:\/\/www.csj-emballages.com\/de\/#organization"},"potentialAction":[{"@type":"SearchAction","target":{"@type":"EntryPoint","urlTemplate":"https:\/\/www.csj-emballages.com\/de\/?s={search_term_string}"},"query-input":{"@type":"PropertyValueSpecification","valueRequired":true,"valueName":"search_term_string"}}],"inLanguage":"de"},{"@type":"Organization","@id":"https:\/\/www.csj-emballages.com\/de\/#Organization\/","name":"CSJ Emballages","url":"https:\/\/www.csj-emballages.com\/de\/","logo":{"@type":"ImageObject","inLanguage":"de","@id":"https:\/\/www.csj-emballages.com\/de\/#\/schema\/logo\/image\/","url":"https:\/\/www.csj-emballages.com\/wp-content\/uploads\/2023\/10\/logo_csj.webp","contentUrl":"https:\/\/www.csj-emballages.com\/wp-content\/uploads\/2023\/10\/logo_csj.webp","width":250,"height":95,"caption":"CSJ Emballages"},"image":{"@id":"https:\/\/www.csj-emballages.com\/de\/#\/schema\/logo\/image\/"},"sameAs":["https:\/\/www.facebook.com\/csjemballages"],"address":{"@type":"PostalAddress","streetAddress":"ZI La Lechere","addressLocality":"Patornay","postalCode":"39130","addressCountry":"FR"},"contactPoint":[{"@type":"ContactPoint","contactType":"Service client","telephone":"0384254272","email":"contact@csj-emballages.com"}]}]}},"df_price":4.1,"df_sale_price":4.1,"df_regular_price":4.56,"df_image_link":"https:\/\/www.csj-emballages.com\/wp-content\/uploads\/2024\/03\/Insert-300x300.webp","tiered_pricing_type":"fixed","tiered_pricing_fixed_rules":[],"tiered_pricing_percentage_rules":[],"tiered_pricing_minimum":1,"tiered_pricing_roles_data":[],"_links":{"self":[{"href":"https:\/\/www.csj-emballages.com\/de\/wp-json\/wp\/v2\/product\/21743","targetHints":{"allow":["GET"]}}],"collection":[{"href":"https:\/\/www.csj-emballages.com\/de\/wp-json\/wp\/v2\/product"}],"about":[{"href":"https:\/\/www.csj-emballages.com\/de\/wp-json\/wp\/v2\/types\/product"}],"wp:featuredmedia":[{"embeddable":true,"href":"https:\/\/www.csj-emballages.com\/de\/wp-json\/wp\/v2\/media\/193451"}],"wp:attachment":[{"href":"https:\/\/www.csj-emballages.com\/de\/wp-json\/wp\/v2\/media?parent=21743"}],"wp:term":[{"taxonomy":"product_brand","embeddable":true,"href":"https:\/\/www.csj-emballages.com\/de\/wp-json\/wp\/v2\/product_brand?post=21743"},{"taxonomy":"product_cat","embeddable":true,"href":"https:\/\/www.csj-emballages.com\/de\/wp-json\/wp\/v2\/product_cat?post=21743"},{"taxonomy":"product_tag","embeddable":true,"href":"https:\/\/www.csj-emballages.com\/de\/wp-json\/wp\/v2\/product_tag?post=21743"}],"curies":[{"name":"wp","href":"https:\/\/api.w.org\/{rel}","templated":true}]}}