{"id":21742,"date":"2024-03-01T16:52:05","date_gmt":"2024-03-01T15:52:05","guid":{"rendered":"https:\/\/u15jnbdpoq.preview.infomaniak.website\/produit\/50-einweg-doppel-burgerboxen-aus-karton-150-x-150-x-70-mm\/"},"modified":"2026-04-23T02:13:46","modified_gmt":"2026-04-23T00:13:46","slug":"50-einweg-doppel-burgerboxen-aus-karton-150-x-150-x-70-mm","status":"publish","type":"product","link":"https:\/\/www.csj-emballages.com\/de\/produit\/50-einweg-doppel-burgerboxen-aus-karton-150-x-150-x-70-mm\/","title":{"rendered":"Burgerbox aus Karton 150 x 150 x 70 mm pro 50 St\u00fcck"},"content":{"rendered":"<h2>Burger-Box<\/h2>\n<div style=\"text-align: center;\">\n<hr>\n<h3 style=\"text-align: left;\">Beschreibung der Burgerschachtel aus Karton 150 x 150 x 70 mm pro 100 St\u00fcck<\/h3>\n<p style=\"text-align: left;\"><!--more--><\/p>\n<p style=\"text-align: left;\" data-start=\"175\" data-end=\"635\">Die <strong data-start=\"178\" data-end=\"225\">Burgerschachtel aus Karton 150 x 150 x 70 mm<\/strong> ist die perfekte Verpackung, um <strong>gro\u00dfz\u00fcgige Burger<\/strong> anzubieten und gleichzeitig eine hervorragende Pr\u00e4sentation zu gew\u00e4hrleisten. Sie wurde f\u00fcr Gastronomen entwickelt, die effizienter arbeiten und gleichzeitig ein gepflegtes Image bewahren m\u00f6chten, und bietet ein ideales Gleichgewicht zwischen Zweckm\u00e4\u00dfigkeit, Robustheit und \u00c4sthetik. Dank seines <strong>gro\u00dfen<\/strong> <strong data-start=\"518\" data-end=\"531\">Formats<\/strong> bietet er problemlos Platz f\u00fcr Gourmet-Burger, Doppelsteaks oder gr\u00f6\u00dfere hausgemachte Kreationen.  <\/p>\n<p style=\"text-align: left;\" data-start=\"637\" data-end=\"1017\">Zum einen sch\u00fctzt der <strong data-start=\"650\" data-end=\"679\">dicke, stabile Karton<\/strong> die Zubereitungen auch dann wirksam, wenn sie gut belegt sind. Au\u00dferdem ist das Material sehr <strong>hitzebest\u00e4ndig<\/strong>, so dass ein Burger w\u00e4hrend des Transports warm gehalten werden kann. Zweitens sorgt der <strong>integrierte Verschluss<\/strong> f\u00fcr einen sicheren Halt und verhindert ein versehentliches \u00d6ffnen w\u00e4hrend der Lieferung oder des Take-away-Verkaufs.  <\/p>\n<p style=\"text-align: left;\" data-start=\"1019\" data-end=\"1402\">Au\u00dferdem besteht die <strong data-start=\"178\" data-end=\"225\">Burgerbox<\/strong> <strong data-start=\"1043\" data-end=\"1077\">aus recycelbarem Karton<\/strong>, was sie zu einer umweltfreundlicheren L\u00f6sung macht. So k\u00f6nnen Gastronomen ihre Kunden von ihrem verantwortungsvollen Handeln \u00fcberzeugen. Das schlichte und nat\u00fcrliche Design der Burgerbox passt perfekt in jedes Ambiente: Streetfood, Foodtrucks, traditionelle Restaurants oder handwerklich hergestellte Fastfood-Restaurants.  <\/p>\n<p style=\"text-align: left;\" data-start=\"1404\" data-end=\"1612\">Und schlie\u00dflich sparst du dank der <strong data-start=\"1420\" data-end=\"1446\">50er-Packung<\/strong> Zeit und vereinfachst die Verwaltung deines Vorrats. Diese Menge ist ideal f\u00fcr Einrichtungen, die Sparsamkeit mit praktischer Alltagstauglichkeit verbinden wollen. <\/p>\n<p style=\"text-align: left;\" data-start=\"1614\" data-end=\"1763\">Zusammenfassend l\u00e4sst sich sagen, dass diese <strong data-start=\"178\" data-end=\"225\">Burger-Box<\/strong> alles richtig macht: Sie ist stabil, praktisch, umweltfreundlich und perfekt f\u00fcr den professionellen Einsatz in der Gastronomie geeignet.<\/p>\n<p style=\"text-align: left;\">\n<p style=\"text-align: left;\"><!--more--><\/p>\n<p style=\"text-align: left;\"><strong>Vorteile :<\/strong><\/p>\n<ul>\n<li style=\"text-align: left;\" data-start=\"1793\" data-end=\"1836\"><strong>Gro\u00dfz\u00fcgiges Format<\/strong> ideal f\u00fcr <strong>gro\u00dfz\u00fcgige<\/strong> Burger.<\/li>\n<li style=\"text-align: left;\" data-start=\"1839\" data-end=\"1887\">Stabiler <strong>Karton<\/strong>, der die W\u00e4rme gut h\u00e4lt.<\/li>\n<li style=\"text-align: left;\" data-start=\"1890\" data-end=\"1929\">Stabiler und praktischer <strong>integrierter Verschluss<\/strong>.<\/li>\n<li style=\"text-align: left;\" data-start=\"1932\" data-end=\"1985\">Geeignet sowohl f\u00fcr die Lieferung als auch f\u00fcr den Verkauf zum Mitnehmen.<\/li>\n<li style=\"text-align: left;\" data-start=\"1988\" data-end=\"2017\">Nat\u00fcrliches und anpassungsf\u00e4higes Design.<\/li>\n<li style=\"text-align: left;\" data-start=\"2020\" data-end=\"2073\"><strong>Recycelbares<\/strong>, umweltfreundliches <strong>Material<\/strong>.<\/li>\n<li style=\"text-align: left;\" data-start=\"2076\" data-end=\"2123\">Sparsame und praktische <strong>50er-Packung<\/strong>.<\/li>\n<\/ul>\n<\/div>\n<p>&nbsp;<\/p>\n<p><!--more--><\/p>\n<h4>Weitere Informationen :<\/h4>\n<ul>\n<li><strong>Verpackung<\/strong>: Packung mit 50 St\u00fcck<\/li>\n<li><strong>Abmessungen<\/strong>: 150 x 150 x 70 mm<\/li>\n<li><strong>Material<\/strong>: Karton<\/li>\n<li><strong>Art des Deckels<\/strong>: Scharnierdeckel<\/li>\n<\/ul>\n<p>&nbsp;<\/p>\n<p><!--more--><\/p>\n<p>Das Produkt ist in verschiedenen Gr\u00f6\u00dfen erh\u00e4ltlich:  <span style=\"color: #d12727;\"><a style=\"color: #d12727;\" href=\"https:\/\/www.csj-emballages.com\/es\/produit\/100-cajas-dobles-desechables-para-hamburguesas-120-x-130-x-70-mm\/\">HP1K<\/a><\/span> \/ <g id=\"gid_2\"><g id=\"gid_3\">HP2K<\/g><\/g> \/ <g id=\"gid_4\"><g id=\"gid_5\">HP3K<\/g><\/g> \/ <span style=\"color: #d12727;\"><a style=\"color: #d12727;\" href=\"https:\/\/www.csj-emballages.com\/de\/produit\/50-kartonschachteln-225-x-180-x-90-mm\/\">HP4K<\/a><\/span> \/ <span style=\"color: #d12727;\"><a style=\"color: #d12727;\" href=\"https:\/\/www.csj-emballages.com\/es\/produit\/100-cajas-de-carton-desechables-para-panini-208-x-70-x-75-mm\/\">HP5K<\/a><\/span> \/ <g id=\"gid_10\"><g id=\"gid_11\">HP6KH<\/g><\/g> \/ <span style=\"color: #d12727;\"><a style=\"color: #d12727;\" href=\"https:\/\/www.csj-emballages.com\/es\/produit\/100-cajas-dobles-desechables-para-hamburguesas-150-x-150-x-70-mm\/\">HP6K<\/a><\/span> \/        <span style=\"color: #d12727;\"><a style=\"color: #d12727;\" href=\"https:\/\/www.csj-emballages.com\/produit\/50-boites-doubles-burgers-xl-jetables-carton-170-x-170-x-80-mm\/\">HP6KXL<\/a> <span style=\"color: #000000;\">\/<\/span> <a style=\"color: #d12727;\" href=\"https:\/\/www.csj-emballages.com\/produit\/50-boite-carton-hot-dog-carton-kraft-23-2-x-9-x-6-3-cm-restauration-snack-emporter\/\">HP8K<\/a><\/span><\/p>\n<p>&nbsp;<\/p>\n<p><!--more--><\/p>\n<p><a href=\"https:\/\/www.csj-emballages.com\/de\/categorie-produit\/lebensmittelverpackungen\/restauration-de\/dosen-schalen-beutel-konen\/schalen-kartons\/kartonschachteln-fur-mahlzeiten\/\">Sehen Sie sich den Rest unseres Angebots an Burgerdosen an.<\/a><\/p>\n","protected":false},"excerpt":{"rendered":"<p>Burger-Box Beschreibung der Burgerschachtel aus Karton 150 x 150 x 70 mm pro 100 St\u00fcck<\/p>\n","protected":false},"featured_media":223876,"template":"","meta":{"_acf_changed":false},"product_brand":[],"product_cat":[1137,1134,2792,1265],"product_tag":[],"class_list":{"0":"post-21742","1":"product","2":"type-product","3":"status-publish","4":"has-post-thumbnail","6":"product_cat-lebensmittelverpackungen","7":"product_cat-restauration-de","8":"product_cat-kartonschachteln-fur-mahlzeiten","9":"product_cat-lagerbestande-promotion","11":"first","12":"instock","13":"sale","14":"taxable","15":"shipping-taxable","16":"purchasable","17":"product-type-simple"},"acf":[],"yoast_head":"<!-- This site is optimized with the Yoast SEO Premium plugin v26.6 (Yoast SEO v26.6) - https:\/\/yoast.com\/wordpress\/plugins\/seo\/ -->\n<title>Burger Box Karton 150 x 150 x 70 mm pro 50<\/title>\n<meta name=\"description\" content=\"Entdecken Sie unsere Burgerschachtel aus Karton 150 x 150 x 70 mm: widerstandsf\u00e4hig, praktisch und umweltfreundlich, perfekt f\u00fcr den Transport Ihrer Burger und Snacks.\" \/>\n<meta name=\"robots\" content=\"index, follow, max-snippet:-1, max-image-preview:large, max-video-preview:-1\" \/>\n<link rel=\"canonical\" href=\"https:\/\/www.csj-emballages.com\/de\/produit\/50-einweg-doppel-burgerboxen-aus-karton-150-x-150-x-70-mm\/\" \/>\n<meta property=\"og:locale\" content=\"de_DE\" \/>\n<meta property=\"og:type\" content=\"article\" \/>\n<meta property=\"og:title\" content=\"Burgerbox aus Karton 150 x 150 x 70 mm pro 50 St\u00fcck\" \/>\n<meta property=\"og:description\" content=\"Entdecken Sie unsere Burgerschachtel aus Karton 150 x 150 x 70 mm: widerstandsf\u00e4hig, praktisch und umweltfreundlich, perfekt f\u00fcr den Transport Ihrer Burger und Snacks.\" \/>\n<meta property=\"og:url\" content=\"https:\/\/www.csj-emballages.com\/de\/produit\/50-einweg-doppel-burgerboxen-aus-karton-150-x-150-x-70-mm\/\" \/>\n<meta property=\"og:site_name\" content=\"CSJ Emballages\" \/>\n<meta property=\"article:publisher\" content=\"https:\/\/www.facebook.com\/csjemballages\" \/>\n<meta property=\"article:modified_time\" content=\"2026-04-23T00:13:46+00:00\" \/>\n<meta property=\"og:image\" content=\"https:\/\/www.csj-emballages.com\/wp-content\/uploads\/2024\/03\/HP6KGEXL.webp\" \/>\n\t<meta property=\"og:image:width\" content=\"800\" \/>\n\t<meta property=\"og:image:height\" content=\"800\" \/>\n\t<meta property=\"og:image:type\" content=\"image\/webp\" \/>\n<meta name=\"twitter:card\" content=\"summary_large_image\" \/>\n<meta name=\"twitter:label1\" content=\"Gesch\u00e4tzte Lesezeit\" \/>\n\t<meta name=\"twitter:data1\" content=\"2 Minuten\" \/>\n<script type=\"application\/ld+json\" class=\"yoast-schema-graph\">{\"@context\":\"https:\/\/schema.org\",\"@graph\":[{\"@type\":\"WebPage\",\"@id\":\"https:\/\/www.csj-emballages.com\/de\/produit\/50-einweg-doppel-burgerboxen-aus-karton-150-x-150-x-70-mm\/\",\"url\":\"https:\/\/www.csj-emballages.com\/de\/produit\/50-einweg-doppel-burgerboxen-aus-karton-150-x-150-x-70-mm\/\",\"name\":\"Burger Box Karton 150 x 150 x 70 mm pro 50\",\"isPartOf\":{\"@id\":\"https:\/\/www.csj-emballages.com\/de\/#website\"},\"primaryImageOfPage\":{\"@id\":\"https:\/\/www.csj-emballages.com\/de\/produit\/50-einweg-doppel-burgerboxen-aus-karton-150-x-150-x-70-mm\/#primaryimage\"},\"image\":{\"@id\":\"https:\/\/www.csj-emballages.com\/de\/produit\/50-einweg-doppel-burgerboxen-aus-karton-150-x-150-x-70-mm\/#primaryimage\"},\"thumbnailUrl\":\"https:\/\/www.csj-emballages.com\/wp-content\/uploads\/2024\/03\/HP6KGEXL.webp\",\"datePublished\":\"2024-03-01T15:52:05+00:00\",\"dateModified\":\"2026-04-23T00:13:46+00:00\",\"description\":\"Entdecken Sie unsere Burgerschachtel aus Karton 150 x 150 x 70 mm: widerstandsf\u00e4hig, praktisch und umweltfreundlich, perfekt f\u00fcr den Transport Ihrer Burger und Snacks.\",\"breadcrumb\":{\"@id\":\"https:\/\/www.csj-emballages.com\/de\/produit\/50-einweg-doppel-burgerboxen-aus-karton-150-x-150-x-70-mm\/#breadcrumb\"},\"inLanguage\":\"de\",\"potentialAction\":[{\"@type\":\"ReadAction\",\"target\":[\"https:\/\/www.csj-emballages.com\/de\/produit\/50-einweg-doppel-burgerboxen-aus-karton-150-x-150-x-70-mm\/\"]}]},{\"@type\":\"ImageObject\",\"inLanguage\":\"de\",\"@id\":\"https:\/\/www.csj-emballages.com\/de\/produit\/50-einweg-doppel-burgerboxen-aus-karton-150-x-150-x-70-mm\/#primaryimage\",\"url\":\"https:\/\/www.csj-emballages.com\/wp-content\/uploads\/2024\/03\/HP6KGEXL.webp\",\"contentUrl\":\"https:\/\/www.csj-emballages.com\/wp-content\/uploads\/2024\/03\/HP6KGEXL.webp\",\"width\":800,\"height\":800,\"caption\":\"Boite burger\"},{\"@type\":\"BreadcrumbList\",\"@id\":\"https:\/\/www.csj-emballages.com\/de\/produit\/50-einweg-doppel-burgerboxen-aus-karton-150-x-150-x-70-mm\/#breadcrumb\",\"itemListElement\":[{\"@type\":\"ListItem\",\"position\":1,\"name\":\"Accueil\",\"item\":\"https:\/\/www.csj-emballages.com\/de\/universum-lebensmittelverpackungen\/\"},{\"@type\":\"ListItem\",\"position\":2,\"name\":\"Shop\",\"item\":\"https:\/\/www.csj-emballages.com\/shop\/\"},{\"@type\":\"ListItem\",\"position\":3,\"name\":\"Burgerbox aus Karton 150 x 150 x 70 mm pro 50 St\u00fcck\"}]},{\"@type\":\"WebSite\",\"@id\":\"https:\/\/www.csj-emballages.com\/de\/#website\",\"url\":\"https:\/\/www.csj-emballages.com\/de\/\",\"name\":\"CSJ Emballages\",\"description\":\"\",\"publisher\":{\"@id\":\"https:\/\/www.csj-emballages.com\/de\/#organization\"},\"potentialAction\":[{\"@type\":\"SearchAction\",\"target\":{\"@type\":\"EntryPoint\",\"urlTemplate\":\"https:\/\/www.csj-emballages.com\/de\/?s={search_term_string}\"},\"query-input\":{\"@type\":\"PropertyValueSpecification\",\"valueRequired\":true,\"valueName\":\"search_term_string\"}}],\"inLanguage\":\"de\"},{\"@type\":\"Organization\",\"@id\":\"https:\/\/www.csj-emballages.com\/de\/#Organization\/\",\"name\":\"CSJ Emballages\",\"url\":\"https:\/\/www.csj-emballages.com\/de\/\",\"logo\":{\"@type\":\"ImageObject\",\"inLanguage\":\"de\",\"@id\":\"https:\/\/www.csj-emballages.com\/de\/#\/schema\/logo\/image\/\",\"url\":\"https:\/\/www.csj-emballages.com\/wp-content\/uploads\/2023\/10\/logo_csj.webp\",\"contentUrl\":\"https:\/\/www.csj-emballages.com\/wp-content\/uploads\/2023\/10\/logo_csj.webp\",\"width\":250,\"height\":95,\"caption\":\"CSJ Emballages\"},\"image\":{\"@id\":\"https:\/\/www.csj-emballages.com\/de\/#\/schema\/logo\/image\/\"},\"sameAs\":[\"https:\/\/www.facebook.com\/csjemballages\"],\"address\":{\"@type\":\"PostalAddress\",\"streetAddress\":\"ZI La Lechere\",\"addressLocality\":\"Patornay\",\"postalCode\":\"39130\",\"addressCountry\":\"FR\"},\"contactPoint\":[{\"@type\":\"ContactPoint\",\"contactType\":\"Service client\",\"telephone\":\"0384254272\",\"email\":\"contact@csj-emballages.com\"}]}]}<\/script>\n<!-- \/ Yoast SEO Premium plugin. -->","yoast_head_json":{"title":"Burger Box Karton 150 x 150 x 70 mm pro 50","description":"Entdecken Sie unsere Burgerschachtel aus Karton 150 x 150 x 70 mm: widerstandsf\u00e4hig, praktisch und umweltfreundlich, perfekt f\u00fcr den Transport Ihrer Burger und Snacks.","robots":{"index":"index","follow":"follow","max-snippet":"max-snippet:-1","max-image-preview":"max-image-preview:large","max-video-preview":"max-video-preview:-1"},"canonical":"https:\/\/www.csj-emballages.com\/de\/produit\/50-einweg-doppel-burgerboxen-aus-karton-150-x-150-x-70-mm\/","og_locale":"de_DE","og_type":"article","og_title":"Burgerbox aus Karton 150 x 150 x 70 mm pro 50 St\u00fcck","og_description":"Entdecken Sie unsere Burgerschachtel aus Karton 150 x 150 x 70 mm: widerstandsf\u00e4hig, praktisch und umweltfreundlich, perfekt f\u00fcr den Transport Ihrer Burger und Snacks.","og_url":"https:\/\/www.csj-emballages.com\/de\/produit\/50-einweg-doppel-burgerboxen-aus-karton-150-x-150-x-70-mm\/","og_site_name":"CSJ Emballages","article_publisher":"https:\/\/www.facebook.com\/csjemballages","article_modified_time":"2026-04-23T00:13:46+00:00","og_image":[{"width":800,"height":800,"url":"https:\/\/www.csj-emballages.com\/wp-content\/uploads\/2024\/03\/HP6KGEXL.webp","type":"image\/webp"}],"twitter_card":"summary_large_image","twitter_misc":{"Gesch\u00e4tzte Lesezeit":"2 Minuten"},"schema":{"@context":"https:\/\/schema.org","@graph":[{"@type":"WebPage","@id":"https:\/\/www.csj-emballages.com\/de\/produit\/50-einweg-doppel-burgerboxen-aus-karton-150-x-150-x-70-mm\/","url":"https:\/\/www.csj-emballages.com\/de\/produit\/50-einweg-doppel-burgerboxen-aus-karton-150-x-150-x-70-mm\/","name":"Burger Box Karton 150 x 150 x 70 mm pro 50","isPartOf":{"@id":"https:\/\/www.csj-emballages.com\/de\/#website"},"primaryImageOfPage":{"@id":"https:\/\/www.csj-emballages.com\/de\/produit\/50-einweg-doppel-burgerboxen-aus-karton-150-x-150-x-70-mm\/#primaryimage"},"image":{"@id":"https:\/\/www.csj-emballages.com\/de\/produit\/50-einweg-doppel-burgerboxen-aus-karton-150-x-150-x-70-mm\/#primaryimage"},"thumbnailUrl":"https:\/\/www.csj-emballages.com\/wp-content\/uploads\/2024\/03\/HP6KGEXL.webp","datePublished":"2024-03-01T15:52:05+00:00","dateModified":"2026-04-23T00:13:46+00:00","description":"Entdecken Sie unsere Burgerschachtel aus Karton 150 x 150 x 70 mm: widerstandsf\u00e4hig, praktisch und umweltfreundlich, perfekt f\u00fcr den Transport Ihrer Burger und Snacks.","breadcrumb":{"@id":"https:\/\/www.csj-emballages.com\/de\/produit\/50-einweg-doppel-burgerboxen-aus-karton-150-x-150-x-70-mm\/#breadcrumb"},"inLanguage":"de","potentialAction":[{"@type":"ReadAction","target":["https:\/\/www.csj-emballages.com\/de\/produit\/50-einweg-doppel-burgerboxen-aus-karton-150-x-150-x-70-mm\/"]}]},{"@type":"ImageObject","inLanguage":"de","@id":"https:\/\/www.csj-emballages.com\/de\/produit\/50-einweg-doppel-burgerboxen-aus-karton-150-x-150-x-70-mm\/#primaryimage","url":"https:\/\/www.csj-emballages.com\/wp-content\/uploads\/2024\/03\/HP6KGEXL.webp","contentUrl":"https:\/\/www.csj-emballages.com\/wp-content\/uploads\/2024\/03\/HP6KGEXL.webp","width":800,"height":800,"caption":"Boite burger"},{"@type":"BreadcrumbList","@id":"https:\/\/www.csj-emballages.com\/de\/produit\/50-einweg-doppel-burgerboxen-aus-karton-150-x-150-x-70-mm\/#breadcrumb","itemListElement":[{"@type":"ListItem","position":1,"name":"Accueil","item":"https:\/\/www.csj-emballages.com\/de\/universum-lebensmittelverpackungen\/"},{"@type":"ListItem","position":2,"name":"Shop","item":"https:\/\/www.csj-emballages.com\/shop\/"},{"@type":"ListItem","position":3,"name":"Burgerbox aus Karton 150 x 150 x 70 mm pro 50 St\u00fcck"}]},{"@type":"WebSite","@id":"https:\/\/www.csj-emballages.com\/de\/#website","url":"https:\/\/www.csj-emballages.com\/de\/","name":"CSJ Emballages","description":"","publisher":{"@id":"https:\/\/www.csj-emballages.com\/de\/#organization"},"potentialAction":[{"@type":"SearchAction","target":{"@type":"EntryPoint","urlTemplate":"https:\/\/www.csj-emballages.com\/de\/?s={search_term_string}"},"query-input":{"@type":"PropertyValueSpecification","valueRequired":true,"valueName":"search_term_string"}}],"inLanguage":"de"},{"@type":"Organization","@id":"https:\/\/www.csj-emballages.com\/de\/#Organization\/","name":"CSJ Emballages","url":"https:\/\/www.csj-emballages.com\/de\/","logo":{"@type":"ImageObject","inLanguage":"de","@id":"https:\/\/www.csj-emballages.com\/de\/#\/schema\/logo\/image\/","url":"https:\/\/www.csj-emballages.com\/wp-content\/uploads\/2023\/10\/logo_csj.webp","contentUrl":"https:\/\/www.csj-emballages.com\/wp-content\/uploads\/2023\/10\/logo_csj.webp","width":250,"height":95,"caption":"CSJ Emballages"},"image":{"@id":"https:\/\/www.csj-emballages.com\/de\/#\/schema\/logo\/image\/"},"sameAs":["https:\/\/www.facebook.com\/csjemballages"],"address":{"@type":"PostalAddress","streetAddress":"ZI La Lechere","addressLocality":"Patornay","postalCode":"39130","addressCountry":"FR"},"contactPoint":[{"@type":"ContactPoint","contactType":"Service client","telephone":"0384254272","email":"contact@csj-emballages.com"}]}]}},"df_price":7.21,"df_sale_price":7.21,"df_regular_price":8.48,"df_image_link":"https:\/\/www.csj-emballages.com\/wp-content\/uploads\/2024\/03\/HP6KGEXL-300x300.webp","tiered_pricing_type":"fixed","tiered_pricing_fixed_rules":[],"tiered_pricing_percentage_rules":[],"tiered_pricing_minimum":1,"tiered_pricing_roles_data":[],"_links":{"self":[{"href":"https:\/\/www.csj-emballages.com\/de\/wp-json\/wp\/v2\/product\/21742","targetHints":{"allow":["GET"]}}],"collection":[{"href":"https:\/\/www.csj-emballages.com\/de\/wp-json\/wp\/v2\/product"}],"about":[{"href":"https:\/\/www.csj-emballages.com\/de\/wp-json\/wp\/v2\/types\/product"}],"wp:featuredmedia":[{"embeddable":true,"href":"https:\/\/www.csj-emballages.com\/de\/wp-json\/wp\/v2\/media\/223876"}],"wp:attachment":[{"href":"https:\/\/www.csj-emballages.com\/de\/wp-json\/wp\/v2\/media?parent=21742"}],"wp:term":[{"taxonomy":"product_brand","embeddable":true,"href":"https:\/\/www.csj-emballages.com\/de\/wp-json\/wp\/v2\/product_brand?post=21742"},{"taxonomy":"product_cat","embeddable":true,"href":"https:\/\/www.csj-emballages.com\/de\/wp-json\/wp\/v2\/product_cat?post=21742"},{"taxonomy":"product_tag","embeddable":true,"href":"https:\/\/www.csj-emballages.com\/de\/wp-json\/wp\/v2\/product_tag?post=21742"}],"curies":[{"name":"wp","href":"https:\/\/api.w.org\/{rel}","templated":true}]}}