{"id":21728,"date":"2024-03-01T16:52:04","date_gmt":"2024-03-01T15:52:04","guid":{"rendered":"https:\/\/u15jnbdpoq.preview.infomaniak.website\/produit\/t-foermige-silikonfuge-fuer-maschine-bp30\/"},"modified":"2026-04-01T02:15:57","modified_gmt":"2026-04-01T00:15:57","slug":"t-foermige-silikonfuge-fuer-maschine-bp30","status":"publish","type":"product","link":"https:\/\/www.csj-emballages.com\/de\/produit\/t-foermige-silikonfuge-fuer-maschine-bp30\/","title":{"rendered":"T-f\u00f6rmige Silikonfuge f\u00fcr Maschine BP30"},"content":{"rendered":"<p><span>1 Meter T-SILIKON-DICHTUNG F\u00dcR MASCHINE BP30<\/span><\/p>\n","protected":false},"excerpt":{"rendered":"<p>1 Meter T-SILIKON-DICHTUNG F\u00dcR MASCHINE BP30<\/p>\n","protected":false},"featured_media":8223,"template":"","meta":{"_acf_changed":false},"product_brand":[],"product_cat":[1170,1513,2240,2241],"product_tag":[],"class_list":{"0":"post-21728","1":"product","2":"type-product","3":"status-publish","4":"has-post-thumbnail","6":"product_cat-metzgerei-und-feinkostgeschaft","7":"product_cat-schalen-dosen-glaser-fur-lebensmittel","8":"product_cat-siegelbare-schalen-alphacel","9":"product_cat-siegelmaschinen","11":"first","12":"instock","13":"taxable","14":"shipping-taxable","15":"purchasable","16":"product-type-simple"},"acf":[],"yoast_head":"<!-- This site is optimized with the Yoast SEO Premium plugin v26.6 (Yoast SEO v26.6) - https:\/\/yoast.com\/wordpress\/plugins\/seo\/ -->\n<title>Siegelmaschine BP30 \/ csj-emballages.com<\/title>\n<meta name=\"description\" content=\"Kaufen Sie dieses Ger\u00e4t zum einfachen Versiegeln von Schalen, entscheiden Sie sich f\u00fcr ein hochwertiges Ger\u00e4t zu einem g\u00fcnstigen Preis.\" \/>\n<meta name=\"robots\" content=\"index, follow, max-snippet:-1, max-image-preview:large, max-video-preview:-1\" \/>\n<link rel=\"canonical\" href=\"https:\/\/www.csj-emballages.com\/de\/produit\/t-foermige-silikonfuge-fuer-maschine-bp30\/\" \/>\n<meta property=\"og:locale\" content=\"de_DE\" \/>\n<meta property=\"og:type\" content=\"article\" \/>\n<meta property=\"og:title\" content=\"T-f\u00f6rmige Silikonfuge f\u00fcr Maschine BP30\" \/>\n<meta property=\"og:description\" content=\"Kaufen Sie dieses Ger\u00e4t zum einfachen Versiegeln von Schalen, entscheiden Sie sich f\u00fcr ein hochwertiges Ger\u00e4t zu einem g\u00fcnstigen Preis.\" \/>\n<meta property=\"og:url\" content=\"https:\/\/www.csj-emballages.com\/de\/produit\/t-foermige-silikonfuge-fuer-maschine-bp30\/\" \/>\n<meta property=\"og:site_name\" content=\"CSJ Emballages\" \/>\n<meta property=\"article:publisher\" content=\"https:\/\/www.facebook.com\/csjemballages\" \/>\n<meta property=\"article:modified_time\" content=\"2026-04-01T00:15:57+00:00\" \/>\n<meta property=\"og:image\" content=\"https:\/\/www.csj-emballages.com\/wp-content\/uploads\/2024\/03\/joint-machine-bp30-grossiste-csj-emballages-zoom-jpg.webp\" \/>\n\t<meta property=\"og:image:width\" content=\"500\" \/>\n\t<meta property=\"og:image:height\" content=\"500\" \/>\n\t<meta property=\"og:image:type\" content=\"image\/jpeg\" \/>\n<meta name=\"twitter:card\" content=\"summary_large_image\" \/>\n<script type=\"application\/ld+json\" class=\"yoast-schema-graph\">{\"@context\":\"https:\/\/schema.org\",\"@graph\":[{\"@type\":\"WebPage\",\"@id\":\"https:\/\/www.csj-emballages.com\/de\/produit\/t-foermige-silikonfuge-fuer-maschine-bp30\/\",\"url\":\"https:\/\/www.csj-emballages.com\/de\/produit\/t-foermige-silikonfuge-fuer-maschine-bp30\/\",\"name\":\"Siegelmaschine BP30 \/ csj-emballages.com\",\"isPartOf\":{\"@id\":\"https:\/\/www.csj-emballages.com\/de\/#website\"},\"primaryImageOfPage\":{\"@id\":\"https:\/\/www.csj-emballages.com\/de\/produit\/t-foermige-silikonfuge-fuer-maschine-bp30\/#primaryimage\"},\"image\":{\"@id\":\"https:\/\/www.csj-emballages.com\/de\/produit\/t-foermige-silikonfuge-fuer-maschine-bp30\/#primaryimage\"},\"thumbnailUrl\":\"https:\/\/www.csj-emballages.com\/wp-content\/uploads\/2024\/03\/joint-machine-bp30-grossiste-csj-emballages-zoom-jpg.webp\",\"datePublished\":\"2024-03-01T15:52:04+00:00\",\"dateModified\":\"2026-04-01T00:15:57+00:00\",\"description\":\"Kaufen Sie dieses Ger\u00e4t zum einfachen Versiegeln von Schalen, entscheiden Sie sich f\u00fcr ein hochwertiges Ger\u00e4t zu einem g\u00fcnstigen Preis.\",\"breadcrumb\":{\"@id\":\"https:\/\/www.csj-emballages.com\/de\/produit\/t-foermige-silikonfuge-fuer-maschine-bp30\/#breadcrumb\"},\"inLanguage\":\"de\",\"potentialAction\":[{\"@type\":\"ReadAction\",\"target\":[\"https:\/\/www.csj-emballages.com\/de\/produit\/t-foermige-silikonfuge-fuer-maschine-bp30\/\"]}]},{\"@type\":\"ImageObject\",\"inLanguage\":\"de\",\"@id\":\"https:\/\/www.csj-emballages.com\/de\/produit\/t-foermige-silikonfuge-fuer-maschine-bp30\/#primaryimage\",\"url\":\"https:\/\/www.csj-emballages.com\/wp-content\/uploads\/2024\/03\/joint-machine-bp30-grossiste-csj-emballages-zoom-jpg.webp\",\"contentUrl\":\"https:\/\/www.csj-emballages.com\/wp-content\/uploads\/2024\/03\/joint-machine-bp30-grossiste-csj-emballages-zoom-jpg.webp\",\"width\":500,\"height\":500},{\"@type\":\"BreadcrumbList\",\"@id\":\"https:\/\/www.csj-emballages.com\/de\/produit\/t-foermige-silikonfuge-fuer-maschine-bp30\/#breadcrumb\",\"itemListElement\":[{\"@type\":\"ListItem\",\"position\":1,\"name\":\"Accueil\",\"item\":\"https:\/\/www.csj-emballages.com\/de\/universum-lebensmittelverpackungen\/\"},{\"@type\":\"ListItem\",\"position\":2,\"name\":\"Shop\",\"item\":\"https:\/\/www.csj-emballages.com\/shop\/\"},{\"@type\":\"ListItem\",\"position\":3,\"name\":\"T-f\u00f6rmige Silikonfuge f\u00fcr Maschine BP30\"}]},{\"@type\":\"WebSite\",\"@id\":\"https:\/\/www.csj-emballages.com\/de\/#website\",\"url\":\"https:\/\/www.csj-emballages.com\/de\/\",\"name\":\"CSJ Emballages\",\"description\":\"\",\"publisher\":{\"@id\":\"https:\/\/www.csj-emballages.com\/de\/#organization\"},\"potentialAction\":[{\"@type\":\"SearchAction\",\"target\":{\"@type\":\"EntryPoint\",\"urlTemplate\":\"https:\/\/www.csj-emballages.com\/de\/?s={search_term_string}\"},\"query-input\":{\"@type\":\"PropertyValueSpecification\",\"valueRequired\":true,\"valueName\":\"search_term_string\"}}],\"inLanguage\":\"de\"},{\"@type\":\"Organization\",\"@id\":\"https:\/\/www.csj-emballages.com\/de\/#Organization\/\",\"name\":\"CSJ Emballages\",\"url\":\"https:\/\/www.csj-emballages.com\/de\/\",\"logo\":{\"@type\":\"ImageObject\",\"inLanguage\":\"de\",\"@id\":\"https:\/\/www.csj-emballages.com\/de\/#\/schema\/logo\/image\/\",\"url\":\"https:\/\/www.csj-emballages.com\/wp-content\/uploads\/2023\/10\/logo_csj.webp\",\"contentUrl\":\"https:\/\/www.csj-emballages.com\/wp-content\/uploads\/2023\/10\/logo_csj.webp\",\"width\":250,\"height\":95,\"caption\":\"CSJ Emballages\"},\"image\":{\"@id\":\"https:\/\/www.csj-emballages.com\/de\/#\/schema\/logo\/image\/\"},\"sameAs\":[\"https:\/\/www.facebook.com\/csjemballages\"],\"address\":{\"@type\":\"PostalAddress\",\"streetAddress\":\"ZI La Lechere\",\"addressLocality\":\"Patornay\",\"postalCode\":\"39130\",\"addressCountry\":\"FR\"},\"contactPoint\":[{\"@type\":\"ContactPoint\",\"contactType\":\"Service client\",\"telephone\":\"0384254272\",\"email\":\"contact@csj-emballages.com\"}]}]}<\/script>\n<!-- \/ Yoast SEO Premium plugin. -->","yoast_head_json":{"title":"Siegelmaschine BP30 \/ csj-emballages.com","description":"Kaufen Sie dieses Ger\u00e4t zum einfachen Versiegeln von Schalen, entscheiden Sie sich f\u00fcr ein hochwertiges Ger\u00e4t zu einem g\u00fcnstigen Preis.","robots":{"index":"index","follow":"follow","max-snippet":"max-snippet:-1","max-image-preview":"max-image-preview:large","max-video-preview":"max-video-preview:-1"},"canonical":"https:\/\/www.csj-emballages.com\/de\/produit\/t-foermige-silikonfuge-fuer-maschine-bp30\/","og_locale":"de_DE","og_type":"article","og_title":"T-f\u00f6rmige Silikonfuge f\u00fcr Maschine BP30","og_description":"Kaufen Sie dieses Ger\u00e4t zum einfachen Versiegeln von Schalen, entscheiden Sie sich f\u00fcr ein hochwertiges Ger\u00e4t zu einem g\u00fcnstigen Preis.","og_url":"https:\/\/www.csj-emballages.com\/de\/produit\/t-foermige-silikonfuge-fuer-maschine-bp30\/","og_site_name":"CSJ Emballages","article_publisher":"https:\/\/www.facebook.com\/csjemballages","article_modified_time":"2026-04-01T00:15:57+00:00","og_image":[{"width":500,"height":500,"url":"https:\/\/www.csj-emballages.com\/wp-content\/uploads\/2024\/03\/joint-machine-bp30-grossiste-csj-emballages-zoom-jpg.webp","type":"image\/jpeg"}],"twitter_card":"summary_large_image","schema":{"@context":"https:\/\/schema.org","@graph":[{"@type":"WebPage","@id":"https:\/\/www.csj-emballages.com\/de\/produit\/t-foermige-silikonfuge-fuer-maschine-bp30\/","url":"https:\/\/www.csj-emballages.com\/de\/produit\/t-foermige-silikonfuge-fuer-maschine-bp30\/","name":"Siegelmaschine BP30 \/ csj-emballages.com","isPartOf":{"@id":"https:\/\/www.csj-emballages.com\/de\/#website"},"primaryImageOfPage":{"@id":"https:\/\/www.csj-emballages.com\/de\/produit\/t-foermige-silikonfuge-fuer-maschine-bp30\/#primaryimage"},"image":{"@id":"https:\/\/www.csj-emballages.com\/de\/produit\/t-foermige-silikonfuge-fuer-maschine-bp30\/#primaryimage"},"thumbnailUrl":"https:\/\/www.csj-emballages.com\/wp-content\/uploads\/2024\/03\/joint-machine-bp30-grossiste-csj-emballages-zoom-jpg.webp","datePublished":"2024-03-01T15:52:04+00:00","dateModified":"2026-04-01T00:15:57+00:00","description":"Kaufen Sie dieses Ger\u00e4t zum einfachen Versiegeln von Schalen, entscheiden Sie sich f\u00fcr ein hochwertiges Ger\u00e4t zu einem g\u00fcnstigen Preis.","breadcrumb":{"@id":"https:\/\/www.csj-emballages.com\/de\/produit\/t-foermige-silikonfuge-fuer-maschine-bp30\/#breadcrumb"},"inLanguage":"de","potentialAction":[{"@type":"ReadAction","target":["https:\/\/www.csj-emballages.com\/de\/produit\/t-foermige-silikonfuge-fuer-maschine-bp30\/"]}]},{"@type":"ImageObject","inLanguage":"de","@id":"https:\/\/www.csj-emballages.com\/de\/produit\/t-foermige-silikonfuge-fuer-maschine-bp30\/#primaryimage","url":"https:\/\/www.csj-emballages.com\/wp-content\/uploads\/2024\/03\/joint-machine-bp30-grossiste-csj-emballages-zoom-jpg.webp","contentUrl":"https:\/\/www.csj-emballages.com\/wp-content\/uploads\/2024\/03\/joint-machine-bp30-grossiste-csj-emballages-zoom-jpg.webp","width":500,"height":500},{"@type":"BreadcrumbList","@id":"https:\/\/www.csj-emballages.com\/de\/produit\/t-foermige-silikonfuge-fuer-maschine-bp30\/#breadcrumb","itemListElement":[{"@type":"ListItem","position":1,"name":"Accueil","item":"https:\/\/www.csj-emballages.com\/de\/universum-lebensmittelverpackungen\/"},{"@type":"ListItem","position":2,"name":"Shop","item":"https:\/\/www.csj-emballages.com\/shop\/"},{"@type":"ListItem","position":3,"name":"T-f\u00f6rmige Silikonfuge f\u00fcr Maschine BP30"}]},{"@type":"WebSite","@id":"https:\/\/www.csj-emballages.com\/de\/#website","url":"https:\/\/www.csj-emballages.com\/de\/","name":"CSJ Emballages","description":"","publisher":{"@id":"https:\/\/www.csj-emballages.com\/de\/#organization"},"potentialAction":[{"@type":"SearchAction","target":{"@type":"EntryPoint","urlTemplate":"https:\/\/www.csj-emballages.com\/de\/?s={search_term_string}"},"query-input":{"@type":"PropertyValueSpecification","valueRequired":true,"valueName":"search_term_string"}}],"inLanguage":"de"},{"@type":"Organization","@id":"https:\/\/www.csj-emballages.com\/de\/#Organization\/","name":"CSJ Emballages","url":"https:\/\/www.csj-emballages.com\/de\/","logo":{"@type":"ImageObject","inLanguage":"de","@id":"https:\/\/www.csj-emballages.com\/de\/#\/schema\/logo\/image\/","url":"https:\/\/www.csj-emballages.com\/wp-content\/uploads\/2023\/10\/logo_csj.webp","contentUrl":"https:\/\/www.csj-emballages.com\/wp-content\/uploads\/2023\/10\/logo_csj.webp","width":250,"height":95,"caption":"CSJ Emballages"},"image":{"@id":"https:\/\/www.csj-emballages.com\/de\/#\/schema\/logo\/image\/"},"sameAs":["https:\/\/www.facebook.com\/csjemballages"],"address":{"@type":"PostalAddress","streetAddress":"ZI La Lechere","addressLocality":"Patornay","postalCode":"39130","addressCountry":"FR"},"contactPoint":[{"@type":"ContactPoint","contactType":"Service client","telephone":"0384254272","email":"contact@csj-emballages.com"}]}]}},"df_price":14.92,"df_sale_price":"","df_regular_price":14.92,"df_image_link":"https:\/\/www.csj-emballages.com\/wp-content\/uploads\/2024\/03\/joint-machine-bp30-grossiste-csj-emballages-zoom-300x300.webp","tiered_pricing_type":"fixed","tiered_pricing_fixed_rules":[],"tiered_pricing_percentage_rules":[],"tiered_pricing_minimum":1,"tiered_pricing_roles_data":[],"_links":{"self":[{"href":"https:\/\/www.csj-emballages.com\/de\/wp-json\/wp\/v2\/product\/21728","targetHints":{"allow":["GET"]}}],"collection":[{"href":"https:\/\/www.csj-emballages.com\/de\/wp-json\/wp\/v2\/product"}],"about":[{"href":"https:\/\/www.csj-emballages.com\/de\/wp-json\/wp\/v2\/types\/product"}],"wp:featuredmedia":[{"embeddable":true,"href":"https:\/\/www.csj-emballages.com\/de\/wp-json\/wp\/v2\/media\/8223"}],"wp:attachment":[{"href":"https:\/\/www.csj-emballages.com\/de\/wp-json\/wp\/v2\/media?parent=21728"}],"wp:term":[{"taxonomy":"product_brand","embeddable":true,"href":"https:\/\/www.csj-emballages.com\/de\/wp-json\/wp\/v2\/product_brand?post=21728"},{"taxonomy":"product_cat","embeddable":true,"href":"https:\/\/www.csj-emballages.com\/de\/wp-json\/wp\/v2\/product_cat?post=21728"},{"taxonomy":"product_tag","embeddable":true,"href":"https:\/\/www.csj-emballages.com\/de\/wp-json\/wp\/v2\/product_tag?post=21728"}],"curies":[{"name":"wp","href":"https:\/\/api.w.org\/{rel}","templated":true}]}}