{"id":21708,"date":"2024-03-01T16:52:05","date_gmt":"2024-03-01T15:52:05","guid":{"rendered":"https:\/\/u15jnbdpoq.preview.infomaniak.website\/produit\/50-burgerdosen-aus-biologisch-abbaubarer-bagasse-155-x-160-x-80-mm\/"},"modified":"2026-04-11T02:13:34","modified_gmt":"2026-04-11T00:13:34","slug":"50-burgerdosen-aus-biologisch-abbaubarer-bagasse-155-x-160-x-80-mm","status":"publish","type":"product","link":"https:\/\/www.csj-emballages.com\/de\/produit\/50-burgerdosen-aus-biologisch-abbaubarer-bagasse-155-x-160-x-80-mm\/","title":{"rendered":"Biologisch abbaubare Bagasse Burger Box 155 x 160 x 80 mm pro 50"},"content":{"rendered":"<h2>Burger-Box<\/h2>\n<hr>\n<h3>Beschreibung unserer Burgerbox Bagasse biologisch abbaubar 150 x 150 x 40\/80 mm pro 50 St\u00fcck<\/h3>\n<p><!--more--><\/p>\n<p data-start=\"221\" data-end=\"679\">Sie suchen eine praktische, widerstandsf\u00e4hige und gleichzeitig umweltfreundliche Verpackung f\u00fcr Ihre Burger? Dann ist diese <strong data-start=\"357\" data-end=\"384\">Burgerbox aus Bagasse<\/strong> genau das Richtige f\u00fcr Sie. Sie wird aus <strong>Zuckerrohrresten<\/strong> hergestellt, ist zu <strong data-start=\"463\" data-end=\"501\">100 % biologisch abbaubar und kompostierbar<\/strong> und bietet gleichzeitig eine <strong data-start=\"523\" data-end=\"547\">erstaunliche Robustheit<\/strong>. Im Gegensatz zu Verpackungen aus Plastik oder Polystyrol ist sie absolut hitze-, feuchtigkeits- und fettbest\u00e4ndig. Mit ihren gro\u00dfz\u00fcgigen Abmessungen von <strong>150 x 150 x 40\/80 mm<\/strong> bietet sie Platz f\u00fcr viele verschiedene Burger: klassische, doppelte, Gourmet-Burger oder sogar mit gro\u00dfz\u00fcgigen Bel\u00e4gen. Ihr <strong>Scharnierverschluss<\/strong> erm\u00f6glicht einen sicheren Transport ohne die Gefahr, dass sie sich versehentlich \u00f6ffnet oder ausl\u00e4uft.     <\/p>\n<p data-start=\"970\" data-end=\"1244\">Sie ist eine clevere Wahl f\u00fcr <strong data-start=\"1007\" data-end=\"1024\">Restaurants<\/strong>, <strong data-start=\"1026\" data-end=\"1039\">Caterer<\/strong>, <strong data-start=\"1041\" data-end=\"1051\">Imbisse<\/strong> und <strong data-start=\"1066\" data-end=\"1090\">Privatpersonen<\/strong>, die sich f\u00fcr eine umweltbewusste Lebensweise einsetzen. Sie eignet sich perfekt f\u00fcr den Verkauf zum Mitnehmen oder als Lieferservice und h\u00e4lt Ihre Gerichte warm und appetitlich. <\/p>\n<p data-start=\"1246\" data-end=\"1456\">Dieses <strong>Set aus 50 Burgerdosen<\/strong> ist ideal f\u00fcr Gesch\u00e4ftsleute, die Qualit\u00e4t, Praktikabilit\u00e4t und Umweltfreundlichkeit miteinander verbinden m\u00f6chten. Ein echter Pluspunkt f\u00fcr Ihr Image bei einer Kundschaft, die immer umweltbewusster wird. <\/p>\n<p data-start=\"1246\" data-end=\"1456\"><!--more--><\/p>\n<h4 data-start=\"1246\" data-end=\"1456\">Vorteile :<\/h4>\n<ul>\n<li>100 % biologisch abbaubar, kompostierbar und recycelbar.<\/li>\n<li>Hitze-, fett- und feuchtigkeitsbest\u00e4ndig.<\/li>\n<li>Ideales Format f\u00fcr alle Arten von Burgern.<\/li>\n<li>Sicherer Scharnierverschluss.<\/li>\n<li>Umweltfreundliche L\u00f6sung f\u00fcr den Verkauf zum Mitnehmen.<\/li>\n<li>Aufgewertetes Image bei umweltbewussten Kunden.<\/li>\n<\/ul>\n<p>&nbsp;<\/p>\n<p><!--more--><\/p>\n<h4>Weitere Informationen :<\/h4>\n<ul>\n<li><strong>Verpackung<\/strong>: Packung mit 50 St\u00fcck<\/li>\n<li><strong>Ma\u00dfe<\/strong>: 150 x 150 x 40\/80 mm<\/li>\n<li><strong>Material<\/strong>: Bagasse (Zuckerrohrpulpe)<\/li>\n<li><strong>Farbe <\/strong>: Wei\u00df<\/li>\n<\/ul>\n<p>&nbsp;<\/p>\n<p><!--more--><\/p>\n<p>Hier finden Sie unsere Burgerbox mit den Ma\u00dfen 210 x 200 x 78 mm : <span style=\"color: #d12727;\"><a style=\"color: #d12727;\" href=\"https:\/\/www.csj-emballages.com\/produit\/50-boites-en-bagasse-biodegradables-210-x-200-x-78-mm\/\">HP41BIO<\/a><\/span><\/p>\n<p>&nbsp;<\/p>\n<p><!--more--><\/p>\n<p><a href=\"https:\/\/www.csj-emballages.com\/de\/categorie-produit\/lebensmittelverpackungen\/bio-sortiment\/eller-abletts-boxen\/bio-scharnierboxen\/\">Sehen Sie sich den Rest unseres Sortiments an Bio-Scharnierboxen an<\/a><\/p>\n","protected":false},"excerpt":{"rendered":"<p>Burger-Box Beschreibung unserer Burgerbox Bagasse biologisch abbaubar 150 x 150 x 40\/80 mm pro 50 St\u00fcck<\/p>\n","protected":false},"featured_media":239878,"template":"","meta":{"_acf_changed":false},"product_brand":[],"product_cat":[1134,1146,2794],"product_tag":[],"class_list":{"0":"post-21708","1":"product","2":"type-product","3":"status-publish","4":"has-post-thumbnail","6":"product_cat-restauration-de","7":"product_cat-bio-sortiment","8":"product_cat-bio-scharnierboxen","10":"first","11":"instock","12":"taxable","13":"shipping-taxable","14":"purchasable","15":"product-type-simple"},"acf":[],"yoast_head":"<!-- This site is optimized with the Yoast SEO Premium plugin v26.6 (Yoast SEO v26.6) - https:\/\/yoast.com\/wordpress\/plugins\/seo\/ -->\n<title>Boite Burger Bagasse Biologisch abbaubar 150 x 150 x 40\/80 mm pro 50<\/title>\n<meta name=\"description\" content=\"Biologisch abbaubare Burger-Box aus Bagasse 155 x 160 x 80 mm - Packung zu 50. Widerstandsf\u00e4hig, umweltfreundlich und praktisch f\u00fcr den Verkauf zum Mitnehmen.\" \/>\n<meta name=\"robots\" content=\"index, follow, max-snippet:-1, max-image-preview:large, max-video-preview:-1\" \/>\n<link rel=\"canonical\" href=\"https:\/\/www.csj-emballages.com\/de\/produit\/50-burgerdosen-aus-biologisch-abbaubarer-bagasse-155-x-160-x-80-mm\/\" \/>\n<meta property=\"og:locale\" content=\"de_DE\" \/>\n<meta property=\"og:type\" content=\"article\" \/>\n<meta property=\"og:title\" content=\"Biologisch abbaubare Bagasse Burger Box 155 x 160 x 80 mm pro 50\" \/>\n<meta property=\"og:description\" content=\"Biologisch abbaubare Burger-Box aus Bagasse 155 x 160 x 80 mm - Packung zu 50. Widerstandsf\u00e4hig, umweltfreundlich und praktisch f\u00fcr den Verkauf zum Mitnehmen.\" \/>\n<meta property=\"og:url\" content=\"https:\/\/www.csj-emballages.com\/de\/produit\/50-burgerdosen-aus-biologisch-abbaubarer-bagasse-155-x-160-x-80-mm\/\" \/>\n<meta property=\"og:site_name\" content=\"CSJ Emballages\" \/>\n<meta property=\"article:publisher\" content=\"https:\/\/www.facebook.com\/csjemballages\" \/>\n<meta property=\"article:modified_time\" content=\"2026-04-11T00:13:34+00:00\" \/>\n<meta property=\"og:image\" content=\"https:\/\/www.csj-emballages.com\/wp-content\/uploads\/2024\/03\/HP6BIO.webp\" \/>\n\t<meta property=\"og:image:width\" content=\"800\" \/>\n\t<meta property=\"og:image:height\" content=\"800\" \/>\n\t<meta property=\"og:image:type\" content=\"image\/webp\" \/>\n<meta name=\"twitter:card\" content=\"summary_large_image\" \/>\n<meta name=\"twitter:label1\" content=\"Gesch\u00e4tzte Lesezeit\" \/>\n\t<meta name=\"twitter:data1\" content=\"1\u00a0Minute\" \/>\n<script type=\"application\/ld+json\" class=\"yoast-schema-graph\">{\"@context\":\"https:\/\/schema.org\",\"@graph\":[{\"@type\":\"WebPage\",\"@id\":\"https:\/\/www.csj-emballages.com\/de\/produit\/50-burgerdosen-aus-biologisch-abbaubarer-bagasse-155-x-160-x-80-mm\/\",\"url\":\"https:\/\/www.csj-emballages.com\/de\/produit\/50-burgerdosen-aus-biologisch-abbaubarer-bagasse-155-x-160-x-80-mm\/\",\"name\":\"Boite Burger Bagasse Biologisch abbaubar 150 x 150 x 40\/80 mm pro 50\",\"isPartOf\":{\"@id\":\"https:\/\/www.csj-emballages.com\/de\/#website\"},\"primaryImageOfPage\":{\"@id\":\"https:\/\/www.csj-emballages.com\/de\/produit\/50-burgerdosen-aus-biologisch-abbaubarer-bagasse-155-x-160-x-80-mm\/#primaryimage\"},\"image\":{\"@id\":\"https:\/\/www.csj-emballages.com\/de\/produit\/50-burgerdosen-aus-biologisch-abbaubarer-bagasse-155-x-160-x-80-mm\/#primaryimage\"},\"thumbnailUrl\":\"https:\/\/www.csj-emballages.com\/wp-content\/uploads\/2024\/03\/HP6BIO.webp\",\"datePublished\":\"2024-03-01T15:52:05+00:00\",\"dateModified\":\"2026-04-11T00:13:34+00:00\",\"description\":\"Biologisch abbaubare Burger-Box aus Bagasse 155 x 160 x 80 mm - Packung zu 50. Widerstandsf\u00e4hig, umweltfreundlich und praktisch f\u00fcr den Verkauf zum Mitnehmen.\",\"breadcrumb\":{\"@id\":\"https:\/\/www.csj-emballages.com\/de\/produit\/50-burgerdosen-aus-biologisch-abbaubarer-bagasse-155-x-160-x-80-mm\/#breadcrumb\"},\"inLanguage\":\"de\",\"potentialAction\":[{\"@type\":\"ReadAction\",\"target\":[\"https:\/\/www.csj-emballages.com\/de\/produit\/50-burgerdosen-aus-biologisch-abbaubarer-bagasse-155-x-160-x-80-mm\/\"]}]},{\"@type\":\"ImageObject\",\"inLanguage\":\"de\",\"@id\":\"https:\/\/www.csj-emballages.com\/de\/produit\/50-burgerdosen-aus-biologisch-abbaubarer-bagasse-155-x-160-x-80-mm\/#primaryimage\",\"url\":\"https:\/\/www.csj-emballages.com\/wp-content\/uploads\/2024\/03\/HP6BIO.webp\",\"contentUrl\":\"https:\/\/www.csj-emballages.com\/wp-content\/uploads\/2024\/03\/HP6BIO.webp\",\"width\":800,\"height\":800,\"caption\":\"Boite burger\"},{\"@type\":\"BreadcrumbList\",\"@id\":\"https:\/\/www.csj-emballages.com\/de\/produit\/50-burgerdosen-aus-biologisch-abbaubarer-bagasse-155-x-160-x-80-mm\/#breadcrumb\",\"itemListElement\":[{\"@type\":\"ListItem\",\"position\":1,\"name\":\"Accueil\",\"item\":\"https:\/\/www.csj-emballages.com\/de\/universum-lebensmittelverpackungen\/\"},{\"@type\":\"ListItem\",\"position\":2,\"name\":\"Shop\",\"item\":\"https:\/\/www.csj-emballages.com\/shop\/\"},{\"@type\":\"ListItem\",\"position\":3,\"name\":\"Biologisch abbaubare Bagasse Burger Box 155 x 160 x 80 mm pro 50\"}]},{\"@type\":\"WebSite\",\"@id\":\"https:\/\/www.csj-emballages.com\/de\/#website\",\"url\":\"https:\/\/www.csj-emballages.com\/de\/\",\"name\":\"CSJ Emballages\",\"description\":\"\",\"publisher\":{\"@id\":\"https:\/\/www.csj-emballages.com\/de\/#organization\"},\"potentialAction\":[{\"@type\":\"SearchAction\",\"target\":{\"@type\":\"EntryPoint\",\"urlTemplate\":\"https:\/\/www.csj-emballages.com\/de\/?s={search_term_string}\"},\"query-input\":{\"@type\":\"PropertyValueSpecification\",\"valueRequired\":true,\"valueName\":\"search_term_string\"}}],\"inLanguage\":\"de\"},{\"@type\":\"Organization\",\"@id\":\"https:\/\/www.csj-emballages.com\/de\/#Organization\/\",\"name\":\"CSJ Emballages\",\"url\":\"https:\/\/www.csj-emballages.com\/de\/\",\"logo\":{\"@type\":\"ImageObject\",\"inLanguage\":\"de\",\"@id\":\"https:\/\/www.csj-emballages.com\/de\/#\/schema\/logo\/image\/\",\"url\":\"https:\/\/www.csj-emballages.com\/wp-content\/uploads\/2023\/10\/logo_csj.webp\",\"contentUrl\":\"https:\/\/www.csj-emballages.com\/wp-content\/uploads\/2023\/10\/logo_csj.webp\",\"width\":250,\"height\":95,\"caption\":\"CSJ Emballages\"},\"image\":{\"@id\":\"https:\/\/www.csj-emballages.com\/de\/#\/schema\/logo\/image\/\"},\"sameAs\":[\"https:\/\/www.facebook.com\/csjemballages\"],\"address\":{\"@type\":\"PostalAddress\",\"streetAddress\":\"ZI La Lechere\",\"addressLocality\":\"Patornay\",\"postalCode\":\"39130\",\"addressCountry\":\"FR\"},\"contactPoint\":[{\"@type\":\"ContactPoint\",\"contactType\":\"Service client\",\"telephone\":\"0384254272\",\"email\":\"contact@csj-emballages.com\"}]}]}<\/script>\n<!-- \/ Yoast SEO Premium plugin. -->","yoast_head_json":{"title":"Boite Burger Bagasse Biologisch abbaubar 150 x 150 x 40\/80 mm pro 50","description":"Biologisch abbaubare Burger-Box aus Bagasse 155 x 160 x 80 mm - Packung zu 50. Widerstandsf\u00e4hig, umweltfreundlich und praktisch f\u00fcr den Verkauf zum Mitnehmen.","robots":{"index":"index","follow":"follow","max-snippet":"max-snippet:-1","max-image-preview":"max-image-preview:large","max-video-preview":"max-video-preview:-1"},"canonical":"https:\/\/www.csj-emballages.com\/de\/produit\/50-burgerdosen-aus-biologisch-abbaubarer-bagasse-155-x-160-x-80-mm\/","og_locale":"de_DE","og_type":"article","og_title":"Biologisch abbaubare Bagasse Burger Box 155 x 160 x 80 mm pro 50","og_description":"Biologisch abbaubare Burger-Box aus Bagasse 155 x 160 x 80 mm - Packung zu 50. Widerstandsf\u00e4hig, umweltfreundlich und praktisch f\u00fcr den Verkauf zum Mitnehmen.","og_url":"https:\/\/www.csj-emballages.com\/de\/produit\/50-burgerdosen-aus-biologisch-abbaubarer-bagasse-155-x-160-x-80-mm\/","og_site_name":"CSJ Emballages","article_publisher":"https:\/\/www.facebook.com\/csjemballages","article_modified_time":"2026-04-11T00:13:34+00:00","og_image":[{"width":800,"height":800,"url":"https:\/\/www.csj-emballages.com\/wp-content\/uploads\/2024\/03\/HP6BIO.webp","type":"image\/webp"}],"twitter_card":"summary_large_image","twitter_misc":{"Gesch\u00e4tzte Lesezeit":"1\u00a0Minute"},"schema":{"@context":"https:\/\/schema.org","@graph":[{"@type":"WebPage","@id":"https:\/\/www.csj-emballages.com\/de\/produit\/50-burgerdosen-aus-biologisch-abbaubarer-bagasse-155-x-160-x-80-mm\/","url":"https:\/\/www.csj-emballages.com\/de\/produit\/50-burgerdosen-aus-biologisch-abbaubarer-bagasse-155-x-160-x-80-mm\/","name":"Boite Burger Bagasse Biologisch abbaubar 150 x 150 x 40\/80 mm pro 50","isPartOf":{"@id":"https:\/\/www.csj-emballages.com\/de\/#website"},"primaryImageOfPage":{"@id":"https:\/\/www.csj-emballages.com\/de\/produit\/50-burgerdosen-aus-biologisch-abbaubarer-bagasse-155-x-160-x-80-mm\/#primaryimage"},"image":{"@id":"https:\/\/www.csj-emballages.com\/de\/produit\/50-burgerdosen-aus-biologisch-abbaubarer-bagasse-155-x-160-x-80-mm\/#primaryimage"},"thumbnailUrl":"https:\/\/www.csj-emballages.com\/wp-content\/uploads\/2024\/03\/HP6BIO.webp","datePublished":"2024-03-01T15:52:05+00:00","dateModified":"2026-04-11T00:13:34+00:00","description":"Biologisch abbaubare Burger-Box aus Bagasse 155 x 160 x 80 mm - Packung zu 50. Widerstandsf\u00e4hig, umweltfreundlich und praktisch f\u00fcr den Verkauf zum Mitnehmen.","breadcrumb":{"@id":"https:\/\/www.csj-emballages.com\/de\/produit\/50-burgerdosen-aus-biologisch-abbaubarer-bagasse-155-x-160-x-80-mm\/#breadcrumb"},"inLanguage":"de","potentialAction":[{"@type":"ReadAction","target":["https:\/\/www.csj-emballages.com\/de\/produit\/50-burgerdosen-aus-biologisch-abbaubarer-bagasse-155-x-160-x-80-mm\/"]}]},{"@type":"ImageObject","inLanguage":"de","@id":"https:\/\/www.csj-emballages.com\/de\/produit\/50-burgerdosen-aus-biologisch-abbaubarer-bagasse-155-x-160-x-80-mm\/#primaryimage","url":"https:\/\/www.csj-emballages.com\/wp-content\/uploads\/2024\/03\/HP6BIO.webp","contentUrl":"https:\/\/www.csj-emballages.com\/wp-content\/uploads\/2024\/03\/HP6BIO.webp","width":800,"height":800,"caption":"Boite burger"},{"@type":"BreadcrumbList","@id":"https:\/\/www.csj-emballages.com\/de\/produit\/50-burgerdosen-aus-biologisch-abbaubarer-bagasse-155-x-160-x-80-mm\/#breadcrumb","itemListElement":[{"@type":"ListItem","position":1,"name":"Accueil","item":"https:\/\/www.csj-emballages.com\/de\/universum-lebensmittelverpackungen\/"},{"@type":"ListItem","position":2,"name":"Shop","item":"https:\/\/www.csj-emballages.com\/shop\/"},{"@type":"ListItem","position":3,"name":"Biologisch abbaubare Bagasse Burger Box 155 x 160 x 80 mm pro 50"}]},{"@type":"WebSite","@id":"https:\/\/www.csj-emballages.com\/de\/#website","url":"https:\/\/www.csj-emballages.com\/de\/","name":"CSJ Emballages","description":"","publisher":{"@id":"https:\/\/www.csj-emballages.com\/de\/#organization"},"potentialAction":[{"@type":"SearchAction","target":{"@type":"EntryPoint","urlTemplate":"https:\/\/www.csj-emballages.com\/de\/?s={search_term_string}"},"query-input":{"@type":"PropertyValueSpecification","valueRequired":true,"valueName":"search_term_string"}}],"inLanguage":"de"},{"@type":"Organization","@id":"https:\/\/www.csj-emballages.com\/de\/#Organization\/","name":"CSJ Emballages","url":"https:\/\/www.csj-emballages.com\/de\/","logo":{"@type":"ImageObject","inLanguage":"de","@id":"https:\/\/www.csj-emballages.com\/de\/#\/schema\/logo\/image\/","url":"https:\/\/www.csj-emballages.com\/wp-content\/uploads\/2023\/10\/logo_csj.webp","contentUrl":"https:\/\/www.csj-emballages.com\/wp-content\/uploads\/2023\/10\/logo_csj.webp","width":250,"height":95,"caption":"CSJ Emballages"},"image":{"@id":"https:\/\/www.csj-emballages.com\/de\/#\/schema\/logo\/image\/"},"sameAs":["https:\/\/www.facebook.com\/csjemballages"],"address":{"@type":"PostalAddress","streetAddress":"ZI La Lechere","addressLocality":"Patornay","postalCode":"39130","addressCountry":"FR"},"contactPoint":[{"@type":"ContactPoint","contactType":"Service client","telephone":"0384254272","email":"contact@csj-emballages.com"}]}]}},"df_price":6.89,"df_sale_price":"","df_regular_price":6.89,"df_image_link":"https:\/\/www.csj-emballages.com\/wp-content\/uploads\/2024\/03\/HP6BIO-300x300.webp","tiered_pricing_type":"fixed","tiered_pricing_fixed_rules":[],"tiered_pricing_percentage_rules":[],"tiered_pricing_minimum":1,"tiered_pricing_roles_data":[],"_links":{"self":[{"href":"https:\/\/www.csj-emballages.com\/de\/wp-json\/wp\/v2\/product\/21708","targetHints":{"allow":["GET"]}}],"collection":[{"href":"https:\/\/www.csj-emballages.com\/de\/wp-json\/wp\/v2\/product"}],"about":[{"href":"https:\/\/www.csj-emballages.com\/de\/wp-json\/wp\/v2\/types\/product"}],"wp:featuredmedia":[{"embeddable":true,"href":"https:\/\/www.csj-emballages.com\/de\/wp-json\/wp\/v2\/media\/239878"}],"wp:attachment":[{"href":"https:\/\/www.csj-emballages.com\/de\/wp-json\/wp\/v2\/media?parent=21708"}],"wp:term":[{"taxonomy":"product_brand","embeddable":true,"href":"https:\/\/www.csj-emballages.com\/de\/wp-json\/wp\/v2\/product_brand?post=21708"},{"taxonomy":"product_cat","embeddable":true,"href":"https:\/\/www.csj-emballages.com\/de\/wp-json\/wp\/v2\/product_cat?post=21708"},{"taxonomy":"product_tag","embeddable":true,"href":"https:\/\/www.csj-emballages.com\/de\/wp-json\/wp\/v2\/product_tag?post=21708"}],"curies":[{"name":"wp","href":"https:\/\/api.w.org\/{rel}","templated":true}]}}