{"id":21707,"date":"2024-03-01T16:52:04","date_gmt":"2024-03-01T15:52:04","guid":{"rendered":"https:\/\/u15jnbdpoq.preview.infomaniak.website\/produit\/50-panini-boxen-aus-biologisch-abbaubarer-bagasse-290-x-140-x-60-mm\/"},"modified":"2026-04-03T02:17:12","modified_gmt":"2026-04-03T00:17:12","slug":"50-panini-boxen-aus-biologisch-abbaubarer-bagasse-290-x-140-x-60-mm","status":"publish","type":"product","link":"https:\/\/www.csj-emballages.com\/de\/produit\/50-panini-boxen-aus-biologisch-abbaubarer-bagasse-290-x-140-x-60-mm\/","title":{"rendered":"Panini-Box mit Scharnier aus biologisch abbaubarem Bagasse 290 x 140 x 60 mm pro 50"},"content":{"rendered":"<h2>Panini-Box<\/h2>\n<hr>\n<h3>Beschreibung unserer Panini Box mit Scharnier aus biologisch abbaubarer Bagasse 290 x 140 x 60 mm pro 50 St\u00fcck<\/h3>\n<p><!--more--><\/p>\n<p data-start=\"190\" data-end=\"542\">Sind Sie auf der Suche nach einer praktischen, umweltfreundlichen und geeigneten Verpackungsl\u00f6sung f\u00fcr Ihre <strong>Paninis<\/strong> oder <strong>warmen Sandwiches<\/strong>? Diese <strong>aufklappbare Schachtel aus<\/strong> <strong data-start=\"338\" data-end=\"363\">biologisch abbaubarer Bagasse<\/strong> mit den Ma\u00dfen <strong data-start=\"379\" data-end=\"400\">290 x 140 x 60 mm<\/strong> ist die ideale Wahl f\u00fcr Fastfood-Profis, Foodtrucks, Caterer oder auch Eventveranstalter. <\/p>\n<p data-start=\"544\" data-end=\"934\">Diese <strong>Panini-Schachtel<\/strong> wird aus <strong data-start=\"566\" data-end=\"577\">Bagasse<\/strong> hergestellt, einem nat\u00fcrlichen Material, das aus den <strong>R\u00fcckst\u00e4nden des Zuckerrohrs<\/strong> gewonnen wird, und vereint <strong data-start=\"652\" data-end=\"676\">Hitzebest\u00e4ndigkeit<\/strong> und Umweltfreundlichkeit. Sie vertr\u00e4gt hei\u00dfe und leicht fettige Speisen sehr gut, ohne sich zu verformen oder auszulaufen. Ihr <strong data-start=\"797\" data-end=\"822\">Scharnierverschluss<\/strong> macht sie sehr praktisch in der Handhabung und sorgt daf\u00fcr, dass Ihre Gerichte w\u00e4hrend des Transports sicher aufbewahrt werden.  <\/p>\n<p data-start=\"936\" data-end=\"1128\">Sie ist so konzipiert, dass sie perfekt ein <strong>klassisches Panini<\/strong> aufnehmen kann, eignet sich aber auch f\u00fcr andere l\u00e4ngliche Sandwichformate, Wraps, Kebabs oder auch Portionen mit Pommes frites und Bel\u00e4gen.<\/p>\n<p data-start=\"1130\" data-end=\"1294\">Wenn Sie sich f\u00fcr diese <strong>biologisch abbaubare Panini-Box<\/strong> entscheiden, werten Sie ein umweltbewusstes Image bei Ihren Kunden auf, die zunehmend umweltbewusster werden.<\/p>\n<p data-start=\"1296\" data-end=\"1537\">Sie ist leicht zu stapeln, stabil und \u00e4sthetisch ansprechend und eignet sich sowohl f\u00fcr die Lieferung, den Verkauf zum Mitnehmen als auch f\u00fcr den Verzehr vor Ort. Sie entspricht den geltenden Normen f\u00fcr den Kontakt mit Lebensmitteln und kann industriell kompostiert werden. <\/p>\n<p data-start=\"1539\" data-end=\"1664\">Diese Verpackung wird in Packungen zu <strong data-start=\"1556\" data-end=\"1569\">50 St\u00fcck<\/strong> verkauft und ist ideal, um <strong data-start=\"1612\" data-end=\"1637\">logistische Effizienz<\/strong> mit <strong data-start=\"1641\" data-end=\"1663\">Kostenkontrolle<\/strong> zu verbinden.<\/p>\n<p data-start=\"1246\" data-end=\"1456\"><!--more--><\/p>\n<h4 data-start=\"1246\" data-end=\"1456\">Vorteile :<\/h4>\n<ul>\n<li>100 % biologisch abbaubar, kompostierbar und recycelbar.<\/li>\n<li>Hitze-, fett- und feuchtigkeitsbest\u00e4ndig.<\/li>\n<li>Format geeignet f\u00fcr Paninis, Kebab, Wraps oder Pommes frites.<\/li>\n<li>Sicherer Scharnierverschluss.<\/li>\n<li>Diese Bio-Burger-Box ist eine umweltfreundliche L\u00f6sung f\u00fcr den Take-away-Verkauf.<\/li>\n<li>Aufgewertetes Image bei umweltbewussten Kunden.<\/li>\n<\/ul>\n<p>&nbsp;<\/p>\n<p><!--more--><\/p>\n<h4>Weitere Informationen :<\/h4>\n<ul>\n<li><strong>Verpackung<\/strong>: Packung mit 50 St\u00fcck<\/li>\n<li><strong>Ma\u00dfe<\/strong>: 290 x 140 x 60 mm<\/li>\n<li><strong>Material<\/strong>: Bagasse (Zuckerrohrpulpe)<\/li>\n<li><strong>Farbe <\/strong>: Wei\u00df<\/li>\n<\/ul>\n<p>&nbsp;<\/p>\n<p><!--more--><\/p>\n<p><a href=\"https:\/\/www.csj-emballages.com\/de\/categorie-produit\/lebensmittelverpackungen\/bio-sortiment\/eller-abletts-boxen\/bio-scharnierboxen\/\">Sehen Sie sich den Rest unseres Sortiments an Bio-Scharnierboxen an<\/a><\/p>\n","protected":false},"excerpt":{"rendered":"<p>Panini-Box Beschreibung unserer Panini Box mit Scharnier aus biologisch abbaubarer Bagasse 290 x 140 x 60 mm pro 50 St\u00fcck<\/p>\n","protected":false},"featured_media":239924,"template":"","meta":{"_acf_changed":false},"product_brand":[],"product_cat":[1134,1146,2794],"product_tag":[],"class_list":{"0":"post-21707","1":"product","2":"type-product","3":"status-publish","4":"has-post-thumbnail","6":"product_cat-restauration-de","7":"product_cat-bio-sortiment","8":"product_cat-bio-scharnierboxen","10":"first","11":"instock","12":"taxable","13":"shipping-taxable","14":"purchasable","15":"product-type-simple"},"acf":[],"yoast_head":"<!-- This site is optimized with the Yoast SEO Premium plugin v26.6 (Yoast SEO v26.6) - https:\/\/yoast.com\/wordpress\/plugins\/seo\/ -->\n<title>Biologisch abbaubare Panini-Box mit Scharnier 290 x 140 x 60 mm<\/title>\n<meta name=\"description\" content=\"Biologisch abbaubare Panini-Box mit Scharnier aus Bagasse 290x140x60 mm, widerstandsf\u00e4hig und praktisch. Los von 50. Ideal f\u00fcr Take-away und umweltfreundliche Gastronomie.\" \/>\n<meta name=\"robots\" content=\"index, follow, max-snippet:-1, max-image-preview:large, max-video-preview:-1\" \/>\n<link rel=\"canonical\" href=\"https:\/\/www.csj-emballages.com\/de\/produit\/50-panini-boxen-aus-biologisch-abbaubarer-bagasse-290-x-140-x-60-mm\/\" \/>\n<meta property=\"og:locale\" content=\"de_DE\" \/>\n<meta property=\"og:type\" content=\"article\" \/>\n<meta property=\"og:title\" content=\"Panini-Box mit Scharnier aus biologisch abbaubarem Bagasse 290 x 140 x 60 mm pro 50\" \/>\n<meta property=\"og:description\" content=\"Biologisch abbaubare Panini-Box mit Scharnier aus Bagasse 290x140x60 mm, widerstandsf\u00e4hig und praktisch. Los von 50. Ideal f\u00fcr Take-away und umweltfreundliche Gastronomie.\" \/>\n<meta property=\"og:url\" content=\"https:\/\/www.csj-emballages.com\/de\/produit\/50-panini-boxen-aus-biologisch-abbaubarer-bagasse-290-x-140-x-60-mm\/\" \/>\n<meta property=\"og:site_name\" content=\"CSJ Emballages\" \/>\n<meta property=\"article:publisher\" content=\"https:\/\/www.facebook.com\/csjemballages\" \/>\n<meta property=\"article:modified_time\" content=\"2026-04-03T00:17:12+00:00\" \/>\n<meta property=\"og:image\" content=\"https:\/\/www.csj-emballages.com\/wp-content\/uploads\/2024\/03\/HP8BIO-1.webp\" \/>\n\t<meta property=\"og:image:width\" content=\"800\" \/>\n\t<meta property=\"og:image:height\" content=\"800\" \/>\n\t<meta property=\"og:image:type\" content=\"image\/webp\" \/>\n<meta name=\"twitter:card\" content=\"summary_large_image\" \/>\n<meta name=\"twitter:label1\" content=\"Gesch\u00e4tzte Lesezeit\" \/>\n\t<meta name=\"twitter:data1\" content=\"2 Minuten\" \/>\n<script type=\"application\/ld+json\" class=\"yoast-schema-graph\">{\"@context\":\"https:\/\/schema.org\",\"@graph\":[{\"@type\":\"WebPage\",\"@id\":\"https:\/\/www.csj-emballages.com\/de\/produit\/50-panini-boxen-aus-biologisch-abbaubarer-bagasse-290-x-140-x-60-mm\/\",\"url\":\"https:\/\/www.csj-emballages.com\/de\/produit\/50-panini-boxen-aus-biologisch-abbaubarer-bagasse-290-x-140-x-60-mm\/\",\"name\":\"Biologisch abbaubare Panini-Box mit Scharnier 290 x 140 x 60 mm\",\"isPartOf\":{\"@id\":\"https:\/\/www.csj-emballages.com\/de\/#website\"},\"primaryImageOfPage\":{\"@id\":\"https:\/\/www.csj-emballages.com\/de\/produit\/50-panini-boxen-aus-biologisch-abbaubarer-bagasse-290-x-140-x-60-mm\/#primaryimage\"},\"image\":{\"@id\":\"https:\/\/www.csj-emballages.com\/de\/produit\/50-panini-boxen-aus-biologisch-abbaubarer-bagasse-290-x-140-x-60-mm\/#primaryimage\"},\"thumbnailUrl\":\"https:\/\/www.csj-emballages.com\/wp-content\/uploads\/2024\/03\/HP8BIO-1.webp\",\"datePublished\":\"2024-03-01T15:52:04+00:00\",\"dateModified\":\"2026-04-03T00:17:12+00:00\",\"description\":\"Biologisch abbaubare Panini-Box mit Scharnier aus Bagasse 290x140x60 mm, widerstandsf\u00e4hig und praktisch. Los von 50. Ideal f\u00fcr Take-away und umweltfreundliche Gastronomie.\",\"breadcrumb\":{\"@id\":\"https:\/\/www.csj-emballages.com\/de\/produit\/50-panini-boxen-aus-biologisch-abbaubarer-bagasse-290-x-140-x-60-mm\/#breadcrumb\"},\"inLanguage\":\"de\",\"potentialAction\":[{\"@type\":\"ReadAction\",\"target\":[\"https:\/\/www.csj-emballages.com\/de\/produit\/50-panini-boxen-aus-biologisch-abbaubarer-bagasse-290-x-140-x-60-mm\/\"]}]},{\"@type\":\"ImageObject\",\"inLanguage\":\"de\",\"@id\":\"https:\/\/www.csj-emballages.com\/de\/produit\/50-panini-boxen-aus-biologisch-abbaubarer-bagasse-290-x-140-x-60-mm\/#primaryimage\",\"url\":\"https:\/\/www.csj-emballages.com\/wp-content\/uploads\/2024\/03\/HP8BIO-1.webp\",\"contentUrl\":\"https:\/\/www.csj-emballages.com\/wp-content\/uploads\/2024\/03\/HP8BIO-1.webp\",\"width\":800,\"height\":800,\"caption\":\"Boite panini\"},{\"@type\":\"BreadcrumbList\",\"@id\":\"https:\/\/www.csj-emballages.com\/de\/produit\/50-panini-boxen-aus-biologisch-abbaubarer-bagasse-290-x-140-x-60-mm\/#breadcrumb\",\"itemListElement\":[{\"@type\":\"ListItem\",\"position\":1,\"name\":\"Accueil\",\"item\":\"https:\/\/www.csj-emballages.com\/de\/universum-lebensmittelverpackungen\/\"},{\"@type\":\"ListItem\",\"position\":2,\"name\":\"Shop\",\"item\":\"https:\/\/www.csj-emballages.com\/shop\/\"},{\"@type\":\"ListItem\",\"position\":3,\"name\":\"Panini-Box mit Scharnier aus biologisch abbaubarem Bagasse 290 x 140 x 60 mm pro 50\"}]},{\"@type\":\"WebSite\",\"@id\":\"https:\/\/www.csj-emballages.com\/de\/#website\",\"url\":\"https:\/\/www.csj-emballages.com\/de\/\",\"name\":\"CSJ Emballages\",\"description\":\"\",\"publisher\":{\"@id\":\"https:\/\/www.csj-emballages.com\/de\/#organization\"},\"potentialAction\":[{\"@type\":\"SearchAction\",\"target\":{\"@type\":\"EntryPoint\",\"urlTemplate\":\"https:\/\/www.csj-emballages.com\/de\/?s={search_term_string}\"},\"query-input\":{\"@type\":\"PropertyValueSpecification\",\"valueRequired\":true,\"valueName\":\"search_term_string\"}}],\"inLanguage\":\"de\"},{\"@type\":\"Organization\",\"@id\":\"https:\/\/www.csj-emballages.com\/de\/#Organization\/\",\"name\":\"CSJ Emballages\",\"url\":\"https:\/\/www.csj-emballages.com\/de\/\",\"logo\":{\"@type\":\"ImageObject\",\"inLanguage\":\"de\",\"@id\":\"https:\/\/www.csj-emballages.com\/de\/#\/schema\/logo\/image\/\",\"url\":\"https:\/\/www.csj-emballages.com\/wp-content\/uploads\/2023\/10\/logo_csj.webp\",\"contentUrl\":\"https:\/\/www.csj-emballages.com\/wp-content\/uploads\/2023\/10\/logo_csj.webp\",\"width\":250,\"height\":95,\"caption\":\"CSJ Emballages\"},\"image\":{\"@id\":\"https:\/\/www.csj-emballages.com\/de\/#\/schema\/logo\/image\/\"},\"sameAs\":[\"https:\/\/www.facebook.com\/csjemballages\"],\"address\":{\"@type\":\"PostalAddress\",\"streetAddress\":\"ZI La Lechere\",\"addressLocality\":\"Patornay\",\"postalCode\":\"39130\",\"addressCountry\":\"FR\"},\"contactPoint\":[{\"@type\":\"ContactPoint\",\"contactType\":\"Service client\",\"telephone\":\"0384254272\",\"email\":\"contact@csj-emballages.com\"}]}]}<\/script>\n<!-- \/ Yoast SEO Premium plugin. -->","yoast_head_json":{"title":"Biologisch abbaubare Panini-Box mit Scharnier 290 x 140 x 60 mm","description":"Biologisch abbaubare Panini-Box mit Scharnier aus Bagasse 290x140x60 mm, widerstandsf\u00e4hig und praktisch. Los von 50. Ideal f\u00fcr Take-away und umweltfreundliche Gastronomie.","robots":{"index":"index","follow":"follow","max-snippet":"max-snippet:-1","max-image-preview":"max-image-preview:large","max-video-preview":"max-video-preview:-1"},"canonical":"https:\/\/www.csj-emballages.com\/de\/produit\/50-panini-boxen-aus-biologisch-abbaubarer-bagasse-290-x-140-x-60-mm\/","og_locale":"de_DE","og_type":"article","og_title":"Panini-Box mit Scharnier aus biologisch abbaubarem Bagasse 290 x 140 x 60 mm pro 50","og_description":"Biologisch abbaubare Panini-Box mit Scharnier aus Bagasse 290x140x60 mm, widerstandsf\u00e4hig und praktisch. Los von 50. Ideal f\u00fcr Take-away und umweltfreundliche Gastronomie.","og_url":"https:\/\/www.csj-emballages.com\/de\/produit\/50-panini-boxen-aus-biologisch-abbaubarer-bagasse-290-x-140-x-60-mm\/","og_site_name":"CSJ Emballages","article_publisher":"https:\/\/www.facebook.com\/csjemballages","article_modified_time":"2026-04-03T00:17:12+00:00","og_image":[{"width":800,"height":800,"url":"https:\/\/www.csj-emballages.com\/wp-content\/uploads\/2024\/03\/HP8BIO-1.webp","type":"image\/webp"}],"twitter_card":"summary_large_image","twitter_misc":{"Gesch\u00e4tzte Lesezeit":"2 Minuten"},"schema":{"@context":"https:\/\/schema.org","@graph":[{"@type":"WebPage","@id":"https:\/\/www.csj-emballages.com\/de\/produit\/50-panini-boxen-aus-biologisch-abbaubarer-bagasse-290-x-140-x-60-mm\/","url":"https:\/\/www.csj-emballages.com\/de\/produit\/50-panini-boxen-aus-biologisch-abbaubarer-bagasse-290-x-140-x-60-mm\/","name":"Biologisch abbaubare Panini-Box mit Scharnier 290 x 140 x 60 mm","isPartOf":{"@id":"https:\/\/www.csj-emballages.com\/de\/#website"},"primaryImageOfPage":{"@id":"https:\/\/www.csj-emballages.com\/de\/produit\/50-panini-boxen-aus-biologisch-abbaubarer-bagasse-290-x-140-x-60-mm\/#primaryimage"},"image":{"@id":"https:\/\/www.csj-emballages.com\/de\/produit\/50-panini-boxen-aus-biologisch-abbaubarer-bagasse-290-x-140-x-60-mm\/#primaryimage"},"thumbnailUrl":"https:\/\/www.csj-emballages.com\/wp-content\/uploads\/2024\/03\/HP8BIO-1.webp","datePublished":"2024-03-01T15:52:04+00:00","dateModified":"2026-04-03T00:17:12+00:00","description":"Biologisch abbaubare Panini-Box mit Scharnier aus Bagasse 290x140x60 mm, widerstandsf\u00e4hig und praktisch. Los von 50. Ideal f\u00fcr Take-away und umweltfreundliche Gastronomie.","breadcrumb":{"@id":"https:\/\/www.csj-emballages.com\/de\/produit\/50-panini-boxen-aus-biologisch-abbaubarer-bagasse-290-x-140-x-60-mm\/#breadcrumb"},"inLanguage":"de","potentialAction":[{"@type":"ReadAction","target":["https:\/\/www.csj-emballages.com\/de\/produit\/50-panini-boxen-aus-biologisch-abbaubarer-bagasse-290-x-140-x-60-mm\/"]}]},{"@type":"ImageObject","inLanguage":"de","@id":"https:\/\/www.csj-emballages.com\/de\/produit\/50-panini-boxen-aus-biologisch-abbaubarer-bagasse-290-x-140-x-60-mm\/#primaryimage","url":"https:\/\/www.csj-emballages.com\/wp-content\/uploads\/2024\/03\/HP8BIO-1.webp","contentUrl":"https:\/\/www.csj-emballages.com\/wp-content\/uploads\/2024\/03\/HP8BIO-1.webp","width":800,"height":800,"caption":"Boite panini"},{"@type":"BreadcrumbList","@id":"https:\/\/www.csj-emballages.com\/de\/produit\/50-panini-boxen-aus-biologisch-abbaubarer-bagasse-290-x-140-x-60-mm\/#breadcrumb","itemListElement":[{"@type":"ListItem","position":1,"name":"Accueil","item":"https:\/\/www.csj-emballages.com\/de\/universum-lebensmittelverpackungen\/"},{"@type":"ListItem","position":2,"name":"Shop","item":"https:\/\/www.csj-emballages.com\/shop\/"},{"@type":"ListItem","position":3,"name":"Panini-Box mit Scharnier aus biologisch abbaubarem Bagasse 290 x 140 x 60 mm pro 50"}]},{"@type":"WebSite","@id":"https:\/\/www.csj-emballages.com\/de\/#website","url":"https:\/\/www.csj-emballages.com\/de\/","name":"CSJ Emballages","description":"","publisher":{"@id":"https:\/\/www.csj-emballages.com\/de\/#organization"},"potentialAction":[{"@type":"SearchAction","target":{"@type":"EntryPoint","urlTemplate":"https:\/\/www.csj-emballages.com\/de\/?s={search_term_string}"},"query-input":{"@type":"PropertyValueSpecification","valueRequired":true,"valueName":"search_term_string"}}],"inLanguage":"de"},{"@type":"Organization","@id":"https:\/\/www.csj-emballages.com\/de\/#Organization\/","name":"CSJ Emballages","url":"https:\/\/www.csj-emballages.com\/de\/","logo":{"@type":"ImageObject","inLanguage":"de","@id":"https:\/\/www.csj-emballages.com\/de\/#\/schema\/logo\/image\/","url":"https:\/\/www.csj-emballages.com\/wp-content\/uploads\/2023\/10\/logo_csj.webp","contentUrl":"https:\/\/www.csj-emballages.com\/wp-content\/uploads\/2023\/10\/logo_csj.webp","width":250,"height":95,"caption":"CSJ Emballages"},"image":{"@id":"https:\/\/www.csj-emballages.com\/de\/#\/schema\/logo\/image\/"},"sameAs":["https:\/\/www.facebook.com\/csjemballages"],"address":{"@type":"PostalAddress","streetAddress":"ZI La Lechere","addressLocality":"Patornay","postalCode":"39130","addressCountry":"FR"},"contactPoint":[{"@type":"ContactPoint","contactType":"Service client","telephone":"0384254272","email":"contact@csj-emballages.com"}]}]}},"df_price":20.3,"df_sale_price":"","df_regular_price":20.3,"df_image_link":"https:\/\/www.csj-emballages.com\/wp-content\/uploads\/2024\/03\/HP8BIO-1-300x300.webp","tiered_pricing_type":"fixed","tiered_pricing_fixed_rules":[],"tiered_pricing_percentage_rules":[],"tiered_pricing_minimum":1,"tiered_pricing_roles_data":[],"_links":{"self":[{"href":"https:\/\/www.csj-emballages.com\/de\/wp-json\/wp\/v2\/product\/21707","targetHints":{"allow":["GET"]}}],"collection":[{"href":"https:\/\/www.csj-emballages.com\/de\/wp-json\/wp\/v2\/product"}],"about":[{"href":"https:\/\/www.csj-emballages.com\/de\/wp-json\/wp\/v2\/types\/product"}],"wp:featuredmedia":[{"embeddable":true,"href":"https:\/\/www.csj-emballages.com\/de\/wp-json\/wp\/v2\/media\/239924"}],"wp:attachment":[{"href":"https:\/\/www.csj-emballages.com\/de\/wp-json\/wp\/v2\/media?parent=21707"}],"wp:term":[{"taxonomy":"product_brand","embeddable":true,"href":"https:\/\/www.csj-emballages.com\/de\/wp-json\/wp\/v2\/product_brand?post=21707"},{"taxonomy":"product_cat","embeddable":true,"href":"https:\/\/www.csj-emballages.com\/de\/wp-json\/wp\/v2\/product_cat?post=21707"},{"taxonomy":"product_tag","embeddable":true,"href":"https:\/\/www.csj-emballages.com\/de\/wp-json\/wp\/v2\/product_tag?post=21707"}],"curies":[{"name":"wp","href":"https:\/\/api.w.org\/{rel}","templated":true}]}}