{"id":21701,"date":"2024-03-01T16:52:07","date_gmt":"2024-03-01T15:52:07","guid":{"rendered":"https:\/\/u15jnbdpoq.preview.infomaniak.website\/produit\/100-einweg-frittenschachteln-aus-karton-175-x-120-x-70-mm\/"},"modified":"2026-03-31T02:14:51","modified_gmt":"2026-03-31T00:14:51","slug":"100-einweg-frittenschachteln-aus-karton-175-x-120-x-70-mm","status":"publish","type":"product","link":"https:\/\/www.csj-emballages.com\/de\/produit\/100-einweg-frittenschachteln-aus-karton-175-x-120-x-70-mm\/","title":{"rendered":"Burgerbox aus Karton 175 x 120 x 70 mm pro 100 St\u00fcck"},"content":{"rendered":"<h2>Burger-Box<\/h2>\n<div style=\"text-align: center;\">\n<hr>\n<h3 style=\"text-align: left;\">Beschreibung der Burgerschachtel aus Karton 175 x 120 x 70 mm pro 100 St\u00fcck<\/h3>\n<p style=\"text-align: left;\"><!--more--><\/p>\n<p style=\"text-align: left;\" data-start=\"228\" data-end=\"606\">Wenn Sie nach einer einfachen, zuverl\u00e4ssigen und angenehmen Box f\u00fcr Ihre <strong>Burger<\/strong> suchen, wird diese <strong data-start=\"317\" data-end=\"361\">175 x 120 x 70 mm gro\u00dfe Burgerbox aus Karton<\/strong> Ihre Bed\u00fcrfnisse perfekt erf\u00fcllen. Sobald Sie sie in die Hand nehmen, sp\u00fcren Sie sofort, dass sie f\u00fcr den Ernstfall konzipiert wurde: Der <strong>dicke Karton<\/strong> h\u00e4lt die Hitze, bewahrt die Form des Burgers und verhindert, dass er w\u00e4hrend des Transports zerdr\u00fcckt wird. <\/p>\n<p style=\"text-align: left;\" data-start=\"608\" data-end=\"1035\">Dank ihrer durchdachten Gr\u00f6\u00dfe bietet sie Platz f\u00fcr klassische Burger oder gro\u00dfz\u00fcgigere Rezepte. Sie k\u00f6nnen sie auch f\u00fcr Sandwiches, Bagels oder sogar Portionen Pommes frites verwenden, was sie besonders vielseitig macht. Auch der Verschluss ist schnell und sicher, sodass Sie Zeit sparen k\u00f6nnen, wenn Sie gerade im Ansturm sind. Sie falten, clipsen und schon kann es losgehen.   <\/p>\n<p style=\"text-align: left;\" data-start=\"1037\" data-end=\"1466\">Au\u00dferdem ist diese <strong data-start=\"317\" data-end=\"361\">Burgerbox<\/strong> ideal f\u00fcr den Verkauf zum Mitnehmen, die Lieferung oder den Service vor Ort. Denn sie h\u00e4lt Ihre Zubereitungen sicher an Ort und Stelle, l\u00e4sst aber gleichzeitig ein Minimum an Luft zirkulieren, damit das Brot nicht durchweicht. Das garantiert einen angenehmeren Genuss f\u00fcr Ihre Kunden. Und da sie aus <strong>Pappe<\/strong> besteht, bietet sie ein nat\u00fcrliches und professionelles Aussehen, das in der Gastronomie stets gesch\u00e4tzt wird.   <\/p>\n<p style=\"text-align: left;\" data-start=\"1468\" data-end=\"1795\">Au\u00dferdem wird sie <strong data-start=\"1494\" data-end=\"1512\">in Packungen zu 100 St\u00fcck<\/strong> verkauft, sodass Sie gen\u00fcgend Vorrat haben, um beruhigt arbeiten zu k\u00f6nnen. Sie k\u00f6nnen ein gro\u00dfes Volumen bew\u00e4ltigen, ohne zu oft nachbestellen zu m\u00fcssen. Dieses g\u00fcnstige Format ist perfekt f\u00fcr Restaurants, Imbisse, Food Trucks oder alle Unternehmen, die regelm\u00e4\u00dfig Burger servieren.  <\/p>\n<p style=\"text-align: left;\" data-start=\"1797\" data-end=\"1931\">Kurz gesagt, diese <strong data-start=\"317\" data-end=\"361\">Burgerdose<\/strong> vereint Praktikabilit\u00e4t, Robustheit und einfache Handhabung, um Sie effizient durch den Alltag zu begleiten.<\/p>\n<p style=\"text-align: left;\"><!--more--><\/p>\n<p style=\"text-align: left;\"><strong>Vorteile :<\/strong><\/p>\n<ul>\n<li style=\"text-align: left;\" data-start=\"1960\" data-end=\"2007\">Stabiler <strong>Karton<\/strong>, der sch\u00fctzt und die W\u00e4rme h\u00e4lt.<\/li>\n<li style=\"text-align: left;\" data-start=\"2010\" data-end=\"2067\">Ideale Gr\u00f6\u00dfe f\u00fcr klassische und Gourmet-Burger.<\/li>\n<li style=\"text-align: left;\" data-start=\"2070\" data-end=\"2101\">Schneller und sicherer Verschluss.<\/li>\n<li style=\"text-align: left;\" data-start=\"2104\" data-end=\"2146\"><strong>Polivalent<\/strong>: Burger, Sandwiches, Pommes frites.<\/li>\n<li style=\"text-align: left;\" data-start=\"2149\" data-end=\"2182\">Nat\u00fcrliches und professionelles Aussehen.<\/li>\n<li style=\"text-align: left;\" data-start=\"2185\" data-end=\"2222\"><strong>100er-Pack<\/strong>: praktisch und preiswert.<\/li>\n<\/ul>\n<\/div>\n<p>&nbsp;<\/p>\n<p><!--more--><\/p>\n<h4>Weitere Informationen :<\/h4>\n<ul>\n<li><strong>Verpackung<\/strong>: Packung mit 100 St\u00fcck<\/li>\n<li><strong>Abmessungen<\/strong>: 175 x 120 x 70 mm<\/li>\n<li><strong>Material<\/strong>: Karton<\/li>\n<li><strong>Art des Deckels<\/strong>: Scharnierdeckel<\/li>\n<\/ul>\n<p>&nbsp;<\/p>\n<p><!--more--><\/p>\n<p>Das Produkt ist in verschiedenen Gr\u00f6\u00dfen erh\u00e4ltlich:  <span style=\"color: #d12727;\"><a style=\"color: #d12727;\" href=\"https:\/\/www.csj-emballages.com\/es\/produit\/100-cajas-dobles-desechables-para-hamburguesas-120-x-130-x-70-mm\/\">HP1K<\/a><\/span> \/ <g id=\"gid_2\"><g id=\"gid_3\">HP3K<\/g><\/g> \/ <span style=\"color: #d12727;\"><a style=\"color: #d12727;\" href=\"https:\/\/www.csj-emballages.com\/pt-pt\/produit\/50-caixas-de-cartao-225-x-180-x-90-mm\/\">HP4K<\/a><\/span> \/ <span style=\"color: #d12727;\"><a style=\"color: #d12727;\" href=\"https:\/\/www.csj-emballages.com\/produit\/100-boite-carton-a-panini-208-x-70-x-75-mm-restauration-snack-hot-dog-emporter\/\">HP5K<\/a><\/span> \/ <g id=\"gid_8\"><g id=\"gid_9\">HP6K<\/g><\/g> \/ <span style=\"color: #d12727;\"><a style=\"color: #d12727;\" href=\"https:\/\/www.csj-emballages.com\/es\/produit\/caja-de-carton-para-hamburguesas-165-x-150-x-110-mm-por-100\/\">HP6KH<\/a><\/span> \/ <span style=\"color: #d12727;\"><a style=\"color: #d12727;\" href=\"https:\/\/www.csj-emballages.com\/produit\/50-boite-carton-burgers-jetables-carton-150-x-150-x-70-mm\/\">HP6KGE<\/a><\/span> \/        <span style=\"color: #d12727;\"><a style=\"color: #d12727;\" href=\"https:\/\/www.csj-emballages.com\/produit\/50-boites-doubles-burgers-xl-jetables-carton-170-x-170-x-80-mm\/\">HP6KXL<\/a><\/span><\/p>\n<p>&nbsp;<\/p>\n<p><!--more--><\/p>\n<p><a href=\"https:\/\/www.csj-emballages.com\/de\/categorie-produit\/lebensmittelverpackungen\/restauration-de\/dosen-schalen-beutel-konen\/schalen-kartons\/kartonschachteln-fur-mahlzeiten\/\">Sehen Sie sich den Rest unseres Angebots an Burgerdosen an.<\/a><\/p>\n","protected":false},"excerpt":{"rendered":"<p>Burger-Box Beschreibung der Burgerschachtel aus Karton 175 x 120 x 70 mm pro 100 St\u00fcck<\/p>\n","protected":false},"featured_media":224557,"template":"","meta":{"_acf_changed":false},"product_brand":[],"product_cat":[1137,1134,2792],"product_tag":[],"class_list":{"0":"post-21701","1":"product","2":"type-product","3":"status-publish","4":"has-post-thumbnail","6":"product_cat-lebensmittelverpackungen","7":"product_cat-restauration-de","8":"product_cat-kartonschachteln-fur-mahlzeiten","10":"first","11":"instock","12":"taxable","13":"shipping-taxable","14":"purchasable","15":"product-type-simple"},"acf":[],"yoast_head":"<!-- This site is optimized with the Yoast SEO Premium plugin v26.6 (Yoast SEO v26.6) - https:\/\/yoast.com\/wordpress\/plugins\/seo\/ -->\n<title>Burger Box Karton 175 x 120 x 70 mm pro 100<\/title>\n<meta name=\"description\" content=\"Entscheiden Sie sich f\u00fcr unsere praktische und umweltfreundliche Burgerbox aus Karton, die eine gute Aufbewahrung und Pr\u00e4sentation Ihrer Mahlzeiten zum Mitnehmen garantiert.\" \/>\n<meta name=\"robots\" content=\"index, follow, max-snippet:-1, max-image-preview:large, max-video-preview:-1\" \/>\n<link rel=\"canonical\" href=\"https:\/\/www.csj-emballages.com\/de\/produit\/100-einweg-frittenschachteln-aus-karton-175-x-120-x-70-mm\/\" \/>\n<meta property=\"og:locale\" content=\"de_DE\" \/>\n<meta property=\"og:type\" content=\"article\" \/>\n<meta property=\"og:title\" content=\"Burgerbox aus Karton 175 x 120 x 70 mm pro 100 St\u00fcck\" \/>\n<meta property=\"og:description\" content=\"Entscheiden Sie sich f\u00fcr unsere praktische und umweltfreundliche Burgerbox aus Karton, die eine gute Aufbewahrung und Pr\u00e4sentation Ihrer Mahlzeiten zum Mitnehmen garantiert.\" \/>\n<meta property=\"og:url\" content=\"https:\/\/www.csj-emballages.com\/de\/produit\/100-einweg-frittenschachteln-aus-karton-175-x-120-x-70-mm\/\" \/>\n<meta property=\"og:site_name\" content=\"CSJ Emballages\" \/>\n<meta property=\"article:publisher\" content=\"https:\/\/www.facebook.com\/csjemballages\" \/>\n<meta property=\"article:modified_time\" content=\"2026-03-31T00:14:51+00:00\" \/>\n<meta property=\"og:image\" content=\"https:\/\/www.csj-emballages.com\/wp-content\/uploads\/2024\/03\/HP2K.webp\" \/>\n\t<meta property=\"og:image:width\" content=\"800\" \/>\n\t<meta property=\"og:image:height\" content=\"800\" \/>\n\t<meta property=\"og:image:type\" content=\"image\/webp\" \/>\n<meta name=\"twitter:card\" content=\"summary_large_image\" \/>\n<meta name=\"twitter:label1\" content=\"Gesch\u00e4tzte Lesezeit\" \/>\n\t<meta name=\"twitter:data1\" content=\"2 Minuten\" \/>\n<script type=\"application\/ld+json\" class=\"yoast-schema-graph\">{\"@context\":\"https:\/\/schema.org\",\"@graph\":[{\"@type\":\"WebPage\",\"@id\":\"https:\/\/www.csj-emballages.com\/de\/produit\/100-einweg-frittenschachteln-aus-karton-175-x-120-x-70-mm\/\",\"url\":\"https:\/\/www.csj-emballages.com\/de\/produit\/100-einweg-frittenschachteln-aus-karton-175-x-120-x-70-mm\/\",\"name\":\"Burger Box Karton 175 x 120 x 70 mm pro 100\",\"isPartOf\":{\"@id\":\"https:\/\/www.csj-emballages.com\/de\/#website\"},\"primaryImageOfPage\":{\"@id\":\"https:\/\/www.csj-emballages.com\/de\/produit\/100-einweg-frittenschachteln-aus-karton-175-x-120-x-70-mm\/#primaryimage\"},\"image\":{\"@id\":\"https:\/\/www.csj-emballages.com\/de\/produit\/100-einweg-frittenschachteln-aus-karton-175-x-120-x-70-mm\/#primaryimage\"},\"thumbnailUrl\":\"https:\/\/www.csj-emballages.com\/wp-content\/uploads\/2024\/03\/HP2K.webp\",\"datePublished\":\"2024-03-01T15:52:07+00:00\",\"dateModified\":\"2026-03-31T00:14:51+00:00\",\"description\":\"Entscheiden Sie sich f\u00fcr unsere praktische und umweltfreundliche Burgerbox aus Karton, die eine gute Aufbewahrung und Pr\u00e4sentation Ihrer Mahlzeiten zum Mitnehmen garantiert.\",\"breadcrumb\":{\"@id\":\"https:\/\/www.csj-emballages.com\/de\/produit\/100-einweg-frittenschachteln-aus-karton-175-x-120-x-70-mm\/#breadcrumb\"},\"inLanguage\":\"de\",\"potentialAction\":[{\"@type\":\"ReadAction\",\"target\":[\"https:\/\/www.csj-emballages.com\/de\/produit\/100-einweg-frittenschachteln-aus-karton-175-x-120-x-70-mm\/\"]}]},{\"@type\":\"ImageObject\",\"inLanguage\":\"de\",\"@id\":\"https:\/\/www.csj-emballages.com\/de\/produit\/100-einweg-frittenschachteln-aus-karton-175-x-120-x-70-mm\/#primaryimage\",\"url\":\"https:\/\/www.csj-emballages.com\/wp-content\/uploads\/2024\/03\/HP2K.webp\",\"contentUrl\":\"https:\/\/www.csj-emballages.com\/wp-content\/uploads\/2024\/03\/HP2K.webp\",\"width\":800,\"height\":800,\"caption\":\"Boite burger\"},{\"@type\":\"BreadcrumbList\",\"@id\":\"https:\/\/www.csj-emballages.com\/de\/produit\/100-einweg-frittenschachteln-aus-karton-175-x-120-x-70-mm\/#breadcrumb\",\"itemListElement\":[{\"@type\":\"ListItem\",\"position\":1,\"name\":\"Accueil\",\"item\":\"https:\/\/www.csj-emballages.com\/de\/universum-lebensmittelverpackungen\/\"},{\"@type\":\"ListItem\",\"position\":2,\"name\":\"Shop\",\"item\":\"https:\/\/www.csj-emballages.com\/shop\/\"},{\"@type\":\"ListItem\",\"position\":3,\"name\":\"Burgerbox aus Karton 175 x 120 x 70 mm pro 100 St\u00fcck\"}]},{\"@type\":\"WebSite\",\"@id\":\"https:\/\/www.csj-emballages.com\/de\/#website\",\"url\":\"https:\/\/www.csj-emballages.com\/de\/\",\"name\":\"CSJ Emballages\",\"description\":\"\",\"publisher\":{\"@id\":\"https:\/\/www.csj-emballages.com\/de\/#organization\"},\"potentialAction\":[{\"@type\":\"SearchAction\",\"target\":{\"@type\":\"EntryPoint\",\"urlTemplate\":\"https:\/\/www.csj-emballages.com\/de\/?s={search_term_string}\"},\"query-input\":{\"@type\":\"PropertyValueSpecification\",\"valueRequired\":true,\"valueName\":\"search_term_string\"}}],\"inLanguage\":\"de\"},{\"@type\":\"Organization\",\"@id\":\"https:\/\/www.csj-emballages.com\/de\/#Organization\/\",\"name\":\"CSJ Emballages\",\"url\":\"https:\/\/www.csj-emballages.com\/de\/\",\"logo\":{\"@type\":\"ImageObject\",\"inLanguage\":\"de\",\"@id\":\"https:\/\/www.csj-emballages.com\/de\/#\/schema\/logo\/image\/\",\"url\":\"https:\/\/www.csj-emballages.com\/wp-content\/uploads\/2023\/10\/logo_csj.webp\",\"contentUrl\":\"https:\/\/www.csj-emballages.com\/wp-content\/uploads\/2023\/10\/logo_csj.webp\",\"width\":250,\"height\":95,\"caption\":\"CSJ Emballages\"},\"image\":{\"@id\":\"https:\/\/www.csj-emballages.com\/de\/#\/schema\/logo\/image\/\"},\"sameAs\":[\"https:\/\/www.facebook.com\/csjemballages\"],\"address\":{\"@type\":\"PostalAddress\",\"streetAddress\":\"ZI La Lechere\",\"addressLocality\":\"Patornay\",\"postalCode\":\"39130\",\"addressCountry\":\"FR\"},\"contactPoint\":[{\"@type\":\"ContactPoint\",\"contactType\":\"Service client\",\"telephone\":\"0384254272\",\"email\":\"contact@csj-emballages.com\"}]}]}<\/script>\n<!-- \/ Yoast SEO Premium plugin. -->","yoast_head_json":{"title":"Burger Box Karton 175 x 120 x 70 mm pro 100","description":"Entscheiden Sie sich f\u00fcr unsere praktische und umweltfreundliche Burgerbox aus Karton, die eine gute Aufbewahrung und Pr\u00e4sentation Ihrer Mahlzeiten zum Mitnehmen garantiert.","robots":{"index":"index","follow":"follow","max-snippet":"max-snippet:-1","max-image-preview":"max-image-preview:large","max-video-preview":"max-video-preview:-1"},"canonical":"https:\/\/www.csj-emballages.com\/de\/produit\/100-einweg-frittenschachteln-aus-karton-175-x-120-x-70-mm\/","og_locale":"de_DE","og_type":"article","og_title":"Burgerbox aus Karton 175 x 120 x 70 mm pro 100 St\u00fcck","og_description":"Entscheiden Sie sich f\u00fcr unsere praktische und umweltfreundliche Burgerbox aus Karton, die eine gute Aufbewahrung und Pr\u00e4sentation Ihrer Mahlzeiten zum Mitnehmen garantiert.","og_url":"https:\/\/www.csj-emballages.com\/de\/produit\/100-einweg-frittenschachteln-aus-karton-175-x-120-x-70-mm\/","og_site_name":"CSJ Emballages","article_publisher":"https:\/\/www.facebook.com\/csjemballages","article_modified_time":"2026-03-31T00:14:51+00:00","og_image":[{"width":800,"height":800,"url":"https:\/\/www.csj-emballages.com\/wp-content\/uploads\/2024\/03\/HP2K.webp","type":"image\/webp"}],"twitter_card":"summary_large_image","twitter_misc":{"Gesch\u00e4tzte Lesezeit":"2 Minuten"},"schema":{"@context":"https:\/\/schema.org","@graph":[{"@type":"WebPage","@id":"https:\/\/www.csj-emballages.com\/de\/produit\/100-einweg-frittenschachteln-aus-karton-175-x-120-x-70-mm\/","url":"https:\/\/www.csj-emballages.com\/de\/produit\/100-einweg-frittenschachteln-aus-karton-175-x-120-x-70-mm\/","name":"Burger Box Karton 175 x 120 x 70 mm pro 100","isPartOf":{"@id":"https:\/\/www.csj-emballages.com\/de\/#website"},"primaryImageOfPage":{"@id":"https:\/\/www.csj-emballages.com\/de\/produit\/100-einweg-frittenschachteln-aus-karton-175-x-120-x-70-mm\/#primaryimage"},"image":{"@id":"https:\/\/www.csj-emballages.com\/de\/produit\/100-einweg-frittenschachteln-aus-karton-175-x-120-x-70-mm\/#primaryimage"},"thumbnailUrl":"https:\/\/www.csj-emballages.com\/wp-content\/uploads\/2024\/03\/HP2K.webp","datePublished":"2024-03-01T15:52:07+00:00","dateModified":"2026-03-31T00:14:51+00:00","description":"Entscheiden Sie sich f\u00fcr unsere praktische und umweltfreundliche Burgerbox aus Karton, die eine gute Aufbewahrung und Pr\u00e4sentation Ihrer Mahlzeiten zum Mitnehmen garantiert.","breadcrumb":{"@id":"https:\/\/www.csj-emballages.com\/de\/produit\/100-einweg-frittenschachteln-aus-karton-175-x-120-x-70-mm\/#breadcrumb"},"inLanguage":"de","potentialAction":[{"@type":"ReadAction","target":["https:\/\/www.csj-emballages.com\/de\/produit\/100-einweg-frittenschachteln-aus-karton-175-x-120-x-70-mm\/"]}]},{"@type":"ImageObject","inLanguage":"de","@id":"https:\/\/www.csj-emballages.com\/de\/produit\/100-einweg-frittenschachteln-aus-karton-175-x-120-x-70-mm\/#primaryimage","url":"https:\/\/www.csj-emballages.com\/wp-content\/uploads\/2024\/03\/HP2K.webp","contentUrl":"https:\/\/www.csj-emballages.com\/wp-content\/uploads\/2024\/03\/HP2K.webp","width":800,"height":800,"caption":"Boite burger"},{"@type":"BreadcrumbList","@id":"https:\/\/www.csj-emballages.com\/de\/produit\/100-einweg-frittenschachteln-aus-karton-175-x-120-x-70-mm\/#breadcrumb","itemListElement":[{"@type":"ListItem","position":1,"name":"Accueil","item":"https:\/\/www.csj-emballages.com\/de\/universum-lebensmittelverpackungen\/"},{"@type":"ListItem","position":2,"name":"Shop","item":"https:\/\/www.csj-emballages.com\/shop\/"},{"@type":"ListItem","position":3,"name":"Burgerbox aus Karton 175 x 120 x 70 mm pro 100 St\u00fcck"}]},{"@type":"WebSite","@id":"https:\/\/www.csj-emballages.com\/de\/#website","url":"https:\/\/www.csj-emballages.com\/de\/","name":"CSJ Emballages","description":"","publisher":{"@id":"https:\/\/www.csj-emballages.com\/de\/#organization"},"potentialAction":[{"@type":"SearchAction","target":{"@type":"EntryPoint","urlTemplate":"https:\/\/www.csj-emballages.com\/de\/?s={search_term_string}"},"query-input":{"@type":"PropertyValueSpecification","valueRequired":true,"valueName":"search_term_string"}}],"inLanguage":"de"},{"@type":"Organization","@id":"https:\/\/www.csj-emballages.com\/de\/#Organization\/","name":"CSJ Emballages","url":"https:\/\/www.csj-emballages.com\/de\/","logo":{"@type":"ImageObject","inLanguage":"de","@id":"https:\/\/www.csj-emballages.com\/de\/#\/schema\/logo\/image\/","url":"https:\/\/www.csj-emballages.com\/wp-content\/uploads\/2023\/10\/logo_csj.webp","contentUrl":"https:\/\/www.csj-emballages.com\/wp-content\/uploads\/2023\/10\/logo_csj.webp","width":250,"height":95,"caption":"CSJ Emballages"},"image":{"@id":"https:\/\/www.csj-emballages.com\/de\/#\/schema\/logo\/image\/"},"sameAs":["https:\/\/www.facebook.com\/csjemballages"],"address":{"@type":"PostalAddress","streetAddress":"ZI La Lechere","addressLocality":"Patornay","postalCode":"39130","addressCountry":"FR"},"contactPoint":[{"@type":"ContactPoint","contactType":"Service client","telephone":"0384254272","email":"contact@csj-emballages.com"}]}]}},"df_price":19.69,"df_sale_price":"","df_regular_price":19.69,"df_image_link":"https:\/\/www.csj-emballages.com\/wp-content\/uploads\/2024\/03\/HP2K-300x300.webp","tiered_pricing_type":"fixed","tiered_pricing_fixed_rules":[],"tiered_pricing_percentage_rules":[],"tiered_pricing_minimum":1,"tiered_pricing_roles_data":[],"_links":{"self":[{"href":"https:\/\/www.csj-emballages.com\/de\/wp-json\/wp\/v2\/product\/21701","targetHints":{"allow":["GET"]}}],"collection":[{"href":"https:\/\/www.csj-emballages.com\/de\/wp-json\/wp\/v2\/product"}],"about":[{"href":"https:\/\/www.csj-emballages.com\/de\/wp-json\/wp\/v2\/types\/product"}],"wp:featuredmedia":[{"embeddable":true,"href":"https:\/\/www.csj-emballages.com\/de\/wp-json\/wp\/v2\/media\/224557"}],"wp:attachment":[{"href":"https:\/\/www.csj-emballages.com\/de\/wp-json\/wp\/v2\/media?parent=21701"}],"wp:term":[{"taxonomy":"product_brand","embeddable":true,"href":"https:\/\/www.csj-emballages.com\/de\/wp-json\/wp\/v2\/product_brand?post=21701"},{"taxonomy":"product_cat","embeddable":true,"href":"https:\/\/www.csj-emballages.com\/de\/wp-json\/wp\/v2\/product_cat?post=21701"},{"taxonomy":"product_tag","embeddable":true,"href":"https:\/\/www.csj-emballages.com\/de\/wp-json\/wp\/v2\/product_tag?post=21701"}],"curies":[{"name":"wp","href":"https:\/\/api.w.org\/{rel}","templated":true}]}}