{"id":21694,"date":"2024-03-01T16:52:07","date_gmt":"2024-03-01T15:52:07","guid":{"rendered":"https:\/\/u15jnbdpoq.preview.infomaniak.website\/produit\/50-biologisch-abbaubare-bagasse-boxen-2-faecher-225-x-164-x-64-mm\/"},"modified":"2026-04-30T02:14:01","modified_gmt":"2026-04-30T00:14:01","slug":"50-biologisch-abbaubare-bagasse-boxen-2-faecher-225-x-164-x-64-mm","status":"publish","type":"product","link":"https:\/\/www.csj-emballages.com\/de\/produit\/50-biologisch-abbaubare-bagasse-boxen-2-faecher-225-x-164-x-64-mm\/","title":{"rendered":"Essensbox 2 F\u00e4cher Bagasse biologisch abbaubar 245 x 164 x 75 mm pro 50"},"content":{"rendered":"<h2>Mahlzeitbox<\/h2>\n<hr>\n<h3>Beschreibung unserer Essensbox mit 2 F\u00e4chern Bagasse biologisch abbaubar 245 x 164 x 75 mm pro 50 St\u00fcck<!--more--><\/h3>\n<div class=\"flex max-w-full flex-col flex-grow\">\n<div class=\"min-h-8 text-message flex w-full flex-col items-end gap-2 whitespace-normal break-words text-start [.text-message+&amp;]:mt-5\" dir=\"auto\" data-message-author-role=\"assistant\" data-message-id=\"266ca6f3-5e07-4948-bd20-80ac5e6da4a5\" data-message-model-slug=\"gpt-4o\">\n<div class=\"flex w-full flex-col gap-1 empty:hidden first:pt-[3px]\">\n<div class=\"markdown prose w-full break-words dark:prose-invert dark\">\n<p data-start=\"146\" data-end=\"516\">Sie suchen eine praktische, umweltfreundliche und professionelle L\u00f6sung, um Ihre Speisen zum Mitnehmen zu verpacken? Die <strong>Mahlzeitenbox mit 2 F\u00e4chern aus Bagasse<\/strong> ist ganz einfach ein Muss f\u00fcr alle umweltbewussten Gastronomen, Caterer oder Eventveranstalter &#8211; ohne jemals auf Praktikabilit\u00e4t zu verzichten! <\/p>\n<p data-start=\"518\" data-end=\"810\">Diese aus <strong data-start=\"540\" data-end=\"551\">Bagasse<\/strong>, einem <strong>nat\u00fcrlichen Abfallprodukt aus Zuckerrohr<\/strong>, hergestellte <strong>Essensbox<\/strong> ist <strong data-start=\"613\" data-end=\"651\">zu 100 % biologisch abbaubar und kompostierbar<\/strong>. Sie ist eine nachhaltige Alternative zu Verpackungen aus Plastik oder Polystyrol und bietet eine hervorragende Hitze- und Feuchtigkeitsbest\u00e4ndigkeit. <\/p>\n<p data-start=\"812\" data-end=\"1107\">Mit seinen <strong data-start=\"821\" data-end=\"843\">zwei F\u00e4chern<\/strong> erm\u00f6glicht er eine <strong data-start=\"860\" data-end=\"895\">einfache Trennung der Speisen<\/strong>, egal ob es sich um ein warmes Gericht mit Beilagen oder ein Vorspeisen-\/Hauptgericht-Men\u00fc handelt. Mit ihrer gro\u00dfz\u00fcgigen Gr\u00f6\u00dfe von <strong>245 x 164 x 75 mm<\/strong> ist sie der ideale Beh\u00e4lter f\u00fcr \u00fcppige Portionen, dabei ist sie stapelbar und leicht zu lagern. <\/p>\n<p data-start=\"1109\" data-end=\"1458\">Die steife Struktur der Bagasse bietet einen guten Griff, verformt sich nicht bei Gerichten mit So\u00dfe und vertr\u00e4gt sowohl die <strong data-start=\"1243\" data-end=\"1258\">Mikrowelle<\/strong> als auch den <strong data-start=\"1266\" data-end=\"1283\">K\u00fchlschrank<\/strong>. Denn ob f\u00fcr Lieferungen, Take-away-Service oder Outdoor-Veranstaltungen, diese Box erf\u00fcllt die Anforderungen von Profis&#8230; wie auch von anspruchsvollen Privatpersonen! <\/p>\n<p data-start=\"1460\" data-end=\"1581\">Au\u00dferdem gewinnen Sie an Image: Ihre Kunden werden die umweltbewussten Bem\u00fchungen und die gepflegte Pr\u00e4sentation Ihrer Gerichte zu sch\u00e4tzen wissen.<\/p>\n<p>&nbsp;<\/p>\n<\/div>\n<\/div>\n<\/div>\n<\/div>\n<p><!--more--><\/p>\n<h4>Vorteile :<\/h4>\n<ul>\n<li>Biologisch abbaubare und kompostierbare Verpackung.<\/li>\n<li>Zwei F\u00e4cher, um die Lebensmittel zu trennen.<\/li>\n<li>Best\u00e4ndig gegen hei\u00dfe Speisen, Mikrowellen und K\u00fchlschr\u00e4nke.<\/li>\n<li>Starre, auslaufsichere Struktur.<\/li>\n<li>Ideal f\u00fcr den Verkauf zum Mitnehmen oder f\u00fcr gelieferte Mahlzeiten.<\/li>\n<\/ul>\n<p>&nbsp;<\/p>\n<p><!--more--><\/p>\n<h4>Weitere Informationen :<\/h4>\n<ul>\n<li><strong>Verpackung<\/strong>: Packung mit 50 St\u00fcck<\/li>\n<li><strong>Abmessungen<\/strong>: 245 x 164 x 75 mm<\/li>\n<li><strong>Material<\/strong>: Bagasse (Zuckerrohrfaser)<\/li>\n<li><strong>Farbe<\/strong>: Wei\u00df<\/li>\n<li><b>Kapazit\u00e4t: <\/b>2 F\u00e4cher<\/li>\n<li><strong>Betriebstemperatur<\/strong>: -4\u00b0C \/ +100\u00b0C<\/li>\n<\/ul>\n<p>&nbsp;<\/p>\n<p><!--more--><\/p>\n<p>Dieses Produkt ist auch als 3-teiliges Produkt erh\u00e4ltlich: <span style=\"color: #d12727;\"><a style=\"color: #d12727;\" href=\"https:\/\/www.csj-emballages.com\/es\/produit\/50-cajas-biodegradables-de-bagazo-de-3-compartimentos-236-x-229-x-85-mm\/\">HP43BIO<\/a><\/span><\/p>\n<p>&nbsp;<\/p>\n<p><!--more--><\/p>\n<p><a href=\"https:\/\/www.csj-emballages.com\/de\/categorie-produit\/lebensmittelverpackungen\/bio-sortiment\/eller-abletts-boxen\/bio-scharnierboxen\/\">Sehen Sie sich den Rest unseres Sortiments an Bio-Scharnierboxen an.<\/a><\/p>\n","protected":false},"excerpt":{"rendered":"<p>Mahlzeitbox Beschreibung unserer Essensbox mit 2 F\u00e4chern Bagasse biologisch abbaubar 245 x 164 x 75 mm pro 50 St\u00fcck<\/p>\n","protected":false},"featured_media":239946,"template":"","meta":{"_acf_changed":false},"product_brand":[],"product_cat":[1134,1146,2794],"product_tag":[],"class_list":{"0":"post-21694","1":"product","2":"type-product","3":"status-publish","4":"has-post-thumbnail","6":"product_cat-restauration-de","7":"product_cat-bio-sortiment","8":"product_cat-bio-scharnierboxen","10":"first","11":"instock","12":"taxable","13":"shipping-taxable","14":"purchasable","15":"product-type-simple"},"acf":[],"yoast_head":"<!-- This site is optimized with the Yoast SEO Premium plugin v26.6 (Yoast SEO v26.6) - https:\/\/yoast.com\/wordpress\/plugins\/seo\/ -->\n<title>Biologisch abbaubare Essensbox mit 2 F\u00e4chern 245 x 164 x 75 mm<\/title>\n<meta name=\"description\" content=\"Essensbox mit 2 F\u00e4chern aus biologisch abbaubarem Bagasse - widerstandsf\u00e4hig, praktisch und umweltfreundlich. Perfekt f\u00fcr Caterer und Gastronomen. Los von 50.\" \/>\n<meta name=\"robots\" content=\"index, follow, max-snippet:-1, max-image-preview:large, max-video-preview:-1\" \/>\n<link rel=\"canonical\" href=\"https:\/\/www.csj-emballages.com\/de\/produit\/50-biologisch-abbaubare-bagasse-boxen-2-faecher-225-x-164-x-64-mm\/\" \/>\n<meta property=\"og:locale\" content=\"de_DE\" \/>\n<meta property=\"og:type\" content=\"article\" \/>\n<meta property=\"og:title\" content=\"Essensbox 2 F\u00e4cher Bagasse biologisch abbaubar 245 x 164 x 75 mm pro 50\" \/>\n<meta property=\"og:description\" content=\"Essensbox mit 2 F\u00e4chern aus biologisch abbaubarem Bagasse - widerstandsf\u00e4hig, praktisch und umweltfreundlich. Perfekt f\u00fcr Caterer und Gastronomen. Los von 50.\" \/>\n<meta property=\"og:url\" content=\"https:\/\/www.csj-emballages.com\/de\/produit\/50-biologisch-abbaubare-bagasse-boxen-2-faecher-225-x-164-x-64-mm\/\" \/>\n<meta property=\"og:site_name\" content=\"CSJ Emballages\" \/>\n<meta property=\"article:publisher\" content=\"https:\/\/www.facebook.com\/csjemballages\" \/>\n<meta property=\"article:modified_time\" content=\"2026-04-30T00:14:01+00:00\" \/>\n<meta property=\"og:image\" content=\"https:\/\/www.csj-emballages.com\/wp-content\/uploads\/2024\/03\/HP32BIO-3.webp\" \/>\n\t<meta property=\"og:image:width\" content=\"800\" \/>\n\t<meta property=\"og:image:height\" content=\"800\" \/>\n\t<meta property=\"og:image:type\" content=\"image\/webp\" \/>\n<meta name=\"twitter:card\" content=\"summary_large_image\" \/>\n<meta name=\"twitter:label1\" content=\"Gesch\u00e4tzte Lesezeit\" \/>\n\t<meta name=\"twitter:data1\" content=\"2 Minuten\" \/>\n<script type=\"application\/ld+json\" class=\"yoast-schema-graph\">{\"@context\":\"https:\/\/schema.org\",\"@graph\":[{\"@type\":\"WebPage\",\"@id\":\"https:\/\/www.csj-emballages.com\/de\/produit\/50-biologisch-abbaubare-bagasse-boxen-2-faecher-225-x-164-x-64-mm\/\",\"url\":\"https:\/\/www.csj-emballages.com\/de\/produit\/50-biologisch-abbaubare-bagasse-boxen-2-faecher-225-x-164-x-64-mm\/\",\"name\":\"Biologisch abbaubare Essensbox mit 2 F\u00e4chern 245 x 164 x 75 mm\",\"isPartOf\":{\"@id\":\"https:\/\/www.csj-emballages.com\/de\/#website\"},\"primaryImageOfPage\":{\"@id\":\"https:\/\/www.csj-emballages.com\/de\/produit\/50-biologisch-abbaubare-bagasse-boxen-2-faecher-225-x-164-x-64-mm\/#primaryimage\"},\"image\":{\"@id\":\"https:\/\/www.csj-emballages.com\/de\/produit\/50-biologisch-abbaubare-bagasse-boxen-2-faecher-225-x-164-x-64-mm\/#primaryimage\"},\"thumbnailUrl\":\"https:\/\/www.csj-emballages.com\/wp-content\/uploads\/2024\/03\/HP32BIO-3.webp\",\"datePublished\":\"2024-03-01T15:52:07+00:00\",\"dateModified\":\"2026-04-30T00:14:01+00:00\",\"description\":\"Essensbox mit 2 F\u00e4chern aus biologisch abbaubarem Bagasse - widerstandsf\u00e4hig, praktisch und umweltfreundlich. Perfekt f\u00fcr Caterer und Gastronomen. Los von 50.\",\"breadcrumb\":{\"@id\":\"https:\/\/www.csj-emballages.com\/de\/produit\/50-biologisch-abbaubare-bagasse-boxen-2-faecher-225-x-164-x-64-mm\/#breadcrumb\"},\"inLanguage\":\"de\",\"potentialAction\":[{\"@type\":\"ReadAction\",\"target\":[\"https:\/\/www.csj-emballages.com\/de\/produit\/50-biologisch-abbaubare-bagasse-boxen-2-faecher-225-x-164-x-64-mm\/\"]}]},{\"@type\":\"ImageObject\",\"inLanguage\":\"de\",\"@id\":\"https:\/\/www.csj-emballages.com\/de\/produit\/50-biologisch-abbaubare-bagasse-boxen-2-faecher-225-x-164-x-64-mm\/#primaryimage\",\"url\":\"https:\/\/www.csj-emballages.com\/wp-content\/uploads\/2024\/03\/HP32BIO-3.webp\",\"contentUrl\":\"https:\/\/www.csj-emballages.com\/wp-content\/uploads\/2024\/03\/HP32BIO-3.webp\",\"width\":800,\"height\":800,\"caption\":\"Boite repas 2 compartiments\"},{\"@type\":\"BreadcrumbList\",\"@id\":\"https:\/\/www.csj-emballages.com\/de\/produit\/50-biologisch-abbaubare-bagasse-boxen-2-faecher-225-x-164-x-64-mm\/#breadcrumb\",\"itemListElement\":[{\"@type\":\"ListItem\",\"position\":1,\"name\":\"Accueil\",\"item\":\"https:\/\/www.csj-emballages.com\/de\/universum-lebensmittelverpackungen\/\"},{\"@type\":\"ListItem\",\"position\":2,\"name\":\"Shop\",\"item\":\"https:\/\/www.csj-emballages.com\/shop\/\"},{\"@type\":\"ListItem\",\"position\":3,\"name\":\"Essensbox 2 F\u00e4cher Bagasse biologisch abbaubar 245 x 164 x 75 mm pro 50\"}]},{\"@type\":\"WebSite\",\"@id\":\"https:\/\/www.csj-emballages.com\/de\/#website\",\"url\":\"https:\/\/www.csj-emballages.com\/de\/\",\"name\":\"CSJ Emballages\",\"description\":\"\",\"publisher\":{\"@id\":\"https:\/\/www.csj-emballages.com\/de\/#organization\"},\"potentialAction\":[{\"@type\":\"SearchAction\",\"target\":{\"@type\":\"EntryPoint\",\"urlTemplate\":\"https:\/\/www.csj-emballages.com\/de\/?s={search_term_string}\"},\"query-input\":{\"@type\":\"PropertyValueSpecification\",\"valueRequired\":true,\"valueName\":\"search_term_string\"}}],\"inLanguage\":\"de\"},{\"@type\":\"Organization\",\"@id\":\"https:\/\/www.csj-emballages.com\/de\/#Organization\/\",\"name\":\"CSJ Emballages\",\"url\":\"https:\/\/www.csj-emballages.com\/de\/\",\"logo\":{\"@type\":\"ImageObject\",\"inLanguage\":\"de\",\"@id\":\"https:\/\/www.csj-emballages.com\/de\/#\/schema\/logo\/image\/\",\"url\":\"https:\/\/www.csj-emballages.com\/wp-content\/uploads\/2023\/10\/logo_csj.webp\",\"contentUrl\":\"https:\/\/www.csj-emballages.com\/wp-content\/uploads\/2023\/10\/logo_csj.webp\",\"width\":250,\"height\":95,\"caption\":\"CSJ Emballages\"},\"image\":{\"@id\":\"https:\/\/www.csj-emballages.com\/de\/#\/schema\/logo\/image\/\"},\"sameAs\":[\"https:\/\/www.facebook.com\/csjemballages\"],\"address\":{\"@type\":\"PostalAddress\",\"streetAddress\":\"ZI La Lechere\",\"addressLocality\":\"Patornay\",\"postalCode\":\"39130\",\"addressCountry\":\"FR\"},\"contactPoint\":[{\"@type\":\"ContactPoint\",\"contactType\":\"Service client\",\"telephone\":\"0384254272\",\"email\":\"contact@csj-emballages.com\"}]}]}<\/script>\n<!-- \/ Yoast SEO Premium plugin. -->","yoast_head_json":{"title":"Biologisch abbaubare Essensbox mit 2 F\u00e4chern 245 x 164 x 75 mm","description":"Essensbox mit 2 F\u00e4chern aus biologisch abbaubarem Bagasse - widerstandsf\u00e4hig, praktisch und umweltfreundlich. Perfekt f\u00fcr Caterer und Gastronomen. Los von 50.","robots":{"index":"index","follow":"follow","max-snippet":"max-snippet:-1","max-image-preview":"max-image-preview:large","max-video-preview":"max-video-preview:-1"},"canonical":"https:\/\/www.csj-emballages.com\/de\/produit\/50-biologisch-abbaubare-bagasse-boxen-2-faecher-225-x-164-x-64-mm\/","og_locale":"de_DE","og_type":"article","og_title":"Essensbox 2 F\u00e4cher Bagasse biologisch abbaubar 245 x 164 x 75 mm pro 50","og_description":"Essensbox mit 2 F\u00e4chern aus biologisch abbaubarem Bagasse - widerstandsf\u00e4hig, praktisch und umweltfreundlich. Perfekt f\u00fcr Caterer und Gastronomen. Los von 50.","og_url":"https:\/\/www.csj-emballages.com\/de\/produit\/50-biologisch-abbaubare-bagasse-boxen-2-faecher-225-x-164-x-64-mm\/","og_site_name":"CSJ Emballages","article_publisher":"https:\/\/www.facebook.com\/csjemballages","article_modified_time":"2026-04-30T00:14:01+00:00","og_image":[{"width":800,"height":800,"url":"https:\/\/www.csj-emballages.com\/wp-content\/uploads\/2024\/03\/HP32BIO-3.webp","type":"image\/webp"}],"twitter_card":"summary_large_image","twitter_misc":{"Gesch\u00e4tzte Lesezeit":"2 Minuten"},"schema":{"@context":"https:\/\/schema.org","@graph":[{"@type":"WebPage","@id":"https:\/\/www.csj-emballages.com\/de\/produit\/50-biologisch-abbaubare-bagasse-boxen-2-faecher-225-x-164-x-64-mm\/","url":"https:\/\/www.csj-emballages.com\/de\/produit\/50-biologisch-abbaubare-bagasse-boxen-2-faecher-225-x-164-x-64-mm\/","name":"Biologisch abbaubare Essensbox mit 2 F\u00e4chern 245 x 164 x 75 mm","isPartOf":{"@id":"https:\/\/www.csj-emballages.com\/de\/#website"},"primaryImageOfPage":{"@id":"https:\/\/www.csj-emballages.com\/de\/produit\/50-biologisch-abbaubare-bagasse-boxen-2-faecher-225-x-164-x-64-mm\/#primaryimage"},"image":{"@id":"https:\/\/www.csj-emballages.com\/de\/produit\/50-biologisch-abbaubare-bagasse-boxen-2-faecher-225-x-164-x-64-mm\/#primaryimage"},"thumbnailUrl":"https:\/\/www.csj-emballages.com\/wp-content\/uploads\/2024\/03\/HP32BIO-3.webp","datePublished":"2024-03-01T15:52:07+00:00","dateModified":"2026-04-30T00:14:01+00:00","description":"Essensbox mit 2 F\u00e4chern aus biologisch abbaubarem Bagasse - widerstandsf\u00e4hig, praktisch und umweltfreundlich. Perfekt f\u00fcr Caterer und Gastronomen. Los von 50.","breadcrumb":{"@id":"https:\/\/www.csj-emballages.com\/de\/produit\/50-biologisch-abbaubare-bagasse-boxen-2-faecher-225-x-164-x-64-mm\/#breadcrumb"},"inLanguage":"de","potentialAction":[{"@type":"ReadAction","target":["https:\/\/www.csj-emballages.com\/de\/produit\/50-biologisch-abbaubare-bagasse-boxen-2-faecher-225-x-164-x-64-mm\/"]}]},{"@type":"ImageObject","inLanguage":"de","@id":"https:\/\/www.csj-emballages.com\/de\/produit\/50-biologisch-abbaubare-bagasse-boxen-2-faecher-225-x-164-x-64-mm\/#primaryimage","url":"https:\/\/www.csj-emballages.com\/wp-content\/uploads\/2024\/03\/HP32BIO-3.webp","contentUrl":"https:\/\/www.csj-emballages.com\/wp-content\/uploads\/2024\/03\/HP32BIO-3.webp","width":800,"height":800,"caption":"Boite repas 2 compartiments"},{"@type":"BreadcrumbList","@id":"https:\/\/www.csj-emballages.com\/de\/produit\/50-biologisch-abbaubare-bagasse-boxen-2-faecher-225-x-164-x-64-mm\/#breadcrumb","itemListElement":[{"@type":"ListItem","position":1,"name":"Accueil","item":"https:\/\/www.csj-emballages.com\/de\/universum-lebensmittelverpackungen\/"},{"@type":"ListItem","position":2,"name":"Shop","item":"https:\/\/www.csj-emballages.com\/shop\/"},{"@type":"ListItem","position":3,"name":"Essensbox 2 F\u00e4cher Bagasse biologisch abbaubar 245 x 164 x 75 mm pro 50"}]},{"@type":"WebSite","@id":"https:\/\/www.csj-emballages.com\/de\/#website","url":"https:\/\/www.csj-emballages.com\/de\/","name":"CSJ Emballages","description":"","publisher":{"@id":"https:\/\/www.csj-emballages.com\/de\/#organization"},"potentialAction":[{"@type":"SearchAction","target":{"@type":"EntryPoint","urlTemplate":"https:\/\/www.csj-emballages.com\/de\/?s={search_term_string}"},"query-input":{"@type":"PropertyValueSpecification","valueRequired":true,"valueName":"search_term_string"}}],"inLanguage":"de"},{"@type":"Organization","@id":"https:\/\/www.csj-emballages.com\/de\/#Organization\/","name":"CSJ Emballages","url":"https:\/\/www.csj-emballages.com\/de\/","logo":{"@type":"ImageObject","inLanguage":"de","@id":"https:\/\/www.csj-emballages.com\/de\/#\/schema\/logo\/image\/","url":"https:\/\/www.csj-emballages.com\/wp-content\/uploads\/2023\/10\/logo_csj.webp","contentUrl":"https:\/\/www.csj-emballages.com\/wp-content\/uploads\/2023\/10\/logo_csj.webp","width":250,"height":95,"caption":"CSJ Emballages"},"image":{"@id":"https:\/\/www.csj-emballages.com\/de\/#\/schema\/logo\/image\/"},"sameAs":["https:\/\/www.facebook.com\/csjemballages"],"address":{"@type":"PostalAddress","streetAddress":"ZI La Lechere","addressLocality":"Patornay","postalCode":"39130","addressCountry":"FR"},"contactPoint":[{"@type":"ContactPoint","contactType":"Service client","telephone":"0384254272","email":"contact@csj-emballages.com"}]}]}},"df_price":12.04,"df_sale_price":"","df_regular_price":12.04,"df_image_link":"https:\/\/www.csj-emballages.com\/wp-content\/uploads\/2024\/03\/HP32BIO-3-300x300.webp","tiered_pricing_type":"fixed","tiered_pricing_fixed_rules":[],"tiered_pricing_percentage_rules":[],"tiered_pricing_minimum":1,"tiered_pricing_roles_data":[],"_links":{"self":[{"href":"https:\/\/www.csj-emballages.com\/de\/wp-json\/wp\/v2\/product\/21694","targetHints":{"allow":["GET"]}}],"collection":[{"href":"https:\/\/www.csj-emballages.com\/de\/wp-json\/wp\/v2\/product"}],"about":[{"href":"https:\/\/www.csj-emballages.com\/de\/wp-json\/wp\/v2\/types\/product"}],"wp:featuredmedia":[{"embeddable":true,"href":"https:\/\/www.csj-emballages.com\/de\/wp-json\/wp\/v2\/media\/239946"}],"wp:attachment":[{"href":"https:\/\/www.csj-emballages.com\/de\/wp-json\/wp\/v2\/media?parent=21694"}],"wp:term":[{"taxonomy":"product_brand","embeddable":true,"href":"https:\/\/www.csj-emballages.com\/de\/wp-json\/wp\/v2\/product_brand?post=21694"},{"taxonomy":"product_cat","embeddable":true,"href":"https:\/\/www.csj-emballages.com\/de\/wp-json\/wp\/v2\/product_cat?post=21694"},{"taxonomy":"product_tag","embeddable":true,"href":"https:\/\/www.csj-emballages.com\/de\/wp-json\/wp\/v2\/product_tag?post=21694"}],"curies":[{"name":"wp","href":"https:\/\/api.w.org\/{rel}","templated":true}]}}