{"id":21685,"date":"2024-03-01T16:52:06","date_gmt":"2024-03-01T15:52:06","guid":{"rendered":"https:\/\/u15jnbdpoq.preview.infomaniak.website\/produit\/50-boxen-mit-3-faechern-aus-biologisch-abbaubarer-bagasse-236-x-229-x-85-mm\/"},"modified":"2026-04-30T21:00:23","modified_gmt":"2026-04-30T19:00:23","slug":"50-boxen-mit-3-faechern-aus-biologisch-abbaubarer-bagasse-236-x-229-x-85-mm","status":"publish","type":"product","link":"https:\/\/www.csj-emballages.com\/de\/produit\/50-boxen-mit-3-faechern-aus-biologisch-abbaubarer-bagasse-236-x-229-x-85-mm\/","title":{"rendered":"Essensbox 3 F\u00e4cher Bagasse biologisch abbaubar 236 x 229 x 85 mm pro 50"},"content":{"rendered":"<h2>Mahlzeitbox<\/h2>\n<hr>\n<h3>Beschreibung unserer Lunchbox mit 3 F\u00e4chern Bagasse biologisch abbaubar 236 x 229 x 85 mm pro 50 St\u00fcck<!--more--><\/h3>\n<div class=\"flex max-w-full flex-col flex-grow\">\n<div class=\"min-h-8 text-message flex w-full flex-col items-end gap-2 whitespace-normal break-words text-start [.text-message+&amp;]:mt-5\" dir=\"auto\" data-message-author-role=\"assistant\" data-message-id=\"266ca6f3-5e07-4948-bd20-80ac5e6da4a5\" data-message-model-slug=\"gpt-4o\">\n<div class=\"flex w-full flex-col gap-1 empty:hidden first:pt-[3px]\">\n<div class=\"markdown prose w-full break-words dark:prose-invert dark\">\n<p data-start=\"318\" data-end=\"735\"><strong data-start=\"390\" data-end=\"440\">Diese 3-teilige Essensbox aus Bagasse<\/strong> wurde speziell f\u00fcr die Bed\u00fcrfnisse von Gastronomiebetrieben entwickelt und ist eine praktische, umweltfreundliche und elegante L\u00f6sung f\u00fcr das Servieren von Speisen zum Mitnehmen oder von Mahlzeiten vor Ort. Sie wird aus <strong>Zuckerrohrfasern<\/strong><strong>(Bagasse<\/strong>) hergestellt und ist zu <strong>100 % biologisch abbaubar<\/strong> und <strong>kompostierbar<\/strong>, was sie zu einer nachhaltigen Alternative zu Verpackungen aus Plastik oder Aluminium macht. <\/p>\n<p data-start=\"737\" data-end=\"1126\">Mit ihren <strong data-start=\"746\" data-end=\"780\">drei klar getrenn<\/strong>ten <strong data-start=\"746\" data-end=\"780\">F\u00e4chern<\/strong> erm\u00f6glicht sie die Trennung von Speisen (Hauptgericht, Beilage, Nachtisch oder Sauce), ohne dass die Gefahr besteht, dass sie sich vermischen, und beh\u00e4lt dabei den Geschmack unver\u00e4ndert bei. Das gro\u00dfz\u00fcgige Format von <strong>236 x 229 x 85 mm<\/strong> eignet sich perfekt f\u00fcr komplette Portionen, ideal f\u00fcr Mittagessen in Unternehmen, Foodtrucks, Kantinen oder auch f\u00fcr Veranstaltungen und Festivals. <\/p>\n<p data-start=\"1128\" data-end=\"1340\">Sie ist robust, hitze- und k\u00e4ltebest\u00e4ndig, kann hei\u00dfe Speisen aufnehmen, ohne sich zu verformen, und ist sogar <strong>mikrowellengeeignet<\/strong>. Der <strong>wiederverschlie\u00dfbare Scharnierdeckel<\/strong> erm\u00f6glicht einen sicheren Transport ohne Auslaufen oder Zerquetschen. <\/p>\n<p data-start=\"1342\" data-end=\"1548\">Wenn Sie sich f\u00fcr diese <strong>biologisch abbaubare Lunchbox mit 3 F\u00e4chern<\/strong> entscheiden, zeigen Sie Ihren Kunden, dass <strong data-start=\"1412\" data-end=\"1455\">Praktikabilit\u00e4t und Umweltfreundlichkeit<\/strong> Hand in Hand gehen k\u00f6nnen. Eine professionelle L\u00f6sung, die f\u00fcr die Anforderungen von heute gedacht ist. <\/p>\n<p data-start=\"1342\" data-end=\"1548\">\n<\/div>\n<\/div>\n<\/div>\n<\/div>\n<p><!--more--><\/p>\n<h4>Vorteile :<\/h4>\n<ul>\n<li>Biologisch abbaubare und kompostierbare Verpackung.<\/li>\n<li>Drei F\u00e4cher zum Trennen der Lebensmittel.<\/li>\n<li>Best\u00e4ndig gegen hei\u00dfe Speisen, Mikrowellen und K\u00fchlschr\u00e4nke.<\/li>\n<li>Starre, auslaufsichere Struktur.<\/li>\n<li>Ideal f\u00fcr den Verkauf zum Mitnehmen oder f\u00fcr gelieferte Mahlzeiten.<\/li>\n<\/ul>\n<p>&nbsp;<\/p>\n<p><!--more--><\/p>\n<h4>Weitere Informationen :<\/h4>\n<ul>\n<li><strong>Verpackung<\/strong>: Packung mit 50 St\u00fcck<\/li>\n<li><strong>Ma\u00dfe<\/strong>: 236 x 229 x 85 mm<\/li>\n<li><strong>Material<\/strong>: Bagasse (Zuckerrohrfaser)<\/li>\n<li><strong>Farbe<\/strong>: Wei\u00df<\/li>\n<li><b>Kapazit\u00e4t <\/b>: 3 F\u00e4cher<\/li>\n<li><strong>Betriebstemperatur<\/strong>: -4\u00b0C \/ +100\u00b0C<\/li>\n<\/ul>\n<p>&nbsp;<\/p>\n<p><!--more--><\/p>\n<p>Dieses Produkt ist auch in 2 F\u00e4chern erh\u00e4ltlich : <span style=\"color: #d12727;\"><a style=\"color: #d12727;\" href=\"https:\/\/www.csj-emballages.com\/es\/produit\/50-cajas-biodegradables-de-bagazo-2-compartimentos-225-x-164-x-64-mm\/\">HP32BIO<\/a><\/span><\/p>\n<p>&nbsp;<\/p>\n<p><!--more--><\/p>\n<p><a href=\"https:\/\/www.csj-emballages.com\/de\/categorie-produit\/lebensmittelverpackungen\/bio-sortiment\/eller-abletts-boxen\/bio-scharnierboxen\/\">Sehen Sie sich den Rest unseres Sortiments an Bio-Scharnierboxen an.<\/a><\/p>\n","protected":false},"excerpt":{"rendered":"<p>Mahlzeitbox Beschreibung unserer Lunchbox mit 3 F\u00e4chern Bagasse biologisch abbaubar 236 x 229 x 85 mm pro 50 St\u00fcck<\/p>\n","protected":false},"featured_media":239955,"template":"","meta":{"_acf_changed":false},"product_brand":[],"product_cat":[1134,1146,2794],"product_tag":[],"class_list":{"0":"post-21685","1":"product","2":"type-product","3":"status-publish","4":"has-post-thumbnail","6":"product_cat-restauration-de","7":"product_cat-bio-sortiment","8":"product_cat-bio-scharnierboxen","10":"first","11":"instock","12":"taxable","13":"shipping-taxable","14":"purchasable","15":"product-type-simple"},"acf":[],"yoast_head":"<!-- This site is optimized with the Yoast SEO Premium plugin v26.6 (Yoast SEO v26.6) - https:\/\/yoast.com\/wordpress\/plugins\/seo\/ -->\n<title>Biologisch abbaubare 3-Fach-Mahlzeitbox 236 x 229 x 85 mm<\/title>\n<meta name=\"description\" content=\"Mahlzeitendose mit 3 F\u00e4chern aus biologisch abbaubarer Bagasse - ideal f\u00fcr den Verkauf zum Mitnehmen, widerstandsf\u00e4hig und kompostierbar. Format 236 x 229 x 85 mm - Packung mit 50 St\u00fcck.\" \/>\n<meta name=\"robots\" content=\"index, follow, max-snippet:-1, max-image-preview:large, max-video-preview:-1\" \/>\n<link rel=\"canonical\" href=\"https:\/\/www.csj-emballages.com\/de\/produit\/50-boxen-mit-3-faechern-aus-biologisch-abbaubarer-bagasse-236-x-229-x-85-mm\/\" \/>\n<meta property=\"og:locale\" content=\"de_DE\" \/>\n<meta property=\"og:type\" content=\"article\" \/>\n<meta property=\"og:title\" content=\"Essensbox 3 F\u00e4cher Bagasse biologisch abbaubar 236 x 229 x 85 mm pro 50\" \/>\n<meta property=\"og:description\" content=\"Mahlzeitendose mit 3 F\u00e4chern aus biologisch abbaubarer Bagasse - ideal f\u00fcr den Verkauf zum Mitnehmen, widerstandsf\u00e4hig und kompostierbar. Format 236 x 229 x 85 mm - Packung mit 50 St\u00fcck.\" \/>\n<meta property=\"og:url\" content=\"https:\/\/www.csj-emballages.com\/de\/produit\/50-boxen-mit-3-faechern-aus-biologisch-abbaubarer-bagasse-236-x-229-x-85-mm\/\" \/>\n<meta property=\"og:site_name\" content=\"CSJ Emballages\" \/>\n<meta property=\"article:publisher\" content=\"https:\/\/www.facebook.com\/csjemballages\" \/>\n<meta property=\"article:modified_time\" content=\"2026-04-30T19:00:23+00:00\" \/>\n<meta property=\"og:image\" content=\"https:\/\/www.csj-emballages.com\/wp-content\/uploads\/2024\/03\/HP43BIO.webp\" \/>\n\t<meta property=\"og:image:width\" content=\"800\" \/>\n\t<meta property=\"og:image:height\" content=\"800\" \/>\n\t<meta property=\"og:image:type\" content=\"image\/webp\" \/>\n<meta name=\"twitter:card\" content=\"summary_large_image\" \/>\n<meta name=\"twitter:label1\" content=\"Gesch\u00e4tzte Lesezeit\" \/>\n\t<meta name=\"twitter:data1\" content=\"2 Minuten\" \/>\n<script type=\"application\/ld+json\" class=\"yoast-schema-graph\">{\"@context\":\"https:\/\/schema.org\",\"@graph\":[{\"@type\":\"WebPage\",\"@id\":\"https:\/\/www.csj-emballages.com\/de\/produit\/50-boxen-mit-3-faechern-aus-biologisch-abbaubarer-bagasse-236-x-229-x-85-mm\/\",\"url\":\"https:\/\/www.csj-emballages.com\/de\/produit\/50-boxen-mit-3-faechern-aus-biologisch-abbaubarer-bagasse-236-x-229-x-85-mm\/\",\"name\":\"Biologisch abbaubare 3-Fach-Mahlzeitbox 236 x 229 x 85 mm\",\"isPartOf\":{\"@id\":\"https:\/\/www.csj-emballages.com\/de\/#website\"},\"primaryImageOfPage\":{\"@id\":\"https:\/\/www.csj-emballages.com\/de\/produit\/50-boxen-mit-3-faechern-aus-biologisch-abbaubarer-bagasse-236-x-229-x-85-mm\/#primaryimage\"},\"image\":{\"@id\":\"https:\/\/www.csj-emballages.com\/de\/produit\/50-boxen-mit-3-faechern-aus-biologisch-abbaubarer-bagasse-236-x-229-x-85-mm\/#primaryimage\"},\"thumbnailUrl\":\"https:\/\/www.csj-emballages.com\/wp-content\/uploads\/2024\/03\/HP43BIO.webp\",\"datePublished\":\"2024-03-01T15:52:06+00:00\",\"dateModified\":\"2026-04-30T19:00:23+00:00\",\"description\":\"Mahlzeitendose mit 3 F\u00e4chern aus biologisch abbaubarer Bagasse - ideal f\u00fcr den Verkauf zum Mitnehmen, widerstandsf\u00e4hig und kompostierbar. Format 236 x 229 x 85 mm - Packung mit 50 St\u00fcck.\",\"breadcrumb\":{\"@id\":\"https:\/\/www.csj-emballages.com\/de\/produit\/50-boxen-mit-3-faechern-aus-biologisch-abbaubarer-bagasse-236-x-229-x-85-mm\/#breadcrumb\"},\"inLanguage\":\"de\",\"potentialAction\":[{\"@type\":\"ReadAction\",\"target\":[\"https:\/\/www.csj-emballages.com\/de\/produit\/50-boxen-mit-3-faechern-aus-biologisch-abbaubarer-bagasse-236-x-229-x-85-mm\/\"]}]},{\"@type\":\"ImageObject\",\"inLanguage\":\"de\",\"@id\":\"https:\/\/www.csj-emballages.com\/de\/produit\/50-boxen-mit-3-faechern-aus-biologisch-abbaubarer-bagasse-236-x-229-x-85-mm\/#primaryimage\",\"url\":\"https:\/\/www.csj-emballages.com\/wp-content\/uploads\/2024\/03\/HP43BIO.webp\",\"contentUrl\":\"https:\/\/www.csj-emballages.com\/wp-content\/uploads\/2024\/03\/HP43BIO.webp\",\"width\":800,\"height\":800,\"caption\":\"Boite repas 3 compartiments\"},{\"@type\":\"BreadcrumbList\",\"@id\":\"https:\/\/www.csj-emballages.com\/de\/produit\/50-boxen-mit-3-faechern-aus-biologisch-abbaubarer-bagasse-236-x-229-x-85-mm\/#breadcrumb\",\"itemListElement\":[{\"@type\":\"ListItem\",\"position\":1,\"name\":\"Accueil\",\"item\":\"https:\/\/www.csj-emballages.com\/de\/universum-lebensmittelverpackungen\/\"},{\"@type\":\"ListItem\",\"position\":2,\"name\":\"Shop\",\"item\":\"https:\/\/www.csj-emballages.com\/shop\/\"},{\"@type\":\"ListItem\",\"position\":3,\"name\":\"Essensbox 3 F\u00e4cher Bagasse biologisch abbaubar 236 x 229 x 85 mm pro 50\"}]},{\"@type\":\"WebSite\",\"@id\":\"https:\/\/www.csj-emballages.com\/de\/#website\",\"url\":\"https:\/\/www.csj-emballages.com\/de\/\",\"name\":\"CSJ Emballages\",\"description\":\"\",\"publisher\":{\"@id\":\"https:\/\/www.csj-emballages.com\/de\/#organization\"},\"potentialAction\":[{\"@type\":\"SearchAction\",\"target\":{\"@type\":\"EntryPoint\",\"urlTemplate\":\"https:\/\/www.csj-emballages.com\/de\/?s={search_term_string}\"},\"query-input\":{\"@type\":\"PropertyValueSpecification\",\"valueRequired\":true,\"valueName\":\"search_term_string\"}}],\"inLanguage\":\"de\"},{\"@type\":\"Organization\",\"@id\":\"https:\/\/www.csj-emballages.com\/de\/#Organization\/\",\"name\":\"CSJ Emballages\",\"url\":\"https:\/\/www.csj-emballages.com\/de\/\",\"logo\":{\"@type\":\"ImageObject\",\"inLanguage\":\"de\",\"@id\":\"https:\/\/www.csj-emballages.com\/de\/#\/schema\/logo\/image\/\",\"url\":\"https:\/\/www.csj-emballages.com\/wp-content\/uploads\/2023\/10\/logo_csj.webp\",\"contentUrl\":\"https:\/\/www.csj-emballages.com\/wp-content\/uploads\/2023\/10\/logo_csj.webp\",\"width\":250,\"height\":95,\"caption\":\"CSJ Emballages\"},\"image\":{\"@id\":\"https:\/\/www.csj-emballages.com\/de\/#\/schema\/logo\/image\/\"},\"sameAs\":[\"https:\/\/www.facebook.com\/csjemballages\"],\"address\":{\"@type\":\"PostalAddress\",\"streetAddress\":\"ZI La Lechere\",\"addressLocality\":\"Patornay\",\"postalCode\":\"39130\",\"addressCountry\":\"FR\"},\"contactPoint\":[{\"@type\":\"ContactPoint\",\"contactType\":\"Service client\",\"telephone\":\"0384254272\",\"email\":\"contact@csj-emballages.com\"}]}]}<\/script>\n<!-- \/ Yoast SEO Premium plugin. -->","yoast_head_json":{"title":"Biologisch abbaubare 3-Fach-Mahlzeitbox 236 x 229 x 85 mm","description":"Mahlzeitendose mit 3 F\u00e4chern aus biologisch abbaubarer Bagasse - ideal f\u00fcr den Verkauf zum Mitnehmen, widerstandsf\u00e4hig und kompostierbar. Format 236 x 229 x 85 mm - Packung mit 50 St\u00fcck.","robots":{"index":"index","follow":"follow","max-snippet":"max-snippet:-1","max-image-preview":"max-image-preview:large","max-video-preview":"max-video-preview:-1"},"canonical":"https:\/\/www.csj-emballages.com\/de\/produit\/50-boxen-mit-3-faechern-aus-biologisch-abbaubarer-bagasse-236-x-229-x-85-mm\/","og_locale":"de_DE","og_type":"article","og_title":"Essensbox 3 F\u00e4cher Bagasse biologisch abbaubar 236 x 229 x 85 mm pro 50","og_description":"Mahlzeitendose mit 3 F\u00e4chern aus biologisch abbaubarer Bagasse - ideal f\u00fcr den Verkauf zum Mitnehmen, widerstandsf\u00e4hig und kompostierbar. Format 236 x 229 x 85 mm - Packung mit 50 St\u00fcck.","og_url":"https:\/\/www.csj-emballages.com\/de\/produit\/50-boxen-mit-3-faechern-aus-biologisch-abbaubarer-bagasse-236-x-229-x-85-mm\/","og_site_name":"CSJ Emballages","article_publisher":"https:\/\/www.facebook.com\/csjemballages","article_modified_time":"2026-04-30T19:00:23+00:00","og_image":[{"width":800,"height":800,"url":"https:\/\/www.csj-emballages.com\/wp-content\/uploads\/2024\/03\/HP43BIO.webp","type":"image\/webp"}],"twitter_card":"summary_large_image","twitter_misc":{"Gesch\u00e4tzte Lesezeit":"2 Minuten"},"schema":{"@context":"https:\/\/schema.org","@graph":[{"@type":"WebPage","@id":"https:\/\/www.csj-emballages.com\/de\/produit\/50-boxen-mit-3-faechern-aus-biologisch-abbaubarer-bagasse-236-x-229-x-85-mm\/","url":"https:\/\/www.csj-emballages.com\/de\/produit\/50-boxen-mit-3-faechern-aus-biologisch-abbaubarer-bagasse-236-x-229-x-85-mm\/","name":"Biologisch abbaubare 3-Fach-Mahlzeitbox 236 x 229 x 85 mm","isPartOf":{"@id":"https:\/\/www.csj-emballages.com\/de\/#website"},"primaryImageOfPage":{"@id":"https:\/\/www.csj-emballages.com\/de\/produit\/50-boxen-mit-3-faechern-aus-biologisch-abbaubarer-bagasse-236-x-229-x-85-mm\/#primaryimage"},"image":{"@id":"https:\/\/www.csj-emballages.com\/de\/produit\/50-boxen-mit-3-faechern-aus-biologisch-abbaubarer-bagasse-236-x-229-x-85-mm\/#primaryimage"},"thumbnailUrl":"https:\/\/www.csj-emballages.com\/wp-content\/uploads\/2024\/03\/HP43BIO.webp","datePublished":"2024-03-01T15:52:06+00:00","dateModified":"2026-04-30T19:00:23+00:00","description":"Mahlzeitendose mit 3 F\u00e4chern aus biologisch abbaubarer Bagasse - ideal f\u00fcr den Verkauf zum Mitnehmen, widerstandsf\u00e4hig und kompostierbar. Format 236 x 229 x 85 mm - Packung mit 50 St\u00fcck.","breadcrumb":{"@id":"https:\/\/www.csj-emballages.com\/de\/produit\/50-boxen-mit-3-faechern-aus-biologisch-abbaubarer-bagasse-236-x-229-x-85-mm\/#breadcrumb"},"inLanguage":"de","potentialAction":[{"@type":"ReadAction","target":["https:\/\/www.csj-emballages.com\/de\/produit\/50-boxen-mit-3-faechern-aus-biologisch-abbaubarer-bagasse-236-x-229-x-85-mm\/"]}]},{"@type":"ImageObject","inLanguage":"de","@id":"https:\/\/www.csj-emballages.com\/de\/produit\/50-boxen-mit-3-faechern-aus-biologisch-abbaubarer-bagasse-236-x-229-x-85-mm\/#primaryimage","url":"https:\/\/www.csj-emballages.com\/wp-content\/uploads\/2024\/03\/HP43BIO.webp","contentUrl":"https:\/\/www.csj-emballages.com\/wp-content\/uploads\/2024\/03\/HP43BIO.webp","width":800,"height":800,"caption":"Boite repas 3 compartiments"},{"@type":"BreadcrumbList","@id":"https:\/\/www.csj-emballages.com\/de\/produit\/50-boxen-mit-3-faechern-aus-biologisch-abbaubarer-bagasse-236-x-229-x-85-mm\/#breadcrumb","itemListElement":[{"@type":"ListItem","position":1,"name":"Accueil","item":"https:\/\/www.csj-emballages.com\/de\/universum-lebensmittelverpackungen\/"},{"@type":"ListItem","position":2,"name":"Shop","item":"https:\/\/www.csj-emballages.com\/shop\/"},{"@type":"ListItem","position":3,"name":"Essensbox 3 F\u00e4cher Bagasse biologisch abbaubar 236 x 229 x 85 mm pro 50"}]},{"@type":"WebSite","@id":"https:\/\/www.csj-emballages.com\/de\/#website","url":"https:\/\/www.csj-emballages.com\/de\/","name":"CSJ Emballages","description":"","publisher":{"@id":"https:\/\/www.csj-emballages.com\/de\/#organization"},"potentialAction":[{"@type":"SearchAction","target":{"@type":"EntryPoint","urlTemplate":"https:\/\/www.csj-emballages.com\/de\/?s={search_term_string}"},"query-input":{"@type":"PropertyValueSpecification","valueRequired":true,"valueName":"search_term_string"}}],"inLanguage":"de"},{"@type":"Organization","@id":"https:\/\/www.csj-emballages.com\/de\/#Organization\/","name":"CSJ Emballages","url":"https:\/\/www.csj-emballages.com\/de\/","logo":{"@type":"ImageObject","inLanguage":"de","@id":"https:\/\/www.csj-emballages.com\/de\/#\/schema\/logo\/image\/","url":"https:\/\/www.csj-emballages.com\/wp-content\/uploads\/2023\/10\/logo_csj.webp","contentUrl":"https:\/\/www.csj-emballages.com\/wp-content\/uploads\/2023\/10\/logo_csj.webp","width":250,"height":95,"caption":"CSJ Emballages"},"image":{"@id":"https:\/\/www.csj-emballages.com\/de\/#\/schema\/logo\/image\/"},"sameAs":["https:\/\/www.facebook.com\/csjemballages"],"address":{"@type":"PostalAddress","streetAddress":"ZI La Lechere","addressLocality":"Patornay","postalCode":"39130","addressCountry":"FR"},"contactPoint":[{"@type":"ContactPoint","contactType":"Service client","telephone":"0384254272","email":"contact@csj-emballages.com"}]}]}},"df_price":15.34,"df_sale_price":"","df_regular_price":15.34,"df_image_link":"https:\/\/www.csj-emballages.com\/wp-content\/uploads\/2024\/03\/HP43BIO-300x300.webp","tiered_pricing_type":"fixed","tiered_pricing_fixed_rules":[],"tiered_pricing_percentage_rules":[],"tiered_pricing_minimum":1,"tiered_pricing_roles_data":[],"_links":{"self":[{"href":"https:\/\/www.csj-emballages.com\/de\/wp-json\/wp\/v2\/product\/21685","targetHints":{"allow":["GET"]}}],"collection":[{"href":"https:\/\/www.csj-emballages.com\/de\/wp-json\/wp\/v2\/product"}],"about":[{"href":"https:\/\/www.csj-emballages.com\/de\/wp-json\/wp\/v2\/types\/product"}],"wp:featuredmedia":[{"embeddable":true,"href":"https:\/\/www.csj-emballages.com\/de\/wp-json\/wp\/v2\/media\/239955"}],"wp:attachment":[{"href":"https:\/\/www.csj-emballages.com\/de\/wp-json\/wp\/v2\/media?parent=21685"}],"wp:term":[{"taxonomy":"product_brand","embeddable":true,"href":"https:\/\/www.csj-emballages.com\/de\/wp-json\/wp\/v2\/product_brand?post=21685"},{"taxonomy":"product_cat","embeddable":true,"href":"https:\/\/www.csj-emballages.com\/de\/wp-json\/wp\/v2\/product_cat?post=21685"},{"taxonomy":"product_tag","embeddable":true,"href":"https:\/\/www.csj-emballages.com\/de\/wp-json\/wp\/v2\/product_tag?post=21685"}],"curies":[{"name":"wp","href":"https:\/\/api.w.org\/{rel}","templated":true}]}}