{"id":21682,"date":"2024-03-01T16:52:07","date_gmt":"2024-03-01T15:52:07","guid":{"rendered":"https:\/\/u15jnbdpoq.preview.infomaniak.website\/produit\/50-einweg-taco-boxen-aus-biologisch-abbaubarer-bagasse-220-x-153-x-77-mm\/"},"modified":"2026-05-01T02:13:12","modified_gmt":"2026-05-01T00:13:12","slug":"50-einweg-taco-boxen-aus-biologisch-abbaubarer-bagasse-220-x-153-x-77-mm","status":"publish","type":"product","link":"https:\/\/www.csj-emballages.com\/de\/produit\/50-einweg-taco-boxen-aus-biologisch-abbaubarer-bagasse-220-x-153-x-77-mm\/","title":{"rendered":"Taco Box mit Scharnier aus biologisch abbaubarer Bagasse 220 x 153 x 77 mm pro 50"},"content":{"rendered":"<h2>Kebab-Box<\/h2>\n<hr>\n<h3>Beschreibung unserer Taco Box mit Scharnier aus biologisch abbaubarer Bagasse 220 x 153 x 77 mm pro 50 St\u00fcck<\/h3>\n<p><!--more--><\/p>\n<p data-start=\"279\" data-end=\"741\"><strong data-start=\"358\" data-end=\"404\">Diese Taco-Box mit Bagasse-Scharnier<\/strong> wurde speziell f\u00fcr die Bed\u00fcrfnisse von Schnellrestaurants entwickelt und ist eine praktische, umweltfreundliche und robuste L\u00f6sung. Mit einem gro\u00dfz\u00fcgigen Format von <strong data-start=\"493\" data-end=\"514\">220 x 153 x 77 mm<\/strong> eignet sie sich perfekt f\u00fcr ein oder zwei Tacos, aber auch f\u00fcr andere warme Speisen wie Paninis, Kebab, Pommes frites, Gourmet-Burger oder auch gro\u00dfz\u00fcgige Portionen von Take-away-Gerichten. <\/p>\n<p data-start=\"743\" data-end=\"1092\">Diese Box wird aus <strong data-start=\"765\" data-end=\"776\">Bagasse<\/strong>, einem nat\u00fcrlichen Material aus Zuckerrohrresten, hergestellt. Sie ist zu <strong data-start=\"848\" data-end=\"886\">100 % biologisch abbaubar und kompostierbar<\/strong>, was sie zu einer idealen Alternative zu Plastik- oder Styroporverpackungen macht. Sie ist sehr hitze- und feuchtigkeitsbest\u00e4ndig, sodass hei\u00dfe Speisen darin serviert werden k\u00f6nnen, ohne dass sie sich verformen oder auslaufen. <\/p>\n<p data-start=\"1094\" data-end=\"1381\">Sein <strong data-start=\"1097\" data-end=\"1117\">solides Scharnier<\/strong> sorgt f\u00fcr einen sicheren Verschluss und erleichtert gleichzeitig das \u00d6ffnen, selbst in der Hitze des Gefechts. Dank seines schlichten und nat\u00fcrlichen Designs f\u00fcgt er sich perfekt in ein umweltbewusstes Konzept ein und wertet gleichzeitig das Image Ihrer Einrichtung bei Ihren Kunden auf. <\/p>\n<p data-start=\"1383\" data-end=\"1568\">Sie ist ideal f\u00fcr <strong data-start=\"1408\" data-end=\"1423\">Foodtrucks<\/strong>, <strong data-start=\"1429\" data-end=\"1457\">Take-away-Caterer,<\/strong> <strong data-start=\"1463\" data-end=\"1490\">Event-Caterer<\/strong> oder sogar <strong data-start=\"1503\" data-end=\"1567\">Privatpersonen, die ihre Umweltbelastung reduzieren m\u00f6chten<\/strong>.<\/p>\n<p data-start=\"1570\" data-end=\"1697\">Mit einer <strong>Verpackungseinheit von 50 St\u00fcck<\/strong> ist diese Box ein unverzichtbares Alltagsutensil, das Funktionalit\u00e4t, \u00c4sthetik und \u00d6kologie vereint.<\/p>\n<p data-start=\"1570\" data-end=\"1697\">\n<p data-start=\"1246\" data-end=\"1456\"><!--more--><\/p>\n<h4 data-start=\"1246\" data-end=\"1456\">Vorteile :<\/h4>\n<ul>\n<li>100 % biologisch abbaubar, kompostierbar und recycelbar.<\/li>\n<li>Hitze-, fett- und feuchtigkeitsbest\u00e4ndig.<\/li>\n<li>Format geeignet f\u00fcr Tacos, Paninis, Burger oder Pommes frites.<\/li>\n<li>Sicherer Scharnierverschluss.<\/li>\n<li>Diese Bio-Burger-Box ist eine umweltfreundliche L\u00f6sung f\u00fcr den Take-away-Verkauf.<\/li>\n<li>Aufgewertetes Image bei umweltbewussten Kunden.<\/li>\n<\/ul>\n<p>&nbsp;<\/p>\n<p><!--more--><\/p>\n<h4>Weitere Informationen :<\/h4>\n<ul>\n<li><strong>Verpackung<\/strong>: Packung mit 50 St\u00fcck<\/li>\n<li><strong>Ma\u00dfe<\/strong>: 220 x 153 x 77 mm<\/li>\n<li><strong>Material<\/strong>: Bagasse (Zuckerrohrpulpe)<\/li>\n<li><strong>Farbe <\/strong>: Wei\u00df<\/li>\n<\/ul>\n<p>&nbsp;<\/p>\n<p><!--more--><\/p>\n<p>Hier finden Sie unsere Burgerbox mit den Ma\u00dfen 230 x 230 x 80 mm : <span style=\"color: #d12727;\"><a style=\"color: #d12727;\" href=\"https:\/\/www.csj-emballages.com\/es\/produit\/50-cajas-biodegradables-230-x-230-x-80-mm\/\">HP41BIOXL<\/a><\/span><\/p>\n<p>&nbsp;<\/p>\n<p><!--more--><\/p>\n<p><a href=\"https:\/\/www.csj-emballages.com\/de\/categorie-produit\/lebensmittelverpackungen\/bio-sortiment\/eller-abletts-boxen\/bio-scharnierboxen\/\">Sehen Sie sich den Rest unseres Sortiments an Bio-Scharnierboxen an<\/a><\/p>\n","protected":false},"excerpt":{"rendered":"<p>Kebab-Box Beschreibung unserer Taco Box mit Scharnier aus biologisch abbaubarer Bagasse 220 x 153 x 77 mm pro 50 St\u00fcck<\/p>\n","protected":false},"featured_media":239908,"template":"","meta":{"_acf_changed":false},"product_brand":[],"product_cat":[1134,1146,2794],"product_tag":[],"class_list":{"0":"post-21682","1":"product","2":"type-product","3":"status-publish","4":"has-post-thumbnail","6":"product_cat-restauration-de","7":"product_cat-bio-sortiment","8":"product_cat-bio-scharnierboxen","10":"first","11":"instock","12":"taxable","13":"shipping-taxable","14":"purchasable","15":"product-type-simple"},"acf":[],"yoast_head":"<!-- This site is optimized with the Yoast SEO Premium plugin v26.6 (Yoast SEO v26.6) - https:\/\/yoast.com\/wordpress\/plugins\/seo\/ -->\n<title>Biologisch abbaubare Tacos-Box mit Scharnier 220 x 153 x 77 mm<\/title>\n<meta name=\"description\" content=\"Aufklappbare Taco-Box aus biologisch abbaubarem Bagasse 220 x 153 x 77 mm - ideal zum Mitnehmen, widerstandsf\u00e4hig und kompostierbar. Los von 50.\" \/>\n<meta name=\"robots\" content=\"index, follow, max-snippet:-1, max-image-preview:large, max-video-preview:-1\" \/>\n<link rel=\"canonical\" href=\"https:\/\/www.csj-emballages.com\/de\/produit\/50-einweg-taco-boxen-aus-biologisch-abbaubarer-bagasse-220-x-153-x-77-mm\/\" \/>\n<meta property=\"og:locale\" content=\"de_DE\" \/>\n<meta property=\"og:type\" content=\"article\" \/>\n<meta property=\"og:title\" content=\"Taco Box mit Scharnier aus biologisch abbaubarer Bagasse 220 x 153 x 77 mm pro 50\" \/>\n<meta property=\"og:description\" content=\"Aufklappbare Taco-Box aus biologisch abbaubarem Bagasse 220 x 153 x 77 mm - ideal zum Mitnehmen, widerstandsf\u00e4hig und kompostierbar. Los von 50.\" \/>\n<meta property=\"og:url\" content=\"https:\/\/www.csj-emballages.com\/de\/produit\/50-einweg-taco-boxen-aus-biologisch-abbaubarer-bagasse-220-x-153-x-77-mm\/\" \/>\n<meta property=\"og:site_name\" content=\"CSJ Emballages\" \/>\n<meta property=\"article:publisher\" content=\"https:\/\/www.facebook.com\/csjemballages\" \/>\n<meta property=\"article:modified_time\" content=\"2026-05-01T00:13:12+00:00\" \/>\n<meta property=\"og:image\" content=\"https:\/\/www.csj-emballages.com\/wp-content\/uploads\/2024\/03\/HP3BIO.webp\" \/>\n\t<meta property=\"og:image:width\" content=\"800\" \/>\n\t<meta property=\"og:image:height\" content=\"800\" \/>\n\t<meta property=\"og:image:type\" content=\"image\/webp\" \/>\n<meta name=\"twitter:card\" content=\"summary_large_image\" \/>\n<meta name=\"twitter:label1\" content=\"Gesch\u00e4tzte Lesezeit\" \/>\n\t<meta name=\"twitter:data1\" content=\"2 Minuten\" \/>\n<script type=\"application\/ld+json\" class=\"yoast-schema-graph\">{\"@context\":\"https:\/\/schema.org\",\"@graph\":[{\"@type\":\"WebPage\",\"@id\":\"https:\/\/www.csj-emballages.com\/de\/produit\/50-einweg-taco-boxen-aus-biologisch-abbaubarer-bagasse-220-x-153-x-77-mm\/\",\"url\":\"https:\/\/www.csj-emballages.com\/de\/produit\/50-einweg-taco-boxen-aus-biologisch-abbaubarer-bagasse-220-x-153-x-77-mm\/\",\"name\":\"Biologisch abbaubare Tacos-Box mit Scharnier 220 x 153 x 77 mm\",\"isPartOf\":{\"@id\":\"https:\/\/www.csj-emballages.com\/de\/#website\"},\"primaryImageOfPage\":{\"@id\":\"https:\/\/www.csj-emballages.com\/de\/produit\/50-einweg-taco-boxen-aus-biologisch-abbaubarer-bagasse-220-x-153-x-77-mm\/#primaryimage\"},\"image\":{\"@id\":\"https:\/\/www.csj-emballages.com\/de\/produit\/50-einweg-taco-boxen-aus-biologisch-abbaubarer-bagasse-220-x-153-x-77-mm\/#primaryimage\"},\"thumbnailUrl\":\"https:\/\/www.csj-emballages.com\/wp-content\/uploads\/2024\/03\/HP3BIO.webp\",\"datePublished\":\"2024-03-01T15:52:07+00:00\",\"dateModified\":\"2026-05-01T00:13:12+00:00\",\"description\":\"Aufklappbare Taco-Box aus biologisch abbaubarem Bagasse 220 x 153 x 77 mm - ideal zum Mitnehmen, widerstandsf\u00e4hig und kompostierbar. Los von 50.\",\"breadcrumb\":{\"@id\":\"https:\/\/www.csj-emballages.com\/de\/produit\/50-einweg-taco-boxen-aus-biologisch-abbaubarer-bagasse-220-x-153-x-77-mm\/#breadcrumb\"},\"inLanguage\":\"de\",\"potentialAction\":[{\"@type\":\"ReadAction\",\"target\":[\"https:\/\/www.csj-emballages.com\/de\/produit\/50-einweg-taco-boxen-aus-biologisch-abbaubarer-bagasse-220-x-153-x-77-mm\/\"]}]},{\"@type\":\"ImageObject\",\"inLanguage\":\"de\",\"@id\":\"https:\/\/www.csj-emballages.com\/de\/produit\/50-einweg-taco-boxen-aus-biologisch-abbaubarer-bagasse-220-x-153-x-77-mm\/#primaryimage\",\"url\":\"https:\/\/www.csj-emballages.com\/wp-content\/uploads\/2024\/03\/HP3BIO.webp\",\"contentUrl\":\"https:\/\/www.csj-emballages.com\/wp-content\/uploads\/2024\/03\/HP3BIO.webp\",\"width\":800,\"height\":800,\"caption\":\"Boite tacos\"},{\"@type\":\"BreadcrumbList\",\"@id\":\"https:\/\/www.csj-emballages.com\/de\/produit\/50-einweg-taco-boxen-aus-biologisch-abbaubarer-bagasse-220-x-153-x-77-mm\/#breadcrumb\",\"itemListElement\":[{\"@type\":\"ListItem\",\"position\":1,\"name\":\"Accueil\",\"item\":\"https:\/\/www.csj-emballages.com\/de\/universum-lebensmittelverpackungen\/\"},{\"@type\":\"ListItem\",\"position\":2,\"name\":\"Shop\",\"item\":\"https:\/\/www.csj-emballages.com\/shop\/\"},{\"@type\":\"ListItem\",\"position\":3,\"name\":\"Taco Box mit Scharnier aus biologisch abbaubarer Bagasse 220 x 153 x 77 mm pro 50\"}]},{\"@type\":\"WebSite\",\"@id\":\"https:\/\/www.csj-emballages.com\/de\/#website\",\"url\":\"https:\/\/www.csj-emballages.com\/de\/\",\"name\":\"CSJ Emballages\",\"description\":\"\",\"publisher\":{\"@id\":\"https:\/\/www.csj-emballages.com\/de\/#organization\"},\"potentialAction\":[{\"@type\":\"SearchAction\",\"target\":{\"@type\":\"EntryPoint\",\"urlTemplate\":\"https:\/\/www.csj-emballages.com\/de\/?s={search_term_string}\"},\"query-input\":{\"@type\":\"PropertyValueSpecification\",\"valueRequired\":true,\"valueName\":\"search_term_string\"}}],\"inLanguage\":\"de\"},{\"@type\":\"Organization\",\"@id\":\"https:\/\/www.csj-emballages.com\/de\/#Organization\/\",\"name\":\"CSJ Emballages\",\"url\":\"https:\/\/www.csj-emballages.com\/de\/\",\"logo\":{\"@type\":\"ImageObject\",\"inLanguage\":\"de\",\"@id\":\"https:\/\/www.csj-emballages.com\/de\/#\/schema\/logo\/image\/\",\"url\":\"https:\/\/www.csj-emballages.com\/wp-content\/uploads\/2023\/10\/logo_csj.webp\",\"contentUrl\":\"https:\/\/www.csj-emballages.com\/wp-content\/uploads\/2023\/10\/logo_csj.webp\",\"width\":250,\"height\":95,\"caption\":\"CSJ Emballages\"},\"image\":{\"@id\":\"https:\/\/www.csj-emballages.com\/de\/#\/schema\/logo\/image\/\"},\"sameAs\":[\"https:\/\/www.facebook.com\/csjemballages\"],\"address\":{\"@type\":\"PostalAddress\",\"streetAddress\":\"ZI La Lechere\",\"addressLocality\":\"Patornay\",\"postalCode\":\"39130\",\"addressCountry\":\"FR\"},\"contactPoint\":[{\"@type\":\"ContactPoint\",\"contactType\":\"Service client\",\"telephone\":\"0384254272\",\"email\":\"contact@csj-emballages.com\"}]}]}<\/script>\n<!-- \/ Yoast SEO Premium plugin. -->","yoast_head_json":{"title":"Biologisch abbaubare Tacos-Box mit Scharnier 220 x 153 x 77 mm","description":"Aufklappbare Taco-Box aus biologisch abbaubarem Bagasse 220 x 153 x 77 mm - ideal zum Mitnehmen, widerstandsf\u00e4hig und kompostierbar. Los von 50.","robots":{"index":"index","follow":"follow","max-snippet":"max-snippet:-1","max-image-preview":"max-image-preview:large","max-video-preview":"max-video-preview:-1"},"canonical":"https:\/\/www.csj-emballages.com\/de\/produit\/50-einweg-taco-boxen-aus-biologisch-abbaubarer-bagasse-220-x-153-x-77-mm\/","og_locale":"de_DE","og_type":"article","og_title":"Taco Box mit Scharnier aus biologisch abbaubarer Bagasse 220 x 153 x 77 mm pro 50","og_description":"Aufklappbare Taco-Box aus biologisch abbaubarem Bagasse 220 x 153 x 77 mm - ideal zum Mitnehmen, widerstandsf\u00e4hig und kompostierbar. Los von 50.","og_url":"https:\/\/www.csj-emballages.com\/de\/produit\/50-einweg-taco-boxen-aus-biologisch-abbaubarer-bagasse-220-x-153-x-77-mm\/","og_site_name":"CSJ Emballages","article_publisher":"https:\/\/www.facebook.com\/csjemballages","article_modified_time":"2026-05-01T00:13:12+00:00","og_image":[{"width":800,"height":800,"url":"https:\/\/www.csj-emballages.com\/wp-content\/uploads\/2024\/03\/HP3BIO.webp","type":"image\/webp"}],"twitter_card":"summary_large_image","twitter_misc":{"Gesch\u00e4tzte Lesezeit":"2 Minuten"},"schema":{"@context":"https:\/\/schema.org","@graph":[{"@type":"WebPage","@id":"https:\/\/www.csj-emballages.com\/de\/produit\/50-einweg-taco-boxen-aus-biologisch-abbaubarer-bagasse-220-x-153-x-77-mm\/","url":"https:\/\/www.csj-emballages.com\/de\/produit\/50-einweg-taco-boxen-aus-biologisch-abbaubarer-bagasse-220-x-153-x-77-mm\/","name":"Biologisch abbaubare Tacos-Box mit Scharnier 220 x 153 x 77 mm","isPartOf":{"@id":"https:\/\/www.csj-emballages.com\/de\/#website"},"primaryImageOfPage":{"@id":"https:\/\/www.csj-emballages.com\/de\/produit\/50-einweg-taco-boxen-aus-biologisch-abbaubarer-bagasse-220-x-153-x-77-mm\/#primaryimage"},"image":{"@id":"https:\/\/www.csj-emballages.com\/de\/produit\/50-einweg-taco-boxen-aus-biologisch-abbaubarer-bagasse-220-x-153-x-77-mm\/#primaryimage"},"thumbnailUrl":"https:\/\/www.csj-emballages.com\/wp-content\/uploads\/2024\/03\/HP3BIO.webp","datePublished":"2024-03-01T15:52:07+00:00","dateModified":"2026-05-01T00:13:12+00:00","description":"Aufklappbare Taco-Box aus biologisch abbaubarem Bagasse 220 x 153 x 77 mm - ideal zum Mitnehmen, widerstandsf\u00e4hig und kompostierbar. Los von 50.","breadcrumb":{"@id":"https:\/\/www.csj-emballages.com\/de\/produit\/50-einweg-taco-boxen-aus-biologisch-abbaubarer-bagasse-220-x-153-x-77-mm\/#breadcrumb"},"inLanguage":"de","potentialAction":[{"@type":"ReadAction","target":["https:\/\/www.csj-emballages.com\/de\/produit\/50-einweg-taco-boxen-aus-biologisch-abbaubarer-bagasse-220-x-153-x-77-mm\/"]}]},{"@type":"ImageObject","inLanguage":"de","@id":"https:\/\/www.csj-emballages.com\/de\/produit\/50-einweg-taco-boxen-aus-biologisch-abbaubarer-bagasse-220-x-153-x-77-mm\/#primaryimage","url":"https:\/\/www.csj-emballages.com\/wp-content\/uploads\/2024\/03\/HP3BIO.webp","contentUrl":"https:\/\/www.csj-emballages.com\/wp-content\/uploads\/2024\/03\/HP3BIO.webp","width":800,"height":800,"caption":"Boite tacos"},{"@type":"BreadcrumbList","@id":"https:\/\/www.csj-emballages.com\/de\/produit\/50-einweg-taco-boxen-aus-biologisch-abbaubarer-bagasse-220-x-153-x-77-mm\/#breadcrumb","itemListElement":[{"@type":"ListItem","position":1,"name":"Accueil","item":"https:\/\/www.csj-emballages.com\/de\/universum-lebensmittelverpackungen\/"},{"@type":"ListItem","position":2,"name":"Shop","item":"https:\/\/www.csj-emballages.com\/shop\/"},{"@type":"ListItem","position":3,"name":"Taco Box mit Scharnier aus biologisch abbaubarer Bagasse 220 x 153 x 77 mm pro 50"}]},{"@type":"WebSite","@id":"https:\/\/www.csj-emballages.com\/de\/#website","url":"https:\/\/www.csj-emballages.com\/de\/","name":"CSJ Emballages","description":"","publisher":{"@id":"https:\/\/www.csj-emballages.com\/de\/#organization"},"potentialAction":[{"@type":"SearchAction","target":{"@type":"EntryPoint","urlTemplate":"https:\/\/www.csj-emballages.com\/de\/?s={search_term_string}"},"query-input":{"@type":"PropertyValueSpecification","valueRequired":true,"valueName":"search_term_string"}}],"inLanguage":"de"},{"@type":"Organization","@id":"https:\/\/www.csj-emballages.com\/de\/#Organization\/","name":"CSJ Emballages","url":"https:\/\/www.csj-emballages.com\/de\/","logo":{"@type":"ImageObject","inLanguage":"de","@id":"https:\/\/www.csj-emballages.com\/de\/#\/schema\/logo\/image\/","url":"https:\/\/www.csj-emballages.com\/wp-content\/uploads\/2023\/10\/logo_csj.webp","contentUrl":"https:\/\/www.csj-emballages.com\/wp-content\/uploads\/2023\/10\/logo_csj.webp","width":250,"height":95,"caption":"CSJ Emballages"},"image":{"@id":"https:\/\/www.csj-emballages.com\/de\/#\/schema\/logo\/image\/"},"sameAs":["https:\/\/www.facebook.com\/csjemballages"],"address":{"@type":"PostalAddress","streetAddress":"ZI La Lechere","addressLocality":"Patornay","postalCode":"39130","addressCountry":"FR"},"contactPoint":[{"@type":"ContactPoint","contactType":"Service client","telephone":"0384254272","email":"contact@csj-emballages.com"}]}]}},"df_price":8.7,"df_sale_price":"","df_regular_price":8.7,"df_image_link":"https:\/\/www.csj-emballages.com\/wp-content\/uploads\/2024\/03\/HP3BIO-300x300.webp","tiered_pricing_type":"fixed","tiered_pricing_fixed_rules":[],"tiered_pricing_percentage_rules":[],"tiered_pricing_minimum":1,"tiered_pricing_roles_data":[],"_links":{"self":[{"href":"https:\/\/www.csj-emballages.com\/de\/wp-json\/wp\/v2\/product\/21682","targetHints":{"allow":["GET"]}}],"collection":[{"href":"https:\/\/www.csj-emballages.com\/de\/wp-json\/wp\/v2\/product"}],"about":[{"href":"https:\/\/www.csj-emballages.com\/de\/wp-json\/wp\/v2\/types\/product"}],"wp:featuredmedia":[{"embeddable":true,"href":"https:\/\/www.csj-emballages.com\/de\/wp-json\/wp\/v2\/media\/239908"}],"wp:attachment":[{"href":"https:\/\/www.csj-emballages.com\/de\/wp-json\/wp\/v2\/media?parent=21682"}],"wp:term":[{"taxonomy":"product_brand","embeddable":true,"href":"https:\/\/www.csj-emballages.com\/de\/wp-json\/wp\/v2\/product_brand?post=21682"},{"taxonomy":"product_cat","embeddable":true,"href":"https:\/\/www.csj-emballages.com\/de\/wp-json\/wp\/v2\/product_cat?post=21682"},{"taxonomy":"product_tag","embeddable":true,"href":"https:\/\/www.csj-emballages.com\/de\/wp-json\/wp\/v2\/product_tag?post=21682"}],"curies":[{"name":"wp","href":"https:\/\/api.w.org\/{rel}","templated":true}]}}