{"id":21670,"date":"2024-03-01T16:52:07","date_gmt":"2024-03-01T15:52:07","guid":{"rendered":"https:\/\/u15jnbdpoq.preview.infomaniak.website\/produit\/100-taco-boxen-aus-kraftkarton-240-x-137-x-70-mm\/"},"modified":"2026-05-04T23:00:17","modified_gmt":"2026-05-04T21:00:17","slug":"100-taco-boxen-aus-kraftkarton-240-x-137-x-70-mm","status":"publish","type":"product","link":"https:\/\/www.csj-emballages.com\/de\/produit\/100-taco-boxen-aus-kraftkarton-240-x-137-x-70-mm\/","title":{"rendered":"Taco Box aus Karton 240 x 137 x 70 mm pro 100"},"content":{"rendered":"<h2>Burger-Box<\/h2>\n<div style=\"text-align: center;\">\n<hr>\n<h3 style=\"text-align: left;\">Beschreibung der Burgerschachtel aus Karton 240 x 137 x 70 mm pro 100 St\u00fcck<\/h3>\n<p style=\"text-align: left;\"><!--more--><\/p>\n<p style=\"text-align: left;\" data-start=\"297\" data-end=\"679\">Wenn Sie eine praktische, stabile und wirklich f\u00fcr den Take-away-Verkauf gedachte Verpackung suchen, wird die <strong data-start=\"391\" data-end=\"434\">240 x 137 x 70 mm gro\u00dfe Taco-Box aus Karton<\/strong> Ihre Bed\u00fcrfnisse eindeutig erf\u00fcllen. Sobald Sie die Box in die Hand nehmen, bemerken Sie ihre Steifigkeit und ihren guten Halt. Dank des <strong>dicken Kartons<\/strong> h\u00e4lt sie <strong>gro\u00dfz\u00fcgige<\/strong>, gut gef\u00fcllte und oft hei\u00dfe <strong>Tacos<\/strong> perfekt aus, ohne sich zu verformen.  <\/p>\n<p style=\"text-align: left;\" data-start=\"681\" data-end=\"1132\">Ebenso wurden seine Abmessungen so gestaltet, dass er f\u00fcr die meisten <strong>Taco-Formate<\/strong> geeignet ist, sodass Sie ganz entspannt arbeiten k\u00f6nnen. So k\u00f6nnen Sie das Produkt problemlos bef\u00fcllen, wieder verschlie\u00dfen und dem Kunden \u00fcbergeben. Zweitens sorgen die einfache Form und der effektive Verschluss f\u00fcr einen perfekten Halt w\u00e4hrend des Transports. Ihre Pr\u00e4parate bleiben an Ort und Stelle, laufen nicht aus und kommen in einem einwandfreien Zustand beim Kunden an.   <\/p>\n<p style=\"text-align: left;\" data-start=\"1134\" data-end=\"1451\">Dar\u00fcber hinaus bietet diese <strong data-start=\"391\" data-end=\"434\">Taco-Box<\/strong> aus <strong>Karton<\/strong> auch echten Komfort. Sie l\u00e4sst sich leicht zusammenbauen, was Ihnen in Zeiten des Ansturms viel Zeit spart. Au\u00dferdem ist sie sehr hitze- und feuchtigkeitsbest\u00e4ndig, was f\u00fcr die Qualit\u00e4t Ihrer Tacos von gro\u00dfer Bedeutung ist.  <\/p>\n<p style=\"text-align: left;\" data-start=\"1453\" data-end=\"1832\">Ihr neutrales und modernes Design passt zu allen Arten von Restaurants: <strong>Imbiss, Foodtruck, Kebab, Schnellrestaurant<\/strong> usw. Sie k\u00f6nnen sie auch mit einem <strong>Etikett, einem Stempel oder einem anderen Element, das das Image Ihres Lokals widerspiegelt<\/strong>, personalisieren. So k\u00f6nnen Sie nicht nur Ihre Pr\u00e4sentation pflegen, sondern auch Ihre Identit\u00e4t bei Ihren Kunden st\u00e4rken.  <\/p>\n<p style=\"text-align: left;\" data-start=\"1834\" data-end=\"2054\">Schlie\u00dflich wird die <strong data-start=\"391\" data-end=\"434\">Taco-Box<\/strong> <strong data-start=\"1863\" data-end=\"1881\">in Packungen zu 100 St\u00fcck<\/strong> angeboten, was Ihnen einen komfortablen Vorrat sichert und Engp\u00e4sse vermeidet. Sie arbeiten entspannter, effizienter und bieten Ihren Kunden ein besseres Erlebnis. <\/p>\n<p style=\"text-align: left;\" data-start=\"1834\" data-end=\"2054\">\n<p style=\"text-align: left;\"><!--more--><\/p>\n<p style=\"text-align: left;\"><strong>Vorteile :<\/strong><\/p>\n<ul>\n<li style=\"text-align: left;\" data-start=\"2083\" data-end=\"2117\">Fester, stabiler und haltbarer <strong>Karton<\/strong>.<\/li>\n<li style=\"text-align: left;\" data-start=\"2120\" data-end=\"2166\">Ideale Gr\u00f6\u00dfe f\u00fcr die meisten Tacos.<\/li>\n<li style=\"text-align: left;\" data-start=\"2169\" data-end=\"2202\">L\u00e4sst sich leicht anbringen und schlie\u00dfen.<\/li>\n<li style=\"text-align: left;\" data-start=\"2205\" data-end=\"2243\">Hitze- und feuchtigkeitsbest\u00e4ndig.<\/li>\n<li style=\"text-align: left;\" data-start=\"2246\" data-end=\"2277\">Neutrales Design anpassbar.<\/li>\n<li style=\"text-align: left;\" data-start=\"2280\" data-end=\"2317\"><strong>100er-Pack<\/strong>: preiswert und praktisch.<\/li>\n<\/ul>\n<\/div>\n<p>&nbsp;<\/p>\n<p><!--more--><\/p>\n<h4>Weitere Informationen :<\/h4>\n<ul>\n<li><strong>Verpackung<\/strong>: Packung mit 100 St\u00fcck<\/li>\n<li><strong>Abmessungen<\/strong>: 240 x 137 x 70 mm<\/li>\n<li><strong>Material<\/strong>: Karton<\/li>\n<li><strong>Art des Deckels<\/strong>: Scharnierdeckel<\/li>\n<\/ul>\n<p>&nbsp;<\/p>\n<p><!--more--><\/p>\n<p>Das Produkt ist in verschiedenen Gr\u00f6\u00dfen erh\u00e4ltlich:  <span style=\"color: #d12727;\"><a style=\"color: #d12727;\" href=\"https:\/\/www.csj-emballages.com\/es\/produit\/100-cajas-dobles-desechables-para-hamburguesas-120-x-130-x-70-mm\/\">HP1K<\/a><\/span> \/ <span style=\"color: #d12727;\"><a style=\"color: #d12727;\" href=\"https:\/\/www.csj-emballages.com\/es\/produit\/100-cajas-de-chips-desechables-175-x-120-x-70-mm\/\">HP2K<\/a><\/span> \/ <span style=\"color: #d12727;\"><a style=\"color: #d12727;\" href=\"https:\/\/www.csj-emballages.com\/es\/produit\/50-cajas-de-carton-225-x-180-x-90-mm\/\">HP4K<\/a><\/span> \/ <g id=\"gid_6\"><g id=\"gid_7\">HP5K<\/g><\/g> \/ <span style=\"color: #d12727;\"><a style=\"color: #d12727;\" href=\"https:\/\/www.csj-emballages.com\/produit\/boite-carton-burger-jetable-carton-150-x-150-x-70-mm\/\">HP6K<\/a><\/span> \/ <span style=\"color: #d12727;\"><a style=\"color: #d12727;\" href=\"https:\/\/www.csj-emballages.com\/es\/produit\/caja-de-carton-para-hamburguesas-165-x-150-x-110-mm-por-100\/\">HP6KH<\/a><\/span> \/ <span style=\"color: #d12727;\"><a style=\"color: #d12727;\" href=\"https:\/\/www.csj-emballages.com\/produit\/50-boite-carton-burgers-jetables-carton-150-x-150-x-70-mm\/\">HP6KGE<\/a><\/span> \/        <span style=\"color: #d12727;\"><a style=\"color: #d12727;\" href=\"https:\/\/www.csj-emballages.com\/produit\/50-boites-doubles-burgers-xl-jetables-carton-170-x-170-x-80-mm\/\">HP6KXL<\/a> <span style=\"color: #000000;\">\/<\/span> <a style=\"color: #d12727;\" href=\"https:\/\/www.csj-emballages.com\/produit\/50-boite-carton-hot-dog-carton-kraft-23-2-x-9-x-6-3-cm-restauration-snack-emporter\/\">HP8K<\/a><\/span><\/p>\n<p>&nbsp;<\/p>\n<p><!--more--><\/p>\n<p><a href=\"https:\/\/www.csj-emballages.com\/de\/categorie-produit\/lebensmittelverpackungen\/restauration-de\/dosen-schalen-beutel-konen\/schalen-kartons\/kartonschachteln-fur-mahlzeiten\/\">Sehen Sie sich den Rest unseres Angebots an Burgerdosen an.<\/a><\/p>\n","protected":false},"excerpt":{"rendered":"<p>Burger-Box Beschreibung der Burgerschachtel aus Karton 240 x 137 x 70 mm pro 100 St\u00fcck<\/p>\n","protected":false},"featured_media":224563,"template":"","meta":{"_acf_changed":false},"product_brand":[],"product_cat":[1137,1134,2792],"product_tag":[],"class_list":{"0":"post-21670","1":"product","2":"type-product","3":"status-publish","4":"has-post-thumbnail","6":"product_cat-lebensmittelverpackungen","7":"product_cat-restauration-de","8":"product_cat-kartonschachteln-fur-mahlzeiten","10":"first","11":"instock","12":"taxable","13":"shipping-taxable","14":"purchasable","15":"product-type-simple"},"acf":[],"yoast_head":"<!-- This site is optimized with the Yoast SEO Premium plugin v26.6 (Yoast SEO v26.6) - https:\/\/yoast.com\/wordpress\/plugins\/seo\/ -->\n<title>Tacos Box Karton 240 x 137 x 70 mm pro 100<\/title>\n<meta name=\"description\" content=\"Entscheiden Sie sich f\u00fcr unsere praktische und umweltfreundliche Taco-Box aus Karton, die eine gute Aufbewahrung und Pr\u00e4sentation Ihrer Mahlzeiten zum Mitnehmen garantiert.\" \/>\n<meta name=\"robots\" content=\"index, follow, max-snippet:-1, max-image-preview:large, max-video-preview:-1\" \/>\n<link rel=\"canonical\" href=\"https:\/\/www.csj-emballages.com\/de\/produit\/100-taco-boxen-aus-kraftkarton-240-x-137-x-70-mm\/\" \/>\n<meta property=\"og:locale\" content=\"de_DE\" \/>\n<meta property=\"og:type\" content=\"article\" \/>\n<meta property=\"og:title\" content=\"Taco Box aus Karton 240 x 137 x 70 mm pro 100\" \/>\n<meta property=\"og:description\" content=\"Entscheiden Sie sich f\u00fcr unsere praktische und umweltfreundliche Taco-Box aus Karton, die eine gute Aufbewahrung und Pr\u00e4sentation Ihrer Mahlzeiten zum Mitnehmen garantiert.\" \/>\n<meta property=\"og:url\" content=\"https:\/\/www.csj-emballages.com\/de\/produit\/100-taco-boxen-aus-kraftkarton-240-x-137-x-70-mm\/\" \/>\n<meta property=\"og:site_name\" content=\"CSJ Emballages\" \/>\n<meta property=\"article:publisher\" content=\"https:\/\/www.facebook.com\/csjemballages\" \/>\n<meta property=\"article:modified_time\" content=\"2026-05-04T21:00:17+00:00\" \/>\n<meta property=\"og:image\" content=\"https:\/\/www.csj-emballages.com\/wp-content\/uploads\/2024\/03\/HP3K.webp\" \/>\n\t<meta property=\"og:image:width\" content=\"800\" \/>\n\t<meta property=\"og:image:height\" content=\"800\" \/>\n\t<meta property=\"og:image:type\" content=\"image\/webp\" \/>\n<meta name=\"twitter:card\" content=\"summary_large_image\" \/>\n<meta name=\"twitter:label1\" content=\"Gesch\u00e4tzte Lesezeit\" \/>\n\t<meta name=\"twitter:data1\" content=\"2 Minuten\" \/>\n<script type=\"application\/ld+json\" class=\"yoast-schema-graph\">{\"@context\":\"https:\/\/schema.org\",\"@graph\":[{\"@type\":\"WebPage\",\"@id\":\"https:\/\/www.csj-emballages.com\/de\/produit\/100-taco-boxen-aus-kraftkarton-240-x-137-x-70-mm\/\",\"url\":\"https:\/\/www.csj-emballages.com\/de\/produit\/100-taco-boxen-aus-kraftkarton-240-x-137-x-70-mm\/\",\"name\":\"Tacos Box Karton 240 x 137 x 70 mm pro 100\",\"isPartOf\":{\"@id\":\"https:\/\/www.csj-emballages.com\/de\/#website\"},\"primaryImageOfPage\":{\"@id\":\"https:\/\/www.csj-emballages.com\/de\/produit\/100-taco-boxen-aus-kraftkarton-240-x-137-x-70-mm\/#primaryimage\"},\"image\":{\"@id\":\"https:\/\/www.csj-emballages.com\/de\/produit\/100-taco-boxen-aus-kraftkarton-240-x-137-x-70-mm\/#primaryimage\"},\"thumbnailUrl\":\"https:\/\/www.csj-emballages.com\/wp-content\/uploads\/2024\/03\/HP3K.webp\",\"datePublished\":\"2024-03-01T15:52:07+00:00\",\"dateModified\":\"2026-05-04T21:00:17+00:00\",\"description\":\"Entscheiden Sie sich f\u00fcr unsere praktische und umweltfreundliche Taco-Box aus Karton, die eine gute Aufbewahrung und Pr\u00e4sentation Ihrer Mahlzeiten zum Mitnehmen garantiert.\",\"breadcrumb\":{\"@id\":\"https:\/\/www.csj-emballages.com\/de\/produit\/100-taco-boxen-aus-kraftkarton-240-x-137-x-70-mm\/#breadcrumb\"},\"inLanguage\":\"de\",\"potentialAction\":[{\"@type\":\"ReadAction\",\"target\":[\"https:\/\/www.csj-emballages.com\/de\/produit\/100-taco-boxen-aus-kraftkarton-240-x-137-x-70-mm\/\"]}]},{\"@type\":\"ImageObject\",\"inLanguage\":\"de\",\"@id\":\"https:\/\/www.csj-emballages.com\/de\/produit\/100-taco-boxen-aus-kraftkarton-240-x-137-x-70-mm\/#primaryimage\",\"url\":\"https:\/\/www.csj-emballages.com\/wp-content\/uploads\/2024\/03\/HP3K.webp\",\"contentUrl\":\"https:\/\/www.csj-emballages.com\/wp-content\/uploads\/2024\/03\/HP3K.webp\",\"width\":800,\"height\":800,\"caption\":\"Boite tacos\"},{\"@type\":\"BreadcrumbList\",\"@id\":\"https:\/\/www.csj-emballages.com\/de\/produit\/100-taco-boxen-aus-kraftkarton-240-x-137-x-70-mm\/#breadcrumb\",\"itemListElement\":[{\"@type\":\"ListItem\",\"position\":1,\"name\":\"Accueil\",\"item\":\"https:\/\/www.csj-emballages.com\/de\/universum-lebensmittelverpackungen\/\"},{\"@type\":\"ListItem\",\"position\":2,\"name\":\"Shop\",\"item\":\"https:\/\/www.csj-emballages.com\/shop\/\"},{\"@type\":\"ListItem\",\"position\":3,\"name\":\"Taco Box aus Karton 240 x 137 x 70 mm pro 100\"}]},{\"@type\":\"WebSite\",\"@id\":\"https:\/\/www.csj-emballages.com\/de\/#website\",\"url\":\"https:\/\/www.csj-emballages.com\/de\/\",\"name\":\"CSJ Emballages\",\"description\":\"\",\"publisher\":{\"@id\":\"https:\/\/www.csj-emballages.com\/de\/#organization\"},\"potentialAction\":[{\"@type\":\"SearchAction\",\"target\":{\"@type\":\"EntryPoint\",\"urlTemplate\":\"https:\/\/www.csj-emballages.com\/de\/?s={search_term_string}\"},\"query-input\":{\"@type\":\"PropertyValueSpecification\",\"valueRequired\":true,\"valueName\":\"search_term_string\"}}],\"inLanguage\":\"de\"},{\"@type\":\"Organization\",\"@id\":\"https:\/\/www.csj-emballages.com\/de\/#Organization\/\",\"name\":\"CSJ Emballages\",\"url\":\"https:\/\/www.csj-emballages.com\/de\/\",\"logo\":{\"@type\":\"ImageObject\",\"inLanguage\":\"de\",\"@id\":\"https:\/\/www.csj-emballages.com\/de\/#\/schema\/logo\/image\/\",\"url\":\"https:\/\/www.csj-emballages.com\/wp-content\/uploads\/2023\/10\/logo_csj.webp\",\"contentUrl\":\"https:\/\/www.csj-emballages.com\/wp-content\/uploads\/2023\/10\/logo_csj.webp\",\"width\":250,\"height\":95,\"caption\":\"CSJ Emballages\"},\"image\":{\"@id\":\"https:\/\/www.csj-emballages.com\/de\/#\/schema\/logo\/image\/\"},\"sameAs\":[\"https:\/\/www.facebook.com\/csjemballages\"],\"address\":{\"@type\":\"PostalAddress\",\"streetAddress\":\"ZI La Lechere\",\"addressLocality\":\"Patornay\",\"postalCode\":\"39130\",\"addressCountry\":\"FR\"},\"contactPoint\":[{\"@type\":\"ContactPoint\",\"contactType\":\"Service client\",\"telephone\":\"0384254272\",\"email\":\"contact@csj-emballages.com\"}]}]}<\/script>\n<!-- \/ Yoast SEO Premium plugin. -->","yoast_head_json":{"title":"Tacos Box Karton 240 x 137 x 70 mm pro 100","description":"Entscheiden Sie sich f\u00fcr unsere praktische und umweltfreundliche Taco-Box aus Karton, die eine gute Aufbewahrung und Pr\u00e4sentation Ihrer Mahlzeiten zum Mitnehmen garantiert.","robots":{"index":"index","follow":"follow","max-snippet":"max-snippet:-1","max-image-preview":"max-image-preview:large","max-video-preview":"max-video-preview:-1"},"canonical":"https:\/\/www.csj-emballages.com\/de\/produit\/100-taco-boxen-aus-kraftkarton-240-x-137-x-70-mm\/","og_locale":"de_DE","og_type":"article","og_title":"Taco Box aus Karton 240 x 137 x 70 mm pro 100","og_description":"Entscheiden Sie sich f\u00fcr unsere praktische und umweltfreundliche Taco-Box aus Karton, die eine gute Aufbewahrung und Pr\u00e4sentation Ihrer Mahlzeiten zum Mitnehmen garantiert.","og_url":"https:\/\/www.csj-emballages.com\/de\/produit\/100-taco-boxen-aus-kraftkarton-240-x-137-x-70-mm\/","og_site_name":"CSJ Emballages","article_publisher":"https:\/\/www.facebook.com\/csjemballages","article_modified_time":"2026-05-04T21:00:17+00:00","og_image":[{"width":800,"height":800,"url":"https:\/\/www.csj-emballages.com\/wp-content\/uploads\/2024\/03\/HP3K.webp","type":"image\/webp"}],"twitter_card":"summary_large_image","twitter_misc":{"Gesch\u00e4tzte Lesezeit":"2 Minuten"},"schema":{"@context":"https:\/\/schema.org","@graph":[{"@type":"WebPage","@id":"https:\/\/www.csj-emballages.com\/de\/produit\/100-taco-boxen-aus-kraftkarton-240-x-137-x-70-mm\/","url":"https:\/\/www.csj-emballages.com\/de\/produit\/100-taco-boxen-aus-kraftkarton-240-x-137-x-70-mm\/","name":"Tacos Box Karton 240 x 137 x 70 mm pro 100","isPartOf":{"@id":"https:\/\/www.csj-emballages.com\/de\/#website"},"primaryImageOfPage":{"@id":"https:\/\/www.csj-emballages.com\/de\/produit\/100-taco-boxen-aus-kraftkarton-240-x-137-x-70-mm\/#primaryimage"},"image":{"@id":"https:\/\/www.csj-emballages.com\/de\/produit\/100-taco-boxen-aus-kraftkarton-240-x-137-x-70-mm\/#primaryimage"},"thumbnailUrl":"https:\/\/www.csj-emballages.com\/wp-content\/uploads\/2024\/03\/HP3K.webp","datePublished":"2024-03-01T15:52:07+00:00","dateModified":"2026-05-04T21:00:17+00:00","description":"Entscheiden Sie sich f\u00fcr unsere praktische und umweltfreundliche Taco-Box aus Karton, die eine gute Aufbewahrung und Pr\u00e4sentation Ihrer Mahlzeiten zum Mitnehmen garantiert.","breadcrumb":{"@id":"https:\/\/www.csj-emballages.com\/de\/produit\/100-taco-boxen-aus-kraftkarton-240-x-137-x-70-mm\/#breadcrumb"},"inLanguage":"de","potentialAction":[{"@type":"ReadAction","target":["https:\/\/www.csj-emballages.com\/de\/produit\/100-taco-boxen-aus-kraftkarton-240-x-137-x-70-mm\/"]}]},{"@type":"ImageObject","inLanguage":"de","@id":"https:\/\/www.csj-emballages.com\/de\/produit\/100-taco-boxen-aus-kraftkarton-240-x-137-x-70-mm\/#primaryimage","url":"https:\/\/www.csj-emballages.com\/wp-content\/uploads\/2024\/03\/HP3K.webp","contentUrl":"https:\/\/www.csj-emballages.com\/wp-content\/uploads\/2024\/03\/HP3K.webp","width":800,"height":800,"caption":"Boite tacos"},{"@type":"BreadcrumbList","@id":"https:\/\/www.csj-emballages.com\/de\/produit\/100-taco-boxen-aus-kraftkarton-240-x-137-x-70-mm\/#breadcrumb","itemListElement":[{"@type":"ListItem","position":1,"name":"Accueil","item":"https:\/\/www.csj-emballages.com\/de\/universum-lebensmittelverpackungen\/"},{"@type":"ListItem","position":2,"name":"Shop","item":"https:\/\/www.csj-emballages.com\/shop\/"},{"@type":"ListItem","position":3,"name":"Taco Box aus Karton 240 x 137 x 70 mm pro 100"}]},{"@type":"WebSite","@id":"https:\/\/www.csj-emballages.com\/de\/#website","url":"https:\/\/www.csj-emballages.com\/de\/","name":"CSJ Emballages","description":"","publisher":{"@id":"https:\/\/www.csj-emballages.com\/de\/#organization"},"potentialAction":[{"@type":"SearchAction","target":{"@type":"EntryPoint","urlTemplate":"https:\/\/www.csj-emballages.com\/de\/?s={search_term_string}"},"query-input":{"@type":"PropertyValueSpecification","valueRequired":true,"valueName":"search_term_string"}}],"inLanguage":"de"},{"@type":"Organization","@id":"https:\/\/www.csj-emballages.com\/de\/#Organization\/","name":"CSJ Emballages","url":"https:\/\/www.csj-emballages.com\/de\/","logo":{"@type":"ImageObject","inLanguage":"de","@id":"https:\/\/www.csj-emballages.com\/de\/#\/schema\/logo\/image\/","url":"https:\/\/www.csj-emballages.com\/wp-content\/uploads\/2023\/10\/logo_csj.webp","contentUrl":"https:\/\/www.csj-emballages.com\/wp-content\/uploads\/2023\/10\/logo_csj.webp","width":250,"height":95,"caption":"CSJ Emballages"},"image":{"@id":"https:\/\/www.csj-emballages.com\/de\/#\/schema\/logo\/image\/"},"sameAs":["https:\/\/www.facebook.com\/csjemballages"],"address":{"@type":"PostalAddress","streetAddress":"ZI La Lechere","addressLocality":"Patornay","postalCode":"39130","addressCountry":"FR"},"contactPoint":[{"@type":"ContactPoint","contactType":"Service client","telephone":"0384254272","email":"contact@csj-emballages.com"}]}]}},"df_price":22.32,"df_sale_price":"","df_regular_price":22.32,"df_image_link":"https:\/\/www.csj-emballages.com\/wp-content\/uploads\/2024\/03\/HP3K-300x300.webp","tiered_pricing_type":"fixed","tiered_pricing_fixed_rules":[],"tiered_pricing_percentage_rules":[],"tiered_pricing_minimum":1,"tiered_pricing_roles_data":[],"_links":{"self":[{"href":"https:\/\/www.csj-emballages.com\/de\/wp-json\/wp\/v2\/product\/21670","targetHints":{"allow":["GET"]}}],"collection":[{"href":"https:\/\/www.csj-emballages.com\/de\/wp-json\/wp\/v2\/product"}],"about":[{"href":"https:\/\/www.csj-emballages.com\/de\/wp-json\/wp\/v2\/types\/product"}],"wp:featuredmedia":[{"embeddable":true,"href":"https:\/\/www.csj-emballages.com\/de\/wp-json\/wp\/v2\/media\/224563"}],"wp:attachment":[{"href":"https:\/\/www.csj-emballages.com\/de\/wp-json\/wp\/v2\/media?parent=21670"}],"wp:term":[{"taxonomy":"product_brand","embeddable":true,"href":"https:\/\/www.csj-emballages.com\/de\/wp-json\/wp\/v2\/product_brand?post=21670"},{"taxonomy":"product_cat","embeddable":true,"href":"https:\/\/www.csj-emballages.com\/de\/wp-json\/wp\/v2\/product_cat?post=21670"},{"taxonomy":"product_tag","embeddable":true,"href":"https:\/\/www.csj-emballages.com\/de\/wp-json\/wp\/v2\/product_tag?post=21670"}],"curies":[{"name":"wp","href":"https:\/\/api.w.org\/{rel}","templated":true}]}}