{"id":21663,"date":"2024-03-01T16:52:06","date_gmt":"2024-03-01T15:52:06","guid":{"rendered":"https:\/\/u15jnbdpoq.preview.infomaniak.website\/produit\/50-biologisch-abbaubare-bagasse-boxen-210-x-200-x-78-mm\/"},"modified":"2026-05-04T02:12:18","modified_gmt":"2026-05-04T00:12:18","slug":"50-biologisch-abbaubare-bagasse-boxen-210-x-200-x-78-mm","status":"publish","type":"product","link":"https:\/\/www.csj-emballages.com\/de\/produit\/50-biologisch-abbaubare-bagasse-boxen-210-x-200-x-78-mm\/","title":{"rendered":"Biologisch abbaubare Bagasse Kebab Box mit Scharnier 210 x 200 x 78 mm pro 50"},"content":{"rendered":"<h2>Kebab-Box<\/h2>\n<hr>\n<h3>Beschreibung von unserer Kebab Box mit Scharnier Bagasse biologisch abbaubar 210 x 200 x 78 mm pro 50<\/h3>\n<p><!--more--><\/p>\n<p data-start=\"272\" data-end=\"594\">Diese <strong>aufklappbare D\u00f6nerbox aus<\/strong> <strong data-start=\"305\" data-end=\"316\">Bagasse<\/strong> ist mehr als nur ein Beh\u00e4lter: Sie ist eine <strong data-start=\"375\" data-end=\"389\">umweltfreundliche<\/strong>, <strong data-start=\"391\" data-end=\"403\">praktische<\/strong> und <strong data-start=\"407\" data-end=\"417\">zuverl\u00e4ssige<\/strong> L\u00f6sung, die f\u00fcr Schnellrestaurants, Foodtrucks, Imbisse oder auch Caterer gedacht ist, die Effizienz und Umweltengagement miteinander verbinden m\u00f6chten.<\/p>\n<p data-start=\"596\" data-end=\"899\">Diese <strong>Kebab-Box<\/strong> wird aus <strong data-start=\"618\" data-end=\"629\">Bagasse<\/strong>, einem nat\u00fcrlichen Material aus <strong>Zuckerrohrfasern<\/strong>, hergestellt <strong data-start=\"700\" data-end=\"738\">und<\/strong> ist zu <strong data-start=\"700\" data-end=\"738\">100 % biologisch abbaubar und kompostierbar<\/strong>. Sie erm\u00f6glicht es Ihnen also, die Umweltauswirkungen Ihres Unternehmens zu reduzieren und gleichzeitig die steigenden Erwartungen Ihrer Kunden in Bezug auf Nachhaltigkeit zu erf\u00fcllen. <\/p>\n<p data-start=\"901\" data-end=\"1265\">Mit seinen gro\u00dfz\u00fcgigen Abmessungen von <strong data-start=\"935\" data-end=\"956\">210 x 200 x 78 mm<\/strong> ist er perfekt geeignet f\u00fcr Kebab, XXL-Burger, Pommes frites, Sandwiches, Fleischbeilagen oder auch gro\u00dfz\u00fcgige Gerichte zum Mitnehmen. Durch das <strong data-start=\"1114\" data-end=\"1136\">integrierte Scharnier<\/strong> ist er bequem zu handhaben und der <strong data-start=\"1174\" data-end=\"1198\">wiederverschlie\u00dfbare Deckel<\/strong> sorgt daf\u00fcr, dass die Hitze gut gehalten wird und nichts ausl\u00e4uft. <\/p>\n<p data-start=\"1267\" data-end=\"1485\">Sie ist stabil und widerstandsf\u00e4hig und vertr\u00e4gt sowohl hei\u00dfe als auch kalte Speisen, ohne sich zu verformen. Und im Gegensatz zu herk\u00f6mmlichen Plastikverpackungen bietet sie eine <strong data-start=\"1421\" data-end=\"1454\">hochwertigere<\/strong> und wertvollere <strong data-start=\"1421\" data-end=\"1454\">Pr\u00e4sentation<\/strong> Ihrer Gerichte. <\/p>\n<p data-start=\"1487\" data-end=\"1625\">Ob Sie ein engagierter Gastronom oder eine Privatperson sind, die ihre Speisen bei Veranstaltungen gut pr\u00e4sentieren m\u00f6chte, diese <strong>Kebab-Box<\/strong> ist ein sicherer Wert.<\/p>\n<p data-start=\"1246\" data-end=\"1456\"><!--more--><\/p>\n<h4 data-start=\"1246\" data-end=\"1456\">Vorteile :<\/h4>\n<ul>\n<li>100 % biologisch abbaubar, kompostierbar und recycelbar.<\/li>\n<li>Hitze-, fett- und feuchtigkeitsbest\u00e4ndig.<\/li>\n<li>Gro\u00dfz\u00fcgiges Format f\u00fcr herzhafte Gerichte (Kebab, Pommes frites, Sandwiches&#8230;).<\/li>\n<li>Sicherer Scharnierverschluss.<\/li>\n<li>Diese Bio-Burger-Box ist eine umweltfreundliche L\u00f6sung f\u00fcr den Take-away-Verkauf.<\/li>\n<li>Aufgewertetes Image bei umweltbewussten Kunden.<\/li>\n<\/ul>\n<p>&nbsp;<\/p>\n<p><!--more--><\/p>\n<h4>Weitere Informationen :<\/h4>\n<ul>\n<li><strong>Verpackung<\/strong>: Packung mit 50 St\u00fcck<\/li>\n<li><strong>Ma\u00dfe<\/strong>: 210 x 200 x 78 mm<\/li>\n<li><strong>Material<\/strong>: Bagasse (Zuckerrohrpulpe)<\/li>\n<li><strong>Farbe <\/strong>: Wei\u00df<\/li>\n<\/ul>\n<p>&nbsp;<\/p>\n<p><!--more--><\/p>\n<p>Hier finden Sie unsere Taco-Box mit den Ma\u00dfen 220 x 153 x 77 mm : <span style=\"color: #d12727;\"><a style=\"color: #d12727;\" href=\"https:\/\/www.csj-emballages.com\/produit\/50-boites-tacos-jetables-en-bagasse-biodegradables-220-x-153-x-77-mm\/\">HP3BIO<\/a><\/span><\/p>\n<p>&nbsp;<\/p>\n<p><!--more--><\/p>\n<p><a href=\"https:\/\/www.csj-emballages.com\/de\/categorie-produit\/lebensmittelverpackungen\/bio-sortiment\/eller-abletts-boxen\/bio-scharnierboxen\/\">Sehen Sie sich den Rest unseres Sortiments an Bio-Scharnierboxen an<\/a><\/p>\n","protected":false},"excerpt":{"rendered":"<p>Kebab-Box Beschreibung von unserer Kebab Box mit Scharnier Bagasse biologisch abbaubar 210 x 200 x 78 mm pro 50<\/p>\n","protected":false},"featured_media":239898,"template":"","meta":{"_acf_changed":false},"product_brand":[],"product_cat":[1134,1146,2794],"product_tag":[],"class_list":{"0":"post-21663","1":"product","2":"type-product","3":"status-publish","4":"has-post-thumbnail","6":"product_cat-restauration-de","7":"product_cat-bio-sortiment","8":"product_cat-bio-scharnierboxen","10":"first","11":"instock","12":"taxable","13":"shipping-taxable","14":"purchasable","15":"product-type-simple"},"acf":[],"yoast_head":"<!-- This site is optimized with the Yoast SEO Premium plugin v26.6 (Yoast SEO v26.6) - https:\/\/yoast.com\/wordpress\/plugins\/seo\/ -->\n<title>Kebab Box mit Scharnier Bagasse 210 x 200 x 78 mm<\/title>\n<meta name=\"description\" content=\"Aufklappbare Kebab-Box aus biologisch abbaubarer Bagasse 210x200x78 mm - ideal f\u00fcr Gerichte zum Mitnehmen. Perfekt f\u00fcr umweltbewusste Profis.\" \/>\n<meta name=\"robots\" content=\"index, follow, max-snippet:-1, max-image-preview:large, max-video-preview:-1\" \/>\n<link rel=\"canonical\" href=\"https:\/\/www.csj-emballages.com\/de\/produit\/50-biologisch-abbaubare-bagasse-boxen-210-x-200-x-78-mm\/\" \/>\n<meta property=\"og:locale\" content=\"de_DE\" \/>\n<meta property=\"og:type\" content=\"article\" \/>\n<meta property=\"og:title\" content=\"Biologisch abbaubare Bagasse Kebab Box mit Scharnier 210 x 200 x 78 mm pro 50\" \/>\n<meta property=\"og:description\" content=\"Aufklappbare Kebab-Box aus biologisch abbaubarer Bagasse 210x200x78 mm - ideal f\u00fcr Gerichte zum Mitnehmen. Perfekt f\u00fcr umweltbewusste Profis.\" \/>\n<meta property=\"og:url\" content=\"https:\/\/www.csj-emballages.com\/de\/produit\/50-biologisch-abbaubare-bagasse-boxen-210-x-200-x-78-mm\/\" \/>\n<meta property=\"og:site_name\" content=\"CSJ Emballages\" \/>\n<meta property=\"article:publisher\" content=\"https:\/\/www.facebook.com\/csjemballages\" \/>\n<meta property=\"article:modified_time\" content=\"2026-05-04T00:12:18+00:00\" \/>\n<meta property=\"og:image\" content=\"https:\/\/www.csj-emballages.com\/wp-content\/uploads\/2024\/03\/HP41BIO.webp\" \/>\n\t<meta property=\"og:image:width\" content=\"800\" \/>\n\t<meta property=\"og:image:height\" content=\"800\" \/>\n\t<meta property=\"og:image:type\" content=\"image\/webp\" \/>\n<meta name=\"twitter:card\" content=\"summary_large_image\" \/>\n<meta name=\"twitter:label1\" content=\"Gesch\u00e4tzte Lesezeit\" \/>\n\t<meta name=\"twitter:data1\" content=\"2 Minuten\" \/>\n<script type=\"application\/ld+json\" class=\"yoast-schema-graph\">{\"@context\":\"https:\/\/schema.org\",\"@graph\":[{\"@type\":\"WebPage\",\"@id\":\"https:\/\/www.csj-emballages.com\/de\/produit\/50-biologisch-abbaubare-bagasse-boxen-210-x-200-x-78-mm\/\",\"url\":\"https:\/\/www.csj-emballages.com\/de\/produit\/50-biologisch-abbaubare-bagasse-boxen-210-x-200-x-78-mm\/\",\"name\":\"Kebab Box mit Scharnier Bagasse 210 x 200 x 78 mm\",\"isPartOf\":{\"@id\":\"https:\/\/www.csj-emballages.com\/de\/#website\"},\"primaryImageOfPage\":{\"@id\":\"https:\/\/www.csj-emballages.com\/de\/produit\/50-biologisch-abbaubare-bagasse-boxen-210-x-200-x-78-mm\/#primaryimage\"},\"image\":{\"@id\":\"https:\/\/www.csj-emballages.com\/de\/produit\/50-biologisch-abbaubare-bagasse-boxen-210-x-200-x-78-mm\/#primaryimage\"},\"thumbnailUrl\":\"https:\/\/www.csj-emballages.com\/wp-content\/uploads\/2024\/03\/HP41BIO.webp\",\"datePublished\":\"2024-03-01T15:52:06+00:00\",\"dateModified\":\"2026-05-04T00:12:18+00:00\",\"description\":\"Aufklappbare Kebab-Box aus biologisch abbaubarer Bagasse 210x200x78 mm - ideal f\u00fcr Gerichte zum Mitnehmen. Perfekt f\u00fcr umweltbewusste Profis.\",\"breadcrumb\":{\"@id\":\"https:\/\/www.csj-emballages.com\/de\/produit\/50-biologisch-abbaubare-bagasse-boxen-210-x-200-x-78-mm\/#breadcrumb\"},\"inLanguage\":\"de\",\"potentialAction\":[{\"@type\":\"ReadAction\",\"target\":[\"https:\/\/www.csj-emballages.com\/de\/produit\/50-biologisch-abbaubare-bagasse-boxen-210-x-200-x-78-mm\/\"]}]},{\"@type\":\"ImageObject\",\"inLanguage\":\"de\",\"@id\":\"https:\/\/www.csj-emballages.com\/de\/produit\/50-biologisch-abbaubare-bagasse-boxen-210-x-200-x-78-mm\/#primaryimage\",\"url\":\"https:\/\/www.csj-emballages.com\/wp-content\/uploads\/2024\/03\/HP41BIO.webp\",\"contentUrl\":\"https:\/\/www.csj-emballages.com\/wp-content\/uploads\/2024\/03\/HP41BIO.webp\",\"width\":800,\"height\":800,\"caption\":\"Boite kebab\"},{\"@type\":\"BreadcrumbList\",\"@id\":\"https:\/\/www.csj-emballages.com\/de\/produit\/50-biologisch-abbaubare-bagasse-boxen-210-x-200-x-78-mm\/#breadcrumb\",\"itemListElement\":[{\"@type\":\"ListItem\",\"position\":1,\"name\":\"Accueil\",\"item\":\"https:\/\/www.csj-emballages.com\/de\/universum-lebensmittelverpackungen\/\"},{\"@type\":\"ListItem\",\"position\":2,\"name\":\"Shop\",\"item\":\"https:\/\/www.csj-emballages.com\/shop\/\"},{\"@type\":\"ListItem\",\"position\":3,\"name\":\"Biologisch abbaubare Bagasse Kebab Box mit Scharnier 210 x 200 x 78 mm pro 50\"}]},{\"@type\":\"WebSite\",\"@id\":\"https:\/\/www.csj-emballages.com\/de\/#website\",\"url\":\"https:\/\/www.csj-emballages.com\/de\/\",\"name\":\"CSJ Emballages\",\"description\":\"\",\"publisher\":{\"@id\":\"https:\/\/www.csj-emballages.com\/de\/#organization\"},\"potentialAction\":[{\"@type\":\"SearchAction\",\"target\":{\"@type\":\"EntryPoint\",\"urlTemplate\":\"https:\/\/www.csj-emballages.com\/de\/?s={search_term_string}\"},\"query-input\":{\"@type\":\"PropertyValueSpecification\",\"valueRequired\":true,\"valueName\":\"search_term_string\"}}],\"inLanguage\":\"de\"},{\"@type\":\"Organization\",\"@id\":\"https:\/\/www.csj-emballages.com\/de\/#Organization\/\",\"name\":\"CSJ Emballages\",\"url\":\"https:\/\/www.csj-emballages.com\/de\/\",\"logo\":{\"@type\":\"ImageObject\",\"inLanguage\":\"de\",\"@id\":\"https:\/\/www.csj-emballages.com\/de\/#\/schema\/logo\/image\/\",\"url\":\"https:\/\/www.csj-emballages.com\/wp-content\/uploads\/2023\/10\/logo_csj.webp\",\"contentUrl\":\"https:\/\/www.csj-emballages.com\/wp-content\/uploads\/2023\/10\/logo_csj.webp\",\"width\":250,\"height\":95,\"caption\":\"CSJ Emballages\"},\"image\":{\"@id\":\"https:\/\/www.csj-emballages.com\/de\/#\/schema\/logo\/image\/\"},\"sameAs\":[\"https:\/\/www.facebook.com\/csjemballages\"],\"address\":{\"@type\":\"PostalAddress\",\"streetAddress\":\"ZI La Lechere\",\"addressLocality\":\"Patornay\",\"postalCode\":\"39130\",\"addressCountry\":\"FR\"},\"contactPoint\":[{\"@type\":\"ContactPoint\",\"contactType\":\"Service client\",\"telephone\":\"0384254272\",\"email\":\"contact@csj-emballages.com\"}]}]}<\/script>\n<!-- \/ Yoast SEO Premium plugin. -->","yoast_head_json":{"title":"Kebab Box mit Scharnier Bagasse 210 x 200 x 78 mm","description":"Aufklappbare Kebab-Box aus biologisch abbaubarer Bagasse 210x200x78 mm - ideal f\u00fcr Gerichte zum Mitnehmen. Perfekt f\u00fcr umweltbewusste Profis.","robots":{"index":"index","follow":"follow","max-snippet":"max-snippet:-1","max-image-preview":"max-image-preview:large","max-video-preview":"max-video-preview:-1"},"canonical":"https:\/\/www.csj-emballages.com\/de\/produit\/50-biologisch-abbaubare-bagasse-boxen-210-x-200-x-78-mm\/","og_locale":"de_DE","og_type":"article","og_title":"Biologisch abbaubare Bagasse Kebab Box mit Scharnier 210 x 200 x 78 mm pro 50","og_description":"Aufklappbare Kebab-Box aus biologisch abbaubarer Bagasse 210x200x78 mm - ideal f\u00fcr Gerichte zum Mitnehmen. Perfekt f\u00fcr umweltbewusste Profis.","og_url":"https:\/\/www.csj-emballages.com\/de\/produit\/50-biologisch-abbaubare-bagasse-boxen-210-x-200-x-78-mm\/","og_site_name":"CSJ Emballages","article_publisher":"https:\/\/www.facebook.com\/csjemballages","article_modified_time":"2026-05-04T00:12:18+00:00","og_image":[{"width":800,"height":800,"url":"https:\/\/www.csj-emballages.com\/wp-content\/uploads\/2024\/03\/HP41BIO.webp","type":"image\/webp"}],"twitter_card":"summary_large_image","twitter_misc":{"Gesch\u00e4tzte Lesezeit":"2 Minuten"},"schema":{"@context":"https:\/\/schema.org","@graph":[{"@type":"WebPage","@id":"https:\/\/www.csj-emballages.com\/de\/produit\/50-biologisch-abbaubare-bagasse-boxen-210-x-200-x-78-mm\/","url":"https:\/\/www.csj-emballages.com\/de\/produit\/50-biologisch-abbaubare-bagasse-boxen-210-x-200-x-78-mm\/","name":"Kebab Box mit Scharnier Bagasse 210 x 200 x 78 mm","isPartOf":{"@id":"https:\/\/www.csj-emballages.com\/de\/#website"},"primaryImageOfPage":{"@id":"https:\/\/www.csj-emballages.com\/de\/produit\/50-biologisch-abbaubare-bagasse-boxen-210-x-200-x-78-mm\/#primaryimage"},"image":{"@id":"https:\/\/www.csj-emballages.com\/de\/produit\/50-biologisch-abbaubare-bagasse-boxen-210-x-200-x-78-mm\/#primaryimage"},"thumbnailUrl":"https:\/\/www.csj-emballages.com\/wp-content\/uploads\/2024\/03\/HP41BIO.webp","datePublished":"2024-03-01T15:52:06+00:00","dateModified":"2026-05-04T00:12:18+00:00","description":"Aufklappbare Kebab-Box aus biologisch abbaubarer Bagasse 210x200x78 mm - ideal f\u00fcr Gerichte zum Mitnehmen. Perfekt f\u00fcr umweltbewusste Profis.","breadcrumb":{"@id":"https:\/\/www.csj-emballages.com\/de\/produit\/50-biologisch-abbaubare-bagasse-boxen-210-x-200-x-78-mm\/#breadcrumb"},"inLanguage":"de","potentialAction":[{"@type":"ReadAction","target":["https:\/\/www.csj-emballages.com\/de\/produit\/50-biologisch-abbaubare-bagasse-boxen-210-x-200-x-78-mm\/"]}]},{"@type":"ImageObject","inLanguage":"de","@id":"https:\/\/www.csj-emballages.com\/de\/produit\/50-biologisch-abbaubare-bagasse-boxen-210-x-200-x-78-mm\/#primaryimage","url":"https:\/\/www.csj-emballages.com\/wp-content\/uploads\/2024\/03\/HP41BIO.webp","contentUrl":"https:\/\/www.csj-emballages.com\/wp-content\/uploads\/2024\/03\/HP41BIO.webp","width":800,"height":800,"caption":"Boite kebab"},{"@type":"BreadcrumbList","@id":"https:\/\/www.csj-emballages.com\/de\/produit\/50-biologisch-abbaubare-bagasse-boxen-210-x-200-x-78-mm\/#breadcrumb","itemListElement":[{"@type":"ListItem","position":1,"name":"Accueil","item":"https:\/\/www.csj-emballages.com\/de\/universum-lebensmittelverpackungen\/"},{"@type":"ListItem","position":2,"name":"Shop","item":"https:\/\/www.csj-emballages.com\/shop\/"},{"@type":"ListItem","position":3,"name":"Biologisch abbaubare Bagasse Kebab Box mit Scharnier 210 x 200 x 78 mm pro 50"}]},{"@type":"WebSite","@id":"https:\/\/www.csj-emballages.com\/de\/#website","url":"https:\/\/www.csj-emballages.com\/de\/","name":"CSJ Emballages","description":"","publisher":{"@id":"https:\/\/www.csj-emballages.com\/de\/#organization"},"potentialAction":[{"@type":"SearchAction","target":{"@type":"EntryPoint","urlTemplate":"https:\/\/www.csj-emballages.com\/de\/?s={search_term_string}"},"query-input":{"@type":"PropertyValueSpecification","valueRequired":true,"valueName":"search_term_string"}}],"inLanguage":"de"},{"@type":"Organization","@id":"https:\/\/www.csj-emballages.com\/de\/#Organization\/","name":"CSJ Emballages","url":"https:\/\/www.csj-emballages.com\/de\/","logo":{"@type":"ImageObject","inLanguage":"de","@id":"https:\/\/www.csj-emballages.com\/de\/#\/schema\/logo\/image\/","url":"https:\/\/www.csj-emballages.com\/wp-content\/uploads\/2023\/10\/logo_csj.webp","contentUrl":"https:\/\/www.csj-emballages.com\/wp-content\/uploads\/2023\/10\/logo_csj.webp","width":250,"height":95,"caption":"CSJ Emballages"},"image":{"@id":"https:\/\/www.csj-emballages.com\/de\/#\/schema\/logo\/image\/"},"sameAs":["https:\/\/www.facebook.com\/csjemballages"],"address":{"@type":"PostalAddress","streetAddress":"ZI La Lechere","addressLocality":"Patornay","postalCode":"39130","addressCountry":"FR"},"contactPoint":[{"@type":"ContactPoint","contactType":"Service client","telephone":"0384254272","email":"contact@csj-emballages.com"}]}]}},"df_price":13.51,"df_sale_price":"","df_regular_price":13.51,"df_image_link":"https:\/\/www.csj-emballages.com\/wp-content\/uploads\/2024\/03\/HP41BIO-300x300.webp","tiered_pricing_type":"fixed","tiered_pricing_fixed_rules":[],"tiered_pricing_percentage_rules":[],"tiered_pricing_minimum":1,"tiered_pricing_roles_data":[],"_links":{"self":[{"href":"https:\/\/www.csj-emballages.com\/de\/wp-json\/wp\/v2\/product\/21663","targetHints":{"allow":["GET"]}}],"collection":[{"href":"https:\/\/www.csj-emballages.com\/de\/wp-json\/wp\/v2\/product"}],"about":[{"href":"https:\/\/www.csj-emballages.com\/de\/wp-json\/wp\/v2\/types\/product"}],"wp:featuredmedia":[{"embeddable":true,"href":"https:\/\/www.csj-emballages.com\/de\/wp-json\/wp\/v2\/media\/239898"}],"wp:attachment":[{"href":"https:\/\/www.csj-emballages.com\/de\/wp-json\/wp\/v2\/media?parent=21663"}],"wp:term":[{"taxonomy":"product_brand","embeddable":true,"href":"https:\/\/www.csj-emballages.com\/de\/wp-json\/wp\/v2\/product_brand?post=21663"},{"taxonomy":"product_cat","embeddable":true,"href":"https:\/\/www.csj-emballages.com\/de\/wp-json\/wp\/v2\/product_cat?post=21663"},{"taxonomy":"product_tag","embeddable":true,"href":"https:\/\/www.csj-emballages.com\/de\/wp-json\/wp\/v2\/product_tag?post=21663"}],"curies":[{"name":"wp","href":"https:\/\/api.w.org\/{rel}","templated":true}]}}