{"id":21650,"date":"2024-03-01T16:53:02","date_gmt":"2024-03-01T15:53:02","guid":{"rendered":"https:\/\/u15jnbdpoq.preview.infomaniak.website\/produit\/100-vinyl-einmalhandschuhe-gepudert-extra-large-10\/"},"modified":"2026-04-17T02:13:57","modified_gmt":"2026-04-17T00:13:57","slug":"100-vinyl-einmalhandschuhe-gepudert-extra-large-10","status":"publish","type":"product","link":"https:\/\/www.csj-emballages.com\/de\/produit\/100-vinyl-einmalhandschuhe-gepudert-extra-large-10\/","title":{"rendered":"Gepuderter Vinyl-Einweghandschuh \/ extra gro\u00df, Gr\u00f6\u00dfe 10, 100 St\u00fcck"},"content":{"rendered":"<h2 data-start=\"233\" data-end=\"653\">Vinylhandschuh<\/h2>\n<hr>\n<h3 data-start=\"233\" data-end=\"653\">Entdecken Sie unseren gepuderten Vinyl-Einweghandschuh \/ extra gro\u00df, Gr\u00f6\u00dfe 10, 100 St\u00fcck.<\/h3>\n<p data-start=\"233\" data-end=\"653\"><!--more--><\/p>\n<p data-start=\"234\" data-end=\"688\">Diese <strong data-start=\"238\" data-end=\"277\">gepuderten Vinyl-Einweghandschuhe<\/strong>, in Gr\u00f6\u00dfe <strong>10 (XL)<\/strong>, sind darauf ausgelegt, effektiven Schutz zu bieten und dabei einfach und angenehm im t\u00e4glichen Gebrauch zu sein. Hergestellt aus <strong data-start=\"421\" data-end=\"447\">Polyvinylchlorid<\/strong>, gew\u00e4hrleisten sie einen guten Sitz an der Hand und eignen sich hervorragend sowohl f\u00fcr pr\u00e4zise Handgriffe als auch f\u00fcr schnelle Manipulationen. Ihre <strong data-start=\"574\" data-end=\"591\">neutrale Farbe<\/strong> erm\u00f6glicht einen diskreten Einsatz, sowohl im medizinischen als auch im professionellen Umfeld.  <\/p>\n<p data-start=\"690\" data-end=\"1028\">Dank ihrer <strong data-start=\"703\" data-end=\"739\">Puderung auf Maisst\u00e4rkebasis<\/strong> lassen sie sich m\u00fchelos anziehen. Selbst bei leicht feuchten H\u00e4nden gleitet der Handschuh leicht, was bei h\u00e4ufigem Wechsel wertvolle Zeit spart. Zudem verhindert ihr <strong data-start=\"942\" data-end=\"956\">beidh\u00e4ndiges Design<\/strong> jeglichen Zeitverlust: Ein einziges Modell gen\u00fcgt f\u00fcr beide H\u00e4nde.  <\/p>\n<p data-start=\"1030\" data-end=\"1421\">Der <strong data-start=\"1033\" data-end=\"1047\">Rollrand<\/strong> bietet echten Tragekomfort. Er verst\u00e4rkt die Haltbarkeit des Handschuhs und erleichtert das Ausziehen, w\u00e4hrend er gleichzeitig das Risiko von Rissen begrenzt. Dieses Detail macht bei intensivem Gebrauch den Unterschied. Dar\u00fcber hinaus gew\u00e4hrleistet ihre <strong data-start=\"1262\" data-end=\"1282\">medizinische Qualit\u00e4t<\/strong> ein Zuverl\u00e4ssigkeitsniveau, das den Anforderungen von Fachleuten aus den Bereichen Gesundheit, Hygiene, Gastronomie oder Laboratorien entspricht.   <\/p>\n<p data-start=\"1423\" data-end=\"1673\">Diese <strong data-start=\"1430\" data-end=\"1448\">im 100er-Pack<\/strong> <strong>Handschuhe<\/strong> erh\u00e4ltlich, stellen eine praktische und wirtschaftliche L\u00f6sung dar, um konstanten Schutz zu gew\u00e4hrleisten, ohne die Lagerbest\u00e4nde zu \u00fcberlasten. Sie lassen sich leicht in den Alltag integrieren, sei es f\u00fcr den professionellen oder gelegentlichen Gebrauch. <\/p>\n<p data-start=\"1675\" data-end=\"1860\">Zusammenfassend l\u00e4sst sich sagen, dass diese <strong>gepuderten Vinylhandschuhe<\/strong> Komfort, Benutzerfreundlichkeit und Zuverl\u00e4ssigkeit vereinen und dabei einfach und effektiv f\u00fcr alle Situationen bleiben, in denen Hygiene unerl\u00e4sslich ist.<\/p>\n<p data-start=\"1405\" data-end=\"1623\"><!--more--><\/p>\n<h4 data-start=\"1405\" data-end=\"1623\">Vorteile :<\/h4>\n<ul>\n<li data-start=\"1888\" data-end=\"1922\">Handschuhe aus <strong>Polyvinylchlorid<\/strong>.<\/li>\n<li data-start=\"1925\" data-end=\"1978\"><strong>Gepudert<\/strong> mit Maisst\u00e4rke f\u00fcr schnelles Anziehen.<\/li>\n<li data-start=\"1981\" data-end=\"2017\"><strong>Beidh\u00e4ndig tragbar<\/strong> und einfach zu handhaben.<\/li>\n<li data-start=\"2020\" data-end=\"2071\">Rollrand f\u00fcr mehr Komfort und Widerstandsf\u00e4higkeit.<\/li>\n<li data-start=\"2074\" data-end=\"2093\">Medizinische Qualit\u00e4t.<\/li>\n<li data-start=\"2096\" data-end=\"2123\">Praktische Packung mit <strong>100 St\u00fcck<\/strong>.<\/li>\n<\/ul>\n<p>&nbsp;<\/p>\n<p><!--more--><\/p>\n<h4>Weitere Informationen :<\/h4>\n<ul>\n<li><strong>Verpackung<\/strong>: Packung mit 100 St\u00fcck<\/li>\n<li><strong>Gr\u00f6\u00dfe<\/strong>: XL<\/li>\n<li><strong>L\u00e4nge<\/strong>: 240 mm<\/li>\n<li><strong>Handfl\u00e4chenbreite<\/strong>: 115 mm<\/li>\n<li><strong>Gewicht<\/strong>: 6,0 g<\/li>\n<li><strong>Material<\/strong>: Vinyl (gepudert)<\/li>\n<\/ul>\n<p>&nbsp;<\/p>\n<p><!--more--><\/p>\n<p>Diese Polyethylen-Handschuhe in Gr\u00f6\u00dfe XL sind in verschiedenen Gr\u00f6\u00dfen erh\u00e4ltlich: <span style=\"color: #d12727;\"><a style=\"color: #d12727;\" href=\"https:\/\/www.csj-emballages.com\/produit\/100-gants-vinyles-a-usage-unique-poudre-petit-6-5\/?_gl=1*12v5qh6*_up*MQ..*_ga*MTYxMDc4OTg4MC4xNzY5NjkwODYz*_ga_YNVJLRSSZT*czE3Njk2OTA4NjIkbzEkZzAkdDE3Njk2OTA4NjIkajYwJGwwJGgxOTU5OTU1MjU0\">Small<\/a><\/span> \/ <span style=\"color: #d12727;\"><a style=\"color: #d12727;\" href=\"https:\/\/www.csj-emballages.com\/produit\/100-gants-vinyles-a-usage-unique-poudre-medium-7-5\/?_gl=1*ilngec*_up*MQ..*_ga*MTYxMDc4OTg4MC4xNzY5NjkwODYz*_ga_YNVJLRSSZT*czE3Njk2OTA4NjIkbzEkZzAkdDE3Njk2OTA4NjIkajYwJGwwJGgxOTU5OTU1MjU0\">Medium<\/a><\/span> \/<span style=\"color: #d12727;\"> <a style=\"color: #d12727;\" href=\"https:\/\/www.csj-emballages.com\/produit\/100-gant-vinyle-a-usage-unique-poudre-large-9\/?_gl=1*q867k9*_up*MQ..*_ga*MTE3MjI0Nzk2MS4xNzY5NjkxMjA0*_ga_YNVJLRSSZT*czE3Njk2OTEyMDQkbzEkZzAkdDE3Njk2OTEyMDQkajYwJGwwJGg2OTc1MTg5Ng..\">Large<\/a><\/span><\/p>\n<p>&nbsp;<\/p>\n<p><!--more--><\/p>\n<p><a href=\"https:\/\/www.csj-emballages.com\/categorie-produit\/hygiene-et-entretiens\/equipements-individuels\/gants\/gants-vinyle\/?_gl=1*1wjzl6g*_up*MQ..*_ga*Nzk5OTQzODkwLjE3Njk2Nzk2MzQ.*_ga_YNVJLRSSZT*czE3Njk2Nzk2MzMkbzEkZzAkdDE3Njk2Nzk2MzYkajU3JGwwJGg2OTE4MjA1NjQ.\">Sehen Sie sich den Rest unseres Sortiments an Vinylhandschuhen an<\/a><\/p>\n","protected":false},"excerpt":{"rendered":"<p>Vinylhandschuh Entdecken Sie unseren gepuderten Vinyl-Einweghandschuh \/ extra gro\u00df, Gr\u00f6\u00dfe 10, 100 St\u00fcck.<\/p>\n","protected":false},"featured_media":262742,"template":"","meta":{"_acf_changed":false},"product_brand":[],"product_cat":[1218,2348,2696,2756],"product_tag":[],"class_list":{"0":"post-21650","1":"product","2":"type-product","3":"status-publish","4":"has-post-thumbnail","6":"product_cat-hygiene-und-pflege","7":"product_cat-individuelle-ausstattung","8":"product_cat-handschuhe","9":"product_cat-vinyl-handschuhe","11":"first","12":"instock","13":"taxable","14":"shipping-taxable","15":"purchasable","16":"product-type-simple"},"acf":[],"yoast_head":"<!-- This site is optimized with the Yoast SEO Premium plugin v26.6 (Yoast SEO v26.6) - https:\/\/yoast.com\/wordpress\/plugins\/seo\/ -->\n<title>Gepuderter Vinyl-Einweghandschuh \/ Extra Gro\u00df, Gr\u00f6\u00dfe 10, 100 St\u00fcck<\/title>\n<meta name=\"description\" content=\"Gepuderte Vinylhandschuhe, Gr\u00f6\u00dfe 10, im 100er-Pack. Beidh\u00e4ndig tragbar, mit Rollrand und medizinischer Qualit\u00e4t f\u00fcr einen einfachen und effizienten professionellen Einsatz.\" \/>\n<meta name=\"robots\" content=\"index, follow, max-snippet:-1, max-image-preview:large, max-video-preview:-1\" \/>\n<link rel=\"canonical\" href=\"https:\/\/www.csj-emballages.com\/de\/produit\/100-vinyl-einmalhandschuhe-gepudert-extra-large-10\/\" \/>\n<meta property=\"og:locale\" content=\"de_DE\" \/>\n<meta property=\"og:type\" content=\"article\" \/>\n<meta property=\"og:title\" content=\"Gepuderter Vinyl-Einweghandschuh \/ extra gro\u00df, Gr\u00f6\u00dfe 10, 100 St\u00fcck\" \/>\n<meta property=\"og:description\" content=\"Gepuderte Vinylhandschuhe, Gr\u00f6\u00dfe 10, im 100er-Pack. Beidh\u00e4ndig tragbar, mit Rollrand und medizinischer Qualit\u00e4t f\u00fcr einen einfachen und effizienten professionellen Einsatz.\" \/>\n<meta property=\"og:url\" content=\"https:\/\/www.csj-emballages.com\/de\/produit\/100-vinyl-einmalhandschuhe-gepudert-extra-large-10\/\" \/>\n<meta property=\"og:site_name\" content=\"CSJ Emballages\" \/>\n<meta property=\"article:publisher\" content=\"https:\/\/www.facebook.com\/csjemballages\" \/>\n<meta property=\"article:modified_time\" content=\"2026-04-17T00:13:57+00:00\" \/>\n<meta property=\"og:image\" content=\"https:\/\/www.csj-emballages.com\/wp-content\/uploads\/2024\/03\/Gant-vinyle.webp\" \/>\n\t<meta property=\"og:image:width\" content=\"800\" \/>\n\t<meta property=\"og:image:height\" content=\"800\" \/>\n\t<meta property=\"og:image:type\" content=\"image\/webp\" \/>\n<meta name=\"twitter:card\" content=\"summary_large_image\" \/>\n<meta name=\"twitter:label1\" content=\"Gesch\u00e4tzte Lesezeit\" \/>\n\t<meta name=\"twitter:data1\" content=\"2 Minuten\" \/>\n<script type=\"application\/ld+json\" class=\"yoast-schema-graph\">{\"@context\":\"https:\/\/schema.org\",\"@graph\":[{\"@type\":\"WebPage\",\"@id\":\"https:\/\/www.csj-emballages.com\/de\/produit\/100-vinyl-einmalhandschuhe-gepudert-extra-large-10\/\",\"url\":\"https:\/\/www.csj-emballages.com\/de\/produit\/100-vinyl-einmalhandschuhe-gepudert-extra-large-10\/\",\"name\":\"Gepuderter Vinyl-Einweghandschuh \/ Extra Gro\u00df, Gr\u00f6\u00dfe 10, 100 St\u00fcck\",\"isPartOf\":{\"@id\":\"https:\/\/www.csj-emballages.com\/de\/#website\"},\"primaryImageOfPage\":{\"@id\":\"https:\/\/www.csj-emballages.com\/de\/produit\/100-vinyl-einmalhandschuhe-gepudert-extra-large-10\/#primaryimage\"},\"image\":{\"@id\":\"https:\/\/www.csj-emballages.com\/de\/produit\/100-vinyl-einmalhandschuhe-gepudert-extra-large-10\/#primaryimage\"},\"thumbnailUrl\":\"https:\/\/www.csj-emballages.com\/wp-content\/uploads\/2024\/03\/Gant-vinyle.webp\",\"datePublished\":\"2024-03-01T15:53:02+00:00\",\"dateModified\":\"2026-04-17T00:13:57+00:00\",\"description\":\"Gepuderte Vinylhandschuhe, Gr\u00f6\u00dfe 10, im 100er-Pack. Beidh\u00e4ndig tragbar, mit Rollrand und medizinischer Qualit\u00e4t f\u00fcr einen einfachen und effizienten professionellen Einsatz.\",\"breadcrumb\":{\"@id\":\"https:\/\/www.csj-emballages.com\/de\/produit\/100-vinyl-einmalhandschuhe-gepudert-extra-large-10\/#breadcrumb\"},\"inLanguage\":\"de\",\"potentialAction\":[{\"@type\":\"ReadAction\",\"target\":[\"https:\/\/www.csj-emballages.com\/de\/produit\/100-vinyl-einmalhandschuhe-gepudert-extra-large-10\/\"]}]},{\"@type\":\"ImageObject\",\"inLanguage\":\"de\",\"@id\":\"https:\/\/www.csj-emballages.com\/de\/produit\/100-vinyl-einmalhandschuhe-gepudert-extra-large-10\/#primaryimage\",\"url\":\"https:\/\/www.csj-emballages.com\/wp-content\/uploads\/2024\/03\/Gant-vinyle.webp\",\"contentUrl\":\"https:\/\/www.csj-emballages.com\/wp-content\/uploads\/2024\/03\/Gant-vinyle.webp\",\"width\":800,\"height\":800,\"caption\":\"Gant vinyle\"},{\"@type\":\"BreadcrumbList\",\"@id\":\"https:\/\/www.csj-emballages.com\/de\/produit\/100-vinyl-einmalhandschuhe-gepudert-extra-large-10\/#breadcrumb\",\"itemListElement\":[{\"@type\":\"ListItem\",\"position\":1,\"name\":\"Accueil\",\"item\":\"https:\/\/www.csj-emballages.com\/de\/universum-lebensmittelverpackungen\/\"},{\"@type\":\"ListItem\",\"position\":2,\"name\":\"Shop\",\"item\":\"https:\/\/www.csj-emballages.com\/shop\/\"},{\"@type\":\"ListItem\",\"position\":3,\"name\":\"Gepuderter Vinyl-Einweghandschuh \/ extra gro\u00df, Gr\u00f6\u00dfe 10, 100 St\u00fcck\"}]},{\"@type\":\"WebSite\",\"@id\":\"https:\/\/www.csj-emballages.com\/de\/#website\",\"url\":\"https:\/\/www.csj-emballages.com\/de\/\",\"name\":\"CSJ Emballages\",\"description\":\"\",\"publisher\":{\"@id\":\"https:\/\/www.csj-emballages.com\/de\/#organization\"},\"potentialAction\":[{\"@type\":\"SearchAction\",\"target\":{\"@type\":\"EntryPoint\",\"urlTemplate\":\"https:\/\/www.csj-emballages.com\/de\/?s={search_term_string}\"},\"query-input\":{\"@type\":\"PropertyValueSpecification\",\"valueRequired\":true,\"valueName\":\"search_term_string\"}}],\"inLanguage\":\"de\"},{\"@type\":\"Organization\",\"@id\":\"https:\/\/www.csj-emballages.com\/de\/#Organization\/\",\"name\":\"CSJ Emballages\",\"url\":\"https:\/\/www.csj-emballages.com\/de\/\",\"logo\":{\"@type\":\"ImageObject\",\"inLanguage\":\"de\",\"@id\":\"https:\/\/www.csj-emballages.com\/de\/#\/schema\/logo\/image\/\",\"url\":\"https:\/\/www.csj-emballages.com\/wp-content\/uploads\/2023\/10\/logo_csj.webp\",\"contentUrl\":\"https:\/\/www.csj-emballages.com\/wp-content\/uploads\/2023\/10\/logo_csj.webp\",\"width\":250,\"height\":95,\"caption\":\"CSJ Emballages\"},\"image\":{\"@id\":\"https:\/\/www.csj-emballages.com\/de\/#\/schema\/logo\/image\/\"},\"sameAs\":[\"https:\/\/www.facebook.com\/csjemballages\"],\"address\":{\"@type\":\"PostalAddress\",\"streetAddress\":\"ZI La Lechere\",\"addressLocality\":\"Patornay\",\"postalCode\":\"39130\",\"addressCountry\":\"FR\"},\"contactPoint\":[{\"@type\":\"ContactPoint\",\"contactType\":\"Service client\",\"telephone\":\"0384254272\",\"email\":\"contact@csj-emballages.com\"}]}]}<\/script>\n<!-- \/ Yoast SEO Premium plugin. -->","yoast_head_json":{"title":"Gepuderter Vinyl-Einweghandschuh \/ Extra Gro\u00df, Gr\u00f6\u00dfe 10, 100 St\u00fcck","description":"Gepuderte Vinylhandschuhe, Gr\u00f6\u00dfe 10, im 100er-Pack. Beidh\u00e4ndig tragbar, mit Rollrand und medizinischer Qualit\u00e4t f\u00fcr einen einfachen und effizienten professionellen Einsatz.","robots":{"index":"index","follow":"follow","max-snippet":"max-snippet:-1","max-image-preview":"max-image-preview:large","max-video-preview":"max-video-preview:-1"},"canonical":"https:\/\/www.csj-emballages.com\/de\/produit\/100-vinyl-einmalhandschuhe-gepudert-extra-large-10\/","og_locale":"de_DE","og_type":"article","og_title":"Gepuderter Vinyl-Einweghandschuh \/ extra gro\u00df, Gr\u00f6\u00dfe 10, 100 St\u00fcck","og_description":"Gepuderte Vinylhandschuhe, Gr\u00f6\u00dfe 10, im 100er-Pack. Beidh\u00e4ndig tragbar, mit Rollrand und medizinischer Qualit\u00e4t f\u00fcr einen einfachen und effizienten professionellen Einsatz.","og_url":"https:\/\/www.csj-emballages.com\/de\/produit\/100-vinyl-einmalhandschuhe-gepudert-extra-large-10\/","og_site_name":"CSJ Emballages","article_publisher":"https:\/\/www.facebook.com\/csjemballages","article_modified_time":"2026-04-17T00:13:57+00:00","og_image":[{"width":800,"height":800,"url":"https:\/\/www.csj-emballages.com\/wp-content\/uploads\/2024\/03\/Gant-vinyle.webp","type":"image\/webp"}],"twitter_card":"summary_large_image","twitter_misc":{"Gesch\u00e4tzte Lesezeit":"2 Minuten"},"schema":{"@context":"https:\/\/schema.org","@graph":[{"@type":"WebPage","@id":"https:\/\/www.csj-emballages.com\/de\/produit\/100-vinyl-einmalhandschuhe-gepudert-extra-large-10\/","url":"https:\/\/www.csj-emballages.com\/de\/produit\/100-vinyl-einmalhandschuhe-gepudert-extra-large-10\/","name":"Gepuderter Vinyl-Einweghandschuh \/ Extra Gro\u00df, Gr\u00f6\u00dfe 10, 100 St\u00fcck","isPartOf":{"@id":"https:\/\/www.csj-emballages.com\/de\/#website"},"primaryImageOfPage":{"@id":"https:\/\/www.csj-emballages.com\/de\/produit\/100-vinyl-einmalhandschuhe-gepudert-extra-large-10\/#primaryimage"},"image":{"@id":"https:\/\/www.csj-emballages.com\/de\/produit\/100-vinyl-einmalhandschuhe-gepudert-extra-large-10\/#primaryimage"},"thumbnailUrl":"https:\/\/www.csj-emballages.com\/wp-content\/uploads\/2024\/03\/Gant-vinyle.webp","datePublished":"2024-03-01T15:53:02+00:00","dateModified":"2026-04-17T00:13:57+00:00","description":"Gepuderte Vinylhandschuhe, Gr\u00f6\u00dfe 10, im 100er-Pack. Beidh\u00e4ndig tragbar, mit Rollrand und medizinischer Qualit\u00e4t f\u00fcr einen einfachen und effizienten professionellen Einsatz.","breadcrumb":{"@id":"https:\/\/www.csj-emballages.com\/de\/produit\/100-vinyl-einmalhandschuhe-gepudert-extra-large-10\/#breadcrumb"},"inLanguage":"de","potentialAction":[{"@type":"ReadAction","target":["https:\/\/www.csj-emballages.com\/de\/produit\/100-vinyl-einmalhandschuhe-gepudert-extra-large-10\/"]}]},{"@type":"ImageObject","inLanguage":"de","@id":"https:\/\/www.csj-emballages.com\/de\/produit\/100-vinyl-einmalhandschuhe-gepudert-extra-large-10\/#primaryimage","url":"https:\/\/www.csj-emballages.com\/wp-content\/uploads\/2024\/03\/Gant-vinyle.webp","contentUrl":"https:\/\/www.csj-emballages.com\/wp-content\/uploads\/2024\/03\/Gant-vinyle.webp","width":800,"height":800,"caption":"Gant vinyle"},{"@type":"BreadcrumbList","@id":"https:\/\/www.csj-emballages.com\/de\/produit\/100-vinyl-einmalhandschuhe-gepudert-extra-large-10\/#breadcrumb","itemListElement":[{"@type":"ListItem","position":1,"name":"Accueil","item":"https:\/\/www.csj-emballages.com\/de\/universum-lebensmittelverpackungen\/"},{"@type":"ListItem","position":2,"name":"Shop","item":"https:\/\/www.csj-emballages.com\/shop\/"},{"@type":"ListItem","position":3,"name":"Gepuderter Vinyl-Einweghandschuh \/ extra gro\u00df, Gr\u00f6\u00dfe 10, 100 St\u00fcck"}]},{"@type":"WebSite","@id":"https:\/\/www.csj-emballages.com\/de\/#website","url":"https:\/\/www.csj-emballages.com\/de\/","name":"CSJ Emballages","description":"","publisher":{"@id":"https:\/\/www.csj-emballages.com\/de\/#organization"},"potentialAction":[{"@type":"SearchAction","target":{"@type":"EntryPoint","urlTemplate":"https:\/\/www.csj-emballages.com\/de\/?s={search_term_string}"},"query-input":{"@type":"PropertyValueSpecification","valueRequired":true,"valueName":"search_term_string"}}],"inLanguage":"de"},{"@type":"Organization","@id":"https:\/\/www.csj-emballages.com\/de\/#Organization\/","name":"CSJ Emballages","url":"https:\/\/www.csj-emballages.com\/de\/","logo":{"@type":"ImageObject","inLanguage":"de","@id":"https:\/\/www.csj-emballages.com\/de\/#\/schema\/logo\/image\/","url":"https:\/\/www.csj-emballages.com\/wp-content\/uploads\/2023\/10\/logo_csj.webp","contentUrl":"https:\/\/www.csj-emballages.com\/wp-content\/uploads\/2023\/10\/logo_csj.webp","width":250,"height":95,"caption":"CSJ Emballages"},"image":{"@id":"https:\/\/www.csj-emballages.com\/de\/#\/schema\/logo\/image\/"},"sameAs":["https:\/\/www.facebook.com\/csjemballages"],"address":{"@type":"PostalAddress","streetAddress":"ZI La Lechere","addressLocality":"Patornay","postalCode":"39130","addressCountry":"FR"},"contactPoint":[{"@type":"ContactPoint","contactType":"Service client","telephone":"0384254272","email":"contact@csj-emballages.com"}]}]}},"df_price":2.77,"df_sale_price":"","df_regular_price":2.77,"df_image_link":"https:\/\/www.csj-emballages.com\/wp-content\/uploads\/2024\/03\/Gant-vinyle-300x300.webp","tiered_pricing_type":"fixed","tiered_pricing_fixed_rules":[],"tiered_pricing_percentage_rules":[],"tiered_pricing_minimum":1,"tiered_pricing_roles_data":[],"_links":{"self":[{"href":"https:\/\/www.csj-emballages.com\/de\/wp-json\/wp\/v2\/product\/21650","targetHints":{"allow":["GET"]}}],"collection":[{"href":"https:\/\/www.csj-emballages.com\/de\/wp-json\/wp\/v2\/product"}],"about":[{"href":"https:\/\/www.csj-emballages.com\/de\/wp-json\/wp\/v2\/types\/product"}],"wp:featuredmedia":[{"embeddable":true,"href":"https:\/\/www.csj-emballages.com\/de\/wp-json\/wp\/v2\/media\/262742"}],"wp:attachment":[{"href":"https:\/\/www.csj-emballages.com\/de\/wp-json\/wp\/v2\/media?parent=21650"}],"wp:term":[{"taxonomy":"product_brand","embeddable":true,"href":"https:\/\/www.csj-emballages.com\/de\/wp-json\/wp\/v2\/product_brand?post=21650"},{"taxonomy":"product_cat","embeddable":true,"href":"https:\/\/www.csj-emballages.com\/de\/wp-json\/wp\/v2\/product_cat?post=21650"},{"taxonomy":"product_tag","embeddable":true,"href":"https:\/\/www.csj-emballages.com\/de\/wp-json\/wp\/v2\/product_tag?post=21650"}],"curies":[{"name":"wp","href":"https:\/\/api.w.org\/{rel}","templated":true}]}}