{"id":21617,"date":"2024-03-01T16:53:03","date_gmt":"2024-03-01T15:53:03","guid":{"rendered":"https:\/\/u15jnbdpoq.preview.infomaniak.website\/produit\/50-mikrowellenschalen-aus-pp-1500-ml\/"},"modified":"2026-05-04T02:12:14","modified_gmt":"2026-05-04T00:12:14","slug":"50-mikrowellenschalen-aus-pp-1500-ml","status":"publish","type":"product","link":"https:\/\/www.csj-emballages.com\/de\/produit\/50-mikrowellenschalen-aus-pp-1500-ml\/","title":{"rendered":"Mikrowellengeeignete Schale mit Scharnierdeckel 1500 ml pro 50"},"content":{"rendered":"<h2>Mikrowellenf\u00e4hige Schale<\/h2>\n<hr>\n<h3>Beschreibung unserer mikrowellengeeigneten Schale mit Klappdeckel 1500 ml pro 50 St\u00fcck<\/h3>\n<p><!--more--><\/p>\n<div class=\"flex max-w-full flex-col flex-grow\">\n<div class=\"min-h-8 text-message flex w-full flex-col items-end gap-2 whitespace-normal break-words text-start [.text-message+&amp;]:mt-5\" dir=\"auto\" data-message-author-role=\"assistant\" data-message-id=\"266ca6f3-5e07-4948-bd20-80ac5e6da4a5\" data-message-model-slug=\"gpt-4o\">\n<div class=\"flex w-full flex-col gap-1 empty:hidden first:pt-[3px]\">\n<div class=\"markdown prose w-full break-words dark:prose-invert dark\">\n<p>Diese <strong>mikrowellengeeignete Schale mit einem Fassungsverm\u00f6gen von 1500 ml<\/strong> ist ideal zum einfachen Verpacken, Transportieren und Aufw\u00e4rmen Ihrer Gerichte. Mit ihrem integrierten <strong>Scharnierdeckel<\/strong> bietet sie einen praktischen luftdichten Verschluss, der ein Auslaufen und Verunreinigungen verhindert. Sie besteht aus lebensmittelechtem Kunststoff<strong>(PP<\/strong>), ist hitzebest\u00e4ndig und <strong>mikrowellengeeignet<\/strong>, was sie zur perfekten L\u00f6sung f\u00fcr das schnelle und einfache Aufw\u00e4rmen von Speisen macht.  <\/p>\n<p>Ihr Fassungsverm\u00f6gen von <strong>1500 ml<\/strong> ist ideal f\u00fcr Familienportionen. Die <strong>Schale<\/strong> wird in Packungen zu <strong>50<\/strong> St\u00fcck verkauft und eignet sich sowohl f\u00fcr den professionellen als auch f\u00fcr den privaten Gebrauch, f\u00fcr den t\u00e4glichen Gebrauch oder f\u00fcr Veranstaltungen. Sie ist praktisch, stapelbar und l\u00e4sst sich gut lagern. Die Schalen sind vielseitig einsetzbar und eignen sich sowohl f\u00fcr warme als auch f\u00fcr kalte Gerichte, wobei die Frische und Qualit\u00e4t der Speisen erhalten bleibt.   <\/p>\n<\/div>\n<\/div>\n<p>&nbsp;<\/p>\n<\/div>\n<\/div>\n<p><!--more--><\/p>\n<h4>Vorteile :<\/h4>\n<ul>\n<li>All-in-One-L\u00f6sung mit festem Deckel f\u00fcr Zeitersparnis und einfache Handhabung.<\/li>\n<li>H\u00e4lt Lebensmittel frisch und qualitativ, auslaufsicher.<\/li>\n<li>Geeignet f\u00fcr warme und kalte Speisen.<\/li>\n<li>Stapelbar f\u00fcr optimierte Lagerung.<\/li>\n<\/ul>\n<p>&nbsp;<\/p>\n<p><!--more--><\/p>\n<h4>Weitere Informationen :<\/h4>\n<ul>\n<li><strong>Verpackung<\/strong>: Packung mit 50 St\u00fcck<\/li>\n<li><strong>Innenma\u00dfe<\/strong>: 212x150x64<\/li>\n<li><strong>Au\u00dfenma\u00dfe<\/strong>: 233x178x67<\/li>\n<li><strong>Volumen<\/strong>: 1500 ml<\/li>\n<li><strong>Material<\/strong>: Polypropylen (PP)<\/li>\n<li><strong>Nutzung<\/strong>: Warm<\/li>\n<\/ul>\n<p>&nbsp;<\/p>\n<p><!--more--><\/p>\n<p>Dieses Produkt gibt es in verschiedenen Gr\u00f6\u00dfen : <span style=\"color: #d12727;\"><a style=\"color: #d12727;\" href=\"https:\/\/www.csj-emballages.com\/produit\/50-barquettes-micro-ondes-matiere-pp-250-ml\/\">250 ml<\/a><\/span> \/ <span style=\"color: #d12727;\"><a style=\"color: #d12727;\" href=\"https:\/\/www.csj-emballages.com\/es\/produit\/50-bandejas-de-pp-con-tapa-abatible-para-microondas-375-ml\/\">375 ml<\/a><\/span> \/ <span style=\"color: #d12727;\"><a style=\"color: #d12727;\" href=\"https:\/\/www.csj-emballages.com\/es\/produit\/50-bandejas-de-pp-con-tapa-abatible-para-microondas-500-ml\/\">500 ml<\/a><\/span> \/ <span style=\"color: #d12727;\"><a style=\"color: #d12727;\" href=\"https:\/\/www.csj-emballages.com\/es\/produit\/50-bandejas-de-pp-con-tapa-abatible-para-microondas-750-ml\/\">750 ml<\/a><\/span> \/ <span style=\"color: #d12727;\"><a style=\"color: #d12727;\" href=\"https:\/\/www.csj-emballages.com\/produit\/50-barquettes-a-couvercle-charniere-micro-ondes-matiere-pp-1000-ml\/\">1000 ml<\/a><\/span> \/ <span style=\"color: #d12727;\"><a style=\"color: #d12727;\" href=\"https:\/\/www.csj-emballages.com\/produit\/50-barquettes-micro-ondes-en-plastique-1200-ml\/\">1200 ml<\/a><\/span> \/ <span style=\"color: #d12727;\"><a style=\"color: #d12727;\" href=\"https:\/\/www.csj-emballages.com\/es\/produit\/50-bandejas-microondas-pp-2000-ml\/\">2000 ml<\/a><\/span><\/p>\n<p>&nbsp;<\/p>\n<p><!--more--><\/p>\n<p><a href=\"https:\/\/www.csj-emballages.com\/de\/categorie-produit\/lebensmittelverpackungen\/metzgerei-und-feinkostgeschaft\/schalen-dosen-und-glaser\/schalen-dosen-glaser-fur-lebensmittel\/dosen-mit-scharnierdeckel-mikrowelle\/\">Sehen Sie sich den Rest unseres Sortiments an mikrowellengeeigneten Schalen an.<\/a><\/p>\n","protected":false},"excerpt":{"rendered":"<p>Mikrowellenf\u00e4hige Schale Beschreibung unserer mikrowellengeeigneten Schale mit Klappdeckel 1500 ml pro 50 St\u00fcck<\/p>\n","protected":false},"featured_media":220604,"template":"","meta":{"_acf_changed":false},"product_brand":[],"product_cat":[1137,1170,2277,1513,2752],"product_tag":[],"class_list":{"0":"post-21617","1":"product","2":"type-product","3":"status-publish","4":"has-post-thumbnail","6":"product_cat-lebensmittelverpackungen","7":"product_cat-metzgerei-und-feinkostgeschaft","8":"product_cat-schalen-dosen-und-glaser","9":"product_cat-schalen-dosen-glaser-fur-lebensmittel","10":"product_cat-dosen-mit-scharnierdeckel-mikrowelle","12":"first","13":"instock","14":"taxable","15":"shipping-taxable","16":"purchasable","17":"product-type-simple"},"acf":[],"yoast_head":"<!-- This site is optimized with the Yoast SEO Premium plugin v26.6 (Yoast SEO v26.6) - https:\/\/yoast.com\/wordpress\/plugins\/seo\/ -->\n<title>Mikrowellengeeignete Schale mit Scharnierdeckel - 1500 ml<\/title>\n<meta name=\"description\" content=\"Mikrowellengeeignete Schale 1500 ml mit Scharnierdeckel: praktisch, luftdicht und ideal zum Aufw\u00e4rmen, Transportieren und Aufbewahren von Gerichten.\" \/>\n<meta name=\"robots\" content=\"index, follow, max-snippet:-1, max-image-preview:large, max-video-preview:-1\" \/>\n<link rel=\"canonical\" href=\"https:\/\/www.csj-emballages.com\/de\/produit\/50-mikrowellenschalen-aus-pp-1500-ml\/\" \/>\n<meta property=\"og:locale\" content=\"de_DE\" \/>\n<meta property=\"og:type\" content=\"article\" \/>\n<meta property=\"og:title\" content=\"Mikrowellengeeignete Schale mit Scharnierdeckel 1500 ml pro 50\" \/>\n<meta property=\"og:description\" content=\"Mikrowellengeeignete Schale 1500 ml mit Scharnierdeckel: praktisch, luftdicht und ideal zum Aufw\u00e4rmen, Transportieren und Aufbewahren von Gerichten.\" \/>\n<meta property=\"og:url\" content=\"https:\/\/www.csj-emballages.com\/de\/produit\/50-mikrowellenschalen-aus-pp-1500-ml\/\" \/>\n<meta property=\"og:site_name\" content=\"CSJ Emballages\" \/>\n<meta property=\"article:publisher\" content=\"https:\/\/www.facebook.com\/csjemballages\" \/>\n<meta property=\"article:modified_time\" content=\"2026-05-04T00:12:14+00:00\" \/>\n<meta property=\"og:image\" content=\"https:\/\/www.csj-emballages.com\/wp-content\/uploads\/2024\/03\/HOT1500.webp\" \/>\n\t<meta property=\"og:image:width\" content=\"800\" \/>\n\t<meta property=\"og:image:height\" content=\"800\" \/>\n\t<meta property=\"og:image:type\" content=\"image\/webp\" \/>\n<meta name=\"twitter:card\" content=\"summary_large_image\" \/>\n<meta name=\"twitter:label1\" content=\"Gesch\u00e4tzte Lesezeit\" \/>\n\t<meta name=\"twitter:data1\" content=\"1\u00a0Minute\" \/>\n<script type=\"application\/ld+json\" class=\"yoast-schema-graph\">{\"@context\":\"https:\/\/schema.org\",\"@graph\":[{\"@type\":\"WebPage\",\"@id\":\"https:\/\/www.csj-emballages.com\/de\/produit\/50-mikrowellenschalen-aus-pp-1500-ml\/\",\"url\":\"https:\/\/www.csj-emballages.com\/de\/produit\/50-mikrowellenschalen-aus-pp-1500-ml\/\",\"name\":\"Mikrowellengeeignete Schale mit Scharnierdeckel - 1500 ml\",\"isPartOf\":{\"@id\":\"https:\/\/www.csj-emballages.com\/de\/#website\"},\"primaryImageOfPage\":{\"@id\":\"https:\/\/www.csj-emballages.com\/de\/produit\/50-mikrowellenschalen-aus-pp-1500-ml\/#primaryimage\"},\"image\":{\"@id\":\"https:\/\/www.csj-emballages.com\/de\/produit\/50-mikrowellenschalen-aus-pp-1500-ml\/#primaryimage\"},\"thumbnailUrl\":\"https:\/\/www.csj-emballages.com\/wp-content\/uploads\/2024\/03\/HOT1500.webp\",\"datePublished\":\"2024-03-01T15:53:03+00:00\",\"dateModified\":\"2026-05-04T00:12:14+00:00\",\"description\":\"Mikrowellengeeignete Schale 1500 ml mit Scharnierdeckel: praktisch, luftdicht und ideal zum Aufw\u00e4rmen, Transportieren und Aufbewahren von Gerichten.\",\"breadcrumb\":{\"@id\":\"https:\/\/www.csj-emballages.com\/de\/produit\/50-mikrowellenschalen-aus-pp-1500-ml\/#breadcrumb\"},\"inLanguage\":\"de\",\"potentialAction\":[{\"@type\":\"ReadAction\",\"target\":[\"https:\/\/www.csj-emballages.com\/de\/produit\/50-mikrowellenschalen-aus-pp-1500-ml\/\"]}]},{\"@type\":\"ImageObject\",\"inLanguage\":\"de\",\"@id\":\"https:\/\/www.csj-emballages.com\/de\/produit\/50-mikrowellenschalen-aus-pp-1500-ml\/#primaryimage\",\"url\":\"https:\/\/www.csj-emballages.com\/wp-content\/uploads\/2024\/03\/HOT1500.webp\",\"contentUrl\":\"https:\/\/www.csj-emballages.com\/wp-content\/uploads\/2024\/03\/HOT1500.webp\",\"width\":800,\"height\":800,\"caption\":\"Barquette micro-ondable\"},{\"@type\":\"BreadcrumbList\",\"@id\":\"https:\/\/www.csj-emballages.com\/de\/produit\/50-mikrowellenschalen-aus-pp-1500-ml\/#breadcrumb\",\"itemListElement\":[{\"@type\":\"ListItem\",\"position\":1,\"name\":\"Accueil\",\"item\":\"https:\/\/www.csj-emballages.com\/de\/universum-lebensmittelverpackungen\/\"},{\"@type\":\"ListItem\",\"position\":2,\"name\":\"Shop\",\"item\":\"https:\/\/www.csj-emballages.com\/shop\/\"},{\"@type\":\"ListItem\",\"position\":3,\"name\":\"Mikrowellengeeignete Schale mit Scharnierdeckel 1500 ml pro 50\"}]},{\"@type\":\"WebSite\",\"@id\":\"https:\/\/www.csj-emballages.com\/de\/#website\",\"url\":\"https:\/\/www.csj-emballages.com\/de\/\",\"name\":\"CSJ Emballages\",\"description\":\"\",\"publisher\":{\"@id\":\"https:\/\/www.csj-emballages.com\/de\/#organization\"},\"potentialAction\":[{\"@type\":\"SearchAction\",\"target\":{\"@type\":\"EntryPoint\",\"urlTemplate\":\"https:\/\/www.csj-emballages.com\/de\/?s={search_term_string}\"},\"query-input\":{\"@type\":\"PropertyValueSpecification\",\"valueRequired\":true,\"valueName\":\"search_term_string\"}}],\"inLanguage\":\"de\"},{\"@type\":\"Organization\",\"@id\":\"https:\/\/www.csj-emballages.com\/de\/#Organization\/\",\"name\":\"CSJ Emballages\",\"url\":\"https:\/\/www.csj-emballages.com\/de\/\",\"logo\":{\"@type\":\"ImageObject\",\"inLanguage\":\"de\",\"@id\":\"https:\/\/www.csj-emballages.com\/de\/#\/schema\/logo\/image\/\",\"url\":\"https:\/\/www.csj-emballages.com\/wp-content\/uploads\/2023\/10\/logo_csj.webp\",\"contentUrl\":\"https:\/\/www.csj-emballages.com\/wp-content\/uploads\/2023\/10\/logo_csj.webp\",\"width\":250,\"height\":95,\"caption\":\"CSJ Emballages\"},\"image\":{\"@id\":\"https:\/\/www.csj-emballages.com\/de\/#\/schema\/logo\/image\/\"},\"sameAs\":[\"https:\/\/www.facebook.com\/csjemballages\"],\"address\":{\"@type\":\"PostalAddress\",\"streetAddress\":\"ZI La Lechere\",\"addressLocality\":\"Patornay\",\"postalCode\":\"39130\",\"addressCountry\":\"FR\"},\"contactPoint\":[{\"@type\":\"ContactPoint\",\"contactType\":\"Service client\",\"telephone\":\"0384254272\",\"email\":\"contact@csj-emballages.com\"}]}]}<\/script>\n<!-- \/ Yoast SEO Premium plugin. -->","yoast_head_json":{"title":"Mikrowellengeeignete Schale mit Scharnierdeckel - 1500 ml","description":"Mikrowellengeeignete Schale 1500 ml mit Scharnierdeckel: praktisch, luftdicht und ideal zum Aufw\u00e4rmen, Transportieren und Aufbewahren von Gerichten.","robots":{"index":"index","follow":"follow","max-snippet":"max-snippet:-1","max-image-preview":"max-image-preview:large","max-video-preview":"max-video-preview:-1"},"canonical":"https:\/\/www.csj-emballages.com\/de\/produit\/50-mikrowellenschalen-aus-pp-1500-ml\/","og_locale":"de_DE","og_type":"article","og_title":"Mikrowellengeeignete Schale mit Scharnierdeckel 1500 ml pro 50","og_description":"Mikrowellengeeignete Schale 1500 ml mit Scharnierdeckel: praktisch, luftdicht und ideal zum Aufw\u00e4rmen, Transportieren und Aufbewahren von Gerichten.","og_url":"https:\/\/www.csj-emballages.com\/de\/produit\/50-mikrowellenschalen-aus-pp-1500-ml\/","og_site_name":"CSJ Emballages","article_publisher":"https:\/\/www.facebook.com\/csjemballages","article_modified_time":"2026-05-04T00:12:14+00:00","og_image":[{"width":800,"height":800,"url":"https:\/\/www.csj-emballages.com\/wp-content\/uploads\/2024\/03\/HOT1500.webp","type":"image\/webp"}],"twitter_card":"summary_large_image","twitter_misc":{"Gesch\u00e4tzte Lesezeit":"1\u00a0Minute"},"schema":{"@context":"https:\/\/schema.org","@graph":[{"@type":"WebPage","@id":"https:\/\/www.csj-emballages.com\/de\/produit\/50-mikrowellenschalen-aus-pp-1500-ml\/","url":"https:\/\/www.csj-emballages.com\/de\/produit\/50-mikrowellenschalen-aus-pp-1500-ml\/","name":"Mikrowellengeeignete Schale mit Scharnierdeckel - 1500 ml","isPartOf":{"@id":"https:\/\/www.csj-emballages.com\/de\/#website"},"primaryImageOfPage":{"@id":"https:\/\/www.csj-emballages.com\/de\/produit\/50-mikrowellenschalen-aus-pp-1500-ml\/#primaryimage"},"image":{"@id":"https:\/\/www.csj-emballages.com\/de\/produit\/50-mikrowellenschalen-aus-pp-1500-ml\/#primaryimage"},"thumbnailUrl":"https:\/\/www.csj-emballages.com\/wp-content\/uploads\/2024\/03\/HOT1500.webp","datePublished":"2024-03-01T15:53:03+00:00","dateModified":"2026-05-04T00:12:14+00:00","description":"Mikrowellengeeignete Schale 1500 ml mit Scharnierdeckel: praktisch, luftdicht und ideal zum Aufw\u00e4rmen, Transportieren und Aufbewahren von Gerichten.","breadcrumb":{"@id":"https:\/\/www.csj-emballages.com\/de\/produit\/50-mikrowellenschalen-aus-pp-1500-ml\/#breadcrumb"},"inLanguage":"de","potentialAction":[{"@type":"ReadAction","target":["https:\/\/www.csj-emballages.com\/de\/produit\/50-mikrowellenschalen-aus-pp-1500-ml\/"]}]},{"@type":"ImageObject","inLanguage":"de","@id":"https:\/\/www.csj-emballages.com\/de\/produit\/50-mikrowellenschalen-aus-pp-1500-ml\/#primaryimage","url":"https:\/\/www.csj-emballages.com\/wp-content\/uploads\/2024\/03\/HOT1500.webp","contentUrl":"https:\/\/www.csj-emballages.com\/wp-content\/uploads\/2024\/03\/HOT1500.webp","width":800,"height":800,"caption":"Barquette micro-ondable"},{"@type":"BreadcrumbList","@id":"https:\/\/www.csj-emballages.com\/de\/produit\/50-mikrowellenschalen-aus-pp-1500-ml\/#breadcrumb","itemListElement":[{"@type":"ListItem","position":1,"name":"Accueil","item":"https:\/\/www.csj-emballages.com\/de\/universum-lebensmittelverpackungen\/"},{"@type":"ListItem","position":2,"name":"Shop","item":"https:\/\/www.csj-emballages.com\/shop\/"},{"@type":"ListItem","position":3,"name":"Mikrowellengeeignete Schale mit Scharnierdeckel 1500 ml pro 50"}]},{"@type":"WebSite","@id":"https:\/\/www.csj-emballages.com\/de\/#website","url":"https:\/\/www.csj-emballages.com\/de\/","name":"CSJ Emballages","description":"","publisher":{"@id":"https:\/\/www.csj-emballages.com\/de\/#organization"},"potentialAction":[{"@type":"SearchAction","target":{"@type":"EntryPoint","urlTemplate":"https:\/\/www.csj-emballages.com\/de\/?s={search_term_string}"},"query-input":{"@type":"PropertyValueSpecification","valueRequired":true,"valueName":"search_term_string"}}],"inLanguage":"de"},{"@type":"Organization","@id":"https:\/\/www.csj-emballages.com\/de\/#Organization\/","name":"CSJ Emballages","url":"https:\/\/www.csj-emballages.com\/de\/","logo":{"@type":"ImageObject","inLanguage":"de","@id":"https:\/\/www.csj-emballages.com\/de\/#\/schema\/logo\/image\/","url":"https:\/\/www.csj-emballages.com\/wp-content\/uploads\/2023\/10\/logo_csj.webp","contentUrl":"https:\/\/www.csj-emballages.com\/wp-content\/uploads\/2023\/10\/logo_csj.webp","width":250,"height":95,"caption":"CSJ Emballages"},"image":{"@id":"https:\/\/www.csj-emballages.com\/de\/#\/schema\/logo\/image\/"},"sameAs":["https:\/\/www.facebook.com\/csjemballages"],"address":{"@type":"PostalAddress","streetAddress":"ZI La Lechere","addressLocality":"Patornay","postalCode":"39130","addressCountry":"FR"},"contactPoint":[{"@type":"ContactPoint","contactType":"Service client","telephone":"0384254272","email":"contact@csj-emballages.com"}]}]}},"df_price":18.11,"df_sale_price":"","df_regular_price":18.11,"df_image_link":"https:\/\/www.csj-emballages.com\/wp-content\/uploads\/2024\/03\/HOT1500-300x300.webp","tiered_pricing_type":"fixed","tiered_pricing_fixed_rules":[],"tiered_pricing_percentage_rules":[],"tiered_pricing_minimum":1,"tiered_pricing_roles_data":[],"_links":{"self":[{"href":"https:\/\/www.csj-emballages.com\/de\/wp-json\/wp\/v2\/product\/21617","targetHints":{"allow":["GET"]}}],"collection":[{"href":"https:\/\/www.csj-emballages.com\/de\/wp-json\/wp\/v2\/product"}],"about":[{"href":"https:\/\/www.csj-emballages.com\/de\/wp-json\/wp\/v2\/types\/product"}],"wp:featuredmedia":[{"embeddable":true,"href":"https:\/\/www.csj-emballages.com\/de\/wp-json\/wp\/v2\/media\/220604"}],"wp:attachment":[{"href":"https:\/\/www.csj-emballages.com\/de\/wp-json\/wp\/v2\/media?parent=21617"}],"wp:term":[{"taxonomy":"product_brand","embeddable":true,"href":"https:\/\/www.csj-emballages.com\/de\/wp-json\/wp\/v2\/product_brand?post=21617"},{"taxonomy":"product_cat","embeddable":true,"href":"https:\/\/www.csj-emballages.com\/de\/wp-json\/wp\/v2\/product_cat?post=21617"},{"taxonomy":"product_tag","embeddable":true,"href":"https:\/\/www.csj-emballages.com\/de\/wp-json\/wp\/v2\/product_tag?post=21617"}],"curies":[{"name":"wp","href":"https:\/\/api.w.org\/{rel}","templated":true}]}}