{"id":21596,"date":"2024-03-01T16:53:04","date_gmt":"2024-03-01T15:53:04","guid":{"rendered":"https:\/\/u15jnbdpoq.preview.infomaniak.website\/produit\/200-puderfreie-polythen-handschuhe-large-8-9\/"},"modified":"2026-04-17T02:13:51","modified_gmt":"2026-04-17T00:13:51","slug":"200-puderfreie-polythen-handschuhe-large-8-9","status":"publish","type":"product","link":"https:\/\/www.csj-emballages.com\/de\/produit\/200-puderfreie-polythen-handschuhe-large-8-9\/","title":{"rendered":"Ungepuderter Polythenhandschuh, Gr\u00f6\u00dfe L 8-9, 200 St\u00fcck"},"content":{"rendered":"<h2 data-start=\"233\" data-end=\"653\">Polyethylenhandschuh<\/h2>\n<hr>\n<h3 data-start=\"233\" data-end=\"653\">Entdecken Sie unseren ungepuderten Polythenhandschuh, Gr\u00f6\u00dfe L 8-9, im 200er-Pack.<\/h3>\n<p data-start=\"233\" data-end=\"653\"><!--more--><\/p>\n<p data-start=\"233\" data-end=\"653\">Diese <strong data-start=\"237\" data-end=\"274\">ungepuderten Polyethylenhandschuhe<\/strong>, Gr\u00f6\u00dfe <strong>L 8-9<\/strong>, sind f\u00fcr alle Situationen konzipiert, in denen Hygiene schnell und unkompliziert sein muss. Hergestellt aus einer <strong data-start=\"408\" data-end=\"463\">Mischung aus synthetischen Materialien und Polyethylen<\/strong>, bieten sie eine effektive Barriere und bleiben dabei leicht und angenehm zu tragen. Sie lassen sich leicht anziehen, <strong>ohne Puder<\/strong>, was R\u00fcckst\u00e4nde auf H\u00e4nden, Lebensmitteln oder Oberfl\u00e4chen vermeidet.  <\/p>\n<p data-start=\"655\" data-end=\"1036\">Dank ihres <strong data-start=\"679\" data-end=\"693\">beidh\u00e4ndigen<\/strong> Designs m\u00fcssen Sie nicht nach der richtigen Seite suchen: Ein Handschuh passt sowohl an die rechte als auch an die linke Hand. Das spart Zeit, besonders in Umgebungen, wo schnelle und repetitive Handgriffe erforderlich sind. Ihre D\u00fcnnheit gew\u00e4hrleistet eine gute Bewegungsfreiheit, ideal f\u00fcr kurze, pr\u00e4zise Aufgaben oder den direkten Kontakt mit Produkten.  <\/p>\n<p data-start=\"1038\" data-end=\"1403\">Diese <strong>Handschuhe<\/strong> eignen sich hervorragend f\u00fcr Gastronomie, Labore, Lebensmittelbetriebe, aber auch f\u00fcr den Haushalt oder gelegentliche Anwendungen. Sie sch\u00fctzen die H\u00e4nde unter Einhaltung der Hygieneregeln, ohne unangenehmes Gef\u00fchl. Zudem sorgt ihr <strong data-start=\"1305\" data-end=\"1319\">200er-Pack<\/strong> daf\u00fcr, dass Sie auch in Sto\u00dfzeiten immer gen\u00fcgend zur Hand haben.  <\/p>\n<p data-start=\"1405\" data-end=\"1623\">Zusammenfassend sind diese <strong>Polyethylenhandschuhe<\/strong> eine einfache, praktische und effektive L\u00f6sung f\u00fcr sauberes Arbeiten ohne Einschr\u00e4nkungen. Sie erf\u00fcllen ihre Aufgabe diskret und f\u00fcgen sich problemlos in den beruflichen wie privaten Alltag ein. <\/p>\n<p data-start=\"1405\" data-end=\"1623\"><!--more--><\/p>\n<p data-start=\"1405\" data-end=\"1623\"><strong><span style=\"color: #ff0000;\">Datum abgelaufen am 12\/2025<\/span><\/strong><\/p>\n<p data-start=\"1405\" data-end=\"1623\"><!--more--><\/p>\n<h4 data-start=\"1405\" data-end=\"1623\">Vorteile :<\/h4>\n<ul>\n<li data-start=\"1651\" data-end=\"1704\">Hergestellt aus <strong>Polyethylen<\/strong> und synthetischen Materialien.<\/li>\n<li data-start=\"1707\" data-end=\"1735\"><strong>Ungepudert<\/strong>, r\u00fcckstandsfrei.<\/li>\n<li data-start=\"1738\" data-end=\"1772\"><strong>Beidh\u00e4ndig tragbar<\/strong>, einfach zu verwenden.<\/li>\n<li data-start=\"1775\" data-end=\"1800\">Leicht und komfortabel.<\/li>\n<li data-start=\"1803\" data-end=\"1837\">Wirtschaftliche Packung mit <strong>200 St\u00fcck<\/strong>.<\/li>\n<li data-start=\"1840\" data-end=\"1883\">Ideal f\u00fcr Hygiene und kurze Anwendungen.<\/li>\n<\/ul>\n<p>&nbsp;<\/p>\n<p><!--more--><\/p>\n<h4>Weitere Informationen :<\/h4>\n<ul>\n<li><strong>Verpackung<\/strong>: Packung mit 200 St\u00fcck<\/li>\n<li><strong>Gr\u00f6\u00dfe<\/strong>: L<\/li>\n<li><strong>L\u00e4nge<\/strong>: 260 mm<\/li>\n<li><strong>Handfl\u00e4chenbreite<\/strong>: 112 mm<\/li>\n<li><strong>Gewicht<\/strong>: 2,1 g<\/li>\n<li><strong>Material<\/strong>: Polyethylen (ungepudert)<\/li>\n<\/ul>\n<p>&nbsp;<\/p>\n<p><!--more--><\/p>\n<p>Diese Polyethylen-Handschuhe Modell L sind in verschiedenen Gr\u00f6\u00dfen erh\u00e4ltlich: <span style=\"color: #d12727;\"><a style=\"color: #d12727;\" href=\"https:\/\/www.csj-emballages.com\/produit\/200-gants-polytene-non-poudres-small-6-7\/?_gl=1*1nqecl1*_up*MQ..*_ga*NTY4Njc3MjMzLjE3Njk2Nzg1MTY.*_ga_YNVJLRSSZT*czE3Njk2Nzg1MTUkbzEkZzAkdDE3Njk2Nzg1MTUkajYwJGwwJGgxMzI4NzE1NTYz\">Klein<\/a><\/span> \/ <span style=\"color: #d12727;\"><a style=\"color: #d12727;\" href=\"https:\/\/www.csj-emballages.com\/produit\/200-gants-polytene-non-poudres-medium-7-8\/?_gl=1*sfnxtm*_up*MQ..*_ga*NTY4Njc3MjMzLjE3Njk2Nzg1MTY.*_ga_YNVJLRSSZT*czE3Njk2Nzg1MTUkbzEkZzAkdDE3Njk2Nzg1MTUkajYwJGwwJGgxMzI4NzE1NTYz\">Mittel<\/a><\/span> \/ <span style=\"color: #d12727;\"><a style=\"color: #d12727;\" href=\"https:\/\/www.csj-emballages.com\/produit\/200-gants-polytene-non-poudres-extra-large-9-10\/?_gl=1*2j3y2f*_up*MQ..*_ga*MTA1OTA4NzE4Ny4xNzY5NjczNDM5*_ga_YNVJLRSSZT*czE3Njk2NzY1MjgkbzIkZzAkdDE3Njk2NzY1NDUkajQzJGwwJGgxMTI0MDk1Mjg4\">Extra Gro\u00df<\/a><\/span><\/p>\n<p>&nbsp;<\/p>\n<p><!--more--><\/p>\n<p><a href=\"https:\/\/www.csj-emballages.com\/categorie-produit\/hygiene-et-entretiens\/equipements-individuels\/gants\/gants-polytene\/?_gl=1*i8nak2*_up*MQ..*_ga*MTA1OTA4NzE4Ny4xNzY5NjczNDM5*_ga_YNVJLRSSZT*czE3Njk2NzY1MjgkbzIkZzAkdDE3Njk2NzY1MzckajUxJGwwJGgxMTI0MDk1Mjg4\">Sehen Sie sich den Rest unseres Sortiments an Polyethylenhandschuhen an<\/a><\/p>\n","protected":false},"excerpt":{"rendered":"<p>Polyethylenhandschuh Entdecken Sie unseren ungepuderten Polythenhandschuh, Gr\u00f6\u00dfe L 8-9, im 200er-Pack.<\/p>\n","protected":false},"featured_media":262253,"template":"","meta":{"_acf_changed":false},"product_brand":[],"product_cat":[1137,1218,2348,2696,2748,10273],"product_tag":[],"class_list":{"0":"post-21596","1":"product","2":"type-product","3":"status-publish","4":"has-post-thumbnail","6":"product_cat-lebensmittelverpackungen","7":"product_cat-hygiene-und-pflege","8":"product_cat-individuelle-ausstattung","9":"product_cat-handschuhe","10":"product_cat-polythene-handschuhe","11":"product_cat-lagerbestand","13":"first","14":"instock","15":"sale","16":"taxable","17":"shipping-taxable","18":"purchasable","19":"product-type-simple"},"acf":[],"yoast_head":"<!-- This site is optimized with the Yoast SEO Premium plugin v26.6 (Yoast SEO v26.6) - https:\/\/yoast.com\/wordpress\/plugins\/seo\/ -->\n<title>Ungepuderter Polythenhandschuh, Gr\u00f6\u00dfe L 8-9, 200 St\u00fcck<\/title>\n<meta name=\"description\" content=\"Ungepuderte Polythenhandschuhe, Gr\u00f6\u00dfe L 8\/9, im 200er-Pack. Beidh\u00e4ndig tragbar, leicht und praktisch, perfekt f\u00fcr die Hygiene im professionellen Umfeld.\" \/>\n<meta name=\"robots\" content=\"index, follow, max-snippet:-1, max-image-preview:large, max-video-preview:-1\" \/>\n<link rel=\"canonical\" href=\"https:\/\/www.csj-emballages.com\/de\/produit\/200-puderfreie-polythen-handschuhe-large-8-9\/\" \/>\n<meta property=\"og:locale\" content=\"de_DE\" \/>\n<meta property=\"og:type\" content=\"article\" \/>\n<meta property=\"og:title\" content=\"Ungepuderter Polythenhandschuh, Gr\u00f6\u00dfe L 8-9, 200 St\u00fcck\" \/>\n<meta property=\"og:description\" content=\"Ungepuderte Polythenhandschuhe, Gr\u00f6\u00dfe L 8\/9, im 200er-Pack. Beidh\u00e4ndig tragbar, leicht und praktisch, perfekt f\u00fcr die Hygiene im professionellen Umfeld.\" \/>\n<meta property=\"og:url\" content=\"https:\/\/www.csj-emballages.com\/de\/produit\/200-puderfreie-polythen-handschuhe-large-8-9\/\" \/>\n<meta property=\"og:site_name\" content=\"CSJ Emballages\" \/>\n<meta property=\"article:publisher\" content=\"https:\/\/www.facebook.com\/csjemballages\" \/>\n<meta property=\"article:modified_time\" content=\"2026-04-17T00:13:51+00:00\" \/>\n<meta property=\"og:image\" content=\"https:\/\/www.csj-emballages.com\/wp-content\/uploads\/2024\/03\/Gant-polytene.webp\" \/>\n\t<meta property=\"og:image:width\" content=\"800\" \/>\n\t<meta property=\"og:image:height\" content=\"799\" \/>\n\t<meta property=\"og:image:type\" content=\"image\/webp\" \/>\n<meta name=\"twitter:card\" content=\"summary_large_image\" \/>\n<meta name=\"twitter:label1\" content=\"Gesch\u00e4tzte Lesezeit\" \/>\n\t<meta name=\"twitter:data1\" content=\"2 Minuten\" \/>\n<script type=\"application\/ld+json\" class=\"yoast-schema-graph\">{\"@context\":\"https:\/\/schema.org\",\"@graph\":[{\"@type\":\"WebPage\",\"@id\":\"https:\/\/www.csj-emballages.com\/de\/produit\/200-puderfreie-polythen-handschuhe-large-8-9\/\",\"url\":\"https:\/\/www.csj-emballages.com\/de\/produit\/200-puderfreie-polythen-handschuhe-large-8-9\/\",\"name\":\"Ungepuderter Polythenhandschuh, Gr\u00f6\u00dfe L 8-9, 200 St\u00fcck\",\"isPartOf\":{\"@id\":\"https:\/\/www.csj-emballages.com\/de\/#website\"},\"primaryImageOfPage\":{\"@id\":\"https:\/\/www.csj-emballages.com\/de\/produit\/200-puderfreie-polythen-handschuhe-large-8-9\/#primaryimage\"},\"image\":{\"@id\":\"https:\/\/www.csj-emballages.com\/de\/produit\/200-puderfreie-polythen-handschuhe-large-8-9\/#primaryimage\"},\"thumbnailUrl\":\"https:\/\/www.csj-emballages.com\/wp-content\/uploads\/2024\/03\/Gant-polytene.webp\",\"datePublished\":\"2024-03-01T15:53:04+00:00\",\"dateModified\":\"2026-04-17T00:13:51+00:00\",\"description\":\"Ungepuderte Polythenhandschuhe, Gr\u00f6\u00dfe L 8\/9, im 200er-Pack. Beidh\u00e4ndig tragbar, leicht und praktisch, perfekt f\u00fcr die Hygiene im professionellen Umfeld.\",\"breadcrumb\":{\"@id\":\"https:\/\/www.csj-emballages.com\/de\/produit\/200-puderfreie-polythen-handschuhe-large-8-9\/#breadcrumb\"},\"inLanguage\":\"de\",\"potentialAction\":[{\"@type\":\"ReadAction\",\"target\":[\"https:\/\/www.csj-emballages.com\/de\/produit\/200-puderfreie-polythen-handschuhe-large-8-9\/\"]}]},{\"@type\":\"ImageObject\",\"inLanguage\":\"de\",\"@id\":\"https:\/\/www.csj-emballages.com\/de\/produit\/200-puderfreie-polythen-handschuhe-large-8-9\/#primaryimage\",\"url\":\"https:\/\/www.csj-emballages.com\/wp-content\/uploads\/2024\/03\/Gant-polytene.webp\",\"contentUrl\":\"https:\/\/www.csj-emballages.com\/wp-content\/uploads\/2024\/03\/Gant-polytene.webp\",\"width\":800,\"height\":799,\"caption\":\"Gant polyt\u00e8ne\"},{\"@type\":\"BreadcrumbList\",\"@id\":\"https:\/\/www.csj-emballages.com\/de\/produit\/200-puderfreie-polythen-handschuhe-large-8-9\/#breadcrumb\",\"itemListElement\":[{\"@type\":\"ListItem\",\"position\":1,\"name\":\"Accueil\",\"item\":\"https:\/\/www.csj-emballages.com\/de\/universum-lebensmittelverpackungen\/\"},{\"@type\":\"ListItem\",\"position\":2,\"name\":\"Shop\",\"item\":\"https:\/\/www.csj-emballages.com\/shop\/\"},{\"@type\":\"ListItem\",\"position\":3,\"name\":\"Ungepuderter Polythenhandschuh, Gr\u00f6\u00dfe L 8-9, 200 St\u00fcck\"}]},{\"@type\":\"WebSite\",\"@id\":\"https:\/\/www.csj-emballages.com\/de\/#website\",\"url\":\"https:\/\/www.csj-emballages.com\/de\/\",\"name\":\"CSJ Emballages\",\"description\":\"\",\"publisher\":{\"@id\":\"https:\/\/www.csj-emballages.com\/de\/#organization\"},\"potentialAction\":[{\"@type\":\"SearchAction\",\"target\":{\"@type\":\"EntryPoint\",\"urlTemplate\":\"https:\/\/www.csj-emballages.com\/de\/?s={search_term_string}\"},\"query-input\":{\"@type\":\"PropertyValueSpecification\",\"valueRequired\":true,\"valueName\":\"search_term_string\"}}],\"inLanguage\":\"de\"},{\"@type\":\"Organization\",\"@id\":\"https:\/\/www.csj-emballages.com\/de\/#Organization\/\",\"name\":\"CSJ Emballages\",\"url\":\"https:\/\/www.csj-emballages.com\/de\/\",\"logo\":{\"@type\":\"ImageObject\",\"inLanguage\":\"de\",\"@id\":\"https:\/\/www.csj-emballages.com\/de\/#\/schema\/logo\/image\/\",\"url\":\"https:\/\/www.csj-emballages.com\/wp-content\/uploads\/2023\/10\/logo_csj.webp\",\"contentUrl\":\"https:\/\/www.csj-emballages.com\/wp-content\/uploads\/2023\/10\/logo_csj.webp\",\"width\":250,\"height\":95,\"caption\":\"CSJ Emballages\"},\"image\":{\"@id\":\"https:\/\/www.csj-emballages.com\/de\/#\/schema\/logo\/image\/\"},\"sameAs\":[\"https:\/\/www.facebook.com\/csjemballages\"],\"address\":{\"@type\":\"PostalAddress\",\"streetAddress\":\"ZI La Lechere\",\"addressLocality\":\"Patornay\",\"postalCode\":\"39130\",\"addressCountry\":\"FR\"},\"contactPoint\":[{\"@type\":\"ContactPoint\",\"contactType\":\"Service client\",\"telephone\":\"0384254272\",\"email\":\"contact@csj-emballages.com\"}]}]}<\/script>\n<!-- \/ Yoast SEO Premium plugin. -->","yoast_head_json":{"title":"Ungepuderter Polythenhandschuh, Gr\u00f6\u00dfe L 8-9, 200 St\u00fcck","description":"Ungepuderte Polythenhandschuhe, Gr\u00f6\u00dfe L 8\/9, im 200er-Pack. Beidh\u00e4ndig tragbar, leicht und praktisch, perfekt f\u00fcr die Hygiene im professionellen Umfeld.","robots":{"index":"index","follow":"follow","max-snippet":"max-snippet:-1","max-image-preview":"max-image-preview:large","max-video-preview":"max-video-preview:-1"},"canonical":"https:\/\/www.csj-emballages.com\/de\/produit\/200-puderfreie-polythen-handschuhe-large-8-9\/","og_locale":"de_DE","og_type":"article","og_title":"Ungepuderter Polythenhandschuh, Gr\u00f6\u00dfe L 8-9, 200 St\u00fcck","og_description":"Ungepuderte Polythenhandschuhe, Gr\u00f6\u00dfe L 8\/9, im 200er-Pack. Beidh\u00e4ndig tragbar, leicht und praktisch, perfekt f\u00fcr die Hygiene im professionellen Umfeld.","og_url":"https:\/\/www.csj-emballages.com\/de\/produit\/200-puderfreie-polythen-handschuhe-large-8-9\/","og_site_name":"CSJ Emballages","article_publisher":"https:\/\/www.facebook.com\/csjemballages","article_modified_time":"2026-04-17T00:13:51+00:00","og_image":[{"width":800,"height":799,"url":"https:\/\/www.csj-emballages.com\/wp-content\/uploads\/2024\/03\/Gant-polytene.webp","type":"image\/webp"}],"twitter_card":"summary_large_image","twitter_misc":{"Gesch\u00e4tzte Lesezeit":"2 Minuten"},"schema":{"@context":"https:\/\/schema.org","@graph":[{"@type":"WebPage","@id":"https:\/\/www.csj-emballages.com\/de\/produit\/200-puderfreie-polythen-handschuhe-large-8-9\/","url":"https:\/\/www.csj-emballages.com\/de\/produit\/200-puderfreie-polythen-handschuhe-large-8-9\/","name":"Ungepuderter Polythenhandschuh, Gr\u00f6\u00dfe L 8-9, 200 St\u00fcck","isPartOf":{"@id":"https:\/\/www.csj-emballages.com\/de\/#website"},"primaryImageOfPage":{"@id":"https:\/\/www.csj-emballages.com\/de\/produit\/200-puderfreie-polythen-handschuhe-large-8-9\/#primaryimage"},"image":{"@id":"https:\/\/www.csj-emballages.com\/de\/produit\/200-puderfreie-polythen-handschuhe-large-8-9\/#primaryimage"},"thumbnailUrl":"https:\/\/www.csj-emballages.com\/wp-content\/uploads\/2024\/03\/Gant-polytene.webp","datePublished":"2024-03-01T15:53:04+00:00","dateModified":"2026-04-17T00:13:51+00:00","description":"Ungepuderte Polythenhandschuhe, Gr\u00f6\u00dfe L 8\/9, im 200er-Pack. Beidh\u00e4ndig tragbar, leicht und praktisch, perfekt f\u00fcr die Hygiene im professionellen Umfeld.","breadcrumb":{"@id":"https:\/\/www.csj-emballages.com\/de\/produit\/200-puderfreie-polythen-handschuhe-large-8-9\/#breadcrumb"},"inLanguage":"de","potentialAction":[{"@type":"ReadAction","target":["https:\/\/www.csj-emballages.com\/de\/produit\/200-puderfreie-polythen-handschuhe-large-8-9\/"]}]},{"@type":"ImageObject","inLanguage":"de","@id":"https:\/\/www.csj-emballages.com\/de\/produit\/200-puderfreie-polythen-handschuhe-large-8-9\/#primaryimage","url":"https:\/\/www.csj-emballages.com\/wp-content\/uploads\/2024\/03\/Gant-polytene.webp","contentUrl":"https:\/\/www.csj-emballages.com\/wp-content\/uploads\/2024\/03\/Gant-polytene.webp","width":800,"height":799,"caption":"Gant polyt\u00e8ne"},{"@type":"BreadcrumbList","@id":"https:\/\/www.csj-emballages.com\/de\/produit\/200-puderfreie-polythen-handschuhe-large-8-9\/#breadcrumb","itemListElement":[{"@type":"ListItem","position":1,"name":"Accueil","item":"https:\/\/www.csj-emballages.com\/de\/universum-lebensmittelverpackungen\/"},{"@type":"ListItem","position":2,"name":"Shop","item":"https:\/\/www.csj-emballages.com\/shop\/"},{"@type":"ListItem","position":3,"name":"Ungepuderter Polythenhandschuh, Gr\u00f6\u00dfe L 8-9, 200 St\u00fcck"}]},{"@type":"WebSite","@id":"https:\/\/www.csj-emballages.com\/de\/#website","url":"https:\/\/www.csj-emballages.com\/de\/","name":"CSJ Emballages","description":"","publisher":{"@id":"https:\/\/www.csj-emballages.com\/de\/#organization"},"potentialAction":[{"@type":"SearchAction","target":{"@type":"EntryPoint","urlTemplate":"https:\/\/www.csj-emballages.com\/de\/?s={search_term_string}"},"query-input":{"@type":"PropertyValueSpecification","valueRequired":true,"valueName":"search_term_string"}}],"inLanguage":"de"},{"@type":"Organization","@id":"https:\/\/www.csj-emballages.com\/de\/#Organization\/","name":"CSJ Emballages","url":"https:\/\/www.csj-emballages.com\/de\/","logo":{"@type":"ImageObject","inLanguage":"de","@id":"https:\/\/www.csj-emballages.com\/de\/#\/schema\/logo\/image\/","url":"https:\/\/www.csj-emballages.com\/wp-content\/uploads\/2023\/10\/logo_csj.webp","contentUrl":"https:\/\/www.csj-emballages.com\/wp-content\/uploads\/2023\/10\/logo_csj.webp","width":250,"height":95,"caption":"CSJ Emballages"},"image":{"@id":"https:\/\/www.csj-emballages.com\/de\/#\/schema\/logo\/image\/"},"sameAs":["https:\/\/www.facebook.com\/csjemballages"],"address":{"@type":"PostalAddress","streetAddress":"ZI La Lechere","addressLocality":"Patornay","postalCode":"39130","addressCountry":"FR"},"contactPoint":[{"@type":"ContactPoint","contactType":"Service client","telephone":"0384254272","email":"contact@csj-emballages.com"}]}]}},"df_price":4.42,"df_sale_price":4.42,"df_regular_price":5.52,"df_image_link":"https:\/\/www.csj-emballages.com\/wp-content\/uploads\/2024\/03\/Gant-polytene-300x300.webp","tiered_pricing_type":"fixed","tiered_pricing_fixed_rules":[],"tiered_pricing_percentage_rules":[],"tiered_pricing_minimum":1,"tiered_pricing_roles_data":[],"_links":{"self":[{"href":"https:\/\/www.csj-emballages.com\/de\/wp-json\/wp\/v2\/product\/21596","targetHints":{"allow":["GET"]}}],"collection":[{"href":"https:\/\/www.csj-emballages.com\/de\/wp-json\/wp\/v2\/product"}],"about":[{"href":"https:\/\/www.csj-emballages.com\/de\/wp-json\/wp\/v2\/types\/product"}],"wp:featuredmedia":[{"embeddable":true,"href":"https:\/\/www.csj-emballages.com\/de\/wp-json\/wp\/v2\/media\/262253"}],"wp:attachment":[{"href":"https:\/\/www.csj-emballages.com\/de\/wp-json\/wp\/v2\/media?parent=21596"}],"wp:term":[{"taxonomy":"product_brand","embeddable":true,"href":"https:\/\/www.csj-emballages.com\/de\/wp-json\/wp\/v2\/product_brand?post=21596"},{"taxonomy":"product_cat","embeddable":true,"href":"https:\/\/www.csj-emballages.com\/de\/wp-json\/wp\/v2\/product_cat?post=21596"},{"taxonomy":"product_tag","embeddable":true,"href":"https:\/\/www.csj-emballages.com\/de\/wp-json\/wp\/v2\/product_tag?post=21596"}],"curies":[{"name":"wp","href":"https:\/\/api.w.org\/{rel}","templated":true}]}}