{"id":21584,"date":"2024-03-01T16:53:03","date_gmt":"2024-03-01T15:53:03","guid":{"rendered":"https:\/\/u15jnbdpoq.preview.infomaniak.website\/produit\/100-einweg-aluminiumbecher-90-ml\/"},"modified":"2026-04-25T02:13:31","modified_gmt":"2026-04-25T00:13:31","slug":"100-einweg-aluminiumbecher-90-ml","status":"publish","type":"product","link":"https:\/\/www.csj-emballages.com\/de\/produit\/100-einweg-aluminiumbecher-90-ml\/","title":{"rendered":"Aluminiumf\u00f6rmchen 85 ml \u00e0 100"},"content":{"rendered":"<h2>Aluminiumschaufel<\/h2>\n<hr>\n<h3>Beschreibung von unserem Aluminiumbecher 90 ml pro 100<\/h3>\n<p><!--more--><\/p>\n<p data-start=\"177\" data-end=\"492\">Das <strong>Aluminiumf\u00f6rmchen 85 ml<\/strong> ist ideal zum Backen, Anrichten und Verpacken individueller s\u00fc\u00dfer oder herzhafter Zubereitungen. Praktisch und vielseitig \u2013 perfekt f\u00fcr Gastronomieprofis, Caterer, Konditoren und Lebensmittelhandwerke, die eine zuverl\u00e4ssige und effiziente L\u00f6sung suchen. <\/p>\n<p data-start=\"494\" data-end=\"800\">Dank des <strong>Fassungsverm\u00f6gens von 85 ml<\/strong> ist dieses <strong>F\u00f6rmchen<\/strong> ideal f\u00fcr Einzelportionen wie Cr\u00e8me br\u00fbl\u00e9e, Flan, Schokok\u00fcchlein, Muffins, Saucen, Terrinen oder Catering-Zubereitungen. Die <strong>Aluminium<\/strong>-Struktur sorgt f\u00fcr eine hervorragende W\u00e4rmeleitf\u00e4higkeit und erm\u00f6glicht ein gleichm\u00e4\u00dfiges, kontrolliertes Garen. <\/p>\n<p data-start=\"802\" data-end=\"1051\">Hitzebest\u00e4ndig kann das <strong>Aluminiumf\u00f6rmchen<\/strong> im klassischen Backofen verwendet werden. Es bleibt beim Backen formstabil und l\u00e4sst sich leicht handhaben. Leicht und stapelbar optimiert es au\u00dferdem die Lagerung in der Backstube oder im Vorrat.  <\/p>\n<p data-start=\"1053\" data-end=\"1339\">Sein <strong>Aluminium-Look<\/strong> sorgt f\u00fcr eine schlichte, professionelle Pr\u00e4sentation \u2013 passend f\u00fcr Take-away ebenso wie f\u00fcr den Service in der Gastronomie. Verpackt als <strong>Set mit 100<\/strong> St\u00fcck ist es eine praktische und wirtschaftliche L\u00f6sung f\u00fcr den regelm\u00e4\u00dfigen Einsatz oder die Serienproduktion. <\/p>\n<p>&nbsp;<\/p>\n<p><!--more--><\/p>\n<p><strong>Vorteile :<\/strong><\/p>\n<ul>\n<li data-start=\"918\" data-end=\"1004\">Backen, Tiefk\u00fchlen und Transport.<\/li>\n<li data-start=\"918\" data-end=\"1004\">F\u00fcr hohe und niedrige Temperaturen geeignet.<\/li>\n<li data-start=\"918\" data-end=\"1004\">Hochwertiges Aluminium zum Erhalt von Frische und Geschmack.<\/li>\n<li data-start=\"918\" data-end=\"1004\">Leicht zu lagern und zu handhaben.<\/li>\n<li data-start=\"918\" data-end=\"1004\"><strong>Set mit 100<\/strong> f\u00fcr den professionellen oder privaten Einsatz.<\/li>\n<\/ul>\n<p>&nbsp;<\/p>\n<p><!--more--><\/p>\n<h4>Weitere Informationen :<\/h4>\n<ul>\n<li><strong>Verpackung<\/strong>: Packung mit 100 St\u00fcck<\/li>\n<li><strong>Ma\u00dfe<\/strong>: \u00d870 x 40 mm (\u00d8 x H)<\/li>\n<li><strong>Volumen<\/strong>: 90 ml<\/li>\n<li><strong>Material<\/strong>: Aluminium<\/li>\n<li><b>Gebrauchstemperatur <\/b>: -20\u00b0C \/ +350\u00b0C<\/li>\n<\/ul>\n<p>&nbsp;<\/p>\n<p><!--more--><\/p>\n<p>Dieses Produkt ist in verschiedenen Gr\u00f6\u00dfen erh\u00e4ltlich : <span style=\"color: #d12727;\"><a style=\"color: #d12727;\" href=\"https:\/\/www.csj-emballages.com\/es\/produit\/250-vasos-de-aluminio-desechables-14-ml\/\">14 ml<\/a> <span style=\"color: #000000;\">\/<\/span> <a style=\"color: #d12727;\" href=\"https:\/\/www.csj-emballages.com\/es\/produit\/100-vasos-de-aluminio-desechables-109-ml\/\">105 ml<\/a> <span style=\"color: #000000;\">\/<\/span> <a style=\"color: #d12727;\" href=\"https:\/\/www.csj-emballages.com\/es\/produit\/100-vasos-de-aluminio-desechables-150-ml\/\">150 ml<\/a><\/span><\/p>\n<p>&nbsp;<\/p>\n<p><!--more--><\/p>\n<p><a href=\"https:\/\/www.csj-emballages.com\/de\/categorie-produit\/lebensmittelverpackungen\/metzgerei-und-feinkostgeschaft\/schalen-dosen-und-glaser\/aluminiumschalen-schalen-formen-tabletts-becher-auflaufformen-tortenschalen\/becher-de\/\">Sehen Sie sich den Rest unseres Sortiments an Aluminiumschaufeln an<\/a><\/p>\n","protected":false},"excerpt":{"rendered":"<p>Aluminiumschaufel Beschreibung von unserem Aluminiumbecher 90 ml pro 100<\/p>\n","protected":false},"featured_media":227996,"template":"","meta":{"_acf_changed":false},"product_brand":[],"product_cat":[1170,1997,2408],"product_tag":[],"class_list":{"0":"post-21584","1":"product","2":"type-product","3":"status-publish","4":"has-post-thumbnail","6":"product_cat-metzgerei-und-feinkostgeschaft","7":"product_cat-aluminiumschalen-schalen-formen-tabletts-becher-auflaufformen-tortenschalen","8":"product_cat-becher-de","10":"first","11":"instock","12":"taxable","13":"shipping-taxable","14":"purchasable","15":"product-type-simple"},"acf":[],"yoast_head":"<!-- This site is optimized with the Yoast SEO Premium plugin v26.6 (Yoast SEO v26.6) - https:\/\/yoast.com\/wordpress\/plugins\/seo\/ -->\n<title>Aluminiumbecher 90 ml pro 100<\/title>\n<meta name=\"description\" content=\"Aluminiumf\u00f6rmchen 90 ml \u2013 Set mit 100. Ideal f\u00fcr Saucen, Gew\u00fcrze und Kosmetik. Robust, recycelbar und praktisch f\u00fcr Gastronomie und Take-away.\" \/>\n<meta name=\"robots\" content=\"index, follow, max-snippet:-1, max-image-preview:large, max-video-preview:-1\" \/>\n<link rel=\"canonical\" href=\"https:\/\/www.csj-emballages.com\/de\/produit\/100-einweg-aluminiumbecher-90-ml\/\" \/>\n<meta property=\"og:locale\" content=\"de_DE\" \/>\n<meta property=\"og:type\" content=\"article\" \/>\n<meta property=\"og:title\" content=\"Aluminiumf\u00f6rmchen 85 ml \u00e0 100\" \/>\n<meta property=\"og:description\" content=\"Aluminiumf\u00f6rmchen 90 ml \u2013 Set mit 100. Ideal f\u00fcr Saucen, Gew\u00fcrze und Kosmetik. Robust, recycelbar und praktisch f\u00fcr Gastronomie und Take-away.\" \/>\n<meta property=\"og:url\" content=\"https:\/\/www.csj-emballages.com\/de\/produit\/100-einweg-aluminiumbecher-90-ml\/\" \/>\n<meta property=\"og:site_name\" content=\"CSJ Emballages\" \/>\n<meta property=\"article:publisher\" content=\"https:\/\/www.facebook.com\/csjemballages\" \/>\n<meta property=\"article:modified_time\" content=\"2026-04-25T00:13:31+00:00\" \/>\n<meta property=\"og:image\" content=\"https:\/\/www.csj-emballages.com\/wp-content\/uploads\/2024\/03\/GO85.webp\" \/>\n\t<meta property=\"og:image:width\" content=\"800\" \/>\n\t<meta property=\"og:image:height\" content=\"799\" \/>\n\t<meta property=\"og:image:type\" content=\"image\/webp\" \/>\n<meta name=\"twitter:card\" content=\"summary_large_image\" \/>\n<meta name=\"twitter:label1\" content=\"Gesch\u00e4tzte Lesezeit\" \/>\n\t<meta name=\"twitter:data1\" content=\"1\u00a0Minute\" \/>\n<script type=\"application\/ld+json\" class=\"yoast-schema-graph\">{\"@context\":\"https:\/\/schema.org\",\"@graph\":[{\"@type\":\"WebPage\",\"@id\":\"https:\/\/www.csj-emballages.com\/de\/produit\/100-einweg-aluminiumbecher-90-ml\/\",\"url\":\"https:\/\/www.csj-emballages.com\/de\/produit\/100-einweg-aluminiumbecher-90-ml\/\",\"name\":\"Aluminiumbecher 90 ml pro 100\",\"isPartOf\":{\"@id\":\"https:\/\/www.csj-emballages.com\/de\/#website\"},\"primaryImageOfPage\":{\"@id\":\"https:\/\/www.csj-emballages.com\/de\/produit\/100-einweg-aluminiumbecher-90-ml\/#primaryimage\"},\"image\":{\"@id\":\"https:\/\/www.csj-emballages.com\/de\/produit\/100-einweg-aluminiumbecher-90-ml\/#primaryimage\"},\"thumbnailUrl\":\"https:\/\/www.csj-emballages.com\/wp-content\/uploads\/2024\/03\/GO85.webp\",\"datePublished\":\"2024-03-01T15:53:03+00:00\",\"dateModified\":\"2026-04-25T00:13:31+00:00\",\"description\":\"Aluminiumf\u00f6rmchen 90 ml \u2013 Set mit 100. Ideal f\u00fcr Saucen, Gew\u00fcrze und Kosmetik. Robust, recycelbar und praktisch f\u00fcr Gastronomie und Take-away.\",\"breadcrumb\":{\"@id\":\"https:\/\/www.csj-emballages.com\/de\/produit\/100-einweg-aluminiumbecher-90-ml\/#breadcrumb\"},\"inLanguage\":\"de\",\"potentialAction\":[{\"@type\":\"ReadAction\",\"target\":[\"https:\/\/www.csj-emballages.com\/de\/produit\/100-einweg-aluminiumbecher-90-ml\/\"]}]},{\"@type\":\"ImageObject\",\"inLanguage\":\"de\",\"@id\":\"https:\/\/www.csj-emballages.com\/de\/produit\/100-einweg-aluminiumbecher-90-ml\/#primaryimage\",\"url\":\"https:\/\/www.csj-emballages.com\/wp-content\/uploads\/2024\/03\/GO85.webp\",\"contentUrl\":\"https:\/\/www.csj-emballages.com\/wp-content\/uploads\/2024\/03\/GO85.webp\",\"width\":800,\"height\":799,\"caption\":\"Godet aluminium\"},{\"@type\":\"BreadcrumbList\",\"@id\":\"https:\/\/www.csj-emballages.com\/de\/produit\/100-einweg-aluminiumbecher-90-ml\/#breadcrumb\",\"itemListElement\":[{\"@type\":\"ListItem\",\"position\":1,\"name\":\"Accueil\",\"item\":\"https:\/\/www.csj-emballages.com\/de\/universum-lebensmittelverpackungen\/\"},{\"@type\":\"ListItem\",\"position\":2,\"name\":\"Shop\",\"item\":\"https:\/\/www.csj-emballages.com\/shop\/\"},{\"@type\":\"ListItem\",\"position\":3,\"name\":\"Aluminiumf\u00f6rmchen 85 ml \u00e0 100\"}]},{\"@type\":\"WebSite\",\"@id\":\"https:\/\/www.csj-emballages.com\/de\/#website\",\"url\":\"https:\/\/www.csj-emballages.com\/de\/\",\"name\":\"CSJ Emballages\",\"description\":\"\",\"publisher\":{\"@id\":\"https:\/\/www.csj-emballages.com\/de\/#organization\"},\"potentialAction\":[{\"@type\":\"SearchAction\",\"target\":{\"@type\":\"EntryPoint\",\"urlTemplate\":\"https:\/\/www.csj-emballages.com\/de\/?s={search_term_string}\"},\"query-input\":{\"@type\":\"PropertyValueSpecification\",\"valueRequired\":true,\"valueName\":\"search_term_string\"}}],\"inLanguage\":\"de\"},{\"@type\":\"Organization\",\"@id\":\"https:\/\/www.csj-emballages.com\/de\/#Organization\/\",\"name\":\"CSJ Emballages\",\"url\":\"https:\/\/www.csj-emballages.com\/de\/\",\"logo\":{\"@type\":\"ImageObject\",\"inLanguage\":\"de\",\"@id\":\"https:\/\/www.csj-emballages.com\/de\/#\/schema\/logo\/image\/\",\"url\":\"https:\/\/www.csj-emballages.com\/wp-content\/uploads\/2023\/10\/logo_csj.webp\",\"contentUrl\":\"https:\/\/www.csj-emballages.com\/wp-content\/uploads\/2023\/10\/logo_csj.webp\",\"width\":250,\"height\":95,\"caption\":\"CSJ Emballages\"},\"image\":{\"@id\":\"https:\/\/www.csj-emballages.com\/de\/#\/schema\/logo\/image\/\"},\"sameAs\":[\"https:\/\/www.facebook.com\/csjemballages\"],\"address\":{\"@type\":\"PostalAddress\",\"streetAddress\":\"ZI La Lechere\",\"addressLocality\":\"Patornay\",\"postalCode\":\"39130\",\"addressCountry\":\"FR\"},\"contactPoint\":[{\"@type\":\"ContactPoint\",\"contactType\":\"Service client\",\"telephone\":\"0384254272\",\"email\":\"contact@csj-emballages.com\"}]}]}<\/script>\n<!-- \/ Yoast SEO Premium plugin. -->","yoast_head_json":{"title":"Aluminiumbecher 90 ml pro 100","description":"Aluminiumf\u00f6rmchen 90 ml \u2013 Set mit 100. Ideal f\u00fcr Saucen, Gew\u00fcrze und Kosmetik. Robust, recycelbar und praktisch f\u00fcr Gastronomie und Take-away.","robots":{"index":"index","follow":"follow","max-snippet":"max-snippet:-1","max-image-preview":"max-image-preview:large","max-video-preview":"max-video-preview:-1"},"canonical":"https:\/\/www.csj-emballages.com\/de\/produit\/100-einweg-aluminiumbecher-90-ml\/","og_locale":"de_DE","og_type":"article","og_title":"Aluminiumf\u00f6rmchen 85 ml \u00e0 100","og_description":"Aluminiumf\u00f6rmchen 90 ml \u2013 Set mit 100. Ideal f\u00fcr Saucen, Gew\u00fcrze und Kosmetik. Robust, recycelbar und praktisch f\u00fcr Gastronomie und Take-away.","og_url":"https:\/\/www.csj-emballages.com\/de\/produit\/100-einweg-aluminiumbecher-90-ml\/","og_site_name":"CSJ Emballages","article_publisher":"https:\/\/www.facebook.com\/csjemballages","article_modified_time":"2026-04-25T00:13:31+00:00","og_image":[{"width":800,"height":799,"url":"https:\/\/www.csj-emballages.com\/wp-content\/uploads\/2024\/03\/GO85.webp","type":"image\/webp"}],"twitter_card":"summary_large_image","twitter_misc":{"Gesch\u00e4tzte Lesezeit":"1\u00a0Minute"},"schema":{"@context":"https:\/\/schema.org","@graph":[{"@type":"WebPage","@id":"https:\/\/www.csj-emballages.com\/de\/produit\/100-einweg-aluminiumbecher-90-ml\/","url":"https:\/\/www.csj-emballages.com\/de\/produit\/100-einweg-aluminiumbecher-90-ml\/","name":"Aluminiumbecher 90 ml pro 100","isPartOf":{"@id":"https:\/\/www.csj-emballages.com\/de\/#website"},"primaryImageOfPage":{"@id":"https:\/\/www.csj-emballages.com\/de\/produit\/100-einweg-aluminiumbecher-90-ml\/#primaryimage"},"image":{"@id":"https:\/\/www.csj-emballages.com\/de\/produit\/100-einweg-aluminiumbecher-90-ml\/#primaryimage"},"thumbnailUrl":"https:\/\/www.csj-emballages.com\/wp-content\/uploads\/2024\/03\/GO85.webp","datePublished":"2024-03-01T15:53:03+00:00","dateModified":"2026-04-25T00:13:31+00:00","description":"Aluminiumf\u00f6rmchen 90 ml \u2013 Set mit 100. Ideal f\u00fcr Saucen, Gew\u00fcrze und Kosmetik. Robust, recycelbar und praktisch f\u00fcr Gastronomie und Take-away.","breadcrumb":{"@id":"https:\/\/www.csj-emballages.com\/de\/produit\/100-einweg-aluminiumbecher-90-ml\/#breadcrumb"},"inLanguage":"de","potentialAction":[{"@type":"ReadAction","target":["https:\/\/www.csj-emballages.com\/de\/produit\/100-einweg-aluminiumbecher-90-ml\/"]}]},{"@type":"ImageObject","inLanguage":"de","@id":"https:\/\/www.csj-emballages.com\/de\/produit\/100-einweg-aluminiumbecher-90-ml\/#primaryimage","url":"https:\/\/www.csj-emballages.com\/wp-content\/uploads\/2024\/03\/GO85.webp","contentUrl":"https:\/\/www.csj-emballages.com\/wp-content\/uploads\/2024\/03\/GO85.webp","width":800,"height":799,"caption":"Godet aluminium"},{"@type":"BreadcrumbList","@id":"https:\/\/www.csj-emballages.com\/de\/produit\/100-einweg-aluminiumbecher-90-ml\/#breadcrumb","itemListElement":[{"@type":"ListItem","position":1,"name":"Accueil","item":"https:\/\/www.csj-emballages.com\/de\/universum-lebensmittelverpackungen\/"},{"@type":"ListItem","position":2,"name":"Shop","item":"https:\/\/www.csj-emballages.com\/shop\/"},{"@type":"ListItem","position":3,"name":"Aluminiumf\u00f6rmchen 85 ml \u00e0 100"}]},{"@type":"WebSite","@id":"https:\/\/www.csj-emballages.com\/de\/#website","url":"https:\/\/www.csj-emballages.com\/de\/","name":"CSJ Emballages","description":"","publisher":{"@id":"https:\/\/www.csj-emballages.com\/de\/#organization"},"potentialAction":[{"@type":"SearchAction","target":{"@type":"EntryPoint","urlTemplate":"https:\/\/www.csj-emballages.com\/de\/?s={search_term_string}"},"query-input":{"@type":"PropertyValueSpecification","valueRequired":true,"valueName":"search_term_string"}}],"inLanguage":"de"},{"@type":"Organization","@id":"https:\/\/www.csj-emballages.com\/de\/#Organization\/","name":"CSJ Emballages","url":"https:\/\/www.csj-emballages.com\/de\/","logo":{"@type":"ImageObject","inLanguage":"de","@id":"https:\/\/www.csj-emballages.com\/de\/#\/schema\/logo\/image\/","url":"https:\/\/www.csj-emballages.com\/wp-content\/uploads\/2023\/10\/logo_csj.webp","contentUrl":"https:\/\/www.csj-emballages.com\/wp-content\/uploads\/2023\/10\/logo_csj.webp","width":250,"height":95,"caption":"CSJ Emballages"},"image":{"@id":"https:\/\/www.csj-emballages.com\/de\/#\/schema\/logo\/image\/"},"sameAs":["https:\/\/www.facebook.com\/csjemballages"],"address":{"@type":"PostalAddress","streetAddress":"ZI La Lechere","addressLocality":"Patornay","postalCode":"39130","addressCountry":"FR"},"contactPoint":[{"@type":"ContactPoint","contactType":"Service client","telephone":"0384254272","email":"contact@csj-emballages.com"}]}]}},"df_price":3.62,"df_sale_price":"","df_regular_price":3.62,"df_image_link":"https:\/\/www.csj-emballages.com\/wp-content\/uploads\/2024\/03\/GO85-300x300.webp","tiered_pricing_type":"fixed","tiered_pricing_fixed_rules":[],"tiered_pricing_percentage_rules":[],"tiered_pricing_minimum":1,"tiered_pricing_roles_data":[],"_links":{"self":[{"href":"https:\/\/www.csj-emballages.com\/de\/wp-json\/wp\/v2\/product\/21584","targetHints":{"allow":["GET"]}}],"collection":[{"href":"https:\/\/www.csj-emballages.com\/de\/wp-json\/wp\/v2\/product"}],"about":[{"href":"https:\/\/www.csj-emballages.com\/de\/wp-json\/wp\/v2\/types\/product"}],"wp:featuredmedia":[{"embeddable":true,"href":"https:\/\/www.csj-emballages.com\/de\/wp-json\/wp\/v2\/media\/227996"}],"wp:attachment":[{"href":"https:\/\/www.csj-emballages.com\/de\/wp-json\/wp\/v2\/media?parent=21584"}],"wp:term":[{"taxonomy":"product_brand","embeddable":true,"href":"https:\/\/www.csj-emballages.com\/de\/wp-json\/wp\/v2\/product_brand?post=21584"},{"taxonomy":"product_cat","embeddable":true,"href":"https:\/\/www.csj-emballages.com\/de\/wp-json\/wp\/v2\/product_cat?post=21584"},{"taxonomy":"product_tag","embeddable":true,"href":"https:\/\/www.csj-emballages.com\/de\/wp-json\/wp\/v2\/product_tag?post=21584"}],"curies":[{"name":"wp","href":"https:\/\/api.w.org\/{rel}","templated":true}]}}