{"id":21552,"date":"2024-03-01T16:53:05","date_gmt":"2024-03-01T15:53:05","guid":{"rendered":"https:\/\/u15jnbdpoq.preview.infomaniak.website\/produit\/100-nitrilhandschuhe-puderfrei-schwarz-medium-8\/"},"modified":"2026-05-08T02:13:55","modified_gmt":"2026-05-08T00:13:55","slug":"100-nitrilhandschuhe-puderfrei-schwarz-medium-8","status":"publish","type":"product","link":"https:\/\/www.csj-emballages.com\/de\/produit\/100-nitrilhandschuhe-puderfrei-schwarz-medium-8\/","title":{"rendered":"Puderfreier schwarzer Nitrilhandschuh, Gr\u00f6\u00dfe M 8, 100 St\u00fcck"},"content":{"rendered":"<h2>Nitrilhandschuh<\/h2>\n<hr>\n<h3>Entdecken Sie unseren puderfreien schwarzen Nitrilhandschuh, Gr\u00f6\u00dfe M 8, 100 St\u00fcck.<\/h3>\n<p><!--more--><\/p>\n<p data-start=\"254\" data-end=\"654\">Diese <strong data-start=\"258\" data-end=\"296\">puderfreien schwarzen Nitrilhandschuhe<\/strong>, Gr\u00f6\u00dfe <strong>M 8<\/strong>, sind f\u00fcr all jene konzipiert, die im Alltag Pr\u00e4zision, Komfort und Zuverl\u00e4ssigkeit suchen. Beim Anziehen <strong>passen sie sich nat\u00fcrlich der Hand an<\/strong> und vermitteln sofort ein Gef\u00fchl der Kontrolle. Dank ihres <strong data-start=\"545\" data-end=\"559\">beidh\u00e4ndigen Designs<\/strong> sparen Sie Zeit: Sie m\u00fcssen nicht nach der richtigen Seite suchen, jeder Handschuh passt perfekt.  <\/p>\n<p data-start=\"656\" data-end=\"1095\">Der <strong data-start=\"659\" data-end=\"673\">gerollte Rand<\/strong> erleichtert das Anziehen und minimiert gleichzeitig das Risiko des Rei\u00dfens. Zudem verst\u00e4rkt er den Halt des <strong>Handschuhs am Handgelenk<\/strong>, selbst bei l\u00e4ngerem Gebrauch. Die <strong data-start=\"830\" data-end=\"849\">texturierten Finger<\/strong> wiederum sorgen f\u00fcr hervorragenden Halt. So handhaben Sie Objekte pr\u00e4zise, selbst in feuchter oder fettiger Umgebung. Die <strong data-start=\"988\" data-end=\"1013\">rutschfeste Textur<\/strong> verbessert die Kontrolle \u00fcber Bewegungen und reduziert die Erm\u00fcdung bei sich wiederholenden Aufgaben.    <\/p>\n<p data-start=\"1097\" data-end=\"1403\">Ein weiterer wichtiger Punkt: Diese <strong>Handschuhe<\/strong> sind <strong data-start=\"1136\" data-end=\"1151\">ungepudert<\/strong>, was das Risiko von Irritationen begrenzt und jegliche Kontamination von Oberfl\u00e4chen oder manipulierten Produkten vermeidet. Sie eignen sich daher perfekt f\u00fcr anspruchsvolle Bereiche wie Gastronomie, Medizin, professionelle Reinigung oder Kosmetik. <\/p>\n<p data-start=\"1405\" data-end=\"1672\">F\u00fcr das Ausziehen wird eine einfache und hygienische Methode empfohlen: Klappen Sie das Ende des B\u00fcndchens um und ziehen Sie den Handschuh ab, indem Sie ihn auf links drehen, um jeglichen Kontakt mit der Au\u00dfenseite zu vermeiden. Dieser Vorgang begrenzt effektiv das Kontaminationsrisiko. <\/p>\n<p data-start=\"1674\" data-end=\"1901\">Schlie\u00dflich garantiert ihre <strong data-start=\"1686\" data-end=\"1706\">medizinische Qualit\u00e4t<\/strong> einen zuverl\u00e4ssigen Schutz, der den professionellen Anforderungen entspricht. Verkauft in einer <strong data-start=\"1788\" data-end=\"1804\">100er-Box<\/strong>, stellen diese <strong>Nitrilhandschuhe<\/strong> eine praktische, wirtschaftliche und sichere L\u00f6sung f\u00fcr den regelm\u00e4\u00dfigen Gebrauch dar. <\/p>\n<p data-start=\"1624\" data-end=\"1834\"><!--more--><\/p>\n<h4 data-start=\"1624\" data-end=\"1834\">Vorteile :<\/h4>\n<ul>\n<li data-start=\"1929\" data-end=\"1968\"><strong>Schwarzes Nitril<\/strong>, widerstandsf\u00e4hig und komfortabel.<\/li>\n<li data-start=\"1971\" data-end=\"2007\">Ungepudert, begrenzt Irritationen.<\/li>\n<li data-start=\"2010\" data-end=\"2041\"><strong>Ambidexter<\/strong>, schnell einsetzbar.<\/li>\n<li data-start=\"2044\" data-end=\"2090\"><strong>Texturierte Finger<\/strong> f\u00fcr bessere Pr\u00e4zision.<\/li>\n<li data-start=\"2093\" data-end=\"2127\"><strong>Gerollter Rand<\/strong> f\u00fcr mehr Stabilit\u00e4t.<\/li>\n<li data-start=\"2130\" data-end=\"2164\">Professionelle medizinische Qualit\u00e4t.<\/li>\n<\/ul>\n<p>&nbsp;<\/p>\n<p><!--more--><\/p>\n<h4>Weitere Informationen :<\/h4>\n<ul>\n<li><strong>Verpackung<\/strong>: Packung mit 100 St\u00fcck<\/li>\n<li><strong>Gr\u00f6\u00dfe<\/strong> : M<\/li>\n<li><strong>L\u00e4nge<\/strong>: 240 mm<\/li>\n<li><strong>Handfl\u00e4chenbreite<\/strong> : 95 mm<\/li>\n<li><strong>Gewicht<\/strong>: 3,5 g<\/li>\n<li><strong>Material<\/strong>: Nitril (ungepudert)<\/li>\n<\/ul>\n<p>&nbsp;<\/p>\n<p><!--more--><\/p>\n<p>Diese Nitrilhandschuhe in Gr\u00f6\u00dfe M sind in verschiedenen Gr\u00f6\u00dfen erh\u00e4ltlich: <span style=\"color: #d12727;\"><a style=\"color: #d12727;\" href=\"https:\/\/www.csj-emballages.com\/produit\/100-gants-nitriles-non-poudre-noir-small-7\/?_gl=1*yjrk72*_up*MQ..*_ga*NTU1MDIwOTMwLjE3NjkxNzgwNTE.*_ga_YNVJLRSSZT*czE3NjkxNzgwNTAkbzEkZzAkdDE3NjkxNzgwNTAkajYwJGwwJGgxOTk3ODQxOTI0\">Klein<\/a><\/span> \/ <span style=\"color: #d12727;\"><a style=\"color: #d12727;\" href=\"https:\/\/www.csj-emballages.com\/produit\/100-gants-nitriles-non-poudre-noir-large-9-l\/?_gl=1*y0uche*_up*MQ..*_ga*NTU1MDIwOTMwLjE3NjkxNzgwNTE.*_ga_YNVJLRSSZT*czE3NjkxNzgwNTAkbzEkZzAkdDE3NjkxNzgwNTAkajYwJGwwJGgxOTk3ODQxOTI0\">Gro\u00df<\/a><\/span> \/ <span style=\"color: #d12727;\"><a style=\"color: #d12727;\" href=\"https:\/\/www.csj-emballages.com\/produit\/100-gants-nitriles-noir-non-poudre-extra-large-10\/?_gl=1*1l2uey9*_up*MQ..*_ga*NTU1MDIwOTMwLjE3NjkxNzgwNTE.*_ga_YNVJLRSSZT*czE3NjkxNzgwNTAkbzEkZzAkdDE3NjkxNzgwNTAkajYwJGwwJGgxOTk3ODQxOTI0\">Extra gro\u00df<\/a><\/span><\/p>\n<p>&nbsp;<\/p>\n<p><!--more--><\/p>\n<p><a href=\"https:\/\/www.csj-emballages.com\/categorie-produit\/hygiene-et-entretiens\/equipements-individuels\/gants\/gants-nitrile\/?_gl=1*61uc40*_up*MQ..*_ga*MTQ3Nzg2NjAwNy4xNzY5MTc1NTE0*_ga_YNVJLRSSZT*czE3NjkxNzU1MTMkbzEkZzAkdDE3NjkxNzU1MTMkajYwJGwwJGgyMDczNzc3MTA.\">Entdecken Sie unser gesamtes Sortiment an Nitrilhandschuhen<\/a><\/p>\n","protected":false},"excerpt":{"rendered":"<p>Nitrilhandschuh Entdecken Sie unseren puderfreien schwarzen Nitrilhandschuh, Gr\u00f6\u00dfe M 8, 100 St\u00fcck.<\/p>\n","protected":false},"featured_media":262232,"template":"","meta":{"_acf_changed":false},"product_brand":[],"product_cat":[1218,2348,2696,2740],"product_tag":[],"class_list":{"0":"post-21552","1":"product","2":"type-product","3":"status-publish","4":"has-post-thumbnail","6":"product_cat-hygiene-und-pflege","7":"product_cat-individuelle-ausstattung","8":"product_cat-handschuhe","9":"product_cat-nitril-handschuhe","11":"first","12":"instock","13":"taxable","14":"shipping-taxable","15":"purchasable","16":"product-type-simple"},"acf":[],"yoast_head":"<!-- This site is optimized with the Yoast SEO Premium plugin v26.6 (Yoast SEO v26.6) - https:\/\/yoast.com\/wordpress\/plugins\/seo\/ -->\n<title>Puderfreier schwarzer Nitrilhandschuh, Gr\u00f6\u00dfe M 8, 100 St\u00fcck<\/title>\n<meta name=\"description\" content=\"Puderfreie schwarze Nitrilhandschuhe, Gr\u00f6\u00dfe M, beidh\u00e4ndig tragbar und in medizinischer Qualit\u00e4t. 100er-Box, texturierte Finger und hervorragende Griffigkeit.\" \/>\n<meta name=\"robots\" content=\"index, follow, max-snippet:-1, max-image-preview:large, max-video-preview:-1\" \/>\n<link rel=\"canonical\" href=\"https:\/\/www.csj-emballages.com\/de\/produit\/100-nitrilhandschuhe-puderfrei-schwarz-medium-8\/\" \/>\n<meta property=\"og:locale\" content=\"de_DE\" \/>\n<meta property=\"og:type\" content=\"article\" \/>\n<meta property=\"og:title\" content=\"Puderfreier schwarzer Nitrilhandschuh, Gr\u00f6\u00dfe M 8, 100 St\u00fcck\" \/>\n<meta property=\"og:description\" content=\"Puderfreie schwarze Nitrilhandschuhe, Gr\u00f6\u00dfe M, beidh\u00e4ndig tragbar und in medizinischer Qualit\u00e4t. 100er-Box, texturierte Finger und hervorragende Griffigkeit.\" \/>\n<meta property=\"og:url\" content=\"https:\/\/www.csj-emballages.com\/de\/produit\/100-nitrilhandschuhe-puderfrei-schwarz-medium-8\/\" \/>\n<meta property=\"og:site_name\" content=\"CSJ Emballages\" \/>\n<meta property=\"article:publisher\" content=\"https:\/\/www.facebook.com\/csjemballages\" \/>\n<meta property=\"article:modified_time\" content=\"2026-05-08T00:13:55+00:00\" \/>\n<meta property=\"og:image\" content=\"https:\/\/www.csj-emballages.com\/wp-content\/uploads\/2024\/03\/Gants-nitrile-noir.webp\" \/>\n\t<meta property=\"og:image:width\" content=\"800\" \/>\n\t<meta property=\"og:image:height\" content=\"800\" \/>\n\t<meta property=\"og:image:type\" content=\"image\/webp\" \/>\n<meta name=\"twitter:card\" content=\"summary_large_image\" \/>\n<meta name=\"twitter:label1\" content=\"Gesch\u00e4tzte Lesezeit\" \/>\n\t<meta name=\"twitter:data1\" content=\"2 Minuten\" \/>\n<script type=\"application\/ld+json\" class=\"yoast-schema-graph\">{\"@context\":\"https:\/\/schema.org\",\"@graph\":[{\"@type\":\"WebPage\",\"@id\":\"https:\/\/www.csj-emballages.com\/de\/produit\/100-nitrilhandschuhe-puderfrei-schwarz-medium-8\/\",\"url\":\"https:\/\/www.csj-emballages.com\/de\/produit\/100-nitrilhandschuhe-puderfrei-schwarz-medium-8\/\",\"name\":\"Puderfreier schwarzer Nitrilhandschuh, Gr\u00f6\u00dfe M 8, 100 St\u00fcck\",\"isPartOf\":{\"@id\":\"https:\/\/www.csj-emballages.com\/de\/#website\"},\"primaryImageOfPage\":{\"@id\":\"https:\/\/www.csj-emballages.com\/de\/produit\/100-nitrilhandschuhe-puderfrei-schwarz-medium-8\/#primaryimage\"},\"image\":{\"@id\":\"https:\/\/www.csj-emballages.com\/de\/produit\/100-nitrilhandschuhe-puderfrei-schwarz-medium-8\/#primaryimage\"},\"thumbnailUrl\":\"https:\/\/www.csj-emballages.com\/wp-content\/uploads\/2024\/03\/Gants-nitrile-noir.webp\",\"datePublished\":\"2024-03-01T15:53:05+00:00\",\"dateModified\":\"2026-05-08T00:13:55+00:00\",\"description\":\"Puderfreie schwarze Nitrilhandschuhe, Gr\u00f6\u00dfe M, beidh\u00e4ndig tragbar und in medizinischer Qualit\u00e4t. 100er-Box, texturierte Finger und hervorragende Griffigkeit.\",\"breadcrumb\":{\"@id\":\"https:\/\/www.csj-emballages.com\/de\/produit\/100-nitrilhandschuhe-puderfrei-schwarz-medium-8\/#breadcrumb\"},\"inLanguage\":\"de\",\"potentialAction\":[{\"@type\":\"ReadAction\",\"target\":[\"https:\/\/www.csj-emballages.com\/de\/produit\/100-nitrilhandschuhe-puderfrei-schwarz-medium-8\/\"]}]},{\"@type\":\"ImageObject\",\"inLanguage\":\"de\",\"@id\":\"https:\/\/www.csj-emballages.com\/de\/produit\/100-nitrilhandschuhe-puderfrei-schwarz-medium-8\/#primaryimage\",\"url\":\"https:\/\/www.csj-emballages.com\/wp-content\/uploads\/2024\/03\/Gants-nitrile-noir.webp\",\"contentUrl\":\"https:\/\/www.csj-emballages.com\/wp-content\/uploads\/2024\/03\/Gants-nitrile-noir.webp\",\"width\":800,\"height\":800,\"caption\":\"Gant nitrile\"},{\"@type\":\"BreadcrumbList\",\"@id\":\"https:\/\/www.csj-emballages.com\/de\/produit\/100-nitrilhandschuhe-puderfrei-schwarz-medium-8\/#breadcrumb\",\"itemListElement\":[{\"@type\":\"ListItem\",\"position\":1,\"name\":\"Accueil\",\"item\":\"https:\/\/www.csj-emballages.com\/de\/universum-lebensmittelverpackungen\/\"},{\"@type\":\"ListItem\",\"position\":2,\"name\":\"Shop\",\"item\":\"https:\/\/www.csj-emballages.com\/shop\/\"},{\"@type\":\"ListItem\",\"position\":3,\"name\":\"Puderfreier schwarzer Nitrilhandschuh, Gr\u00f6\u00dfe M 8, 100 St\u00fcck\"}]},{\"@type\":\"WebSite\",\"@id\":\"https:\/\/www.csj-emballages.com\/de\/#website\",\"url\":\"https:\/\/www.csj-emballages.com\/de\/\",\"name\":\"CSJ Emballages\",\"description\":\"\",\"publisher\":{\"@id\":\"https:\/\/www.csj-emballages.com\/de\/#organization\"},\"potentialAction\":[{\"@type\":\"SearchAction\",\"target\":{\"@type\":\"EntryPoint\",\"urlTemplate\":\"https:\/\/www.csj-emballages.com\/de\/?s={search_term_string}\"},\"query-input\":{\"@type\":\"PropertyValueSpecification\",\"valueRequired\":true,\"valueName\":\"search_term_string\"}}],\"inLanguage\":\"de\"},{\"@type\":\"Organization\",\"@id\":\"https:\/\/www.csj-emballages.com\/de\/#Organization\/\",\"name\":\"CSJ Emballages\",\"url\":\"https:\/\/www.csj-emballages.com\/de\/\",\"logo\":{\"@type\":\"ImageObject\",\"inLanguage\":\"de\",\"@id\":\"https:\/\/www.csj-emballages.com\/de\/#\/schema\/logo\/image\/\",\"url\":\"https:\/\/www.csj-emballages.com\/wp-content\/uploads\/2023\/10\/logo_csj.webp\",\"contentUrl\":\"https:\/\/www.csj-emballages.com\/wp-content\/uploads\/2023\/10\/logo_csj.webp\",\"width\":250,\"height\":95,\"caption\":\"CSJ Emballages\"},\"image\":{\"@id\":\"https:\/\/www.csj-emballages.com\/de\/#\/schema\/logo\/image\/\"},\"sameAs\":[\"https:\/\/www.facebook.com\/csjemballages\"],\"address\":{\"@type\":\"PostalAddress\",\"streetAddress\":\"ZI La Lechere\",\"addressLocality\":\"Patornay\",\"postalCode\":\"39130\",\"addressCountry\":\"FR\"},\"contactPoint\":[{\"@type\":\"ContactPoint\",\"contactType\":\"Service client\",\"telephone\":\"0384254272\",\"email\":\"contact@csj-emballages.com\"}]}]}<\/script>\n<!-- \/ Yoast SEO Premium plugin. -->","yoast_head_json":{"title":"Puderfreier schwarzer Nitrilhandschuh, Gr\u00f6\u00dfe M 8, 100 St\u00fcck","description":"Puderfreie schwarze Nitrilhandschuhe, Gr\u00f6\u00dfe M, beidh\u00e4ndig tragbar und in medizinischer Qualit\u00e4t. 100er-Box, texturierte Finger und hervorragende Griffigkeit.","robots":{"index":"index","follow":"follow","max-snippet":"max-snippet:-1","max-image-preview":"max-image-preview:large","max-video-preview":"max-video-preview:-1"},"canonical":"https:\/\/www.csj-emballages.com\/de\/produit\/100-nitrilhandschuhe-puderfrei-schwarz-medium-8\/","og_locale":"de_DE","og_type":"article","og_title":"Puderfreier schwarzer Nitrilhandschuh, Gr\u00f6\u00dfe M 8, 100 St\u00fcck","og_description":"Puderfreie schwarze Nitrilhandschuhe, Gr\u00f6\u00dfe M, beidh\u00e4ndig tragbar und in medizinischer Qualit\u00e4t. 100er-Box, texturierte Finger und hervorragende Griffigkeit.","og_url":"https:\/\/www.csj-emballages.com\/de\/produit\/100-nitrilhandschuhe-puderfrei-schwarz-medium-8\/","og_site_name":"CSJ Emballages","article_publisher":"https:\/\/www.facebook.com\/csjemballages","article_modified_time":"2026-05-08T00:13:55+00:00","og_image":[{"width":800,"height":800,"url":"https:\/\/www.csj-emballages.com\/wp-content\/uploads\/2024\/03\/Gants-nitrile-noir.webp","type":"image\/webp"}],"twitter_card":"summary_large_image","twitter_misc":{"Gesch\u00e4tzte Lesezeit":"2 Minuten"},"schema":{"@context":"https:\/\/schema.org","@graph":[{"@type":"WebPage","@id":"https:\/\/www.csj-emballages.com\/de\/produit\/100-nitrilhandschuhe-puderfrei-schwarz-medium-8\/","url":"https:\/\/www.csj-emballages.com\/de\/produit\/100-nitrilhandschuhe-puderfrei-schwarz-medium-8\/","name":"Puderfreier schwarzer Nitrilhandschuh, Gr\u00f6\u00dfe M 8, 100 St\u00fcck","isPartOf":{"@id":"https:\/\/www.csj-emballages.com\/de\/#website"},"primaryImageOfPage":{"@id":"https:\/\/www.csj-emballages.com\/de\/produit\/100-nitrilhandschuhe-puderfrei-schwarz-medium-8\/#primaryimage"},"image":{"@id":"https:\/\/www.csj-emballages.com\/de\/produit\/100-nitrilhandschuhe-puderfrei-schwarz-medium-8\/#primaryimage"},"thumbnailUrl":"https:\/\/www.csj-emballages.com\/wp-content\/uploads\/2024\/03\/Gants-nitrile-noir.webp","datePublished":"2024-03-01T15:53:05+00:00","dateModified":"2026-05-08T00:13:55+00:00","description":"Puderfreie schwarze Nitrilhandschuhe, Gr\u00f6\u00dfe M, beidh\u00e4ndig tragbar und in medizinischer Qualit\u00e4t. 100er-Box, texturierte Finger und hervorragende Griffigkeit.","breadcrumb":{"@id":"https:\/\/www.csj-emballages.com\/de\/produit\/100-nitrilhandschuhe-puderfrei-schwarz-medium-8\/#breadcrumb"},"inLanguage":"de","potentialAction":[{"@type":"ReadAction","target":["https:\/\/www.csj-emballages.com\/de\/produit\/100-nitrilhandschuhe-puderfrei-schwarz-medium-8\/"]}]},{"@type":"ImageObject","inLanguage":"de","@id":"https:\/\/www.csj-emballages.com\/de\/produit\/100-nitrilhandschuhe-puderfrei-schwarz-medium-8\/#primaryimage","url":"https:\/\/www.csj-emballages.com\/wp-content\/uploads\/2024\/03\/Gants-nitrile-noir.webp","contentUrl":"https:\/\/www.csj-emballages.com\/wp-content\/uploads\/2024\/03\/Gants-nitrile-noir.webp","width":800,"height":800,"caption":"Gant nitrile"},{"@type":"BreadcrumbList","@id":"https:\/\/www.csj-emballages.com\/de\/produit\/100-nitrilhandschuhe-puderfrei-schwarz-medium-8\/#breadcrumb","itemListElement":[{"@type":"ListItem","position":1,"name":"Accueil","item":"https:\/\/www.csj-emballages.com\/de\/universum-lebensmittelverpackungen\/"},{"@type":"ListItem","position":2,"name":"Shop","item":"https:\/\/www.csj-emballages.com\/shop\/"},{"@type":"ListItem","position":3,"name":"Puderfreier schwarzer Nitrilhandschuh, Gr\u00f6\u00dfe M 8, 100 St\u00fcck"}]},{"@type":"WebSite","@id":"https:\/\/www.csj-emballages.com\/de\/#website","url":"https:\/\/www.csj-emballages.com\/de\/","name":"CSJ Emballages","description":"","publisher":{"@id":"https:\/\/www.csj-emballages.com\/de\/#organization"},"potentialAction":[{"@type":"SearchAction","target":{"@type":"EntryPoint","urlTemplate":"https:\/\/www.csj-emballages.com\/de\/?s={search_term_string}"},"query-input":{"@type":"PropertyValueSpecification","valueRequired":true,"valueName":"search_term_string"}}],"inLanguage":"de"},{"@type":"Organization","@id":"https:\/\/www.csj-emballages.com\/de\/#Organization\/","name":"CSJ Emballages","url":"https:\/\/www.csj-emballages.com\/de\/","logo":{"@type":"ImageObject","inLanguage":"de","@id":"https:\/\/www.csj-emballages.com\/de\/#\/schema\/logo\/image\/","url":"https:\/\/www.csj-emballages.com\/wp-content\/uploads\/2023\/10\/logo_csj.webp","contentUrl":"https:\/\/www.csj-emballages.com\/wp-content\/uploads\/2023\/10\/logo_csj.webp","width":250,"height":95,"caption":"CSJ Emballages"},"image":{"@id":"https:\/\/www.csj-emballages.com\/de\/#\/schema\/logo\/image\/"},"sameAs":["https:\/\/www.facebook.com\/csjemballages"],"address":{"@type":"PostalAddress","streetAddress":"ZI La Lechere","addressLocality":"Patornay","postalCode":"39130","addressCountry":"FR"},"contactPoint":[{"@type":"ContactPoint","contactType":"Service client","telephone":"0384254272","email":"contact@csj-emballages.com"}]}]}},"df_price":4.78,"df_sale_price":"","df_regular_price":4.78,"df_image_link":"https:\/\/www.csj-emballages.com\/wp-content\/uploads\/2024\/03\/Gants-nitrile-noir-300x300.webp","tiered_pricing_type":"fixed","tiered_pricing_fixed_rules":[],"tiered_pricing_percentage_rules":[],"tiered_pricing_minimum":1,"tiered_pricing_roles_data":[],"_links":{"self":[{"href":"https:\/\/www.csj-emballages.com\/de\/wp-json\/wp\/v2\/product\/21552","targetHints":{"allow":["GET"]}}],"collection":[{"href":"https:\/\/www.csj-emballages.com\/de\/wp-json\/wp\/v2\/product"}],"about":[{"href":"https:\/\/www.csj-emballages.com\/de\/wp-json\/wp\/v2\/types\/product"}],"wp:featuredmedia":[{"embeddable":true,"href":"https:\/\/www.csj-emballages.com\/de\/wp-json\/wp\/v2\/media\/262232"}],"wp:attachment":[{"href":"https:\/\/www.csj-emballages.com\/de\/wp-json\/wp\/v2\/media?parent=21552"}],"wp:term":[{"taxonomy":"product_brand","embeddable":true,"href":"https:\/\/www.csj-emballages.com\/de\/wp-json\/wp\/v2\/product_brand?post=21552"},{"taxonomy":"product_cat","embeddable":true,"href":"https:\/\/www.csj-emballages.com\/de\/wp-json\/wp\/v2\/product_cat?post=21552"},{"taxonomy":"product_tag","embeddable":true,"href":"https:\/\/www.csj-emballages.com\/de\/wp-json\/wp\/v2\/product_tag?post=21552"}],"curies":[{"name":"wp","href":"https:\/\/api.w.org\/{rel}","templated":true}]}}