{"id":21534,"date":"2024-03-01T16:53:06","date_gmt":"2024-03-01T15:53:06","guid":{"rendered":"https:\/\/u15jnbdpoq.preview.infomaniak.website\/produit\/100-nitrilhandschuhe-puderfrei-rosa-breit-8-9\/"},"modified":"2026-03-12T16:26:29","modified_gmt":"2026-03-12T15:26:29","slug":"100-nitrilhandschuhe-puderfrei-rosa-breit-8-9","status":"publish","type":"product","link":"https:\/\/www.csj-emballages.com\/de\/produit\/100-nitrilhandschuhe-puderfrei-rosa-breit-8-9\/","title":{"rendered":"Puderfreier Nitrilhandschuh, rosa, Gr\u00f6\u00dfe L 8\/9, 100 St\u00fcck"},"content":{"rendered":"<h2>Nitrilhandschuh<\/h2>\n<hr>\n<h3>Entdecken Sie unseren puderfreien Nitrilhandschuh, rosa, Gr\u00f6\u00dfe L 8\/9, 100 St\u00fcck<\/h3>\n<p><!--more--><\/p>\n<p data-start=\"234\" data-end=\"606\">Diese <strong data-start=\"238\" data-end=\"273\">puderfreien Nitrilhandschuhe in Rosa<\/strong> in Gr\u00f6\u00dfe <strong>L 8\/9<\/strong> sind darauf ausgelegt, Komfort, Pr\u00e4zision und Sicherheit zu bieten, selbst bei intensivem Gebrauch. Ihr <strong>geschmeidiges Material passt sich perfekt der Hand an<\/strong>, was eine ausgezeichnete Bewegungsfreiheit ohne st\u00f6rendes Gef\u00fchl erm\u00f6glicht. Sie lassen sich leicht anziehen, und einmal angelegt, vergisst man sie fast.  <\/p>\n<p data-start=\"608\" data-end=\"1027\">Dank ihres <strong data-start=\"632\" data-end=\"646\">ambidextren<\/strong> Designs sparen Sie im Alltag Zeit: Sie m\u00fcssen nicht nach einem rechten oder linken Handschuh suchen. Der <strong data-start=\"735\" data-end=\"749\">gerollte Rand<\/strong> verst\u00e4rkt den Halt am Handgelenk und reduziert das Risiko von Rissen beim Anziehen. Zudem verbessert die <strong data-start=\"864\" data-end=\"881\">rutschfeste<\/strong> Oberfl\u00e4che in Verbindung mit den <strong data-start=\"895\" data-end=\"924\">texturierten Fingerspitzen<\/strong> den Griff erheblich, selbst wenn Sie <strong>feine, feuchte oder empfindliche Objekte<\/strong> handhaben.  <\/p>\n<p data-start=\"1029\" data-end=\"1327\"><strong>Puderfrei<\/strong> reduzieren diese <strong>Handschuhe<\/strong> das Risiko von Irritationen und sind ideal f\u00fcr empfindliche Haut. Ihre <strong data-start=\"1141\" data-end=\"1161\">medizinische Qualit\u00e4t<\/strong> gew\u00e4hrleistet ein hohes Schutzniveau, wodurch sie f\u00fcr anspruchsvolle Bereiche wie Medizin, \u00c4sthetik, Hygiene, Gastronomie oder Labore geeignet sind. <\/p>\n<p data-start=\"1329\" data-end=\"1534\">Zum Ausziehen ist der Vorgang einfach und sicher: Es gen\u00fcgt, das Ende der Stulpe umzuklappen und den Handschuh durch Umst\u00fclpen auszuziehen, um jeglichen Kontakt mit der Au\u00dfenseite zu vermeiden.<\/p>\n<p data-start=\"1536\" data-end=\"1677\">Zusammenfassend kombinieren diese <strong>rosa Nitrilhandschuhe<\/strong> Effizienz, Komfort und Zuverl\u00e4ssigkeit, wobei sie gleichzeitig einen Farbtupfer bieten, der sich von klassischen Standards abhebt.<\/p>\n<p data-start=\"1624\" data-end=\"1834\"><!--more--><\/p>\n<h4 data-start=\"1624\" data-end=\"1834\">Vorteile :<\/h4>\n<ul>\n<li data-start=\"1707\" data-end=\"1746\"><strong>Puderfreies Nitril<\/strong>, hautfreundlich.<\/li>\n<li data-start=\"1749\" data-end=\"1783\"><strong>Gr\u00f6\u00dfe L 8\/9<\/strong>, pr\u00e4zise Passform.<\/li>\n<li data-start=\"1786\" data-end=\"1820\">Ambidexter und leicht anzuziehen.<\/li>\n<li data-start=\"1823\" data-end=\"1869\">Texturierte Fingerspitzen f\u00fcr besseren Halt.<\/li>\n<li data-start=\"1872\" data-end=\"1908\"><strong>Gerollter Rand<\/strong> f\u00fcr mehr Widerstandsf\u00e4higkeit.<\/li>\n<li data-start=\"1911\" data-end=\"1929\">Medizinische Qualit\u00e4t.<\/li>\n<li data-start=\"1932\" data-end=\"1973\">Praktische 100er-Packung.<\/li>\n<\/ul>\n<p>&nbsp;<\/p>\n<p><!--more--><\/p>\n<h4>Weitere Informationen :<\/h4>\n<ul>\n<li><strong>Verpackung<\/strong>: Packung mit 100 St\u00fcck<\/li>\n<li><strong>Gr\u00f6\u00dfe<\/strong>: L<\/li>\n<li><strong>L\u00e4nge<\/strong>: 240 mm<\/li>\n<li><strong>Handfl\u00e4chenbreite<\/strong>: 110 mm<\/li>\n<li><strong>Gewicht<\/strong>: 4,0 g<\/li>\n<li><strong>Material<\/strong>: Nitril (ungepudert)<\/li>\n<\/ul>\n<p>&nbsp;<\/p>\n<p><!--more--><\/p>\n<p>Diese rosa Nitrilhandschuhe in Gr\u00f6\u00dfe L sind in verschiedenen Gr\u00f6\u00dfen erh\u00e4ltlich: <span style=\"color: #d12727;\"><a style=\"color: #d12727;\" href=\"https:\/\/www.csj-emballages.com\/produit\/100-gants-nitriles-non-poudre-rose-extra-small-5-6\/?_gl=1*1pgvss9*_up*MQ..*_ga*MjUyOTI1LjE3NjkxNzkwNzI.*_ga_YNVJLRSSZT*czE3NjkxNzkwNzIkbzEkZzAkdDE3NjkxNzkwNzIkajYwJGwwJGgxMDM5ODg1NDc3\">Extra small<\/a><\/span> \/<span style=\"color: #d12727;\"> <a style=\"color: #d12727;\" href=\"https:\/\/www.csj-emballages.com\/produit\/100-gants-nitriles-non-poudre-rose-medium-7-8\/?_gl=1*1cepc22*_up*MQ..*_ga*MjUyOTI1LjE3NjkxNzkwNzI.*_ga_YNVJLRSSZT*czE3NjkxNzkwNzIkbzEkZzAkdDE3NjkxNzkwNzIkajYwJGwwJGgxMDM5ODg1NDc3\">Medium<\/a><\/span><\/p>\n<p>&nbsp;<\/p>\n<p><!--more--><\/p>\n<p><a href=\"https:\/\/www.csj-emballages.com\/categorie-produit\/hygiene-et-entretiens\/equipements-individuels\/gants\/gants-nitrile\/?_gl=1*61uc40*_up*MQ..*_ga*MTQ3Nzg2NjAwNy4xNzY5MTc1NTE0*_ga_YNVJLRSSZT*czE3NjkxNzU1MTMkbzEkZzAkdDE3NjkxNzU1MTMkajYwJGwwJGgyMDczNzc3MTA.\">Entdecken Sie unser gesamtes Sortiment an Nitrilhandschuhen<\/a><\/p>\n","protected":false},"excerpt":{"rendered":"<p>Nitrilhandschuh Entdecken Sie unseren puderfreien Nitrilhandschuh, rosa, Gr\u00f6\u00dfe L 8\/9, 100 St\u00fcck<\/p>\n","protected":false},"featured_media":262242,"template":"","meta":{"_acf_changed":false},"product_brand":[],"product_cat":[1218,2348,2696,2740],"product_tag":[],"class_list":{"0":"post-21534","1":"product","2":"type-product","3":"status-publish","4":"has-post-thumbnail","6":"product_cat-hygiene-und-pflege","7":"product_cat-individuelle-ausstattung","8":"product_cat-handschuhe","9":"product_cat-nitril-handschuhe","11":"first","12":"instock","13":"taxable","14":"shipping-taxable","15":"purchasable","16":"product-type-simple"},"acf":[],"yoast_head":"<!-- This site is optimized with the Yoast SEO Premium plugin v26.6 (Yoast SEO v26.6) - https:\/\/yoast.com\/wordpress\/plugins\/seo\/ -->\n<title>Nitrilhandschuh, Puderfrei, Rosa, Gr\u00f6\u00dfe L 8\/9, 100 St\u00fcck<\/title>\n<meta name=\"description\" content=\"Puderfreie Nitrilhandschuhe, rosa, Gr\u00f6\u00dfe L 8\/9, beidh\u00e4ndig und medizinischer Qualit\u00e4t. Bieten Komfort, Pr\u00e4zision und optimalen Halt. 100er-Box.\" \/>\n<meta name=\"robots\" content=\"index, follow, max-snippet:-1, max-image-preview:large, max-video-preview:-1\" \/>\n<link rel=\"canonical\" href=\"https:\/\/www.csj-emballages.com\/de\/produit\/100-nitrilhandschuhe-puderfrei-rosa-breit-8-9\/\" \/>\n<meta property=\"og:locale\" content=\"de_DE\" \/>\n<meta property=\"og:type\" content=\"article\" \/>\n<meta property=\"og:title\" content=\"Puderfreier Nitrilhandschuh, rosa, Gr\u00f6\u00dfe L 8\/9, 100 St\u00fcck\" \/>\n<meta property=\"og:description\" content=\"Puderfreie Nitrilhandschuhe, rosa, Gr\u00f6\u00dfe L 8\/9, beidh\u00e4ndig und medizinischer Qualit\u00e4t. Bieten Komfort, Pr\u00e4zision und optimalen Halt. 100er-Box.\" \/>\n<meta property=\"og:url\" content=\"https:\/\/www.csj-emballages.com\/de\/produit\/100-nitrilhandschuhe-puderfrei-rosa-breit-8-9\/\" \/>\n<meta property=\"og:site_name\" content=\"CSJ Emballages\" \/>\n<meta property=\"article:publisher\" content=\"https:\/\/www.facebook.com\/csjemballages\" \/>\n<meta property=\"article:modified_time\" content=\"2026-03-12T15:26:29+00:00\" \/>\n<meta property=\"og:image\" content=\"https:\/\/www.csj-emballages.com\/wp-content\/uploads\/2024\/03\/Gant-nitrile-rose.webp\" \/>\n\t<meta property=\"og:image:width\" content=\"800\" \/>\n\t<meta property=\"og:image:height\" content=\"800\" \/>\n\t<meta property=\"og:image:type\" content=\"image\/webp\" \/>\n<meta name=\"twitter:card\" content=\"summary_large_image\" \/>\n<meta name=\"twitter:label1\" content=\"Gesch\u00e4tzte Lesezeit\" \/>\n\t<meta name=\"twitter:data1\" content=\"2 Minuten\" \/>\n<script type=\"application\/ld+json\" class=\"yoast-schema-graph\">{\"@context\":\"https:\/\/schema.org\",\"@graph\":[{\"@type\":\"WebPage\",\"@id\":\"https:\/\/www.csj-emballages.com\/de\/produit\/100-nitrilhandschuhe-puderfrei-rosa-breit-8-9\/\",\"url\":\"https:\/\/www.csj-emballages.com\/de\/produit\/100-nitrilhandschuhe-puderfrei-rosa-breit-8-9\/\",\"name\":\"Nitrilhandschuh, Puderfrei, Rosa, Gr\u00f6\u00dfe L 8\/9, 100 St\u00fcck\",\"isPartOf\":{\"@id\":\"https:\/\/www.csj-emballages.com\/de\/#website\"},\"primaryImageOfPage\":{\"@id\":\"https:\/\/www.csj-emballages.com\/de\/produit\/100-nitrilhandschuhe-puderfrei-rosa-breit-8-9\/#primaryimage\"},\"image\":{\"@id\":\"https:\/\/www.csj-emballages.com\/de\/produit\/100-nitrilhandschuhe-puderfrei-rosa-breit-8-9\/#primaryimage\"},\"thumbnailUrl\":\"https:\/\/www.csj-emballages.com\/wp-content\/uploads\/2024\/03\/Gant-nitrile-rose.webp\",\"datePublished\":\"2024-03-01T15:53:06+00:00\",\"dateModified\":\"2026-03-12T15:26:29+00:00\",\"description\":\"Puderfreie Nitrilhandschuhe, rosa, Gr\u00f6\u00dfe L 8\/9, beidh\u00e4ndig und medizinischer Qualit\u00e4t. Bieten Komfort, Pr\u00e4zision und optimalen Halt. 100er-Box.\",\"breadcrumb\":{\"@id\":\"https:\/\/www.csj-emballages.com\/de\/produit\/100-nitrilhandschuhe-puderfrei-rosa-breit-8-9\/#breadcrumb\"},\"inLanguage\":\"de\",\"potentialAction\":[{\"@type\":\"ReadAction\",\"target\":[\"https:\/\/www.csj-emballages.com\/de\/produit\/100-nitrilhandschuhe-puderfrei-rosa-breit-8-9\/\"]}]},{\"@type\":\"ImageObject\",\"inLanguage\":\"de\",\"@id\":\"https:\/\/www.csj-emballages.com\/de\/produit\/100-nitrilhandschuhe-puderfrei-rosa-breit-8-9\/#primaryimage\",\"url\":\"https:\/\/www.csj-emballages.com\/wp-content\/uploads\/2024\/03\/Gant-nitrile-rose.webp\",\"contentUrl\":\"https:\/\/www.csj-emballages.com\/wp-content\/uploads\/2024\/03\/Gant-nitrile-rose.webp\",\"width\":800,\"height\":800,\"caption\":\"Gant nitrile\"},{\"@type\":\"BreadcrumbList\",\"@id\":\"https:\/\/www.csj-emballages.com\/de\/produit\/100-nitrilhandschuhe-puderfrei-rosa-breit-8-9\/#breadcrumb\",\"itemListElement\":[{\"@type\":\"ListItem\",\"position\":1,\"name\":\"Accueil\",\"item\":\"https:\/\/www.csj-emballages.com\/de\/universum-lebensmittelverpackungen\/\"},{\"@type\":\"ListItem\",\"position\":2,\"name\":\"Shop\",\"item\":\"https:\/\/www.csj-emballages.com\/shop\/\"},{\"@type\":\"ListItem\",\"position\":3,\"name\":\"Puderfreier Nitrilhandschuh, rosa, Gr\u00f6\u00dfe L 8\/9, 100 St\u00fcck\"}]},{\"@type\":\"WebSite\",\"@id\":\"https:\/\/www.csj-emballages.com\/de\/#website\",\"url\":\"https:\/\/www.csj-emballages.com\/de\/\",\"name\":\"CSJ Emballages\",\"description\":\"\",\"publisher\":{\"@id\":\"https:\/\/www.csj-emballages.com\/de\/#organization\"},\"potentialAction\":[{\"@type\":\"SearchAction\",\"target\":{\"@type\":\"EntryPoint\",\"urlTemplate\":\"https:\/\/www.csj-emballages.com\/de\/?s={search_term_string}\"},\"query-input\":{\"@type\":\"PropertyValueSpecification\",\"valueRequired\":true,\"valueName\":\"search_term_string\"}}],\"inLanguage\":\"de\"},{\"@type\":\"Organization\",\"@id\":\"https:\/\/www.csj-emballages.com\/de\/#Organization\/\",\"name\":\"CSJ Emballages\",\"url\":\"https:\/\/www.csj-emballages.com\/de\/\",\"logo\":{\"@type\":\"ImageObject\",\"inLanguage\":\"de\",\"@id\":\"https:\/\/www.csj-emballages.com\/de\/#\/schema\/logo\/image\/\",\"url\":\"https:\/\/www.csj-emballages.com\/wp-content\/uploads\/2023\/10\/logo_csj.webp\",\"contentUrl\":\"https:\/\/www.csj-emballages.com\/wp-content\/uploads\/2023\/10\/logo_csj.webp\",\"width\":250,\"height\":95,\"caption\":\"CSJ Emballages\"},\"image\":{\"@id\":\"https:\/\/www.csj-emballages.com\/de\/#\/schema\/logo\/image\/\"},\"sameAs\":[\"https:\/\/www.facebook.com\/csjemballages\"],\"address\":{\"@type\":\"PostalAddress\",\"streetAddress\":\"ZI La Lechere\",\"addressLocality\":\"Patornay\",\"postalCode\":\"39130\",\"addressCountry\":\"FR\"},\"contactPoint\":[{\"@type\":\"ContactPoint\",\"contactType\":\"Service client\",\"telephone\":\"0384254272\",\"email\":\"contact@csj-emballages.com\"}]}]}<\/script>\n<!-- \/ Yoast SEO Premium plugin. -->","yoast_head_json":{"title":"Nitrilhandschuh, Puderfrei, Rosa, Gr\u00f6\u00dfe L 8\/9, 100 St\u00fcck","description":"Puderfreie Nitrilhandschuhe, rosa, Gr\u00f6\u00dfe L 8\/9, beidh\u00e4ndig und medizinischer Qualit\u00e4t. Bieten Komfort, Pr\u00e4zision und optimalen Halt. 100er-Box.","robots":{"index":"index","follow":"follow","max-snippet":"max-snippet:-1","max-image-preview":"max-image-preview:large","max-video-preview":"max-video-preview:-1"},"canonical":"https:\/\/www.csj-emballages.com\/de\/produit\/100-nitrilhandschuhe-puderfrei-rosa-breit-8-9\/","og_locale":"de_DE","og_type":"article","og_title":"Puderfreier Nitrilhandschuh, rosa, Gr\u00f6\u00dfe L 8\/9, 100 St\u00fcck","og_description":"Puderfreie Nitrilhandschuhe, rosa, Gr\u00f6\u00dfe L 8\/9, beidh\u00e4ndig und medizinischer Qualit\u00e4t. Bieten Komfort, Pr\u00e4zision und optimalen Halt. 100er-Box.","og_url":"https:\/\/www.csj-emballages.com\/de\/produit\/100-nitrilhandschuhe-puderfrei-rosa-breit-8-9\/","og_site_name":"CSJ Emballages","article_publisher":"https:\/\/www.facebook.com\/csjemballages","article_modified_time":"2026-03-12T15:26:29+00:00","og_image":[{"width":800,"height":800,"url":"https:\/\/www.csj-emballages.com\/wp-content\/uploads\/2024\/03\/Gant-nitrile-rose.webp","type":"image\/webp"}],"twitter_card":"summary_large_image","twitter_misc":{"Gesch\u00e4tzte Lesezeit":"2 Minuten"},"schema":{"@context":"https:\/\/schema.org","@graph":[{"@type":"WebPage","@id":"https:\/\/www.csj-emballages.com\/de\/produit\/100-nitrilhandschuhe-puderfrei-rosa-breit-8-9\/","url":"https:\/\/www.csj-emballages.com\/de\/produit\/100-nitrilhandschuhe-puderfrei-rosa-breit-8-9\/","name":"Nitrilhandschuh, Puderfrei, Rosa, Gr\u00f6\u00dfe L 8\/9, 100 St\u00fcck","isPartOf":{"@id":"https:\/\/www.csj-emballages.com\/de\/#website"},"primaryImageOfPage":{"@id":"https:\/\/www.csj-emballages.com\/de\/produit\/100-nitrilhandschuhe-puderfrei-rosa-breit-8-9\/#primaryimage"},"image":{"@id":"https:\/\/www.csj-emballages.com\/de\/produit\/100-nitrilhandschuhe-puderfrei-rosa-breit-8-9\/#primaryimage"},"thumbnailUrl":"https:\/\/www.csj-emballages.com\/wp-content\/uploads\/2024\/03\/Gant-nitrile-rose.webp","datePublished":"2024-03-01T15:53:06+00:00","dateModified":"2026-03-12T15:26:29+00:00","description":"Puderfreie Nitrilhandschuhe, rosa, Gr\u00f6\u00dfe L 8\/9, beidh\u00e4ndig und medizinischer Qualit\u00e4t. Bieten Komfort, Pr\u00e4zision und optimalen Halt. 100er-Box.","breadcrumb":{"@id":"https:\/\/www.csj-emballages.com\/de\/produit\/100-nitrilhandschuhe-puderfrei-rosa-breit-8-9\/#breadcrumb"},"inLanguage":"de","potentialAction":[{"@type":"ReadAction","target":["https:\/\/www.csj-emballages.com\/de\/produit\/100-nitrilhandschuhe-puderfrei-rosa-breit-8-9\/"]}]},{"@type":"ImageObject","inLanguage":"de","@id":"https:\/\/www.csj-emballages.com\/de\/produit\/100-nitrilhandschuhe-puderfrei-rosa-breit-8-9\/#primaryimage","url":"https:\/\/www.csj-emballages.com\/wp-content\/uploads\/2024\/03\/Gant-nitrile-rose.webp","contentUrl":"https:\/\/www.csj-emballages.com\/wp-content\/uploads\/2024\/03\/Gant-nitrile-rose.webp","width":800,"height":800,"caption":"Gant nitrile"},{"@type":"BreadcrumbList","@id":"https:\/\/www.csj-emballages.com\/de\/produit\/100-nitrilhandschuhe-puderfrei-rosa-breit-8-9\/#breadcrumb","itemListElement":[{"@type":"ListItem","position":1,"name":"Accueil","item":"https:\/\/www.csj-emballages.com\/de\/universum-lebensmittelverpackungen\/"},{"@type":"ListItem","position":2,"name":"Shop","item":"https:\/\/www.csj-emballages.com\/shop\/"},{"@type":"ListItem","position":3,"name":"Puderfreier Nitrilhandschuh, rosa, Gr\u00f6\u00dfe L 8\/9, 100 St\u00fcck"}]},{"@type":"WebSite","@id":"https:\/\/www.csj-emballages.com\/de\/#website","url":"https:\/\/www.csj-emballages.com\/de\/","name":"CSJ Emballages","description":"","publisher":{"@id":"https:\/\/www.csj-emballages.com\/de\/#organization"},"potentialAction":[{"@type":"SearchAction","target":{"@type":"EntryPoint","urlTemplate":"https:\/\/www.csj-emballages.com\/de\/?s={search_term_string}"},"query-input":{"@type":"PropertyValueSpecification","valueRequired":true,"valueName":"search_term_string"}}],"inLanguage":"de"},{"@type":"Organization","@id":"https:\/\/www.csj-emballages.com\/de\/#Organization\/","name":"CSJ Emballages","url":"https:\/\/www.csj-emballages.com\/de\/","logo":{"@type":"ImageObject","inLanguage":"de","@id":"https:\/\/www.csj-emballages.com\/de\/#\/schema\/logo\/image\/","url":"https:\/\/www.csj-emballages.com\/wp-content\/uploads\/2023\/10\/logo_csj.webp","contentUrl":"https:\/\/www.csj-emballages.com\/wp-content\/uploads\/2023\/10\/logo_csj.webp","width":250,"height":95,"caption":"CSJ Emballages"},"image":{"@id":"https:\/\/www.csj-emballages.com\/de\/#\/schema\/logo\/image\/"},"sameAs":["https:\/\/www.facebook.com\/csjemballages"],"address":{"@type":"PostalAddress","streetAddress":"ZI La Lechere","addressLocality":"Patornay","postalCode":"39130","addressCountry":"FR"},"contactPoint":[{"@type":"ContactPoint","contactType":"Service client","telephone":"0384254272","email":"contact@csj-emballages.com"}]}]}},"df_price":5.32,"df_sale_price":"","df_regular_price":5.32,"df_image_link":"https:\/\/www.csj-emballages.com\/wp-content\/uploads\/2024\/03\/Gant-nitrile-rose-300x300.webp","tiered_pricing_type":"fixed","tiered_pricing_fixed_rules":[],"tiered_pricing_percentage_rules":[],"tiered_pricing_minimum":1,"tiered_pricing_roles_data":[],"_links":{"self":[{"href":"https:\/\/www.csj-emballages.com\/de\/wp-json\/wp\/v2\/product\/21534","targetHints":{"allow":["GET"]}}],"collection":[{"href":"https:\/\/www.csj-emballages.com\/de\/wp-json\/wp\/v2\/product"}],"about":[{"href":"https:\/\/www.csj-emballages.com\/de\/wp-json\/wp\/v2\/types\/product"}],"wp:featuredmedia":[{"embeddable":true,"href":"https:\/\/www.csj-emballages.com\/de\/wp-json\/wp\/v2\/media\/262242"}],"wp:attachment":[{"href":"https:\/\/www.csj-emballages.com\/de\/wp-json\/wp\/v2\/media?parent=21534"}],"wp:term":[{"taxonomy":"product_brand","embeddable":true,"href":"https:\/\/www.csj-emballages.com\/de\/wp-json\/wp\/v2\/product_brand?post=21534"},{"taxonomy":"product_cat","embeddable":true,"href":"https:\/\/www.csj-emballages.com\/de\/wp-json\/wp\/v2\/product_cat?post=21534"},{"taxonomy":"product_tag","embeddable":true,"href":"https:\/\/www.csj-emballages.com\/de\/wp-json\/wp\/v2\/product_tag?post=21534"}],"curies":[{"name":"wp","href":"https:\/\/api.w.org\/{rel}","templated":true}]}}