{"id":21514,"date":"2024-03-01T16:53:06","date_gmt":"2024-03-01T15:53:06","guid":{"rendered":"https:\/\/u15jnbdpoq.preview.infomaniak.website\/produit\/100-nitrilhandschuhe-puderfrei-small-7\/"},"modified":"2026-04-24T12:00:57","modified_gmt":"2026-04-24T10:00:57","slug":"100-nitrilhandschuhe-puderfrei-small-7","status":"publish","type":"product","link":"https:\/\/www.csj-emballages.com\/de\/produit\/100-nitrilhandschuhe-puderfrei-small-7\/","title":{"rendered":"Nitrilhandschuh, ungepudert, Small 7, 100 St\u00fcck"},"content":{"rendered":"<h2>Nitrilhandschuh<\/h2>\n<hr>\n<h3>Entdecken Sie unseren ungepuderten Nitrilhandschuh, Small 7, 100 St\u00fcck.<\/h3>\n<p><!--more--><\/p>\n<p data-start=\"241\" data-end=\"591\">F\u00fcr anspruchsvolle Anwendungen konzipiert, bieten diese <strong data-start=\"276\" data-end=\"314\">ungepuderten Nitrilhandschuhe in Gr\u00f6\u00dfe S<\/strong> zuverl\u00e4ssigen Schutz und sind gleichzeitig angenehm im t\u00e4glichen Gebrauch. Ihr <strong data-start=\"410\" data-end=\"424\">ambidextres<\/strong> Design erm\u00f6glicht die Verwendung sowohl an der rechten als auch an der linken Hand, was die Handhabung vereinfacht und Zeit spart, insbesondere bei h\u00e4ufigem Wechsel. <\/p>\n<p data-start=\"593\" data-end=\"974\">Dank ihres <strong data-start=\"606\" data-end=\"620\">Rollrandes<\/strong> sitzen die <strong>Handschuhe<\/strong> nach dem Anziehen fest und minimieren das Risiko von Rissen am B\u00fcndchen. Dieses Detail verbessert zudem den Tragekomfort und verhindert ein Verrutschen des Handschuhs w\u00e4hrend des Gebrauchs. Dar\u00fcber hinaus gew\u00e4hrleistet die <strong data-start=\"838\" data-end=\"863\">rutschfeste Textur<\/strong> eine gute Kontrolle der Bewegungen, selbst in feuchten Umgebungen oder bei filigranen Manipulationen.  <\/p>\n<p data-start=\"976\" data-end=\"1287\">Die <strong data-start=\"980\" data-end=\"1009\">texturierten Fingerspitzen<\/strong> sorgen f\u00fcr besseren Halt und erh\u00f6hte Pr\u00e4zision. Dies erm\u00f6glicht die Handhabung von Objekten, Instrumenten oder Lebensmitteln mit mehr Kontrolle, ohne an Sensibilit\u00e4t zu verlieren. Diese Eigenschaft wird besonders in Bereichen gesch\u00e4tzt, in denen jede Bewegung z\u00e4hlt.  <\/p>\n<p data-start=\"1289\" data-end=\"1517\">Diese <strong>Handschuhe<\/strong> entsprechen <strong data-start=\"1315\" data-end=\"1335\">medizinischer Qualit\u00e4t<\/strong>, was ein hohes Ma\u00df an Hygiene und Sicherheit gew\u00e4hrleistet. Sie eignen sich sowohl f\u00fcr medizinisches Fachpersonal als auch f\u00fcr Berufe in der Gastronomie, Reinigung oder Industrie. <\/p>\n<p data-start=\"1519\" data-end=\"1776\">Schlie\u00dflich erfolgt das Ausziehen sicher: Es gen\u00fcgt, <strong data-start=\"1578\" data-end=\"1656\">das Ende des B\u00fcndchens umzuklappen und den Handschuh durch Umst\u00fclpen auszuziehen<\/strong>, um jeglichen Kontakt mit der Au\u00dfenfl\u00e4che zu vermeiden. Eine einfache und effektive Methode zur Begrenzung von Kontaminationen. <\/p>\n<p data-start=\"1519\" data-end=\"1776\">\n<p data-start=\"1624\" data-end=\"1834\"><!--more--><\/p>\n<h4 data-start=\"1624\" data-end=\"1834\">Vorteile :<\/h4>\n<ul>\n<li data-start=\"1804\" data-end=\"1839\"><strong>Ambidexter<\/strong>, praktisch in der Anwendung.<\/li>\n<li data-start=\"1842\" data-end=\"1880\"><strong>Rollrand<\/strong> f\u00fcr besseren Halt.<\/li>\n<li data-start=\"1883\" data-end=\"1928\">Rutschfeste Textur f\u00fcr mehr Kontrolle.<\/li>\n<li data-start=\"1931\" data-end=\"1976\"><strong>Texturierte Fingerspitzen<\/strong> f\u00fcr optimale Pr\u00e4zision.<\/li>\n<li data-start=\"1979\" data-end=\"1997\">Medizinische Qualit\u00e4t.<\/li>\n<li data-start=\"2000\" data-end=\"2045\">Sicheres Ausziehen f\u00fcr erh\u00f6hte Hygiene.<\/li>\n<\/ul>\n<p>&nbsp;<\/p>\n<p><!--more--><\/p>\n<h4>Weitere Informationen :<\/h4>\n<ul>\n<li><strong>Verpackung<\/strong>: Packung mit 100 St\u00fcck<\/li>\n<li><strong>Gr\u00f6\u00dfe<\/strong>: S<\/li>\n<li><strong>L\u00e4nge<\/strong>: 240 mm<\/li>\n<li><strong>Handfl\u00e4chenbreite<\/strong>: 85 mm<\/li>\n<li><strong>Gewicht<\/strong>: 3,2 g<\/li>\n<li><strong>Material<\/strong>: Nitril (ungepudert)<\/li>\n<\/ul>\n<p>&nbsp;<\/p>\n<p><!--more--><\/p>\n<p>Diese Nitrilhandschuhe in Gr\u00f6\u00dfe S sind in verschiedenen Gr\u00f6\u00dfen erh\u00e4ltlich: <span style=\"color: #d12727;\"><a style=\"color: #d12727;\" href=\"https:\/\/www.csj-emballages.com\/produit\/100-gants-nitriles-non-poudre-medium-8\/?_gl=1*1l0cctn*_up*MQ..*_ga*MTE0MzkzMTcuMTc2OTE3NTgwMQ..*_ga_YNVJLRSSZT*czE3NjkxNzU4MDAkbzEkZzAkdDE3NjkxNzU4MDAkajYwJGwwJGgxMzE3MzAwMTYx\">Medium<\/a><\/span> \/ <span style=\"color: #d12727;\"><a style=\"color: #d12727;\" href=\"https:\/\/www.csj-emballages.com\/produit\/100-gants-nitriles-non-poudre-large-9\/?_gl=1*1l0cctn*_up*MQ..*_ga*MTE0MzkzMTcuMTc2OTE3NTgwMQ..*_ga_YNVJLRSSZT*czE3NjkxNzU4MDAkbzEkZzAkdDE3NjkxNzU4MDAkajYwJGwwJGgxMzE3MzAwMTYx\">Large<\/a><\/span> \/ <span style=\"color: #d12727;\"><a style=\"color: #d12727;\" href=\"https:\/\/www.csj-emballages.com\/produit\/100-gants-nitriles-non-poudre-extra-large-10\/?_gl=1*1l0cctn*_up*MQ..*_ga*MTE0MzkzMTcuMTc2OTE3NTgwMQ..*_ga_YNVJLRSSZT*czE3NjkxNzU4MDAkbzEkZzAkdDE3NjkxNzU4MDAkajYwJGwwJGgxMzE3MzAwMTYx\">Extra large<\/a><\/span><\/p>\n<p>&nbsp;<\/p>\n<p><!--more--><\/p>\n<p><a href=\"https:\/\/www.csj-emballages.com\/categorie-produit\/hygiene-et-entretiens\/equipements-individuels\/gants\/gants-nitrile\/?_gl=1*61uc40*_up*MQ..*_ga*MTQ3Nzg2NjAwNy4xNzY5MTc1NTE0*_ga_YNVJLRSSZT*czE3NjkxNzU1MTMkbzEkZzAkdDE3NjkxNzU1MTMkajYwJGwwJGgyMDczNzc3MTA.\">Entdecken Sie unser gesamtes Sortiment an Nitrilhandschuhen<\/a><\/p>\n","protected":false},"excerpt":{"rendered":"<p>Nitrilhandschuh Entdecken Sie unseren ungepuderten Nitrilhandschuh, Small 7, 100 St\u00fcck.<\/p>\n","protected":false},"featured_media":262222,"template":"","meta":{"_acf_changed":false},"product_brand":[],"product_cat":[1218,2348,2696,2740],"product_tag":[],"class_list":{"0":"post-21514","1":"product","2":"type-product","3":"status-publish","4":"has-post-thumbnail","6":"product_cat-hygiene-und-pflege","7":"product_cat-individuelle-ausstattung","8":"product_cat-handschuhe","9":"product_cat-nitril-handschuhe","11":"first","12":"instock","13":"taxable","14":"shipping-taxable","15":"purchasable","16":"product-type-simple"},"acf":[],"yoast_head":"<!-- This site is optimized with the Yoast SEO Premium plugin v26.6 (Yoast SEO v26.6) - https:\/\/yoast.com\/wordpress\/plugins\/seo\/ -->\n<title>Nitrilhandschuh, ungepudert, Small 7, 100 St\u00fcck<\/title>\n<meta name=\"description\" content=\"Ungepuderte Nitrilhandschuhe in Gr\u00f6\u00dfe S, ambidexter und von medizinischer Qualit\u00e4t. Rutschfeste Textur, texturierte Fingerspitzen und sicheres Ausziehen. 100 St\u00fcck pro Box.\" \/>\n<meta name=\"robots\" content=\"index, follow, max-snippet:-1, max-image-preview:large, max-video-preview:-1\" \/>\n<link rel=\"canonical\" href=\"https:\/\/www.csj-emballages.com\/de\/produit\/100-nitrilhandschuhe-puderfrei-small-7\/\" \/>\n<meta property=\"og:locale\" content=\"de_DE\" \/>\n<meta property=\"og:type\" content=\"article\" \/>\n<meta property=\"og:title\" content=\"Nitrilhandschuh, ungepudert, Small 7, 100 St\u00fcck\" \/>\n<meta property=\"og:description\" content=\"Ungepuderte Nitrilhandschuhe in Gr\u00f6\u00dfe S, ambidexter und von medizinischer Qualit\u00e4t. Rutschfeste Textur, texturierte Fingerspitzen und sicheres Ausziehen. 100 St\u00fcck pro Box.\" \/>\n<meta property=\"og:url\" content=\"https:\/\/www.csj-emballages.com\/de\/produit\/100-nitrilhandschuhe-puderfrei-small-7\/\" \/>\n<meta property=\"og:site_name\" content=\"CSJ Emballages\" \/>\n<meta property=\"article:publisher\" content=\"https:\/\/www.facebook.com\/csjemballages\" \/>\n<meta property=\"article:modified_time\" content=\"2026-04-24T10:00:57+00:00\" \/>\n<meta property=\"og:image\" content=\"https:\/\/www.csj-emballages.com\/wp-content\/uploads\/2024\/03\/Gant-nitrile.webp\" \/>\n\t<meta property=\"og:image:width\" content=\"800\" \/>\n\t<meta property=\"og:image:height\" content=\"800\" \/>\n\t<meta property=\"og:image:type\" content=\"image\/webp\" \/>\n<meta name=\"twitter:card\" content=\"summary_large_image\" \/>\n<meta name=\"twitter:label1\" content=\"Gesch\u00e4tzte Lesezeit\" \/>\n\t<meta name=\"twitter:data1\" content=\"2 Minuten\" \/>\n<script type=\"application\/ld+json\" class=\"yoast-schema-graph\">{\"@context\":\"https:\/\/schema.org\",\"@graph\":[{\"@type\":\"WebPage\",\"@id\":\"https:\/\/www.csj-emballages.com\/de\/produit\/100-nitrilhandschuhe-puderfrei-small-7\/\",\"url\":\"https:\/\/www.csj-emballages.com\/de\/produit\/100-nitrilhandschuhe-puderfrei-small-7\/\",\"name\":\"Nitrilhandschuh, ungepudert, Small 7, 100 St\u00fcck\",\"isPartOf\":{\"@id\":\"https:\/\/www.csj-emballages.com\/de\/#website\"},\"primaryImageOfPage\":{\"@id\":\"https:\/\/www.csj-emballages.com\/de\/produit\/100-nitrilhandschuhe-puderfrei-small-7\/#primaryimage\"},\"image\":{\"@id\":\"https:\/\/www.csj-emballages.com\/de\/produit\/100-nitrilhandschuhe-puderfrei-small-7\/#primaryimage\"},\"thumbnailUrl\":\"https:\/\/www.csj-emballages.com\/wp-content\/uploads\/2024\/03\/Gant-nitrile.webp\",\"datePublished\":\"2024-03-01T15:53:06+00:00\",\"dateModified\":\"2026-04-24T10:00:57+00:00\",\"description\":\"Ungepuderte Nitrilhandschuhe in Gr\u00f6\u00dfe S, ambidexter und von medizinischer Qualit\u00e4t. Rutschfeste Textur, texturierte Fingerspitzen und sicheres Ausziehen. 100 St\u00fcck pro Box.\",\"breadcrumb\":{\"@id\":\"https:\/\/www.csj-emballages.com\/de\/produit\/100-nitrilhandschuhe-puderfrei-small-7\/#breadcrumb\"},\"inLanguage\":\"de\",\"potentialAction\":[{\"@type\":\"ReadAction\",\"target\":[\"https:\/\/www.csj-emballages.com\/de\/produit\/100-nitrilhandschuhe-puderfrei-small-7\/\"]}]},{\"@type\":\"ImageObject\",\"inLanguage\":\"de\",\"@id\":\"https:\/\/www.csj-emballages.com\/de\/produit\/100-nitrilhandschuhe-puderfrei-small-7\/#primaryimage\",\"url\":\"https:\/\/www.csj-emballages.com\/wp-content\/uploads\/2024\/03\/Gant-nitrile.webp\",\"contentUrl\":\"https:\/\/www.csj-emballages.com\/wp-content\/uploads\/2024\/03\/Gant-nitrile.webp\",\"width\":800,\"height\":800,\"caption\":\"Gant nitrile\"},{\"@type\":\"BreadcrumbList\",\"@id\":\"https:\/\/www.csj-emballages.com\/de\/produit\/100-nitrilhandschuhe-puderfrei-small-7\/#breadcrumb\",\"itemListElement\":[{\"@type\":\"ListItem\",\"position\":1,\"name\":\"Accueil\",\"item\":\"https:\/\/www.csj-emballages.com\/de\/universum-lebensmittelverpackungen\/\"},{\"@type\":\"ListItem\",\"position\":2,\"name\":\"Shop\",\"item\":\"https:\/\/www.csj-emballages.com\/shop\/\"},{\"@type\":\"ListItem\",\"position\":3,\"name\":\"Nitrilhandschuh, ungepudert, Small 7, 100 St\u00fcck\"}]},{\"@type\":\"WebSite\",\"@id\":\"https:\/\/www.csj-emballages.com\/de\/#website\",\"url\":\"https:\/\/www.csj-emballages.com\/de\/\",\"name\":\"CSJ Emballages\",\"description\":\"\",\"publisher\":{\"@id\":\"https:\/\/www.csj-emballages.com\/de\/#organization\"},\"potentialAction\":[{\"@type\":\"SearchAction\",\"target\":{\"@type\":\"EntryPoint\",\"urlTemplate\":\"https:\/\/www.csj-emballages.com\/de\/?s={search_term_string}\"},\"query-input\":{\"@type\":\"PropertyValueSpecification\",\"valueRequired\":true,\"valueName\":\"search_term_string\"}}],\"inLanguage\":\"de\"},{\"@type\":\"Organization\",\"@id\":\"https:\/\/www.csj-emballages.com\/de\/#Organization\/\",\"name\":\"CSJ Emballages\",\"url\":\"https:\/\/www.csj-emballages.com\/de\/\",\"logo\":{\"@type\":\"ImageObject\",\"inLanguage\":\"de\",\"@id\":\"https:\/\/www.csj-emballages.com\/de\/#\/schema\/logo\/image\/\",\"url\":\"https:\/\/www.csj-emballages.com\/wp-content\/uploads\/2023\/10\/logo_csj.webp\",\"contentUrl\":\"https:\/\/www.csj-emballages.com\/wp-content\/uploads\/2023\/10\/logo_csj.webp\",\"width\":250,\"height\":95,\"caption\":\"CSJ Emballages\"},\"image\":{\"@id\":\"https:\/\/www.csj-emballages.com\/de\/#\/schema\/logo\/image\/\"},\"sameAs\":[\"https:\/\/www.facebook.com\/csjemballages\"],\"address\":{\"@type\":\"PostalAddress\",\"streetAddress\":\"ZI La Lechere\",\"addressLocality\":\"Patornay\",\"postalCode\":\"39130\",\"addressCountry\":\"FR\"},\"contactPoint\":[{\"@type\":\"ContactPoint\",\"contactType\":\"Service client\",\"telephone\":\"0384254272\",\"email\":\"contact@csj-emballages.com\"}]}]}<\/script>\n<!-- \/ Yoast SEO Premium plugin. -->","yoast_head_json":{"title":"Nitrilhandschuh, ungepudert, Small 7, 100 St\u00fcck","description":"Ungepuderte Nitrilhandschuhe in Gr\u00f6\u00dfe S, ambidexter und von medizinischer Qualit\u00e4t. Rutschfeste Textur, texturierte Fingerspitzen und sicheres Ausziehen. 100 St\u00fcck pro Box.","robots":{"index":"index","follow":"follow","max-snippet":"max-snippet:-1","max-image-preview":"max-image-preview:large","max-video-preview":"max-video-preview:-1"},"canonical":"https:\/\/www.csj-emballages.com\/de\/produit\/100-nitrilhandschuhe-puderfrei-small-7\/","og_locale":"de_DE","og_type":"article","og_title":"Nitrilhandschuh, ungepudert, Small 7, 100 St\u00fcck","og_description":"Ungepuderte Nitrilhandschuhe in Gr\u00f6\u00dfe S, ambidexter und von medizinischer Qualit\u00e4t. Rutschfeste Textur, texturierte Fingerspitzen und sicheres Ausziehen. 100 St\u00fcck pro Box.","og_url":"https:\/\/www.csj-emballages.com\/de\/produit\/100-nitrilhandschuhe-puderfrei-small-7\/","og_site_name":"CSJ Emballages","article_publisher":"https:\/\/www.facebook.com\/csjemballages","article_modified_time":"2026-04-24T10:00:57+00:00","og_image":[{"width":800,"height":800,"url":"https:\/\/www.csj-emballages.com\/wp-content\/uploads\/2024\/03\/Gant-nitrile.webp","type":"image\/webp"}],"twitter_card":"summary_large_image","twitter_misc":{"Gesch\u00e4tzte Lesezeit":"2 Minuten"},"schema":{"@context":"https:\/\/schema.org","@graph":[{"@type":"WebPage","@id":"https:\/\/www.csj-emballages.com\/de\/produit\/100-nitrilhandschuhe-puderfrei-small-7\/","url":"https:\/\/www.csj-emballages.com\/de\/produit\/100-nitrilhandschuhe-puderfrei-small-7\/","name":"Nitrilhandschuh, ungepudert, Small 7, 100 St\u00fcck","isPartOf":{"@id":"https:\/\/www.csj-emballages.com\/de\/#website"},"primaryImageOfPage":{"@id":"https:\/\/www.csj-emballages.com\/de\/produit\/100-nitrilhandschuhe-puderfrei-small-7\/#primaryimage"},"image":{"@id":"https:\/\/www.csj-emballages.com\/de\/produit\/100-nitrilhandschuhe-puderfrei-small-7\/#primaryimage"},"thumbnailUrl":"https:\/\/www.csj-emballages.com\/wp-content\/uploads\/2024\/03\/Gant-nitrile.webp","datePublished":"2024-03-01T15:53:06+00:00","dateModified":"2026-04-24T10:00:57+00:00","description":"Ungepuderte Nitrilhandschuhe in Gr\u00f6\u00dfe S, ambidexter und von medizinischer Qualit\u00e4t. Rutschfeste Textur, texturierte Fingerspitzen und sicheres Ausziehen. 100 St\u00fcck pro Box.","breadcrumb":{"@id":"https:\/\/www.csj-emballages.com\/de\/produit\/100-nitrilhandschuhe-puderfrei-small-7\/#breadcrumb"},"inLanguage":"de","potentialAction":[{"@type":"ReadAction","target":["https:\/\/www.csj-emballages.com\/de\/produit\/100-nitrilhandschuhe-puderfrei-small-7\/"]}]},{"@type":"ImageObject","inLanguage":"de","@id":"https:\/\/www.csj-emballages.com\/de\/produit\/100-nitrilhandschuhe-puderfrei-small-7\/#primaryimage","url":"https:\/\/www.csj-emballages.com\/wp-content\/uploads\/2024\/03\/Gant-nitrile.webp","contentUrl":"https:\/\/www.csj-emballages.com\/wp-content\/uploads\/2024\/03\/Gant-nitrile.webp","width":800,"height":800,"caption":"Gant nitrile"},{"@type":"BreadcrumbList","@id":"https:\/\/www.csj-emballages.com\/de\/produit\/100-nitrilhandschuhe-puderfrei-small-7\/#breadcrumb","itemListElement":[{"@type":"ListItem","position":1,"name":"Accueil","item":"https:\/\/www.csj-emballages.com\/de\/universum-lebensmittelverpackungen\/"},{"@type":"ListItem","position":2,"name":"Shop","item":"https:\/\/www.csj-emballages.com\/shop\/"},{"@type":"ListItem","position":3,"name":"Nitrilhandschuh, ungepudert, Small 7, 100 St\u00fcck"}]},{"@type":"WebSite","@id":"https:\/\/www.csj-emballages.com\/de\/#website","url":"https:\/\/www.csj-emballages.com\/de\/","name":"CSJ Emballages","description":"","publisher":{"@id":"https:\/\/www.csj-emballages.com\/de\/#organization"},"potentialAction":[{"@type":"SearchAction","target":{"@type":"EntryPoint","urlTemplate":"https:\/\/www.csj-emballages.com\/de\/?s={search_term_string}"},"query-input":{"@type":"PropertyValueSpecification","valueRequired":true,"valueName":"search_term_string"}}],"inLanguage":"de"},{"@type":"Organization","@id":"https:\/\/www.csj-emballages.com\/de\/#Organization\/","name":"CSJ Emballages","url":"https:\/\/www.csj-emballages.com\/de\/","logo":{"@type":"ImageObject","inLanguage":"de","@id":"https:\/\/www.csj-emballages.com\/de\/#\/schema\/logo\/image\/","url":"https:\/\/www.csj-emballages.com\/wp-content\/uploads\/2023\/10\/logo_csj.webp","contentUrl":"https:\/\/www.csj-emballages.com\/wp-content\/uploads\/2023\/10\/logo_csj.webp","width":250,"height":95,"caption":"CSJ Emballages"},"image":{"@id":"https:\/\/www.csj-emballages.com\/de\/#\/schema\/logo\/image\/"},"sameAs":["https:\/\/www.facebook.com\/csjemballages"],"address":{"@type":"PostalAddress","streetAddress":"ZI La Lechere","addressLocality":"Patornay","postalCode":"39130","addressCountry":"FR"},"contactPoint":[{"@type":"ContactPoint","contactType":"Service client","telephone":"0384254272","email":"contact@csj-emballages.com"}]}]}},"df_price":4.14,"df_sale_price":"","df_regular_price":4.14,"df_image_link":"https:\/\/www.csj-emballages.com\/wp-content\/uploads\/2024\/03\/Gant-nitrile-300x300.webp","tiered_pricing_type":"fixed","tiered_pricing_fixed_rules":[],"tiered_pricing_percentage_rules":[],"tiered_pricing_minimum":1,"tiered_pricing_roles_data":[],"_links":{"self":[{"href":"https:\/\/www.csj-emballages.com\/de\/wp-json\/wp\/v2\/product\/21514","targetHints":{"allow":["GET"]}}],"collection":[{"href":"https:\/\/www.csj-emballages.com\/de\/wp-json\/wp\/v2\/product"}],"about":[{"href":"https:\/\/www.csj-emballages.com\/de\/wp-json\/wp\/v2\/types\/product"}],"wp:featuredmedia":[{"embeddable":true,"href":"https:\/\/www.csj-emballages.com\/de\/wp-json\/wp\/v2\/media\/262222"}],"wp:attachment":[{"href":"https:\/\/www.csj-emballages.com\/de\/wp-json\/wp\/v2\/media?parent=21514"}],"wp:term":[{"taxonomy":"product_brand","embeddable":true,"href":"https:\/\/www.csj-emballages.com\/de\/wp-json\/wp\/v2\/product_brand?post=21514"},{"taxonomy":"product_cat","embeddable":true,"href":"https:\/\/www.csj-emballages.com\/de\/wp-json\/wp\/v2\/product_cat?post=21514"},{"taxonomy":"product_tag","embeddable":true,"href":"https:\/\/www.csj-emballages.com\/de\/wp-json\/wp\/v2\/product_tag?post=21514"}],"curies":[{"name":"wp","href":"https:\/\/api.w.org\/{rel}","templated":true}]}}