{"id":21419,"date":"2024-03-01T16:53:12","date_gmt":"2024-03-01T15:53:12","guid":{"rendered":"https:\/\/u15jnbdpoq.preview.infomaniak.website\/produit\/1-paar-haushaltshandschuhe-aus-latex-rosa-groesse-7-8-m\/"},"modified":"2026-04-29T02:15:06","modified_gmt":"2026-04-29T00:15:06","slug":"1-paar-haushaltshandschuhe-aus-latex-rosa-groesse-7-8-m","status":"publish","type":"product","link":"https:\/\/www.csj-emballages.com\/de\/produit\/1-paar-haushaltshandschuhe-aus-latex-rosa-groesse-7-8-m\/","title":{"rendered":"Haushaltshandschuh rosa Latex Gr\u00f6\u00dfe M 7\/8"},"content":{"rendered":"<h2>Haushaltshandschuh<\/h2>\n<hr>\n<h3>Entdecken Sie unseren Haushaltshandschuh aus rosa Latex, Gr\u00f6\u00dfe M 7\/8<\/h3>\n<p><!--more--><\/p>\n<p data-start=\"190\" data-end=\"582\">Diese <strong data-start=\"194\" data-end=\"227\">Haushaltshandschuhe aus rosa Latex<\/strong>, Gr\u00f6\u00dfe <strong>M 7\/8<\/strong>, sind darauf ausgelegt, allt\u00e4gliche Aufgaben komfortabler und effizienter zu gestalten. Dank ihrer <strong data-start=\"345\" data-end=\"365\">anatomischen Form<\/strong> passen sie sich nat\u00fcrlich der Hand an, was freie Bewegung ohne Steifigkeitsgef\u00fchl erm\u00f6glicht. Ob f\u00fcr den Haushalt, den Abwasch oder intensivere Reinigungsarbeiten \u2013 sie bieten bei jeder Bewegung echten Komfort.  <\/p>\n<p data-start=\"584\" data-end=\"889\">Innen sorgt die <strong data-start=\"602\" data-end=\"623\">Baumwollbeflockung<\/strong> f\u00fcr sofortigen Komfort. Die H\u00e4nde bleiben auch bei l\u00e4ngerem Gebrauch angenehm und das Anziehen erfolgt m\u00fchelos. Zudem reduziert diese Verarbeitung das Gef\u00fchl von Feuchtigkeit, was besonders bei l\u00e4ngerem Tragen der Handschuhe von Vorteil ist.  <\/p>\n<p data-start=\"891\" data-end=\"1229\">Au\u00dfen sorgen die <strong data-start=\"910\" data-end=\"947\">rutschfesten Handfl\u00e4chen und Finger<\/strong> f\u00fcr einen guten Griff. Gegenst\u00e4nde rutschen weniger, was die Arbeit sicherer und pr\u00e4ziser macht, selbst auf nassen oder seifigen Oberfl\u00e4chen. Die <strong data-start=\"1109\" data-end=\"1139\">leicht gepuderte Oberfl\u00e4che<\/strong> verleiht eine sanfte Haptik und erleichtert die Handhabung, w\u00e4hrend sie ein klebriges Gef\u00fchl verhindert.  <\/p>\n<p data-start=\"1231\" data-end=\"1566\">Der <strong data-start=\"1234\" data-end=\"1257\">gerade Schnittrand<\/strong> sorgt f\u00fcr einen einfachen und effektiven Halt am Handgelenk, ohne \u00fcberm\u00e4\u00dfigen Druck. Die <strong>Handschuhe<\/strong> sitzen gut und lassen sich nach getaner Arbeit leicht ausziehen. Neben ihrer praktischen Seite verleiht ihre <strong data-start=\"1460\" data-end=\"1476\">rosafarbene Farbe<\/strong> einen Hauch von Frische und guter Laune, fernab von zu neutralen klassischen Handschuhen.  <\/p>\n<p data-start=\"1568\" data-end=\"1745\">Zusammenfassend vereinen diese <strong>Haushaltshandschuhe<\/strong> Komfort, Griffigkeit und Flexibilit\u00e4t, um alle Hausarbeiten effizient zu erledigen, ohne Kompromisse beim Wohlbefinden der H\u00e4nde einzugehen.<\/p>\n<p data-start=\"1568\" data-end=\"1745\"><!--more--><\/p>\n<h4 data-start=\"1568\" data-end=\"1745\">Vorteile :<\/h4>\n<ul>\n<li data-start=\"1773\" data-end=\"1817\">Anatomische Form f\u00fcr besseren Komfort.<\/li>\n<li data-start=\"1820\" data-end=\"1864\"><strong>Innen mit Baumwolle beflockt<\/strong>, angenehm zu tragen.<\/li>\n<li data-start=\"1867\" data-end=\"1899\">Rutschfeste Handfl\u00e4chen und Finger.<\/li>\n<li data-start=\"1902\" data-end=\"1942\">Leicht gepuderte Au\u00dfenfl\u00e4che.<\/li>\n<li data-start=\"1945\" data-end=\"1986\">Gerader Schnittrand f\u00fcr guten Halt.<\/li>\n<li data-start=\"1989\" data-end=\"2031\"><strong>Gr\u00f6\u00dfe M 7\/8<\/strong>, ideal f\u00fcr zarte H\u00e4nde.<\/li>\n<\/ul>\n<p>&nbsp;<\/p>\n<p><!--more--><\/p>\n<h4>Weitere Informationen :<\/h4>\n<ul>\n<li><strong>Verpackungseinheit<\/strong>: 1 Paar Handschuhe<\/li>\n<li><strong>Gr\u00f6\u00dfe<\/strong> : M<\/li>\n<li><strong>L\u00e4nge<\/strong>: 300 mm<\/li>\n<li><strong>Handfl\u00e4chenbreite<\/strong>: 105 mm<\/li>\n<li><strong>Material<\/strong>: Latex \/ Baumwolle<\/li>\n<\/ul>\n<p>&nbsp;<\/p>\n<p><!--more--><\/p>\n<p>Diese Haushaltshandschuhe der Gr\u00f6\u00dfe M sind in verschiedenen Gr\u00f6\u00dfen erh\u00e4ltlich: <span style=\"color: #d12727;\"><a style=\"color: #d12727;\" href=\"https:\/\/www.csj-emballages.com\/produit\/1-paire-de-gant-de-menage-latex-rose-taille-6-7-s\/?_gl=1*13b9sjf*_up*MQ..*_ga*MzczNDY1Mjg5LjE3Njk2OTI0MzE.*_ga_YNVJLRSSZT*czE3Njk2OTI0MzEkbzEkZzAkdDE3Njk2OTI1MzYkajYwJGwwJGg0MTA2MDUyMjE.\">Small<\/a><\/span> \/ <span style=\"color: #d12727;\"><a style=\"color: #d12727;\" href=\"https:\/\/www.csj-emballages.com\/produit\/1-paire-de-gant-menage-latex-jaune-taille-8-9-l\/?_gl=1*1szwcb1*_up*MQ..*_ga*MzczNDY1Mjg5LjE3Njk2OTI0MzE.*_ga_YNVJLRSSZT*czE3Njk2OTI0MzEkbzEkZzAkdDE3Njk2OTI0MzkkajUyJGwwJGg0MTA2MDUyMjE.\">Large<\/a> <span style=\"color: #000000;\">\/<\/span> <a style=\"color: #d12727;\" href=\"https:\/\/www.csj-emballages.com\/produit\/1-paire-de-gant-menage-latex-jaune-taille-9-10-xl\/?_gl=1*1szwcb1*_up*MQ..*_ga*MzczNDY1Mjg5LjE3Njk2OTI0MzE.*_ga_YNVJLRSSZT*czE3Njk2OTI0MzEkbzEkZzAkdDE3Njk2OTI0MzkkajUyJGwwJGg0MTA2MDUyMjE.\">Extra Large<\/a><\/span><\/p>\n<p>&nbsp;<\/p>\n<p><!--more--><\/p>\n<p><a href=\"https:\/\/www.csj-emballages.com\/categorie-produit\/hygiene-et-entretiens\/equipements-individuels\/gants\/gants-de-menage\/?_gl=1*12f028a*_up*MQ..*_ga*MzczNDY1Mjg5LjE3Njk2OTI0MzE.*_ga_YNVJLRSSZT*czE3Njk2OTI0MzEkbzEkZzAkdDE3Njk2OTI0MzEkajYwJGwwJGg0MTA2MDUyMjE.\">Entdecken Sie den Rest unseres Sortiments an Haushaltshandschuhen<\/a><\/p>\n","protected":false},"excerpt":{"rendered":"<p>Haushaltshandschuh Entdecken Sie unseren Haushaltshandschuh aus rosa Latex, Gr\u00f6\u00dfe M 7\/8<\/p>\n","protected":false},"featured_media":262771,"template":"","meta":{"_acf_changed":false},"product_brand":[],"product_cat":[1218,2348,2696,2697],"product_tag":[],"class_list":{"0":"post-21419","1":"product","2":"type-product","3":"status-publish","4":"has-post-thumbnail","6":"product_cat-hygiene-und-pflege","7":"product_cat-individuelle-ausstattung","8":"product_cat-handschuhe","9":"product_cat-haushaltshandschuhe","11":"first","12":"instock","13":"taxable","14":"shipping-taxable","15":"purchasable","16":"product-type-simple"},"acf":[],"yoast_head":"<!-- This site is optimized with the Yoast SEO Premium plugin v26.6 (Yoast SEO v26.6) - https:\/\/yoast.com\/wordpress\/plugins\/seo\/ -->\n<title>Haushaltshandschuh Latex Rosa Gr\u00f6\u00dfe M 7\/8<\/title>\n<meta name=\"description\" content=\"Haushaltshandschuhe aus rosa Latex, Gr\u00f6\u00dfe M 7\/8, bequem und rutschfest. Baumwoll-Innenfutter, anatomische Form und guter Halt im Alltag.\" \/>\n<meta name=\"robots\" content=\"index, follow, max-snippet:-1, max-image-preview:large, max-video-preview:-1\" \/>\n<link rel=\"canonical\" href=\"https:\/\/www.csj-emballages.com\/de\/produit\/1-paar-haushaltshandschuhe-aus-latex-rosa-groesse-7-8-m\/\" \/>\n<meta property=\"og:locale\" content=\"de_DE\" \/>\n<meta property=\"og:type\" content=\"article\" \/>\n<meta property=\"og:title\" content=\"Haushaltshandschuh rosa Latex Gr\u00f6\u00dfe M 7\/8\" \/>\n<meta property=\"og:description\" content=\"Haushaltshandschuhe aus rosa Latex, Gr\u00f6\u00dfe M 7\/8, bequem und rutschfest. Baumwoll-Innenfutter, anatomische Form und guter Halt im Alltag.\" \/>\n<meta property=\"og:url\" content=\"https:\/\/www.csj-emballages.com\/de\/produit\/1-paar-haushaltshandschuhe-aus-latex-rosa-groesse-7-8-m\/\" \/>\n<meta property=\"og:site_name\" content=\"CSJ Emballages\" \/>\n<meta property=\"article:publisher\" content=\"https:\/\/www.facebook.com\/csjemballages\" \/>\n<meta property=\"article:modified_time\" content=\"2026-04-29T00:15:06+00:00\" \/>\n<meta property=\"og:image\" content=\"https:\/\/www.csj-emballages.com\/wp-content\/uploads\/2024\/03\/Gant-de-menage.webp\" \/>\n\t<meta property=\"og:image:width\" content=\"800\" \/>\n\t<meta property=\"og:image:height\" content=\"800\" \/>\n\t<meta property=\"og:image:type\" content=\"image\/webp\" \/>\n<meta name=\"twitter:card\" content=\"summary_large_image\" \/>\n<meta name=\"twitter:label1\" content=\"Gesch\u00e4tzte Lesezeit\" \/>\n\t<meta name=\"twitter:data1\" content=\"2 Minuten\" \/>\n<script type=\"application\/ld+json\" class=\"yoast-schema-graph\">{\"@context\":\"https:\/\/schema.org\",\"@graph\":[{\"@type\":\"WebPage\",\"@id\":\"https:\/\/www.csj-emballages.com\/de\/produit\/1-paar-haushaltshandschuhe-aus-latex-rosa-groesse-7-8-m\/\",\"url\":\"https:\/\/www.csj-emballages.com\/de\/produit\/1-paar-haushaltshandschuhe-aus-latex-rosa-groesse-7-8-m\/\",\"name\":\"Haushaltshandschuh Latex Rosa Gr\u00f6\u00dfe M 7\/8\",\"isPartOf\":{\"@id\":\"https:\/\/www.csj-emballages.com\/de\/#website\"},\"primaryImageOfPage\":{\"@id\":\"https:\/\/www.csj-emballages.com\/de\/produit\/1-paar-haushaltshandschuhe-aus-latex-rosa-groesse-7-8-m\/#primaryimage\"},\"image\":{\"@id\":\"https:\/\/www.csj-emballages.com\/de\/produit\/1-paar-haushaltshandschuhe-aus-latex-rosa-groesse-7-8-m\/#primaryimage\"},\"thumbnailUrl\":\"https:\/\/www.csj-emballages.com\/wp-content\/uploads\/2024\/03\/Gant-de-menage.webp\",\"datePublished\":\"2024-03-01T15:53:12+00:00\",\"dateModified\":\"2026-04-29T00:15:06+00:00\",\"description\":\"Haushaltshandschuhe aus rosa Latex, Gr\u00f6\u00dfe M 7\/8, bequem und rutschfest. Baumwoll-Innenfutter, anatomische Form und guter Halt im Alltag.\",\"breadcrumb\":{\"@id\":\"https:\/\/www.csj-emballages.com\/de\/produit\/1-paar-haushaltshandschuhe-aus-latex-rosa-groesse-7-8-m\/#breadcrumb\"},\"inLanguage\":\"de\",\"potentialAction\":[{\"@type\":\"ReadAction\",\"target\":[\"https:\/\/www.csj-emballages.com\/de\/produit\/1-paar-haushaltshandschuhe-aus-latex-rosa-groesse-7-8-m\/\"]}]},{\"@type\":\"ImageObject\",\"inLanguage\":\"de\",\"@id\":\"https:\/\/www.csj-emballages.com\/de\/produit\/1-paar-haushaltshandschuhe-aus-latex-rosa-groesse-7-8-m\/#primaryimage\",\"url\":\"https:\/\/www.csj-emballages.com\/wp-content\/uploads\/2024\/03\/Gant-de-menage.webp\",\"contentUrl\":\"https:\/\/www.csj-emballages.com\/wp-content\/uploads\/2024\/03\/Gant-de-menage.webp\",\"width\":800,\"height\":800,\"caption\":\"Gant de m\u00e9nage\"},{\"@type\":\"BreadcrumbList\",\"@id\":\"https:\/\/www.csj-emballages.com\/de\/produit\/1-paar-haushaltshandschuhe-aus-latex-rosa-groesse-7-8-m\/#breadcrumb\",\"itemListElement\":[{\"@type\":\"ListItem\",\"position\":1,\"name\":\"Accueil\",\"item\":\"https:\/\/www.csj-emballages.com\/de\/universum-lebensmittelverpackungen\/\"},{\"@type\":\"ListItem\",\"position\":2,\"name\":\"Shop\",\"item\":\"https:\/\/www.csj-emballages.com\/shop\/\"},{\"@type\":\"ListItem\",\"position\":3,\"name\":\"Haushaltshandschuh rosa Latex Gr\u00f6\u00dfe M 7\/8\"}]},{\"@type\":\"WebSite\",\"@id\":\"https:\/\/www.csj-emballages.com\/de\/#website\",\"url\":\"https:\/\/www.csj-emballages.com\/de\/\",\"name\":\"CSJ Emballages\",\"description\":\"\",\"publisher\":{\"@id\":\"https:\/\/www.csj-emballages.com\/de\/#organization\"},\"potentialAction\":[{\"@type\":\"SearchAction\",\"target\":{\"@type\":\"EntryPoint\",\"urlTemplate\":\"https:\/\/www.csj-emballages.com\/de\/?s={search_term_string}\"},\"query-input\":{\"@type\":\"PropertyValueSpecification\",\"valueRequired\":true,\"valueName\":\"search_term_string\"}}],\"inLanguage\":\"de\"},{\"@type\":\"Organization\",\"@id\":\"https:\/\/www.csj-emballages.com\/de\/#Organization\/\",\"name\":\"CSJ Emballages\",\"url\":\"https:\/\/www.csj-emballages.com\/de\/\",\"logo\":{\"@type\":\"ImageObject\",\"inLanguage\":\"de\",\"@id\":\"https:\/\/www.csj-emballages.com\/de\/#\/schema\/logo\/image\/\",\"url\":\"https:\/\/www.csj-emballages.com\/wp-content\/uploads\/2023\/10\/logo_csj.webp\",\"contentUrl\":\"https:\/\/www.csj-emballages.com\/wp-content\/uploads\/2023\/10\/logo_csj.webp\",\"width\":250,\"height\":95,\"caption\":\"CSJ Emballages\"},\"image\":{\"@id\":\"https:\/\/www.csj-emballages.com\/de\/#\/schema\/logo\/image\/\"},\"sameAs\":[\"https:\/\/www.facebook.com\/csjemballages\"],\"address\":{\"@type\":\"PostalAddress\",\"streetAddress\":\"ZI La Lechere\",\"addressLocality\":\"Patornay\",\"postalCode\":\"39130\",\"addressCountry\":\"FR\"},\"contactPoint\":[{\"@type\":\"ContactPoint\",\"contactType\":\"Service client\",\"telephone\":\"0384254272\",\"email\":\"contact@csj-emballages.com\"}]}]}<\/script>\n<!-- \/ Yoast SEO Premium plugin. -->","yoast_head_json":{"title":"Haushaltshandschuh Latex Rosa Gr\u00f6\u00dfe M 7\/8","description":"Haushaltshandschuhe aus rosa Latex, Gr\u00f6\u00dfe M 7\/8, bequem und rutschfest. Baumwoll-Innenfutter, anatomische Form und guter Halt im Alltag.","robots":{"index":"index","follow":"follow","max-snippet":"max-snippet:-1","max-image-preview":"max-image-preview:large","max-video-preview":"max-video-preview:-1"},"canonical":"https:\/\/www.csj-emballages.com\/de\/produit\/1-paar-haushaltshandschuhe-aus-latex-rosa-groesse-7-8-m\/","og_locale":"de_DE","og_type":"article","og_title":"Haushaltshandschuh rosa Latex Gr\u00f6\u00dfe M 7\/8","og_description":"Haushaltshandschuhe aus rosa Latex, Gr\u00f6\u00dfe M 7\/8, bequem und rutschfest. Baumwoll-Innenfutter, anatomische Form und guter Halt im Alltag.","og_url":"https:\/\/www.csj-emballages.com\/de\/produit\/1-paar-haushaltshandschuhe-aus-latex-rosa-groesse-7-8-m\/","og_site_name":"CSJ Emballages","article_publisher":"https:\/\/www.facebook.com\/csjemballages","article_modified_time":"2026-04-29T00:15:06+00:00","og_image":[{"width":800,"height":800,"url":"https:\/\/www.csj-emballages.com\/wp-content\/uploads\/2024\/03\/Gant-de-menage.webp","type":"image\/webp"}],"twitter_card":"summary_large_image","twitter_misc":{"Gesch\u00e4tzte Lesezeit":"2 Minuten"},"schema":{"@context":"https:\/\/schema.org","@graph":[{"@type":"WebPage","@id":"https:\/\/www.csj-emballages.com\/de\/produit\/1-paar-haushaltshandschuhe-aus-latex-rosa-groesse-7-8-m\/","url":"https:\/\/www.csj-emballages.com\/de\/produit\/1-paar-haushaltshandschuhe-aus-latex-rosa-groesse-7-8-m\/","name":"Haushaltshandschuh Latex Rosa Gr\u00f6\u00dfe M 7\/8","isPartOf":{"@id":"https:\/\/www.csj-emballages.com\/de\/#website"},"primaryImageOfPage":{"@id":"https:\/\/www.csj-emballages.com\/de\/produit\/1-paar-haushaltshandschuhe-aus-latex-rosa-groesse-7-8-m\/#primaryimage"},"image":{"@id":"https:\/\/www.csj-emballages.com\/de\/produit\/1-paar-haushaltshandschuhe-aus-latex-rosa-groesse-7-8-m\/#primaryimage"},"thumbnailUrl":"https:\/\/www.csj-emballages.com\/wp-content\/uploads\/2024\/03\/Gant-de-menage.webp","datePublished":"2024-03-01T15:53:12+00:00","dateModified":"2026-04-29T00:15:06+00:00","description":"Haushaltshandschuhe aus rosa Latex, Gr\u00f6\u00dfe M 7\/8, bequem und rutschfest. Baumwoll-Innenfutter, anatomische Form und guter Halt im Alltag.","breadcrumb":{"@id":"https:\/\/www.csj-emballages.com\/de\/produit\/1-paar-haushaltshandschuhe-aus-latex-rosa-groesse-7-8-m\/#breadcrumb"},"inLanguage":"de","potentialAction":[{"@type":"ReadAction","target":["https:\/\/www.csj-emballages.com\/de\/produit\/1-paar-haushaltshandschuhe-aus-latex-rosa-groesse-7-8-m\/"]}]},{"@type":"ImageObject","inLanguage":"de","@id":"https:\/\/www.csj-emballages.com\/de\/produit\/1-paar-haushaltshandschuhe-aus-latex-rosa-groesse-7-8-m\/#primaryimage","url":"https:\/\/www.csj-emballages.com\/wp-content\/uploads\/2024\/03\/Gant-de-menage.webp","contentUrl":"https:\/\/www.csj-emballages.com\/wp-content\/uploads\/2024\/03\/Gant-de-menage.webp","width":800,"height":800,"caption":"Gant de m\u00e9nage"},{"@type":"BreadcrumbList","@id":"https:\/\/www.csj-emballages.com\/de\/produit\/1-paar-haushaltshandschuhe-aus-latex-rosa-groesse-7-8-m\/#breadcrumb","itemListElement":[{"@type":"ListItem","position":1,"name":"Accueil","item":"https:\/\/www.csj-emballages.com\/de\/universum-lebensmittelverpackungen\/"},{"@type":"ListItem","position":2,"name":"Shop","item":"https:\/\/www.csj-emballages.com\/shop\/"},{"@type":"ListItem","position":3,"name":"Haushaltshandschuh rosa Latex Gr\u00f6\u00dfe M 7\/8"}]},{"@type":"WebSite","@id":"https:\/\/www.csj-emballages.com\/de\/#website","url":"https:\/\/www.csj-emballages.com\/de\/","name":"CSJ Emballages","description":"","publisher":{"@id":"https:\/\/www.csj-emballages.com\/de\/#organization"},"potentialAction":[{"@type":"SearchAction","target":{"@type":"EntryPoint","urlTemplate":"https:\/\/www.csj-emballages.com\/de\/?s={search_term_string}"},"query-input":{"@type":"PropertyValueSpecification","valueRequired":true,"valueName":"search_term_string"}}],"inLanguage":"de"},{"@type":"Organization","@id":"https:\/\/www.csj-emballages.com\/de\/#Organization\/","name":"CSJ Emballages","url":"https:\/\/www.csj-emballages.com\/de\/","logo":{"@type":"ImageObject","inLanguage":"de","@id":"https:\/\/www.csj-emballages.com\/de\/#\/schema\/logo\/image\/","url":"https:\/\/www.csj-emballages.com\/wp-content\/uploads\/2023\/10\/logo_csj.webp","contentUrl":"https:\/\/www.csj-emballages.com\/wp-content\/uploads\/2023\/10\/logo_csj.webp","width":250,"height":95,"caption":"CSJ Emballages"},"image":{"@id":"https:\/\/www.csj-emballages.com\/de\/#\/schema\/logo\/image\/"},"sameAs":["https:\/\/www.facebook.com\/csjemballages"],"address":{"@type":"PostalAddress","streetAddress":"ZI La Lechere","addressLocality":"Patornay","postalCode":"39130","addressCountry":"FR"},"contactPoint":[{"@type":"ContactPoint","contactType":"Service client","telephone":"0384254272","email":"contact@csj-emballages.com"}]}]}},"df_price":0.83,"df_sale_price":"","df_regular_price":0.83,"df_image_link":"https:\/\/www.csj-emballages.com\/wp-content\/uploads\/2024\/03\/Gant-de-menage-300x300.webp","tiered_pricing_type":"fixed","tiered_pricing_fixed_rules":[],"tiered_pricing_percentage_rules":[],"tiered_pricing_minimum":1,"tiered_pricing_roles_data":[],"_links":{"self":[{"href":"https:\/\/www.csj-emballages.com\/de\/wp-json\/wp\/v2\/product\/21419","targetHints":{"allow":["GET"]}}],"collection":[{"href":"https:\/\/www.csj-emballages.com\/de\/wp-json\/wp\/v2\/product"}],"about":[{"href":"https:\/\/www.csj-emballages.com\/de\/wp-json\/wp\/v2\/types\/product"}],"wp:featuredmedia":[{"embeddable":true,"href":"https:\/\/www.csj-emballages.com\/de\/wp-json\/wp\/v2\/media\/262771"}],"wp:attachment":[{"href":"https:\/\/www.csj-emballages.com\/de\/wp-json\/wp\/v2\/media?parent=21419"}],"wp:term":[{"taxonomy":"product_brand","embeddable":true,"href":"https:\/\/www.csj-emballages.com\/de\/wp-json\/wp\/v2\/product_brand?post=21419"},{"taxonomy":"product_cat","embeddable":true,"href":"https:\/\/www.csj-emballages.com\/de\/wp-json\/wp\/v2\/product_cat?post=21419"},{"taxonomy":"product_tag","embeddable":true,"href":"https:\/\/www.csj-emballages.com\/de\/wp-json\/wp\/v2\/product_tag?post=21419"}],"curies":[{"name":"wp","href":"https:\/\/api.w.org\/{rel}","templated":true}]}}