{"id":21352,"date":"2024-03-01T16:53:15","date_gmt":"2024-03-01T15:53:15","guid":{"rendered":"https:\/\/u15jnbdpoq.preview.infomaniak.website\/produit\/50-recycelte-smoothie-becher-95o-rpet-500-650-ml\/"},"modified":"2026-04-15T17:00:48","modified_gmt":"2026-04-15T15:00:48","slug":"50-recycelte-smoothie-becher-95o-rpet-500-650-ml","status":"publish","type":"product","link":"https:\/\/www.csj-emballages.com\/de\/produit\/50-recycelte-smoothie-becher-95o-rpet-500-650-ml\/","title":{"rendered":"Topf aus recyceltem Kunststoff \u00d895 rPET 500\/650 ml pro 50"},"content":{"rendered":"<h2><strong style=\"font-family: Roboto, sans-serif;\">Kunststofft\u00f6pfe<br \/>\n<\/strong><\/h2>\n<div style=\"box-sizing: inherit; font-family: Roboto, sans-serif;\">\n<div style=\"box-sizing: inherit; font-family: Roboto, sans-serif;\">\n<div style=\"box-sizing: inherit; font-family: Roboto, sans-serif;\">\n<div style=\"text-align: center;\">\n<div style=\"box-sizing: inherit; font-family: Roboto, sans-serif;\">\n<div style=\"box-sizing: inherit; font-family: Roboto, sans-serif;\">\n<div style=\"box-sizing: inherit; font-family: Roboto, sans-serif;\">\n<div style=\"box-sizing: inherit; font-family: Roboto, sans-serif;\">\n<div style=\"box-sizing: inherit; font-family: Roboto, sans-serif;\">\n<div style=\"box-sizing: inherit; font-family: Roboto, sans-serif; text-align: left;\">\n<hr>\n<h3 style=\"text-align: left;\">Beschreibung von Smoothie-Gl\u00e4ser 500\/650 ml &#8211; 50 St\u00fcck<\/h3>\n<p><!--more--><\/p>\n<p data-start=\"234\" data-end=\"752\">Wenn Sie mehr Platz brauchen, ohne das Format zu \u00e4ndern, wird dieser <strong data-start=\"289\" data-end=\"327\">Plastiktopf \u00d895 mm in 500\/650 ml<\/strong> zu einer wirklich praktischen L\u00f6sung. Er beh\u00e4lt denselben Durchmesser wie die kleineren T\u00f6pfe, bietet aber ein gro\u00dfz\u00fcgigeres Fassungsverm\u00f6gen, ideal f\u00fcr ganze Portionen, gut gef\u00fcllte Rezepte oder Gerichte zum Mitnehmen, die ein wenig Volumen ben\u00f6tigen. Schon auf den ersten Blick hebt seine <strong>Transparenz<\/strong> den Inhalt hervor und macht Lust auf mehr, egal ob es sich um einen gemischten Salat, eine Poke Bowl, ein Familiendessert oder eine hausgemachte Zubereitung handelt.  <\/p>\n<p data-start=\"754\" data-end=\"1089\">Dank seiner <strong>H\u00f6he<\/strong> lassen sich die Zutaten leicht \u00fcbereinander stapeln, was perfekt ist, um saubere und appetitliche Bilder zu kreieren. In der K\u00fcche bleibt das Bef\u00fcllen einfach und schnell, ohne Spritzer oder Verluste. Auf der Kundenseite ist der Griff bequem und beruhigend: Der <strong>Topf<\/strong> ist stabil, starr und verformt sich auch bei voller F\u00fcllung nicht.  <\/p>\n<p data-start=\"1091\" data-end=\"1377\">Dieses Format ist besonders beliebt f\u00fcr den Verkauf zum Mitnehmen und f\u00fcr die Lieferung. In Kombination mit einem <g id=\"gid_0\">kompatiblen Deckel mit \u00d895 mm<\/g><g id=\"gid_1\">(separat<\/g> erh\u00e4ltlich) sorgt es f\u00fcr einen sicheren und auslaufsicheren Transport. So k\u00f6nnen Sie Ihre Zubereitungen auch auf l\u00e4ngeren Strecken mit gutem Gewissen anbieten.  <\/p>\n<p data-start=\"1379\" data-end=\"1624\">Dieser Topf wird <strong data-start=\"1385\" data-end=\"1402\">in Packungen zu 50 St\u00fcck<\/strong> verkauft und erm\u00f6glicht es Ihnen, Ihren Vorrat effizient zu verwalten und gleichzeitig flexibel zu bleiben. Er eignet sich sowohl f\u00fcr Restaurants, Caterer, Imbisse als auch f\u00fcr Veranstaltungsprofis, die nach einem zuverl\u00e4ssigen und vielseitigen Beh\u00e4lter suchen. <\/p>\n<p data-start=\"1626\" data-end=\"1793\">Zusammenfassend l\u00e4sst sich sagen, dass dieser <strong>500\/650-ml-Plastikbecher<\/strong> mehr Platz, mehr Freiheit bei Ihren Rezepten und eine stets gepflegte Pr\u00e4sentation bietet, ohne Ihre Organisation zu erschweren.<\/p>\n<p data-start=\"1626\" data-end=\"1793\">\n<\/div>\n<div style=\"box-sizing: inherit; font-family: Roboto, sans-serif; text-align: left;\">\n<p><!--more--><\/p>\n<p><span style=\"font-weight: bold; color: #ff0000;\">T\u00f6pfe, die f\u00fcr Lebensmittel und NICHT f\u00fcr Getr\u00e4nke reserviert sind (Frankreich)<\/span><\/p>\n<p>&nbsp;<\/p>\n<\/div>\n<\/div>\n<\/div>\n<\/div>\n<\/div>\n<\/div>\n<\/div>\n<\/div>\n<\/div>\n<\/div>\n<p><!--more--><\/p>\n<h4 style=\"text-align: left;\"><strong>Vorteile :<\/strong><\/h4>\n<ul>\n<li data-start=\"1821\" data-end=\"1865\"><strong>Gro\u00dfes Fassungsverm\u00f6gen<\/strong> f\u00fcr volle Portionen.<\/li>\n<li data-start=\"1868\" data-end=\"1922\">Ideale Transparenz, um Pr\u00e4parate aufzuwerten.<\/li>\n<li data-start=\"1925\" data-end=\"1954\">Starre und stabile Struktur.<\/li>\n<li data-start=\"1957\" data-end=\"1993\">Kompatibel mit Deckeln <strong>\u00d895 mm.<\/strong><\/li>\n<li data-start=\"1996\" data-end=\"2038\"><strong>50er-Set<\/strong> f\u00fcr den professionellen Gebrauch geeignet.<\/li>\n<\/ul>\n<p>&nbsp;<\/p>\n<p><!--more--><\/p>\n<h4 style=\"text-align: left;\"><strong>Weitere Informationen :<\/strong><\/h4>\n<div class=\"elementor elementor-2384 elementor-location-archive product\" data-elementor-type=\"product-archive\" data-elementor-id=\"2384\" data-elementor-post-type=\"elementor_library\">\n<div class=\"elementor-element elementor-element-c44cccd nt-archive-products e-flex e-con-boxed e-con e-parent e-lazyloaded\" data-id=\"c44cccd\" data-element_type=\"container\">\n<div class=\"e-con-inner\">\n<div class=\"elementor-element elementor-element-f35cc29 e-con-full e-flex e-con e-child\" data-id=\"f35cc29\" data-element_type=\"container\">\n<div class=\"elementor-element elementor-element-8781411 elementor-widget elementor-widget-woocommerce-archive-description\" data-id=\"8781411\" data-element_type=\"widget\" data-widget_type=\"woocommerce-archive-description.default\">\n<div class=\"elementor-widget-container\">\n<div class=\"term-description\">\n<ul>\n<li><strong>Verpackung<\/strong>: Packung mit 50 St\u00fcck<\/li>\n<li><strong>H\u00f6he<\/strong>: 149 mm<\/li>\n<li><strong>Durchmesser oben<\/strong>: 95 mm<\/li>\n<li><strong>Volumen<\/strong>: 500\/650 ml<\/li>\n<li><strong>Material<\/strong>: rPET<\/li>\n<li><strong>Betriebstemperatur<\/strong>: -40\u00b0C \/ +60\u00b0C<\/li>\n<\/ul>\n<\/div>\n<\/div>\n<\/div>\n<\/div>\n<\/div>\n<\/div>\n<\/div>\n<div class=\"elementor elementor-175 elementor-location-footer\" data-elementor-type=\"footer\" data-elementor-id=\"175\" data-elementor-post-type=\"elementor_library\">\n<div class=\"elementor-element elementor-element-d413b54 e-flex e-con-boxed e-con e-parent e-lazyloaded\" data-id=\"d413b54\" data-element_type=\"container\">\n<div class=\"e-con-inner\">\n<div class=\"elementor-element elementor-element-9493a3c elementor-widget elementor-widget-shortcode\" data-id=\"9493a3c\" data-element_type=\"widget\" data-widget_type=\"shortcode.default\">\n<div class=\"elementor-widget-container\"><\/div>\n<\/div>\n<\/div>\n<\/div>\n<\/div>\n<p><!--more--><\/p>\n<h4>  Hier finden Sie die Deckel, die mit diesem Plastiktopf kompatibel sind :<\/h4>\n<p>Dome werden separat verkauft (Art. <span style=\"color: #d12727;\"><a style=\"color: #d12727;\" href=\"https:\/\/www.csj-emballages.com\/es\/produit\/50-tapas-de-cupula-con-pico-para-batidos-de-plastico-95-o\/\">CVDOMTR500CC<\/a><\/span>) <\/p>\n<p>Kuppeln mit Kreuzstrebe (Ref. <span style=\"color: #d12727;\"><a style=\"color: #d12727;\" href=\"https:\/\/www.csj-emballages.com\/es\/produit\/tapa-de-cupula-de-plastico-con-travesano-o95-por-50\/\">CVDOMCR500CC<\/a><\/span>)<\/p>\n<p>Sch\u00fcsseln werden separat verkauft (Ref. <span style=\"color: #d12727;\"><a style=\"color: #d12727;\" href=\"https:\/\/www.csj-emballages.com\/es\/produit\/50-tapas-planas-desechables-para-batidos-pajita-cruz-o-95\/\">CVCR500CC<\/a><\/span>)<\/p>\n<p>Sch\u00fcsseln ohne Loch separat erh\u00e4ltlich (Ref. <span style=\"color: #d12727;\"><a style=\"color: #d12727;\" href=\"https:\/\/www.csj-emballages.com\/es\/produit\/50-tapas-desechables-para-batidos-sin-agujero-o-95\/\">CVCRSSTR<\/a><\/span>)<\/p>\n<p>Dome mit Schnabel (Ref. <span style=\"color: #d12727;\"><a style=\"color: #d12727;\" href=\"https:\/\/www.csj-emballages.com\/es\/produit\/50-tapas-de-cupula-con-pico-para-batidos-de-plastico-95-o\/\">CVDOMBEC<\/a><\/span>)<\/p>\n<p>&nbsp;<\/p>\n<p style=\"text-align: left;\"><!--more--><\/p>\n<p><a href=\"\/?product_cat=pots-smoothies-diametre-95mm\">Sehen Sie sich den Rest unseres Sortiments an Smoothie-T\u00f6pfen in \u00d895 mm an.<\/a><\/p>\n","protected":false},"excerpt":{"rendered":"<p>Kunststofft\u00f6pfe Beschreibung von Smoothie-Gl\u00e4ser 500\/650 ml &#8211; 50 St\u00fcck<\/p>\n","protected":false},"featured_media":196997,"template":"","meta":{"_acf_changed":false},"product_brand":[],"product_cat":[1137,1134,1469,1793,2541,2547],"product_tag":[],"class_list":{"0":"post-21352","1":"product","2":"type-product","3":"status-publish","4":"has-post-thumbnail","6":"product_cat-lebensmittelverpackungen","7":"product_cat-restauration-de","8":"product_cat-becher-glaser-eimer-flaschen","9":"product_cat-becher-fur-kalte-getranke","10":"product_cat-smoothie-becher","11":"product_cat-smoothie-glaser-durchmesser-95-mm","13":"first","14":"instock","15":"taxable","16":"shipping-taxable","17":"purchasable","18":"product-type-simple"},"acf":[],"yoast_head":"<!-- This site is optimized with the Yoast SEO Premium plugin v26.6 (Yoast SEO v26.6) - https:\/\/yoast.com\/wordpress\/plugins\/seo\/ -->\n<title>Becher aus recyceltem Plastik \u00d895 rPET 500\/650 ml pro 50<\/title>\n<meta name=\"description\" content=\"Plastikbecher \u00d895 mm 500\/650 ml verkauft pro 50 St\u00fcck. Ideal f\u00fcr Desserts, Salate und kalte Zubereitungen. Praktisch, stabil und f\u00fcr den Verkauf zum Mitnehmen geeignet.\" \/>\n<meta name=\"robots\" content=\"index, follow, max-snippet:-1, max-image-preview:large, max-video-preview:-1\" \/>\n<link rel=\"canonical\" href=\"https:\/\/www.csj-emballages.com\/de\/produit\/50-recycelte-smoothie-becher-95o-rpet-500-650-ml\/\" \/>\n<meta property=\"og:locale\" content=\"de_DE\" \/>\n<meta property=\"og:type\" content=\"article\" \/>\n<meta property=\"og:title\" content=\"Topf aus recyceltem Kunststoff \u00d895 rPET 500\/650 ml pro 50\" \/>\n<meta property=\"og:description\" content=\"Plastikbecher \u00d895 mm 500\/650 ml verkauft pro 50 St\u00fcck. Ideal f\u00fcr Desserts, Salate und kalte Zubereitungen. Praktisch, stabil und f\u00fcr den Verkauf zum Mitnehmen geeignet.\" \/>\n<meta property=\"og:url\" content=\"https:\/\/www.csj-emballages.com\/de\/produit\/50-recycelte-smoothie-becher-95o-rpet-500-650-ml\/\" \/>\n<meta property=\"og:site_name\" content=\"CSJ Emballages\" \/>\n<meta property=\"article:publisher\" content=\"https:\/\/www.facebook.com\/csjemballages\" \/>\n<meta property=\"article:modified_time\" content=\"2026-04-15T15:00:48+00:00\" \/>\n<meta property=\"og:image\" content=\"https:\/\/www.csj-emballages.com\/wp-content\/uploads\/2024\/03\/GM500CC.webp\" \/>\n\t<meta property=\"og:image:width\" content=\"800\" \/>\n\t<meta property=\"og:image:height\" content=\"799\" \/>\n\t<meta property=\"og:image:type\" content=\"image\/webp\" \/>\n<meta name=\"twitter:card\" content=\"summary_large_image\" \/>\n<meta name=\"twitter:label1\" content=\"Gesch\u00e4tzte Lesezeit\" \/>\n\t<meta name=\"twitter:data1\" content=\"2 Minuten\" \/>\n<script type=\"application\/ld+json\" class=\"yoast-schema-graph\">{\"@context\":\"https:\/\/schema.org\",\"@graph\":[{\"@type\":\"WebPage\",\"@id\":\"https:\/\/www.csj-emballages.com\/de\/produit\/50-recycelte-smoothie-becher-95o-rpet-500-650-ml\/\",\"url\":\"https:\/\/www.csj-emballages.com\/de\/produit\/50-recycelte-smoothie-becher-95o-rpet-500-650-ml\/\",\"name\":\"Becher aus recyceltem Plastik \u00d895 rPET 500\/650 ml pro 50\",\"isPartOf\":{\"@id\":\"https:\/\/www.csj-emballages.com\/de\/#website\"},\"primaryImageOfPage\":{\"@id\":\"https:\/\/www.csj-emballages.com\/de\/produit\/50-recycelte-smoothie-becher-95o-rpet-500-650-ml\/#primaryimage\"},\"image\":{\"@id\":\"https:\/\/www.csj-emballages.com\/de\/produit\/50-recycelte-smoothie-becher-95o-rpet-500-650-ml\/#primaryimage\"},\"thumbnailUrl\":\"https:\/\/www.csj-emballages.com\/wp-content\/uploads\/2024\/03\/GM500CC.webp\",\"datePublished\":\"2024-03-01T15:53:15+00:00\",\"dateModified\":\"2026-04-15T15:00:48+00:00\",\"description\":\"Plastikbecher \u00d895 mm 500\/650 ml verkauft pro 50 St\u00fcck. Ideal f\u00fcr Desserts, Salate und kalte Zubereitungen. Praktisch, stabil und f\u00fcr den Verkauf zum Mitnehmen geeignet.\",\"breadcrumb\":{\"@id\":\"https:\/\/www.csj-emballages.com\/de\/produit\/50-recycelte-smoothie-becher-95o-rpet-500-650-ml\/#breadcrumb\"},\"inLanguage\":\"de\",\"potentialAction\":[{\"@type\":\"ReadAction\",\"target\":[\"https:\/\/www.csj-emballages.com\/de\/produit\/50-recycelte-smoothie-becher-95o-rpet-500-650-ml\/\"]}]},{\"@type\":\"ImageObject\",\"inLanguage\":\"de\",\"@id\":\"https:\/\/www.csj-emballages.com\/de\/produit\/50-recycelte-smoothie-becher-95o-rpet-500-650-ml\/#primaryimage\",\"url\":\"https:\/\/www.csj-emballages.com\/wp-content\/uploads\/2024\/03\/GM500CC.webp\",\"contentUrl\":\"https:\/\/www.csj-emballages.com\/wp-content\/uploads\/2024\/03\/GM500CC.webp\",\"width\":800,\"height\":799,\"caption\":\"pot plastique\"},{\"@type\":\"BreadcrumbList\",\"@id\":\"https:\/\/www.csj-emballages.com\/de\/produit\/50-recycelte-smoothie-becher-95o-rpet-500-650-ml\/#breadcrumb\",\"itemListElement\":[{\"@type\":\"ListItem\",\"position\":1,\"name\":\"Accueil\",\"item\":\"https:\/\/www.csj-emballages.com\/de\/universum-lebensmittelverpackungen\/\"},{\"@type\":\"ListItem\",\"position\":2,\"name\":\"Shop\",\"item\":\"https:\/\/www.csj-emballages.com\/shop\/\"},{\"@type\":\"ListItem\",\"position\":3,\"name\":\"Topf aus recyceltem Kunststoff \u00d895 rPET 500\/650 ml pro 50\"}]},{\"@type\":\"WebSite\",\"@id\":\"https:\/\/www.csj-emballages.com\/de\/#website\",\"url\":\"https:\/\/www.csj-emballages.com\/de\/\",\"name\":\"CSJ Emballages\",\"description\":\"\",\"publisher\":{\"@id\":\"https:\/\/www.csj-emballages.com\/de\/#organization\"},\"potentialAction\":[{\"@type\":\"SearchAction\",\"target\":{\"@type\":\"EntryPoint\",\"urlTemplate\":\"https:\/\/www.csj-emballages.com\/de\/?s={search_term_string}\"},\"query-input\":{\"@type\":\"PropertyValueSpecification\",\"valueRequired\":true,\"valueName\":\"search_term_string\"}}],\"inLanguage\":\"de\"},{\"@type\":\"Organization\",\"@id\":\"https:\/\/www.csj-emballages.com\/de\/#Organization\/\",\"name\":\"CSJ Emballages\",\"url\":\"https:\/\/www.csj-emballages.com\/de\/\",\"logo\":{\"@type\":\"ImageObject\",\"inLanguage\":\"de\",\"@id\":\"https:\/\/www.csj-emballages.com\/de\/#\/schema\/logo\/image\/\",\"url\":\"https:\/\/www.csj-emballages.com\/wp-content\/uploads\/2023\/10\/logo_csj.webp\",\"contentUrl\":\"https:\/\/www.csj-emballages.com\/wp-content\/uploads\/2023\/10\/logo_csj.webp\",\"width\":250,\"height\":95,\"caption\":\"CSJ Emballages\"},\"image\":{\"@id\":\"https:\/\/www.csj-emballages.com\/de\/#\/schema\/logo\/image\/\"},\"sameAs\":[\"https:\/\/www.facebook.com\/csjemballages\"],\"address\":{\"@type\":\"PostalAddress\",\"streetAddress\":\"ZI La Lechere\",\"addressLocality\":\"Patornay\",\"postalCode\":\"39130\",\"addressCountry\":\"FR\"},\"contactPoint\":[{\"@type\":\"ContactPoint\",\"contactType\":\"Service client\",\"telephone\":\"0384254272\",\"email\":\"contact@csj-emballages.com\"}]}]}<\/script>\n<!-- \/ Yoast SEO Premium plugin. -->","yoast_head_json":{"title":"Becher aus recyceltem Plastik \u00d895 rPET 500\/650 ml pro 50","description":"Plastikbecher \u00d895 mm 500\/650 ml verkauft pro 50 St\u00fcck. Ideal f\u00fcr Desserts, Salate und kalte Zubereitungen. Praktisch, stabil und f\u00fcr den Verkauf zum Mitnehmen geeignet.","robots":{"index":"index","follow":"follow","max-snippet":"max-snippet:-1","max-image-preview":"max-image-preview:large","max-video-preview":"max-video-preview:-1"},"canonical":"https:\/\/www.csj-emballages.com\/de\/produit\/50-recycelte-smoothie-becher-95o-rpet-500-650-ml\/","og_locale":"de_DE","og_type":"article","og_title":"Topf aus recyceltem Kunststoff \u00d895 rPET 500\/650 ml pro 50","og_description":"Plastikbecher \u00d895 mm 500\/650 ml verkauft pro 50 St\u00fcck. Ideal f\u00fcr Desserts, Salate und kalte Zubereitungen. Praktisch, stabil und f\u00fcr den Verkauf zum Mitnehmen geeignet.","og_url":"https:\/\/www.csj-emballages.com\/de\/produit\/50-recycelte-smoothie-becher-95o-rpet-500-650-ml\/","og_site_name":"CSJ Emballages","article_publisher":"https:\/\/www.facebook.com\/csjemballages","article_modified_time":"2026-04-15T15:00:48+00:00","og_image":[{"width":800,"height":799,"url":"https:\/\/www.csj-emballages.com\/wp-content\/uploads\/2024\/03\/GM500CC.webp","type":"image\/webp"}],"twitter_card":"summary_large_image","twitter_misc":{"Gesch\u00e4tzte Lesezeit":"2 Minuten"},"schema":{"@context":"https:\/\/schema.org","@graph":[{"@type":"WebPage","@id":"https:\/\/www.csj-emballages.com\/de\/produit\/50-recycelte-smoothie-becher-95o-rpet-500-650-ml\/","url":"https:\/\/www.csj-emballages.com\/de\/produit\/50-recycelte-smoothie-becher-95o-rpet-500-650-ml\/","name":"Becher aus recyceltem Plastik \u00d895 rPET 500\/650 ml pro 50","isPartOf":{"@id":"https:\/\/www.csj-emballages.com\/de\/#website"},"primaryImageOfPage":{"@id":"https:\/\/www.csj-emballages.com\/de\/produit\/50-recycelte-smoothie-becher-95o-rpet-500-650-ml\/#primaryimage"},"image":{"@id":"https:\/\/www.csj-emballages.com\/de\/produit\/50-recycelte-smoothie-becher-95o-rpet-500-650-ml\/#primaryimage"},"thumbnailUrl":"https:\/\/www.csj-emballages.com\/wp-content\/uploads\/2024\/03\/GM500CC.webp","datePublished":"2024-03-01T15:53:15+00:00","dateModified":"2026-04-15T15:00:48+00:00","description":"Plastikbecher \u00d895 mm 500\/650 ml verkauft pro 50 St\u00fcck. Ideal f\u00fcr Desserts, Salate und kalte Zubereitungen. Praktisch, stabil und f\u00fcr den Verkauf zum Mitnehmen geeignet.","breadcrumb":{"@id":"https:\/\/www.csj-emballages.com\/de\/produit\/50-recycelte-smoothie-becher-95o-rpet-500-650-ml\/#breadcrumb"},"inLanguage":"de","potentialAction":[{"@type":"ReadAction","target":["https:\/\/www.csj-emballages.com\/de\/produit\/50-recycelte-smoothie-becher-95o-rpet-500-650-ml\/"]}]},{"@type":"ImageObject","inLanguage":"de","@id":"https:\/\/www.csj-emballages.com\/de\/produit\/50-recycelte-smoothie-becher-95o-rpet-500-650-ml\/#primaryimage","url":"https:\/\/www.csj-emballages.com\/wp-content\/uploads\/2024\/03\/GM500CC.webp","contentUrl":"https:\/\/www.csj-emballages.com\/wp-content\/uploads\/2024\/03\/GM500CC.webp","width":800,"height":799,"caption":"pot plastique"},{"@type":"BreadcrumbList","@id":"https:\/\/www.csj-emballages.com\/de\/produit\/50-recycelte-smoothie-becher-95o-rpet-500-650-ml\/#breadcrumb","itemListElement":[{"@type":"ListItem","position":1,"name":"Accueil","item":"https:\/\/www.csj-emballages.com\/de\/universum-lebensmittelverpackungen\/"},{"@type":"ListItem","position":2,"name":"Shop","item":"https:\/\/www.csj-emballages.com\/shop\/"},{"@type":"ListItem","position":3,"name":"Topf aus recyceltem Kunststoff \u00d895 rPET 500\/650 ml pro 50"}]},{"@type":"WebSite","@id":"https:\/\/www.csj-emballages.com\/de\/#website","url":"https:\/\/www.csj-emballages.com\/de\/","name":"CSJ Emballages","description":"","publisher":{"@id":"https:\/\/www.csj-emballages.com\/de\/#organization"},"potentialAction":[{"@type":"SearchAction","target":{"@type":"EntryPoint","urlTemplate":"https:\/\/www.csj-emballages.com\/de\/?s={search_term_string}"},"query-input":{"@type":"PropertyValueSpecification","valueRequired":true,"valueName":"search_term_string"}}],"inLanguage":"de"},{"@type":"Organization","@id":"https:\/\/www.csj-emballages.com\/de\/#Organization\/","name":"CSJ Emballages","url":"https:\/\/www.csj-emballages.com\/de\/","logo":{"@type":"ImageObject","inLanguage":"de","@id":"https:\/\/www.csj-emballages.com\/de\/#\/schema\/logo\/image\/","url":"https:\/\/www.csj-emballages.com\/wp-content\/uploads\/2023\/10\/logo_csj.webp","contentUrl":"https:\/\/www.csj-emballages.com\/wp-content\/uploads\/2023\/10\/logo_csj.webp","width":250,"height":95,"caption":"CSJ Emballages"},"image":{"@id":"https:\/\/www.csj-emballages.com\/de\/#\/schema\/logo\/image\/"},"sameAs":["https:\/\/www.facebook.com\/csjemballages"],"address":{"@type":"PostalAddress","streetAddress":"ZI La Lechere","addressLocality":"Patornay","postalCode":"39130","addressCountry":"FR"},"contactPoint":[{"@type":"ContactPoint","contactType":"Service client","telephone":"0384254272","email":"contact@csj-emballages.com"}]}]}},"df_price":5.23,"df_sale_price":"","df_regular_price":5.23,"df_image_link":"https:\/\/www.csj-emballages.com\/wp-content\/uploads\/2024\/03\/GM500CC-300x300.webp","tiered_pricing_type":"fixed","tiered_pricing_fixed_rules":[],"tiered_pricing_percentage_rules":[],"tiered_pricing_minimum":1,"tiered_pricing_roles_data":[],"_links":{"self":[{"href":"https:\/\/www.csj-emballages.com\/de\/wp-json\/wp\/v2\/product\/21352","targetHints":{"allow":["GET"]}}],"collection":[{"href":"https:\/\/www.csj-emballages.com\/de\/wp-json\/wp\/v2\/product"}],"about":[{"href":"https:\/\/www.csj-emballages.com\/de\/wp-json\/wp\/v2\/types\/product"}],"wp:featuredmedia":[{"embeddable":true,"href":"https:\/\/www.csj-emballages.com\/de\/wp-json\/wp\/v2\/media\/196997"}],"wp:attachment":[{"href":"https:\/\/www.csj-emballages.com\/de\/wp-json\/wp\/v2\/media?parent=21352"}],"wp:term":[{"taxonomy":"product_brand","embeddable":true,"href":"https:\/\/www.csj-emballages.com\/de\/wp-json\/wp\/v2\/product_brand?post=21352"},{"taxonomy":"product_cat","embeddable":true,"href":"https:\/\/www.csj-emballages.com\/de\/wp-json\/wp\/v2\/product_cat?post=21352"},{"taxonomy":"product_tag","embeddable":true,"href":"https:\/\/www.csj-emballages.com\/de\/wp-json\/wp\/v2\/product_tag?post=21352"}],"curies":[{"name":"wp","href":"https:\/\/api.w.org\/{rel}","templated":true}]}}