{"id":21307,"date":"2024-03-01T16:53:15","date_gmt":"2024-03-01T15:53:15","guid":{"rendered":"https:\/\/u15jnbdpoq.preview.infomaniak.website\/produit\/48-heisssiegelbare-bubble-tea-glaeser-aus-kunststoff-95o-rpet-500-ml\/"},"modified":"2026-04-23T02:13:26","modified_gmt":"2026-04-23T00:13:26","slug":"48-heisssiegelbare-bubble-tea-glaeser-aus-kunststoff-95o-rpet-500-ml","status":"publish","type":"product","link":"https:\/\/www.csj-emballages.com\/de\/produit\/48-heisssiegelbare-bubble-tea-glaeser-aus-kunststoff-95o-rpet-500-ml\/","title":{"rendered":"Hei\u00dfversiegelbarer Bubble Tea Becher aus RPET-Kunststoff, 95\u00d8, 500 ml, 48er-Pack"},"content":{"rendered":"<h2 class=\"p1\">Bubble Tea Becher<\/h2>\n<hr>\n<h3>Entdecken Sie unseren hei\u00dfversiegelbaren Bubble Tea Becher aus RPET-Kunststoff, 95\u00d8, 500 ml, 48er-Pack<\/h3>\n<p><!--more--><\/p>\n<p data-start=\"272\" data-end=\"615\">Der <strong>hei\u00dfversiegelbare<\/strong> <strong>Bubble Tea Becher aus Kunststoff \u00d895 RPET 500 ml<\/strong> ist speziell f\u00fcr den Au\u00dfer-Haus-Verkauf von Bubble Tea konzipiert. Seine gro\u00dfe <strong>Kapazit\u00e4t von 500 ml<\/strong> erm\u00f6glicht es, <strong>gro\u00dfz\u00fcgige Portionen anzubieten<\/strong>, die perfekt den Erwartungen der Konsumenten entsprechen. <\/p>\n<p data-start=\"617\" data-end=\"872\">Hergestellt aus <strong>RPET<\/strong> (recyceltem Kunststoff), vereint dieser <strong>Becher<\/strong> Robustheit mit einem verantwortungsvolleren Ansatz. Seine optimale Transparenz hebt die Getr\u00e4nkeschichten, Tapiokaperlen und Eisw\u00fcrfel hervor und sorgt f\u00fcr eine attraktive Optik in der Auslage und beim Servieren. <\/p>\n<p data-start=\"874\" data-end=\"1253\">Dank seines <strong>Durchmessers von \u00d895 mm<\/strong> ist er mit Hei\u00dfversiegelungsmaschinen kompatibel und gew\u00e4hrleistet einen hermetischen und sicheren Verschluss. Diese L\u00f6sung ist ideal f\u00fcr Fachleute, die das Risiko von Leckagen minimieren und einen zuverl\u00e4ssigen Transport der Getr\u00e4nke sicherstellen m\u00f6chten. Er kann je nach gew\u00e4hlter Servierart auch mit einem passenden Deckel (separat erh\u00e4ltlich) kombiniert werden.  <\/p>\n<p data-start=\"1255\" data-end=\"1528\">Dieser <strong>Becher<\/strong> ist stabil und robust und eignet sich perfekt f\u00fcr <strong>Bubble Tea Bars, Imbisse, Restaurants, B\u00e4ckereien und Fachgesch\u00e4fte<\/strong>. Er wird in Packungen zu je <strong>48 St\u00fcck<\/strong> geliefert und ist auf die Bed\u00fcrfnisse von Fachleuten zugeschnitten, die Leistung, Praktikabilit\u00e4t und Produktpr\u00e4sentation suchen. <\/p>\n<p data-start=\"1255\" data-end=\"1528\">\n<p data-start=\"1255\" data-end=\"1528\"><!--more--><\/p>\n<p data-start=\"1255\" data-end=\"1528\"><strong><span style=\"color: #ff0000;\">*BECHER NUR F\u00dcR LEBENSMITTEL, NICHT F\u00dcR GETR\u00c4NKE BESTIMMT<\/span><\/strong><\/p>\n<p data-start=\"1255\" data-end=\"1528\">\n<p data-start=\"1255\" data-end=\"1528\"><!--more--><\/p>\n<h4 data-start=\"1255\" data-end=\"1528\">Vorteile :<\/h4>\n<ul>\n<li data-start=\"1566\" data-end=\"1615\">Gro\u00dfes Fassungsverm\u00f6gen von <strong>500 ml<\/strong>, ideal f\u00fcr Bubble Tea.<\/li>\n<li data-start=\"1618\" data-end=\"1642\"><strong>Recycelter RPET-Kunststoff<\/strong>.<\/li>\n<li data-start=\"1645\" data-end=\"1684\">Transparent zur optimalen Pr\u00e4sentation des Getr\u00e4nks.<\/li>\n<li data-start=\"1687\" data-end=\"1734\"><strong>Hei\u00dfversiegelbar<\/strong> f\u00fcr einen hermetischen Verschluss.<\/li>\n<li data-start=\"1737\" data-end=\"1756\">Kompatibel <strong>\u00d895 mm<\/strong>.<\/li>\n<li data-start=\"1759\" data-end=\"1790\">Gute Best\u00e4ndigkeit und Stabilit\u00e4t.<\/li>\n<li data-start=\"1793\" data-end=\"1823\">Geeignet f\u00fcr den Au\u00dfer-Haus-Verkauf.<\/li>\n<li data-start=\"1826\" data-end=\"1864\">Praktische Verpackung mit <strong>48 Bechern<\/strong>.<\/li>\n<\/ul>\n<p>&nbsp;<\/p>\n<p><!--more--><\/p>\n<h4>Weitere Informationen :<\/h4>\n<ul>\n<li><strong>Verpackung<\/strong>: Packung mit 48 St\u00fcck<\/li>\n<li><strong>Abmessungen<\/strong>: 95 mm x 114 mm (\u00d8 x H)<\/li>\n<li><strong>Volumen<\/strong>: 500 ml<\/li>\n<li><strong>Material<\/strong>: RPET<\/li>\n<\/ul>\n<p>&nbsp;<\/p>\n<p><!--more--><\/p>\n<p><a href=\"https:\/\/www.csj-emballages.com\/de\/categorie-produit\/lebensmittelverpackungen\/restauration-de\/becher-glaser-eimer-flaschen\/becher-fur-kalte-getranke\/heissiegelbare-bubble-tea-glaser\/\">Entdecken Sie den Rest unseres Sortiments an hei\u00dfversiegelbaren Bubble Tea Bechern<\/a><\/p>\n","protected":false},"excerpt":{"rendered":"<p>Bubble Tea Becher Entdecken Sie unseren hei\u00dfversiegelbaren Bubble Tea Becher aus RPET-Kunststoff, 95\u00d8, 500 ml, 48er-Pack<\/p>\n","protected":false},"featured_media":264591,"template":"","meta":{"_acf_changed":false},"product_brand":[],"product_cat":[1137,1134,1469,1793,2728,1265],"product_tag":[],"class_list":{"0":"post-21307","1":"product","2":"type-product","3":"status-publish","4":"has-post-thumbnail","6":"product_cat-lebensmittelverpackungen","7":"product_cat-restauration-de","8":"product_cat-becher-glaser-eimer-flaschen","9":"product_cat-becher-fur-kalte-getranke","10":"product_cat-heissiegelbare-bubble-tea-glaser","11":"product_cat-lagerbestande-promotion","13":"first","14":"instock","15":"sale","16":"taxable","17":"shipping-taxable","18":"purchasable","19":"product-type-simple"},"acf":[],"yoast_head":"<!-- This site is optimized with the Yoast SEO Premium plugin v26.6 (Yoast SEO v26.6) - https:\/\/yoast.com\/wordpress\/plugins\/seo\/ -->\n<title>Hei\u00dfversiegelbarer Bubble Tea Becher aus RPET-Kunststoff, 500 ml, 48er-Pack<\/title>\n<meta name=\"description\" content=\"Hei\u00dfversiegelbarer Bubble Tea Becher, \u00d895 mm, RPET, 500 ml, 48 St\u00fcck. Transparent und robust, ideal f\u00fcr Bubble Tea zum Mitnehmen.\" \/>\n<meta name=\"robots\" content=\"index, follow, max-snippet:-1, max-image-preview:large, max-video-preview:-1\" \/>\n<link rel=\"canonical\" href=\"https:\/\/www.csj-emballages.com\/de\/produit\/48-heisssiegelbare-bubble-tea-glaeser-aus-kunststoff-95o-rpet-500-ml\/\" \/>\n<meta property=\"og:locale\" content=\"de_DE\" \/>\n<meta property=\"og:type\" content=\"article\" \/>\n<meta property=\"og:title\" content=\"Hei\u00dfversiegelbarer Bubble Tea Becher aus RPET-Kunststoff, 95\u00d8, 500 ml, 48er-Pack\" \/>\n<meta property=\"og:description\" content=\"Hei\u00dfversiegelbarer Bubble Tea Becher, \u00d895 mm, RPET, 500 ml, 48 St\u00fcck. Transparent und robust, ideal f\u00fcr Bubble Tea zum Mitnehmen.\" \/>\n<meta property=\"og:url\" content=\"https:\/\/www.csj-emballages.com\/de\/produit\/48-heisssiegelbare-bubble-tea-glaeser-aus-kunststoff-95o-rpet-500-ml\/\" \/>\n<meta property=\"og:site_name\" content=\"CSJ Emballages\" \/>\n<meta property=\"article:publisher\" content=\"https:\/\/www.facebook.com\/csjemballages\" \/>\n<meta property=\"article:modified_time\" content=\"2026-04-23T00:13:26+00:00\" \/>\n<meta property=\"og:image\" content=\"https:\/\/www.csj-emballages.com\/wp-content\/uploads\/2024\/03\/GM500BUBBLE.webp\" \/>\n\t<meta property=\"og:image:width\" content=\"800\" \/>\n\t<meta property=\"og:image:height\" content=\"800\" \/>\n\t<meta property=\"og:image:type\" content=\"image\/webp\" \/>\n<meta name=\"twitter:card\" content=\"summary_large_image\" \/>\n<meta name=\"twitter:label1\" content=\"Gesch\u00e4tzte Lesezeit\" \/>\n\t<meta name=\"twitter:data1\" content=\"1\u00a0Minute\" \/>\n<script type=\"application\/ld+json\" class=\"yoast-schema-graph\">{\"@context\":\"https:\/\/schema.org\",\"@graph\":[{\"@type\":\"WebPage\",\"@id\":\"https:\/\/www.csj-emballages.com\/de\/produit\/48-heisssiegelbare-bubble-tea-glaeser-aus-kunststoff-95o-rpet-500-ml\/\",\"url\":\"https:\/\/www.csj-emballages.com\/de\/produit\/48-heisssiegelbare-bubble-tea-glaeser-aus-kunststoff-95o-rpet-500-ml\/\",\"name\":\"Hei\u00dfversiegelbarer Bubble Tea Becher aus RPET-Kunststoff, 500 ml, 48er-Pack\",\"isPartOf\":{\"@id\":\"https:\/\/www.csj-emballages.com\/de\/#website\"},\"primaryImageOfPage\":{\"@id\":\"https:\/\/www.csj-emballages.com\/de\/produit\/48-heisssiegelbare-bubble-tea-glaeser-aus-kunststoff-95o-rpet-500-ml\/#primaryimage\"},\"image\":{\"@id\":\"https:\/\/www.csj-emballages.com\/de\/produit\/48-heisssiegelbare-bubble-tea-glaeser-aus-kunststoff-95o-rpet-500-ml\/#primaryimage\"},\"thumbnailUrl\":\"https:\/\/www.csj-emballages.com\/wp-content\/uploads\/2024\/03\/GM500BUBBLE.webp\",\"datePublished\":\"2024-03-01T15:53:15+00:00\",\"dateModified\":\"2026-04-23T00:13:26+00:00\",\"description\":\"Hei\u00dfversiegelbarer Bubble Tea Becher, \u00d895 mm, RPET, 500 ml, 48 St\u00fcck. Transparent und robust, ideal f\u00fcr Bubble Tea zum Mitnehmen.\",\"breadcrumb\":{\"@id\":\"https:\/\/www.csj-emballages.com\/de\/produit\/48-heisssiegelbare-bubble-tea-glaeser-aus-kunststoff-95o-rpet-500-ml\/#breadcrumb\"},\"inLanguage\":\"de\",\"potentialAction\":[{\"@type\":\"ReadAction\",\"target\":[\"https:\/\/www.csj-emballages.com\/de\/produit\/48-heisssiegelbare-bubble-tea-glaeser-aus-kunststoff-95o-rpet-500-ml\/\"]}]},{\"@type\":\"ImageObject\",\"inLanguage\":\"de\",\"@id\":\"https:\/\/www.csj-emballages.com\/de\/produit\/48-heisssiegelbare-bubble-tea-glaeser-aus-kunststoff-95o-rpet-500-ml\/#primaryimage\",\"url\":\"https:\/\/www.csj-emballages.com\/wp-content\/uploads\/2024\/03\/GM500BUBBLE.webp\",\"contentUrl\":\"https:\/\/www.csj-emballages.com\/wp-content\/uploads\/2024\/03\/GM500BUBBLE.webp\",\"width\":800,\"height\":800,\"caption\":\"Pot bubbles tea\"},{\"@type\":\"BreadcrumbList\",\"@id\":\"https:\/\/www.csj-emballages.com\/de\/produit\/48-heisssiegelbare-bubble-tea-glaeser-aus-kunststoff-95o-rpet-500-ml\/#breadcrumb\",\"itemListElement\":[{\"@type\":\"ListItem\",\"position\":1,\"name\":\"Accueil\",\"item\":\"https:\/\/www.csj-emballages.com\/de\/universum-lebensmittelverpackungen\/\"},{\"@type\":\"ListItem\",\"position\":2,\"name\":\"Shop\",\"item\":\"https:\/\/www.csj-emballages.com\/shop\/\"},{\"@type\":\"ListItem\",\"position\":3,\"name\":\"Hei\u00dfversiegelbarer Bubble Tea Becher aus RPET-Kunststoff, 95\u00d8, 500 ml, 48er-Pack\"}]},{\"@type\":\"WebSite\",\"@id\":\"https:\/\/www.csj-emballages.com\/de\/#website\",\"url\":\"https:\/\/www.csj-emballages.com\/de\/\",\"name\":\"CSJ Emballages\",\"description\":\"\",\"publisher\":{\"@id\":\"https:\/\/www.csj-emballages.com\/de\/#organization\"},\"potentialAction\":[{\"@type\":\"SearchAction\",\"target\":{\"@type\":\"EntryPoint\",\"urlTemplate\":\"https:\/\/www.csj-emballages.com\/de\/?s={search_term_string}\"},\"query-input\":{\"@type\":\"PropertyValueSpecification\",\"valueRequired\":true,\"valueName\":\"search_term_string\"}}],\"inLanguage\":\"de\"},{\"@type\":\"Organization\",\"@id\":\"https:\/\/www.csj-emballages.com\/de\/#Organization\/\",\"name\":\"CSJ Emballages\",\"url\":\"https:\/\/www.csj-emballages.com\/de\/\",\"logo\":{\"@type\":\"ImageObject\",\"inLanguage\":\"de\",\"@id\":\"https:\/\/www.csj-emballages.com\/de\/#\/schema\/logo\/image\/\",\"url\":\"https:\/\/www.csj-emballages.com\/wp-content\/uploads\/2023\/10\/logo_csj.webp\",\"contentUrl\":\"https:\/\/www.csj-emballages.com\/wp-content\/uploads\/2023\/10\/logo_csj.webp\",\"width\":250,\"height\":95,\"caption\":\"CSJ Emballages\"},\"image\":{\"@id\":\"https:\/\/www.csj-emballages.com\/de\/#\/schema\/logo\/image\/\"},\"sameAs\":[\"https:\/\/www.facebook.com\/csjemballages\"],\"address\":{\"@type\":\"PostalAddress\",\"streetAddress\":\"ZI La Lechere\",\"addressLocality\":\"Patornay\",\"postalCode\":\"39130\",\"addressCountry\":\"FR\"},\"contactPoint\":[{\"@type\":\"ContactPoint\",\"contactType\":\"Service client\",\"telephone\":\"0384254272\",\"email\":\"contact@csj-emballages.com\"}]}]}<\/script>\n<!-- \/ Yoast SEO Premium plugin. -->","yoast_head_json":{"title":"Hei\u00dfversiegelbarer Bubble Tea Becher aus RPET-Kunststoff, 500 ml, 48er-Pack","description":"Hei\u00dfversiegelbarer Bubble Tea Becher, \u00d895 mm, RPET, 500 ml, 48 St\u00fcck. Transparent und robust, ideal f\u00fcr Bubble Tea zum Mitnehmen.","robots":{"index":"index","follow":"follow","max-snippet":"max-snippet:-1","max-image-preview":"max-image-preview:large","max-video-preview":"max-video-preview:-1"},"canonical":"https:\/\/www.csj-emballages.com\/de\/produit\/48-heisssiegelbare-bubble-tea-glaeser-aus-kunststoff-95o-rpet-500-ml\/","og_locale":"de_DE","og_type":"article","og_title":"Hei\u00dfversiegelbarer Bubble Tea Becher aus RPET-Kunststoff, 95\u00d8, 500 ml, 48er-Pack","og_description":"Hei\u00dfversiegelbarer Bubble Tea Becher, \u00d895 mm, RPET, 500 ml, 48 St\u00fcck. Transparent und robust, ideal f\u00fcr Bubble Tea zum Mitnehmen.","og_url":"https:\/\/www.csj-emballages.com\/de\/produit\/48-heisssiegelbare-bubble-tea-glaeser-aus-kunststoff-95o-rpet-500-ml\/","og_site_name":"CSJ Emballages","article_publisher":"https:\/\/www.facebook.com\/csjemballages","article_modified_time":"2026-04-23T00:13:26+00:00","og_image":[{"width":800,"height":800,"url":"https:\/\/www.csj-emballages.com\/wp-content\/uploads\/2024\/03\/GM500BUBBLE.webp","type":"image\/webp"}],"twitter_card":"summary_large_image","twitter_misc":{"Gesch\u00e4tzte Lesezeit":"1\u00a0Minute"},"schema":{"@context":"https:\/\/schema.org","@graph":[{"@type":"WebPage","@id":"https:\/\/www.csj-emballages.com\/de\/produit\/48-heisssiegelbare-bubble-tea-glaeser-aus-kunststoff-95o-rpet-500-ml\/","url":"https:\/\/www.csj-emballages.com\/de\/produit\/48-heisssiegelbare-bubble-tea-glaeser-aus-kunststoff-95o-rpet-500-ml\/","name":"Hei\u00dfversiegelbarer Bubble Tea Becher aus RPET-Kunststoff, 500 ml, 48er-Pack","isPartOf":{"@id":"https:\/\/www.csj-emballages.com\/de\/#website"},"primaryImageOfPage":{"@id":"https:\/\/www.csj-emballages.com\/de\/produit\/48-heisssiegelbare-bubble-tea-glaeser-aus-kunststoff-95o-rpet-500-ml\/#primaryimage"},"image":{"@id":"https:\/\/www.csj-emballages.com\/de\/produit\/48-heisssiegelbare-bubble-tea-glaeser-aus-kunststoff-95o-rpet-500-ml\/#primaryimage"},"thumbnailUrl":"https:\/\/www.csj-emballages.com\/wp-content\/uploads\/2024\/03\/GM500BUBBLE.webp","datePublished":"2024-03-01T15:53:15+00:00","dateModified":"2026-04-23T00:13:26+00:00","description":"Hei\u00dfversiegelbarer Bubble Tea Becher, \u00d895 mm, RPET, 500 ml, 48 St\u00fcck. Transparent und robust, ideal f\u00fcr Bubble Tea zum Mitnehmen.","breadcrumb":{"@id":"https:\/\/www.csj-emballages.com\/de\/produit\/48-heisssiegelbare-bubble-tea-glaeser-aus-kunststoff-95o-rpet-500-ml\/#breadcrumb"},"inLanguage":"de","potentialAction":[{"@type":"ReadAction","target":["https:\/\/www.csj-emballages.com\/de\/produit\/48-heisssiegelbare-bubble-tea-glaeser-aus-kunststoff-95o-rpet-500-ml\/"]}]},{"@type":"ImageObject","inLanguage":"de","@id":"https:\/\/www.csj-emballages.com\/de\/produit\/48-heisssiegelbare-bubble-tea-glaeser-aus-kunststoff-95o-rpet-500-ml\/#primaryimage","url":"https:\/\/www.csj-emballages.com\/wp-content\/uploads\/2024\/03\/GM500BUBBLE.webp","contentUrl":"https:\/\/www.csj-emballages.com\/wp-content\/uploads\/2024\/03\/GM500BUBBLE.webp","width":800,"height":800,"caption":"Pot bubbles tea"},{"@type":"BreadcrumbList","@id":"https:\/\/www.csj-emballages.com\/de\/produit\/48-heisssiegelbare-bubble-tea-glaeser-aus-kunststoff-95o-rpet-500-ml\/#breadcrumb","itemListElement":[{"@type":"ListItem","position":1,"name":"Accueil","item":"https:\/\/www.csj-emballages.com\/de\/universum-lebensmittelverpackungen\/"},{"@type":"ListItem","position":2,"name":"Shop","item":"https:\/\/www.csj-emballages.com\/shop\/"},{"@type":"ListItem","position":3,"name":"Hei\u00dfversiegelbarer Bubble Tea Becher aus RPET-Kunststoff, 95\u00d8, 500 ml, 48er-Pack"}]},{"@type":"WebSite","@id":"https:\/\/www.csj-emballages.com\/de\/#website","url":"https:\/\/www.csj-emballages.com\/de\/","name":"CSJ Emballages","description":"","publisher":{"@id":"https:\/\/www.csj-emballages.com\/de\/#organization"},"potentialAction":[{"@type":"SearchAction","target":{"@type":"EntryPoint","urlTemplate":"https:\/\/www.csj-emballages.com\/de\/?s={search_term_string}"},"query-input":{"@type":"PropertyValueSpecification","valueRequired":true,"valueName":"search_term_string"}}],"inLanguage":"de"},{"@type":"Organization","@id":"https:\/\/www.csj-emballages.com\/de\/#Organization\/","name":"CSJ Emballages","url":"https:\/\/www.csj-emballages.com\/de\/","logo":{"@type":"ImageObject","inLanguage":"de","@id":"https:\/\/www.csj-emballages.com\/de\/#\/schema\/logo\/image\/","url":"https:\/\/www.csj-emballages.com\/wp-content\/uploads\/2023\/10\/logo_csj.webp","contentUrl":"https:\/\/www.csj-emballages.com\/wp-content\/uploads\/2023\/10\/logo_csj.webp","width":250,"height":95,"caption":"CSJ Emballages"},"image":{"@id":"https:\/\/www.csj-emballages.com\/de\/#\/schema\/logo\/image\/"},"sameAs":["https:\/\/www.facebook.com\/csjemballages"],"address":{"@type":"PostalAddress","streetAddress":"ZI La Lechere","addressLocality":"Patornay","postalCode":"39130","addressCountry":"FR"},"contactPoint":[{"@type":"ContactPoint","contactType":"Service client","telephone":"0384254272","email":"contact@csj-emballages.com"}]}]}},"df_price":4.93,"df_sale_price":4.93,"df_regular_price":5.48,"df_image_link":"https:\/\/www.csj-emballages.com\/wp-content\/uploads\/2024\/03\/GM500BUBBLE-300x300.webp","tiered_pricing_type":"fixed","tiered_pricing_fixed_rules":[],"tiered_pricing_percentage_rules":[],"tiered_pricing_minimum":1,"tiered_pricing_roles_data":[],"_links":{"self":[{"href":"https:\/\/www.csj-emballages.com\/de\/wp-json\/wp\/v2\/product\/21307","targetHints":{"allow":["GET"]}}],"collection":[{"href":"https:\/\/www.csj-emballages.com\/de\/wp-json\/wp\/v2\/product"}],"about":[{"href":"https:\/\/www.csj-emballages.com\/de\/wp-json\/wp\/v2\/types\/product"}],"wp:featuredmedia":[{"embeddable":true,"href":"https:\/\/www.csj-emballages.com\/de\/wp-json\/wp\/v2\/media\/264591"}],"wp:attachment":[{"href":"https:\/\/www.csj-emballages.com\/de\/wp-json\/wp\/v2\/media?parent=21307"}],"wp:term":[{"taxonomy":"product_brand","embeddable":true,"href":"https:\/\/www.csj-emballages.com\/de\/wp-json\/wp\/v2\/product_brand?post=21307"},{"taxonomy":"product_cat","embeddable":true,"href":"https:\/\/www.csj-emballages.com\/de\/wp-json\/wp\/v2\/product_cat?post=21307"},{"taxonomy":"product_tag","embeddable":true,"href":"https:\/\/www.csj-emballages.com\/de\/wp-json\/wp\/v2\/product_tag?post=21307"}],"curies":[{"name":"wp","href":"https:\/\/api.w.org\/{rel}","templated":true}]}}