{"id":21295,"date":"2024-03-01T16:53:19","date_gmt":"2024-03-01T15:53:19","guid":{"rendered":"https:\/\/u15jnbdpoq.preview.infomaniak.website\/produit\/78-obstglaeser-bubble-tea-aus-kunststoff-o95-rpet-300-ml\/"},"modified":"2026-03-12T16:26:13","modified_gmt":"2026-03-12T15:26:13","slug":"78-obstglaeser-bubble-tea-aus-kunststoff-o95-rpet-300-ml","status":"publish","type":"product","link":"https:\/\/www.csj-emballages.com\/de\/produit\/78-obstglaeser-bubble-tea-aus-kunststoff-o95-rpet-300-ml\/","title":{"rendered":"Obst-\/Bubble-Tea-Becher aus RPET-Kunststoff, \u00d895, 300 ml, 78 St\u00fcck"},"content":{"rendered":"<h2>Obstbecher<\/h2>\n<hr>\n<h3>Entdecken Sie unseren Obst-\/Bubble-Tea-Becher aus RPET-Kunststoff, \u00d895, 300 ml, 78 St\u00fcck<\/h3>\n<p><!--more--><\/p>\n<p data-start=\"260\" data-end=\"527\">Der <strong>Obst-\/Bubble-Tea-Becher aus RPET-Kunststoff, \u00d895, 300 ml<\/strong> ist ideal f\u00fcr die Pr\u00e4sentation und den Au\u00dfer-Haus-Verkauf von frischen Fr\u00fcchten, leichten Desserts oder Bubble Tea. Praktisch und \u00e4sthetisch, setzt er den Inhalt dank seiner vollst\u00e4ndigen Transparenz perfekt in Szene. <\/p>\n<p data-start=\"529\" data-end=\"844\">Hergestellt aus <strong>RPET<\/strong> (recyceltem Kunststoff), stellt dieser <strong>Becher<\/strong> eine verantwortungsvollere L\u00f6sung dar und garantiert gleichzeitig eine ausgezeichnete Widerstandsf\u00e4higkeit. Sein <strong>Fassungsverm\u00f6gen von 300 ml<\/strong> ist perfekt f\u00fcr individuelle Portionen von geschnittenen Fr\u00fcchten, Obstsalaten, Joghurts, dicken Smoothies oder Zubereitungen mit Tapiokaperlen geeignet. <\/p>\n<p data-start=\"846\" data-end=\"1104\">Sein <strong>Durchmesser von 95 mm<\/strong> erm\u00f6glicht einen guten Halt und macht ihn kompatibel mit passenden Deckeln (<strong>separat erh\u00e4ltlich<\/strong>), insbesondere f\u00fcr Getr\u00e4nke oder den Au\u00dfer-Haus-Verkauf. Seine stabile Form gew\u00e4hrleistet einen guten Stand in der K\u00fchlvitrine und beim Transport. <\/p>\n<p data-start=\"1106\" data-end=\"1387\">Ideal f\u00fcr Saftbars, <strong>Obstgesch\u00e4fte, Snackbars, B\u00e4ckereien oder Bubble-Tea-Konzepte<\/strong>, vereint dieser <strong>Becher<\/strong> Praktikabilit\u00e4t, Produktsichtbarkeit und ein modernes Image. Er wird in Packungen zu <strong>78 St\u00fcck<\/strong> geliefert und ist perfekt f\u00fcr Profis, die eine zuverl\u00e4ssige und ansprechende Verpackung suchen. <\/p>\n<p data-start=\"1106\" data-end=\"1387\">\n<p data-start=\"1106\" data-end=\"1387\"><!--more--><\/p>\n<p data-start=\"1106\" data-end=\"1387\"><strong><span style=\"color: #ff0000;\">*BECHER NUR F\u00dcR LEBENSMITTEL, NICHT F\u00dcR GETR\u00c4NKE BESTIMMT<\/span><\/strong><\/p>\n<p data-start=\"1106\" data-end=\"1387\">\n<p data-start=\"1106\" data-end=\"1387\"><!--more--><\/p>\n<h4>Vorteile :<\/h4>\n<ul>\n<li data-start=\"1425\" data-end=\"1479\">Fassungsverm\u00f6gen von <strong>300 ml<\/strong>, ideal f\u00fcr Einzelportionen.<\/li>\n<li data-start=\"1482\" data-end=\"1506\">Recycelter RPET-Kunststoff.<\/li>\n<li data-start=\"1509\" data-end=\"1558\">Optimale Transparenz zur Pr\u00e4sentation des Inhalts.<\/li>\n<li data-start=\"1614\" data-end=\"1653\">Geeignet f\u00fcr <strong>frische Fr\u00fcchte und Bubble Tea<\/strong>.<\/li>\n<li data-start=\"1656\" data-end=\"1700\">Gute Stabilit\u00e4t in Vitrine und beim Transport.<\/li>\n<li data-start=\"1703\" data-end=\"1734\">Leicht und praktisch in der Handhabung.<\/li>\n<li data-start=\"1737\" data-end=\"1780\">Professionelle Verpackung mit <strong>78 Bechern<\/strong>.<\/li>\n<\/ul>\n<p>&nbsp;<\/p>\n<p><!--more--><\/p>\n<h4>Weitere Informationen :<\/h4>\n<ul>\n<li><strong>Verpackung<\/strong>: Packung zu 78<\/li>\n<li><strong>Abmessungen<\/strong>: 95 x 74 (\u00d8 x H in mm)<\/li>\n<li><strong>Volumen<\/strong>: 300 ml<\/li>\n<li><strong>Durchmesser<\/strong>: 95 mm<\/li>\n<li><strong>Material<\/strong>: RPET<\/li>\n<\/ul>\n<p>&nbsp;<\/p>\n<p><!--more--><\/p>\n<p><a href=\"https:\/\/www.csj-emballages.com\/de\/categorie-produit\/lebensmittelverpackungen\/restauration-de\/becher-glaser-eimer-flaschen\/becher-fur-kalte-getranke\/heissiegelbare-bubble-tea-glaser\/\">Entdecken Sie unser gesamtes Sortiment an hei\u00dfversiegelbaren Bubble-Tea-Bechern<\/a><\/p>\n","protected":false},"excerpt":{"rendered":"<p>Obstbecher Entdecken Sie unseren Obst-\/Bubble-Tea-Becher aus RPET-Kunststoff, \u00d895, 300 ml, 78 St\u00fcck<\/p>\n","protected":false},"featured_media":264586,"template":"","meta":{"_acf_changed":false},"product_brand":[],"product_cat":[1137,1134,1469,1793,2728,1265],"product_tag":[],"class_list":{"0":"post-21295","1":"product","2":"type-product","3":"status-publish","4":"has-post-thumbnail","6":"product_cat-lebensmittelverpackungen","7":"product_cat-restauration-de","8":"product_cat-becher-glaser-eimer-flaschen","9":"product_cat-becher-fur-kalte-getranke","10":"product_cat-heissiegelbare-bubble-tea-glaser","11":"product_cat-lagerbestande-promotion","13":"first","14":"instock","15":"sale","16":"taxable","17":"shipping-taxable","18":"purchasable","19":"product-type-simple"},"acf":[],"yoast_head":"<!-- This site is optimized with the Yoast SEO Premium plugin v26.6 (Yoast SEO v26.6) - https:\/\/yoast.com\/wordpress\/plugins\/seo\/ -->\n<title>Obst-\/Bubble-Tea-Becher aus RPET-Kunststoff, \u00d895, 300 ml, 78 St\u00fcck<\/title>\n<meta name=\"description\" content=\"Obst-\/Bubble-Tea-Becher \u00d895 RPET 300 ml, 78 St\u00fcck. Transparent und recycelbar, ideal f\u00fcr frische Fr\u00fcchte und Getr\u00e4nke zum Mitnehmen.\" \/>\n<meta name=\"robots\" content=\"index, follow, max-snippet:-1, max-image-preview:large, max-video-preview:-1\" \/>\n<link rel=\"canonical\" href=\"https:\/\/www.csj-emballages.com\/de\/produit\/78-obstglaeser-bubble-tea-aus-kunststoff-o95-rpet-300-ml\/\" \/>\n<meta property=\"og:locale\" content=\"de_DE\" \/>\n<meta property=\"og:type\" content=\"article\" \/>\n<meta property=\"og:title\" content=\"Obst-\/Bubble-Tea-Becher aus RPET-Kunststoff, \u00d895, 300 ml, 78 St\u00fcck\" \/>\n<meta property=\"og:description\" content=\"Obst-\/Bubble-Tea-Becher \u00d895 RPET 300 ml, 78 St\u00fcck. Transparent und recycelbar, ideal f\u00fcr frische Fr\u00fcchte und Getr\u00e4nke zum Mitnehmen.\" \/>\n<meta property=\"og:url\" content=\"https:\/\/www.csj-emballages.com\/de\/produit\/78-obstglaeser-bubble-tea-aus-kunststoff-o95-rpet-300-ml\/\" \/>\n<meta property=\"og:site_name\" content=\"CSJ Emballages\" \/>\n<meta property=\"article:publisher\" content=\"https:\/\/www.facebook.com\/csjemballages\" \/>\n<meta property=\"article:modified_time\" content=\"2026-03-12T15:26:13+00:00\" \/>\n<meta property=\"og:image\" content=\"https:\/\/www.csj-emballages.com\/wp-content\/uploads\/2024\/03\/GM350FRUIT.webp\" \/>\n\t<meta property=\"og:image:width\" content=\"800\" \/>\n\t<meta property=\"og:image:height\" content=\"800\" \/>\n\t<meta property=\"og:image:type\" content=\"image\/webp\" \/>\n<meta name=\"twitter:card\" content=\"summary_large_image\" \/>\n<meta name=\"twitter:label1\" content=\"Gesch\u00e4tzte Lesezeit\" \/>\n\t<meta name=\"twitter:data1\" content=\"1\u00a0Minute\" \/>\n<script type=\"application\/ld+json\" class=\"yoast-schema-graph\">{\"@context\":\"https:\/\/schema.org\",\"@graph\":[{\"@type\":\"WebPage\",\"@id\":\"https:\/\/www.csj-emballages.com\/de\/produit\/78-obstglaeser-bubble-tea-aus-kunststoff-o95-rpet-300-ml\/\",\"url\":\"https:\/\/www.csj-emballages.com\/de\/produit\/78-obstglaeser-bubble-tea-aus-kunststoff-o95-rpet-300-ml\/\",\"name\":\"Obst-\/Bubble-Tea-Becher aus RPET-Kunststoff, \u00d895, 300 ml, 78 St\u00fcck\",\"isPartOf\":{\"@id\":\"https:\/\/www.csj-emballages.com\/de\/#website\"},\"primaryImageOfPage\":{\"@id\":\"https:\/\/www.csj-emballages.com\/de\/produit\/78-obstglaeser-bubble-tea-aus-kunststoff-o95-rpet-300-ml\/#primaryimage\"},\"image\":{\"@id\":\"https:\/\/www.csj-emballages.com\/de\/produit\/78-obstglaeser-bubble-tea-aus-kunststoff-o95-rpet-300-ml\/#primaryimage\"},\"thumbnailUrl\":\"https:\/\/www.csj-emballages.com\/wp-content\/uploads\/2024\/03\/GM350FRUIT.webp\",\"datePublished\":\"2024-03-01T15:53:19+00:00\",\"dateModified\":\"2026-03-12T15:26:13+00:00\",\"description\":\"Obst-\/Bubble-Tea-Becher \u00d895 RPET 300 ml, 78 St\u00fcck. Transparent und recycelbar, ideal f\u00fcr frische Fr\u00fcchte und Getr\u00e4nke zum Mitnehmen.\",\"breadcrumb\":{\"@id\":\"https:\/\/www.csj-emballages.com\/de\/produit\/78-obstglaeser-bubble-tea-aus-kunststoff-o95-rpet-300-ml\/#breadcrumb\"},\"inLanguage\":\"de\",\"potentialAction\":[{\"@type\":\"ReadAction\",\"target\":[\"https:\/\/www.csj-emballages.com\/de\/produit\/78-obstglaeser-bubble-tea-aus-kunststoff-o95-rpet-300-ml\/\"]}]},{\"@type\":\"ImageObject\",\"inLanguage\":\"de\",\"@id\":\"https:\/\/www.csj-emballages.com\/de\/produit\/78-obstglaeser-bubble-tea-aus-kunststoff-o95-rpet-300-ml\/#primaryimage\",\"url\":\"https:\/\/www.csj-emballages.com\/wp-content\/uploads\/2024\/03\/GM350FRUIT.webp\",\"contentUrl\":\"https:\/\/www.csj-emballages.com\/wp-content\/uploads\/2024\/03\/GM350FRUIT.webp\",\"width\":800,\"height\":800,\"caption\":\"Pot \u00e0 fruits\"},{\"@type\":\"BreadcrumbList\",\"@id\":\"https:\/\/www.csj-emballages.com\/de\/produit\/78-obstglaeser-bubble-tea-aus-kunststoff-o95-rpet-300-ml\/#breadcrumb\",\"itemListElement\":[{\"@type\":\"ListItem\",\"position\":1,\"name\":\"Accueil\",\"item\":\"https:\/\/www.csj-emballages.com\/de\/universum-lebensmittelverpackungen\/\"},{\"@type\":\"ListItem\",\"position\":2,\"name\":\"Shop\",\"item\":\"https:\/\/www.csj-emballages.com\/shop\/\"},{\"@type\":\"ListItem\",\"position\":3,\"name\":\"Obst-\/Bubble-Tea-Becher aus RPET-Kunststoff, \u00d895, 300 ml, 78 St\u00fcck\"}]},{\"@type\":\"WebSite\",\"@id\":\"https:\/\/www.csj-emballages.com\/de\/#website\",\"url\":\"https:\/\/www.csj-emballages.com\/de\/\",\"name\":\"CSJ Emballages\",\"description\":\"\",\"publisher\":{\"@id\":\"https:\/\/www.csj-emballages.com\/de\/#organization\"},\"potentialAction\":[{\"@type\":\"SearchAction\",\"target\":{\"@type\":\"EntryPoint\",\"urlTemplate\":\"https:\/\/www.csj-emballages.com\/de\/?s={search_term_string}\"},\"query-input\":{\"@type\":\"PropertyValueSpecification\",\"valueRequired\":true,\"valueName\":\"search_term_string\"}}],\"inLanguage\":\"de\"},{\"@type\":\"Organization\",\"@id\":\"https:\/\/www.csj-emballages.com\/de\/#Organization\/\",\"name\":\"CSJ Emballages\",\"url\":\"https:\/\/www.csj-emballages.com\/de\/\",\"logo\":{\"@type\":\"ImageObject\",\"inLanguage\":\"de\",\"@id\":\"https:\/\/www.csj-emballages.com\/de\/#\/schema\/logo\/image\/\",\"url\":\"https:\/\/www.csj-emballages.com\/wp-content\/uploads\/2023\/10\/logo_csj.webp\",\"contentUrl\":\"https:\/\/www.csj-emballages.com\/wp-content\/uploads\/2023\/10\/logo_csj.webp\",\"width\":250,\"height\":95,\"caption\":\"CSJ Emballages\"},\"image\":{\"@id\":\"https:\/\/www.csj-emballages.com\/de\/#\/schema\/logo\/image\/\"},\"sameAs\":[\"https:\/\/www.facebook.com\/csjemballages\"],\"address\":{\"@type\":\"PostalAddress\",\"streetAddress\":\"ZI La Lechere\",\"addressLocality\":\"Patornay\",\"postalCode\":\"39130\",\"addressCountry\":\"FR\"},\"contactPoint\":[{\"@type\":\"ContactPoint\",\"contactType\":\"Service client\",\"telephone\":\"0384254272\",\"email\":\"contact@csj-emballages.com\"}]}]}<\/script>\n<!-- \/ Yoast SEO Premium plugin. -->","yoast_head_json":{"title":"Obst-\/Bubble-Tea-Becher aus RPET-Kunststoff, \u00d895, 300 ml, 78 St\u00fcck","description":"Obst-\/Bubble-Tea-Becher \u00d895 RPET 300 ml, 78 St\u00fcck. Transparent und recycelbar, ideal f\u00fcr frische Fr\u00fcchte und Getr\u00e4nke zum Mitnehmen.","robots":{"index":"index","follow":"follow","max-snippet":"max-snippet:-1","max-image-preview":"max-image-preview:large","max-video-preview":"max-video-preview:-1"},"canonical":"https:\/\/www.csj-emballages.com\/de\/produit\/78-obstglaeser-bubble-tea-aus-kunststoff-o95-rpet-300-ml\/","og_locale":"de_DE","og_type":"article","og_title":"Obst-\/Bubble-Tea-Becher aus RPET-Kunststoff, \u00d895, 300 ml, 78 St\u00fcck","og_description":"Obst-\/Bubble-Tea-Becher \u00d895 RPET 300 ml, 78 St\u00fcck. Transparent und recycelbar, ideal f\u00fcr frische Fr\u00fcchte und Getr\u00e4nke zum Mitnehmen.","og_url":"https:\/\/www.csj-emballages.com\/de\/produit\/78-obstglaeser-bubble-tea-aus-kunststoff-o95-rpet-300-ml\/","og_site_name":"CSJ Emballages","article_publisher":"https:\/\/www.facebook.com\/csjemballages","article_modified_time":"2026-03-12T15:26:13+00:00","og_image":[{"width":800,"height":800,"url":"https:\/\/www.csj-emballages.com\/wp-content\/uploads\/2024\/03\/GM350FRUIT.webp","type":"image\/webp"}],"twitter_card":"summary_large_image","twitter_misc":{"Gesch\u00e4tzte Lesezeit":"1\u00a0Minute"},"schema":{"@context":"https:\/\/schema.org","@graph":[{"@type":"WebPage","@id":"https:\/\/www.csj-emballages.com\/de\/produit\/78-obstglaeser-bubble-tea-aus-kunststoff-o95-rpet-300-ml\/","url":"https:\/\/www.csj-emballages.com\/de\/produit\/78-obstglaeser-bubble-tea-aus-kunststoff-o95-rpet-300-ml\/","name":"Obst-\/Bubble-Tea-Becher aus RPET-Kunststoff, \u00d895, 300 ml, 78 St\u00fcck","isPartOf":{"@id":"https:\/\/www.csj-emballages.com\/de\/#website"},"primaryImageOfPage":{"@id":"https:\/\/www.csj-emballages.com\/de\/produit\/78-obstglaeser-bubble-tea-aus-kunststoff-o95-rpet-300-ml\/#primaryimage"},"image":{"@id":"https:\/\/www.csj-emballages.com\/de\/produit\/78-obstglaeser-bubble-tea-aus-kunststoff-o95-rpet-300-ml\/#primaryimage"},"thumbnailUrl":"https:\/\/www.csj-emballages.com\/wp-content\/uploads\/2024\/03\/GM350FRUIT.webp","datePublished":"2024-03-01T15:53:19+00:00","dateModified":"2026-03-12T15:26:13+00:00","description":"Obst-\/Bubble-Tea-Becher \u00d895 RPET 300 ml, 78 St\u00fcck. Transparent und recycelbar, ideal f\u00fcr frische Fr\u00fcchte und Getr\u00e4nke zum Mitnehmen.","breadcrumb":{"@id":"https:\/\/www.csj-emballages.com\/de\/produit\/78-obstglaeser-bubble-tea-aus-kunststoff-o95-rpet-300-ml\/#breadcrumb"},"inLanguage":"de","potentialAction":[{"@type":"ReadAction","target":["https:\/\/www.csj-emballages.com\/de\/produit\/78-obstglaeser-bubble-tea-aus-kunststoff-o95-rpet-300-ml\/"]}]},{"@type":"ImageObject","inLanguage":"de","@id":"https:\/\/www.csj-emballages.com\/de\/produit\/78-obstglaeser-bubble-tea-aus-kunststoff-o95-rpet-300-ml\/#primaryimage","url":"https:\/\/www.csj-emballages.com\/wp-content\/uploads\/2024\/03\/GM350FRUIT.webp","contentUrl":"https:\/\/www.csj-emballages.com\/wp-content\/uploads\/2024\/03\/GM350FRUIT.webp","width":800,"height":800,"caption":"Pot \u00e0 fruits"},{"@type":"BreadcrumbList","@id":"https:\/\/www.csj-emballages.com\/de\/produit\/78-obstglaeser-bubble-tea-aus-kunststoff-o95-rpet-300-ml\/#breadcrumb","itemListElement":[{"@type":"ListItem","position":1,"name":"Accueil","item":"https:\/\/www.csj-emballages.com\/de\/universum-lebensmittelverpackungen\/"},{"@type":"ListItem","position":2,"name":"Shop","item":"https:\/\/www.csj-emballages.com\/shop\/"},{"@type":"ListItem","position":3,"name":"Obst-\/Bubble-Tea-Becher aus RPET-Kunststoff, \u00d895, 300 ml, 78 St\u00fcck"}]},{"@type":"WebSite","@id":"https:\/\/www.csj-emballages.com\/de\/#website","url":"https:\/\/www.csj-emballages.com\/de\/","name":"CSJ Emballages","description":"","publisher":{"@id":"https:\/\/www.csj-emballages.com\/de\/#organization"},"potentialAction":[{"@type":"SearchAction","target":{"@type":"EntryPoint","urlTemplate":"https:\/\/www.csj-emballages.com\/de\/?s={search_term_string}"},"query-input":{"@type":"PropertyValueSpecification","valueRequired":true,"valueName":"search_term_string"}}],"inLanguage":"de"},{"@type":"Organization","@id":"https:\/\/www.csj-emballages.com\/de\/#Organization\/","name":"CSJ Emballages","url":"https:\/\/www.csj-emballages.com\/de\/","logo":{"@type":"ImageObject","inLanguage":"de","@id":"https:\/\/www.csj-emballages.com\/de\/#\/schema\/logo\/image\/","url":"https:\/\/www.csj-emballages.com\/wp-content\/uploads\/2023\/10\/logo_csj.webp","contentUrl":"https:\/\/www.csj-emballages.com\/wp-content\/uploads\/2023\/10\/logo_csj.webp","width":250,"height":95,"caption":"CSJ Emballages"},"image":{"@id":"https:\/\/www.csj-emballages.com\/de\/#\/schema\/logo\/image\/"},"sameAs":["https:\/\/www.facebook.com\/csjemballages"],"address":{"@type":"PostalAddress","streetAddress":"ZI La Lechere","addressLocality":"Patornay","postalCode":"39130","addressCountry":"FR"},"contactPoint":[{"@type":"ContactPoint","contactType":"Service client","telephone":"0384254272","email":"contact@csj-emballages.com"}]}]}},"df_price":5.18,"df_sale_price":5.18,"df_regular_price":6.48,"df_image_link":"https:\/\/www.csj-emballages.com\/wp-content\/uploads\/2024\/03\/GM350FRUIT-300x300.webp","tiered_pricing_type":"fixed","tiered_pricing_fixed_rules":[],"tiered_pricing_percentage_rules":[],"tiered_pricing_minimum":1,"tiered_pricing_roles_data":[],"_links":{"self":[{"href":"https:\/\/www.csj-emballages.com\/de\/wp-json\/wp\/v2\/product\/21295","targetHints":{"allow":["GET"]}}],"collection":[{"href":"https:\/\/www.csj-emballages.com\/de\/wp-json\/wp\/v2\/product"}],"about":[{"href":"https:\/\/www.csj-emballages.com\/de\/wp-json\/wp\/v2\/types\/product"}],"wp:featuredmedia":[{"embeddable":true,"href":"https:\/\/www.csj-emballages.com\/de\/wp-json\/wp\/v2\/media\/264586"}],"wp:attachment":[{"href":"https:\/\/www.csj-emballages.com\/de\/wp-json\/wp\/v2\/media?parent=21295"}],"wp:term":[{"taxonomy":"product_brand","embeddable":true,"href":"https:\/\/www.csj-emballages.com\/de\/wp-json\/wp\/v2\/product_brand?post=21295"},{"taxonomy":"product_cat","embeddable":true,"href":"https:\/\/www.csj-emballages.com\/de\/wp-json\/wp\/v2\/product_cat?post=21295"},{"taxonomy":"product_tag","embeddable":true,"href":"https:\/\/www.csj-emballages.com\/de\/wp-json\/wp\/v2\/product_tag?post=21295"}],"curies":[{"name":"wp","href":"https:\/\/api.w.org\/{rel}","templated":true}]}}