{"id":21154,"date":"2024-03-01T16:53:25","date_gmt":"2024-03-01T15:53:25","guid":{"rendered":"https:\/\/u15jnbdpoq.preview.infomaniak.website\/produit\/50-smoothie-becher-95o-aus-kunststoff-260-280-ml\/"},"modified":"2026-04-28T02:15:31","modified_gmt":"2026-04-28T00:15:31","slug":"50-smoothie-becher-95o-aus-kunststoff-260-280-ml","status":"publish","type":"product","link":"https:\/\/www.csj-emballages.com\/de\/produit\/50-smoothie-becher-95o-aus-kunststoff-260-280-ml\/","title":{"rendered":"Plastikbecher 95\u00d8 260\/280 ml pro 50 St\u00fcck"},"content":{"rendered":"<h2><strong style=\"font-family: Roboto, sans-serif;\">Kunststofftopf<\/strong><\/h2>\n<div style=\"font-family: Roboto, sans-serif;\">\n<div style=\"font-family: Roboto, sans-serif;\">\n<div style=\"font-family: Roboto, sans-serif;\">\n<div style=\"text-align: center;\">\n<div style=\"font-family: Roboto, sans-serif;\">\n<div style=\"font-family: Roboto, sans-serif;\">\n<div style=\"font-family: Roboto, sans-serif;\">\n<div style=\"font-family: Roboto, sans-serif;\">\n<div style=\"font-family: Roboto, sans-serif;\">\n<div style=\"font-family: Roboto, sans-serif; text-align: left;\">\n<hr>\n<h3 style=\"text-align: left;\">Beschreibung unseres Plastikbechers 260\/280 ml pro 50 St\u00fcck<\/h3>\n<p><!--more--><\/p>\n<p data-start=\"263\" data-end=\"680\">Dieser <strong data-start=\"318\" data-end=\"356\">Kunststoffbeh\u00e4lter mit einem Durchmesser von 95 mm und einem Fassungsverm\u00f6gen von 260\/280 ml<\/strong> ist zwar schlicht, aber \u00e4u\u00dferst praktisch. Er geh\u00f6rt eindeutig zu den unverzichtbaren Produkten f\u00fcr Restaurants und Take-aways. Er ist transparent und schlicht und bringt das, was Sie darin servieren, direkt zur Geltung. Ob gemischte Salate, geschnittenes Obst, Desserts, \u00fcppige Saucen oder kalte Zubereitungen: Alles ist gut sichtbar, sauber pr\u00e4sentiert und leicht zu erkennen.  <\/p>\n<p data-start=\"682\" data-end=\"1070\">Dank ihres Zwischenformats bietet sie genau das richtige Fassungsverm\u00f6gen. Nicht zu klein und nicht zu gro\u00df, eignet er sich sowohl f\u00fcr eine Einzelportion als auch f\u00fcr eine Beilage. Die leicht ausgestellte Form erleichtert nicht nur das Bef\u00fcllen, sondern auch die Handhabung, sei es in der K\u00fcche oder auf Kundenseite. Man spart Zeit, vermeidet Versch\u00fcttungen und das Servieren wird fl\u00fcssiger.   <\/p>\n<p data-start=\"1072\" data-end=\"1402\">Der <strong>transparente Kunststoff<\/strong> ist steif und stabil, sodass sich die T\u00f6pfe sorglos stapeln und leicht transportieren lassen. In Kombination mit einem <strong>kompatiblen Deckel mit \u00d895 mm<\/strong><strong>(separat<\/strong> erh\u00e4ltlich) wird dieser <strong>Topf<\/strong> zu einer zuverl\u00e4ssigen L\u00f6sung f\u00fcr den Take-away- oder Lieferservice. Nichts wackelt, nichts tropft und Ihre Zubereitungen kommen unversehrt an.  <\/p>\n<p data-start=\"1404\" data-end=\"1650\">Diese Verpackung wird <strong data-start=\"1410\" data-end=\"1427\">in Sets von 50 St\u00fcck<\/strong> verkauft und ist ideal, um Ihren Vorrat zu verwalten, ohne Ihren Raum zu \u00fcberf\u00fcllen. Ob Gastronom, Caterer, Imbiss oder Veranstaltungsprofi, dieser Topf passt sich Ihrem Rhythmus und Ihren t\u00e4glichen Bed\u00fcrfnissen an. <\/p>\n<p data-start=\"1652\" data-end=\"1796\">Zusammenfassend l\u00e4sst sich sagen, dass es sich um einen unauff\u00e4lligen, aber effektiven Beh\u00e4lter handelt, der die Arbeit erledigt, ohne Ihre Organisation zu erschweren, und der Ihre Rezepte ins rechte Licht r\u00fcckt.<\/p>\n<p data-start=\"1652\" data-end=\"1796\">\n<\/div>\n<div style=\"font-family: Roboto, sans-serif;\">\n<div style=\"font-family: Roboto, sans-serif;\">\n<div style=\"font-family: Roboto, sans-serif;\">\n<div style=\"text-align: center;\">\n<div style=\"font-family: Roboto, sans-serif;\">\n<div style=\"font-family: Roboto, sans-serif;\">\n<div style=\"font-family: Roboto, sans-serif;\">\n<div style=\"font-family: Roboto, sans-serif;\">\n<div style=\"font-family: Roboto, sans-serif;\">\n<p><!--more--><\/p>\n<div style=\"font-family: Roboto, sans-serif; text-align: left;\">\n<p><span style=\"font-weight: bold; color: #ff0000;\">T\u00f6pfe, die f\u00fcr Lebensmittel und nicht f\u00fcr Getr\u00e4nke vorgesehen sind ( Frankreich )<\/span><\/p>\n<\/div>\n<\/div>\n<\/div>\n<\/div>\n<\/div>\n<\/div>\n<\/div>\n<\/div>\n<\/div>\n<\/div>\n<div style=\"font-family: Roboto, sans-serif; text-align: left;\">\n<p>&nbsp;<\/p>\n<\/div>\n<\/div>\n<\/div>\n<\/div>\n<\/div>\n<\/div>\n<\/div>\n<\/div>\n<\/div>\n<\/div>\n<p><!--more--><\/p>\n<h4 style=\"text-align: left;\"><strong>Vorteile :  <\/strong><\/h4>\n<ul>\n<li data-start=\"1824\" data-end=\"1878\">Perfekte Transparenz f\u00fcr eine gepflegte Pr\u00e4sentation.<\/li>\n<li data-start=\"1881\" data-end=\"1912\">Vielseitiges Format <strong>260\/280 ml.<\/strong><\/li>\n<li data-start=\"1915\" data-end=\"1972\">Praktische Form zum Bef\u00fcllen und Greifen.<\/li>\n<li data-start=\"1975\" data-end=\"2011\">Kompatibel mit Deckeln <strong>\u00d895 mm.<\/strong><\/li>\n<li data-start=\"2014\" data-end=\"2058\"><strong>50er-Set<\/strong> ideal f\u00fcr den professionellen Gebrauch.<\/li>\n<\/ul>\n<p>&nbsp;<\/p>\n<p><!--more--><\/p>\n<h4 style=\"text-align: left;\"><strong>Weitere Informationen :<\/strong><\/h4>\n<div class=\"elementor elementor-2384 elementor-location-archive product\" data-elementor-type=\"product-archive\" data-elementor-id=\"2384\" data-elementor-post-type=\"elementor_library\">\n<div class=\"elementor-element elementor-element-c44cccd nt-archive-products e-flex e-con-boxed e-con e-parent e-lazyloaded\" data-id=\"c44cccd\" data-element_type=\"container\">\n<div class=\"e-con-inner\">\n<div class=\"elementor-element elementor-element-f35cc29 e-con-full e-flex e-con e-child\" data-id=\"f35cc29\" data-element_type=\"container\">\n<div class=\"elementor-element elementor-element-8781411 elementor-widget elementor-widget-woocommerce-archive-description\" data-id=\"8781411\" data-element_type=\"widget\" data-widget_type=\"woocommerce-archive-description.default\">\n<div class=\"elementor-widget-container\">\n<div class=\"term-description\">\n<ul>\n<li><strong>Verpackung<\/strong>: Packung mit 50 St\u00fcck<\/li>\n<li><strong>H\u00f6he<\/strong>: 72.8 mm<\/li>\n<li><strong>Durchmesser oben<\/strong>: 95 mm<\/li>\n<li><strong>Volumen<\/strong>: 260\/280 ml<\/li>\n<li><strong>Material<\/strong>: rPET<\/li>\n<li><strong>Betriebstemperatur<\/strong>: -40\u00b0C \/ +60\u00b0C<\/li>\n<\/ul>\n<\/div>\n<\/div>\n<\/div>\n<\/div>\n<\/div>\n<\/div>\n<\/div>\n<div class=\"elementor elementor-175 elementor-location-footer\" data-elementor-type=\"footer\" data-elementor-id=\"175\" data-elementor-post-type=\"elementor_library\">\n<div class=\"elementor-element elementor-element-d413b54 e-flex e-con-boxed e-con e-parent e-lazyloaded\" data-id=\"d413b54\" data-element_type=\"container\">\n<div class=\"e-con-inner\">\n<div class=\"elementor-element elementor-element-9493a3c elementor-widget elementor-widget-shortcode\" data-id=\"9493a3c\" data-element_type=\"widget\" data-widget_type=\"shortcode.default\">\n<div class=\"elementor-widget-container\"><\/div>\n<\/div>\n<\/div>\n<\/div>\n<\/div>\n<p><!--more--><\/p>\n<h4>  Hier finden Sie die Deckel, die mit diesem Plastiktopf kompatibel sind :<\/h4>\n<p>Dome werden separat verkauft (Art. <span style=\"color: #d12727;\"><a style=\"color: #d12727;\" href=\"https:\/\/www.csj-emballages.com\/es\/produit\/50-tapas-de-cupula-con-pico-para-batidos-de-plastico-95-o\/\">CVDOMTR500CC<\/a><\/span>) <\/p>\n<p>Kuppeln mit Kreuzstrebe (Ref. <span style=\"color: #d12727;\"><a style=\"color: #d12727;\" href=\"https:\/\/www.csj-emballages.com\/es\/produit\/tapa-de-cupula-de-plastico-con-travesano-o95-por-50\/\">CVDOMCR500CC<\/a><\/span>)<\/p>\n<p>Sch\u00fcsseln werden separat verkauft (Ref. <span style=\"color: #d12727;\"><a style=\"color: #d12727;\" href=\"https:\/\/www.csj-emballages.com\/es\/produit\/50-tapas-planas-desechables-para-batidos-pajita-cruz-o-95\/\">CVCR500CC<\/a><\/span>)<\/p>\n<p>Sch\u00fcsseln ohne Loch separat erh\u00e4ltlich (Ref. <span style=\"color: #d12727;\"><a style=\"color: #d12727;\" href=\"https:\/\/www.csj-emballages.com\/es\/produit\/50-tapas-desechables-para-batidos-sin-agujero-o-95\/\">CVCRSSTR<\/a><\/span>)<\/p>\n<p>Dome mit Schnabel (Ref. <span style=\"color: #d12727;\"><a style=\"color: #d12727;\" href=\"https:\/\/www.csj-emballages.com\/es\/produit\/50-tapas-de-cupula-con-pico-para-batidos-de-plastico-95-o\/\">CVDOMBEC<\/a><\/span>)<\/p>\n<p>&nbsp;<\/p>\n<p style=\"text-align: left;\"><!--more--><\/p>\n<p><a href=\"\/?product_cat=pots-smoothies-diametre-95mm\">Sehen Sie sich den Rest unseres Sortiments an Smoothie-T\u00f6pfen in \u00d895 mm an.<\/a><\/p>\n","protected":false},"excerpt":{"rendered":"<p>Kunststofftopf Beschreibung unseres Plastikbechers 260\/280 ml pro 50 St\u00fcck<\/p>\n","protected":false},"featured_media":194124,"template":"","meta":{"_acf_changed":false},"product_brand":[],"product_cat":[1137,1170,1279,1464,1134,1469,1793,2541,2547],"product_tag":[],"class_list":{"0":"post-21154","1":"product","2":"type-product","3":"status-publish","4":"has-post-thumbnail","6":"product_cat-lebensmittelverpackungen","7":"product_cat-metzgerei-und-feinkostgeschaft","8":"product_cat-schalen-topfe-glaser","9":"product_cat-dessertschalen","10":"product_cat-restauration-de","11":"product_cat-becher-glaser-eimer-flaschen","12":"product_cat-becher-fur-kalte-getranke","13":"product_cat-smoothie-becher","14":"product_cat-smoothie-glaser-durchmesser-95-mm","16":"first","17":"instock","18":"taxable","19":"shipping-taxable","20":"purchasable","21":"product-type-simple"},"acf":[],"yoast_head":"<!-- This site is optimized with the Yoast SEO Premium plugin v26.6 (Yoast SEO v26.6) - https:\/\/yoast.com\/wordpress\/plugins\/seo\/ -->\n<title>Plastikbeh\u00e4lter 95\u00d8 260\/280 ml pro 50 St\u00fcck<\/title>\n<meta name=\"description\" content=\"Plastikbecher \u00d895 mm 260\/280 ml verkauft per 50. Ideal f\u00fcr Desserts, Salate und kalte Zubereitungen. Praktisch, stabil und f\u00fcr den Verkauf zum Mitnehmen geeignet.\" \/>\n<meta name=\"robots\" content=\"index, follow, max-snippet:-1, max-image-preview:large, max-video-preview:-1\" \/>\n<link rel=\"canonical\" href=\"https:\/\/www.csj-emballages.com\/de\/produit\/50-smoothie-becher-95o-aus-kunststoff-260-280-ml\/\" \/>\n<meta property=\"og:locale\" content=\"de_DE\" \/>\n<meta property=\"og:type\" content=\"article\" \/>\n<meta property=\"og:title\" content=\"Plastikbecher 95\u00d8 260\/280 ml pro 50 St\u00fcck\" \/>\n<meta property=\"og:description\" content=\"Plastikbecher \u00d895 mm 260\/280 ml verkauft per 50. Ideal f\u00fcr Desserts, Salate und kalte Zubereitungen. Praktisch, stabil und f\u00fcr den Verkauf zum Mitnehmen geeignet.\" \/>\n<meta property=\"og:url\" content=\"https:\/\/www.csj-emballages.com\/de\/produit\/50-smoothie-becher-95o-aus-kunststoff-260-280-ml\/\" \/>\n<meta property=\"og:site_name\" content=\"CSJ Emballages\" \/>\n<meta property=\"article:publisher\" content=\"https:\/\/www.facebook.com\/csjemballages\" \/>\n<meta property=\"article:modified_time\" content=\"2026-04-28T00:15:31+00:00\" \/>\n<meta property=\"og:image\" content=\"https:\/\/www.csj-emballages.com\/wp-content\/uploads\/2024\/03\/GM250CC.webp\" \/>\n\t<meta property=\"og:image:width\" content=\"800\" \/>\n\t<meta property=\"og:image:height\" content=\"800\" \/>\n\t<meta property=\"og:image:type\" content=\"image\/webp\" \/>\n<meta name=\"twitter:card\" content=\"summary_large_image\" \/>\n<meta name=\"twitter:label1\" content=\"Gesch\u00e4tzte Lesezeit\" \/>\n\t<meta name=\"twitter:data1\" content=\"2 Minuten\" \/>\n<script type=\"application\/ld+json\" class=\"yoast-schema-graph\">{\"@context\":\"https:\/\/schema.org\",\"@graph\":[{\"@type\":\"WebPage\",\"@id\":\"https:\/\/www.csj-emballages.com\/de\/produit\/50-smoothie-becher-95o-aus-kunststoff-260-280-ml\/\",\"url\":\"https:\/\/www.csj-emballages.com\/de\/produit\/50-smoothie-becher-95o-aus-kunststoff-260-280-ml\/\",\"name\":\"Plastikbeh\u00e4lter 95\u00d8 260\/280 ml pro 50 St\u00fcck\",\"isPartOf\":{\"@id\":\"https:\/\/www.csj-emballages.com\/de\/#website\"},\"primaryImageOfPage\":{\"@id\":\"https:\/\/www.csj-emballages.com\/de\/produit\/50-smoothie-becher-95o-aus-kunststoff-260-280-ml\/#primaryimage\"},\"image\":{\"@id\":\"https:\/\/www.csj-emballages.com\/de\/produit\/50-smoothie-becher-95o-aus-kunststoff-260-280-ml\/#primaryimage\"},\"thumbnailUrl\":\"https:\/\/www.csj-emballages.com\/wp-content\/uploads\/2024\/03\/GM250CC.webp\",\"datePublished\":\"2024-03-01T15:53:25+00:00\",\"dateModified\":\"2026-04-28T00:15:31+00:00\",\"description\":\"Plastikbecher \u00d895 mm 260\/280 ml verkauft per 50. Ideal f\u00fcr Desserts, Salate und kalte Zubereitungen. Praktisch, stabil und f\u00fcr den Verkauf zum Mitnehmen geeignet.\",\"breadcrumb\":{\"@id\":\"https:\/\/www.csj-emballages.com\/de\/produit\/50-smoothie-becher-95o-aus-kunststoff-260-280-ml\/#breadcrumb\"},\"inLanguage\":\"de\",\"potentialAction\":[{\"@type\":\"ReadAction\",\"target\":[\"https:\/\/www.csj-emballages.com\/de\/produit\/50-smoothie-becher-95o-aus-kunststoff-260-280-ml\/\"]}]},{\"@type\":\"ImageObject\",\"inLanguage\":\"de\",\"@id\":\"https:\/\/www.csj-emballages.com\/de\/produit\/50-smoothie-becher-95o-aus-kunststoff-260-280-ml\/#primaryimage\",\"url\":\"https:\/\/www.csj-emballages.com\/wp-content\/uploads\/2024\/03\/GM250CC.webp\",\"contentUrl\":\"https:\/\/www.csj-emballages.com\/wp-content\/uploads\/2024\/03\/GM250CC.webp\",\"width\":800,\"height\":800,\"caption\":\"pot plastique\"},{\"@type\":\"BreadcrumbList\",\"@id\":\"https:\/\/www.csj-emballages.com\/de\/produit\/50-smoothie-becher-95o-aus-kunststoff-260-280-ml\/#breadcrumb\",\"itemListElement\":[{\"@type\":\"ListItem\",\"position\":1,\"name\":\"Accueil\",\"item\":\"https:\/\/www.csj-emballages.com\/de\/universum-lebensmittelverpackungen\/\"},{\"@type\":\"ListItem\",\"position\":2,\"name\":\"Shop\",\"item\":\"https:\/\/www.csj-emballages.com\/shop\/\"},{\"@type\":\"ListItem\",\"position\":3,\"name\":\"Plastikbecher 95\u00d8 260\/280 ml pro 50 St\u00fcck\"}]},{\"@type\":\"WebSite\",\"@id\":\"https:\/\/www.csj-emballages.com\/de\/#website\",\"url\":\"https:\/\/www.csj-emballages.com\/de\/\",\"name\":\"CSJ Emballages\",\"description\":\"\",\"publisher\":{\"@id\":\"https:\/\/www.csj-emballages.com\/de\/#organization\"},\"potentialAction\":[{\"@type\":\"SearchAction\",\"target\":{\"@type\":\"EntryPoint\",\"urlTemplate\":\"https:\/\/www.csj-emballages.com\/de\/?s={search_term_string}\"},\"query-input\":{\"@type\":\"PropertyValueSpecification\",\"valueRequired\":true,\"valueName\":\"search_term_string\"}}],\"inLanguage\":\"de\"},{\"@type\":\"Organization\",\"@id\":\"https:\/\/www.csj-emballages.com\/de\/#Organization\/\",\"name\":\"CSJ Emballages\",\"url\":\"https:\/\/www.csj-emballages.com\/de\/\",\"logo\":{\"@type\":\"ImageObject\",\"inLanguage\":\"de\",\"@id\":\"https:\/\/www.csj-emballages.com\/de\/#\/schema\/logo\/image\/\",\"url\":\"https:\/\/www.csj-emballages.com\/wp-content\/uploads\/2023\/10\/logo_csj.webp\",\"contentUrl\":\"https:\/\/www.csj-emballages.com\/wp-content\/uploads\/2023\/10\/logo_csj.webp\",\"width\":250,\"height\":95,\"caption\":\"CSJ Emballages\"},\"image\":{\"@id\":\"https:\/\/www.csj-emballages.com\/de\/#\/schema\/logo\/image\/\"},\"sameAs\":[\"https:\/\/www.facebook.com\/csjemballages\"],\"address\":{\"@type\":\"PostalAddress\",\"streetAddress\":\"ZI La Lechere\",\"addressLocality\":\"Patornay\",\"postalCode\":\"39130\",\"addressCountry\":\"FR\"},\"contactPoint\":[{\"@type\":\"ContactPoint\",\"contactType\":\"Service client\",\"telephone\":\"0384254272\",\"email\":\"contact@csj-emballages.com\"}]}]}<\/script>\n<!-- \/ Yoast SEO Premium plugin. -->","yoast_head_json":{"title":"Plastikbeh\u00e4lter 95\u00d8 260\/280 ml pro 50 St\u00fcck","description":"Plastikbecher \u00d895 mm 260\/280 ml verkauft per 50. Ideal f\u00fcr Desserts, Salate und kalte Zubereitungen. Praktisch, stabil und f\u00fcr den Verkauf zum Mitnehmen geeignet.","robots":{"index":"index","follow":"follow","max-snippet":"max-snippet:-1","max-image-preview":"max-image-preview:large","max-video-preview":"max-video-preview:-1"},"canonical":"https:\/\/www.csj-emballages.com\/de\/produit\/50-smoothie-becher-95o-aus-kunststoff-260-280-ml\/","og_locale":"de_DE","og_type":"article","og_title":"Plastikbecher 95\u00d8 260\/280 ml pro 50 St\u00fcck","og_description":"Plastikbecher \u00d895 mm 260\/280 ml verkauft per 50. Ideal f\u00fcr Desserts, Salate und kalte Zubereitungen. Praktisch, stabil und f\u00fcr den Verkauf zum Mitnehmen geeignet.","og_url":"https:\/\/www.csj-emballages.com\/de\/produit\/50-smoothie-becher-95o-aus-kunststoff-260-280-ml\/","og_site_name":"CSJ Emballages","article_publisher":"https:\/\/www.facebook.com\/csjemballages","article_modified_time":"2026-04-28T00:15:31+00:00","og_image":[{"width":800,"height":800,"url":"https:\/\/www.csj-emballages.com\/wp-content\/uploads\/2024\/03\/GM250CC.webp","type":"image\/webp"}],"twitter_card":"summary_large_image","twitter_misc":{"Gesch\u00e4tzte Lesezeit":"2 Minuten"},"schema":{"@context":"https:\/\/schema.org","@graph":[{"@type":"WebPage","@id":"https:\/\/www.csj-emballages.com\/de\/produit\/50-smoothie-becher-95o-aus-kunststoff-260-280-ml\/","url":"https:\/\/www.csj-emballages.com\/de\/produit\/50-smoothie-becher-95o-aus-kunststoff-260-280-ml\/","name":"Plastikbeh\u00e4lter 95\u00d8 260\/280 ml pro 50 St\u00fcck","isPartOf":{"@id":"https:\/\/www.csj-emballages.com\/de\/#website"},"primaryImageOfPage":{"@id":"https:\/\/www.csj-emballages.com\/de\/produit\/50-smoothie-becher-95o-aus-kunststoff-260-280-ml\/#primaryimage"},"image":{"@id":"https:\/\/www.csj-emballages.com\/de\/produit\/50-smoothie-becher-95o-aus-kunststoff-260-280-ml\/#primaryimage"},"thumbnailUrl":"https:\/\/www.csj-emballages.com\/wp-content\/uploads\/2024\/03\/GM250CC.webp","datePublished":"2024-03-01T15:53:25+00:00","dateModified":"2026-04-28T00:15:31+00:00","description":"Plastikbecher \u00d895 mm 260\/280 ml verkauft per 50. Ideal f\u00fcr Desserts, Salate und kalte Zubereitungen. Praktisch, stabil und f\u00fcr den Verkauf zum Mitnehmen geeignet.","breadcrumb":{"@id":"https:\/\/www.csj-emballages.com\/de\/produit\/50-smoothie-becher-95o-aus-kunststoff-260-280-ml\/#breadcrumb"},"inLanguage":"de","potentialAction":[{"@type":"ReadAction","target":["https:\/\/www.csj-emballages.com\/de\/produit\/50-smoothie-becher-95o-aus-kunststoff-260-280-ml\/"]}]},{"@type":"ImageObject","inLanguage":"de","@id":"https:\/\/www.csj-emballages.com\/de\/produit\/50-smoothie-becher-95o-aus-kunststoff-260-280-ml\/#primaryimage","url":"https:\/\/www.csj-emballages.com\/wp-content\/uploads\/2024\/03\/GM250CC.webp","contentUrl":"https:\/\/www.csj-emballages.com\/wp-content\/uploads\/2024\/03\/GM250CC.webp","width":800,"height":800,"caption":"pot plastique"},{"@type":"BreadcrumbList","@id":"https:\/\/www.csj-emballages.com\/de\/produit\/50-smoothie-becher-95o-aus-kunststoff-260-280-ml\/#breadcrumb","itemListElement":[{"@type":"ListItem","position":1,"name":"Accueil","item":"https:\/\/www.csj-emballages.com\/de\/universum-lebensmittelverpackungen\/"},{"@type":"ListItem","position":2,"name":"Shop","item":"https:\/\/www.csj-emballages.com\/shop\/"},{"@type":"ListItem","position":3,"name":"Plastikbecher 95\u00d8 260\/280 ml pro 50 St\u00fcck"}]},{"@type":"WebSite","@id":"https:\/\/www.csj-emballages.com\/de\/#website","url":"https:\/\/www.csj-emballages.com\/de\/","name":"CSJ Emballages","description":"","publisher":{"@id":"https:\/\/www.csj-emballages.com\/de\/#organization"},"potentialAction":[{"@type":"SearchAction","target":{"@type":"EntryPoint","urlTemplate":"https:\/\/www.csj-emballages.com\/de\/?s={search_term_string}"},"query-input":{"@type":"PropertyValueSpecification","valueRequired":true,"valueName":"search_term_string"}}],"inLanguage":"de"},{"@type":"Organization","@id":"https:\/\/www.csj-emballages.com\/de\/#Organization\/","name":"CSJ Emballages","url":"https:\/\/www.csj-emballages.com\/de\/","logo":{"@type":"ImageObject","inLanguage":"de","@id":"https:\/\/www.csj-emballages.com\/de\/#\/schema\/logo\/image\/","url":"https:\/\/www.csj-emballages.com\/wp-content\/uploads\/2023\/10\/logo_csj.webp","contentUrl":"https:\/\/www.csj-emballages.com\/wp-content\/uploads\/2023\/10\/logo_csj.webp","width":250,"height":95,"caption":"CSJ Emballages"},"image":{"@id":"https:\/\/www.csj-emballages.com\/de\/#\/schema\/logo\/image\/"},"sameAs":["https:\/\/www.facebook.com\/csjemballages"],"address":{"@type":"PostalAddress","streetAddress":"ZI La Lechere","addressLocality":"Patornay","postalCode":"39130","addressCountry":"FR"},"contactPoint":[{"@type":"ContactPoint","contactType":"Service client","telephone":"0384254272","email":"contact@csj-emballages.com"}]}]}},"df_price":3.49,"df_sale_price":"","df_regular_price":3.49,"df_image_link":"https:\/\/www.csj-emballages.com\/wp-content\/uploads\/2024\/03\/GM250CC-300x300.webp","tiered_pricing_type":"fixed","tiered_pricing_fixed_rules":[],"tiered_pricing_percentage_rules":[],"tiered_pricing_minimum":1,"tiered_pricing_roles_data":[],"_links":{"self":[{"href":"https:\/\/www.csj-emballages.com\/de\/wp-json\/wp\/v2\/product\/21154","targetHints":{"allow":["GET"]}}],"collection":[{"href":"https:\/\/www.csj-emballages.com\/de\/wp-json\/wp\/v2\/product"}],"about":[{"href":"https:\/\/www.csj-emballages.com\/de\/wp-json\/wp\/v2\/types\/product"}],"wp:featuredmedia":[{"embeddable":true,"href":"https:\/\/www.csj-emballages.com\/de\/wp-json\/wp\/v2\/media\/194124"}],"wp:attachment":[{"href":"https:\/\/www.csj-emballages.com\/de\/wp-json\/wp\/v2\/media?parent=21154"}],"wp:term":[{"taxonomy":"product_brand","embeddable":true,"href":"https:\/\/www.csj-emballages.com\/de\/wp-json\/wp\/v2\/product_brand?post=21154"},{"taxonomy":"product_cat","embeddable":true,"href":"https:\/\/www.csj-emballages.com\/de\/wp-json\/wp\/v2\/product_cat?post=21154"},{"taxonomy":"product_tag","embeddable":true,"href":"https:\/\/www.csj-emballages.com\/de\/wp-json\/wp\/v2\/product_tag?post=21154"}],"curies":[{"name":"wp","href":"https:\/\/api.w.org\/{rel}","templated":true}]}}