{"id":21117,"date":"2024-03-01T16:53:26","date_gmt":"2024-03-01T15:53:26","guid":{"rendered":"https:\/\/u15jnbdpoq.preview.infomaniak.website\/produit\/50-smoothie-glaeser-78o-recycelt-rpet-25-30-cl\/"},"modified":"2026-04-28T17:01:11","modified_gmt":"2026-04-28T15:01:11","slug":"50-smoothie-glaeser-78o-recycelt-rpet-25-30-cl","status":"publish","type":"product","link":"https:\/\/www.csj-emballages.com\/de\/produit\/50-smoothie-glaeser-78o-recycelt-rpet-25-30-cl\/","title":{"rendered":"Krug aus recyceltem Kunststoff 78\u00d8 RPET, 25 \/ 30 cl, 50 St\u00fcck"},"content":{"rendered":"<h2>Kunststofftopf<\/h2>\n<hr>\n<h3>Entdecken Sie unseren Topf aus recyceltem Kunststoff 78\u00d8 RPET mit einer F\u00fcllmenge von 25 \/ 30 cl pro 50 St\u00fcck.<\/h3>\n<p><!--more--><\/p>\n<div style=\"font-family: Roboto, sans-serif;\">\n<div style=\"font-family: Roboto, sans-serif;\">\n<div style=\"font-family: Roboto, sans-serif;\">\n<div style=\"text-align: center;\">\n<div style=\"font-family: Roboto, sans-serif;\">\n<div style=\"font-family: Roboto, sans-serif;\">\n<div style=\"font-family: Roboto, sans-serif;\">\n<div style=\"font-family: Roboto, sans-serif;\">\n<div style=\"font-family: Roboto, sans-serif;\">\n<div style=\"font-family: Roboto, sans-serif; text-align: left;\">\n<p data-start=\"289\" data-end=\"770\">Dieser Topf <strong>aus recyceltem Kunststoff<\/strong> <strong data-start=\"314\" data-end=\"326\">78\u00d8 RPET<\/strong> hat alles, was Sie brauchen, wenn Sie einen Beh\u00e4lter suchen, der gleichzeitig klar, leicht und engagiert ist. Er ist <strong>transparent<\/strong> wie Glas, aber viel widerstandsf\u00e4higer, und erm\u00f6glicht es Ihnen, Ihre Getr\u00e4nke und Zubereitungen klar und appetitlich zu pr\u00e4sentieren. Dank der doppelten F\u00fcllstandsanzeige <strong>25 \/ 30 cl<\/strong> dosieren Sie ganz einfach nach Bedarf: ein kleines, erfrischendes Glas, ein etwas \u00fcppigeres Getr\u00e4nk oder sogar eine individuelle Portion Dessert &#8211; alles passt ganz nat\u00fcrlich hinein. <\/p>\n<p data-start=\"772\" data-end=\"1087\">Hergestellt aus <strong data-start=\"784\" data-end=\"792\">RPET<\/strong>, d. h. aus <strong>recyceltem Kunststoff<\/strong>, verleiht er Ihrem Service eine verantwortungsvollere Dimension. Sie behalten die Praktikabilit\u00e4t von Plastik bei und reduzieren gleichzeitig die Auswirkungen auf die Umwelt. Es ist ideal f\u00fcr Berufst\u00e4tige, die Einwegartikel anbieten m\u00f6chten, ohne dem umweltbewussten Ansatz den R\u00fccken zu kehren.  <\/p>\n<p data-start=\"1089\" data-end=\"1450\">Seine Steifheit ist ein echter Vorteil: keine W\u00e4nde, die zerdr\u00fcckt werden, keine Verformung beim Servieren. Egal, ob Sie einen <g id=\"gid_0\">Smoothie<\/g>, einen <g id=\"gid_1\">Saft<\/g>, einen <g id=\"gid_2\">Obstsalat<\/g> oder etwas zum Mitnehmen zubereiten, der <g id=\"gid_3\">Becher<\/g> bleibt stabil und liegt angenehm in der Hand. Und da er im <strong data-start=\"1375\" data-end=\"1385\">50er-Pack<\/strong> verkauft wird, haben Sie einen praktischen Vorrat, der weder zu klein noch sperrig ist.  <\/p>\n<p data-start=\"1452\" data-end=\"1693\">Dieser <strong>Topf<\/strong> kann sowohl in Fastfood-Restaurants als auch bei Veranstaltungen, an Getr\u00e4nkest\u00e4nden, in B\u00e4ckereien oder in Unternehmen verwendet werden. Durch seine <strong>Transparenz<\/strong> wird der Inhalt hervorgehoben, was sofort einen gepflegteren und professionelleren Eindruck vermittelt. <\/p>\n<p data-start=\"1452\" data-end=\"1693\">\n<p><!--more--><\/p>\n<p><span style=\"font-weight: bold; color: #ff0000;\">T\u00f6pfe, die f\u00fcr Lebensmittel und nicht f\u00fcr Getr\u00e4nke vorgesehen sind ( Frankreich )<\/span><\/p>\n<\/div>\n<\/div>\n<\/div>\n<\/div>\n<\/div>\n<\/div>\n<\/div>\n<\/div>\n<\/div>\n<\/div>\n<p>&nbsp;<\/p>\n<p><!--more--><\/p>\n<h4>Vorteile :<\/h4>\n<ul>\n<li data-start=\"1721\" data-end=\"1766\">Hergestellt aus <strong>recyceltem RPET<\/strong>, verantwortungsbewusster.<\/li>\n<li data-start=\"1769\" data-end=\"1817\">Doppelte Messlatte <strong>25 \/ 30 cl,<\/strong> um das Servieren anzupassen.<\/li>\n<li data-start=\"1820\" data-end=\"1861\">Sehr gute Steifigkeit, verformt sich nicht.<\/li>\n<li data-start=\"1864\" data-end=\"1926\">Ideale Transparenz, um Getr\u00e4nke und Desserts aufzuwerten.<\/li>\n<li data-start=\"1929\" data-end=\"1971\"><strong>50er-Set<\/strong>, perfekt f\u00fcr den regelm\u00e4\u00dfigen Gebrauch.<\/li>\n<\/ul>\n<p>&nbsp;<\/p>\n<p><!--more--><\/p>\n<h4>Weitere Informationen :<\/h4>\n<ul>\n<li><strong>Verpackung<\/strong>: Packung mit 50 St\u00fcck<\/li>\n<li><strong>Abmessungen<\/strong>: 78 mm x 115 mm ( \u00d8 x H )<\/li>\n<li><strong>Volumen<\/strong>: 25 cl bis zum Strich \/ 30 cl bis zum Rand<\/li>\n<li><strong>Material<\/strong>: RECYCLED Kunststoff RPET<\/li>\n<\/ul>\n<p>&nbsp;<\/p>\n<p><!--more--><\/p>\n<p>Diese Plastikkanne ist auch in 20 \/ 27 cl erh\u00e4ltlich: <span style=\"color: #d12727;\"><a style=\"color: #d12727;\" href=\"https:\/\/www.csj-emballages.com\/es\/produit\/50-tarros-para-batidos-reciclados-78o-rpet-20-27-cl\/\">GM2025<\/a><\/span><\/p>\n<p>&nbsp;<\/p>\n<p><!--more--><\/p>\n<p><a href=\"https:\/\/www.csj-emballages.com\/de\/categorie-produit\/lebensmittelverpackungen\/restauration-de\/becher-glaser-eimer-flaschen\/becher-fur-kalte-getranke\/smoothie-becher\/smoothie-glaser-durchmesser-78-mm\/\">Sehen Sie sich den Rest unseres Sortiments an Smoothie-Bechern an Durchmesser 78 mm<\/a><\/p>\n","protected":false},"excerpt":{"rendered":"<p>Kunststofftopf Entdecken Sie unseren Topf aus recyceltem Kunststoff 78\u00d8 RPET mit einer F\u00fcllmenge von 25 \/ 30 cl pro 50 St\u00fcck.<\/p>\n","protected":false},"featured_media":190764,"template":"","meta":{"_acf_changed":false},"product_brand":[],"product_cat":[1137,1134,1469,1793,2541,2545],"product_tag":[],"class_list":{"0":"post-21117","1":"product","2":"type-product","3":"status-publish","4":"has-post-thumbnail","6":"product_cat-lebensmittelverpackungen","7":"product_cat-restauration-de","8":"product_cat-becher-glaser-eimer-flaschen","9":"product_cat-becher-fur-kalte-getranke","10":"product_cat-smoothie-becher","11":"product_cat-smoothie-glaser-durchmesser-78-mm","13":"first","14":"instock","15":"taxable","16":"shipping-taxable","17":"purchasable","18":"product-type-simple"},"acf":[],"yoast_head":"<!-- This site is optimized with the Yoast SEO Premium plugin v26.6 (Yoast SEO v26.6) - https:\/\/yoast.com\/wordpress\/plugins\/seo\/ -->\n<title>Krug aus recyceltem Plastik 78\u00d8 RPET, 25 \/ 30 cl, 50 St\u00fcck<\/title>\n<meta name=\"description\" content=\"Krug aus recyceltem Kunststoff 78\u00d8 RPET mit einer F\u00fcllmenge von 25\/30 cl, verkauft zu 50 St\u00fcck. Steif, transparent und umweltfreundlich, ideal f\u00fcr kalte Getr\u00e4nke und Desserts zum Mitnehmen.\" \/>\n<meta name=\"robots\" content=\"index, follow, max-snippet:-1, max-image-preview:large, max-video-preview:-1\" \/>\n<link rel=\"canonical\" href=\"https:\/\/www.csj-emballages.com\/de\/produit\/50-smoothie-glaeser-78o-recycelt-rpet-25-30-cl\/\" \/>\n<meta property=\"og:locale\" content=\"de_DE\" \/>\n<meta property=\"og:type\" content=\"article\" \/>\n<meta property=\"og:title\" content=\"Krug aus recyceltem Kunststoff 78\u00d8 RPET, 25 \/ 30 cl, 50 St\u00fcck\" \/>\n<meta property=\"og:description\" content=\"Krug aus recyceltem Kunststoff 78\u00d8 RPET mit einer F\u00fcllmenge von 25\/30 cl, verkauft zu 50 St\u00fcck. Steif, transparent und umweltfreundlich, ideal f\u00fcr kalte Getr\u00e4nke und Desserts zum Mitnehmen.\" \/>\n<meta property=\"og:url\" content=\"https:\/\/www.csj-emballages.com\/de\/produit\/50-smoothie-glaeser-78o-recycelt-rpet-25-30-cl\/\" \/>\n<meta property=\"og:site_name\" content=\"CSJ Emballages\" \/>\n<meta property=\"article:publisher\" content=\"https:\/\/www.facebook.com\/csjemballages\" \/>\n<meta property=\"article:modified_time\" content=\"2026-04-28T15:01:11+00:00\" \/>\n<meta property=\"og:image\" content=\"https:\/\/www.csj-emballages.com\/wp-content\/uploads\/2024\/03\/GM2533.webp\" \/>\n\t<meta property=\"og:image:width\" content=\"797\" \/>\n\t<meta property=\"og:image:height\" content=\"797\" \/>\n\t<meta property=\"og:image:type\" content=\"image\/webp\" \/>\n<meta name=\"twitter:card\" content=\"summary_large_image\" \/>\n<meta name=\"twitter:label1\" content=\"Gesch\u00e4tzte Lesezeit\" \/>\n\t<meta name=\"twitter:data1\" content=\"2 Minuten\" \/>\n<script type=\"application\/ld+json\" class=\"yoast-schema-graph\">{\"@context\":\"https:\/\/schema.org\",\"@graph\":[{\"@type\":\"WebPage\",\"@id\":\"https:\/\/www.csj-emballages.com\/de\/produit\/50-smoothie-glaeser-78o-recycelt-rpet-25-30-cl\/\",\"url\":\"https:\/\/www.csj-emballages.com\/de\/produit\/50-smoothie-glaeser-78o-recycelt-rpet-25-30-cl\/\",\"name\":\"Krug aus recyceltem Plastik 78\u00d8 RPET, 25 \/ 30 cl, 50 St\u00fcck\",\"isPartOf\":{\"@id\":\"https:\/\/www.csj-emballages.com\/de\/#website\"},\"primaryImageOfPage\":{\"@id\":\"https:\/\/www.csj-emballages.com\/de\/produit\/50-smoothie-glaeser-78o-recycelt-rpet-25-30-cl\/#primaryimage\"},\"image\":{\"@id\":\"https:\/\/www.csj-emballages.com\/de\/produit\/50-smoothie-glaeser-78o-recycelt-rpet-25-30-cl\/#primaryimage\"},\"thumbnailUrl\":\"https:\/\/www.csj-emballages.com\/wp-content\/uploads\/2024\/03\/GM2533.webp\",\"datePublished\":\"2024-03-01T15:53:26+00:00\",\"dateModified\":\"2026-04-28T15:01:11+00:00\",\"description\":\"Krug aus recyceltem Kunststoff 78\u00d8 RPET mit einer F\u00fcllmenge von 25\/30 cl, verkauft zu 50 St\u00fcck. Steif, transparent und umweltfreundlich, ideal f\u00fcr kalte Getr\u00e4nke und Desserts zum Mitnehmen.\",\"breadcrumb\":{\"@id\":\"https:\/\/www.csj-emballages.com\/de\/produit\/50-smoothie-glaeser-78o-recycelt-rpet-25-30-cl\/#breadcrumb\"},\"inLanguage\":\"de\",\"potentialAction\":[{\"@type\":\"ReadAction\",\"target\":[\"https:\/\/www.csj-emballages.com\/de\/produit\/50-smoothie-glaeser-78o-recycelt-rpet-25-30-cl\/\"]}]},{\"@type\":\"ImageObject\",\"inLanguage\":\"de\",\"@id\":\"https:\/\/www.csj-emballages.com\/de\/produit\/50-smoothie-glaeser-78o-recycelt-rpet-25-30-cl\/#primaryimage\",\"url\":\"https:\/\/www.csj-emballages.com\/wp-content\/uploads\/2024\/03\/GM2533.webp\",\"contentUrl\":\"https:\/\/www.csj-emballages.com\/wp-content\/uploads\/2024\/03\/GM2533.webp\",\"width\":797,\"height\":797,\"caption\":\"Pot plastique\"},{\"@type\":\"BreadcrumbList\",\"@id\":\"https:\/\/www.csj-emballages.com\/de\/produit\/50-smoothie-glaeser-78o-recycelt-rpet-25-30-cl\/#breadcrumb\",\"itemListElement\":[{\"@type\":\"ListItem\",\"position\":1,\"name\":\"Accueil\",\"item\":\"https:\/\/www.csj-emballages.com\/de\/universum-lebensmittelverpackungen\/\"},{\"@type\":\"ListItem\",\"position\":2,\"name\":\"Shop\",\"item\":\"https:\/\/www.csj-emballages.com\/shop\/\"},{\"@type\":\"ListItem\",\"position\":3,\"name\":\"Krug aus recyceltem Kunststoff 78\u00d8 RPET, 25 \/ 30 cl, 50 St\u00fcck\"}]},{\"@type\":\"WebSite\",\"@id\":\"https:\/\/www.csj-emballages.com\/de\/#website\",\"url\":\"https:\/\/www.csj-emballages.com\/de\/\",\"name\":\"CSJ Emballages\",\"description\":\"\",\"publisher\":{\"@id\":\"https:\/\/www.csj-emballages.com\/de\/#organization\"},\"potentialAction\":[{\"@type\":\"SearchAction\",\"target\":{\"@type\":\"EntryPoint\",\"urlTemplate\":\"https:\/\/www.csj-emballages.com\/de\/?s={search_term_string}\"},\"query-input\":{\"@type\":\"PropertyValueSpecification\",\"valueRequired\":true,\"valueName\":\"search_term_string\"}}],\"inLanguage\":\"de\"},{\"@type\":\"Organization\",\"@id\":\"https:\/\/www.csj-emballages.com\/de\/#Organization\/\",\"name\":\"CSJ Emballages\",\"url\":\"https:\/\/www.csj-emballages.com\/de\/\",\"logo\":{\"@type\":\"ImageObject\",\"inLanguage\":\"de\",\"@id\":\"https:\/\/www.csj-emballages.com\/de\/#\/schema\/logo\/image\/\",\"url\":\"https:\/\/www.csj-emballages.com\/wp-content\/uploads\/2023\/10\/logo_csj.webp\",\"contentUrl\":\"https:\/\/www.csj-emballages.com\/wp-content\/uploads\/2023\/10\/logo_csj.webp\",\"width\":250,\"height\":95,\"caption\":\"CSJ Emballages\"},\"image\":{\"@id\":\"https:\/\/www.csj-emballages.com\/de\/#\/schema\/logo\/image\/\"},\"sameAs\":[\"https:\/\/www.facebook.com\/csjemballages\"],\"address\":{\"@type\":\"PostalAddress\",\"streetAddress\":\"ZI La Lechere\",\"addressLocality\":\"Patornay\",\"postalCode\":\"39130\",\"addressCountry\":\"FR\"},\"contactPoint\":[{\"@type\":\"ContactPoint\",\"contactType\":\"Service client\",\"telephone\":\"0384254272\",\"email\":\"contact@csj-emballages.com\"}]}]}<\/script>\n<!-- \/ Yoast SEO Premium plugin. -->","yoast_head_json":{"title":"Krug aus recyceltem Plastik 78\u00d8 RPET, 25 \/ 30 cl, 50 St\u00fcck","description":"Krug aus recyceltem Kunststoff 78\u00d8 RPET mit einer F\u00fcllmenge von 25\/30 cl, verkauft zu 50 St\u00fcck. Steif, transparent und umweltfreundlich, ideal f\u00fcr kalte Getr\u00e4nke und Desserts zum Mitnehmen.","robots":{"index":"index","follow":"follow","max-snippet":"max-snippet:-1","max-image-preview":"max-image-preview:large","max-video-preview":"max-video-preview:-1"},"canonical":"https:\/\/www.csj-emballages.com\/de\/produit\/50-smoothie-glaeser-78o-recycelt-rpet-25-30-cl\/","og_locale":"de_DE","og_type":"article","og_title":"Krug aus recyceltem Kunststoff 78\u00d8 RPET, 25 \/ 30 cl, 50 St\u00fcck","og_description":"Krug aus recyceltem Kunststoff 78\u00d8 RPET mit einer F\u00fcllmenge von 25\/30 cl, verkauft zu 50 St\u00fcck. Steif, transparent und umweltfreundlich, ideal f\u00fcr kalte Getr\u00e4nke und Desserts zum Mitnehmen.","og_url":"https:\/\/www.csj-emballages.com\/de\/produit\/50-smoothie-glaeser-78o-recycelt-rpet-25-30-cl\/","og_site_name":"CSJ Emballages","article_publisher":"https:\/\/www.facebook.com\/csjemballages","article_modified_time":"2026-04-28T15:01:11+00:00","og_image":[{"width":797,"height":797,"url":"https:\/\/www.csj-emballages.com\/wp-content\/uploads\/2024\/03\/GM2533.webp","type":"image\/webp"}],"twitter_card":"summary_large_image","twitter_misc":{"Gesch\u00e4tzte Lesezeit":"2 Minuten"},"schema":{"@context":"https:\/\/schema.org","@graph":[{"@type":"WebPage","@id":"https:\/\/www.csj-emballages.com\/de\/produit\/50-smoothie-glaeser-78o-recycelt-rpet-25-30-cl\/","url":"https:\/\/www.csj-emballages.com\/de\/produit\/50-smoothie-glaeser-78o-recycelt-rpet-25-30-cl\/","name":"Krug aus recyceltem Plastik 78\u00d8 RPET, 25 \/ 30 cl, 50 St\u00fcck","isPartOf":{"@id":"https:\/\/www.csj-emballages.com\/de\/#website"},"primaryImageOfPage":{"@id":"https:\/\/www.csj-emballages.com\/de\/produit\/50-smoothie-glaeser-78o-recycelt-rpet-25-30-cl\/#primaryimage"},"image":{"@id":"https:\/\/www.csj-emballages.com\/de\/produit\/50-smoothie-glaeser-78o-recycelt-rpet-25-30-cl\/#primaryimage"},"thumbnailUrl":"https:\/\/www.csj-emballages.com\/wp-content\/uploads\/2024\/03\/GM2533.webp","datePublished":"2024-03-01T15:53:26+00:00","dateModified":"2026-04-28T15:01:11+00:00","description":"Krug aus recyceltem Kunststoff 78\u00d8 RPET mit einer F\u00fcllmenge von 25\/30 cl, verkauft zu 50 St\u00fcck. Steif, transparent und umweltfreundlich, ideal f\u00fcr kalte Getr\u00e4nke und Desserts zum Mitnehmen.","breadcrumb":{"@id":"https:\/\/www.csj-emballages.com\/de\/produit\/50-smoothie-glaeser-78o-recycelt-rpet-25-30-cl\/#breadcrumb"},"inLanguage":"de","potentialAction":[{"@type":"ReadAction","target":["https:\/\/www.csj-emballages.com\/de\/produit\/50-smoothie-glaeser-78o-recycelt-rpet-25-30-cl\/"]}]},{"@type":"ImageObject","inLanguage":"de","@id":"https:\/\/www.csj-emballages.com\/de\/produit\/50-smoothie-glaeser-78o-recycelt-rpet-25-30-cl\/#primaryimage","url":"https:\/\/www.csj-emballages.com\/wp-content\/uploads\/2024\/03\/GM2533.webp","contentUrl":"https:\/\/www.csj-emballages.com\/wp-content\/uploads\/2024\/03\/GM2533.webp","width":797,"height":797,"caption":"Pot plastique"},{"@type":"BreadcrumbList","@id":"https:\/\/www.csj-emballages.com\/de\/produit\/50-smoothie-glaeser-78o-recycelt-rpet-25-30-cl\/#breadcrumb","itemListElement":[{"@type":"ListItem","position":1,"name":"Accueil","item":"https:\/\/www.csj-emballages.com\/de\/universum-lebensmittelverpackungen\/"},{"@type":"ListItem","position":2,"name":"Shop","item":"https:\/\/www.csj-emballages.com\/shop\/"},{"@type":"ListItem","position":3,"name":"Krug aus recyceltem Kunststoff 78\u00d8 RPET, 25 \/ 30 cl, 50 St\u00fcck"}]},{"@type":"WebSite","@id":"https:\/\/www.csj-emballages.com\/de\/#website","url":"https:\/\/www.csj-emballages.com\/de\/","name":"CSJ Emballages","description":"","publisher":{"@id":"https:\/\/www.csj-emballages.com\/de\/#organization"},"potentialAction":[{"@type":"SearchAction","target":{"@type":"EntryPoint","urlTemplate":"https:\/\/www.csj-emballages.com\/de\/?s={search_term_string}"},"query-input":{"@type":"PropertyValueSpecification","valueRequired":true,"valueName":"search_term_string"}}],"inLanguage":"de"},{"@type":"Organization","@id":"https:\/\/www.csj-emballages.com\/de\/#Organization\/","name":"CSJ Emballages","url":"https:\/\/www.csj-emballages.com\/de\/","logo":{"@type":"ImageObject","inLanguage":"de","@id":"https:\/\/www.csj-emballages.com\/de\/#\/schema\/logo\/image\/","url":"https:\/\/www.csj-emballages.com\/wp-content\/uploads\/2023\/10\/logo_csj.webp","contentUrl":"https:\/\/www.csj-emballages.com\/wp-content\/uploads\/2023\/10\/logo_csj.webp","width":250,"height":95,"caption":"CSJ Emballages"},"image":{"@id":"https:\/\/www.csj-emballages.com\/de\/#\/schema\/logo\/image\/"},"sameAs":["https:\/\/www.facebook.com\/csjemballages"],"address":{"@type":"PostalAddress","streetAddress":"ZI La Lechere","addressLocality":"Patornay","postalCode":"39130","addressCountry":"FR"},"contactPoint":[{"@type":"ContactPoint","contactType":"Service client","telephone":"0384254272","email":"contact@csj-emballages.com"}]}]}},"df_price":3.2,"df_sale_price":"","df_regular_price":3.2,"df_image_link":"https:\/\/www.csj-emballages.com\/wp-content\/uploads\/2024\/03\/GM2533-300x300.webp","tiered_pricing_type":"fixed","tiered_pricing_fixed_rules":[],"tiered_pricing_percentage_rules":[],"tiered_pricing_minimum":1,"tiered_pricing_roles_data":[],"_links":{"self":[{"href":"https:\/\/www.csj-emballages.com\/de\/wp-json\/wp\/v2\/product\/21117","targetHints":{"allow":["GET"]}}],"collection":[{"href":"https:\/\/www.csj-emballages.com\/de\/wp-json\/wp\/v2\/product"}],"about":[{"href":"https:\/\/www.csj-emballages.com\/de\/wp-json\/wp\/v2\/types\/product"}],"wp:featuredmedia":[{"embeddable":true,"href":"https:\/\/www.csj-emballages.com\/de\/wp-json\/wp\/v2\/media\/190764"}],"wp:attachment":[{"href":"https:\/\/www.csj-emballages.com\/de\/wp-json\/wp\/v2\/media?parent=21117"}],"wp:term":[{"taxonomy":"product_brand","embeddable":true,"href":"https:\/\/www.csj-emballages.com\/de\/wp-json\/wp\/v2\/product_brand?post=21117"},{"taxonomy":"product_cat","embeddable":true,"href":"https:\/\/www.csj-emballages.com\/de\/wp-json\/wp\/v2\/product_cat?post=21117"},{"taxonomy":"product_tag","embeddable":true,"href":"https:\/\/www.csj-emballages.com\/de\/wp-json\/wp\/v2\/product_tag?post=21117"}],"curies":[{"name":"wp","href":"https:\/\/api.w.org\/{rel}","templated":true}]}}