{"id":21098,"date":"2024-03-01T16:53:28","date_gmt":"2024-03-01T15:53:28","guid":{"rendered":"https:\/\/u15jnbdpoq.preview.infomaniak.website\/produit\/25-pappbecher-gold-20-cl\/"},"modified":"2026-04-14T02:16:54","modified_gmt":"2026-04-14T00:16:54","slug":"25-pappbecher-gold-20-cl","status":"publish","type":"product","link":"https:\/\/www.csj-emballages.com\/de\/produit\/25-pappbecher-gold-20-cl\/","title":{"rendered":"Pappbecher Gold 20 cl, 25 St\u00fcck"},"content":{"rendered":"<h2>Pappbecher Gold<\/h2>\n<hr>\n<h3>Pappbecher Gold 20 cl, 25 St\u00fcck<\/h3>\n<p><!--more--><\/p>\n<p data-start=\"84\" data-end=\"393\">Bieten Sie Ihrem Service einen echten Mehrwert mit diesem <strong>goldenen Pappbecher<\/strong>. Er ist weit mehr als nur ein Beh\u00e4lter; er wird zu einem echten Pr\u00e4sentationselement, das die Blicke auf sich zieht und Ihre Getr\u00e4nke sofort aufwertet. <\/p>\n<p data-start=\"395\" data-end=\"794\">Ob Gastronom, Caterer, Coffee-Shop-Betreiber oder Event-Organisator \u2013 dieser <strong>20-cl-Becher<\/strong> passt sich jeder Situation an. Sein Format ist ideal zum Servieren von Kaffee, Tee, hei\u00dfer Schokolade, aber auch f\u00fcr Kaltgetr\u00e4nke wie S\u00e4fte oder Limonaden. Sein <strong>Goldton<\/strong> verleiht eine Premium-Note, die den Unterschied macht, besonders bei festlichen oder gehobenen Veranstaltungen.  <\/p>\n<p data-start=\"796\" data-end=\"1134\">Dieser f\u00fcr den praktischen Alltag konzipierte <strong>Becher<\/strong> ist leicht, widerstandsf\u00e4hig und liegt angenehm in der Hand. Er erm\u00f6glicht Ihnen einen schnellen Service und garantiert gleichzeitig ein gepflegtes Kundenerlebnis. Die Verpackungseinheit von <strong>25 St\u00fcck<\/strong> ist perfekt f\u00fcr eine einfache Lagerverwaltung, egal ob f\u00fcr den gelegentlichen oder regelm\u00e4\u00dfigen Gebrauch.  <\/p>\n<p data-start=\"796\" data-end=\"1134\">\n<p data-start=\"796\" data-end=\"1134\"><!--more--><\/p>\n<h4 data-start=\"796\" data-end=\"1134\">Vorteile :<\/h4>\n<ul>\n<li data-section-id=\"1rwos0j\" data-start=\"1550\" data-end=\"1649\">Goldene Farbe f\u00fcr eine elegante und differenzierte Pr\u00e4sentation<\/li>\n<li data-section-id=\"11wz0y8\" data-start=\"1650\" data-end=\"1746\"><strong data-start=\"1655\" data-end=\"1685\">Ideales Fassungsverm\u00f6gen von 20 cl<\/strong>: perfekt f\u00fcr alle Getr\u00e4nke, ob hei\u00df oder kalt<\/li>\n<li data-section-id=\"1oh88z3\" data-start=\"1747\" data-end=\"1842\">Geeignet f\u00fcr Kaffee, Tee, hei\u00dfe Schokolade, S\u00e4fte und Limonaden<\/li>\n<li data-section-id=\"1qc0yi\" data-start=\"1843\" data-end=\"1933\">Praktisch f\u00fcr den t\u00e4glichen Bedarf oder punktuelle Veranstaltungen<\/li>\n<li data-section-id=\"1dt3zln\" data-start=\"1934\" data-end=\"2025\">Umweltfreundlichere L\u00f6sung als Kunststoff<\/li>\n<\/ul>\n<p>&nbsp;<\/p>\n<p><!--more--><\/p>\n<h4>Weitere Informationen :<\/h4>\n<ul>\n<li><strong>Verpackung<\/strong>: Packung mit 25 St\u00fcck<\/li>\n<li><b>Durchmesser unten: <\/b>48 mm<\/li>\n<li><strong>Durchmesser oben<\/strong>: 67 mm<\/li>\n<li><strong>H\u00f6he<\/strong>: 80 mm<\/li>\n<li><strong>Volumen<\/strong>: 20 cl<\/li>\n<li><strong>Material<\/strong>: Karton<\/li>\n<\/ul>\n<p>&nbsp;<\/p>\n<p><!--more--><\/p>\n<p><a href=\"https:\/\/www.csj-emballages.com\/de\/categorie-produit\/lebensmittelverpackungen\/restauration-de\/becher-glaser-eimer-flaschen\/pappbecher\/farbige-pappbecher\/\">Sehen Sie sich den Rest unseres Sortiments an farbigen Pappbechern an.<\/a><\/p>\n","protected":false},"excerpt":{"rendered":"<p>Pappbecher Gold Pappbecher Gold 20 cl, 25 St\u00fcck<\/p>\n","protected":false},"featured_media":277053,"template":"","meta":{"_acf_changed":false},"product_brand":[],"product_cat":[1469,2705],"product_tag":[],"class_list":{"0":"post-21098","1":"product","2":"type-product","3":"status-publish","4":"has-post-thumbnail","6":"product_cat-becher-glaser-eimer-flaschen","7":"product_cat-farbige-pappbecher","9":"first","10":"instock","11":"taxable","12":"shipping-taxable","13":"purchasable","14":"product-type-simple"},"acf":[],"yoast_head":"<!-- This site is optimized with the Yoast SEO Premium plugin v26.6 (Yoast SEO v26.6) - https:\/\/yoast.com\/wordpress\/plugins\/seo\/ -->\n<title>Pappbecher Gold 20 cl, 25 St\u00fcck<\/title>\n<meta name=\"description\" content=\"Pappbecher Gold 20 cl, 25 St\u00fcck: elegantes und praktisches Design f\u00fcr Hei\u00df- oder Kaltgetr\u00e4nke. Caterer und festliche Anl\u00e4sse.\" \/>\n<meta name=\"robots\" content=\"index, follow, max-snippet:-1, max-image-preview:large, max-video-preview:-1\" \/>\n<link rel=\"canonical\" href=\"https:\/\/www.csj-emballages.com\/de\/produit\/25-pappbecher-gold-20-cl\/\" \/>\n<meta property=\"og:locale\" content=\"de_DE\" \/>\n<meta property=\"og:type\" content=\"article\" \/>\n<meta property=\"og:title\" content=\"Pappbecher Gold 20 cl, 25 St\u00fcck\" \/>\n<meta property=\"og:description\" content=\"Pappbecher Gold 20 cl, 25 St\u00fcck: elegantes und praktisches Design f\u00fcr Hei\u00df- oder Kaltgetr\u00e4nke. Caterer und festliche Anl\u00e4sse.\" \/>\n<meta property=\"og:url\" content=\"https:\/\/www.csj-emballages.com\/de\/produit\/25-pappbecher-gold-20-cl\/\" \/>\n<meta property=\"og:site_name\" content=\"CSJ Emballages\" \/>\n<meta property=\"article:publisher\" content=\"https:\/\/www.facebook.com\/csjemballages\" \/>\n<meta property=\"article:modified_time\" content=\"2026-04-14T00:16:54+00:00\" \/>\n<meta property=\"og:image\" content=\"https:\/\/www.csj-emballages.com\/wp-content\/uploads\/2024\/03\/GM20ORR.webp\" \/>\n\t<meta property=\"og:image:width\" content=\"800\" \/>\n\t<meta property=\"og:image:height\" content=\"800\" \/>\n\t<meta property=\"og:image:type\" content=\"image\/webp\" \/>\n<meta name=\"twitter:card\" content=\"summary_large_image\" \/>\n<meta name=\"twitter:label1\" content=\"Gesch\u00e4tzte Lesezeit\" \/>\n\t<meta name=\"twitter:data1\" content=\"1\u00a0Minute\" \/>\n<script type=\"application\/ld+json\" class=\"yoast-schema-graph\">{\"@context\":\"https:\/\/schema.org\",\"@graph\":[{\"@type\":\"WebPage\",\"@id\":\"https:\/\/www.csj-emballages.com\/de\/produit\/25-pappbecher-gold-20-cl\/\",\"url\":\"https:\/\/www.csj-emballages.com\/de\/produit\/25-pappbecher-gold-20-cl\/\",\"name\":\"Pappbecher Gold 20 cl, 25 St\u00fcck\",\"isPartOf\":{\"@id\":\"https:\/\/www.csj-emballages.com\/de\/#website\"},\"primaryImageOfPage\":{\"@id\":\"https:\/\/www.csj-emballages.com\/de\/produit\/25-pappbecher-gold-20-cl\/#primaryimage\"},\"image\":{\"@id\":\"https:\/\/www.csj-emballages.com\/de\/produit\/25-pappbecher-gold-20-cl\/#primaryimage\"},\"thumbnailUrl\":\"https:\/\/www.csj-emballages.com\/wp-content\/uploads\/2024\/03\/GM20ORR.webp\",\"datePublished\":\"2024-03-01T15:53:28+00:00\",\"dateModified\":\"2026-04-14T00:16:54+00:00\",\"description\":\"Pappbecher Gold 20 cl, 25 St\u00fcck: elegantes und praktisches Design f\u00fcr Hei\u00df- oder Kaltgetr\u00e4nke. Caterer und festliche Anl\u00e4sse.\",\"breadcrumb\":{\"@id\":\"https:\/\/www.csj-emballages.com\/de\/produit\/25-pappbecher-gold-20-cl\/#breadcrumb\"},\"inLanguage\":\"de\",\"potentialAction\":[{\"@type\":\"ReadAction\",\"target\":[\"https:\/\/www.csj-emballages.com\/de\/produit\/25-pappbecher-gold-20-cl\/\"]}]},{\"@type\":\"ImageObject\",\"inLanguage\":\"de\",\"@id\":\"https:\/\/www.csj-emballages.com\/de\/produit\/25-pappbecher-gold-20-cl\/#primaryimage\",\"url\":\"https:\/\/www.csj-emballages.com\/wp-content\/uploads\/2024\/03\/GM20ORR.webp\",\"contentUrl\":\"https:\/\/www.csj-emballages.com\/wp-content\/uploads\/2024\/03\/GM20ORR.webp\",\"width\":800,\"height\":800,\"caption\":\"Gobelet carton or\"},{\"@type\":\"BreadcrumbList\",\"@id\":\"https:\/\/www.csj-emballages.com\/de\/produit\/25-pappbecher-gold-20-cl\/#breadcrumb\",\"itemListElement\":[{\"@type\":\"ListItem\",\"position\":1,\"name\":\"Accueil\",\"item\":\"https:\/\/www.csj-emballages.com\/de\/universum-lebensmittelverpackungen\/\"},{\"@type\":\"ListItem\",\"position\":2,\"name\":\"Shop\",\"item\":\"https:\/\/www.csj-emballages.com\/shop\/\"},{\"@type\":\"ListItem\",\"position\":3,\"name\":\"Pappbecher Gold 20 cl, 25 St\u00fcck\"}]},{\"@type\":\"WebSite\",\"@id\":\"https:\/\/www.csj-emballages.com\/de\/#website\",\"url\":\"https:\/\/www.csj-emballages.com\/de\/\",\"name\":\"CSJ Emballages\",\"description\":\"\",\"publisher\":{\"@id\":\"https:\/\/www.csj-emballages.com\/de\/#organization\"},\"potentialAction\":[{\"@type\":\"SearchAction\",\"target\":{\"@type\":\"EntryPoint\",\"urlTemplate\":\"https:\/\/www.csj-emballages.com\/de\/?s={search_term_string}\"},\"query-input\":{\"@type\":\"PropertyValueSpecification\",\"valueRequired\":true,\"valueName\":\"search_term_string\"}}],\"inLanguage\":\"de\"},{\"@type\":\"Organization\",\"@id\":\"https:\/\/www.csj-emballages.com\/de\/#Organization\/\",\"name\":\"CSJ Emballages\",\"url\":\"https:\/\/www.csj-emballages.com\/de\/\",\"logo\":{\"@type\":\"ImageObject\",\"inLanguage\":\"de\",\"@id\":\"https:\/\/www.csj-emballages.com\/de\/#\/schema\/logo\/image\/\",\"url\":\"https:\/\/www.csj-emballages.com\/wp-content\/uploads\/2023\/10\/logo_csj.webp\",\"contentUrl\":\"https:\/\/www.csj-emballages.com\/wp-content\/uploads\/2023\/10\/logo_csj.webp\",\"width\":250,\"height\":95,\"caption\":\"CSJ Emballages\"},\"image\":{\"@id\":\"https:\/\/www.csj-emballages.com\/de\/#\/schema\/logo\/image\/\"},\"sameAs\":[\"https:\/\/www.facebook.com\/csjemballages\"],\"address\":{\"@type\":\"PostalAddress\",\"streetAddress\":\"ZI La Lechere\",\"addressLocality\":\"Patornay\",\"postalCode\":\"39130\",\"addressCountry\":\"FR\"},\"contactPoint\":[{\"@type\":\"ContactPoint\",\"contactType\":\"Service client\",\"telephone\":\"0384254272\",\"email\":\"contact@csj-emballages.com\"}]}]}<\/script>\n<!-- \/ Yoast SEO Premium plugin. -->","yoast_head_json":{"title":"Pappbecher Gold 20 cl, 25 St\u00fcck","description":"Pappbecher Gold 20 cl, 25 St\u00fcck: elegantes und praktisches Design f\u00fcr Hei\u00df- oder Kaltgetr\u00e4nke. Caterer und festliche Anl\u00e4sse.","robots":{"index":"index","follow":"follow","max-snippet":"max-snippet:-1","max-image-preview":"max-image-preview:large","max-video-preview":"max-video-preview:-1"},"canonical":"https:\/\/www.csj-emballages.com\/de\/produit\/25-pappbecher-gold-20-cl\/","og_locale":"de_DE","og_type":"article","og_title":"Pappbecher Gold 20 cl, 25 St\u00fcck","og_description":"Pappbecher Gold 20 cl, 25 St\u00fcck: elegantes und praktisches Design f\u00fcr Hei\u00df- oder Kaltgetr\u00e4nke. Caterer und festliche Anl\u00e4sse.","og_url":"https:\/\/www.csj-emballages.com\/de\/produit\/25-pappbecher-gold-20-cl\/","og_site_name":"CSJ Emballages","article_publisher":"https:\/\/www.facebook.com\/csjemballages","article_modified_time":"2026-04-14T00:16:54+00:00","og_image":[{"width":800,"height":800,"url":"https:\/\/www.csj-emballages.com\/wp-content\/uploads\/2024\/03\/GM20ORR.webp","type":"image\/webp"}],"twitter_card":"summary_large_image","twitter_misc":{"Gesch\u00e4tzte Lesezeit":"1\u00a0Minute"},"schema":{"@context":"https:\/\/schema.org","@graph":[{"@type":"WebPage","@id":"https:\/\/www.csj-emballages.com\/de\/produit\/25-pappbecher-gold-20-cl\/","url":"https:\/\/www.csj-emballages.com\/de\/produit\/25-pappbecher-gold-20-cl\/","name":"Pappbecher Gold 20 cl, 25 St\u00fcck","isPartOf":{"@id":"https:\/\/www.csj-emballages.com\/de\/#website"},"primaryImageOfPage":{"@id":"https:\/\/www.csj-emballages.com\/de\/produit\/25-pappbecher-gold-20-cl\/#primaryimage"},"image":{"@id":"https:\/\/www.csj-emballages.com\/de\/produit\/25-pappbecher-gold-20-cl\/#primaryimage"},"thumbnailUrl":"https:\/\/www.csj-emballages.com\/wp-content\/uploads\/2024\/03\/GM20ORR.webp","datePublished":"2024-03-01T15:53:28+00:00","dateModified":"2026-04-14T00:16:54+00:00","description":"Pappbecher Gold 20 cl, 25 St\u00fcck: elegantes und praktisches Design f\u00fcr Hei\u00df- oder Kaltgetr\u00e4nke. Caterer und festliche Anl\u00e4sse.","breadcrumb":{"@id":"https:\/\/www.csj-emballages.com\/de\/produit\/25-pappbecher-gold-20-cl\/#breadcrumb"},"inLanguage":"de","potentialAction":[{"@type":"ReadAction","target":["https:\/\/www.csj-emballages.com\/de\/produit\/25-pappbecher-gold-20-cl\/"]}]},{"@type":"ImageObject","inLanguage":"de","@id":"https:\/\/www.csj-emballages.com\/de\/produit\/25-pappbecher-gold-20-cl\/#primaryimage","url":"https:\/\/www.csj-emballages.com\/wp-content\/uploads\/2024\/03\/GM20ORR.webp","contentUrl":"https:\/\/www.csj-emballages.com\/wp-content\/uploads\/2024\/03\/GM20ORR.webp","width":800,"height":800,"caption":"Gobelet carton or"},{"@type":"BreadcrumbList","@id":"https:\/\/www.csj-emballages.com\/de\/produit\/25-pappbecher-gold-20-cl\/#breadcrumb","itemListElement":[{"@type":"ListItem","position":1,"name":"Accueil","item":"https:\/\/www.csj-emballages.com\/de\/universum-lebensmittelverpackungen\/"},{"@type":"ListItem","position":2,"name":"Shop","item":"https:\/\/www.csj-emballages.com\/shop\/"},{"@type":"ListItem","position":3,"name":"Pappbecher Gold 20 cl, 25 St\u00fcck"}]},{"@type":"WebSite","@id":"https:\/\/www.csj-emballages.com\/de\/#website","url":"https:\/\/www.csj-emballages.com\/de\/","name":"CSJ Emballages","description":"","publisher":{"@id":"https:\/\/www.csj-emballages.com\/de\/#organization"},"potentialAction":[{"@type":"SearchAction","target":{"@type":"EntryPoint","urlTemplate":"https:\/\/www.csj-emballages.com\/de\/?s={search_term_string}"},"query-input":{"@type":"PropertyValueSpecification","valueRequired":true,"valueName":"search_term_string"}}],"inLanguage":"de"},{"@type":"Organization","@id":"https:\/\/www.csj-emballages.com\/de\/#Organization\/","name":"CSJ Emballages","url":"https:\/\/www.csj-emballages.com\/de\/","logo":{"@type":"ImageObject","inLanguage":"de","@id":"https:\/\/www.csj-emballages.com\/de\/#\/schema\/logo\/image\/","url":"https:\/\/www.csj-emballages.com\/wp-content\/uploads\/2023\/10\/logo_csj.webp","contentUrl":"https:\/\/www.csj-emballages.com\/wp-content\/uploads\/2023\/10\/logo_csj.webp","width":250,"height":95,"caption":"CSJ Emballages"},"image":{"@id":"https:\/\/www.csj-emballages.com\/de\/#\/schema\/logo\/image\/"},"sameAs":["https:\/\/www.facebook.com\/csjemballages"],"address":{"@type":"PostalAddress","streetAddress":"ZI La Lechere","addressLocality":"Patornay","postalCode":"39130","addressCountry":"FR"},"contactPoint":[{"@type":"ContactPoint","contactType":"Service client","telephone":"0384254272","email":"contact@csj-emballages.com"}]}]}},"df_price":2.5,"df_sale_price":"","df_regular_price":2.5,"df_image_link":"https:\/\/www.csj-emballages.com\/wp-content\/uploads\/2024\/03\/GM20ORR-300x300.webp","tiered_pricing_type":"fixed","tiered_pricing_fixed_rules":[],"tiered_pricing_percentage_rules":[],"tiered_pricing_minimum":1,"tiered_pricing_roles_data":[],"_links":{"self":[{"href":"https:\/\/www.csj-emballages.com\/de\/wp-json\/wp\/v2\/product\/21098","targetHints":{"allow":["GET"]}}],"collection":[{"href":"https:\/\/www.csj-emballages.com\/de\/wp-json\/wp\/v2\/product"}],"about":[{"href":"https:\/\/www.csj-emballages.com\/de\/wp-json\/wp\/v2\/types\/product"}],"wp:featuredmedia":[{"embeddable":true,"href":"https:\/\/www.csj-emballages.com\/de\/wp-json\/wp\/v2\/media\/277053"}],"wp:attachment":[{"href":"https:\/\/www.csj-emballages.com\/de\/wp-json\/wp\/v2\/media?parent=21098"}],"wp:term":[{"taxonomy":"product_brand","embeddable":true,"href":"https:\/\/www.csj-emballages.com\/de\/wp-json\/wp\/v2\/product_brand?post=21098"},{"taxonomy":"product_cat","embeddable":true,"href":"https:\/\/www.csj-emballages.com\/de\/wp-json\/wp\/v2\/product_cat?post=21098"},{"taxonomy":"product_tag","embeddable":true,"href":"https:\/\/www.csj-emballages.com\/de\/wp-json\/wp\/v2\/product_tag?post=21098"}],"curies":[{"name":"wp","href":"https:\/\/api.w.org\/{rel}","templated":true}]}}