{"id":21092,"date":"2024-03-01T16:53:26","date_gmt":"2024-03-01T15:53:26","guid":{"rendered":"https:\/\/u15jnbdpoq.preview.infomaniak.website\/produit\/25-pappbecher-rosa-pastellfarben-20-cl\/"},"modified":"2026-05-05T02:15:02","modified_gmt":"2026-05-05T00:15:02","slug":"25-pappbecher-rosa-pastellfarben-20-cl","status":"publish","type":"product","link":"https:\/\/www.csj-emballages.com\/de\/produit\/25-pappbecher-rosa-pastellfarben-20-cl\/","title":{"rendered":"Pappbecher Pastellrosa 20 cl, 25 St\u00fcck"},"content":{"rendered":"<h2>Pappbecher<\/h2>\n<hr>\n<h3>Pappbecher Pastellrosa 20 cl, 8 St\u00fcck<\/h3>\n<p><!--more--><\/p>\n<p data-start=\"85\" data-end=\"298\">Verleihen Sie Ihrem Service mit diesem <strong>Pappbecher in Pastellrosa (20 cl)<\/strong> eine feine Note. Seine <strong>sanfte Trendfarbe<\/strong> schafft sofort ein herzliches und gepflegtes Ambiente, das auf den ersten Blick \u00fcberzeugt. <\/p>\n<p data-start=\"300\" data-end=\"598\">Perfekt f\u00fcr <strong>Kaffee, Tee oder Kaltgetr\u00e4nke<\/strong> \u2013 dieser <strong>Becher<\/strong> passt sich jeder Verwendung an und setzt dabei einen dezenten \u00e4sthetischen Akzent. Das <strong>Pastellrosa<\/strong> steht f\u00fcr <strong>Sanftheit, Genuss und Raffinesse<\/strong> und ist die ideale Wahl f\u00fcr eine elegante Pr\u00e4sentation ohne \u00dcbertreibung. <\/p>\n<p data-start=\"643\" data-end=\"850\"><strong>Pastellrosa<\/strong> ist ein moderner und beruhigender Farbton, der f\u00fcr seine schicke und minimalistische Wirkung gesch\u00e4tzt wird. Er vermittelt ein gepflegtes und einladendes Image \u2013 perfekt, um Ihren Kunden ein angenehmes Erlebnis zu bieten. <\/p>\n<p data-start=\"602\" data-end=\"822\"><!--more--><\/p>\n<h4 data-start=\"602\" data-end=\"822\">Vorteile :<\/h4>\n<ul>\n<li data-section-id=\"zve0vx\" data-start=\"899\" data-end=\"981\"><strong data-start=\"895\" data-end=\"927\">Elegante Farbe Pastellrosa<\/strong>: sanft und trendy<\/li>\n<li data-section-id=\"1kd1pfo\" data-start=\"982\" data-end=\"1054\">Perfekt f\u00fcr Hei\u00df- und Kaltgetr\u00e4nke<\/li>\n<li data-section-id=\"1yxyqio\" data-start=\"1055\" data-end=\"1112\"><strong data-start=\"1062\" data-end=\"1076\">Vielseitig<\/strong>: Kaffee, Tee, Kakao, S\u00e4fte, Softdrinks<\/li>\n<li data-section-id=\"cei3yx\" data-start=\"1113\" data-end=\"1181\">Geeignet f\u00fcr Au\u00dfer-Haus-Verkauf und Events<\/li>\n<li data-section-id=\"193slh8\" data-start=\"1182\" data-end=\"1243\"><strong data-start=\"1187\" data-end=\"1197\">Pappe<\/strong>: eine verantwortungsvollere Alternative zu Plastik<\/li>\n<\/ul>\n<p>&nbsp;<\/p>\n<p><!--more--><\/p>\n<h4>Weitere Informationen :<\/h4>\n<ul>\n<li><strong>Verpackung<\/strong>: Packung mit 25 St\u00fcck<\/li>\n<li><strong>Oberer Durchmesser<\/strong>: \u00d8 75 mm<\/li>\n<li><strong>Innerer Durchmesser<\/strong>: \u00d8 50 mm<\/li>\n<li><strong>H\u00f6he<\/strong>: 90 mm<\/li>\n<li><strong>Material<\/strong>: Karton<\/li>\n<li><strong>Farbe<\/strong>: Pastellrosa<\/li>\n<\/ul>\n<p>&nbsp;<\/p>\n<p><!--more--><\/p>\n<p><a href=\"https:\/\/www.csj-emballages.com\/de\/categorie-produit\/lebensmittelverpackungen\/restauration-de\/becher-glaser-eimer-flaschen\/pappbecher\/farbige-pappbecher\/\">Sehen Sie sich den Rest unseres Sortiments an farbigen Pappbechern an.<\/a><\/p>\n","protected":false},"excerpt":{"rendered":"<p>Pappbecher Pappbecher Pastellrosa 20 cl, 8 St\u00fcck<\/p>\n","protected":false},"featured_media":277370,"template":"","meta":{"_acf_changed":false},"product_brand":[],"product_cat":[1469,2705],"product_tag":[],"class_list":{"0":"post-21092","1":"product","2":"type-product","3":"status-publish","4":"has-post-thumbnail","6":"product_cat-becher-glaser-eimer-flaschen","7":"product_cat-farbige-pappbecher","9":"first","10":"instock","11":"taxable","12":"shipping-taxable","13":"purchasable","14":"product-type-simple"},"acf":[],"yoast_head":"<!-- This site is optimized with the Yoast SEO Premium plugin v26.6 (Yoast SEO v26.6) - https:\/\/yoast.com\/wordpress\/plugins\/seo\/ -->\n<title>Pappbecher Pastellrosa 20 cl, 25 St\u00fcck<\/title>\n<meta name=\"description\" content=\"Pappbecher Pastellrosa 20 cl: sanftes und elegantes Design f\u00fcr Hei\u00df- oder Kaltgetr\u00e4nke. Ideal f\u00fcr Events, Coffee Shops und den Au\u00dfer-Haus-Verkauf.\" \/>\n<meta name=\"robots\" content=\"index, follow, max-snippet:-1, max-image-preview:large, max-video-preview:-1\" \/>\n<link rel=\"canonical\" href=\"https:\/\/www.csj-emballages.com\/de\/produit\/25-pappbecher-rosa-pastellfarben-20-cl\/\" \/>\n<meta property=\"og:locale\" content=\"de_DE\" \/>\n<meta property=\"og:type\" content=\"article\" \/>\n<meta property=\"og:title\" content=\"Pappbecher Pastellrosa 20 cl, 25 St\u00fcck\" \/>\n<meta property=\"og:description\" content=\"Pappbecher Pastellrosa 20 cl: sanftes und elegantes Design f\u00fcr Hei\u00df- oder Kaltgetr\u00e4nke. Ideal f\u00fcr Events, Coffee Shops und den Au\u00dfer-Haus-Verkauf.\" \/>\n<meta property=\"og:url\" content=\"https:\/\/www.csj-emballages.com\/de\/produit\/25-pappbecher-rosa-pastellfarben-20-cl\/\" \/>\n<meta property=\"og:site_name\" content=\"CSJ Emballages\" \/>\n<meta property=\"article:publisher\" content=\"https:\/\/www.facebook.com\/csjemballages\" \/>\n<meta property=\"article:modified_time\" content=\"2026-05-05T00:15:02+00:00\" \/>\n<meta property=\"og:image\" content=\"https:\/\/www.csj-emballages.com\/wp-content\/uploads\/2024\/03\/GM20RP.webp\" \/>\n\t<meta property=\"og:image:width\" content=\"800\" \/>\n\t<meta property=\"og:image:height\" content=\"800\" \/>\n\t<meta property=\"og:image:type\" content=\"image\/webp\" \/>\n<meta name=\"twitter:card\" content=\"summary_large_image\" \/>\n<meta name=\"twitter:label1\" content=\"Gesch\u00e4tzte Lesezeit\" \/>\n\t<meta name=\"twitter:data1\" content=\"1\u00a0Minute\" \/>\n<script type=\"application\/ld+json\" class=\"yoast-schema-graph\">{\"@context\":\"https:\/\/schema.org\",\"@graph\":[{\"@type\":\"WebPage\",\"@id\":\"https:\/\/www.csj-emballages.com\/de\/produit\/25-pappbecher-rosa-pastellfarben-20-cl\/\",\"url\":\"https:\/\/www.csj-emballages.com\/de\/produit\/25-pappbecher-rosa-pastellfarben-20-cl\/\",\"name\":\"Pappbecher Pastellrosa 20 cl, 25 St\u00fcck\",\"isPartOf\":{\"@id\":\"https:\/\/www.csj-emballages.com\/de\/#website\"},\"primaryImageOfPage\":{\"@id\":\"https:\/\/www.csj-emballages.com\/de\/produit\/25-pappbecher-rosa-pastellfarben-20-cl\/#primaryimage\"},\"image\":{\"@id\":\"https:\/\/www.csj-emballages.com\/de\/produit\/25-pappbecher-rosa-pastellfarben-20-cl\/#primaryimage\"},\"thumbnailUrl\":\"https:\/\/www.csj-emballages.com\/wp-content\/uploads\/2024\/03\/GM20RP.webp\",\"datePublished\":\"2024-03-01T15:53:26+00:00\",\"dateModified\":\"2026-05-05T00:15:02+00:00\",\"description\":\"Pappbecher Pastellrosa 20 cl: sanftes und elegantes Design f\u00fcr Hei\u00df- oder Kaltgetr\u00e4nke. Ideal f\u00fcr Events, Coffee Shops und den Au\u00dfer-Haus-Verkauf.\",\"breadcrumb\":{\"@id\":\"https:\/\/www.csj-emballages.com\/de\/produit\/25-pappbecher-rosa-pastellfarben-20-cl\/#breadcrumb\"},\"inLanguage\":\"de\",\"potentialAction\":[{\"@type\":\"ReadAction\",\"target\":[\"https:\/\/www.csj-emballages.com\/de\/produit\/25-pappbecher-rosa-pastellfarben-20-cl\/\"]}]},{\"@type\":\"ImageObject\",\"inLanguage\":\"de\",\"@id\":\"https:\/\/www.csj-emballages.com\/de\/produit\/25-pappbecher-rosa-pastellfarben-20-cl\/#primaryimage\",\"url\":\"https:\/\/www.csj-emballages.com\/wp-content\/uploads\/2024\/03\/GM20RP.webp\",\"contentUrl\":\"https:\/\/www.csj-emballages.com\/wp-content\/uploads\/2024\/03\/GM20RP.webp\",\"width\":800,\"height\":800,\"caption\":\"Gobelet carton\"},{\"@type\":\"BreadcrumbList\",\"@id\":\"https:\/\/www.csj-emballages.com\/de\/produit\/25-pappbecher-rosa-pastellfarben-20-cl\/#breadcrumb\",\"itemListElement\":[{\"@type\":\"ListItem\",\"position\":1,\"name\":\"Accueil\",\"item\":\"https:\/\/www.csj-emballages.com\/de\/universum-lebensmittelverpackungen\/\"},{\"@type\":\"ListItem\",\"position\":2,\"name\":\"Shop\",\"item\":\"https:\/\/www.csj-emballages.com\/shop\/\"},{\"@type\":\"ListItem\",\"position\":3,\"name\":\"Pappbecher Pastellrosa 20 cl, 25 St\u00fcck\"}]},{\"@type\":\"WebSite\",\"@id\":\"https:\/\/www.csj-emballages.com\/de\/#website\",\"url\":\"https:\/\/www.csj-emballages.com\/de\/\",\"name\":\"CSJ Emballages\",\"description\":\"\",\"publisher\":{\"@id\":\"https:\/\/www.csj-emballages.com\/de\/#organization\"},\"potentialAction\":[{\"@type\":\"SearchAction\",\"target\":{\"@type\":\"EntryPoint\",\"urlTemplate\":\"https:\/\/www.csj-emballages.com\/de\/?s={search_term_string}\"},\"query-input\":{\"@type\":\"PropertyValueSpecification\",\"valueRequired\":true,\"valueName\":\"search_term_string\"}}],\"inLanguage\":\"de\"},{\"@type\":\"Organization\",\"@id\":\"https:\/\/www.csj-emballages.com\/de\/#Organization\/\",\"name\":\"CSJ Emballages\",\"url\":\"https:\/\/www.csj-emballages.com\/de\/\",\"logo\":{\"@type\":\"ImageObject\",\"inLanguage\":\"de\",\"@id\":\"https:\/\/www.csj-emballages.com\/de\/#\/schema\/logo\/image\/\",\"url\":\"https:\/\/www.csj-emballages.com\/wp-content\/uploads\/2023\/10\/logo_csj.webp\",\"contentUrl\":\"https:\/\/www.csj-emballages.com\/wp-content\/uploads\/2023\/10\/logo_csj.webp\",\"width\":250,\"height\":95,\"caption\":\"CSJ Emballages\"},\"image\":{\"@id\":\"https:\/\/www.csj-emballages.com\/de\/#\/schema\/logo\/image\/\"},\"sameAs\":[\"https:\/\/www.facebook.com\/csjemballages\"],\"address\":{\"@type\":\"PostalAddress\",\"streetAddress\":\"ZI La Lechere\",\"addressLocality\":\"Patornay\",\"postalCode\":\"39130\",\"addressCountry\":\"FR\"},\"contactPoint\":[{\"@type\":\"ContactPoint\",\"contactType\":\"Service client\",\"telephone\":\"0384254272\",\"email\":\"contact@csj-emballages.com\"}]}]}<\/script>\n<!-- \/ Yoast SEO Premium plugin. -->","yoast_head_json":{"title":"Pappbecher Pastellrosa 20 cl, 25 St\u00fcck","description":"Pappbecher Pastellrosa 20 cl: sanftes und elegantes Design f\u00fcr Hei\u00df- oder Kaltgetr\u00e4nke. Ideal f\u00fcr Events, Coffee Shops und den Au\u00dfer-Haus-Verkauf.","robots":{"index":"index","follow":"follow","max-snippet":"max-snippet:-1","max-image-preview":"max-image-preview:large","max-video-preview":"max-video-preview:-1"},"canonical":"https:\/\/www.csj-emballages.com\/de\/produit\/25-pappbecher-rosa-pastellfarben-20-cl\/","og_locale":"de_DE","og_type":"article","og_title":"Pappbecher Pastellrosa 20 cl, 25 St\u00fcck","og_description":"Pappbecher Pastellrosa 20 cl: sanftes und elegantes Design f\u00fcr Hei\u00df- oder Kaltgetr\u00e4nke. Ideal f\u00fcr Events, Coffee Shops und den Au\u00dfer-Haus-Verkauf.","og_url":"https:\/\/www.csj-emballages.com\/de\/produit\/25-pappbecher-rosa-pastellfarben-20-cl\/","og_site_name":"CSJ Emballages","article_publisher":"https:\/\/www.facebook.com\/csjemballages","article_modified_time":"2026-05-05T00:15:02+00:00","og_image":[{"width":800,"height":800,"url":"https:\/\/www.csj-emballages.com\/wp-content\/uploads\/2024\/03\/GM20RP.webp","type":"image\/webp"}],"twitter_card":"summary_large_image","twitter_misc":{"Gesch\u00e4tzte Lesezeit":"1\u00a0Minute"},"schema":{"@context":"https:\/\/schema.org","@graph":[{"@type":"WebPage","@id":"https:\/\/www.csj-emballages.com\/de\/produit\/25-pappbecher-rosa-pastellfarben-20-cl\/","url":"https:\/\/www.csj-emballages.com\/de\/produit\/25-pappbecher-rosa-pastellfarben-20-cl\/","name":"Pappbecher Pastellrosa 20 cl, 25 St\u00fcck","isPartOf":{"@id":"https:\/\/www.csj-emballages.com\/de\/#website"},"primaryImageOfPage":{"@id":"https:\/\/www.csj-emballages.com\/de\/produit\/25-pappbecher-rosa-pastellfarben-20-cl\/#primaryimage"},"image":{"@id":"https:\/\/www.csj-emballages.com\/de\/produit\/25-pappbecher-rosa-pastellfarben-20-cl\/#primaryimage"},"thumbnailUrl":"https:\/\/www.csj-emballages.com\/wp-content\/uploads\/2024\/03\/GM20RP.webp","datePublished":"2024-03-01T15:53:26+00:00","dateModified":"2026-05-05T00:15:02+00:00","description":"Pappbecher Pastellrosa 20 cl: sanftes und elegantes Design f\u00fcr Hei\u00df- oder Kaltgetr\u00e4nke. Ideal f\u00fcr Events, Coffee Shops und den Au\u00dfer-Haus-Verkauf.","breadcrumb":{"@id":"https:\/\/www.csj-emballages.com\/de\/produit\/25-pappbecher-rosa-pastellfarben-20-cl\/#breadcrumb"},"inLanguage":"de","potentialAction":[{"@type":"ReadAction","target":["https:\/\/www.csj-emballages.com\/de\/produit\/25-pappbecher-rosa-pastellfarben-20-cl\/"]}]},{"@type":"ImageObject","inLanguage":"de","@id":"https:\/\/www.csj-emballages.com\/de\/produit\/25-pappbecher-rosa-pastellfarben-20-cl\/#primaryimage","url":"https:\/\/www.csj-emballages.com\/wp-content\/uploads\/2024\/03\/GM20RP.webp","contentUrl":"https:\/\/www.csj-emballages.com\/wp-content\/uploads\/2024\/03\/GM20RP.webp","width":800,"height":800,"caption":"Gobelet carton"},{"@type":"BreadcrumbList","@id":"https:\/\/www.csj-emballages.com\/de\/produit\/25-pappbecher-rosa-pastellfarben-20-cl\/#breadcrumb","itemListElement":[{"@type":"ListItem","position":1,"name":"Accueil","item":"https:\/\/www.csj-emballages.com\/de\/universum-lebensmittelverpackungen\/"},{"@type":"ListItem","position":2,"name":"Shop","item":"https:\/\/www.csj-emballages.com\/shop\/"},{"@type":"ListItem","position":3,"name":"Pappbecher Pastellrosa 20 cl, 25 St\u00fcck"}]},{"@type":"WebSite","@id":"https:\/\/www.csj-emballages.com\/de\/#website","url":"https:\/\/www.csj-emballages.com\/de\/","name":"CSJ Emballages","description":"","publisher":{"@id":"https:\/\/www.csj-emballages.com\/de\/#organization"},"potentialAction":[{"@type":"SearchAction","target":{"@type":"EntryPoint","urlTemplate":"https:\/\/www.csj-emballages.com\/de\/?s={search_term_string}"},"query-input":{"@type":"PropertyValueSpecification","valueRequired":true,"valueName":"search_term_string"}}],"inLanguage":"de"},{"@type":"Organization","@id":"https:\/\/www.csj-emballages.com\/de\/#Organization\/","name":"CSJ Emballages","url":"https:\/\/www.csj-emballages.com\/de\/","logo":{"@type":"ImageObject","inLanguage":"de","@id":"https:\/\/www.csj-emballages.com\/de\/#\/schema\/logo\/image\/","url":"https:\/\/www.csj-emballages.com\/wp-content\/uploads\/2023\/10\/logo_csj.webp","contentUrl":"https:\/\/www.csj-emballages.com\/wp-content\/uploads\/2023\/10\/logo_csj.webp","width":250,"height":95,"caption":"CSJ Emballages"},"image":{"@id":"https:\/\/www.csj-emballages.com\/de\/#\/schema\/logo\/image\/"},"sameAs":["https:\/\/www.facebook.com\/csjemballages"],"address":{"@type":"PostalAddress","streetAddress":"ZI La Lechere","addressLocality":"Patornay","postalCode":"39130","addressCountry":"FR"},"contactPoint":[{"@type":"ContactPoint","contactType":"Service client","telephone":"0384254272","email":"contact@csj-emballages.com"}]}]}},"df_price":1.99,"df_sale_price":"","df_regular_price":1.99,"df_image_link":"https:\/\/www.csj-emballages.com\/wp-content\/uploads\/2024\/03\/GM20RP-300x300.webp","tiered_pricing_type":"fixed","tiered_pricing_fixed_rules":[],"tiered_pricing_percentage_rules":[],"tiered_pricing_minimum":1,"tiered_pricing_roles_data":[],"_links":{"self":[{"href":"https:\/\/www.csj-emballages.com\/de\/wp-json\/wp\/v2\/product\/21092","targetHints":{"allow":["GET"]}}],"collection":[{"href":"https:\/\/www.csj-emballages.com\/de\/wp-json\/wp\/v2\/product"}],"about":[{"href":"https:\/\/www.csj-emballages.com\/de\/wp-json\/wp\/v2\/types\/product"}],"wp:featuredmedia":[{"embeddable":true,"href":"https:\/\/www.csj-emballages.com\/de\/wp-json\/wp\/v2\/media\/277370"}],"wp:attachment":[{"href":"https:\/\/www.csj-emballages.com\/de\/wp-json\/wp\/v2\/media?parent=21092"}],"wp:term":[{"taxonomy":"product_brand","embeddable":true,"href":"https:\/\/www.csj-emballages.com\/de\/wp-json\/wp\/v2\/product_brand?post=21092"},{"taxonomy":"product_cat","embeddable":true,"href":"https:\/\/www.csj-emballages.com\/de\/wp-json\/wp\/v2\/product_cat?post=21092"},{"taxonomy":"product_tag","embeddable":true,"href":"https:\/\/www.csj-emballages.com\/de\/wp-json\/wp\/v2\/product_tag?post=21092"}],"curies":[{"name":"wp","href":"https:\/\/api.w.org\/{rel}","templated":true}]}}