{"id":21066,"date":"2024-03-01T16:53:28","date_gmt":"2024-03-01T15:53:28","guid":{"rendered":"https:\/\/u15jnbdpoq.preview.infomaniak.website\/produit\/25-pappbecher-fuschia-20-cl\/"},"modified":"2026-05-05T02:14:59","modified_gmt":"2026-05-05T00:14:59","slug":"25-pappbecher-fuschia-20-cl","status":"publish","type":"product","link":"https:\/\/www.csj-emballages.com\/de\/produit\/25-pappbecher-fuschia-20-cl\/","title":{"rendered":"Fuchsia-Pappbecher 20 cl, 25 St\u00fcck"},"content":{"rendered":"<h2>Pappbecher<\/h2>\n<hr>\n<h3>Fuchsiafarbener Pappbecher 20 cl, 8 St\u00fcck<\/h3>\n<p><!--more--><\/p>\n<p data-start=\"78\" data-end=\"329\">Verleihen Sie Ihrem Service Farbe und Dynamik mit diesem <strong>Fuchsia-<\/strong><strong>Pappbecher<\/strong> 20 cl. Moderne, vif et tendance, il est id\u00e9al pour attirer le regard et donner du caract\u00e8re \u00e0 vos pr\u00e9sentations, que ce soit en restauration ou lors d\u2019\u00e9v\u00e9nements. <\/p>\n<p data-start=\"331\" data-end=\"617\">Sein <strong>Fuchsia-Farbton<\/strong>, elegant und k\u00fchn zugleich, bricht mit klassischen Konventionen und bietet ein wirkungsvolleres visuelles Erlebnis. Perfekt f\u00fcr festliche Anl\u00e4sse, Verkostungsst\u00e4nde oder Take-away-Services, wertet dieser Becher Ihre Getr\u00e4nke sofort auf. <\/p>\n<p data-start=\"619\" data-end=\"881\">Dank seines Fassungsverm\u00f6gens von <strong>20 cl<\/strong> eignet er sich sowohl f\u00fcr Hei\u00dfgetr\u00e4nke (Kaffee, Tee, hei\u00dfe Schokolade) als auch f\u00fcr Kaltgetr\u00e4nke (S\u00e4fte, Softdrinks). Leicht, praktisch und angenehm in der Hand, wurde er entwickelt, um Ihren Service zu erleichtern und gleichzeitig eine gepflegte Pr\u00e4sentation zu bieten. <\/p>\n<p data-start=\"602\" data-end=\"822\"><!--more--><\/p>\n<h4 data-start=\"602\" data-end=\"822\">Vorteile :<\/h4>\n<ul>\n<li data-section-id=\"6qgm76\" data-start=\"1163\" data-end=\"1230\"><strong data-start=\"1168\" data-end=\"1196\">Trendige Fuchsia-Farbe<\/strong>: dynamisch und attraktiv<\/li>\n<li data-section-id=\"4tgapz\" data-start=\"1231\" data-end=\"1306\">Geeignet f\u00fcr Hei\u00df- und Kaltgetr\u00e4nke<\/li>\n<li data-section-id=\"14o1ozc\" data-start=\"1307\" data-end=\"1374\"><strong data-start=\"1314\" data-end=\"1338\">Flexible Nutzung<\/strong>: Kaffee, Tee, Schokolade, S\u00e4fte, Softdrinks<\/li>\n<li data-section-id=\"lec4mo\" data-start=\"1375\" data-end=\"1449\">Ideal f\u00fcr den professionellen oder Event-Einsatz<\/li>\n<li data-section-id=\"193slh8\" data-start=\"1450\" data-end=\"1511\"><strong data-start=\"1455\" data-end=\"1465\">Pappe<\/strong>: eine verantwortungsvollere Alternative zu Plastik<\/li>\n<\/ul>\n<h3><\/h3>\n<p><!--more--><\/p>\n<h4>Weitere Informationen :<\/h4>\n<ul>\n<li><strong>Verpackung<\/strong>: Packung mit 25 St\u00fcck<\/li>\n<li><strong>Oberer Durchmesser<\/strong>: \u00d8 75 mm<\/li>\n<li><strong>Innerer Durchmesser<\/strong>: \u00d8 50 mm<\/li>\n<li><strong>H\u00f6he<\/strong>: 90 mm<\/li>\n<li><strong>Material<\/strong>: Karton<\/li>\n<li><strong>Farbe<\/strong>: Fuchsia<\/li>\n<\/ul>\n<p>&nbsp;<\/p>\n<p><!--more--><\/p>\n<p><a href=\"https:\/\/www.csj-emballages.com\/de\/categorie-produit\/lebensmittelverpackungen\/restauration-de\/becher-glaser-eimer-flaschen\/pappbecher\/farbige-pappbecher\/\">Sehen Sie sich den Rest unseres Sortiments an farbigen Pappbechern an.<\/a><\/p>\n","protected":false},"excerpt":{"rendered":"<p>Pappbecher Fuchsiafarbener Pappbecher 20 cl, 8 St\u00fcck<\/p>\n","protected":false},"featured_media":277078,"template":"","meta":{"_acf_changed":false},"product_brand":[],"product_cat":[1469,2705],"product_tag":[],"class_list":{"0":"post-21066","1":"product","2":"type-product","3":"status-publish","4":"has-post-thumbnail","6":"product_cat-becher-glaser-eimer-flaschen","7":"product_cat-farbige-pappbecher","9":"first","10":"instock","11":"taxable","12":"shipping-taxable","13":"purchasable","14":"product-type-simple"},"acf":[],"yoast_head":"<!-- This site is optimized with the Yoast SEO Premium plugin v26.6 (Yoast SEO v26.6) - https:\/\/yoast.com\/wordpress\/plugins\/seo\/ -->\n<title>Fuchsia-Pappbecher 20 cl, 25 St\u00fcck<\/title>\n<meta name=\"description\" content=\"Fuchsia-Pappbecher 20 cl: farbenfrohes und modernes Design f\u00fcr Hei\u00df- oder Kaltgetr\u00e4nke. Ideal f\u00fcr Veranstaltungen, Fast Food und Take-away-Service.\" \/>\n<meta name=\"robots\" content=\"index, follow, max-snippet:-1, max-image-preview:large, max-video-preview:-1\" \/>\n<link rel=\"canonical\" href=\"https:\/\/www.csj-emballages.com\/de\/produit\/25-pappbecher-fuschia-20-cl\/\" \/>\n<meta property=\"og:locale\" content=\"de_DE\" \/>\n<meta property=\"og:type\" content=\"article\" \/>\n<meta property=\"og:title\" content=\"Fuchsia-Pappbecher 20 cl, 25 St\u00fcck\" \/>\n<meta property=\"og:description\" content=\"Fuchsia-Pappbecher 20 cl: farbenfrohes und modernes Design f\u00fcr Hei\u00df- oder Kaltgetr\u00e4nke. Ideal f\u00fcr Veranstaltungen, Fast Food und Take-away-Service.\" \/>\n<meta property=\"og:url\" content=\"https:\/\/www.csj-emballages.com\/de\/produit\/25-pappbecher-fuschia-20-cl\/\" \/>\n<meta property=\"og:site_name\" content=\"CSJ Emballages\" \/>\n<meta property=\"article:publisher\" content=\"https:\/\/www.facebook.com\/csjemballages\" \/>\n<meta property=\"article:modified_time\" content=\"2026-05-05T00:14:59+00:00\" \/>\n<meta property=\"og:image\" content=\"https:\/\/www.csj-emballages.com\/wp-content\/uploads\/2024\/03\/GM20FU.webp\" \/>\n\t<meta property=\"og:image:width\" content=\"800\" \/>\n\t<meta property=\"og:image:height\" content=\"800\" \/>\n\t<meta property=\"og:image:type\" content=\"image\/webp\" \/>\n<meta name=\"twitter:card\" content=\"summary_large_image\" \/>\n<meta name=\"twitter:label1\" content=\"Gesch\u00e4tzte Lesezeit\" \/>\n\t<meta name=\"twitter:data1\" content=\"1\u00a0Minute\" \/>\n<script type=\"application\/ld+json\" class=\"yoast-schema-graph\">{\"@context\":\"https:\/\/schema.org\",\"@graph\":[{\"@type\":\"WebPage\",\"@id\":\"https:\/\/www.csj-emballages.com\/de\/produit\/25-pappbecher-fuschia-20-cl\/\",\"url\":\"https:\/\/www.csj-emballages.com\/de\/produit\/25-pappbecher-fuschia-20-cl\/\",\"name\":\"Fuchsia-Pappbecher 20 cl, 25 St\u00fcck\",\"isPartOf\":{\"@id\":\"https:\/\/www.csj-emballages.com\/de\/#website\"},\"primaryImageOfPage\":{\"@id\":\"https:\/\/www.csj-emballages.com\/de\/produit\/25-pappbecher-fuschia-20-cl\/#primaryimage\"},\"image\":{\"@id\":\"https:\/\/www.csj-emballages.com\/de\/produit\/25-pappbecher-fuschia-20-cl\/#primaryimage\"},\"thumbnailUrl\":\"https:\/\/www.csj-emballages.com\/wp-content\/uploads\/2024\/03\/GM20FU.webp\",\"datePublished\":\"2024-03-01T15:53:28+00:00\",\"dateModified\":\"2026-05-05T00:14:59+00:00\",\"description\":\"Fuchsia-Pappbecher 20 cl: farbenfrohes und modernes Design f\u00fcr Hei\u00df- oder Kaltgetr\u00e4nke. Ideal f\u00fcr Veranstaltungen, Fast Food und Take-away-Service.\",\"breadcrumb\":{\"@id\":\"https:\/\/www.csj-emballages.com\/de\/produit\/25-pappbecher-fuschia-20-cl\/#breadcrumb\"},\"inLanguage\":\"de\",\"potentialAction\":[{\"@type\":\"ReadAction\",\"target\":[\"https:\/\/www.csj-emballages.com\/de\/produit\/25-pappbecher-fuschia-20-cl\/\"]}]},{\"@type\":\"ImageObject\",\"inLanguage\":\"de\",\"@id\":\"https:\/\/www.csj-emballages.com\/de\/produit\/25-pappbecher-fuschia-20-cl\/#primaryimage\",\"url\":\"https:\/\/www.csj-emballages.com\/wp-content\/uploads\/2024\/03\/GM20FU.webp\",\"contentUrl\":\"https:\/\/www.csj-emballages.com\/wp-content\/uploads\/2024\/03\/GM20FU.webp\",\"width\":800,\"height\":800,\"caption\":\"Gobelet carton fuchsia\"},{\"@type\":\"BreadcrumbList\",\"@id\":\"https:\/\/www.csj-emballages.com\/de\/produit\/25-pappbecher-fuschia-20-cl\/#breadcrumb\",\"itemListElement\":[{\"@type\":\"ListItem\",\"position\":1,\"name\":\"Accueil\",\"item\":\"https:\/\/www.csj-emballages.com\/de\/universum-lebensmittelverpackungen\/\"},{\"@type\":\"ListItem\",\"position\":2,\"name\":\"Shop\",\"item\":\"https:\/\/www.csj-emballages.com\/shop\/\"},{\"@type\":\"ListItem\",\"position\":3,\"name\":\"Fuchsia-Pappbecher 20 cl, 25 St\u00fcck\"}]},{\"@type\":\"WebSite\",\"@id\":\"https:\/\/www.csj-emballages.com\/de\/#website\",\"url\":\"https:\/\/www.csj-emballages.com\/de\/\",\"name\":\"CSJ Emballages\",\"description\":\"\",\"publisher\":{\"@id\":\"https:\/\/www.csj-emballages.com\/de\/#organization\"},\"potentialAction\":[{\"@type\":\"SearchAction\",\"target\":{\"@type\":\"EntryPoint\",\"urlTemplate\":\"https:\/\/www.csj-emballages.com\/de\/?s={search_term_string}\"},\"query-input\":{\"@type\":\"PropertyValueSpecification\",\"valueRequired\":true,\"valueName\":\"search_term_string\"}}],\"inLanguage\":\"de\"},{\"@type\":\"Organization\",\"@id\":\"https:\/\/www.csj-emballages.com\/de\/#Organization\/\",\"name\":\"CSJ Emballages\",\"url\":\"https:\/\/www.csj-emballages.com\/de\/\",\"logo\":{\"@type\":\"ImageObject\",\"inLanguage\":\"de\",\"@id\":\"https:\/\/www.csj-emballages.com\/de\/#\/schema\/logo\/image\/\",\"url\":\"https:\/\/www.csj-emballages.com\/wp-content\/uploads\/2023\/10\/logo_csj.webp\",\"contentUrl\":\"https:\/\/www.csj-emballages.com\/wp-content\/uploads\/2023\/10\/logo_csj.webp\",\"width\":250,\"height\":95,\"caption\":\"CSJ Emballages\"},\"image\":{\"@id\":\"https:\/\/www.csj-emballages.com\/de\/#\/schema\/logo\/image\/\"},\"sameAs\":[\"https:\/\/www.facebook.com\/csjemballages\"],\"address\":{\"@type\":\"PostalAddress\",\"streetAddress\":\"ZI La Lechere\",\"addressLocality\":\"Patornay\",\"postalCode\":\"39130\",\"addressCountry\":\"FR\"},\"contactPoint\":[{\"@type\":\"ContactPoint\",\"contactType\":\"Service client\",\"telephone\":\"0384254272\",\"email\":\"contact@csj-emballages.com\"}]}]}<\/script>\n<!-- \/ Yoast SEO Premium plugin. -->","yoast_head_json":{"title":"Fuchsia-Pappbecher 20 cl, 25 St\u00fcck","description":"Fuchsia-Pappbecher 20 cl: farbenfrohes und modernes Design f\u00fcr Hei\u00df- oder Kaltgetr\u00e4nke. Ideal f\u00fcr Veranstaltungen, Fast Food und Take-away-Service.","robots":{"index":"index","follow":"follow","max-snippet":"max-snippet:-1","max-image-preview":"max-image-preview:large","max-video-preview":"max-video-preview:-1"},"canonical":"https:\/\/www.csj-emballages.com\/de\/produit\/25-pappbecher-fuschia-20-cl\/","og_locale":"de_DE","og_type":"article","og_title":"Fuchsia-Pappbecher 20 cl, 25 St\u00fcck","og_description":"Fuchsia-Pappbecher 20 cl: farbenfrohes und modernes Design f\u00fcr Hei\u00df- oder Kaltgetr\u00e4nke. Ideal f\u00fcr Veranstaltungen, Fast Food und Take-away-Service.","og_url":"https:\/\/www.csj-emballages.com\/de\/produit\/25-pappbecher-fuschia-20-cl\/","og_site_name":"CSJ Emballages","article_publisher":"https:\/\/www.facebook.com\/csjemballages","article_modified_time":"2026-05-05T00:14:59+00:00","og_image":[{"width":800,"height":800,"url":"https:\/\/www.csj-emballages.com\/wp-content\/uploads\/2024\/03\/GM20FU.webp","type":"image\/webp"}],"twitter_card":"summary_large_image","twitter_misc":{"Gesch\u00e4tzte Lesezeit":"1\u00a0Minute"},"schema":{"@context":"https:\/\/schema.org","@graph":[{"@type":"WebPage","@id":"https:\/\/www.csj-emballages.com\/de\/produit\/25-pappbecher-fuschia-20-cl\/","url":"https:\/\/www.csj-emballages.com\/de\/produit\/25-pappbecher-fuschia-20-cl\/","name":"Fuchsia-Pappbecher 20 cl, 25 St\u00fcck","isPartOf":{"@id":"https:\/\/www.csj-emballages.com\/de\/#website"},"primaryImageOfPage":{"@id":"https:\/\/www.csj-emballages.com\/de\/produit\/25-pappbecher-fuschia-20-cl\/#primaryimage"},"image":{"@id":"https:\/\/www.csj-emballages.com\/de\/produit\/25-pappbecher-fuschia-20-cl\/#primaryimage"},"thumbnailUrl":"https:\/\/www.csj-emballages.com\/wp-content\/uploads\/2024\/03\/GM20FU.webp","datePublished":"2024-03-01T15:53:28+00:00","dateModified":"2026-05-05T00:14:59+00:00","description":"Fuchsia-Pappbecher 20 cl: farbenfrohes und modernes Design f\u00fcr Hei\u00df- oder Kaltgetr\u00e4nke. Ideal f\u00fcr Veranstaltungen, Fast Food und Take-away-Service.","breadcrumb":{"@id":"https:\/\/www.csj-emballages.com\/de\/produit\/25-pappbecher-fuschia-20-cl\/#breadcrumb"},"inLanguage":"de","potentialAction":[{"@type":"ReadAction","target":["https:\/\/www.csj-emballages.com\/de\/produit\/25-pappbecher-fuschia-20-cl\/"]}]},{"@type":"ImageObject","inLanguage":"de","@id":"https:\/\/www.csj-emballages.com\/de\/produit\/25-pappbecher-fuschia-20-cl\/#primaryimage","url":"https:\/\/www.csj-emballages.com\/wp-content\/uploads\/2024\/03\/GM20FU.webp","contentUrl":"https:\/\/www.csj-emballages.com\/wp-content\/uploads\/2024\/03\/GM20FU.webp","width":800,"height":800,"caption":"Gobelet carton fuchsia"},{"@type":"BreadcrumbList","@id":"https:\/\/www.csj-emballages.com\/de\/produit\/25-pappbecher-fuschia-20-cl\/#breadcrumb","itemListElement":[{"@type":"ListItem","position":1,"name":"Accueil","item":"https:\/\/www.csj-emballages.com\/de\/universum-lebensmittelverpackungen\/"},{"@type":"ListItem","position":2,"name":"Shop","item":"https:\/\/www.csj-emballages.com\/shop\/"},{"@type":"ListItem","position":3,"name":"Fuchsia-Pappbecher 20 cl, 25 St\u00fcck"}]},{"@type":"WebSite","@id":"https:\/\/www.csj-emballages.com\/de\/#website","url":"https:\/\/www.csj-emballages.com\/de\/","name":"CSJ Emballages","description":"","publisher":{"@id":"https:\/\/www.csj-emballages.com\/de\/#organization"},"potentialAction":[{"@type":"SearchAction","target":{"@type":"EntryPoint","urlTemplate":"https:\/\/www.csj-emballages.com\/de\/?s={search_term_string}"},"query-input":{"@type":"PropertyValueSpecification","valueRequired":true,"valueName":"search_term_string"}}],"inLanguage":"de"},{"@type":"Organization","@id":"https:\/\/www.csj-emballages.com\/de\/#Organization\/","name":"CSJ Emballages","url":"https:\/\/www.csj-emballages.com\/de\/","logo":{"@type":"ImageObject","inLanguage":"de","@id":"https:\/\/www.csj-emballages.com\/de\/#\/schema\/logo\/image\/","url":"https:\/\/www.csj-emballages.com\/wp-content\/uploads\/2023\/10\/logo_csj.webp","contentUrl":"https:\/\/www.csj-emballages.com\/wp-content\/uploads\/2023\/10\/logo_csj.webp","width":250,"height":95,"caption":"CSJ Emballages"},"image":{"@id":"https:\/\/www.csj-emballages.com\/de\/#\/schema\/logo\/image\/"},"sameAs":["https:\/\/www.facebook.com\/csjemballages"],"address":{"@type":"PostalAddress","streetAddress":"ZI La Lechere","addressLocality":"Patornay","postalCode":"39130","addressCountry":"FR"},"contactPoint":[{"@type":"ContactPoint","contactType":"Service client","telephone":"0384254272","email":"contact@csj-emballages.com"}]}]}},"df_price":2.02,"df_sale_price":"","df_regular_price":2.02,"df_image_link":"https:\/\/www.csj-emballages.com\/wp-content\/uploads\/2024\/03\/GM20FU-300x300.webp","tiered_pricing_type":"fixed","tiered_pricing_fixed_rules":[],"tiered_pricing_percentage_rules":[],"tiered_pricing_minimum":1,"tiered_pricing_roles_data":[],"_links":{"self":[{"href":"https:\/\/www.csj-emballages.com\/de\/wp-json\/wp\/v2\/product\/21066","targetHints":{"allow":["GET"]}}],"collection":[{"href":"https:\/\/www.csj-emballages.com\/de\/wp-json\/wp\/v2\/product"}],"about":[{"href":"https:\/\/www.csj-emballages.com\/de\/wp-json\/wp\/v2\/types\/product"}],"wp:featuredmedia":[{"embeddable":true,"href":"https:\/\/www.csj-emballages.com\/de\/wp-json\/wp\/v2\/media\/277078"}],"wp:attachment":[{"href":"https:\/\/www.csj-emballages.com\/de\/wp-json\/wp\/v2\/media?parent=21066"}],"wp:term":[{"taxonomy":"product_brand","embeddable":true,"href":"https:\/\/www.csj-emballages.com\/de\/wp-json\/wp\/v2\/product_brand?post=21066"},{"taxonomy":"product_cat","embeddable":true,"href":"https:\/\/www.csj-emballages.com\/de\/wp-json\/wp\/v2\/product_cat?post=21066"},{"taxonomy":"product_tag","embeddable":true,"href":"https:\/\/www.csj-emballages.com\/de\/wp-json\/wp\/v2\/product_tag?post=21066"}],"curies":[{"name":"wp","href":"https:\/\/api.w.org\/{rel}","templated":true}]}}