{"id":21055,"date":"2024-03-01T16:53:28","date_gmt":"2024-03-01T15:53:28","guid":{"rendered":"https:\/\/u15jnbdpoq.preview.infomaniak.website\/produit\/25-schwarze-pappbecher-20-cl\/"},"modified":"2026-04-03T02:16:39","modified_gmt":"2026-04-03T00:16:39","slug":"25-schwarze-pappbecher-20-cl","status":"publish","type":"product","link":"https:\/\/www.csj-emballages.com\/de\/produit\/25-schwarze-pappbecher-20-cl\/","title":{"rendered":"Pappbecher schwarz 20 cl, 25er-Pack"},"content":{"rendered":"<h2 class=\"p1\">Pappbecher schwarz<\/h2>\n<hr>\n<h3>Entdecken Sie unseren Pappbecher schwarz 20 cl, 25er-Pack<\/h3>\n<p><!--more--><\/p>\n<p data-start=\"216\" data-end=\"485\">Der <strong>Pappbecher schwarz 20 cl<\/strong> ist ideal f\u00fcr den Ausschank von Hei\u00df- und Kaltgetr\u00e4nken im Au\u00dfer-Haus-Verkauf. Mit seinem schlichten und eleganten Design verleiht er Ihrem Service eine moderne und professionelle Note, ob im Caf\u00e9, in der B\u00e4ckerei, im Imbiss oder bei Veranstaltungen. <\/p>\n<p data-start=\"487\" data-end=\"776\">Sein <strong>Fassungsverm\u00f6gen von 20 cl (200 ml)<\/strong> eignet sich perfekt f\u00fcr einen <strong>Caf\u00e9 Americano, Tee, hei\u00dfe Schokolade, Cappuccino oder jedes andere Getr\u00e4nk in Einzelportionen<\/strong>. Hergestellt aus widerstandsf\u00e4higer, lebensmittelechter Pappe, bietet er eine gute Griffigkeit und begrenzt die W\u00e4rme\u00fcbertragung. <\/p>\n<p data-start=\"778\" data-end=\"1009\">Sein <strong>schwarzes Finish<\/strong> sorgt f\u00fcr eine gepflegte \u00c4sthetik, die in jede Umgebung passt, von traditionellen Betrieben bis hin zu modernen Konzepten. Leicht und praktisch, erleichtert er den schnellen Service und den Au\u00dfer-Haus-Verkauf. <\/p>\n<p data-start=\"1011\" data-end=\"1158\">Verpackt in <strong>Einheiten zu 25 St\u00fcck<\/strong>, ist dieser <strong>Becher<\/strong> eine einfache und effiziente L\u00f6sung f\u00fcr Profis sowie f\u00fcr punktuelle Veranstaltungen.<\/p>\n<p>&nbsp;<\/p>\n<p><!--more--><\/p>\n<h4>Vorteile :<\/h4>\n<ul>\n<li data-start=\"1196\" data-end=\"1254\"><strong>Fassungsverm\u00f6gen 20 cl<\/strong>, ideal f\u00fcr Hei\u00df- oder Kaltgetr\u00e4nke.<\/li>\n<li data-start=\"1257\" data-end=\"1289\">Elegantes und modernes schwarzes Design.<\/li>\n<li data-start=\"1292\" data-end=\"1338\">Widerstandsf\u00e4hige, lebensmittelechte Pappe.<\/li>\n<li data-start=\"1292\" data-end=\"1338\">Ideal f\u00fcr Kaffee, Tee und hei\u00dfe Schokolade.<\/li>\n<li data-start=\"1445\" data-end=\"1464\">Leicht und praktisch.<\/li>\n<li data-start=\"1467\" data-end=\"1500\">Verpackungseinheit: <strong>25 Becher<\/strong>.<\/li>\n<\/ul>\n<p>&nbsp;<\/p>\n<p><!--more--><\/p>\n<h4>Weitere Informationen :<\/h4>\n<ul>\n<li><strong>Verpackung<\/strong>: Packung mit 25 St\u00fcck<\/li>\n<li><b>Volumen <\/b>: 20 cl<\/li>\n<li><strong>Material<\/strong>: Karton<\/li>\n<li><strong>Farbe<\/strong>: Schwarz<\/li>\n<\/ul>\n<p>&nbsp;<\/p>\n<p><!--more--><\/p>\n<p><a href=\"https:\/\/www.csj-emballages.com\/de\/categorie-produit\/lebensmittelverpackungen\/restauration-de\/becher-glaser-eimer-flaschen\/pappbecher\/farbige-pappbecher\/\">Entdecken Sie unser restliches Sortiment an farbigen Pappbechern<\/a><\/p>\n","protected":false},"excerpt":{"rendered":"<p>Pappbecher schwarz Entdecken Sie unseren Pappbecher schwarz 20 cl, 25er-Pack<\/p>\n","protected":false},"featured_media":8735,"template":"","meta":{"_acf_changed":false},"product_brand":[],"product_cat":[1469,2705],"product_tag":[],"class_list":{"0":"post-21055","1":"product","2":"type-product","3":"status-publish","4":"has-post-thumbnail","6":"product_cat-becher-glaser-eimer-flaschen","7":"product_cat-farbige-pappbecher","9":"first","10":"instock","11":"taxable","12":"shipping-taxable","13":"purchasable","14":"product-type-simple"},"acf":[],"yoast_head":"<!-- This site is optimized with the Yoast SEO Premium plugin v26.6 (Yoast SEO v26.6) - https:\/\/yoast.com\/wordpress\/plugins\/seo\/ -->\n<title>Pappbecher Schwarz 20 cl, 25er-Pack<\/title>\n<meta name=\"description\" content=\"Pappbecher schwarz 20 cl, 25er-Pack, ideal f\u00fcr Kaffee, Tee und Hei\u00dfgetr\u00e4nke zum Mitnehmen. Widerstandsf\u00e4hig, elegant und perfekt f\u00fcr Profis oder Privatpersonen.\" \/>\n<meta name=\"robots\" content=\"index, follow, max-snippet:-1, max-image-preview:large, max-video-preview:-1\" \/>\n<link rel=\"canonical\" href=\"https:\/\/www.csj-emballages.com\/de\/produit\/25-schwarze-pappbecher-20-cl\/\" \/>\n<meta property=\"og:locale\" content=\"de_DE\" \/>\n<meta property=\"og:type\" content=\"article\" \/>\n<meta property=\"og:title\" content=\"Pappbecher schwarz 20 cl, 25er-Pack\" \/>\n<meta property=\"og:description\" content=\"Pappbecher schwarz 20 cl, 25er-Pack, ideal f\u00fcr Kaffee, Tee und Hei\u00dfgetr\u00e4nke zum Mitnehmen. Widerstandsf\u00e4hig, elegant und perfekt f\u00fcr Profis oder Privatpersonen.\" \/>\n<meta property=\"og:url\" content=\"https:\/\/www.csj-emballages.com\/de\/produit\/25-schwarze-pappbecher-20-cl\/\" \/>\n<meta property=\"og:site_name\" content=\"CSJ Emballages\" \/>\n<meta property=\"article:publisher\" content=\"https:\/\/www.facebook.com\/csjemballages\" \/>\n<meta property=\"article:modified_time\" content=\"2026-04-03T00:16:39+00:00\" \/>\n<meta property=\"og:image\" content=\"https:\/\/www.csj-emballages.com\/wp-content\/uploads\/2024\/03\/V547OZN-zoom-jpg.webp\" \/>\n\t<meta property=\"og:image:width\" content=\"800\" \/>\n\t<meta property=\"og:image:height\" content=\"794\" \/>\n\t<meta property=\"og:image:type\" content=\"image\/jpeg\" \/>\n<meta name=\"twitter:card\" content=\"summary_large_image\" \/>\n<meta name=\"twitter:label1\" content=\"Gesch\u00e4tzte Lesezeit\" \/>\n\t<meta name=\"twitter:data1\" content=\"1\u00a0Minute\" \/>\n<script type=\"application\/ld+json\" class=\"yoast-schema-graph\">{\"@context\":\"https:\/\/schema.org\",\"@graph\":[{\"@type\":\"WebPage\",\"@id\":\"https:\/\/www.csj-emballages.com\/de\/produit\/25-schwarze-pappbecher-20-cl\/\",\"url\":\"https:\/\/www.csj-emballages.com\/de\/produit\/25-schwarze-pappbecher-20-cl\/\",\"name\":\"Pappbecher Schwarz 20 cl, 25er-Pack\",\"isPartOf\":{\"@id\":\"https:\/\/www.csj-emballages.com\/de\/#website\"},\"primaryImageOfPage\":{\"@id\":\"https:\/\/www.csj-emballages.com\/de\/produit\/25-schwarze-pappbecher-20-cl\/#primaryimage\"},\"image\":{\"@id\":\"https:\/\/www.csj-emballages.com\/de\/produit\/25-schwarze-pappbecher-20-cl\/#primaryimage\"},\"thumbnailUrl\":\"https:\/\/www.csj-emballages.com\/wp-content\/uploads\/2024\/03\/V547OZN-zoom-jpg.webp\",\"datePublished\":\"2024-03-01T15:53:28+00:00\",\"dateModified\":\"2026-04-03T00:16:39+00:00\",\"description\":\"Pappbecher schwarz 20 cl, 25er-Pack, ideal f\u00fcr Kaffee, Tee und Hei\u00dfgetr\u00e4nke zum Mitnehmen. Widerstandsf\u00e4hig, elegant und perfekt f\u00fcr Profis oder Privatpersonen.\",\"breadcrumb\":{\"@id\":\"https:\/\/www.csj-emballages.com\/de\/produit\/25-schwarze-pappbecher-20-cl\/#breadcrumb\"},\"inLanguage\":\"de\",\"potentialAction\":[{\"@type\":\"ReadAction\",\"target\":[\"https:\/\/www.csj-emballages.com\/de\/produit\/25-schwarze-pappbecher-20-cl\/\"]}]},{\"@type\":\"ImageObject\",\"inLanguage\":\"de\",\"@id\":\"https:\/\/www.csj-emballages.com\/de\/produit\/25-schwarze-pappbecher-20-cl\/#primaryimage\",\"url\":\"https:\/\/www.csj-emballages.com\/wp-content\/uploads\/2024\/03\/V547OZN-zoom-jpg.webp\",\"contentUrl\":\"https:\/\/www.csj-emballages.com\/wp-content\/uploads\/2024\/03\/V547OZN-zoom-jpg.webp\",\"width\":800,\"height\":794},{\"@type\":\"BreadcrumbList\",\"@id\":\"https:\/\/www.csj-emballages.com\/de\/produit\/25-schwarze-pappbecher-20-cl\/#breadcrumb\",\"itemListElement\":[{\"@type\":\"ListItem\",\"position\":1,\"name\":\"Accueil\",\"item\":\"https:\/\/www.csj-emballages.com\/de\/universum-lebensmittelverpackungen\/\"},{\"@type\":\"ListItem\",\"position\":2,\"name\":\"Shop\",\"item\":\"https:\/\/www.csj-emballages.com\/shop\/\"},{\"@type\":\"ListItem\",\"position\":3,\"name\":\"Pappbecher schwarz 20 cl, 25er-Pack\"}]},{\"@type\":\"WebSite\",\"@id\":\"https:\/\/www.csj-emballages.com\/de\/#website\",\"url\":\"https:\/\/www.csj-emballages.com\/de\/\",\"name\":\"CSJ Emballages\",\"description\":\"\",\"publisher\":{\"@id\":\"https:\/\/www.csj-emballages.com\/de\/#organization\"},\"potentialAction\":[{\"@type\":\"SearchAction\",\"target\":{\"@type\":\"EntryPoint\",\"urlTemplate\":\"https:\/\/www.csj-emballages.com\/de\/?s={search_term_string}\"},\"query-input\":{\"@type\":\"PropertyValueSpecification\",\"valueRequired\":true,\"valueName\":\"search_term_string\"}}],\"inLanguage\":\"de\"},{\"@type\":\"Organization\",\"@id\":\"https:\/\/www.csj-emballages.com\/de\/#Organization\/\",\"name\":\"CSJ Emballages\",\"url\":\"https:\/\/www.csj-emballages.com\/de\/\",\"logo\":{\"@type\":\"ImageObject\",\"inLanguage\":\"de\",\"@id\":\"https:\/\/www.csj-emballages.com\/de\/#\/schema\/logo\/image\/\",\"url\":\"https:\/\/www.csj-emballages.com\/wp-content\/uploads\/2023\/10\/logo_csj.webp\",\"contentUrl\":\"https:\/\/www.csj-emballages.com\/wp-content\/uploads\/2023\/10\/logo_csj.webp\",\"width\":250,\"height\":95,\"caption\":\"CSJ Emballages\"},\"image\":{\"@id\":\"https:\/\/www.csj-emballages.com\/de\/#\/schema\/logo\/image\/\"},\"sameAs\":[\"https:\/\/www.facebook.com\/csjemballages\"],\"address\":{\"@type\":\"PostalAddress\",\"streetAddress\":\"ZI La Lechere\",\"addressLocality\":\"Patornay\",\"postalCode\":\"39130\",\"addressCountry\":\"FR\"},\"contactPoint\":[{\"@type\":\"ContactPoint\",\"contactType\":\"Service client\",\"telephone\":\"0384254272\",\"email\":\"contact@csj-emballages.com\"}]}]}<\/script>\n<!-- \/ Yoast SEO Premium plugin. -->","yoast_head_json":{"title":"Pappbecher Schwarz 20 cl, 25er-Pack","description":"Pappbecher schwarz 20 cl, 25er-Pack, ideal f\u00fcr Kaffee, Tee und Hei\u00dfgetr\u00e4nke zum Mitnehmen. Widerstandsf\u00e4hig, elegant und perfekt f\u00fcr Profis oder Privatpersonen.","robots":{"index":"index","follow":"follow","max-snippet":"max-snippet:-1","max-image-preview":"max-image-preview:large","max-video-preview":"max-video-preview:-1"},"canonical":"https:\/\/www.csj-emballages.com\/de\/produit\/25-schwarze-pappbecher-20-cl\/","og_locale":"de_DE","og_type":"article","og_title":"Pappbecher schwarz 20 cl, 25er-Pack","og_description":"Pappbecher schwarz 20 cl, 25er-Pack, ideal f\u00fcr Kaffee, Tee und Hei\u00dfgetr\u00e4nke zum Mitnehmen. Widerstandsf\u00e4hig, elegant und perfekt f\u00fcr Profis oder Privatpersonen.","og_url":"https:\/\/www.csj-emballages.com\/de\/produit\/25-schwarze-pappbecher-20-cl\/","og_site_name":"CSJ Emballages","article_publisher":"https:\/\/www.facebook.com\/csjemballages","article_modified_time":"2026-04-03T00:16:39+00:00","og_image":[{"width":800,"height":794,"url":"https:\/\/www.csj-emballages.com\/wp-content\/uploads\/2024\/03\/V547OZN-zoom-jpg.webp","type":"image\/jpeg"}],"twitter_card":"summary_large_image","twitter_misc":{"Gesch\u00e4tzte Lesezeit":"1\u00a0Minute"},"schema":{"@context":"https:\/\/schema.org","@graph":[{"@type":"WebPage","@id":"https:\/\/www.csj-emballages.com\/de\/produit\/25-schwarze-pappbecher-20-cl\/","url":"https:\/\/www.csj-emballages.com\/de\/produit\/25-schwarze-pappbecher-20-cl\/","name":"Pappbecher Schwarz 20 cl, 25er-Pack","isPartOf":{"@id":"https:\/\/www.csj-emballages.com\/de\/#website"},"primaryImageOfPage":{"@id":"https:\/\/www.csj-emballages.com\/de\/produit\/25-schwarze-pappbecher-20-cl\/#primaryimage"},"image":{"@id":"https:\/\/www.csj-emballages.com\/de\/produit\/25-schwarze-pappbecher-20-cl\/#primaryimage"},"thumbnailUrl":"https:\/\/www.csj-emballages.com\/wp-content\/uploads\/2024\/03\/V547OZN-zoom-jpg.webp","datePublished":"2024-03-01T15:53:28+00:00","dateModified":"2026-04-03T00:16:39+00:00","description":"Pappbecher schwarz 20 cl, 25er-Pack, ideal f\u00fcr Kaffee, Tee und Hei\u00dfgetr\u00e4nke zum Mitnehmen. Widerstandsf\u00e4hig, elegant und perfekt f\u00fcr Profis oder Privatpersonen.","breadcrumb":{"@id":"https:\/\/www.csj-emballages.com\/de\/produit\/25-schwarze-pappbecher-20-cl\/#breadcrumb"},"inLanguage":"de","potentialAction":[{"@type":"ReadAction","target":["https:\/\/www.csj-emballages.com\/de\/produit\/25-schwarze-pappbecher-20-cl\/"]}]},{"@type":"ImageObject","inLanguage":"de","@id":"https:\/\/www.csj-emballages.com\/de\/produit\/25-schwarze-pappbecher-20-cl\/#primaryimage","url":"https:\/\/www.csj-emballages.com\/wp-content\/uploads\/2024\/03\/V547OZN-zoom-jpg.webp","contentUrl":"https:\/\/www.csj-emballages.com\/wp-content\/uploads\/2024\/03\/V547OZN-zoom-jpg.webp","width":800,"height":794},{"@type":"BreadcrumbList","@id":"https:\/\/www.csj-emballages.com\/de\/produit\/25-schwarze-pappbecher-20-cl\/#breadcrumb","itemListElement":[{"@type":"ListItem","position":1,"name":"Accueil","item":"https:\/\/www.csj-emballages.com\/de\/universum-lebensmittelverpackungen\/"},{"@type":"ListItem","position":2,"name":"Shop","item":"https:\/\/www.csj-emballages.com\/shop\/"},{"@type":"ListItem","position":3,"name":"Pappbecher schwarz 20 cl, 25er-Pack"}]},{"@type":"WebSite","@id":"https:\/\/www.csj-emballages.com\/de\/#website","url":"https:\/\/www.csj-emballages.com\/de\/","name":"CSJ Emballages","description":"","publisher":{"@id":"https:\/\/www.csj-emballages.com\/de\/#organization"},"potentialAction":[{"@type":"SearchAction","target":{"@type":"EntryPoint","urlTemplate":"https:\/\/www.csj-emballages.com\/de\/?s={search_term_string}"},"query-input":{"@type":"PropertyValueSpecification","valueRequired":true,"valueName":"search_term_string"}}],"inLanguage":"de"},{"@type":"Organization","@id":"https:\/\/www.csj-emballages.com\/de\/#Organization\/","name":"CSJ Emballages","url":"https:\/\/www.csj-emballages.com\/de\/","logo":{"@type":"ImageObject","inLanguage":"de","@id":"https:\/\/www.csj-emballages.com\/de\/#\/schema\/logo\/image\/","url":"https:\/\/www.csj-emballages.com\/wp-content\/uploads\/2023\/10\/logo_csj.webp","contentUrl":"https:\/\/www.csj-emballages.com\/wp-content\/uploads\/2023\/10\/logo_csj.webp","width":250,"height":95,"caption":"CSJ Emballages"},"image":{"@id":"https:\/\/www.csj-emballages.com\/de\/#\/schema\/logo\/image\/"},"sameAs":["https:\/\/www.facebook.com\/csjemballages"],"address":{"@type":"PostalAddress","streetAddress":"ZI La Lechere","addressLocality":"Patornay","postalCode":"39130","addressCountry":"FR"},"contactPoint":[{"@type":"ContactPoint","contactType":"Service client","telephone":"0384254272","email":"contact@csj-emballages.com"}]}]}},"df_price":1.99,"df_sale_price":"","df_regular_price":1.99,"df_image_link":"https:\/\/www.csj-emballages.com\/wp-content\/uploads\/2024\/03\/V547OZN-zoom-300x298.webp","tiered_pricing_type":"fixed","tiered_pricing_fixed_rules":[],"tiered_pricing_percentage_rules":[],"tiered_pricing_minimum":1,"tiered_pricing_roles_data":[],"_links":{"self":[{"href":"https:\/\/www.csj-emballages.com\/de\/wp-json\/wp\/v2\/product\/21055","targetHints":{"allow":["GET"]}}],"collection":[{"href":"https:\/\/www.csj-emballages.com\/de\/wp-json\/wp\/v2\/product"}],"about":[{"href":"https:\/\/www.csj-emballages.com\/de\/wp-json\/wp\/v2\/types\/product"}],"wp:featuredmedia":[{"embeddable":true,"href":"https:\/\/www.csj-emballages.com\/de\/wp-json\/wp\/v2\/media\/8735"}],"wp:attachment":[{"href":"https:\/\/www.csj-emballages.com\/de\/wp-json\/wp\/v2\/media?parent=21055"}],"wp:term":[{"taxonomy":"product_brand","embeddable":true,"href":"https:\/\/www.csj-emballages.com\/de\/wp-json\/wp\/v2\/product_brand?post=21055"},{"taxonomy":"product_cat","embeddable":true,"href":"https:\/\/www.csj-emballages.com\/de\/wp-json\/wp\/v2\/product_cat?post=21055"},{"taxonomy":"product_tag","embeddable":true,"href":"https:\/\/www.csj-emballages.com\/de\/wp-json\/wp\/v2\/product_tag?post=21055"}],"curies":[{"name":"wp","href":"https:\/\/api.w.org\/{rel}","templated":true}]}}