{"id":21050,"date":"2024-03-01T16:53:30","date_gmt":"2024-03-01T15:53:30","guid":{"rendered":"https:\/\/u15jnbdpoq.preview.infomaniak.website\/produit\/100-untersuchungshandschuhe-aus-mikrogepudertem-latex-breit-9\/"},"modified":"2026-04-16T02:13:25","modified_gmt":"2026-04-16T00:13:25","slug":"100-untersuchungshandschuhe-aus-mikrogepudertem-latex-breit-9","status":"publish","type":"product","link":"https:\/\/www.csj-emballages.com\/de\/produit\/100-untersuchungshandschuhe-aus-mikrogepudertem-latex-breit-9\/","title":{"rendered":"Gepuderter Latex-Untersuchungshandschuh, Gr\u00f6\u00dfe 9, 100 St\u00fcck"},"content":{"rendered":"<h2>Gepuderter Latexhandschuh<\/h2>\n<hr>\n<h3>Entdecken Sie unseren gepuderten Latex-Untersuchungshandschuh Gr\u00f6\u00dfe 9, 100 St\u00fcck.<\/h3>\n<p><!--more--><\/p>\n<p data-start=\"257\" data-end=\"721\">Wenn Pr\u00e4zision und Reaktionsf\u00e4higkeit bei der Arbeit gefragt sind, sind diese <strong data-start=\"323\" data-end=\"365\">gepuderten Latex-Handschuhe Gr\u00f6\u00dfe 9<\/strong> die richtige Wahl. Entwickelt f\u00fcr feinere H\u00e4nde, bieten sie eine bequeme Passform, die auch bei l\u00e4ngerem Gebrauch eine gute Bewegungsfreiheit gew\u00e4hrleistet. Beim Anziehen erleichtert das <strong>Puder<\/strong> das Anlegen und verhindert ein Spannungsgef\u00fchl, was besonders bei h\u00e4ufigem Handschuhwechsel von Vorteil ist.  <\/p>\n<p data-start=\"723\" data-end=\"1081\">Dank des <strong>Naturlatex<\/strong> gew\u00e4hrleisten diese <strong>Handschuhe<\/strong> eine ausgezeichnete taktile Empfindlichkeit. So behalten Sie einen pr\u00e4zisen Kontakt mit Instrumenten, Oberfl\u00e4chen oder den gehandhabten Produkten. Ob im medizinischen Bereich, im Labor, in Gemeinschaftseinrichtungen oder f\u00fcr bestimmte berufliche Anwendungen, die Hygiene und Schutz erfordern, sie passen sich leicht Ihrem Alltag an.  <\/p>\n<p data-start=\"1083\" data-end=\"1438\">Ihre Widerstandsf\u00e4higkeit erm\u00f6glicht zudem ein sicheres Arbeiten, ohne Risse bei der kleinsten Bewegung bef\u00fcrchten zu m\u00fcssen. Sie bilden eine effektive Barriere gegen Schmutz und direkten Kontakt und sind dabei angenehm zu tragen. Die <strong>Spenderbox<\/strong> mit <strong data-start=\"1342\" data-end=\"1355\">100 Handschuhen<\/strong> ist praktisch, leicht zu lagern und ideal, um einen Arbeitsplatz organisiert zu halten.  <\/p>\n<p data-start=\"1440\" data-end=\"1705\">Des Weiteren erm\u00f6glicht ihre <strong>helle Farbe<\/strong>, Anomalien oder Spuren schnell zu erkennen, was die Sicherheit bei der Handhabung erh\u00f6ht. Einfach, zuverl\u00e4ssig und komfortabel sind diese Handschuhe eine sichere Wahl f\u00fcr alle, die eine effektive L\u00f6sung ohne Kompromisse suchen. <\/p>\n<p data-start=\"1707\" data-end=\"1837\">Zusammenfassend kombinieren diese <strong>gepuderten Latex-Handschuhe Gr\u00f6\u00dfe 9<\/strong> Komfort, Pr\u00e4zision und Praktikabilit\u00e4t f\u00fcr ein sicheres Arbeiten bei jeder Bewegung.<\/p>\n<p data-start=\"1707\" data-end=\"1837\"><!--more--><\/p>\n<h4 data-start=\"1707\" data-end=\"1837\">Vorteile :<\/h4>\n<ul>\n<li data-start=\"1908\" data-end=\"1943\">Schnelles Anziehen dank Puderung.<\/li>\n<li data-start=\"1946\" data-end=\"1973\">Gute taktile Empfindlichkeit.<\/li>\n<li data-start=\"1976\" data-end=\"2003\">Geschmeidiges und widerstandsf\u00e4higes Latex.<\/li>\n<li data-start=\"2006\" data-end=\"2035\">Praktische Box mit <strong>100 Handschuhen<\/strong>.<\/li>\n<li data-start=\"2038\" data-end=\"2082\">Geeignet f\u00fcr zahlreiche professionelle Anwendungen.<\/li>\n<\/ul>\n<p>&nbsp;<\/p>\n<p><!--more--><\/p>\n<h4>Weitere Informationen :<\/h4>\n<ul>\n<li><strong>Verpackung<\/strong>: Packung mit 100 St\u00fcck<\/li>\n<li><strong>Gr\u00f6\u00dfe<\/strong>: L<\/li>\n<li><strong>L\u00e4nge<\/strong>: 240 mm<\/li>\n<li><strong>Handfl\u00e4chenbreite<\/strong>: 105 mm<\/li>\n<li><strong>Gewicht<\/strong>: 5,5 g<\/li>\n<li><strong>Material<\/strong>: Latex (gepudert)<\/li>\n<\/ul>\n<p>&nbsp;<\/p>\n<p><!--more--><\/p>\n<p>Hier finden Sie alle verf\u00fcgbaren Gr\u00f6\u00dfen f\u00fcr diese ungepuderten Latex-Handschuhe: <span style=\"color: #d12727;\"><a style=\"color: #d12727;\" href=\"https:\/\/www.csj-emballages.com\/produit\/gants-dexamen-latex-poudre-small-6-5\/\">Small<\/a><\/span> \/ <span style=\"color: #d12727;\"><a style=\"color: #d12727;\" href=\"https:\/\/www.csj-emballages.com\/es\/produit\/100-guantes-de-examen-de-latex-en-polvo-medianos-8\/\">Medium<\/a><\/span> \/ <span style=\"color: #d12727;\"><a style=\"color: #d12727;\" href=\"https:\/\/www.csj-emballages.com\/es\/produit\/100-guantes-de-examen-de-latex-en-polvo-extragrandes-95\/\">Extra large<\/a><\/span><\/p>\n<p>&nbsp;<\/p>\n<p><!--more--><\/p>\n<p><a href=\"https:\/\/www.csj-emballages.com\/de\/categorie-produit\/hygiene-und-pflege\/individuelle-ausstattung\/handschuhe\/latexhandschuhe\/gepuderte-latexhandschuhe\/\">Entdecken Sie den Rest unseres Sortiments an gepuderten Latexhandschuhen<\/a><\/p>\n","protected":false},"excerpt":{"rendered":"<p>Gepuderter Latexhandschuh Entdecken Sie unseren gepuderten Latex-Untersuchungshandschuh Gr\u00f6\u00dfe 9, 100 St\u00fcck.<\/p>\n","protected":false},"featured_media":262202,"template":"","meta":{"_acf_changed":false},"product_brand":[],"product_cat":[1218,2348,2696,2704,2715],"product_tag":[],"class_list":{"0":"post-21050","1":"product","2":"type-product","3":"status-publish","4":"has-post-thumbnail","6":"product_cat-hygiene-und-pflege","7":"product_cat-individuelle-ausstattung","8":"product_cat-handschuhe","9":"product_cat-latexhandschuhe","10":"product_cat-gepuderte-latexhandschuhe","12":"first","13":"instock","14":"taxable","15":"shipping-taxable","16":"purchasable","17":"product-type-simple"},"acf":[],"yoast_head":"<!-- This site is optimized with the Yoast SEO Premium plugin v26.6 (Yoast SEO v26.6) - https:\/\/yoast.com\/wordpress\/plugins\/seo\/ -->\n<title>Gepuderter Latex-Untersuchungshandschuh, Gr\u00f6\u00dfe 9, 100 St\u00fcck<\/title>\n<meta name=\"description\" content=\"Gepuderte Latex-Untersuchungshandschuhe Gr\u00f6\u00dfe L, bequem und widerstandsf\u00e4hig. Box mit 100 Handschuhen, leicht anzuziehen und hervorragende taktile Empfindlichkeit.\" \/>\n<meta name=\"robots\" content=\"index, follow, max-snippet:-1, max-image-preview:large, max-video-preview:-1\" \/>\n<link rel=\"canonical\" href=\"https:\/\/www.csj-emballages.com\/de\/produit\/100-untersuchungshandschuhe-aus-mikrogepudertem-latex-breit-9\/\" \/>\n<meta property=\"og:locale\" content=\"de_DE\" \/>\n<meta property=\"og:type\" content=\"article\" \/>\n<meta property=\"og:title\" content=\"Gepuderter Latex-Untersuchungshandschuh, Gr\u00f6\u00dfe 9, 100 St\u00fcck\" \/>\n<meta property=\"og:description\" content=\"Gepuderte Latex-Untersuchungshandschuhe Gr\u00f6\u00dfe L, bequem und widerstandsf\u00e4hig. Box mit 100 Handschuhen, leicht anzuziehen und hervorragende taktile Empfindlichkeit.\" \/>\n<meta property=\"og:url\" content=\"https:\/\/www.csj-emballages.com\/de\/produit\/100-untersuchungshandschuhe-aus-mikrogepudertem-latex-breit-9\/\" \/>\n<meta property=\"og:site_name\" content=\"CSJ Emballages\" \/>\n<meta property=\"article:publisher\" content=\"https:\/\/www.facebook.com\/csjemballages\" \/>\n<meta property=\"article:modified_time\" content=\"2026-04-16T00:13:25+00:00\" \/>\n<meta property=\"og:image\" content=\"https:\/\/www.csj-emballages.com\/wp-content\/uploads\/2024\/03\/GLL.webp\" \/>\n\t<meta property=\"og:image:width\" content=\"800\" \/>\n\t<meta property=\"og:image:height\" content=\"800\" \/>\n\t<meta property=\"og:image:type\" content=\"image\/webp\" \/>\n<meta name=\"twitter:card\" content=\"summary_large_image\" \/>\n<meta name=\"twitter:label1\" content=\"Gesch\u00e4tzte Lesezeit\" \/>\n\t<meta name=\"twitter:data1\" content=\"2 Minuten\" \/>\n<script type=\"application\/ld+json\" class=\"yoast-schema-graph\">{\"@context\":\"https:\/\/schema.org\",\"@graph\":[{\"@type\":\"WebPage\",\"@id\":\"https:\/\/www.csj-emballages.com\/de\/produit\/100-untersuchungshandschuhe-aus-mikrogepudertem-latex-breit-9\/\",\"url\":\"https:\/\/www.csj-emballages.com\/de\/produit\/100-untersuchungshandschuhe-aus-mikrogepudertem-latex-breit-9\/\",\"name\":\"Gepuderter Latex-Untersuchungshandschuh, Gr\u00f6\u00dfe 9, 100 St\u00fcck\",\"isPartOf\":{\"@id\":\"https:\/\/www.csj-emballages.com\/de\/#website\"},\"primaryImageOfPage\":{\"@id\":\"https:\/\/www.csj-emballages.com\/de\/produit\/100-untersuchungshandschuhe-aus-mikrogepudertem-latex-breit-9\/#primaryimage\"},\"image\":{\"@id\":\"https:\/\/www.csj-emballages.com\/de\/produit\/100-untersuchungshandschuhe-aus-mikrogepudertem-latex-breit-9\/#primaryimage\"},\"thumbnailUrl\":\"https:\/\/www.csj-emballages.com\/wp-content\/uploads\/2024\/03\/Latex.webp\",\"datePublished\":\"2024-03-01T15:53:30+00:00\",\"dateModified\":\"2026-04-16T00:13:25+00:00\",\"description\":\"Gepuderte Latex-Untersuchungshandschuhe Gr\u00f6\u00dfe L, bequem und widerstandsf\u00e4hig. Box mit 100 Handschuhen, leicht anzuziehen und hervorragende taktile Empfindlichkeit.\",\"breadcrumb\":{\"@id\":\"https:\/\/www.csj-emballages.com\/de\/produit\/100-untersuchungshandschuhe-aus-mikrogepudertem-latex-breit-9\/#breadcrumb\"},\"inLanguage\":\"de\",\"potentialAction\":[{\"@type\":\"ReadAction\",\"target\":[\"https:\/\/www.csj-emballages.com\/de\/produit\/100-untersuchungshandschuhe-aus-mikrogepudertem-latex-breit-9\/\"]}]},{\"@type\":\"ImageObject\",\"inLanguage\":\"de\",\"@id\":\"https:\/\/www.csj-emballages.com\/de\/produit\/100-untersuchungshandschuhe-aus-mikrogepudertem-latex-breit-9\/#primaryimage\",\"url\":\"https:\/\/www.csj-emballages.com\/wp-content\/uploads\/2024\/03\/Latex.webp\",\"contentUrl\":\"https:\/\/www.csj-emballages.com\/wp-content\/uploads\/2024\/03\/Latex.webp\",\"width\":800,\"height\":800,\"caption\":\"Gant latex\"},{\"@type\":\"BreadcrumbList\",\"@id\":\"https:\/\/www.csj-emballages.com\/de\/produit\/100-untersuchungshandschuhe-aus-mikrogepudertem-latex-breit-9\/#breadcrumb\",\"itemListElement\":[{\"@type\":\"ListItem\",\"position\":1,\"name\":\"Accueil\",\"item\":\"https:\/\/www.csj-emballages.com\/de\/universum-lebensmittelverpackungen\/\"},{\"@type\":\"ListItem\",\"position\":2,\"name\":\"Shop\",\"item\":\"https:\/\/www.csj-emballages.com\/shop\/\"},{\"@type\":\"ListItem\",\"position\":3,\"name\":\"Gepuderter Latex-Untersuchungshandschuh, Gr\u00f6\u00dfe 9, 100 St\u00fcck\"}]},{\"@type\":\"WebSite\",\"@id\":\"https:\/\/www.csj-emballages.com\/de\/#website\",\"url\":\"https:\/\/www.csj-emballages.com\/de\/\",\"name\":\"CSJ Emballages\",\"description\":\"\",\"publisher\":{\"@id\":\"https:\/\/www.csj-emballages.com\/de\/#organization\"},\"potentialAction\":[{\"@type\":\"SearchAction\",\"target\":{\"@type\":\"EntryPoint\",\"urlTemplate\":\"https:\/\/www.csj-emballages.com\/de\/?s={search_term_string}\"},\"query-input\":{\"@type\":\"PropertyValueSpecification\",\"valueRequired\":true,\"valueName\":\"search_term_string\"}}],\"inLanguage\":\"de\"},{\"@type\":\"Organization\",\"@id\":\"https:\/\/www.csj-emballages.com\/de\/#Organization\/\",\"name\":\"CSJ Emballages\",\"url\":\"https:\/\/www.csj-emballages.com\/de\/\",\"logo\":{\"@type\":\"ImageObject\",\"inLanguage\":\"de\",\"@id\":\"https:\/\/www.csj-emballages.com\/de\/#\/schema\/logo\/image\/\",\"url\":\"https:\/\/www.csj-emballages.com\/wp-content\/uploads\/2023\/10\/logo_csj.webp\",\"contentUrl\":\"https:\/\/www.csj-emballages.com\/wp-content\/uploads\/2023\/10\/logo_csj.webp\",\"width\":250,\"height\":95,\"caption\":\"CSJ Emballages\"},\"image\":{\"@id\":\"https:\/\/www.csj-emballages.com\/de\/#\/schema\/logo\/image\/\"},\"sameAs\":[\"https:\/\/www.facebook.com\/csjemballages\"],\"address\":{\"@type\":\"PostalAddress\",\"streetAddress\":\"ZI La Lechere\",\"addressLocality\":\"Patornay\",\"postalCode\":\"39130\",\"addressCountry\":\"FR\"},\"contactPoint\":[{\"@type\":\"ContactPoint\",\"contactType\":\"Service client\",\"telephone\":\"0384254272\",\"email\":\"contact@csj-emballages.com\"}]}]}<\/script>\n<!-- \/ Yoast SEO Premium plugin. -->","yoast_head_json":{"title":"Gepuderter Latex-Untersuchungshandschuh, Gr\u00f6\u00dfe 9, 100 St\u00fcck","description":"Gepuderte Latex-Untersuchungshandschuhe Gr\u00f6\u00dfe L, bequem und widerstandsf\u00e4hig. Box mit 100 Handschuhen, leicht anzuziehen und hervorragende taktile Empfindlichkeit.","robots":{"index":"index","follow":"follow","max-snippet":"max-snippet:-1","max-image-preview":"max-image-preview:large","max-video-preview":"max-video-preview:-1"},"canonical":"https:\/\/www.csj-emballages.com\/de\/produit\/100-untersuchungshandschuhe-aus-mikrogepudertem-latex-breit-9\/","og_locale":"de_DE","og_type":"article","og_title":"Gepuderter Latex-Untersuchungshandschuh, Gr\u00f6\u00dfe 9, 100 St\u00fcck","og_description":"Gepuderte Latex-Untersuchungshandschuhe Gr\u00f6\u00dfe L, bequem und widerstandsf\u00e4hig. Box mit 100 Handschuhen, leicht anzuziehen und hervorragende taktile Empfindlichkeit.","og_url":"https:\/\/www.csj-emballages.com\/de\/produit\/100-untersuchungshandschuhe-aus-mikrogepudertem-latex-breit-9\/","og_site_name":"CSJ Emballages","article_publisher":"https:\/\/www.facebook.com\/csjemballages","article_modified_time":"2026-04-16T00:13:25+00:00","og_image":[{"width":800,"height":800,"url":"https:\/\/www.csj-emballages.com\/wp-content\/uploads\/2024\/03\/GLL.webp","type":"image\/webp"}],"twitter_card":"summary_large_image","twitter_misc":{"Gesch\u00e4tzte Lesezeit":"2 Minuten"},"schema":{"@context":"https:\/\/schema.org","@graph":[{"@type":"WebPage","@id":"https:\/\/www.csj-emballages.com\/de\/produit\/100-untersuchungshandschuhe-aus-mikrogepudertem-latex-breit-9\/","url":"https:\/\/www.csj-emballages.com\/de\/produit\/100-untersuchungshandschuhe-aus-mikrogepudertem-latex-breit-9\/","name":"Gepuderter Latex-Untersuchungshandschuh, Gr\u00f6\u00dfe 9, 100 St\u00fcck","isPartOf":{"@id":"https:\/\/www.csj-emballages.com\/de\/#website"},"primaryImageOfPage":{"@id":"https:\/\/www.csj-emballages.com\/de\/produit\/100-untersuchungshandschuhe-aus-mikrogepudertem-latex-breit-9\/#primaryimage"},"image":{"@id":"https:\/\/www.csj-emballages.com\/de\/produit\/100-untersuchungshandschuhe-aus-mikrogepudertem-latex-breit-9\/#primaryimage"},"thumbnailUrl":"https:\/\/www.csj-emballages.com\/wp-content\/uploads\/2024\/03\/Latex.webp","datePublished":"2024-03-01T15:53:30+00:00","dateModified":"2026-04-16T00:13:25+00:00","description":"Gepuderte Latex-Untersuchungshandschuhe Gr\u00f6\u00dfe L, bequem und widerstandsf\u00e4hig. Box mit 100 Handschuhen, leicht anzuziehen und hervorragende taktile Empfindlichkeit.","breadcrumb":{"@id":"https:\/\/www.csj-emballages.com\/de\/produit\/100-untersuchungshandschuhe-aus-mikrogepudertem-latex-breit-9\/#breadcrumb"},"inLanguage":"de","potentialAction":[{"@type":"ReadAction","target":["https:\/\/www.csj-emballages.com\/de\/produit\/100-untersuchungshandschuhe-aus-mikrogepudertem-latex-breit-9\/"]}]},{"@type":"ImageObject","inLanguage":"de","@id":"https:\/\/www.csj-emballages.com\/de\/produit\/100-untersuchungshandschuhe-aus-mikrogepudertem-latex-breit-9\/#primaryimage","url":"https:\/\/www.csj-emballages.com\/wp-content\/uploads\/2024\/03\/Latex.webp","contentUrl":"https:\/\/www.csj-emballages.com\/wp-content\/uploads\/2024\/03\/Latex.webp","width":800,"height":800,"caption":"Gant latex"},{"@type":"BreadcrumbList","@id":"https:\/\/www.csj-emballages.com\/de\/produit\/100-untersuchungshandschuhe-aus-mikrogepudertem-latex-breit-9\/#breadcrumb","itemListElement":[{"@type":"ListItem","position":1,"name":"Accueil","item":"https:\/\/www.csj-emballages.com\/de\/universum-lebensmittelverpackungen\/"},{"@type":"ListItem","position":2,"name":"Shop","item":"https:\/\/www.csj-emballages.com\/shop\/"},{"@type":"ListItem","position":3,"name":"Gepuderter Latex-Untersuchungshandschuh, Gr\u00f6\u00dfe 9, 100 St\u00fcck"}]},{"@type":"WebSite","@id":"https:\/\/www.csj-emballages.com\/de\/#website","url":"https:\/\/www.csj-emballages.com\/de\/","name":"CSJ Emballages","description":"","publisher":{"@id":"https:\/\/www.csj-emballages.com\/de\/#organization"},"potentialAction":[{"@type":"SearchAction","target":{"@type":"EntryPoint","urlTemplate":"https:\/\/www.csj-emballages.com\/de\/?s={search_term_string}"},"query-input":{"@type":"PropertyValueSpecification","valueRequired":true,"valueName":"search_term_string"}}],"inLanguage":"de"},{"@type":"Organization","@id":"https:\/\/www.csj-emballages.com\/de\/#Organization\/","name":"CSJ Emballages","url":"https:\/\/www.csj-emballages.com\/de\/","logo":{"@type":"ImageObject","inLanguage":"de","@id":"https:\/\/www.csj-emballages.com\/de\/#\/schema\/logo\/image\/","url":"https:\/\/www.csj-emballages.com\/wp-content\/uploads\/2023\/10\/logo_csj.webp","contentUrl":"https:\/\/www.csj-emballages.com\/wp-content\/uploads\/2023\/10\/logo_csj.webp","width":250,"height":95,"caption":"CSJ Emballages"},"image":{"@id":"https:\/\/www.csj-emballages.com\/de\/#\/schema\/logo\/image\/"},"sameAs":["https:\/\/www.facebook.com\/csjemballages"],"address":{"@type":"PostalAddress","streetAddress":"ZI La Lechere","addressLocality":"Patornay","postalCode":"39130","addressCountry":"FR"},"contactPoint":[{"@type":"ContactPoint","contactType":"Service client","telephone":"0384254272","email":"contact@csj-emballages.com"}]}]}},"df_price":5.69,"df_sale_price":"","df_regular_price":5.69,"df_image_link":"https:\/\/www.csj-emballages.com\/wp-content\/uploads\/2024\/03\/Latex-300x300.webp","tiered_pricing_type":"fixed","tiered_pricing_fixed_rules":[],"tiered_pricing_percentage_rules":[],"tiered_pricing_minimum":1,"tiered_pricing_roles_data":[],"_links":{"self":[{"href":"https:\/\/www.csj-emballages.com\/de\/wp-json\/wp\/v2\/product\/21050","targetHints":{"allow":["GET"]}}],"collection":[{"href":"https:\/\/www.csj-emballages.com\/de\/wp-json\/wp\/v2\/product"}],"about":[{"href":"https:\/\/www.csj-emballages.com\/de\/wp-json\/wp\/v2\/types\/product"}],"wp:featuredmedia":[{"embeddable":true,"href":"https:\/\/www.csj-emballages.com\/de\/wp-json\/wp\/v2\/media\/262202"}],"wp:attachment":[{"href":"https:\/\/www.csj-emballages.com\/de\/wp-json\/wp\/v2\/media?parent=21050"}],"wp:term":[{"taxonomy":"product_brand","embeddable":true,"href":"https:\/\/www.csj-emballages.com\/de\/wp-json\/wp\/v2\/product_brand?post=21050"},{"taxonomy":"product_cat","embeddable":true,"href":"https:\/\/www.csj-emballages.com\/de\/wp-json\/wp\/v2\/product_cat?post=21050"},{"taxonomy":"product_tag","embeddable":true,"href":"https:\/\/www.csj-emballages.com\/de\/wp-json\/wp\/v2\/product_tag?post=21050"}],"curies":[{"name":"wp","href":"https:\/\/api.w.org\/{rel}","templated":true}]}}