{"id":21026,"date":"2024-03-01T16:53:29","date_gmt":"2024-03-01T15:53:29","guid":{"rendered":"https:\/\/u15jnbdpoq.preview.infomaniak.website\/produit\/25-silberne-pappbecher-20-cl\/"},"modified":"2026-04-13T08:03:17","modified_gmt":"2026-04-13T06:03:17","slug":"25-silberne-pappbecher-20-cl","status":"publish","type":"product","link":"https:\/\/www.csj-emballages.com\/de\/produit\/25-silberne-pappbecher-20-cl\/","title":{"rendered":"Pappbecher silber 20 cl pro 25"},"content":{"rendered":"<div class=\"elementor-element elementor-element-6621759 e-no-lazyload e-flex e-con-boxed e-con e-parent e-lazyloaded\" data-id=\"6621759\" data-element_type=\"container\">\n<div class=\"e-con-inner\">\n<div class=\"elementor-element elementor-element-4756e65 e-con-full e-flex e-con e-child\" data-id=\"4756e65\" data-element_type=\"container\">\n<div class=\"elementor-element elementor-element-a25940d elementor-widget elementor-widget-woocommerce-product-data-tabs\" data-id=\"a25940d\" data-element_type=\"widget\" data-widget_type=\"woocommerce-product-data-tabs.default\">\n<div class=\"elementor-widget-container\">\n<div class=\"woocommerce-tabs wc-tabs-wrapper\">\n<div id=\"tab-description\" class=\"woocommerce-Tabs-panel woocommerce-Tabs-panel--description panel entry-content wc-tab\" role=\"tabpanel\" aria-labelledby=\"tab-title-description\">\n<div>\n<div>\n<div>\n<div>\n<div>\n<div>\n<div>\n<div>\n<div>\n<div>\n<div>\n<div>\n<div>\n<div class=\"flex flex-grow flex-col max-w-full\">\n<div class=\"min-h-[20px] text-message flex flex-col items-start whitespace-pre-wrap break-words [.text-message+&amp;]:mt-5 juice:w-full juice:items-end overflow-x-auto gap-2\" dir=\"auto\" data-message-author-role=\"assistant\" data-message-id=\"2034782e-88f9-44ef-b4dc-07dd7bf0115f\">\n<div class=\"flex w-full flex-col gap-1 juice:empty:hidden juice:first:pt-[3px]\">\n<div class=\"markdown prose w-full break-words dark:prose-invert light\">\n<div>\n<div>\n<div>\n<div>\n<div>\n<div>\n<h2>Pappbecher Silber<\/h2>\n<div>\n<div>\n<div>\n<div>\n<div>\n<div>\n<div>\n<div>\n<div>\n<hr>\n<h3>Beschreibung unseres Pappbechers Silber 20 cl 25er-Pack<span id=\"more-1421\"><\/span><\/h3>\n<\/div>\n<\/div>\n<\/div>\n<\/div>\n<\/div>\n<\/div>\n<\/div>\n<\/div>\n<\/div>\n<\/div>\n<\/div>\n<\/div>\n<\/div>\n<\/div>\n<\/div>\n<\/div>\n<\/div>\n<\/div>\n<\/div>\n<\/div>\n<\/div>\n<\/div>\n<\/div>\n<\/div>\n<\/div>\n<\/div>\n<\/div>\n<\/div>\n<\/div>\n<\/div>\n<\/div>\n<\/div>\n<p>Der <strong>Pappbecher Silber<\/strong> <strong>20 cl 25er-Pack<\/strong> ist ideal f\u00fcr Profis und Privatpersonen. Es ist praktisch und erf\u00fcllt viele Bed\u00fcrfnisse. Perfekt f\u00fcr kalte Getr\u00e4nke, passt er zu allen Gelegenheiten. Aus Karton gefertigt, garantiert der <strong>Silberbecher<\/strong> einen ausgezeichneten Halt in der Hand.  Au\u00dferdem ist es so konzipiert, dass es nicht ausl\u00e4uft und Ihre Oberfl\u00e4chen sch\u00fctzt. Ob f\u00fcr Wasser, Saft oder andere kalte Getr\u00e4nke, dieses Produkt erf\u00fcllt alle Anforderungen. Mit diesem <strong>Pappbecher<\/strong> entscheiden Sie sich f\u00fcr ein Produkt, das sowohl kosteng\u00fcnstig als auch umweltfreundlich ist. Da es aus recycelbaren Materialien hergestellt wird, verringert es Ihren \u00f6kologischen Fu\u00dfabdruck. Au\u00dferdem schr\u00e4nkt die Verpackung zu <strong>25<\/strong> St\u00fcck die Verschwendung ein. So profitieren Sie von einer praktischen L\u00f6sung und schonen gleichzeitig unseren Planeten.<\/p>\n<div id=\"more-1421\"><\/div>\n<p><!--more--><\/p>\n<h3>Geeignet f\u00fcr alle Ihre Bed\u00fcrfnisse<\/h3>\n<p>Der <strong>Silberbecher<\/strong> l\u00e4sst sich problemlos in verschiedene Kontexte integrieren. Verwenden Sie es bei Partys, Seminaren oder Empf\u00e4ngen. Es eignet sich auch f\u00fcr Profis in Fast-Food-Restaurants oder Catering-Unternehmen. Dank seiner <strong>silbernen<\/strong> Farbe harmoniert er mit allen Dekorationsstilen. Dieses Produkt zeichnet sich durch seine Vielseitigkeit und Einfachheit aus. Jeder <strong>Pappbecher<\/strong> ist so gestaltet, dass er ein optimales Nutzungserlebnis bietet. Die Steifigkeit des Kartons verhindert, dass er sich bei der Benutzung verformt. Au\u00dferdem erleichtert die glatte Oberfl\u00e4che die Handhabung und sorgt f\u00fcr einen angenehmen Gebrauch.<\/p>\n<p>&nbsp;<\/p>\n<div>\n<div>\n<div>\n<div>\n<div>\n<div>\n<div>\n<div>\n<div>\n<div>\n<div>\n<div>\n<div>\n<div class=\"flex flex-grow flex-col max-w-full\">\n<div class=\"min-h-[20px] text-message flex flex-col items-start whitespace-pre-wrap break-words [.text-message+&amp;]:mt-5 juice:w-full juice:items-end overflow-x-auto gap-2\" dir=\"auto\" data-message-author-role=\"assistant\" data-message-id=\"2034782e-88f9-44ef-b4dc-07dd7bf0115f\">\n<div class=\"flex w-full flex-col gap-1 juice:empty:hidden juice:first:pt-[3px]\">\n<div class=\"markdown prose w-full break-words dark:prose-invert light\">\n<div>\n<div>\n<div>\n<div>\n<div>\n<div>\n<p><!--more--><\/p>\n<h4><strong>Vorteile :<\/strong><\/h4>\n<\/div>\n<\/div>\n<\/div>\n<\/div>\n<\/div>\n<\/div>\n<\/div>\n<\/div>\n<\/div>\n<\/div>\n<\/div>\n<\/div>\n<ul>\n<li><strong>Umweltfreundlich<\/strong>: Hergestellt aus recycelbarem Karton f\u00fcr einen umweltfreundlichen Gebrauch.<\/li>\n<li><strong>Wirtschaftlich<\/strong>: <strong>25er-Packung<\/strong>, um Abfall zu vermeiden und die Kosten zu senken.<\/li>\n<li><strong>Neutral und elegant<\/strong>: <strong>Silberne<\/strong> Farbe, die sich allen Dekorationen und Atmosph\u00e4ren anpasst.<\/li>\n<li><strong>Einfach zu bedienen<\/strong>: Leicht und bequem in der Hand zu halten f\u00fcr eine angenehme Erfahrung.<\/li>\n<\/ul>\n<p>&nbsp;<\/p>\n<\/div>\n<\/div>\n<\/div>\n<\/div>\n<\/div>\n<\/div>\n<\/div>\n<\/div>\n<\/div>\n<\/div>\n<\/div>\n<p><!--more--><\/p>\n<h4>Weitere Informationen zu diesem Produkt :<\/h4>\n<ul>\n<li><strong>Verpackung<\/strong>: Packung mit 25 St\u00fcck<\/li>\n<li><b>Durchmesser unten: <\/b>48 mm<\/li>\n<li><strong>Durchmesser oben<\/strong>: 67 mm<\/li>\n<li><strong>H\u00f6he<\/strong>: 80 mm<\/li>\n<li><strong>Volumen<\/strong>: 20 cl<\/li>\n<li><strong>Material<\/strong>: Karton<\/li>\n<\/ul>\n<p>&nbsp;<\/p>\n<p><!--more--><\/p>\n<p><a href=\"https:\/\/www.csj-emballages.com\/de\/categorie-produit\/lebensmittelverpackungen\/restauration-de\/becher-glaser-eimer-flaschen\/pappbecher\/farbige-pappbecher\/\">Sehen Sie sich den Rest unseres Sortiments an farbigen Pappbechern an.<\/a><\/p>\n<\/div>\n<\/div>\n<\/div>\n<\/div>\n<\/div>\n<\/div>\n<\/div>\n<div id=\"dfd-widget-91qtqq90\" class=\"dfd-widget\" data-dfd-view=\"Widget\" data-dfd-status=\"loading\">\n<div id=\"dfwidget-host-fcab42b2-fc1a-4b48-bcb7-1e7d3792ffcc\" class=\"dfwidget-host\"><\/div>\n<\/div>\n","protected":false},"excerpt":{"rendered":"<p>Pappbecher Silber Beschreibung unseres Pappbechers Silber 20 cl 25er-Pack Der Pappbecher Silber 20 cl 25er-Pack ist ideal f\u00fcr Profis und Privatpersonen. Es ist praktisch und erf\u00fcllt viele Bed\u00fcrfnisse. Perfekt f\u00fcr kalte Getr\u00e4nke, passt er zu allen Gelegenheiten. Aus Karton gefertigt, garantiert der Silberbecher einen ausgezeichneten Halt in der Hand. Au\u00dferdem ist es so konzipiert, dass [&hellip;]<\/p>\n","protected":false},"featured_media":277046,"template":"","meta":{"_acf_changed":false},"product_brand":[],"product_cat":[1469,2705],"product_tag":[],"class_list":{"0":"post-21026","1":"product","2":"type-product","3":"status-publish","4":"has-post-thumbnail","6":"product_cat-becher-glaser-eimer-flaschen","7":"product_cat-farbige-pappbecher","9":"first","10":"instock","11":"taxable","12":"shipping-taxable","13":"purchasable","14":"product-type-simple"},"acf":[],"yoast_head":"<!-- This site is optimized with the Yoast SEO Premium plugin v26.6 (Yoast SEO v26.6) - https:\/\/yoast.com\/wordpress\/plugins\/seo\/ -->\n<title>Pappbecher Silber 20 cl 25er-Pack<\/title>\n<meta name=\"description\" content=\"Entdecken Sie unseren farbigen Pappbecher in Silber mit 20 cl! Wir bieten Ihnen eine Packung mit 25 Bechern an, die Sie f\u00fcr Ihre Veranstaltungen oder \u00c4hnliches verwenden k\u00f6nnen.\" \/>\n<meta name=\"robots\" content=\"index, follow, max-snippet:-1, max-image-preview:large, max-video-preview:-1\" \/>\n<link rel=\"canonical\" href=\"https:\/\/www.csj-emballages.com\/de\/produit\/25-silberne-pappbecher-20-cl\/\" \/>\n<meta property=\"og:locale\" content=\"de_DE\" \/>\n<meta property=\"og:type\" content=\"article\" \/>\n<meta property=\"og:title\" content=\"Pappbecher silber 20 cl pro 25\" \/>\n<meta property=\"og:description\" content=\"Entdecken Sie unseren farbigen Pappbecher in Silber mit 20 cl! Wir bieten Ihnen eine Packung mit 25 Bechern an, die Sie f\u00fcr Ihre Veranstaltungen oder \u00c4hnliches verwenden k\u00f6nnen.\" \/>\n<meta property=\"og:url\" content=\"https:\/\/www.csj-emballages.com\/de\/produit\/25-silberne-pappbecher-20-cl\/\" \/>\n<meta property=\"og:site_name\" content=\"CSJ Emballages\" \/>\n<meta property=\"article:publisher\" content=\"https:\/\/www.facebook.com\/csjemballages\" \/>\n<meta property=\"article:modified_time\" content=\"2026-04-13T06:03:17+00:00\" \/>\n<meta property=\"og:image\" content=\"https:\/\/www.csj-emballages.com\/wp-content\/uploads\/2024\/03\/GM20AR.webp\" \/>\n\t<meta property=\"og:image:width\" content=\"800\" \/>\n\t<meta property=\"og:image:height\" content=\"800\" \/>\n\t<meta property=\"og:image:type\" content=\"image\/webp\" \/>\n<meta name=\"twitter:card\" content=\"summary_large_image\" \/>\n<meta name=\"twitter:label1\" content=\"Gesch\u00e4tzte Lesezeit\" \/>\n\t<meta name=\"twitter:data1\" content=\"2 Minuten\" \/>\n<script type=\"application\/ld+json\" class=\"yoast-schema-graph\">{\"@context\":\"https:\/\/schema.org\",\"@graph\":[{\"@type\":\"WebPage\",\"@id\":\"https:\/\/www.csj-emballages.com\/de\/produit\/25-silberne-pappbecher-20-cl\/\",\"url\":\"https:\/\/www.csj-emballages.com\/de\/produit\/25-silberne-pappbecher-20-cl\/\",\"name\":\"Pappbecher Silber 20 cl 25er-Pack\",\"isPartOf\":{\"@id\":\"https:\/\/www.csj-emballages.com\/de\/#website\"},\"primaryImageOfPage\":{\"@id\":\"https:\/\/www.csj-emballages.com\/de\/produit\/25-silberne-pappbecher-20-cl\/#primaryimage\"},\"image\":{\"@id\":\"https:\/\/www.csj-emballages.com\/de\/produit\/25-silberne-pappbecher-20-cl\/#primaryimage\"},\"thumbnailUrl\":\"https:\/\/www.csj-emballages.com\/wp-content\/uploads\/2024\/03\/GM20AR.webp\",\"datePublished\":\"2024-03-01T15:53:29+00:00\",\"dateModified\":\"2026-04-13T06:03:17+00:00\",\"description\":\"Entdecken Sie unseren farbigen Pappbecher in Silber mit 20 cl! Wir bieten Ihnen eine Packung mit 25 Bechern an, die Sie f\u00fcr Ihre Veranstaltungen oder \u00c4hnliches verwenden k\u00f6nnen.\",\"breadcrumb\":{\"@id\":\"https:\/\/www.csj-emballages.com\/de\/produit\/25-silberne-pappbecher-20-cl\/#breadcrumb\"},\"inLanguage\":\"de\",\"potentialAction\":[{\"@type\":\"ReadAction\",\"target\":[\"https:\/\/www.csj-emballages.com\/de\/produit\/25-silberne-pappbecher-20-cl\/\"]}]},{\"@type\":\"ImageObject\",\"inLanguage\":\"de\",\"@id\":\"https:\/\/www.csj-emballages.com\/de\/produit\/25-silberne-pappbecher-20-cl\/#primaryimage\",\"url\":\"https:\/\/www.csj-emballages.com\/wp-content\/uploads\/2024\/03\/GM20AR.webp\",\"contentUrl\":\"https:\/\/www.csj-emballages.com\/wp-content\/uploads\/2024\/03\/GM20AR.webp\",\"width\":800,\"height\":800,\"caption\":\"Gobelet carton argent\"},{\"@type\":\"BreadcrumbList\",\"@id\":\"https:\/\/www.csj-emballages.com\/de\/produit\/25-silberne-pappbecher-20-cl\/#breadcrumb\",\"itemListElement\":[{\"@type\":\"ListItem\",\"position\":1,\"name\":\"Accueil\",\"item\":\"https:\/\/www.csj-emballages.com\/de\/universum-lebensmittelverpackungen\/\"},{\"@type\":\"ListItem\",\"position\":2,\"name\":\"Shop\",\"item\":\"https:\/\/www.csj-emballages.com\/shop\/\"},{\"@type\":\"ListItem\",\"position\":3,\"name\":\"Pappbecher silber 20 cl pro 25\"}]},{\"@type\":\"WebSite\",\"@id\":\"https:\/\/www.csj-emballages.com\/de\/#website\",\"url\":\"https:\/\/www.csj-emballages.com\/de\/\",\"name\":\"CSJ Emballages\",\"description\":\"\",\"publisher\":{\"@id\":\"https:\/\/www.csj-emballages.com\/de\/#organization\"},\"potentialAction\":[{\"@type\":\"SearchAction\",\"target\":{\"@type\":\"EntryPoint\",\"urlTemplate\":\"https:\/\/www.csj-emballages.com\/de\/?s={search_term_string}\"},\"query-input\":{\"@type\":\"PropertyValueSpecification\",\"valueRequired\":true,\"valueName\":\"search_term_string\"}}],\"inLanguage\":\"de\"},{\"@type\":\"Organization\",\"@id\":\"https:\/\/www.csj-emballages.com\/de\/#Organization\/\",\"name\":\"CSJ Emballages\",\"url\":\"https:\/\/www.csj-emballages.com\/de\/\",\"logo\":{\"@type\":\"ImageObject\",\"inLanguage\":\"de\",\"@id\":\"https:\/\/www.csj-emballages.com\/de\/#\/schema\/logo\/image\/\",\"url\":\"https:\/\/www.csj-emballages.com\/wp-content\/uploads\/2023\/10\/logo_csj.webp\",\"contentUrl\":\"https:\/\/www.csj-emballages.com\/wp-content\/uploads\/2023\/10\/logo_csj.webp\",\"width\":250,\"height\":95,\"caption\":\"CSJ Emballages\"},\"image\":{\"@id\":\"https:\/\/www.csj-emballages.com\/de\/#\/schema\/logo\/image\/\"},\"sameAs\":[\"https:\/\/www.facebook.com\/csjemballages\"],\"address\":{\"@type\":\"PostalAddress\",\"streetAddress\":\"ZI La Lechere\",\"addressLocality\":\"Patornay\",\"postalCode\":\"39130\",\"addressCountry\":\"FR\"},\"contactPoint\":[{\"@type\":\"ContactPoint\",\"contactType\":\"Service client\",\"telephone\":\"0384254272\",\"email\":\"contact@csj-emballages.com\"}]}]}<\/script>\n<!-- \/ Yoast SEO Premium plugin. -->","yoast_head_json":{"title":"Pappbecher Silber 20 cl 25er-Pack","description":"Entdecken Sie unseren farbigen Pappbecher in Silber mit 20 cl! Wir bieten Ihnen eine Packung mit 25 Bechern an, die Sie f\u00fcr Ihre Veranstaltungen oder \u00c4hnliches verwenden k\u00f6nnen.","robots":{"index":"index","follow":"follow","max-snippet":"max-snippet:-1","max-image-preview":"max-image-preview:large","max-video-preview":"max-video-preview:-1"},"canonical":"https:\/\/www.csj-emballages.com\/de\/produit\/25-silberne-pappbecher-20-cl\/","og_locale":"de_DE","og_type":"article","og_title":"Pappbecher silber 20 cl pro 25","og_description":"Entdecken Sie unseren farbigen Pappbecher in Silber mit 20 cl! Wir bieten Ihnen eine Packung mit 25 Bechern an, die Sie f\u00fcr Ihre Veranstaltungen oder \u00c4hnliches verwenden k\u00f6nnen.","og_url":"https:\/\/www.csj-emballages.com\/de\/produit\/25-silberne-pappbecher-20-cl\/","og_site_name":"CSJ Emballages","article_publisher":"https:\/\/www.facebook.com\/csjemballages","article_modified_time":"2026-04-13T06:03:17+00:00","og_image":[{"width":800,"height":800,"url":"https:\/\/www.csj-emballages.com\/wp-content\/uploads\/2024\/03\/GM20AR.webp","type":"image\/webp"}],"twitter_card":"summary_large_image","twitter_misc":{"Gesch\u00e4tzte Lesezeit":"2 Minuten"},"schema":{"@context":"https:\/\/schema.org","@graph":[{"@type":"WebPage","@id":"https:\/\/www.csj-emballages.com\/de\/produit\/25-silberne-pappbecher-20-cl\/","url":"https:\/\/www.csj-emballages.com\/de\/produit\/25-silberne-pappbecher-20-cl\/","name":"Pappbecher Silber 20 cl 25er-Pack","isPartOf":{"@id":"https:\/\/www.csj-emballages.com\/de\/#website"},"primaryImageOfPage":{"@id":"https:\/\/www.csj-emballages.com\/de\/produit\/25-silberne-pappbecher-20-cl\/#primaryimage"},"image":{"@id":"https:\/\/www.csj-emballages.com\/de\/produit\/25-silberne-pappbecher-20-cl\/#primaryimage"},"thumbnailUrl":"https:\/\/www.csj-emballages.com\/wp-content\/uploads\/2024\/03\/GM20AR.webp","datePublished":"2024-03-01T15:53:29+00:00","dateModified":"2026-04-13T06:03:17+00:00","description":"Entdecken Sie unseren farbigen Pappbecher in Silber mit 20 cl! Wir bieten Ihnen eine Packung mit 25 Bechern an, die Sie f\u00fcr Ihre Veranstaltungen oder \u00c4hnliches verwenden k\u00f6nnen.","breadcrumb":{"@id":"https:\/\/www.csj-emballages.com\/de\/produit\/25-silberne-pappbecher-20-cl\/#breadcrumb"},"inLanguage":"de","potentialAction":[{"@type":"ReadAction","target":["https:\/\/www.csj-emballages.com\/de\/produit\/25-silberne-pappbecher-20-cl\/"]}]},{"@type":"ImageObject","inLanguage":"de","@id":"https:\/\/www.csj-emballages.com\/de\/produit\/25-silberne-pappbecher-20-cl\/#primaryimage","url":"https:\/\/www.csj-emballages.com\/wp-content\/uploads\/2024\/03\/GM20AR.webp","contentUrl":"https:\/\/www.csj-emballages.com\/wp-content\/uploads\/2024\/03\/GM20AR.webp","width":800,"height":800,"caption":"Gobelet carton argent"},{"@type":"BreadcrumbList","@id":"https:\/\/www.csj-emballages.com\/de\/produit\/25-silberne-pappbecher-20-cl\/#breadcrumb","itemListElement":[{"@type":"ListItem","position":1,"name":"Accueil","item":"https:\/\/www.csj-emballages.com\/de\/universum-lebensmittelverpackungen\/"},{"@type":"ListItem","position":2,"name":"Shop","item":"https:\/\/www.csj-emballages.com\/shop\/"},{"@type":"ListItem","position":3,"name":"Pappbecher silber 20 cl pro 25"}]},{"@type":"WebSite","@id":"https:\/\/www.csj-emballages.com\/de\/#website","url":"https:\/\/www.csj-emballages.com\/de\/","name":"CSJ Emballages","description":"","publisher":{"@id":"https:\/\/www.csj-emballages.com\/de\/#organization"},"potentialAction":[{"@type":"SearchAction","target":{"@type":"EntryPoint","urlTemplate":"https:\/\/www.csj-emballages.com\/de\/?s={search_term_string}"},"query-input":{"@type":"PropertyValueSpecification","valueRequired":true,"valueName":"search_term_string"}}],"inLanguage":"de"},{"@type":"Organization","@id":"https:\/\/www.csj-emballages.com\/de\/#Organization\/","name":"CSJ Emballages","url":"https:\/\/www.csj-emballages.com\/de\/","logo":{"@type":"ImageObject","inLanguage":"de","@id":"https:\/\/www.csj-emballages.com\/de\/#\/schema\/logo\/image\/","url":"https:\/\/www.csj-emballages.com\/wp-content\/uploads\/2023\/10\/logo_csj.webp","contentUrl":"https:\/\/www.csj-emballages.com\/wp-content\/uploads\/2023\/10\/logo_csj.webp","width":250,"height":95,"caption":"CSJ Emballages"},"image":{"@id":"https:\/\/www.csj-emballages.com\/de\/#\/schema\/logo\/image\/"},"sameAs":["https:\/\/www.facebook.com\/csjemballages"],"address":{"@type":"PostalAddress","streetAddress":"ZI La Lechere","addressLocality":"Patornay","postalCode":"39130","addressCountry":"FR"},"contactPoint":[{"@type":"ContactPoint","contactType":"Service client","telephone":"0384254272","email":"contact@csj-emballages.com"}]}]}},"df_price":2.5,"df_sale_price":"","df_regular_price":2.5,"df_image_link":"https:\/\/www.csj-emballages.com\/wp-content\/uploads\/2024\/03\/GM20AR-300x300.webp","tiered_pricing_type":"fixed","tiered_pricing_fixed_rules":[],"tiered_pricing_percentage_rules":[],"tiered_pricing_minimum":1,"tiered_pricing_roles_data":[],"_links":{"self":[{"href":"https:\/\/www.csj-emballages.com\/de\/wp-json\/wp\/v2\/product\/21026","targetHints":{"allow":["GET"]}}],"collection":[{"href":"https:\/\/www.csj-emballages.com\/de\/wp-json\/wp\/v2\/product"}],"about":[{"href":"https:\/\/www.csj-emballages.com\/de\/wp-json\/wp\/v2\/types\/product"}],"wp:featuredmedia":[{"embeddable":true,"href":"https:\/\/www.csj-emballages.com\/de\/wp-json\/wp\/v2\/media\/277046"}],"wp:attachment":[{"href":"https:\/\/www.csj-emballages.com\/de\/wp-json\/wp\/v2\/media?parent=21026"}],"wp:term":[{"taxonomy":"product_brand","embeddable":true,"href":"https:\/\/www.csj-emballages.com\/de\/wp-json\/wp\/v2\/product_brand?post=21026"},{"taxonomy":"product_cat","embeddable":true,"href":"https:\/\/www.csj-emballages.com\/de\/wp-json\/wp\/v2\/product_cat?post=21026"},{"taxonomy":"product_tag","embeddable":true,"href":"https:\/\/www.csj-emballages.com\/de\/wp-json\/wp\/v2\/product_tag?post=21026"}],"curies":[{"name":"wp","href":"https:\/\/api.w.org\/{rel}","templated":true}]}}