{"id":21015,"date":"2024-03-01T16:53:31","date_gmt":"2024-03-01T15:53:31","guid":{"rendered":"https:\/\/u15jnbdpoq.preview.infomaniak.website\/produit\/hydroalkoholisches-gel-mit-pumpe-500-ml\/"},"modified":"2026-04-29T02:14:52","modified_gmt":"2026-04-29T00:14:52","slug":"hydroalkoholisches-gel-mit-pumpe-500-ml","status":"publish","type":"product","link":"https:\/\/www.csj-emballages.com\/de\/produit\/hydroalkoholisches-gel-mit-pumpe-500-ml\/","title":{"rendered":"Hydroalkoholisches Gel mit Pumpe 500 ml"},"content":{"rendered":"<h2 class=\"p1 ai-optimize-35 ai-optimize-introduction\">Hydroalkoholisches Gel<\/h2>\n<hr>\n<h3 class=\"ai-optimize-34\">Beschreibung unseres hydroalkoholischen Gels mit Pumpe 500 ml<\/h3>\n<p><!--more--><\/p>\n<p class=\"ai-optimize-34 ai-optimize-introduction\" data-start=\"312\" data-end=\"584\">Dieses <strong>hydroalkoholische Gel mit 500-ml-Pumpe<\/strong> wurde entwickelt, um eine <strong data-start=\"380\" data-end=\"431\">schnelle, wirksame und kompromisslose Desinfektion<\/strong> zu gew\u00e4hrleisten. Ob Sie im Gesundheitswesen t\u00e4tig sind, in der Gastronomie oder im Einzelhandel arbeiten oder einfach nur auf Ihre t\u00e4gliche Hygiene achten, dieses Produkt ist ein sicherer Wert. Dank seiner parf\u00fcm- und farbstofffreien Formel <strong data-start=\"629\" data-end=\"700\">eignet<\/strong> es <strong data-start=\"629\" data-end=\"700\">sich perfekt f\u00fcr den Einsatz in medizinischen Einrichtungen, Krankenh\u00e4usern oder sensiblen Bereichen<\/strong>, wo Hautvertr\u00e4glichkeit und Wirksamkeit einwandfrei sein m\u00fcssen. Es ist <strong data-start=\"781\" data-end=\"809\">dermatologisch getestet<\/strong> und garantiert auch bei h\u00e4ufiger Anwendung eine sichere Anwendung. Das <strong>Gel<\/strong> beseitigt <strong data-start=\"907\" data-end=\"942\">Bakterien, Viren und Hefepilze<\/strong> effektiv in Sekundenschnelle, ohne dass Wasser oder Absp\u00fclen erforderlich ist. Die <strong data-start=\"1002\" data-end=\"1038\">Anwendung ist schnell und einfach<\/strong>: Ein Druck auf die <strong>Pumpe<\/strong> gen\u00fcgt, um die richtige Dosis zur Reinigung und Desinfektion Ihrer H\u00e4nde abzugeben.     <\/p>\n<p class=\"ai-optimize-37\" data-start=\"1142\" data-end=\"1383\">Das praktische <strong>500-ml-Format<\/strong> mit <strong>Pumpe<\/strong> ist ideal f\u00fcr den station\u00e4ren Gebrauch am Eingang eines Raumes, auf einer Theke, in einem B\u00fcro, einer Werkstatt oder einem Behandlungsraum. Es vermeidet Kreuzkontaminationen durch eine Verteilung ohne direkten Kontakt. <\/p>\n<p class=\"ai-optimize-38\" data-start=\"1385\" data-end=\"1622\">Dieses <strong>Gel<\/strong> ist auch f\u00fcr den <strong data-start=\"1418\" data-end=\"1441\">pr\u00e4operativen Gebrauch<\/strong> geeignet, was seine Leistungsf\u00e4higkeit in anspruchsvollen Umgebungen beweist. In Zeiten von Epidemien oder einfach nur, um eine konstante Hygiene bei Ihren t\u00e4glichen Handlungen zu gew\u00e4hrleisten, ist es ein wichtiger Verb\u00fcndeter. <\/p>\n<p><!--more--><\/p>\n<h4 class=\"ai-optimize-37\"><strong>Seine Vorteile :<\/strong><\/h4>\n<ul>\n<li class=\"ai-optimize-38\">Ohne Duft- und Farbstoffe: respektiert empfindliche Haut.<\/li>\n<li class=\"ai-optimize-39\">Praktisches 500-ml-Pumpformat.<\/li>\n<li class=\"ai-optimize-40\">Schnelle Desinfektion ohne Nachsp\u00fclen.<\/li>\n<li class=\"ai-optimize-42\">Geeignet f\u00fcr den Einsatz in medizinischen Umgebungen und Krankenh\u00e4usern.<\/li>\n<li class=\"ai-optimize-39\">Kann pr\u00e4operativ verwendet werden.<\/li>\n<\/ul>\n<p>&nbsp;<\/p>\n<p><!--more--><\/p>\n<h4 class=\"ai-optimize-44\">Weitere Informationen :<\/h4>\n<ul>\n<li class=\"ai-optimize-45\"><strong>Verpackung<\/strong>: Einzeln<\/li>\n<li class=\"ai-optimize-47\"><strong>Verwendung<\/strong>: Hydroalkoholisches Gel<\/li>\n<li class=\"ai-optimize-32\"><strong>Farbe<\/strong>: Farblos<\/li>\n<li class=\"ai-optimize-35\"><strong>Volumen<\/strong>: 500 ml<\/li>\n<\/ul>\n<p>&nbsp;<\/p>\n<p><!--more--><\/p>\n<p class=\"ai-optimize-34\">Hier finden Sie unser hydroalkoholisches Gel 5 Liter : <span style=\"color: #d12727;\"><a style=\"color: #d12727;\" href=\"https:\/\/www.csj-emballages.com\/es\/produit\/gel-hidroalcoholico-5l\/\">31315<\/a><\/span><\/p>\n<p>&nbsp;<\/p>\n<p><!--more--><\/p>\n<p class=\"ai-optimize-41\"><a href=\"https:\/\/www.csj-emballages.com\/de\/categorie-produit\/hygiene-und-pflege\/pflegeprodukte\/korperhygiene\/hydroalkoholisches-gel\/\">Sehen Sie sich den Rest unseres Sortiments an hydroalkoholischen Gels an<\/a><\/p>\n","protected":false},"excerpt":{"rendered":"<p>Hydroalkoholisches Gel Beschreibung unseres hydroalkoholischen Gels mit Pumpe 500 ml<\/p>\n","protected":false},"featured_media":235944,"template":"","meta":{"_acf_changed":false},"product_brand":[],"product_cat":[1218,1219,1351,1974],"product_tag":[],"class_list":{"0":"post-21015","1":"product","2":"type-product","3":"status-publish","4":"has-post-thumbnail","6":"product_cat-hygiene-und-pflege","7":"product_cat-pflegeprodukte","8":"product_cat-korperhygiene","9":"product_cat-hydroalkoholisches-gel","11":"first","12":"instock","13":"taxable","14":"shipping-taxable","15":"purchasable","16":"product-type-simple"},"acf":[],"yoast_head":"<!-- This site is optimized with the Yoast SEO Premium plugin v26.6 (Yoast SEO v26.6) - https:\/\/yoast.com\/wordpress\/plugins\/seo\/ -->\n<title>Hydroalkoholisches Gel mit Pumpspender 500 ml<\/title>\n<meta name=\"description\" content=\"Hydroalkoholisches Gel mit Pumpspender 500 ml ohne Duft- und Farbstoffe, ideal f\u00fcr die schnelle und wirksame Desinfektion der H\u00e4nde, auch im medizinischen Bereich.\" \/>\n<meta name=\"robots\" content=\"index, follow, max-snippet:-1, max-image-preview:large, max-video-preview:-1\" \/>\n<link rel=\"canonical\" href=\"https:\/\/www.csj-emballages.com\/de\/produit\/hydroalkoholisches-gel-mit-pumpe-500-ml\/\" \/>\n<meta property=\"og:locale\" content=\"de_DE\" \/>\n<meta property=\"og:type\" content=\"article\" \/>\n<meta property=\"og:title\" content=\"Hydroalkoholisches Gel mit Pumpe 500 ml\" \/>\n<meta property=\"og:description\" content=\"Hydroalkoholisches Gel mit Pumpspender 500 ml ohne Duft- und Farbstoffe, ideal f\u00fcr die schnelle und wirksame Desinfektion der H\u00e4nde, auch im medizinischen Bereich.\" \/>\n<meta property=\"og:url\" content=\"https:\/\/www.csj-emballages.com\/de\/produit\/hydroalkoholisches-gel-mit-pumpe-500-ml\/\" \/>\n<meta property=\"og:site_name\" content=\"CSJ Emballages\" \/>\n<meta property=\"article:publisher\" content=\"https:\/\/www.facebook.com\/csjemballages\" \/>\n<meta property=\"article:modified_time\" content=\"2026-04-29T00:14:52+00:00\" \/>\n<meta property=\"og:image\" content=\"https:\/\/www.csj-emballages.com\/wp-content\/uploads\/2024\/03\/GH500.webp\" \/>\n\t<meta property=\"og:image:width\" content=\"800\" \/>\n\t<meta property=\"og:image:height\" content=\"800\" \/>\n\t<meta property=\"og:image:type\" content=\"image\/webp\" \/>\n<meta name=\"twitter:card\" content=\"summary_large_image\" \/>\n<meta name=\"twitter:label1\" content=\"Gesch\u00e4tzte Lesezeit\" \/>\n\t<meta name=\"twitter:data1\" content=\"1\u00a0Minute\" \/>\n<script type=\"application\/ld+json\" class=\"yoast-schema-graph\">{\"@context\":\"https:\/\/schema.org\",\"@graph\":[{\"@type\":\"WebPage\",\"@id\":\"https:\/\/www.csj-emballages.com\/de\/produit\/hydroalkoholisches-gel-mit-pumpe-500-ml\/\",\"url\":\"https:\/\/www.csj-emballages.com\/de\/produit\/hydroalkoholisches-gel-mit-pumpe-500-ml\/\",\"name\":\"Hydroalkoholisches Gel mit Pumpspender 500 ml\",\"isPartOf\":{\"@id\":\"https:\/\/www.csj-emballages.com\/de\/#website\"},\"primaryImageOfPage\":{\"@id\":\"https:\/\/www.csj-emballages.com\/de\/produit\/hydroalkoholisches-gel-mit-pumpe-500-ml\/#primaryimage\"},\"image\":{\"@id\":\"https:\/\/www.csj-emballages.com\/de\/produit\/hydroalkoholisches-gel-mit-pumpe-500-ml\/#primaryimage\"},\"thumbnailUrl\":\"https:\/\/www.csj-emballages.com\/wp-content\/uploads\/2024\/03\/GH500.webp\",\"datePublished\":\"2024-03-01T15:53:31+00:00\",\"dateModified\":\"2026-04-29T00:14:52+00:00\",\"description\":\"Hydroalkoholisches Gel mit Pumpspender 500 ml ohne Duft- und Farbstoffe, ideal f\u00fcr die schnelle und wirksame Desinfektion der H\u00e4nde, auch im medizinischen Bereich.\",\"breadcrumb\":{\"@id\":\"https:\/\/www.csj-emballages.com\/de\/produit\/hydroalkoholisches-gel-mit-pumpe-500-ml\/#breadcrumb\"},\"inLanguage\":\"de\",\"potentialAction\":[{\"@type\":\"ReadAction\",\"target\":[\"https:\/\/www.csj-emballages.com\/de\/produit\/hydroalkoholisches-gel-mit-pumpe-500-ml\/\"]}]},{\"@type\":\"ImageObject\",\"inLanguage\":\"de\",\"@id\":\"https:\/\/www.csj-emballages.com\/de\/produit\/hydroalkoholisches-gel-mit-pumpe-500-ml\/#primaryimage\",\"url\":\"https:\/\/www.csj-emballages.com\/wp-content\/uploads\/2024\/03\/GH500.webp\",\"contentUrl\":\"https:\/\/www.csj-emballages.com\/wp-content\/uploads\/2024\/03\/GH500.webp\",\"width\":800,\"height\":800,\"caption\":\"gel hydroalcoolique\"},{\"@type\":\"BreadcrumbList\",\"@id\":\"https:\/\/www.csj-emballages.com\/de\/produit\/hydroalkoholisches-gel-mit-pumpe-500-ml\/#breadcrumb\",\"itemListElement\":[{\"@type\":\"ListItem\",\"position\":1,\"name\":\"Accueil\",\"item\":\"https:\/\/www.csj-emballages.com\/de\/universum-lebensmittelverpackungen\/\"},{\"@type\":\"ListItem\",\"position\":2,\"name\":\"Shop\",\"item\":\"https:\/\/www.csj-emballages.com\/shop\/\"},{\"@type\":\"ListItem\",\"position\":3,\"name\":\"Hydroalkoholisches Gel mit Pumpe 500 ml\"}]},{\"@type\":\"WebSite\",\"@id\":\"https:\/\/www.csj-emballages.com\/de\/#website\",\"url\":\"https:\/\/www.csj-emballages.com\/de\/\",\"name\":\"CSJ Emballages\",\"description\":\"\",\"publisher\":{\"@id\":\"https:\/\/www.csj-emballages.com\/de\/#organization\"},\"potentialAction\":[{\"@type\":\"SearchAction\",\"target\":{\"@type\":\"EntryPoint\",\"urlTemplate\":\"https:\/\/www.csj-emballages.com\/de\/?s={search_term_string}\"},\"query-input\":{\"@type\":\"PropertyValueSpecification\",\"valueRequired\":true,\"valueName\":\"search_term_string\"}}],\"inLanguage\":\"de\"},{\"@type\":\"Organization\",\"@id\":\"https:\/\/www.csj-emballages.com\/de\/#Organization\/\",\"name\":\"CSJ Emballages\",\"url\":\"https:\/\/www.csj-emballages.com\/de\/\",\"logo\":{\"@type\":\"ImageObject\",\"inLanguage\":\"de\",\"@id\":\"https:\/\/www.csj-emballages.com\/de\/#\/schema\/logo\/image\/\",\"url\":\"https:\/\/www.csj-emballages.com\/wp-content\/uploads\/2023\/10\/logo_csj.webp\",\"contentUrl\":\"https:\/\/www.csj-emballages.com\/wp-content\/uploads\/2023\/10\/logo_csj.webp\",\"width\":250,\"height\":95,\"caption\":\"CSJ Emballages\"},\"image\":{\"@id\":\"https:\/\/www.csj-emballages.com\/de\/#\/schema\/logo\/image\/\"},\"sameAs\":[\"https:\/\/www.facebook.com\/csjemballages\"],\"address\":{\"@type\":\"PostalAddress\",\"streetAddress\":\"ZI La Lechere\",\"addressLocality\":\"Patornay\",\"postalCode\":\"39130\",\"addressCountry\":\"FR\"},\"contactPoint\":[{\"@type\":\"ContactPoint\",\"contactType\":\"Service client\",\"telephone\":\"0384254272\",\"email\":\"contact@csj-emballages.com\"}]}]}<\/script>\n<!-- \/ Yoast SEO Premium plugin. -->","yoast_head_json":{"title":"Hydroalkoholisches Gel mit Pumpspender 500 ml","description":"Hydroalkoholisches Gel mit Pumpspender 500 ml ohne Duft- und Farbstoffe, ideal f\u00fcr die schnelle und wirksame Desinfektion der H\u00e4nde, auch im medizinischen Bereich.","robots":{"index":"index","follow":"follow","max-snippet":"max-snippet:-1","max-image-preview":"max-image-preview:large","max-video-preview":"max-video-preview:-1"},"canonical":"https:\/\/www.csj-emballages.com\/de\/produit\/hydroalkoholisches-gel-mit-pumpe-500-ml\/","og_locale":"de_DE","og_type":"article","og_title":"Hydroalkoholisches Gel mit Pumpe 500 ml","og_description":"Hydroalkoholisches Gel mit Pumpspender 500 ml ohne Duft- und Farbstoffe, ideal f\u00fcr die schnelle und wirksame Desinfektion der H\u00e4nde, auch im medizinischen Bereich.","og_url":"https:\/\/www.csj-emballages.com\/de\/produit\/hydroalkoholisches-gel-mit-pumpe-500-ml\/","og_site_name":"CSJ Emballages","article_publisher":"https:\/\/www.facebook.com\/csjemballages","article_modified_time":"2026-04-29T00:14:52+00:00","og_image":[{"width":800,"height":800,"url":"https:\/\/www.csj-emballages.com\/wp-content\/uploads\/2024\/03\/GH500.webp","type":"image\/webp"}],"twitter_card":"summary_large_image","twitter_misc":{"Gesch\u00e4tzte Lesezeit":"1\u00a0Minute"},"schema":{"@context":"https:\/\/schema.org","@graph":[{"@type":"WebPage","@id":"https:\/\/www.csj-emballages.com\/de\/produit\/hydroalkoholisches-gel-mit-pumpe-500-ml\/","url":"https:\/\/www.csj-emballages.com\/de\/produit\/hydroalkoholisches-gel-mit-pumpe-500-ml\/","name":"Hydroalkoholisches Gel mit Pumpspender 500 ml","isPartOf":{"@id":"https:\/\/www.csj-emballages.com\/de\/#website"},"primaryImageOfPage":{"@id":"https:\/\/www.csj-emballages.com\/de\/produit\/hydroalkoholisches-gel-mit-pumpe-500-ml\/#primaryimage"},"image":{"@id":"https:\/\/www.csj-emballages.com\/de\/produit\/hydroalkoholisches-gel-mit-pumpe-500-ml\/#primaryimage"},"thumbnailUrl":"https:\/\/www.csj-emballages.com\/wp-content\/uploads\/2024\/03\/GH500.webp","datePublished":"2024-03-01T15:53:31+00:00","dateModified":"2026-04-29T00:14:52+00:00","description":"Hydroalkoholisches Gel mit Pumpspender 500 ml ohne Duft- und Farbstoffe, ideal f\u00fcr die schnelle und wirksame Desinfektion der H\u00e4nde, auch im medizinischen Bereich.","breadcrumb":{"@id":"https:\/\/www.csj-emballages.com\/de\/produit\/hydroalkoholisches-gel-mit-pumpe-500-ml\/#breadcrumb"},"inLanguage":"de","potentialAction":[{"@type":"ReadAction","target":["https:\/\/www.csj-emballages.com\/de\/produit\/hydroalkoholisches-gel-mit-pumpe-500-ml\/"]}]},{"@type":"ImageObject","inLanguage":"de","@id":"https:\/\/www.csj-emballages.com\/de\/produit\/hydroalkoholisches-gel-mit-pumpe-500-ml\/#primaryimage","url":"https:\/\/www.csj-emballages.com\/wp-content\/uploads\/2024\/03\/GH500.webp","contentUrl":"https:\/\/www.csj-emballages.com\/wp-content\/uploads\/2024\/03\/GH500.webp","width":800,"height":800,"caption":"gel hydroalcoolique"},{"@type":"BreadcrumbList","@id":"https:\/\/www.csj-emballages.com\/de\/produit\/hydroalkoholisches-gel-mit-pumpe-500-ml\/#breadcrumb","itemListElement":[{"@type":"ListItem","position":1,"name":"Accueil","item":"https:\/\/www.csj-emballages.com\/de\/universum-lebensmittelverpackungen\/"},{"@type":"ListItem","position":2,"name":"Shop","item":"https:\/\/www.csj-emballages.com\/shop\/"},{"@type":"ListItem","position":3,"name":"Hydroalkoholisches Gel mit Pumpe 500 ml"}]},{"@type":"WebSite","@id":"https:\/\/www.csj-emballages.com\/de\/#website","url":"https:\/\/www.csj-emballages.com\/de\/","name":"CSJ Emballages","description":"","publisher":{"@id":"https:\/\/www.csj-emballages.com\/de\/#organization"},"potentialAction":[{"@type":"SearchAction","target":{"@type":"EntryPoint","urlTemplate":"https:\/\/www.csj-emballages.com\/de\/?s={search_term_string}"},"query-input":{"@type":"PropertyValueSpecification","valueRequired":true,"valueName":"search_term_string"}}],"inLanguage":"de"},{"@type":"Organization","@id":"https:\/\/www.csj-emballages.com\/de\/#Organization\/","name":"CSJ Emballages","url":"https:\/\/www.csj-emballages.com\/de\/","logo":{"@type":"ImageObject","inLanguage":"de","@id":"https:\/\/www.csj-emballages.com\/de\/#\/schema\/logo\/image\/","url":"https:\/\/www.csj-emballages.com\/wp-content\/uploads\/2023\/10\/logo_csj.webp","contentUrl":"https:\/\/www.csj-emballages.com\/wp-content\/uploads\/2023\/10\/logo_csj.webp","width":250,"height":95,"caption":"CSJ Emballages"},"image":{"@id":"https:\/\/www.csj-emballages.com\/de\/#\/schema\/logo\/image\/"},"sameAs":["https:\/\/www.facebook.com\/csjemballages"],"address":{"@type":"PostalAddress","streetAddress":"ZI La Lechere","addressLocality":"Patornay","postalCode":"39130","addressCountry":"FR"},"contactPoint":[{"@type":"ContactPoint","contactType":"Service client","telephone":"0384254272","email":"contact@csj-emballages.com"}]}]}},"df_price":4.36,"df_sale_price":"","df_regular_price":4.36,"df_image_link":"https:\/\/www.csj-emballages.com\/wp-content\/uploads\/2024\/03\/GH500-300x300.webp","tiered_pricing_type":"fixed","tiered_pricing_fixed_rules":[],"tiered_pricing_percentage_rules":[],"tiered_pricing_minimum":1,"tiered_pricing_roles_data":[],"_links":{"self":[{"href":"https:\/\/www.csj-emballages.com\/de\/wp-json\/wp\/v2\/product\/21015","targetHints":{"allow":["GET"]}}],"collection":[{"href":"https:\/\/www.csj-emballages.com\/de\/wp-json\/wp\/v2\/product"}],"about":[{"href":"https:\/\/www.csj-emballages.com\/de\/wp-json\/wp\/v2\/types\/product"}],"wp:featuredmedia":[{"embeddable":true,"href":"https:\/\/www.csj-emballages.com\/de\/wp-json\/wp\/v2\/media\/235944"}],"wp:attachment":[{"href":"https:\/\/www.csj-emballages.com\/de\/wp-json\/wp\/v2\/media?parent=21015"}],"wp:term":[{"taxonomy":"product_brand","embeddable":true,"href":"https:\/\/www.csj-emballages.com\/de\/wp-json\/wp\/v2\/product_brand?post=21015"},{"taxonomy":"product_cat","embeddable":true,"href":"https:\/\/www.csj-emballages.com\/de\/wp-json\/wp\/v2\/product_cat?post=21015"},{"taxonomy":"product_tag","embeddable":true,"href":"https:\/\/www.csj-emballages.com\/de\/wp-json\/wp\/v2\/product_tag?post=21015"}],"curies":[{"name":"wp","href":"https:\/\/api.w.org\/{rel}","templated":true}]}}