{"id":21011,"date":"2024-03-01T16:53:30","date_gmt":"2024-03-01T15:53:30","guid":{"rendered":"https:\/\/u15jnbdpoq.preview.infomaniak.website\/produit\/100-untersuchungshandschuhe-latex-puderfrei-small-7\/"},"modified":"2026-04-03T02:16:33","modified_gmt":"2026-04-03T00:16:33","slug":"100-untersuchungshandschuhe-latex-puderfrei-small-7","status":"publish","type":"product","link":"https:\/\/www.csj-emballages.com\/de\/produit\/100-untersuchungshandschuhe-latex-puderfrei-small-7\/","title":{"rendered":"Puderfreier Latex-Untersuchungshandschuh, Small 7, 100 St\u00fcck"},"content":{"rendered":"<h2>Latex-Handschuh<\/h2>\n<hr>\n<h3>Entdecken Sie unseren puderfreien Latex-Untersuchungshandschuh, Small 7, 100 St\u00fcck<\/h3>\n<p><!--more--><\/p>\n<p data-start=\"278\" data-end=\"675\">Wenn man pr\u00e4zise arbeitet, z\u00e4hlt jedes Detail, besonders an den H\u00e4nden. Diese <strong data-start=\"368\" data-end=\"413\">puderfreien Latex-Untersuchungshandschuhe der Gr\u00f6\u00dfe S<\/strong> wurden entwickelt, um ein echtes Gef\u00fchl von Komfort zu bieten und gleichzeitig zuverl\u00e4ssigen Schutz im Alltag zu gew\u00e4hrleisten. Beim Anziehen passen sie sich der Hand nat\u00fcrlich an, ohne zu kleben oder zu st\u00f6ren, was ein entspanntes Arbeiten auch \u00fcber l\u00e4ngere Zeitr\u00e4ume erm\u00f6glicht.  <\/p>\n<p data-start=\"677\" data-end=\"1072\">Dank der <strong>Puderfreiheit<\/strong> reduzieren sie <strong>Reizungsrisiken und vermeiden unangenehme R\u00fcckst\u00e4nde<\/strong> auf Haut, Oberfl\u00e4chen oder Materialien. Das ist ein echter Vorteil f\u00fcr Profis, die eine saubere und kontrollierte Anwendung w\u00fcnschen. Ihre D\u00fcnnheit erm\u00f6glicht eine hervorragende taktile Empfindlichkeit, ideal f\u00fcr pr\u00e4zise Handgriffe, Untersuchungen, Pflege oder feinf\u00fchlige Manipulationen.  <\/p>\n<p data-start=\"1074\" data-end=\"1420\">Zudem bietet das verwendete <strong>Latex<\/strong> eine gute Elastizit\u00e4t und eine f\u00fcr h\u00e4ufigen Gebrauch geeignete Widerstandsf\u00e4higkeit. Der Handschuh rei\u00dft nicht leicht und sitzt fest, was das Sicherheitsgef\u00fchl w\u00e4hrend der Arbeit verst\u00e4rkt. Die Gr\u00f6\u00dfe S passt perfekt zu zarten H\u00e4nden und gew\u00e4hrleistet eine pr\u00e4zise Passform und bessere Bewegungskontrolle.  <\/p>\n<p data-start=\"1422\" data-end=\"1709\">Verpackt in einer <strong data-start=\"1438\" data-end=\"1454\">100er-Box<\/strong> sind diese Handschuhe praktisch zu lagern und einfach zu verteilen. Sie eignen sich sowohl f\u00fcr <strong>Arztpraxen als auch f\u00fcr Labore, \u00f6ffentliche Einrichtungen, Pflegeheime oder Umgebungen<\/strong>, die eine strenge Hygiene erfordern. <\/p>\n<p data-start=\"1711\" data-end=\"1933\">Zusammenfassend vereinen diese <strong>puderfreien Latex-Handschuhe<\/strong> Komfort, Pr\u00e4zision und Effizienz. Sie unterst\u00fctzen Fachkr\u00e4fte in ihrem Alltag, ohne Handgriffe zu erschweren, und erf\u00fcllen gleichzeitig die Hygiene- und Sicherheitsanforderungen. <\/p>\n<p data-start=\"1711\" data-end=\"1933\"><!--more--><\/p>\n<h4>Vorteile :<\/h4>\n<ul>\n<li data-start=\"1961\" data-end=\"2008\">Puderfrei f\u00fcr eine sauberere Anwendung.<\/li>\n<li data-start=\"2011\" data-end=\"2039\">Gute taktile Empfindlichkeit.<\/li>\n<li data-start=\"2042\" data-end=\"2090\">Pr\u00e4zise Passform f\u00fcr zarte H\u00e4nde (<strong>Gr\u00f6\u00dfe S<\/strong>).<\/li>\n<li data-start=\"2093\" data-end=\"2121\">Geschmeidiges und widerstandsf\u00e4higes Latex.<\/li>\n<li data-start=\"2124\" data-end=\"2168\">Box mit <strong>100 Handschuhen<\/strong>, praktisch f\u00fcr den Alltag.<\/li>\n<\/ul>\n<p>&nbsp;<\/p>\n<p><!--more--><\/p>\n<h4 style=\"margin: 0pt; box-sizing: inherit; font-family: Roboto, sans-serif;\"><span style=\"box-sizing: inherit;\"> Weitere Informationen:<\/span><\/h4>\n<ul>\n<li><strong>Verpackung<\/strong>: Packung mit 100 St\u00fcck<\/li>\n<li><strong>Gr\u00f6\u00dfe<\/strong>: S<\/li>\n<li><strong>L\u00e4nge<\/strong>: 240 mm<\/li>\n<li><strong>Handfl\u00e4chenbreite<\/strong>: 85 mm<\/li>\n<li><strong>Gewicht<\/strong>: 4,5 g<\/li>\n<li><strong>Material<\/strong>: Latex (puderfrei)<\/li>\n<\/ul>\n<p>&nbsp;<\/p>\n<p><!--more--><\/p>\n<p>Hier finden Sie alle verf\u00fcgbaren Gr\u00f6\u00dfen f\u00fcr diese puderfreien Latex-Handschuhe: <span style=\"color: #d12727;\"><a style=\"color: #d12727;\" href=\"https:\/\/www.csj-emballages.com\/produit\/100-gants-dexamen-latex-non-poudre-medium-8-9\/\">Medium (7\/8)<\/a><\/span> \/ <span style=\"color: #d12727;\"><a style=\"color: #d12727;\" href=\"https:\/\/www.csj-emballages.com\/produit\/100-gants-dexamen-latex-non-poudre-large-8-9\/\">Large (8\/9)<\/a><\/span><\/p>\n<p style=\"margin: 0pt; box-sizing: inherit; font-family: Roboto, sans-serif;\"><span style=\"color: #00c000; box-sizing: inherit;\"> <\/span><!--more--><\/p>\n<p><a href=\"https:\/\/www.csj-emballages.com\/de\/categorie-produit\/hygiene-und-pflege\/individuelle-ausstattung\/handschuhe\/latexhandschuhe\/puderfreie-latexhandschuhe\/\">Entdecken Sie unser weiteres Sortiment an puderfreien Latexhandschuhen<\/a><\/p>\n<p style=\"margin: 0pt; box-sizing: inherit; font-family: Roboto, sans-serif;\">\n","protected":false},"excerpt":{"rendered":"<p>Latex-Handschuh Entdecken Sie unseren puderfreien Latex-Untersuchungshandschuh, Small 7, 100 St\u00fcck<\/p>\n","protected":false},"featured_media":262202,"template":"","meta":{"_acf_changed":false},"product_brand":[],"product_cat":[1218,2348,2696,2704,2709],"product_tag":[],"class_list":{"0":"post-21011","1":"product","2":"type-product","3":"status-publish","4":"has-post-thumbnail","6":"product_cat-hygiene-und-pflege","7":"product_cat-individuelle-ausstattung","8":"product_cat-handschuhe","9":"product_cat-latexhandschuhe","10":"product_cat-puderfreie-latexhandschuhe","12":"first","13":"instock","14":"taxable","15":"shipping-taxable","16":"purchasable","17":"product-type-simple"},"acf":[],"yoast_head":"<!-- This site is optimized with the Yoast SEO Premium plugin v26.6 (Yoast SEO v26.6) - https:\/\/yoast.com\/wordpress\/plugins\/seo\/ -->\n<title>Latex-Untersuchungshandschuh, puderfrei, Small 7, 100 St\u00fcck<\/title>\n<meta name=\"description\" content=\"Puderfreie Latex-Handschuhe Gr\u00f6\u00dfe S im 100er-Karton. Bequem, pr\u00e4zise und widerstandsf\u00e4hig, ideal f\u00fcr Untersuchungen, Pflege und professionelle Anwendungen.\" \/>\n<meta name=\"robots\" content=\"index, follow, max-snippet:-1, max-image-preview:large, max-video-preview:-1\" \/>\n<link rel=\"canonical\" href=\"https:\/\/www.csj-emballages.com\/de\/produit\/100-untersuchungshandschuhe-latex-puderfrei-small-7\/\" \/>\n<meta property=\"og:locale\" content=\"de_DE\" \/>\n<meta property=\"og:type\" content=\"article\" \/>\n<meta property=\"og:title\" content=\"Puderfreier Latex-Untersuchungshandschuh, Small 7, 100 St\u00fcck\" \/>\n<meta property=\"og:description\" content=\"Puderfreie Latex-Handschuhe Gr\u00f6\u00dfe S im 100er-Karton. Bequem, pr\u00e4zise und widerstandsf\u00e4hig, ideal f\u00fcr Untersuchungen, Pflege und professionelle Anwendungen.\" \/>\n<meta property=\"og:url\" content=\"https:\/\/www.csj-emballages.com\/de\/produit\/100-untersuchungshandschuhe-latex-puderfrei-small-7\/\" \/>\n<meta property=\"og:site_name\" content=\"CSJ Emballages\" \/>\n<meta property=\"article:publisher\" content=\"https:\/\/www.facebook.com\/csjemballages\" \/>\n<meta property=\"article:modified_time\" content=\"2026-04-03T00:16:33+00:00\" \/>\n<meta property=\"og:image\" content=\"https:\/\/www.csj-emballages.com\/wp-content\/uploads\/2024\/03\/Latex.webp\" \/>\n\t<meta property=\"og:image:width\" content=\"800\" \/>\n\t<meta property=\"og:image:height\" content=\"800\" \/>\n\t<meta property=\"og:image:type\" content=\"image\/webp\" \/>\n<meta name=\"twitter:card\" content=\"summary_large_image\" \/>\n<meta name=\"twitter:label1\" content=\"Gesch\u00e4tzte Lesezeit\" \/>\n\t<meta name=\"twitter:data1\" content=\"2 Minuten\" \/>\n<script type=\"application\/ld+json\" class=\"yoast-schema-graph\">{\"@context\":\"https:\/\/schema.org\",\"@graph\":[{\"@type\":\"WebPage\",\"@id\":\"https:\/\/www.csj-emballages.com\/de\/produit\/100-untersuchungshandschuhe-latex-puderfrei-small-7\/\",\"url\":\"https:\/\/www.csj-emballages.com\/de\/produit\/100-untersuchungshandschuhe-latex-puderfrei-small-7\/\",\"name\":\"Latex-Untersuchungshandschuh, puderfrei, Small 7, 100 St\u00fcck\",\"isPartOf\":{\"@id\":\"https:\/\/www.csj-emballages.com\/de\/#website\"},\"primaryImageOfPage\":{\"@id\":\"https:\/\/www.csj-emballages.com\/de\/produit\/100-untersuchungshandschuhe-latex-puderfrei-small-7\/#primaryimage\"},\"image\":{\"@id\":\"https:\/\/www.csj-emballages.com\/de\/produit\/100-untersuchungshandschuhe-latex-puderfrei-small-7\/#primaryimage\"},\"thumbnailUrl\":\"https:\/\/www.csj-emballages.com\/wp-content\/uploads\/2024\/03\/Latex.webp\",\"datePublished\":\"2024-03-01T15:53:30+00:00\",\"dateModified\":\"2026-04-03T00:16:33+00:00\",\"description\":\"Puderfreie Latex-Handschuhe Gr\u00f6\u00dfe S im 100er-Karton. Bequem, pr\u00e4zise und widerstandsf\u00e4hig, ideal f\u00fcr Untersuchungen, Pflege und professionelle Anwendungen.\",\"breadcrumb\":{\"@id\":\"https:\/\/www.csj-emballages.com\/de\/produit\/100-untersuchungshandschuhe-latex-puderfrei-small-7\/#breadcrumb\"},\"inLanguage\":\"de\",\"potentialAction\":[{\"@type\":\"ReadAction\",\"target\":[\"https:\/\/www.csj-emballages.com\/de\/produit\/100-untersuchungshandschuhe-latex-puderfrei-small-7\/\"]}]},{\"@type\":\"ImageObject\",\"inLanguage\":\"de\",\"@id\":\"https:\/\/www.csj-emballages.com\/de\/produit\/100-untersuchungshandschuhe-latex-puderfrei-small-7\/#primaryimage\",\"url\":\"https:\/\/www.csj-emballages.com\/wp-content\/uploads\/2024\/03\/Latex.webp\",\"contentUrl\":\"https:\/\/www.csj-emballages.com\/wp-content\/uploads\/2024\/03\/Latex.webp\",\"width\":800,\"height\":800,\"caption\":\"Gant latex\"},{\"@type\":\"BreadcrumbList\",\"@id\":\"https:\/\/www.csj-emballages.com\/de\/produit\/100-untersuchungshandschuhe-latex-puderfrei-small-7\/#breadcrumb\",\"itemListElement\":[{\"@type\":\"ListItem\",\"position\":1,\"name\":\"Accueil\",\"item\":\"https:\/\/www.csj-emballages.com\/de\/universum-lebensmittelverpackungen\/\"},{\"@type\":\"ListItem\",\"position\":2,\"name\":\"Shop\",\"item\":\"https:\/\/www.csj-emballages.com\/shop\/\"},{\"@type\":\"ListItem\",\"position\":3,\"name\":\"Puderfreier Latex-Untersuchungshandschuh, Small 7, 100 St\u00fcck\"}]},{\"@type\":\"WebSite\",\"@id\":\"https:\/\/www.csj-emballages.com\/de\/#website\",\"url\":\"https:\/\/www.csj-emballages.com\/de\/\",\"name\":\"CSJ Emballages\",\"description\":\"\",\"publisher\":{\"@id\":\"https:\/\/www.csj-emballages.com\/de\/#organization\"},\"potentialAction\":[{\"@type\":\"SearchAction\",\"target\":{\"@type\":\"EntryPoint\",\"urlTemplate\":\"https:\/\/www.csj-emballages.com\/de\/?s={search_term_string}\"},\"query-input\":{\"@type\":\"PropertyValueSpecification\",\"valueRequired\":true,\"valueName\":\"search_term_string\"}}],\"inLanguage\":\"de\"},{\"@type\":\"Organization\",\"@id\":\"https:\/\/www.csj-emballages.com\/de\/#Organization\/\",\"name\":\"CSJ Emballages\",\"url\":\"https:\/\/www.csj-emballages.com\/de\/\",\"logo\":{\"@type\":\"ImageObject\",\"inLanguage\":\"de\",\"@id\":\"https:\/\/www.csj-emballages.com\/de\/#\/schema\/logo\/image\/\",\"url\":\"https:\/\/www.csj-emballages.com\/wp-content\/uploads\/2023\/10\/logo_csj.webp\",\"contentUrl\":\"https:\/\/www.csj-emballages.com\/wp-content\/uploads\/2023\/10\/logo_csj.webp\",\"width\":250,\"height\":95,\"caption\":\"CSJ Emballages\"},\"image\":{\"@id\":\"https:\/\/www.csj-emballages.com\/de\/#\/schema\/logo\/image\/\"},\"sameAs\":[\"https:\/\/www.facebook.com\/csjemballages\"],\"address\":{\"@type\":\"PostalAddress\",\"streetAddress\":\"ZI La Lechere\",\"addressLocality\":\"Patornay\",\"postalCode\":\"39130\",\"addressCountry\":\"FR\"},\"contactPoint\":[{\"@type\":\"ContactPoint\",\"contactType\":\"Service client\",\"telephone\":\"0384254272\",\"email\":\"contact@csj-emballages.com\"}]}]}<\/script>\n<!-- \/ Yoast SEO Premium plugin. -->","yoast_head_json":{"title":"Latex-Untersuchungshandschuh, puderfrei, Small 7, 100 St\u00fcck","description":"Puderfreie Latex-Handschuhe Gr\u00f6\u00dfe S im 100er-Karton. Bequem, pr\u00e4zise und widerstandsf\u00e4hig, ideal f\u00fcr Untersuchungen, Pflege und professionelle Anwendungen.","robots":{"index":"index","follow":"follow","max-snippet":"max-snippet:-1","max-image-preview":"max-image-preview:large","max-video-preview":"max-video-preview:-1"},"canonical":"https:\/\/www.csj-emballages.com\/de\/produit\/100-untersuchungshandschuhe-latex-puderfrei-small-7\/","og_locale":"de_DE","og_type":"article","og_title":"Puderfreier Latex-Untersuchungshandschuh, Small 7, 100 St\u00fcck","og_description":"Puderfreie Latex-Handschuhe Gr\u00f6\u00dfe S im 100er-Karton. Bequem, pr\u00e4zise und widerstandsf\u00e4hig, ideal f\u00fcr Untersuchungen, Pflege und professionelle Anwendungen.","og_url":"https:\/\/www.csj-emballages.com\/de\/produit\/100-untersuchungshandschuhe-latex-puderfrei-small-7\/","og_site_name":"CSJ Emballages","article_publisher":"https:\/\/www.facebook.com\/csjemballages","article_modified_time":"2026-04-03T00:16:33+00:00","og_image":[{"width":800,"height":800,"url":"https:\/\/www.csj-emballages.com\/wp-content\/uploads\/2024\/03\/Latex.webp","type":"image\/webp"}],"twitter_card":"summary_large_image","twitter_misc":{"Gesch\u00e4tzte Lesezeit":"2 Minuten"},"schema":{"@context":"https:\/\/schema.org","@graph":[{"@type":"WebPage","@id":"https:\/\/www.csj-emballages.com\/de\/produit\/100-untersuchungshandschuhe-latex-puderfrei-small-7\/","url":"https:\/\/www.csj-emballages.com\/de\/produit\/100-untersuchungshandschuhe-latex-puderfrei-small-7\/","name":"Latex-Untersuchungshandschuh, puderfrei, Small 7, 100 St\u00fcck","isPartOf":{"@id":"https:\/\/www.csj-emballages.com\/de\/#website"},"primaryImageOfPage":{"@id":"https:\/\/www.csj-emballages.com\/de\/produit\/100-untersuchungshandschuhe-latex-puderfrei-small-7\/#primaryimage"},"image":{"@id":"https:\/\/www.csj-emballages.com\/de\/produit\/100-untersuchungshandschuhe-latex-puderfrei-small-7\/#primaryimage"},"thumbnailUrl":"https:\/\/www.csj-emballages.com\/wp-content\/uploads\/2024\/03\/Latex.webp","datePublished":"2024-03-01T15:53:30+00:00","dateModified":"2026-04-03T00:16:33+00:00","description":"Puderfreie Latex-Handschuhe Gr\u00f6\u00dfe S im 100er-Karton. Bequem, pr\u00e4zise und widerstandsf\u00e4hig, ideal f\u00fcr Untersuchungen, Pflege und professionelle Anwendungen.","breadcrumb":{"@id":"https:\/\/www.csj-emballages.com\/de\/produit\/100-untersuchungshandschuhe-latex-puderfrei-small-7\/#breadcrumb"},"inLanguage":"de","potentialAction":[{"@type":"ReadAction","target":["https:\/\/www.csj-emballages.com\/de\/produit\/100-untersuchungshandschuhe-latex-puderfrei-small-7\/"]}]},{"@type":"ImageObject","inLanguage":"de","@id":"https:\/\/www.csj-emballages.com\/de\/produit\/100-untersuchungshandschuhe-latex-puderfrei-small-7\/#primaryimage","url":"https:\/\/www.csj-emballages.com\/wp-content\/uploads\/2024\/03\/Latex.webp","contentUrl":"https:\/\/www.csj-emballages.com\/wp-content\/uploads\/2024\/03\/Latex.webp","width":800,"height":800,"caption":"Gant latex"},{"@type":"BreadcrumbList","@id":"https:\/\/www.csj-emballages.com\/de\/produit\/100-untersuchungshandschuhe-latex-puderfrei-small-7\/#breadcrumb","itemListElement":[{"@type":"ListItem","position":1,"name":"Accueil","item":"https:\/\/www.csj-emballages.com\/de\/universum-lebensmittelverpackungen\/"},{"@type":"ListItem","position":2,"name":"Shop","item":"https:\/\/www.csj-emballages.com\/shop\/"},{"@type":"ListItem","position":3,"name":"Puderfreier Latex-Untersuchungshandschuh, Small 7, 100 St\u00fcck"}]},{"@type":"WebSite","@id":"https:\/\/www.csj-emballages.com\/de\/#website","url":"https:\/\/www.csj-emballages.com\/de\/","name":"CSJ Emballages","description":"","publisher":{"@id":"https:\/\/www.csj-emballages.com\/de\/#organization"},"potentialAction":[{"@type":"SearchAction","target":{"@type":"EntryPoint","urlTemplate":"https:\/\/www.csj-emballages.com\/de\/?s={search_term_string}"},"query-input":{"@type":"PropertyValueSpecification","valueRequired":true,"valueName":"search_term_string"}}],"inLanguage":"de"},{"@type":"Organization","@id":"https:\/\/www.csj-emballages.com\/de\/#Organization\/","name":"CSJ Emballages","url":"https:\/\/www.csj-emballages.com\/de\/","logo":{"@type":"ImageObject","inLanguage":"de","@id":"https:\/\/www.csj-emballages.com\/de\/#\/schema\/logo\/image\/","url":"https:\/\/www.csj-emballages.com\/wp-content\/uploads\/2023\/10\/logo_csj.webp","contentUrl":"https:\/\/www.csj-emballages.com\/wp-content\/uploads\/2023\/10\/logo_csj.webp","width":250,"height":95,"caption":"CSJ Emballages"},"image":{"@id":"https:\/\/www.csj-emballages.com\/de\/#\/schema\/logo\/image\/"},"sameAs":["https:\/\/www.facebook.com\/csjemballages"],"address":{"@type":"PostalAddress","streetAddress":"ZI La Lechere","addressLocality":"Patornay","postalCode":"39130","addressCountry":"FR"},"contactPoint":[{"@type":"ContactPoint","contactType":"Service client","telephone":"0384254272","email":"contact@csj-emballages.com"}]}]}},"df_price":5.28,"df_sale_price":"","df_regular_price":5.28,"df_image_link":"https:\/\/www.csj-emballages.com\/wp-content\/uploads\/2024\/03\/Latex-300x300.webp","tiered_pricing_type":"fixed","tiered_pricing_fixed_rules":[],"tiered_pricing_percentage_rules":[],"tiered_pricing_minimum":1,"tiered_pricing_roles_data":[],"_links":{"self":[{"href":"https:\/\/www.csj-emballages.com\/de\/wp-json\/wp\/v2\/product\/21011","targetHints":{"allow":["GET"]}}],"collection":[{"href":"https:\/\/www.csj-emballages.com\/de\/wp-json\/wp\/v2\/product"}],"about":[{"href":"https:\/\/www.csj-emballages.com\/de\/wp-json\/wp\/v2\/types\/product"}],"wp:featuredmedia":[{"embeddable":true,"href":"https:\/\/www.csj-emballages.com\/de\/wp-json\/wp\/v2\/media\/262202"}],"wp:attachment":[{"href":"https:\/\/www.csj-emballages.com\/de\/wp-json\/wp\/v2\/media?parent=21011"}],"wp:term":[{"taxonomy":"product_brand","embeddable":true,"href":"https:\/\/www.csj-emballages.com\/de\/wp-json\/wp\/v2\/product_brand?post=21011"},{"taxonomy":"product_cat","embeddable":true,"href":"https:\/\/www.csj-emballages.com\/de\/wp-json\/wp\/v2\/product_cat?post=21011"},{"taxonomy":"product_tag","embeddable":true,"href":"https:\/\/www.csj-emballages.com\/de\/wp-json\/wp\/v2\/product_tag?post=21011"}],"curies":[{"name":"wp","href":"https:\/\/api.w.org\/{rel}","templated":true}]}}