{"id":20979,"date":"2024-03-01T16:54:23","date_gmt":"2024-03-01T15:54:23","guid":{"rendered":"https:\/\/u15jnbdpoq.preview.infomaniak.website\/produit\/150-z-gefaltete-handtuecher-in-2-lagen-20-6-x-24-cm\/"},"modified":"2026-04-30T15:00:49","modified_gmt":"2026-04-30T13:00:49","slug":"150-z-gefaltete-handtuecher-in-2-lagen-20-6-x-24-cm","status":"publish","type":"product","link":"https:\/\/www.csj-emballages.com\/de\/produit\/150-z-gefaltete-handtuecher-in-2-lagen-20-6-x-24-cm\/","title":{"rendered":"Z-Falz-Handt\u00fccher, 2-lagig, 20 x 24 cm, 150 St\u00fcck"},"content":{"rendered":"<h2>V-Falz-Handt\u00fccher<\/h2>\n<hr>\n<h3>Entdecken Sie unsere Z-Falz-Handt\u00fccher, 2-lagig, 20 x 24 cm, 150 St\u00fcck<\/h3>\n<p><!--more--><\/p>\n<p data-start=\"217\" data-end=\"575\">Die <strong data-start=\"221\" data-end=\"254\">Z-Falz-Handt\u00fccher<\/strong> wurden entwickelt, um die t\u00e4gliche Hygiene zu vereinfachen, ohne Verschwendung oder Komplikationen. Dank ihrer <strong>Z-Faltung<\/strong> werden die Bl\u00e4tter einzeln entnommen, was unn\u00f6tigen Kontakt begrenzt und die Hygiene verbessert, besonders in gemeinsam genutzten Bereichen. Man zieht ein Blatt, das n\u00e4chste ist bereits bereit: einfach, schnell und effizient.  <\/p>\n<p data-start=\"577\" data-end=\"954\">Ebenso bieten diese <strong data-start=\"587\" data-end=\"607\">doppelten Lage<\/strong> mit ihrer <strong>Handt\u00fccher<\/strong> eine gute Rei\u00dffestigkeit und sind dabei angenehm weich. Sie absorbieren Feuchtigkeit effizient, sodass Sie Ihre H\u00e4nde gr\u00fcndlich trocknen k\u00f6nnen, ohne mehrere Bl\u00e4tter verwenden zu m\u00fcssen. Ihr Format von <strong>20 x 24 cm<\/strong> ist ideal: gro\u00df genug f\u00fcr Komfort, aber perfekt passend f\u00fcr Standardspender.  <\/p>\n<p data-start=\"956\" data-end=\"1326\">Dieses Modell eignet sich hervorragend f\u00fcr <strong>professionelle Sanit\u00e4rbereiche, Restaurants, B\u00fcros, \u00f6ffentliche Einrichtungen, Gesundheitseinrichtungen oder Orte mit Publikumsverkehr<\/strong>. Es bietet eine saubere und praktische L\u00f6sung und tr\u00e4gt gleichzeitig zu einem gepflegten Erscheinungsbild der Sanit\u00e4rbereiche bei. Zudem hilft das Z-Falz-System, den Verbrauch besser zu kontrollieren, was im Alltag immer ein Vorteil ist.  <\/p>\n<p data-start=\"1328\" data-end=\"1601\"><strong data-start=\"1335\" data-end=\"1353\">Im 150er-Pack<\/strong> verkauft, erm\u00f6glichen diese <strong>Handt\u00fccher<\/strong> eine einfache Bestandsverwaltung, ohne die Lager zu \u00fcberf\u00fcllen. Sie f\u00fcgen sich nahtlos in eine effiziente Hygieneroutine ein, sowohl f\u00fcr kleine Betriebe als auch f\u00fcr stark frequentierte Umgebungen. <\/p>\n<p data-start=\"1603\" data-end=\"1785\">Zusammenfassend kombinieren diese <strong>Z-Falz-Handt\u00fccher<\/strong> Komfort, Saugf\u00e4higkeit und Praktikabilit\u00e4t. Sie erf\u00fcllen ihre Aufgabe diskret und verbessern gleichzeitig das Nutzererlebnis sowie das Hygienemanagement. <\/p>\n<p data-start=\"1603\" data-end=\"1785\">\n<p data-start=\"1521\" data-end=\"1690\"><!--more--><\/p>\n<h4 data-start=\"1521\" data-end=\"1690\">Vorteile :<\/h4>\n<ul>\n<li data-start=\"1813\" data-end=\"1867\"><strong>Z-Faltung<\/strong> f\u00fcr die Blatt-f\u00fcr-Blatt-Entnahme.<\/li>\n<li data-start=\"1870\" data-end=\"1919\"><strong>2-lagig<\/strong> f\u00fcr mehr Rei\u00dffestigkeit und Saugf\u00e4higkeit.<\/li>\n<li data-start=\"1922\" data-end=\"1956\">Komfortables Format <strong>20 x 24 cm<\/strong>.<\/li>\n<li data-start=\"1959\" data-end=\"1997\">Passend f\u00fcr Standardspender.<\/li>\n<li data-start=\"2000\" data-end=\"2039\">Hygienische und wirtschaftliche Nutzung.<\/li>\n<li data-start=\"2042\" data-end=\"2071\">Praktischer Pack mit <strong>150 Bl\u00e4ttern<\/strong>.<\/li>\n<\/ul>\n<p>&nbsp;<\/p>\n<p><!--more--><\/p>\n<h4>Weitere Informationen :<\/h4>\n<ul>\n<li><strong>Verpackung<\/strong>: Packung mit 150 St\u00fcck<\/li>\n<li><strong>Ma\u00dfe<\/strong>: 20 x 24 cm<\/li>\n<li><strong>Lagen<\/strong>: 2<\/li>\n<li><strong>Faltung<\/strong>: Z<\/li>\n<li><strong>Farbe<\/strong>: Wei\u00df<\/li>\n<li><strong>Oberfl\u00e4che<\/strong>: Gepr\u00e4gt<\/li>\n<li><strong>Material<\/strong>: Zellulose<\/li>\n<\/ul>\n<p>&nbsp;<\/p>\n<p><!--more--><\/p>\n<p>Dieses Z-gefaltete Handtuch ist auch mit V-Faltung erh\u00e4ltlich: <span style=\"color: #d12727;\"><a style=\"color: #d12727;\" href=\"https:\/\/www.csj-emballages.com\/produit\/180-essuie-mains-enchevetres-en-v-2-plis-25-x-21-cm\/?_gl=1*1iijh4q*_up*MQ..*_ga*MTgxMTk0MjI1NC4xNzcwMDIyOTkx*_ga_YNVJLRSSZT*czE3NzAwMjI5OTAkbzEkZzAkdDE3NzAwMjMzNzEkajQ3JGwwJGgxNDU1NTg1MzE5\">EPLV<\/a><\/span><\/p>\n<p>&nbsp;<\/p>\n<p><!--more--><\/p>\n<p><a href=\"https:\/\/www.csj-emballages.com\/categorie-produit\/hygiene-et-entretiens\/essuyages\/essuie-mains\/essuies-mains-plies\/?_gl=1*xx8o1q*_up*MQ..*_ga*MTgxMTk0MjI1NC4xNzcwMDIyOTkx*_ga_YNVJLRSSZT*czE3NzAwMjI5OTAkbzEkZzAkdDE3NzAwMjMzNjgkajUwJGwwJGgxNDU1NTg1MzE5\">Sehen Sie sich den Rest unseres Sortiments an gefalteten Handt\u00fcchern an<\/a><\/p>\n","protected":false},"excerpt":{"rendered":"<p>V-Falz-Handt\u00fccher Entdecken Sie unsere Z-Falz-Handt\u00fccher, 2-lagig, 20 x 24 cm, 150 St\u00fcck<\/p>\n","protected":false},"featured_media":263071,"template":"","meta":{"_acf_changed":false},"product_brand":[],"product_cat":[1218,1377,1452,2568],"product_tag":[],"class_list":{"0":"post-20979","1":"product","2":"type-product","3":"status-publish","4":"has-post-thumbnail","6":"product_cat-hygiene-und-pflege","7":"product_cat-wischtucher","8":"product_cat-handtucher-de","9":"product_cat-handschirme-gefaltet","11":"first","12":"instock","13":"taxable","14":"shipping-taxable","15":"purchasable","16":"product-type-simple"},"acf":[],"yoast_head":"<!-- This site is optimized with the Yoast SEO Premium plugin v26.6 (Yoast SEO v26.6) - https:\/\/yoast.com\/wordpress\/plugins\/seo\/ -->\n<title>Z-Falz-Handt\u00fccher, 2-lagig, 20 x 24 cm, 150 St\u00fcck<\/title>\n<meta name=\"description\" content=\"Z-Falz-Handt\u00fccher, 2-lagig, 20,6 x 24 cm, 150 St\u00fcck. Hygienische Entnahme, gute Saugf\u00e4higkeit und passendes Format f\u00fcr professionelle Sanit\u00e4rbereiche.\" \/>\n<meta name=\"robots\" content=\"index, follow, max-snippet:-1, max-image-preview:large, max-video-preview:-1\" \/>\n<link rel=\"canonical\" href=\"https:\/\/www.csj-emballages.com\/de\/produit\/150-z-gefaltete-handtuecher-in-2-lagen-20-6-x-24-cm\/\" \/>\n<meta property=\"og:locale\" content=\"de_DE\" \/>\n<meta property=\"og:type\" content=\"article\" \/>\n<meta property=\"og:title\" content=\"Z-Falz-Handt\u00fccher, 2-lagig, 20 x 24 cm, 150 St\u00fcck\" \/>\n<meta property=\"og:description\" content=\"Z-Falz-Handt\u00fccher, 2-lagig, 20,6 x 24 cm, 150 St\u00fcck. Hygienische Entnahme, gute Saugf\u00e4higkeit und passendes Format f\u00fcr professionelle Sanit\u00e4rbereiche.\" \/>\n<meta property=\"og:url\" content=\"https:\/\/www.csj-emballages.com\/de\/produit\/150-z-gefaltete-handtuecher-in-2-lagen-20-6-x-24-cm\/\" \/>\n<meta property=\"og:site_name\" content=\"CSJ Emballages\" \/>\n<meta property=\"article:publisher\" content=\"https:\/\/www.facebook.com\/csjemballages\" \/>\n<meta property=\"article:modified_time\" content=\"2026-04-30T13:00:49+00:00\" \/>\n<meta property=\"og:image\" content=\"https:\/\/www.csj-emballages.com\/wp-content\/uploads\/2024\/03\/Essuies-mains-plies-.webp\" \/>\n\t<meta property=\"og:image:width\" content=\"800\" \/>\n\t<meta property=\"og:image:height\" content=\"800\" \/>\n\t<meta property=\"og:image:type\" content=\"image\/webp\" \/>\n<meta name=\"twitter:card\" content=\"summary_large_image\" \/>\n<meta name=\"twitter:label1\" content=\"Gesch\u00e4tzte Lesezeit\" \/>\n\t<meta name=\"twitter:data1\" content=\"2 Minuten\" \/>\n<script type=\"application\/ld+json\" class=\"yoast-schema-graph\">{\"@context\":\"https:\/\/schema.org\",\"@graph\":[{\"@type\":\"WebPage\",\"@id\":\"https:\/\/www.csj-emballages.com\/de\/produit\/150-z-gefaltete-handtuecher-in-2-lagen-20-6-x-24-cm\/\",\"url\":\"https:\/\/www.csj-emballages.com\/de\/produit\/150-z-gefaltete-handtuecher-in-2-lagen-20-6-x-24-cm\/\",\"name\":\"Z-Falz-Handt\u00fccher, 2-lagig, 20 x 24 cm, 150 St\u00fcck\",\"isPartOf\":{\"@id\":\"https:\/\/www.csj-emballages.com\/de\/#website\"},\"primaryImageOfPage\":{\"@id\":\"https:\/\/www.csj-emballages.com\/de\/produit\/150-z-gefaltete-handtuecher-in-2-lagen-20-6-x-24-cm\/#primaryimage\"},\"image\":{\"@id\":\"https:\/\/www.csj-emballages.com\/de\/produit\/150-z-gefaltete-handtuecher-in-2-lagen-20-6-x-24-cm\/#primaryimage\"},\"thumbnailUrl\":\"https:\/\/www.csj-emballages.com\/wp-content\/uploads\/2024\/03\/Essuies-mains-plies-.webp\",\"datePublished\":\"2024-03-01T15:54:23+00:00\",\"dateModified\":\"2026-04-30T13:00:49+00:00\",\"description\":\"Z-Falz-Handt\u00fccher, 2-lagig, 20,6 x 24 cm, 150 St\u00fcck. Hygienische Entnahme, gute Saugf\u00e4higkeit und passendes Format f\u00fcr professionelle Sanit\u00e4rbereiche.\",\"breadcrumb\":{\"@id\":\"https:\/\/www.csj-emballages.com\/de\/produit\/150-z-gefaltete-handtuecher-in-2-lagen-20-6-x-24-cm\/#breadcrumb\"},\"inLanguage\":\"de\",\"potentialAction\":[{\"@type\":\"ReadAction\",\"target\":[\"https:\/\/www.csj-emballages.com\/de\/produit\/150-z-gefaltete-handtuecher-in-2-lagen-20-6-x-24-cm\/\"]}]},{\"@type\":\"ImageObject\",\"inLanguage\":\"de\",\"@id\":\"https:\/\/www.csj-emballages.com\/de\/produit\/150-z-gefaltete-handtuecher-in-2-lagen-20-6-x-24-cm\/#primaryimage\",\"url\":\"https:\/\/www.csj-emballages.com\/wp-content\/uploads\/2024\/03\/Essuies-mains-plies-.webp\",\"contentUrl\":\"https:\/\/www.csj-emballages.com\/wp-content\/uploads\/2024\/03\/Essuies-mains-plies-.webp\",\"width\":800,\"height\":800,\"caption\":\"Essuie-mains\"},{\"@type\":\"BreadcrumbList\",\"@id\":\"https:\/\/www.csj-emballages.com\/de\/produit\/150-z-gefaltete-handtuecher-in-2-lagen-20-6-x-24-cm\/#breadcrumb\",\"itemListElement\":[{\"@type\":\"ListItem\",\"position\":1,\"name\":\"Accueil\",\"item\":\"https:\/\/www.csj-emballages.com\/de\/universum-lebensmittelverpackungen\/\"},{\"@type\":\"ListItem\",\"position\":2,\"name\":\"Shop\",\"item\":\"https:\/\/www.csj-emballages.com\/shop\/\"},{\"@type\":\"ListItem\",\"position\":3,\"name\":\"Z-Falz-Handt\u00fccher, 2-lagig, 20 x 24 cm, 150 St\u00fcck\"}]},{\"@type\":\"WebSite\",\"@id\":\"https:\/\/www.csj-emballages.com\/de\/#website\",\"url\":\"https:\/\/www.csj-emballages.com\/de\/\",\"name\":\"CSJ Emballages\",\"description\":\"\",\"publisher\":{\"@id\":\"https:\/\/www.csj-emballages.com\/de\/#organization\"},\"potentialAction\":[{\"@type\":\"SearchAction\",\"target\":{\"@type\":\"EntryPoint\",\"urlTemplate\":\"https:\/\/www.csj-emballages.com\/de\/?s={search_term_string}\"},\"query-input\":{\"@type\":\"PropertyValueSpecification\",\"valueRequired\":true,\"valueName\":\"search_term_string\"}}],\"inLanguage\":\"de\"},{\"@type\":\"Organization\",\"@id\":\"https:\/\/www.csj-emballages.com\/de\/#Organization\/\",\"name\":\"CSJ Emballages\",\"url\":\"https:\/\/www.csj-emballages.com\/de\/\",\"logo\":{\"@type\":\"ImageObject\",\"inLanguage\":\"de\",\"@id\":\"https:\/\/www.csj-emballages.com\/de\/#\/schema\/logo\/image\/\",\"url\":\"https:\/\/www.csj-emballages.com\/wp-content\/uploads\/2023\/10\/logo_csj.webp\",\"contentUrl\":\"https:\/\/www.csj-emballages.com\/wp-content\/uploads\/2023\/10\/logo_csj.webp\",\"width\":250,\"height\":95,\"caption\":\"CSJ Emballages\"},\"image\":{\"@id\":\"https:\/\/www.csj-emballages.com\/de\/#\/schema\/logo\/image\/\"},\"sameAs\":[\"https:\/\/www.facebook.com\/csjemballages\"],\"address\":{\"@type\":\"PostalAddress\",\"streetAddress\":\"ZI La Lechere\",\"addressLocality\":\"Patornay\",\"postalCode\":\"39130\",\"addressCountry\":\"FR\"},\"contactPoint\":[{\"@type\":\"ContactPoint\",\"contactType\":\"Service client\",\"telephone\":\"0384254272\",\"email\":\"contact@csj-emballages.com\"}]}]}<\/script>\n<!-- \/ Yoast SEO Premium plugin. -->","yoast_head_json":{"title":"Z-Falz-Handt\u00fccher, 2-lagig, 20 x 24 cm, 150 St\u00fcck","description":"Z-Falz-Handt\u00fccher, 2-lagig, 20,6 x 24 cm, 150 St\u00fcck. Hygienische Entnahme, gute Saugf\u00e4higkeit und passendes Format f\u00fcr professionelle Sanit\u00e4rbereiche.","robots":{"index":"index","follow":"follow","max-snippet":"max-snippet:-1","max-image-preview":"max-image-preview:large","max-video-preview":"max-video-preview:-1"},"canonical":"https:\/\/www.csj-emballages.com\/de\/produit\/150-z-gefaltete-handtuecher-in-2-lagen-20-6-x-24-cm\/","og_locale":"de_DE","og_type":"article","og_title":"Z-Falz-Handt\u00fccher, 2-lagig, 20 x 24 cm, 150 St\u00fcck","og_description":"Z-Falz-Handt\u00fccher, 2-lagig, 20,6 x 24 cm, 150 St\u00fcck. Hygienische Entnahme, gute Saugf\u00e4higkeit und passendes Format f\u00fcr professionelle Sanit\u00e4rbereiche.","og_url":"https:\/\/www.csj-emballages.com\/de\/produit\/150-z-gefaltete-handtuecher-in-2-lagen-20-6-x-24-cm\/","og_site_name":"CSJ Emballages","article_publisher":"https:\/\/www.facebook.com\/csjemballages","article_modified_time":"2026-04-30T13:00:49+00:00","og_image":[{"width":800,"height":800,"url":"https:\/\/www.csj-emballages.com\/wp-content\/uploads\/2024\/03\/Essuies-mains-plies-.webp","type":"image\/webp"}],"twitter_card":"summary_large_image","twitter_misc":{"Gesch\u00e4tzte Lesezeit":"2 Minuten"},"schema":{"@context":"https:\/\/schema.org","@graph":[{"@type":"WebPage","@id":"https:\/\/www.csj-emballages.com\/de\/produit\/150-z-gefaltete-handtuecher-in-2-lagen-20-6-x-24-cm\/","url":"https:\/\/www.csj-emballages.com\/de\/produit\/150-z-gefaltete-handtuecher-in-2-lagen-20-6-x-24-cm\/","name":"Z-Falz-Handt\u00fccher, 2-lagig, 20 x 24 cm, 150 St\u00fcck","isPartOf":{"@id":"https:\/\/www.csj-emballages.com\/de\/#website"},"primaryImageOfPage":{"@id":"https:\/\/www.csj-emballages.com\/de\/produit\/150-z-gefaltete-handtuecher-in-2-lagen-20-6-x-24-cm\/#primaryimage"},"image":{"@id":"https:\/\/www.csj-emballages.com\/de\/produit\/150-z-gefaltete-handtuecher-in-2-lagen-20-6-x-24-cm\/#primaryimage"},"thumbnailUrl":"https:\/\/www.csj-emballages.com\/wp-content\/uploads\/2024\/03\/Essuies-mains-plies-.webp","datePublished":"2024-03-01T15:54:23+00:00","dateModified":"2026-04-30T13:00:49+00:00","description":"Z-Falz-Handt\u00fccher, 2-lagig, 20,6 x 24 cm, 150 St\u00fcck. Hygienische Entnahme, gute Saugf\u00e4higkeit und passendes Format f\u00fcr professionelle Sanit\u00e4rbereiche.","breadcrumb":{"@id":"https:\/\/www.csj-emballages.com\/de\/produit\/150-z-gefaltete-handtuecher-in-2-lagen-20-6-x-24-cm\/#breadcrumb"},"inLanguage":"de","potentialAction":[{"@type":"ReadAction","target":["https:\/\/www.csj-emballages.com\/de\/produit\/150-z-gefaltete-handtuecher-in-2-lagen-20-6-x-24-cm\/"]}]},{"@type":"ImageObject","inLanguage":"de","@id":"https:\/\/www.csj-emballages.com\/de\/produit\/150-z-gefaltete-handtuecher-in-2-lagen-20-6-x-24-cm\/#primaryimage","url":"https:\/\/www.csj-emballages.com\/wp-content\/uploads\/2024\/03\/Essuies-mains-plies-.webp","contentUrl":"https:\/\/www.csj-emballages.com\/wp-content\/uploads\/2024\/03\/Essuies-mains-plies-.webp","width":800,"height":800,"caption":"Essuie-mains"},{"@type":"BreadcrumbList","@id":"https:\/\/www.csj-emballages.com\/de\/produit\/150-z-gefaltete-handtuecher-in-2-lagen-20-6-x-24-cm\/#breadcrumb","itemListElement":[{"@type":"ListItem","position":1,"name":"Accueil","item":"https:\/\/www.csj-emballages.com\/de\/universum-lebensmittelverpackungen\/"},{"@type":"ListItem","position":2,"name":"Shop","item":"https:\/\/www.csj-emballages.com\/shop\/"},{"@type":"ListItem","position":3,"name":"Z-Falz-Handt\u00fccher, 2-lagig, 20 x 24 cm, 150 St\u00fcck"}]},{"@type":"WebSite","@id":"https:\/\/www.csj-emballages.com\/de\/#website","url":"https:\/\/www.csj-emballages.com\/de\/","name":"CSJ Emballages","description":"","publisher":{"@id":"https:\/\/www.csj-emballages.com\/de\/#organization"},"potentialAction":[{"@type":"SearchAction","target":{"@type":"EntryPoint","urlTemplate":"https:\/\/www.csj-emballages.com\/de\/?s={search_term_string}"},"query-input":{"@type":"PropertyValueSpecification","valueRequired":true,"valueName":"search_term_string"}}],"inLanguage":"de"},{"@type":"Organization","@id":"https:\/\/www.csj-emballages.com\/de\/#Organization\/","name":"CSJ Emballages","url":"https:\/\/www.csj-emballages.com\/de\/","logo":{"@type":"ImageObject","inLanguage":"de","@id":"https:\/\/www.csj-emballages.com\/de\/#\/schema\/logo\/image\/","url":"https:\/\/www.csj-emballages.com\/wp-content\/uploads\/2023\/10\/logo_csj.webp","contentUrl":"https:\/\/www.csj-emballages.com\/wp-content\/uploads\/2023\/10\/logo_csj.webp","width":250,"height":95,"caption":"CSJ Emballages"},"image":{"@id":"https:\/\/www.csj-emballages.com\/de\/#\/schema\/logo\/image\/"},"sameAs":["https:\/\/www.facebook.com\/csjemballages"],"address":{"@type":"PostalAddress","streetAddress":"ZI La Lechere","addressLocality":"Patornay","postalCode":"39130","addressCountry":"FR"},"contactPoint":[{"@type":"ContactPoint","contactType":"Service client","telephone":"0384254272","email":"contact@csj-emballages.com"}]}]}},"df_price":1.31,"df_sale_price":"","df_regular_price":1.31,"df_image_link":"https:\/\/www.csj-emballages.com\/wp-content\/uploads\/2024\/03\/Essuies-mains-plies--300x300.webp","tiered_pricing_type":"fixed","tiered_pricing_fixed_rules":[],"tiered_pricing_percentage_rules":[],"tiered_pricing_minimum":1,"tiered_pricing_roles_data":[],"_links":{"self":[{"href":"https:\/\/www.csj-emballages.com\/de\/wp-json\/wp\/v2\/product\/20979","targetHints":{"allow":["GET"]}}],"collection":[{"href":"https:\/\/www.csj-emballages.com\/de\/wp-json\/wp\/v2\/product"}],"about":[{"href":"https:\/\/www.csj-emballages.com\/de\/wp-json\/wp\/v2\/types\/product"}],"wp:featuredmedia":[{"embeddable":true,"href":"https:\/\/www.csj-emballages.com\/de\/wp-json\/wp\/v2\/media\/263071"}],"wp:attachment":[{"href":"https:\/\/www.csj-emballages.com\/de\/wp-json\/wp\/v2\/media?parent=20979"}],"wp:term":[{"taxonomy":"product_brand","embeddable":true,"href":"https:\/\/www.csj-emballages.com\/de\/wp-json\/wp\/v2\/product_brand?post=20979"},{"taxonomy":"product_cat","embeddable":true,"href":"https:\/\/www.csj-emballages.com\/de\/wp-json\/wp\/v2\/product_cat?post=20979"},{"taxonomy":"product_tag","embeddable":true,"href":"https:\/\/www.csj-emballages.com\/de\/wp-json\/wp\/v2\/product_tag?post=20979"}],"curies":[{"name":"wp","href":"https:\/\/api.w.org\/{rel}","templated":true}]}}