{"id":20971,"date":"2024-03-01T16:54:24","date_gmt":"2024-03-01T15:54:24","guid":{"rendered":"https:\/\/u15jnbdpoq.preview.infomaniak.website\/produit\/6-rollen-autocut-handtuchrollen-weiss-150-m\/"},"modified":"2026-05-08T02:13:22","modified_gmt":"2026-05-08T00:13:22","slug":"6-rollen-autocut-handtuchrollen-weiss-150-m","status":"publish","type":"product","link":"https:\/\/www.csj-emballages.com\/de\/produit\/6-rollen-autocut-handtuchrollen-weiss-150-m\/","title":{"rendered":"Autocut-Handtuchrolle, wei\u00df, 24 x 19,5 cm, 150 m, 6er-Pack"},"content":{"rendered":"<h2 class=\"p1\">Handtuchrolle<\/h2>\n<hr>\n<h3>Beschreibung unserer wei\u00dfen Autocut-Handtuchrolle, 24 x 19,5 cm, 150 m, 6er-Pack<\/h3>\n<p><!--more--><\/p>\n<p data-start=\"237\" data-end=\"594\">Diese <strong data-start=\"240\" data-end=\"278\">wei\u00dfe Autocut-Handtuchrolle<\/strong> wurde entwickelt, um die t\u00e4gliche Hygiene zu vereinfachen, ohne Kompromisse bei der Effizienz einzugehen. Dank ihres Formats von <strong>24 x 19,5 cm<\/strong> und ihrer <strong data-start=\"404\" data-end=\"440\">gro\u00dfz\u00fcgigen L\u00e4nge von 150 Metern<\/strong> gew\u00e4hrleistet sie eine kontinuierliche und kontrollierte Entnahme, ideal f\u00fcr stark frequentierte Orte. Man zieht, man schneidet, man benutzt: einfach, schnell und sauber.  <\/p>\n<p data-start=\"596\" data-end=\"942\">Das <strong data-start=\"607\" data-end=\"618\">Autocut-System<\/strong> erm\u00f6glicht die Abgabe genau der richtigen Papiermenge bei jeder Nutzung. Das Ergebnis: weniger Verschwendung, ein besser kontrollierter Verbrauch und eine optimierte Organisation der Sanit\u00e4rbereiche. Dies ist eine besonders gesch\u00e4tzte L\u00f6sung in professionellen Umgebungen, wo Hygiene und Praktikabilit\u00e4t Hand in Hand gehen.  <\/p>\n<p data-start=\"944\" data-end=\"1279\">Ihre <strong data-start=\"947\" data-end=\"966\">wei\u00dfe Farbe<\/strong> vermittelt ein gepflegtes und professionelles Bild, passend f\u00fcr Sanit\u00e4rr\u00e4ume, Gro\u00dfk\u00fcchen, Werkst\u00e4tten, B\u00fcros oder \u00f6ffentliche Einrichtungen. Das <strong>Papier ist angenehm weich<\/strong> und dennoch widerstandsf\u00e4hig genug f\u00fcr ein effektives H\u00e4ndetrocknen. Ein Blatt gen\u00fcgt oft, was Zeit\u2026 und Papier spart.  <\/p>\n<p data-start=\"1281\" data-end=\"1484\">Verkauft <strong data-start=\"1287\" data-end=\"1312\">im 6er-Pack<\/strong>, ist dieses Format ideal, um den Bedarf zu antizipieren und Nachbestellungen zu reduzieren. Sie gewinnen an Ruhe und Effizienz, besonders in stark frequentierten Bereichen. <\/p>\n<p data-start=\"1486\" data-end=\"1683\">Zusammenfassend erf\u00fcllt diese <strong>Autocut-Handtuchrolle<\/strong> alle Anforderungen: hygienisch, praktisch, wirtschaftlich und einfach in den professionellen Alltag zu integrieren. Ein diskretes, aber unverzichtbares Produkt. <\/p>\n<p><!--more--><\/p>\n<h4>Vorteile :<\/h4>\n<ul>\n<li data-start=\"1711\" data-end=\"1761\"><strong>Autocut-System<\/strong> f\u00fcr eine kontrollierte Entnahme.<\/li>\n<li data-start=\"1764\" data-end=\"1795\">Praktisches Format <strong>24 x 19,5 cm<\/strong>.<\/li>\n<li data-start=\"1798\" data-end=\"1841\"><strong>L\u00e4nge 150 m<\/strong> f\u00fcr hohe Autonomie.<\/li>\n<li data-start=\"1844\" data-end=\"1870\">Reduzierung der Verschwendung.<\/li>\n<li data-start=\"1873\" data-end=\"1906\">Sauberes und professionelles Erscheinungsbild.<\/li>\n<li data-start=\"1909\" data-end=\"1938\">Wirtschaftlicher <strong>6er-Pack<\/strong>.<\/li>\n<\/ul>\n<p>&nbsp;<\/p>\n<p><!--more--><\/p>\n<h4>Weitere Informationen :<\/h4>\n<ul>\n<li><strong>Verpackung<\/strong>: Packung mit 6 St\u00fcck<\/li>\n<li><strong>Farbe<\/strong>: Wei\u00df<\/li>\n<li><strong>Lagen<\/strong>: 2<\/li>\n<li><strong>Blattperforation<\/strong>: 235 mm<\/li>\n<li><strong>Formatbreite<\/strong>: 19,5 cm<\/li>\n<li><strong>Formatl\u00e4nge<\/strong>: 24 cm<\/li>\n<li><strong>Rollenl\u00e4nge<\/strong>: 150 m<\/li>\n<li><strong>Rollendurchmesser<\/strong>: 19 cm<\/li>\n<li><strong>Kerndurchmesser<\/strong>: 3,4 cm<\/li>\n<li><strong>Material<\/strong>: Zellstoffpapier<\/li>\n<\/ul>\n<p>&nbsp;<\/p>\n<p><!--more--><\/p>\n<p>Den passenden Spender f\u00fcr diese Rolle finden Sie hier: <span style=\"color: #d12727;\"><a style=\"color: #d12727;\" href=\"https:\/\/www.csj-emballages.com\/es\/produit\/dispensador-de-toallas-de-mano-autocut-blanco\/\">DISTRIAUTOCUT<\/a><\/span><\/p>\n<p>&nbsp;<\/p>\n<p><!--more--><\/p>\n<p><a href=\"\/?product_cat=essuies-mains-rouleaux\">Entdecken Sie den Rest unseres Rollenhandtuch-Sortiments.<\/a><\/p>\n","protected":false},"excerpt":{"rendered":"<p>Handtuchrolle Beschreibung unserer wei\u00dfen Autocut-Handtuchrolle, 24 x 19,5 cm, 150 m, 6er-Pack<\/p>\n","protected":false},"featured_media":263155,"template":"","meta":{"_acf_changed":false},"product_brand":[],"product_cat":[1218,1377,1452,1453],"product_tag":[],"class_list":{"0":"post-20971","1":"product","2":"type-product","3":"status-publish","4":"has-post-thumbnail","6":"product_cat-hygiene-und-pflege","7":"product_cat-wischtucher","8":"product_cat-handtucher-de","9":"product_cat-handrollschirme","11":"first","12":"instock","13":"taxable","14":"shipping-taxable","15":"purchasable","16":"product-type-simple"},"acf":[],"yoast_head":"<!-- This site is optimized with the Yoast SEO Premium plugin v26.6 (Yoast SEO v26.6) - https:\/\/yoast.com\/wordpress\/plugins\/seo\/ -->\n<title>Autocut-Handtuchrolle, wei\u00df, 150 m, 6er-Pack<\/title>\n<meta name=\"description\" content=\"Autocut-Handtuchrolle, wei\u00df, 150 m, 6er-Pack \u2013 Saugf\u00e4higes und rei\u00dffestes Papier, ideal f\u00fcr die hygienische Einzelblattentnahme.\" \/>\n<meta name=\"robots\" content=\"index, follow, max-snippet:-1, max-image-preview:large, max-video-preview:-1\" \/>\n<link rel=\"canonical\" href=\"https:\/\/www.csj-emballages.com\/de\/produit\/6-rollen-autocut-handtuchrollen-weiss-150-m\/\" \/>\n<meta property=\"og:locale\" content=\"de_DE\" \/>\n<meta property=\"og:type\" content=\"article\" \/>\n<meta property=\"og:title\" content=\"Autocut-Handtuchrolle, wei\u00df, 24 x 19,5 cm, 150 m, 6er-Pack\" \/>\n<meta property=\"og:description\" content=\"Autocut-Handtuchrolle, wei\u00df, 150 m, 6er-Pack \u2013 Saugf\u00e4higes und rei\u00dffestes Papier, ideal f\u00fcr die hygienische Einzelblattentnahme.\" \/>\n<meta property=\"og:url\" content=\"https:\/\/www.csj-emballages.com\/de\/produit\/6-rollen-autocut-handtuchrollen-weiss-150-m\/\" \/>\n<meta property=\"og:site_name\" content=\"CSJ Emballages\" \/>\n<meta property=\"article:publisher\" content=\"https:\/\/www.facebook.com\/csjemballages\" \/>\n<meta property=\"article:modified_time\" content=\"2026-05-08T00:13:22+00:00\" \/>\n<meta property=\"og:image\" content=\"https:\/\/www.csj-emballages.com\/wp-content\/uploads\/2024\/03\/EMAUTOCUT.webp\" \/>\n\t<meta property=\"og:image:width\" content=\"800\" \/>\n\t<meta property=\"og:image:height\" content=\"800\" \/>\n\t<meta property=\"og:image:type\" content=\"image\/webp\" \/>\n<meta name=\"twitter:card\" content=\"summary_large_image\" \/>\n<meta name=\"twitter:label1\" content=\"Gesch\u00e4tzte Lesezeit\" \/>\n\t<meta name=\"twitter:data1\" content=\"1\u00a0Minute\" \/>\n<script type=\"application\/ld+json\" class=\"yoast-schema-graph\">{\"@context\":\"https:\/\/schema.org\",\"@graph\":[{\"@type\":\"WebPage\",\"@id\":\"https:\/\/www.csj-emballages.com\/de\/produit\/6-rollen-autocut-handtuchrollen-weiss-150-m\/\",\"url\":\"https:\/\/www.csj-emballages.com\/de\/produit\/6-rollen-autocut-handtuchrollen-weiss-150-m\/\",\"name\":\"Autocut-Handtuchrolle, wei\u00df, 150 m, 6er-Pack\",\"isPartOf\":{\"@id\":\"https:\/\/www.csj-emballages.com\/de\/#website\"},\"primaryImageOfPage\":{\"@id\":\"https:\/\/www.csj-emballages.com\/de\/produit\/6-rollen-autocut-handtuchrollen-weiss-150-m\/#primaryimage\"},\"image\":{\"@id\":\"https:\/\/www.csj-emballages.com\/de\/produit\/6-rollen-autocut-handtuchrollen-weiss-150-m\/#primaryimage\"},\"thumbnailUrl\":\"https:\/\/www.csj-emballages.com\/wp-content\/uploads\/2024\/03\/EMAUTOCUT.webp\",\"datePublished\":\"2024-03-01T15:54:24+00:00\",\"dateModified\":\"2026-05-08T00:13:22+00:00\",\"description\":\"Autocut-Handtuchrolle, wei\u00df, 150 m, 6er-Pack \u2013 Saugf\u00e4higes und rei\u00dffestes Papier, ideal f\u00fcr die hygienische Einzelblattentnahme.\",\"breadcrumb\":{\"@id\":\"https:\/\/www.csj-emballages.com\/de\/produit\/6-rollen-autocut-handtuchrollen-weiss-150-m\/#breadcrumb\"},\"inLanguage\":\"de\",\"potentialAction\":[{\"@type\":\"ReadAction\",\"target\":[\"https:\/\/www.csj-emballages.com\/de\/produit\/6-rollen-autocut-handtuchrollen-weiss-150-m\/\"]}]},{\"@type\":\"ImageObject\",\"inLanguage\":\"de\",\"@id\":\"https:\/\/www.csj-emballages.com\/de\/produit\/6-rollen-autocut-handtuchrollen-weiss-150-m\/#primaryimage\",\"url\":\"https:\/\/www.csj-emballages.com\/wp-content\/uploads\/2024\/03\/EMAUTOCUT.webp\",\"contentUrl\":\"https:\/\/www.csj-emballages.com\/wp-content\/uploads\/2024\/03\/EMAUTOCUT.webp\",\"width\":800,\"height\":800,\"caption\":\"Rouleau essuie-mains\"},{\"@type\":\"BreadcrumbList\",\"@id\":\"https:\/\/www.csj-emballages.com\/de\/produit\/6-rollen-autocut-handtuchrollen-weiss-150-m\/#breadcrumb\",\"itemListElement\":[{\"@type\":\"ListItem\",\"position\":1,\"name\":\"Accueil\",\"item\":\"https:\/\/www.csj-emballages.com\/de\/universum-lebensmittelverpackungen\/\"},{\"@type\":\"ListItem\",\"position\":2,\"name\":\"Shop\",\"item\":\"https:\/\/www.csj-emballages.com\/shop\/\"},{\"@type\":\"ListItem\",\"position\":3,\"name\":\"Autocut-Handtuchrolle, wei\u00df, 24 x 19,5 cm, 150 m, 6er-Pack\"}]},{\"@type\":\"WebSite\",\"@id\":\"https:\/\/www.csj-emballages.com\/de\/#website\",\"url\":\"https:\/\/www.csj-emballages.com\/de\/\",\"name\":\"CSJ Emballages\",\"description\":\"\",\"publisher\":{\"@id\":\"https:\/\/www.csj-emballages.com\/de\/#organization\"},\"potentialAction\":[{\"@type\":\"SearchAction\",\"target\":{\"@type\":\"EntryPoint\",\"urlTemplate\":\"https:\/\/www.csj-emballages.com\/de\/?s={search_term_string}\"},\"query-input\":{\"@type\":\"PropertyValueSpecification\",\"valueRequired\":true,\"valueName\":\"search_term_string\"}}],\"inLanguage\":\"de\"},{\"@type\":\"Organization\",\"@id\":\"https:\/\/www.csj-emballages.com\/de\/#Organization\/\",\"name\":\"CSJ Emballages\",\"url\":\"https:\/\/www.csj-emballages.com\/de\/\",\"logo\":{\"@type\":\"ImageObject\",\"inLanguage\":\"de\",\"@id\":\"https:\/\/www.csj-emballages.com\/de\/#\/schema\/logo\/image\/\",\"url\":\"https:\/\/www.csj-emballages.com\/wp-content\/uploads\/2023\/10\/logo_csj.webp\",\"contentUrl\":\"https:\/\/www.csj-emballages.com\/wp-content\/uploads\/2023\/10\/logo_csj.webp\",\"width\":250,\"height\":95,\"caption\":\"CSJ Emballages\"},\"image\":{\"@id\":\"https:\/\/www.csj-emballages.com\/de\/#\/schema\/logo\/image\/\"},\"sameAs\":[\"https:\/\/www.facebook.com\/csjemballages\"],\"address\":{\"@type\":\"PostalAddress\",\"streetAddress\":\"ZI La Lechere\",\"addressLocality\":\"Patornay\",\"postalCode\":\"39130\",\"addressCountry\":\"FR\"},\"contactPoint\":[{\"@type\":\"ContactPoint\",\"contactType\":\"Service client\",\"telephone\":\"0384254272\",\"email\":\"contact@csj-emballages.com\"}]}]}<\/script>\n<!-- \/ Yoast SEO Premium plugin. -->","yoast_head_json":{"title":"Autocut-Handtuchrolle, wei\u00df, 150 m, 6er-Pack","description":"Autocut-Handtuchrolle, wei\u00df, 150 m, 6er-Pack \u2013 Saugf\u00e4higes und rei\u00dffestes Papier, ideal f\u00fcr die hygienische Einzelblattentnahme.","robots":{"index":"index","follow":"follow","max-snippet":"max-snippet:-1","max-image-preview":"max-image-preview:large","max-video-preview":"max-video-preview:-1"},"canonical":"https:\/\/www.csj-emballages.com\/de\/produit\/6-rollen-autocut-handtuchrollen-weiss-150-m\/","og_locale":"de_DE","og_type":"article","og_title":"Autocut-Handtuchrolle, wei\u00df, 24 x 19,5 cm, 150 m, 6er-Pack","og_description":"Autocut-Handtuchrolle, wei\u00df, 150 m, 6er-Pack \u2013 Saugf\u00e4higes und rei\u00dffestes Papier, ideal f\u00fcr die hygienische Einzelblattentnahme.","og_url":"https:\/\/www.csj-emballages.com\/de\/produit\/6-rollen-autocut-handtuchrollen-weiss-150-m\/","og_site_name":"CSJ Emballages","article_publisher":"https:\/\/www.facebook.com\/csjemballages","article_modified_time":"2026-05-08T00:13:22+00:00","og_image":[{"width":800,"height":800,"url":"https:\/\/www.csj-emballages.com\/wp-content\/uploads\/2024\/03\/EMAUTOCUT.webp","type":"image\/webp"}],"twitter_card":"summary_large_image","twitter_misc":{"Gesch\u00e4tzte Lesezeit":"1\u00a0Minute"},"schema":{"@context":"https:\/\/schema.org","@graph":[{"@type":"WebPage","@id":"https:\/\/www.csj-emballages.com\/de\/produit\/6-rollen-autocut-handtuchrollen-weiss-150-m\/","url":"https:\/\/www.csj-emballages.com\/de\/produit\/6-rollen-autocut-handtuchrollen-weiss-150-m\/","name":"Autocut-Handtuchrolle, wei\u00df, 150 m, 6er-Pack","isPartOf":{"@id":"https:\/\/www.csj-emballages.com\/de\/#website"},"primaryImageOfPage":{"@id":"https:\/\/www.csj-emballages.com\/de\/produit\/6-rollen-autocut-handtuchrollen-weiss-150-m\/#primaryimage"},"image":{"@id":"https:\/\/www.csj-emballages.com\/de\/produit\/6-rollen-autocut-handtuchrollen-weiss-150-m\/#primaryimage"},"thumbnailUrl":"https:\/\/www.csj-emballages.com\/wp-content\/uploads\/2024\/03\/EMAUTOCUT.webp","datePublished":"2024-03-01T15:54:24+00:00","dateModified":"2026-05-08T00:13:22+00:00","description":"Autocut-Handtuchrolle, wei\u00df, 150 m, 6er-Pack \u2013 Saugf\u00e4higes und rei\u00dffestes Papier, ideal f\u00fcr die hygienische Einzelblattentnahme.","breadcrumb":{"@id":"https:\/\/www.csj-emballages.com\/de\/produit\/6-rollen-autocut-handtuchrollen-weiss-150-m\/#breadcrumb"},"inLanguage":"de","potentialAction":[{"@type":"ReadAction","target":["https:\/\/www.csj-emballages.com\/de\/produit\/6-rollen-autocut-handtuchrollen-weiss-150-m\/"]}]},{"@type":"ImageObject","inLanguage":"de","@id":"https:\/\/www.csj-emballages.com\/de\/produit\/6-rollen-autocut-handtuchrollen-weiss-150-m\/#primaryimage","url":"https:\/\/www.csj-emballages.com\/wp-content\/uploads\/2024\/03\/EMAUTOCUT.webp","contentUrl":"https:\/\/www.csj-emballages.com\/wp-content\/uploads\/2024\/03\/EMAUTOCUT.webp","width":800,"height":800,"caption":"Rouleau essuie-mains"},{"@type":"BreadcrumbList","@id":"https:\/\/www.csj-emballages.com\/de\/produit\/6-rollen-autocut-handtuchrollen-weiss-150-m\/#breadcrumb","itemListElement":[{"@type":"ListItem","position":1,"name":"Accueil","item":"https:\/\/www.csj-emballages.com\/de\/universum-lebensmittelverpackungen\/"},{"@type":"ListItem","position":2,"name":"Shop","item":"https:\/\/www.csj-emballages.com\/shop\/"},{"@type":"ListItem","position":3,"name":"Autocut-Handtuchrolle, wei\u00df, 24 x 19,5 cm, 150 m, 6er-Pack"}]},{"@type":"WebSite","@id":"https:\/\/www.csj-emballages.com\/de\/#website","url":"https:\/\/www.csj-emballages.com\/de\/","name":"CSJ Emballages","description":"","publisher":{"@id":"https:\/\/www.csj-emballages.com\/de\/#organization"},"potentialAction":[{"@type":"SearchAction","target":{"@type":"EntryPoint","urlTemplate":"https:\/\/www.csj-emballages.com\/de\/?s={search_term_string}"},"query-input":{"@type":"PropertyValueSpecification","valueRequired":true,"valueName":"search_term_string"}}],"inLanguage":"de"},{"@type":"Organization","@id":"https:\/\/www.csj-emballages.com\/de\/#Organization\/","name":"CSJ Emballages","url":"https:\/\/www.csj-emballages.com\/de\/","logo":{"@type":"ImageObject","inLanguage":"de","@id":"https:\/\/www.csj-emballages.com\/de\/#\/schema\/logo\/image\/","url":"https:\/\/www.csj-emballages.com\/wp-content\/uploads\/2023\/10\/logo_csj.webp","contentUrl":"https:\/\/www.csj-emballages.com\/wp-content\/uploads\/2023\/10\/logo_csj.webp","width":250,"height":95,"caption":"CSJ Emballages"},"image":{"@id":"https:\/\/www.csj-emballages.com\/de\/#\/schema\/logo\/image\/"},"sameAs":["https:\/\/www.facebook.com\/csjemballages"],"address":{"@type":"PostalAddress","streetAddress":"ZI La Lechere","addressLocality":"Patornay","postalCode":"39130","addressCountry":"FR"},"contactPoint":[{"@type":"ContactPoint","contactType":"Service client","telephone":"0384254272","email":"contact@csj-emballages.com"}]}]}},"df_price":27.2,"df_sale_price":"","df_regular_price":27.2,"df_image_link":"https:\/\/www.csj-emballages.com\/wp-content\/uploads\/2024\/03\/EMAUTOCUT-300x300.webp","tiered_pricing_type":"fixed","tiered_pricing_fixed_rules":[],"tiered_pricing_percentage_rules":[],"tiered_pricing_minimum":1,"tiered_pricing_roles_data":[],"_links":{"self":[{"href":"https:\/\/www.csj-emballages.com\/de\/wp-json\/wp\/v2\/product\/20971","targetHints":{"allow":["GET"]}}],"collection":[{"href":"https:\/\/www.csj-emballages.com\/de\/wp-json\/wp\/v2\/product"}],"about":[{"href":"https:\/\/www.csj-emballages.com\/de\/wp-json\/wp\/v2\/types\/product"}],"wp:featuredmedia":[{"embeddable":true,"href":"https:\/\/www.csj-emballages.com\/de\/wp-json\/wp\/v2\/media\/263155"}],"wp:attachment":[{"href":"https:\/\/www.csj-emballages.com\/de\/wp-json\/wp\/v2\/media?parent=20971"}],"wp:term":[{"taxonomy":"product_brand","embeddable":true,"href":"https:\/\/www.csj-emballages.com\/de\/wp-json\/wp\/v2\/product_brand?post=20971"},{"taxonomy":"product_cat","embeddable":true,"href":"https:\/\/www.csj-emballages.com\/de\/wp-json\/wp\/v2\/product_cat?post=20971"},{"taxonomy":"product_tag","embeddable":true,"href":"https:\/\/www.csj-emballages.com\/de\/wp-json\/wp\/v2\/product_tag?post=20971"}],"curies":[{"name":"wp","href":"https:\/\/api.w.org\/{rel}","templated":true}]}}