{"id":20962,"date":"2024-03-01T16:54:24","date_gmt":"2024-03-01T15:54:24","guid":{"rendered":"https:\/\/u15jnbdpoq.preview.infomaniak.website\/produit\/rolle-blasenfolie-150-m-breite-050-m\/"},"modified":"2026-05-01T02:12:28","modified_gmt":"2026-05-01T00:12:28","slug":"rolle-blasenfolie-150-m-breite-050-m","status":"publish","type":"product","link":"https:\/\/www.csj-emballages.com\/de\/produit\/rolle-blasenfolie-150-m-breite-050-m\/","title":{"rendered":"Luftpolsterfolienrolle 100 m Breite 0,50 m"},"content":{"rendered":"<h2>Blasenfolie<\/h2>\n<hr>\n<h3>Entdecken Sie unsere Luftpolsterfolienrolle 100 m Breite 0,50 m<\/h3>\n<p><!--more--><\/p>\n<p data-start=\"190\" data-end=\"548\">Wenn es darum geht, Produkte zu sch\u00fctzen, sucht man vor allem eine einfache, effiziente und schnell anwendbare L\u00f6sung. Diese <strong data-start=\"306\" data-end=\"346\">100 Meter Luftpolsterfolienrolle<\/strong> mit einer <strong data-start=\"357\" data-end=\"376\">Breite von 0,50 m<\/strong> erf\u00fcllt genau diesen Bedarf. Sie passt sich leicht an alle Situationen an, sei es f\u00fcr den Versand, die Lagerung oder den t\u00e4glichen Schutz zerbrechlicher Gegenst\u00e4nde.  <\/p>\n<p data-start=\"550\" data-end=\"1040\">Dank ihrer <strong>praktischen Breite<\/strong> verpacken Sie Ihre Artikel, ohne unn\u00f6tige Schichten zu verwenden. Gl\u00e4ser, Geschirr, Dekorationsartikel, Elektronik oder empfindliche Produkte: Die <strong>Folie passt sich den Formen an und d\u00e4mpft<\/strong> <strong>St\u00f6\u00dfe<\/strong> w\u00e4hrend des Transports. So minimieren Sie das Bruchrisiko und arbeiten gleichzeitig schneller. Zudem erm\u00f6glicht Ihnen die gro\u00dfz\u00fcgige L\u00e4nge, Verpackungen ohne Unterbrechung aneinanderzureihen, was besonders in Zeiten hoher Aktivit\u00e4t gesch\u00e4tzt wird.   <\/p>\n<p data-start=\"1042\" data-end=\"1345\">Dar\u00fcber hinaus l\u00e4sst sich diese <strong>Luftpolsterfolie<\/strong> leicht abrollen und m\u00fchelos zuschneiden. Sie sparen somit Zeit und erhalten gleichzeitig einen zuverl\u00e4ssigen und homogenen Schutz. Ihr kompaktes Format ist auch auf engstem Raum einfach zu lagern, was sie sowohl im Lager als auch im Vorratsraum oder in der Werkstatt praktisch macht.  <\/p>\n<p data-start=\"1347\" data-end=\"1588\">Ob Sie Logistikprofi, H\u00e4ndler, E-Commerce-Betreiber oder Privatperson sind, diese Rolle f\u00fcgt sich nahtlos in Ihre Organisation ein. Sie bietet ein gutes Gleichgewicht zwischen Flexibilit\u00e4t, Widerstandsf\u00e4higkeit und Bedienkomfort. <\/p>\n<p data-start=\"1590\" data-end=\"1790\">Zusammenfassend ist diese <strong>Luftpolsterfolie<\/strong> nicht nur ein einfaches Verbrauchsmaterial: Sie ist ein t\u00e4glicher Verb\u00fcndeter, um Ihre Sendungen zu sichern, entspannter zu arbeiten und die Ankunft Ihrer Produkte in einwandfreiem Zustand zu gew\u00e4hrleisten.<\/p>\n<p data-start=\"1590\" data-end=\"1790\">\n<p data-start=\"1590\" data-end=\"1790\"><!--more--><\/p>\n<h4 data-start=\"1590\" data-end=\"1790\">Vorteile :<\/h4>\n<ul>\n<li data-start=\"134\" data-end=\"193\">Hervorragender Schutz vor St\u00f6\u00dfen und Vibrationen.<\/li>\n<li data-start=\"196\" data-end=\"256\">Praktische Breite f\u00fcr schnelles, abfallfreies Verpacken.<\/li>\n<li data-start=\"259\" data-end=\"314\"><strong>L\u00e4nge von 100 Metern<\/strong> ideal f\u00fcr den regelm\u00e4\u00dfigen Gebrauch.<\/li>\n<li data-start=\"317\" data-end=\"371\">Flexible Folie, die sich leicht allen Formen anpasst.<\/li>\n<li data-start=\"374\" data-end=\"411\">Reibungsloses Abrollen und einfaches Zuschneiden.<\/li>\n<li data-start=\"414\" data-end=\"463\">Zeitersparnis bei der Paketvorbereitung.<\/li>\n<\/ul>\n<p>&nbsp;<\/p>\n<p><!--more--><\/p>\n<h4>Weitere Informationen :<\/h4>\n<ul>\n<li><strong>Verpackung<\/strong>: Einzeln<\/li>\n<li><strong>L\u00e4nge<\/strong>: 100m<\/li>\n<li><strong>Breite<\/strong>: 0,50 m<\/li>\n<\/ul>\n<p>&nbsp;<\/p>\n<p><!--more--><\/p>\n<p><a href=\"https:\/\/www.csj-emballages.com\/de\/universum-industrieverpackungen\/\">Entdecken Sie unser restliches Sortiment an Industrieverpackungen<\/a><\/p>\n","protected":false},"excerpt":{"rendered":"<p>Blasenfolie Entdecken Sie unsere Luftpolsterfolienrolle 100 m Breite 0,50 m<\/p>\n","protected":false},"featured_media":261334,"template":"","meta":{"_acf_changed":false},"product_brand":[],"product_cat":[1137,2677,2691],"product_tag":[],"class_list":{"0":"post-20962","1":"product","2":"type-product","3":"status-publish","4":"has-post-thumbnail","6":"product_cat-lebensmittelverpackungen","7":"product_cat-kartons","8":"product_cat-blasenfolie","9":"product_shipping_class-verboten-in-staffeln","11":"first","12":"instock","13":"taxable","14":"shipping-taxable","15":"purchasable","16":"product-type-simple"},"acf":[],"yoast_head":"<!-- This site is optimized with the Yoast SEO Premium plugin v26.6 (Yoast SEO v26.6) - https:\/\/yoast.com\/wordpress\/plugins\/seo\/ -->\n<title>Luftpolsterfolie auf Rolle 100 m Breite 0,50 m<\/title>\n<meta name=\"description\" content=\"Luftpolsterfolie 100 m \u2013 Breite 0,50 m: effektiver Schutz f\u00fcr Ihre zerbrechlichen Gegenst\u00e4nde. Ideal f\u00fcr Verpackung, Lagerung und t\u00e4glichen Versand.\" \/>\n<meta name=\"robots\" content=\"index, follow, max-snippet:-1, max-image-preview:large, max-video-preview:-1\" \/>\n<link rel=\"canonical\" href=\"https:\/\/www.csj-emballages.com\/de\/produit\/rolle-blasenfolie-150-m-breite-050-m\/\" \/>\n<meta property=\"og:locale\" content=\"de_DE\" \/>\n<meta property=\"og:type\" content=\"article\" \/>\n<meta property=\"og:title\" content=\"Luftpolsterfolienrolle 100 m Breite 0,50 m\" \/>\n<meta property=\"og:description\" content=\"Luftpolsterfolie 100 m \u2013 Breite 0,50 m: effektiver Schutz f\u00fcr Ihre zerbrechlichen Gegenst\u00e4nde. Ideal f\u00fcr Verpackung, Lagerung und t\u00e4glichen Versand.\" \/>\n<meta property=\"og:url\" content=\"https:\/\/www.csj-emballages.com\/de\/produit\/rolle-blasenfolie-150-m-breite-050-m\/\" \/>\n<meta property=\"og:site_name\" content=\"CSJ Emballages\" \/>\n<meta property=\"article:publisher\" content=\"https:\/\/www.facebook.com\/csjemballages\" \/>\n<meta property=\"article:modified_time\" content=\"2026-05-01T00:12:28+00:00\" \/>\n<meta property=\"og:image\" content=\"https:\/\/www.csj-emballages.com\/wp-content\/uploads\/2024\/03\/Film-bulles.webp\" \/>\n\t<meta property=\"og:image:width\" content=\"800\" \/>\n\t<meta property=\"og:image:height\" content=\"800\" \/>\n\t<meta property=\"og:image:type\" content=\"image\/webp\" \/>\n<meta name=\"twitter:card\" content=\"summary_large_image\" \/>\n<meta name=\"twitter:label1\" content=\"Gesch\u00e4tzte Lesezeit\" \/>\n\t<meta name=\"twitter:data1\" content=\"2 Minuten\" \/>\n<script type=\"application\/ld+json\" class=\"yoast-schema-graph\">{\"@context\":\"https:\/\/schema.org\",\"@graph\":[{\"@type\":\"WebPage\",\"@id\":\"https:\/\/www.csj-emballages.com\/de\/produit\/rolle-blasenfolie-150-m-breite-050-m\/\",\"url\":\"https:\/\/www.csj-emballages.com\/de\/produit\/rolle-blasenfolie-150-m-breite-050-m\/\",\"name\":\"Luftpolsterfolie auf Rolle 100 m Breite 0,50 m\",\"isPartOf\":{\"@id\":\"https:\/\/www.csj-emballages.com\/de\/#website\"},\"primaryImageOfPage\":{\"@id\":\"https:\/\/www.csj-emballages.com\/de\/produit\/rolle-blasenfolie-150-m-breite-050-m\/#primaryimage\"},\"image\":{\"@id\":\"https:\/\/www.csj-emballages.com\/de\/produit\/rolle-blasenfolie-150-m-breite-050-m\/#primaryimage\"},\"thumbnailUrl\":\"https:\/\/www.csj-emballages.com\/wp-content\/uploads\/2024\/03\/Film-bulles.webp\",\"datePublished\":\"2024-03-01T15:54:24+00:00\",\"dateModified\":\"2026-05-01T00:12:28+00:00\",\"description\":\"Luftpolsterfolie 100 m \u2013 Breite 0,50 m: effektiver Schutz f\u00fcr Ihre zerbrechlichen Gegenst\u00e4nde. Ideal f\u00fcr Verpackung, Lagerung und t\u00e4glichen Versand.\",\"breadcrumb\":{\"@id\":\"https:\/\/www.csj-emballages.com\/de\/produit\/rolle-blasenfolie-150-m-breite-050-m\/#breadcrumb\"},\"inLanguage\":\"de\",\"potentialAction\":[{\"@type\":\"ReadAction\",\"target\":[\"https:\/\/www.csj-emballages.com\/de\/produit\/rolle-blasenfolie-150-m-breite-050-m\/\"]}]},{\"@type\":\"ImageObject\",\"inLanguage\":\"de\",\"@id\":\"https:\/\/www.csj-emballages.com\/de\/produit\/rolle-blasenfolie-150-m-breite-050-m\/#primaryimage\",\"url\":\"https:\/\/www.csj-emballages.com\/wp-content\/uploads\/2024\/03\/Film-bulles.webp\",\"contentUrl\":\"https:\/\/www.csj-emballages.com\/wp-content\/uploads\/2024\/03\/Film-bulles.webp\",\"width\":800,\"height\":800,\"caption\":\"Rouleau de film bulles\"},{\"@type\":\"BreadcrumbList\",\"@id\":\"https:\/\/www.csj-emballages.com\/de\/produit\/rolle-blasenfolie-150-m-breite-050-m\/#breadcrumb\",\"itemListElement\":[{\"@type\":\"ListItem\",\"position\":1,\"name\":\"Accueil\",\"item\":\"https:\/\/www.csj-emballages.com\/de\/universum-lebensmittelverpackungen\/\"},{\"@type\":\"ListItem\",\"position\":2,\"name\":\"Shop\",\"item\":\"https:\/\/www.csj-emballages.com\/shop\/\"},{\"@type\":\"ListItem\",\"position\":3,\"name\":\"Luftpolsterfolienrolle 100 m Breite 0,50 m\"}]},{\"@type\":\"WebSite\",\"@id\":\"https:\/\/www.csj-emballages.com\/de\/#website\",\"url\":\"https:\/\/www.csj-emballages.com\/de\/\",\"name\":\"CSJ Emballages\",\"description\":\"\",\"publisher\":{\"@id\":\"https:\/\/www.csj-emballages.com\/de\/#organization\"},\"potentialAction\":[{\"@type\":\"SearchAction\",\"target\":{\"@type\":\"EntryPoint\",\"urlTemplate\":\"https:\/\/www.csj-emballages.com\/de\/?s={search_term_string}\"},\"query-input\":{\"@type\":\"PropertyValueSpecification\",\"valueRequired\":true,\"valueName\":\"search_term_string\"}}],\"inLanguage\":\"de\"},{\"@type\":\"Organization\",\"@id\":\"https:\/\/www.csj-emballages.com\/de\/#Organization\/\",\"name\":\"CSJ Emballages\",\"url\":\"https:\/\/www.csj-emballages.com\/de\/\",\"logo\":{\"@type\":\"ImageObject\",\"inLanguage\":\"de\",\"@id\":\"https:\/\/www.csj-emballages.com\/de\/#\/schema\/logo\/image\/\",\"url\":\"https:\/\/www.csj-emballages.com\/wp-content\/uploads\/2023\/10\/logo_csj.webp\",\"contentUrl\":\"https:\/\/www.csj-emballages.com\/wp-content\/uploads\/2023\/10\/logo_csj.webp\",\"width\":250,\"height\":95,\"caption\":\"CSJ Emballages\"},\"image\":{\"@id\":\"https:\/\/www.csj-emballages.com\/de\/#\/schema\/logo\/image\/\"},\"sameAs\":[\"https:\/\/www.facebook.com\/csjemballages\"],\"address\":{\"@type\":\"PostalAddress\",\"streetAddress\":\"ZI La Lechere\",\"addressLocality\":\"Patornay\",\"postalCode\":\"39130\",\"addressCountry\":\"FR\"},\"contactPoint\":[{\"@type\":\"ContactPoint\",\"contactType\":\"Service client\",\"telephone\":\"0384254272\",\"email\":\"contact@csj-emballages.com\"}]}]}<\/script>\n<!-- \/ Yoast SEO Premium plugin. -->","yoast_head_json":{"title":"Luftpolsterfolie auf Rolle 100 m Breite 0,50 m","description":"Luftpolsterfolie 100 m \u2013 Breite 0,50 m: effektiver Schutz f\u00fcr Ihre zerbrechlichen Gegenst\u00e4nde. Ideal f\u00fcr Verpackung, Lagerung und t\u00e4glichen Versand.","robots":{"index":"index","follow":"follow","max-snippet":"max-snippet:-1","max-image-preview":"max-image-preview:large","max-video-preview":"max-video-preview:-1"},"canonical":"https:\/\/www.csj-emballages.com\/de\/produit\/rolle-blasenfolie-150-m-breite-050-m\/","og_locale":"de_DE","og_type":"article","og_title":"Luftpolsterfolienrolle 100 m Breite 0,50 m","og_description":"Luftpolsterfolie 100 m \u2013 Breite 0,50 m: effektiver Schutz f\u00fcr Ihre zerbrechlichen Gegenst\u00e4nde. Ideal f\u00fcr Verpackung, Lagerung und t\u00e4glichen Versand.","og_url":"https:\/\/www.csj-emballages.com\/de\/produit\/rolle-blasenfolie-150-m-breite-050-m\/","og_site_name":"CSJ Emballages","article_publisher":"https:\/\/www.facebook.com\/csjemballages","article_modified_time":"2026-05-01T00:12:28+00:00","og_image":[{"width":800,"height":800,"url":"https:\/\/www.csj-emballages.com\/wp-content\/uploads\/2024\/03\/Film-bulles.webp","type":"image\/webp"}],"twitter_card":"summary_large_image","twitter_misc":{"Gesch\u00e4tzte Lesezeit":"2 Minuten"},"schema":{"@context":"https:\/\/schema.org","@graph":[{"@type":"WebPage","@id":"https:\/\/www.csj-emballages.com\/de\/produit\/rolle-blasenfolie-150-m-breite-050-m\/","url":"https:\/\/www.csj-emballages.com\/de\/produit\/rolle-blasenfolie-150-m-breite-050-m\/","name":"Luftpolsterfolie auf Rolle 100 m Breite 0,50 m","isPartOf":{"@id":"https:\/\/www.csj-emballages.com\/de\/#website"},"primaryImageOfPage":{"@id":"https:\/\/www.csj-emballages.com\/de\/produit\/rolle-blasenfolie-150-m-breite-050-m\/#primaryimage"},"image":{"@id":"https:\/\/www.csj-emballages.com\/de\/produit\/rolle-blasenfolie-150-m-breite-050-m\/#primaryimage"},"thumbnailUrl":"https:\/\/www.csj-emballages.com\/wp-content\/uploads\/2024\/03\/Film-bulles.webp","datePublished":"2024-03-01T15:54:24+00:00","dateModified":"2026-05-01T00:12:28+00:00","description":"Luftpolsterfolie 100 m \u2013 Breite 0,50 m: effektiver Schutz f\u00fcr Ihre zerbrechlichen Gegenst\u00e4nde. Ideal f\u00fcr Verpackung, Lagerung und t\u00e4glichen Versand.","breadcrumb":{"@id":"https:\/\/www.csj-emballages.com\/de\/produit\/rolle-blasenfolie-150-m-breite-050-m\/#breadcrumb"},"inLanguage":"de","potentialAction":[{"@type":"ReadAction","target":["https:\/\/www.csj-emballages.com\/de\/produit\/rolle-blasenfolie-150-m-breite-050-m\/"]}]},{"@type":"ImageObject","inLanguage":"de","@id":"https:\/\/www.csj-emballages.com\/de\/produit\/rolle-blasenfolie-150-m-breite-050-m\/#primaryimage","url":"https:\/\/www.csj-emballages.com\/wp-content\/uploads\/2024\/03\/Film-bulles.webp","contentUrl":"https:\/\/www.csj-emballages.com\/wp-content\/uploads\/2024\/03\/Film-bulles.webp","width":800,"height":800,"caption":"Rouleau de film bulles"},{"@type":"BreadcrumbList","@id":"https:\/\/www.csj-emballages.com\/de\/produit\/rolle-blasenfolie-150-m-breite-050-m\/#breadcrumb","itemListElement":[{"@type":"ListItem","position":1,"name":"Accueil","item":"https:\/\/www.csj-emballages.com\/de\/universum-lebensmittelverpackungen\/"},{"@type":"ListItem","position":2,"name":"Shop","item":"https:\/\/www.csj-emballages.com\/shop\/"},{"@type":"ListItem","position":3,"name":"Luftpolsterfolienrolle 100 m Breite 0,50 m"}]},{"@type":"WebSite","@id":"https:\/\/www.csj-emballages.com\/de\/#website","url":"https:\/\/www.csj-emballages.com\/de\/","name":"CSJ Emballages","description":"","publisher":{"@id":"https:\/\/www.csj-emballages.com\/de\/#organization"},"potentialAction":[{"@type":"SearchAction","target":{"@type":"EntryPoint","urlTemplate":"https:\/\/www.csj-emballages.com\/de\/?s={search_term_string}"},"query-input":{"@type":"PropertyValueSpecification","valueRequired":true,"valueName":"search_term_string"}}],"inLanguage":"de"},{"@type":"Organization","@id":"https:\/\/www.csj-emballages.com\/de\/#Organization\/","name":"CSJ Emballages","url":"https:\/\/www.csj-emballages.com\/de\/","logo":{"@type":"ImageObject","inLanguage":"de","@id":"https:\/\/www.csj-emballages.com\/de\/#\/schema\/logo\/image\/","url":"https:\/\/www.csj-emballages.com\/wp-content\/uploads\/2023\/10\/logo_csj.webp","contentUrl":"https:\/\/www.csj-emballages.com\/wp-content\/uploads\/2023\/10\/logo_csj.webp","width":250,"height":95,"caption":"CSJ Emballages"},"image":{"@id":"https:\/\/www.csj-emballages.com\/de\/#\/schema\/logo\/image\/"},"sameAs":["https:\/\/www.facebook.com\/csjemballages"],"address":{"@type":"PostalAddress","streetAddress":"ZI La Lechere","addressLocality":"Patornay","postalCode":"39130","addressCountry":"FR"},"contactPoint":[{"@type":"ContactPoint","contactType":"Service client","telephone":"0384254272","email":"contact@csj-emballages.com"}]}]}},"df_price":37.78,"df_sale_price":"","df_regular_price":37.78,"df_image_link":"https:\/\/www.csj-emballages.com\/wp-content\/uploads\/2024\/03\/Film-bulles-300x300.webp","tiered_pricing_type":"fixed","tiered_pricing_fixed_rules":[],"tiered_pricing_percentage_rules":[],"tiered_pricing_minimum":1,"tiered_pricing_roles_data":[],"_links":{"self":[{"href":"https:\/\/www.csj-emballages.com\/de\/wp-json\/wp\/v2\/product\/20962","targetHints":{"allow":["GET"]}}],"collection":[{"href":"https:\/\/www.csj-emballages.com\/de\/wp-json\/wp\/v2\/product"}],"about":[{"href":"https:\/\/www.csj-emballages.com\/de\/wp-json\/wp\/v2\/types\/product"}],"wp:featuredmedia":[{"embeddable":true,"href":"https:\/\/www.csj-emballages.com\/de\/wp-json\/wp\/v2\/media\/261334"}],"wp:attachment":[{"href":"https:\/\/www.csj-emballages.com\/de\/wp-json\/wp\/v2\/media?parent=20962"}],"wp:term":[{"taxonomy":"product_brand","embeddable":true,"href":"https:\/\/www.csj-emballages.com\/de\/wp-json\/wp\/v2\/product_brand?post=20962"},{"taxonomy":"product_cat","embeddable":true,"href":"https:\/\/www.csj-emballages.com\/de\/wp-json\/wp\/v2\/product_cat?post=20962"},{"taxonomy":"product_tag","embeddable":true,"href":"https:\/\/www.csj-emballages.com\/de\/wp-json\/wp\/v2\/product_tag?post=20962"}],"curies":[{"name":"wp","href":"https:\/\/api.w.org\/{rel}","templated":true}]}}