{"id":20960,"date":"2024-03-01T16:54:24","date_gmt":"2024-03-01T15:54:24","guid":{"rendered":"https:\/\/u15jnbdpoq.preview.infomaniak.website\/produit\/180-handtuecher-in-v-form-2-lagig-25-x-21-cm\/"},"modified":"2026-04-14T02:16:02","modified_gmt":"2026-04-14T00:16:02","slug":"180-handtuecher-in-v-form-2-lagig-25-x-21-cm","status":"publish","type":"product","link":"https:\/\/www.csj-emballages.com\/de\/produit\/180-handtuecher-in-v-form-2-lagig-25-x-21-cm\/","title":{"rendered":"V-Falz-Handt\u00fccher, 2-lagig, 21 x 21 cm, im 180er-Pack"},"content":{"rendered":"<h2>V-Falz-Handt\u00fccher<\/h2>\n<hr>\n<h3>Entdecken Sie unsere V-Falz-Handt\u00fccher, 2-lagig, 21 x 21 cm, im 180er-Pack.<\/h3>\n<p><!--more--><\/p>\n<p data-start=\"210\" data-end=\"575\">Diese <strong data-start=\"214\" data-end=\"247\">V-Falz-Handt\u00fccher<\/strong> sind darauf ausgelegt, das H\u00e4ndetrocknen einfach, schnell und vor allem hygienischer zu gestalten. Dank ihres <strong>Einzelblatt-Spendersystems<\/strong> entnehmen Sie nur, was Sie ben\u00f6tigen, ohne den Rest zu ber\u00fchren. Das Ergebnis: weniger Abfall und bessere Sauberkeit, sowohl f\u00fcr die Benutzer als auch f\u00fcr den Sanit\u00e4rbereich.  <\/p>\n<p data-start=\"577\" data-end=\"959\">Mit ihrer <strong data-start=\"587\" data-end=\"607\">2-lagigen<\/strong> Ausf\u00fchrung bieten diese <strong>Handt\u00fccher<\/strong> eine gute Saugf\u00e4higkeit bereits bei der ersten Anwendung. Ein einziges Blatt gen\u00fcgt oft, um die H\u00e4nde gr\u00fcndlich zu trocknen, was den Verbrauch begrenzt und gleichzeitig effizient bleibt. Ihr Format von <strong>21 x 21 cm<\/strong> ist perfekt ausbalanciert: weder zu gro\u00df noch zu klein, genau richtig f\u00fcr eine komfortable Nutzung.  <\/p>\n<p data-start=\"961\" data-end=\"1307\">Die <strong>V-Falzung<\/strong> erleichtert die Entnahme und gew\u00e4hrleistet eine reibungslose Ausgabe in kompatiblen Spendern. Es ist eine ideale L\u00f6sung f\u00fcr stark frequentierte Orte wie <strong>Restaurants, B\u00fcros, \u00f6ffentliche Einrichtungen, Gesundheitseinrichtungen oder Gesch\u00e4ftsr\u00e4ume<\/strong>. Sie lassen sich leicht nachf\u00fcllen, sind problemlos in der Anwendung und alles bleibt gut organisiert.  <\/p>\n<p data-start=\"1309\" data-end=\"1519\"><strong data-start=\"1316\" data-end=\"1334\">Im 180er-Pack<\/strong> verkauft, erf\u00fcllen diese Handt\u00fccher perfekt den t\u00e4glichen Bedarf, ohne h\u00e4ufiges Nachf\u00fcllen zu erfordern. Sie f\u00fcgen sich nahtlos in einen praktischen und funktionalen Ansatz ein, ohne unn\u00f6tigen Aufwand. <\/p>\n<p data-start=\"1521\" data-end=\"1690\">Zusammenfassend l\u00e4sst sich sagen, sind diese <strong>V-Falz-Handt\u00fccher<\/strong> eine kluge Wahl, um Hygiene, Komfort und Effizienz zu vereinen und gleichzeitig eine einfache und kontrollierte Verbrauchsmaterialverwaltung zu gew\u00e4hrleisten.<\/p>\n<p data-start=\"1521\" data-end=\"1690\"><!--more--><\/p>\n<h4 data-start=\"1521\" data-end=\"1690\">Vorteile :<\/h4>\n<ul>\n<li data-start=\"1718\" data-end=\"1767\">Hygienischere Einzelblattentnahme.<\/li>\n<li data-start=\"1770\" data-end=\"1809\"><strong>2-lagig<\/strong> f\u00fcr bessere Absorption.<\/li>\n<li data-start=\"1812\" data-end=\"1845\">Praktisches Format <strong>21<\/strong><strong> x 21 cm<\/strong>.<\/li>\n<li data-start=\"1888\" data-end=\"1911\">Reduziert Verschwendung.<\/li>\n<li data-start=\"1914\" data-end=\"1938\">Packung mit <strong>180 Handt\u00fcchern<\/strong>.<\/li>\n<\/ul>\n<p>&nbsp;<\/p>\n<p><!--more--><\/p>\n<h4>Weitere Informationen :<\/h4>\n<ul>\n<li><strong>Verpackung<\/strong>: Packung mit 180 St\u00fcck<\/li>\n<li><strong>Ma\u00dfe<\/strong>: 21 x 21 cm<\/li>\n<li><strong>Lagen<\/strong>: 2<\/li>\n<li><strong>Falzung<\/strong>: V<\/li>\n<li><strong>Farbe<\/strong>: Wei\u00df<\/li>\n<li><strong>Oberfl\u00e4che<\/strong>: Gepr\u00e4gt<\/li>\n<li><strong>Material<\/strong>: Zellulose<\/li>\n<\/ul>\n<p>&nbsp;<\/p>\n<p><!--more--><\/p>\n<p>Dieses V-Falz-Handtuch ist auch mit Z-Falzung erh\u00e4ltlich: <span style=\"color: #d12727;\"><a style=\"color: #d12727;\" href=\"https:\/\/www.csj-emballages.com\/produit\/150-essuie-mains-enchevetres-en-z-2-plis-20-6-x-24-cm\/?_gl=1*q72npl*_up*MQ..*_ga*MTgxMTk0MjI1NC4xNzcwMDIyOTkx*_ga_YNVJLRSSZT*czE3NzAwMjI5OTAkbzEkZzAkdDE3NzAwMjMzNzEkajQ3JGwwJGgxNDU1NTg1MzE5\">EPLZ<\/a><\/span><\/p>\n<p>&nbsp;<\/p>\n<p><!--more--><\/p>\n<p><a href=\"https:\/\/www.csj-emballages.com\/categorie-produit\/hygiene-et-entretiens\/essuyages\/essuie-mains\/essuies-mains-plies\/?_gl=1*xx8o1q*_up*MQ..*_ga*MTgxMTk0MjI1NC4xNzcwMDIyOTkx*_ga_YNVJLRSSZT*czE3NzAwMjI5OTAkbzEkZzAkdDE3NzAwMjMzNjgkajUwJGwwJGgxNDU1NTg1MzE5\">Sehen Sie sich den Rest unseres Sortiments an gefalteten Handt\u00fcchern an  <\/a><\/p>\n","protected":false},"excerpt":{"rendered":"<p>V-Falz-Handt\u00fccher Entdecken Sie unsere V-Falz-Handt\u00fccher, 2-lagig, 21 x 21 cm, im 180er-Pack.<\/p>\n","protected":false},"featured_media":263071,"template":"","meta":{"_acf_changed":false},"product_brand":[],"product_cat":[1218,1377,1452,2568],"product_tag":[],"class_list":{"0":"post-20960","1":"product","2":"type-product","3":"status-publish","4":"has-post-thumbnail","6":"product_cat-hygiene-und-pflege","7":"product_cat-wischtucher","8":"product_cat-handtucher-de","9":"product_cat-handschirme-gefaltet","11":"first","12":"instock","13":"taxable","14":"shipping-taxable","15":"purchasable","16":"product-type-simple"},"acf":[],"yoast_head":"<!-- This site is optimized with the Yoast SEO Premium plugin v26.6 (Yoast SEO v26.6) - https:\/\/yoast.com\/wordpress\/plugins\/seo\/ -->\n<title>V-Falz-Handt\u00fccher, 2-lagig, 21 x 21 cm, im 180er-Pack<\/title>\n<meta name=\"description\" content=\"V-Falz-Handt\u00fccher, 2-lagig, 22,3 x 22,2 cm, im 180er-Pack. Saugf\u00e4hig, hygienisch und ideal f\u00fcr professionelle Sanit\u00e4rbereiche.\" \/>\n<meta name=\"robots\" content=\"index, follow, max-snippet:-1, max-image-preview:large, max-video-preview:-1\" \/>\n<link rel=\"canonical\" href=\"https:\/\/www.csj-emballages.com\/de\/produit\/180-handtuecher-in-v-form-2-lagig-25-x-21-cm\/\" \/>\n<meta property=\"og:locale\" content=\"de_DE\" \/>\n<meta property=\"og:type\" content=\"article\" \/>\n<meta property=\"og:title\" content=\"V-Falz-Handt\u00fccher, 2-lagig, 21 x 21 cm, im 180er-Pack\" \/>\n<meta property=\"og:description\" content=\"V-Falz-Handt\u00fccher, 2-lagig, 22,3 x 22,2 cm, im 180er-Pack. Saugf\u00e4hig, hygienisch und ideal f\u00fcr professionelle Sanit\u00e4rbereiche.\" \/>\n<meta property=\"og:url\" content=\"https:\/\/www.csj-emballages.com\/de\/produit\/180-handtuecher-in-v-form-2-lagig-25-x-21-cm\/\" \/>\n<meta property=\"og:site_name\" content=\"CSJ Emballages\" \/>\n<meta property=\"article:publisher\" content=\"https:\/\/www.facebook.com\/csjemballages\" \/>\n<meta property=\"article:modified_time\" content=\"2026-04-14T00:16:02+00:00\" \/>\n<meta property=\"og:image\" content=\"https:\/\/www.csj-emballages.com\/wp-content\/uploads\/2024\/03\/Essuies-mains-plies-.webp\" \/>\n\t<meta property=\"og:image:width\" content=\"800\" \/>\n\t<meta property=\"og:image:height\" content=\"800\" \/>\n\t<meta property=\"og:image:type\" content=\"image\/webp\" \/>\n<meta name=\"twitter:card\" content=\"summary_large_image\" \/>\n<meta name=\"twitter:label1\" content=\"Gesch\u00e4tzte Lesezeit\" \/>\n\t<meta name=\"twitter:data1\" content=\"2 Minuten\" \/>\n<script type=\"application\/ld+json\" class=\"yoast-schema-graph\">{\"@context\":\"https:\/\/schema.org\",\"@graph\":[{\"@type\":\"WebPage\",\"@id\":\"https:\/\/www.csj-emballages.com\/de\/produit\/180-handtuecher-in-v-form-2-lagig-25-x-21-cm\/\",\"url\":\"https:\/\/www.csj-emballages.com\/de\/produit\/180-handtuecher-in-v-form-2-lagig-25-x-21-cm\/\",\"name\":\"V-Falz-Handt\u00fccher, 2-lagig, 21 x 21 cm, im 180er-Pack\",\"isPartOf\":{\"@id\":\"https:\/\/www.csj-emballages.com\/de\/#website\"},\"primaryImageOfPage\":{\"@id\":\"https:\/\/www.csj-emballages.com\/de\/produit\/180-handtuecher-in-v-form-2-lagig-25-x-21-cm\/#primaryimage\"},\"image\":{\"@id\":\"https:\/\/www.csj-emballages.com\/de\/produit\/180-handtuecher-in-v-form-2-lagig-25-x-21-cm\/#primaryimage\"},\"thumbnailUrl\":\"https:\/\/www.csj-emballages.com\/wp-content\/uploads\/2024\/03\/Essuies-mains-plies-.webp\",\"datePublished\":\"2024-03-01T15:54:24+00:00\",\"dateModified\":\"2026-04-14T00:16:02+00:00\",\"description\":\"V-Falz-Handt\u00fccher, 2-lagig, 22,3 x 22,2 cm, im 180er-Pack. Saugf\u00e4hig, hygienisch und ideal f\u00fcr professionelle Sanit\u00e4rbereiche.\",\"breadcrumb\":{\"@id\":\"https:\/\/www.csj-emballages.com\/de\/produit\/180-handtuecher-in-v-form-2-lagig-25-x-21-cm\/#breadcrumb\"},\"inLanguage\":\"de\",\"potentialAction\":[{\"@type\":\"ReadAction\",\"target\":[\"https:\/\/www.csj-emballages.com\/de\/produit\/180-handtuecher-in-v-form-2-lagig-25-x-21-cm\/\"]}]},{\"@type\":\"ImageObject\",\"inLanguage\":\"de\",\"@id\":\"https:\/\/www.csj-emballages.com\/de\/produit\/180-handtuecher-in-v-form-2-lagig-25-x-21-cm\/#primaryimage\",\"url\":\"https:\/\/www.csj-emballages.com\/wp-content\/uploads\/2024\/03\/Essuies-mains-plies-.webp\",\"contentUrl\":\"https:\/\/www.csj-emballages.com\/wp-content\/uploads\/2024\/03\/Essuies-mains-plies-.webp\",\"width\":800,\"height\":800,\"caption\":\"Essuie-mains\"},{\"@type\":\"BreadcrumbList\",\"@id\":\"https:\/\/www.csj-emballages.com\/de\/produit\/180-handtuecher-in-v-form-2-lagig-25-x-21-cm\/#breadcrumb\",\"itemListElement\":[{\"@type\":\"ListItem\",\"position\":1,\"name\":\"Accueil\",\"item\":\"https:\/\/www.csj-emballages.com\/de\/universum-lebensmittelverpackungen\/\"},{\"@type\":\"ListItem\",\"position\":2,\"name\":\"Shop\",\"item\":\"https:\/\/www.csj-emballages.com\/shop\/\"},{\"@type\":\"ListItem\",\"position\":3,\"name\":\"V-Falz-Handt\u00fccher, 2-lagig, 21 x 21 cm, im 180er-Pack\"}]},{\"@type\":\"WebSite\",\"@id\":\"https:\/\/www.csj-emballages.com\/de\/#website\",\"url\":\"https:\/\/www.csj-emballages.com\/de\/\",\"name\":\"CSJ Emballages\",\"description\":\"\",\"publisher\":{\"@id\":\"https:\/\/www.csj-emballages.com\/de\/#organization\"},\"potentialAction\":[{\"@type\":\"SearchAction\",\"target\":{\"@type\":\"EntryPoint\",\"urlTemplate\":\"https:\/\/www.csj-emballages.com\/de\/?s={search_term_string}\"},\"query-input\":{\"@type\":\"PropertyValueSpecification\",\"valueRequired\":true,\"valueName\":\"search_term_string\"}}],\"inLanguage\":\"de\"},{\"@type\":\"Organization\",\"@id\":\"https:\/\/www.csj-emballages.com\/de\/#Organization\/\",\"name\":\"CSJ Emballages\",\"url\":\"https:\/\/www.csj-emballages.com\/de\/\",\"logo\":{\"@type\":\"ImageObject\",\"inLanguage\":\"de\",\"@id\":\"https:\/\/www.csj-emballages.com\/de\/#\/schema\/logo\/image\/\",\"url\":\"https:\/\/www.csj-emballages.com\/wp-content\/uploads\/2023\/10\/logo_csj.webp\",\"contentUrl\":\"https:\/\/www.csj-emballages.com\/wp-content\/uploads\/2023\/10\/logo_csj.webp\",\"width\":250,\"height\":95,\"caption\":\"CSJ Emballages\"},\"image\":{\"@id\":\"https:\/\/www.csj-emballages.com\/de\/#\/schema\/logo\/image\/\"},\"sameAs\":[\"https:\/\/www.facebook.com\/csjemballages\"],\"address\":{\"@type\":\"PostalAddress\",\"streetAddress\":\"ZI La Lechere\",\"addressLocality\":\"Patornay\",\"postalCode\":\"39130\",\"addressCountry\":\"FR\"},\"contactPoint\":[{\"@type\":\"ContactPoint\",\"contactType\":\"Service client\",\"telephone\":\"0384254272\",\"email\":\"contact@csj-emballages.com\"}]}]}<\/script>\n<!-- \/ Yoast SEO Premium plugin. -->","yoast_head_json":{"title":"V-Falz-Handt\u00fccher, 2-lagig, 21 x 21 cm, im 180er-Pack","description":"V-Falz-Handt\u00fccher, 2-lagig, 22,3 x 22,2 cm, im 180er-Pack. Saugf\u00e4hig, hygienisch und ideal f\u00fcr professionelle Sanit\u00e4rbereiche.","robots":{"index":"index","follow":"follow","max-snippet":"max-snippet:-1","max-image-preview":"max-image-preview:large","max-video-preview":"max-video-preview:-1"},"canonical":"https:\/\/www.csj-emballages.com\/de\/produit\/180-handtuecher-in-v-form-2-lagig-25-x-21-cm\/","og_locale":"de_DE","og_type":"article","og_title":"V-Falz-Handt\u00fccher, 2-lagig, 21 x 21 cm, im 180er-Pack","og_description":"V-Falz-Handt\u00fccher, 2-lagig, 22,3 x 22,2 cm, im 180er-Pack. Saugf\u00e4hig, hygienisch und ideal f\u00fcr professionelle Sanit\u00e4rbereiche.","og_url":"https:\/\/www.csj-emballages.com\/de\/produit\/180-handtuecher-in-v-form-2-lagig-25-x-21-cm\/","og_site_name":"CSJ Emballages","article_publisher":"https:\/\/www.facebook.com\/csjemballages","article_modified_time":"2026-04-14T00:16:02+00:00","og_image":[{"width":800,"height":800,"url":"https:\/\/www.csj-emballages.com\/wp-content\/uploads\/2024\/03\/Essuies-mains-plies-.webp","type":"image\/webp"}],"twitter_card":"summary_large_image","twitter_misc":{"Gesch\u00e4tzte Lesezeit":"2 Minuten"},"schema":{"@context":"https:\/\/schema.org","@graph":[{"@type":"WebPage","@id":"https:\/\/www.csj-emballages.com\/de\/produit\/180-handtuecher-in-v-form-2-lagig-25-x-21-cm\/","url":"https:\/\/www.csj-emballages.com\/de\/produit\/180-handtuecher-in-v-form-2-lagig-25-x-21-cm\/","name":"V-Falz-Handt\u00fccher, 2-lagig, 21 x 21 cm, im 180er-Pack","isPartOf":{"@id":"https:\/\/www.csj-emballages.com\/de\/#website"},"primaryImageOfPage":{"@id":"https:\/\/www.csj-emballages.com\/de\/produit\/180-handtuecher-in-v-form-2-lagig-25-x-21-cm\/#primaryimage"},"image":{"@id":"https:\/\/www.csj-emballages.com\/de\/produit\/180-handtuecher-in-v-form-2-lagig-25-x-21-cm\/#primaryimage"},"thumbnailUrl":"https:\/\/www.csj-emballages.com\/wp-content\/uploads\/2024\/03\/Essuies-mains-plies-.webp","datePublished":"2024-03-01T15:54:24+00:00","dateModified":"2026-04-14T00:16:02+00:00","description":"V-Falz-Handt\u00fccher, 2-lagig, 22,3 x 22,2 cm, im 180er-Pack. Saugf\u00e4hig, hygienisch und ideal f\u00fcr professionelle Sanit\u00e4rbereiche.","breadcrumb":{"@id":"https:\/\/www.csj-emballages.com\/de\/produit\/180-handtuecher-in-v-form-2-lagig-25-x-21-cm\/#breadcrumb"},"inLanguage":"de","potentialAction":[{"@type":"ReadAction","target":["https:\/\/www.csj-emballages.com\/de\/produit\/180-handtuecher-in-v-form-2-lagig-25-x-21-cm\/"]}]},{"@type":"ImageObject","inLanguage":"de","@id":"https:\/\/www.csj-emballages.com\/de\/produit\/180-handtuecher-in-v-form-2-lagig-25-x-21-cm\/#primaryimage","url":"https:\/\/www.csj-emballages.com\/wp-content\/uploads\/2024\/03\/Essuies-mains-plies-.webp","contentUrl":"https:\/\/www.csj-emballages.com\/wp-content\/uploads\/2024\/03\/Essuies-mains-plies-.webp","width":800,"height":800,"caption":"Essuie-mains"},{"@type":"BreadcrumbList","@id":"https:\/\/www.csj-emballages.com\/de\/produit\/180-handtuecher-in-v-form-2-lagig-25-x-21-cm\/#breadcrumb","itemListElement":[{"@type":"ListItem","position":1,"name":"Accueil","item":"https:\/\/www.csj-emballages.com\/de\/universum-lebensmittelverpackungen\/"},{"@type":"ListItem","position":2,"name":"Shop","item":"https:\/\/www.csj-emballages.com\/shop\/"},{"@type":"ListItem","position":3,"name":"V-Falz-Handt\u00fccher, 2-lagig, 21 x 21 cm, im 180er-Pack"}]},{"@type":"WebSite","@id":"https:\/\/www.csj-emballages.com\/de\/#website","url":"https:\/\/www.csj-emballages.com\/de\/","name":"CSJ Emballages","description":"","publisher":{"@id":"https:\/\/www.csj-emballages.com\/de\/#organization"},"potentialAction":[{"@type":"SearchAction","target":{"@type":"EntryPoint","urlTemplate":"https:\/\/www.csj-emballages.com\/de\/?s={search_term_string}"},"query-input":{"@type":"PropertyValueSpecification","valueRequired":true,"valueName":"search_term_string"}}],"inLanguage":"de"},{"@type":"Organization","@id":"https:\/\/www.csj-emballages.com\/de\/#Organization\/","name":"CSJ Emballages","url":"https:\/\/www.csj-emballages.com\/de\/","logo":{"@type":"ImageObject","inLanguage":"de","@id":"https:\/\/www.csj-emballages.com\/de\/#\/schema\/logo\/image\/","url":"https:\/\/www.csj-emballages.com\/wp-content\/uploads\/2023\/10\/logo_csj.webp","contentUrl":"https:\/\/www.csj-emballages.com\/wp-content\/uploads\/2023\/10\/logo_csj.webp","width":250,"height":95,"caption":"CSJ Emballages"},"image":{"@id":"https:\/\/www.csj-emballages.com\/de\/#\/schema\/logo\/image\/"},"sameAs":["https:\/\/www.facebook.com\/csjemballages"],"address":{"@type":"PostalAddress","streetAddress":"ZI La Lechere","addressLocality":"Patornay","postalCode":"39130","addressCountry":"FR"},"contactPoint":[{"@type":"ContactPoint","contactType":"Service client","telephone":"0384254272","email":"contact@csj-emballages.com"}]}]}},"df_price":1.62,"df_sale_price":"","df_regular_price":1.62,"df_image_link":"https:\/\/www.csj-emballages.com\/wp-content\/uploads\/2024\/03\/Essuies-mains-plies--300x300.webp","tiered_pricing_type":"fixed","tiered_pricing_fixed_rules":[],"tiered_pricing_percentage_rules":[],"tiered_pricing_minimum":1,"tiered_pricing_roles_data":[],"_links":{"self":[{"href":"https:\/\/www.csj-emballages.com\/de\/wp-json\/wp\/v2\/product\/20960","targetHints":{"allow":["GET"]}}],"collection":[{"href":"https:\/\/www.csj-emballages.com\/de\/wp-json\/wp\/v2\/product"}],"about":[{"href":"https:\/\/www.csj-emballages.com\/de\/wp-json\/wp\/v2\/types\/product"}],"wp:featuredmedia":[{"embeddable":true,"href":"https:\/\/www.csj-emballages.com\/de\/wp-json\/wp\/v2\/media\/263071"}],"wp:attachment":[{"href":"https:\/\/www.csj-emballages.com\/de\/wp-json\/wp\/v2\/media?parent=20960"}],"wp:term":[{"taxonomy":"product_brand","embeddable":true,"href":"https:\/\/www.csj-emballages.com\/de\/wp-json\/wp\/v2\/product_brand?post=20960"},{"taxonomy":"product_cat","embeddable":true,"href":"https:\/\/www.csj-emballages.com\/de\/wp-json\/wp\/v2\/product_cat?post=20960"},{"taxonomy":"product_tag","embeddable":true,"href":"https:\/\/www.csj-emballages.com\/de\/wp-json\/wp\/v2\/product_tag?post=20960"}],"curies":[{"name":"wp","href":"https:\/\/api.w.org\/{rel}","templated":true}]}}