{"id":20959,"date":"2024-03-01T16:54:23","date_gmt":"2024-03-01T15:54:23","guid":{"rendered":"https:\/\/u15jnbdpoq.preview.infomaniak.website\/produit\/5-melamin-zauberschwaemme-110-x-70-x-30-mm\/"},"modified":"2026-04-10T02:13:23","modified_gmt":"2026-04-10T00:13:23","slug":"5-melamin-zauberschwaemme-110-x-70-x-30-mm","status":"publish","type":"product","link":"https:\/\/www.csj-emballages.com\/de\/produit\/5-melamin-zauberschwaemme-110-x-70-x-30-mm\/","title":{"rendered":"Magischer Melaminschwamm 110 x 70 x 30 mm pro 5 St\u00fcck"},"content":{"rendered":"<h2>Schwamm<\/h2>\n<hr>\n<h3>Beschreibung unseres Melamin-Zauberschwamms 110 x 70 x 30 mm pro 5 St\u00fcck<\/h3>\n<p><!--more--><\/p>\n<div class=\"flex max-w-full flex-col flex-grow\">\n<div class=\"min-h-8 text-message flex w-full flex-col items-end gap-2 whitespace-normal break-words text-start [.text-message+&amp;]:mt-5\" dir=\"auto\" data-message-author-role=\"assistant\" data-message-id=\"266ca6f3-5e07-4948-bd20-80ac5e6da4a5\" data-message-model-slug=\"gpt-4o\">\n<div class=\"flex w-full flex-col gap-1 empty:hidden first:pt-[3px]\">\n<div class=\"markdown prose w-full break-words dark:prose-invert dark\">\n<p data-start=\"266\" data-end=\"715\">\u00c4u\u00dferlich schlicht, doch \u00e4u\u00dferst wirksam, \u00fcberrascht dieser <strong>magische Melaminschwamm<\/strong> bereits bei der ersten Anwendung. Komplizierte Chemikalien sind \u00fcberfl\u00fcssig: Ein wenig Wasser gen\u00fcgt, um hartn\u00e4ckige Alltagsspuren zu beseitigen. Flecken an W\u00e4nden, Schuhabdr\u00fccke, R\u00fcckst\u00e4nde an Schaltern, Verschmutzungen auf Kunststoffoberfl\u00e4chen\u2026 er wirkt dort, wo herk\u00f6mmliche Schw\u00e4mme schnell an ihre Grenzen sto\u00dfen.  <\/p>\n<p data-start=\"717\" data-end=\"1095\">Dank seiner <strong>Melamin<\/strong>-Struktur funktioniert der Schwamm wie ein ultrafeiner Radiergummi. Er haftet am Schmutz, l\u00f6st ihn und l\u00e4sst ihn sanft verschwinden. So reinigen Sie schneller und einfacher, ohne unn\u00f6tigen Aufwand. Sein Format von <strong data-start=\"953\" data-end=\"973\">110 x 70 x 30 mm<\/strong> bietet einen guten Halt, was eine pr\u00e4zise Reinigung auch in Ecken oder auf kleinen Fl\u00e4chen erm\u00f6glicht.   <\/p>\n<p data-start=\"1097\" data-end=\"1493\">Zudem ist das <strong data-start=\"1109\" data-end=\"1121\">5er-Set<\/strong> ideal f\u00fcr den regelm\u00e4\u00dfigen Gebrauch, sowohl zu Hause als auch im professionellen Umfeld. Sie k\u00f6nnen einen in der K\u00fcche, einen weiteren im Badezimmer aufbewahren und andere f\u00fcr technischere Anwendungen wie <strong>B\u00fcros, Werkst\u00e4tten oder Gesch\u00e4ftsr\u00e4ume<\/strong> reservieren. Und da er sich allm\u00e4hlich abnutzt, sehen Sie deutlich, wann es Zeit ist, ihn zu wechseln.  <\/p>\n<p data-start=\"1495\" data-end=\"1734\">Zusammenfassend vereinfacht dieser <strong>magische Schwamm<\/strong> die t\u00e4gliche Reinigung. Er spart Zeit, reduziert den Einsatz von Reinigungsmitteln und liefert ein sauberes Ergebnis, ganz ohne M\u00fche. Ein unauff\u00e4lliger, aber \u00e4u\u00dferst effektiver Helfer.  <\/p>\n<p data-start=\"1495\" data-end=\"1734\">\n<\/div>\n<\/div>\n<\/div>\n<\/div>\n<p><!--more--><\/p>\n<h4>Vorteile :<\/h4>\n<ul>\n<li>Entfernt hartn\u00e4ckige Flecken ohne Reinigungsmittel.<\/li>\n<li>Geeignet f\u00fcr diverse Oberfl\u00e4chen (W\u00e4nde, Kunststoffe, Edelstahl etc.).<\/li>\n<li>Funktioniert ausschlie\u00dflich mit Wasser.<\/li>\n<li>Anfeuchten, reiben, und die Magie wirkt!<\/li>\n<li>Ideale Abmessungen (110 x 70 x 30 mm) f\u00fcr guten Halt.<\/li>\n<\/ul>\n<p>&nbsp;<\/p>\n<p><!--more--><\/p>\n<h4>Weitere Informationen :<\/h4>\n<ul>\n<li><strong>Verpackung<\/strong>: Packung mit 5 St\u00fcck<\/li>\n<li><strong>Abmessungen<\/strong>: 110 x 70 x 30 mm<\/li>\n<li><strong>Material<\/strong>: Melamin<\/li>\n<li><strong>Farbe<\/strong>: Wei\u00df<\/li>\n<\/ul>\n<p>&nbsp;<\/p>\n<p><!--more--><\/p>\n<p>Finden Sie hier unsere 5 weiteren Schwammtypen: <span style=\"color: #d12727;\"><a style=\"color: #d12727;\" href=\"https:\/\/www.csj-emballages.com\/es\/produit\/10-sellos-azules-sobre-esponja-blanca-110-x-70-x-22-mm\/\">Blauer Hygiene-Schwamm<\/a><\/span> \/ <span style=\"color: #d12727;\"><a style=\"color: #d12727;\" href=\"https:\/\/www.csj-emballages.com\/es\/produit\/10-sellos-verdes-sobre-esponja-rubia-110-x-70-x-22-mm\/\">Gr\u00fcner Schwamm<\/a><\/span> \/ <span style=\"color: #d12727;\"><a style=\"color: #d12727;\" href=\"https:\/\/www.csj-emballages.com\/es\/produit\/10-bolas-espirales-de-acero-inoxidable-40-grs\/\">Edelstahlschwamm 40 g<\/a><\/span> \/ <span style=\"color: #d12727;\"><a style=\"color: #d12727;\" href=\"https:\/\/www.csj-emballages.com\/es\/produit\/10-bolas-espirales-de-acero-inoxidable-60-grs\/\">Edelstahlschwamm 60 g<\/a> <span style=\"color: #000000;\">\/<\/span> <a style=\"color: #d12727;\" href=\"https:\/\/www.csj-emballages.com\/produit\/10-eponge-non-bordees-n4\/\">Pflanzenschwamm<\/a><\/span><\/p>\n<p>&nbsp;<\/p>\n<p><!--more--><\/p>\n<p><a href=\"https:\/\/www.csj-emballages.com\/de\/categorie-produit\/hygiene-und-pflege\/schwamme-spultucher-kuchentucher\/schwamme-schleifmittel\/\">Sehen Sie sich den Rest unseres Schwamm-\/Schleifmittelangebots an.<\/a><\/p>\n","protected":false},"excerpt":{"rendered":"<p>Schwamm Beschreibung unseres Melamin-Zauberschwamms 110 x 70 x 30 mm pro 5 St\u00fcck<\/p>\n","protected":false},"featured_media":221817,"template":"","meta":{"_acf_changed":false},"product_brand":[],"product_cat":[1218,1423,2000],"product_tag":[],"class_list":{"0":"post-20959","1":"product","2":"type-product","3":"status-publish","4":"has-post-thumbnail","6":"product_cat-hygiene-und-pflege","7":"product_cat-schwamme-spultucher-kuchentucher","8":"product_cat-schwamme-schleifmittel","10":"first","11":"instock","12":"taxable","13":"shipping-taxable","14":"purchasable","15":"product-type-simple"},"acf":[],"yoast_head":"<!-- This site is optimized with the Yoast SEO Premium plugin v26.6 (Yoast SEO v26.6) - https:\/\/yoast.com\/wordpress\/plugins\/seo\/ -->\n<title>Melamin Zauberschwamm 110 x 70 x 30 mm pro 5 St\u00fcck<\/title>\n<meta name=\"description\" content=\"Entdecken Sie den Zauberschwamm aus Melamin (110 x 70 x 30 mm) f\u00fcr eine effektive Reinigung ohne Chemikalien. Ideal zum Entfernen von hartn\u00e4ckigen Flecken!\" \/>\n<meta name=\"robots\" content=\"index, follow, max-snippet:-1, max-image-preview:large, max-video-preview:-1\" \/>\n<link rel=\"canonical\" href=\"https:\/\/www.csj-emballages.com\/de\/produit\/5-melamin-zauberschwaemme-110-x-70-x-30-mm\/\" \/>\n<meta property=\"og:locale\" content=\"de_DE\" \/>\n<meta property=\"og:type\" content=\"article\" \/>\n<meta property=\"og:title\" content=\"Magischer Melaminschwamm 110 x 70 x 30 mm pro 5 St\u00fcck\" \/>\n<meta property=\"og:description\" content=\"Entdecken Sie den Zauberschwamm aus Melamin (110 x 70 x 30 mm) f\u00fcr eine effektive Reinigung ohne Chemikalien. Ideal zum Entfernen von hartn\u00e4ckigen Flecken!\" \/>\n<meta property=\"og:url\" content=\"https:\/\/www.csj-emballages.com\/de\/produit\/5-melamin-zauberschwaemme-110-x-70-x-30-mm\/\" \/>\n<meta property=\"og:site_name\" content=\"CSJ Emballages\" \/>\n<meta property=\"article:publisher\" content=\"https:\/\/www.facebook.com\/csjemballages\" \/>\n<meta property=\"article:modified_time\" content=\"2026-04-10T00:13:23+00:00\" \/>\n<meta property=\"og:image\" content=\"https:\/\/www.csj-emballages.com\/wp-content\/uploads\/2024\/03\/eponge-magique.webp\" \/>\n\t<meta property=\"og:image:width\" content=\"800\" \/>\n\t<meta property=\"og:image:height\" content=\"800\" \/>\n\t<meta property=\"og:image:type\" content=\"image\/webp\" \/>\n<meta name=\"twitter:card\" content=\"summary_large_image\" \/>\n<meta name=\"twitter:label1\" content=\"Gesch\u00e4tzte Lesezeit\" \/>\n\t<meta name=\"twitter:data1\" content=\"2 Minuten\" \/>\n<script type=\"application\/ld+json\" class=\"yoast-schema-graph\">{\"@context\":\"https:\/\/schema.org\",\"@graph\":[{\"@type\":\"WebPage\",\"@id\":\"https:\/\/www.csj-emballages.com\/de\/produit\/5-melamin-zauberschwaemme-110-x-70-x-30-mm\/\",\"url\":\"https:\/\/www.csj-emballages.com\/de\/produit\/5-melamin-zauberschwaemme-110-x-70-x-30-mm\/\",\"name\":\"Melamin Zauberschwamm 110 x 70 x 30 mm pro 5 St\u00fcck\",\"isPartOf\":{\"@id\":\"https:\/\/www.csj-emballages.com\/de\/#website\"},\"primaryImageOfPage\":{\"@id\":\"https:\/\/www.csj-emballages.com\/de\/produit\/5-melamin-zauberschwaemme-110-x-70-x-30-mm\/#primaryimage\"},\"image\":{\"@id\":\"https:\/\/www.csj-emballages.com\/de\/produit\/5-melamin-zauberschwaemme-110-x-70-x-30-mm\/#primaryimage\"},\"thumbnailUrl\":\"https:\/\/www.csj-emballages.com\/wp-content\/uploads\/2024\/03\/eponge-magique.webp\",\"datePublished\":\"2024-03-01T15:54:23+00:00\",\"dateModified\":\"2026-04-10T00:13:23+00:00\",\"description\":\"Entdecken Sie den Zauberschwamm aus Melamin (110 x 70 x 30 mm) f\u00fcr eine effektive Reinigung ohne Chemikalien. Ideal zum Entfernen von hartn\u00e4ckigen Flecken!\",\"breadcrumb\":{\"@id\":\"https:\/\/www.csj-emballages.com\/de\/produit\/5-melamin-zauberschwaemme-110-x-70-x-30-mm\/#breadcrumb\"},\"inLanguage\":\"de\",\"potentialAction\":[{\"@type\":\"ReadAction\",\"target\":[\"https:\/\/www.csj-emballages.com\/de\/produit\/5-melamin-zauberschwaemme-110-x-70-x-30-mm\/\"]}]},{\"@type\":\"ImageObject\",\"inLanguage\":\"de\",\"@id\":\"https:\/\/www.csj-emballages.com\/de\/produit\/5-melamin-zauberschwaemme-110-x-70-x-30-mm\/#primaryimage\",\"url\":\"https:\/\/www.csj-emballages.com\/wp-content\/uploads\/2024\/03\/eponge-magique.webp\",\"contentUrl\":\"https:\/\/www.csj-emballages.com\/wp-content\/uploads\/2024\/03\/eponge-magique.webp\",\"width\":800,\"height\":800,\"caption\":\"\u00c9ponge magique\"},{\"@type\":\"BreadcrumbList\",\"@id\":\"https:\/\/www.csj-emballages.com\/de\/produit\/5-melamin-zauberschwaemme-110-x-70-x-30-mm\/#breadcrumb\",\"itemListElement\":[{\"@type\":\"ListItem\",\"position\":1,\"name\":\"Accueil\",\"item\":\"https:\/\/www.csj-emballages.com\/de\/universum-lebensmittelverpackungen\/\"},{\"@type\":\"ListItem\",\"position\":2,\"name\":\"Shop\",\"item\":\"https:\/\/www.csj-emballages.com\/shop\/\"},{\"@type\":\"ListItem\",\"position\":3,\"name\":\"Magischer Melaminschwamm 110 x 70 x 30 mm pro 5 St\u00fcck\"}]},{\"@type\":\"WebSite\",\"@id\":\"https:\/\/www.csj-emballages.com\/de\/#website\",\"url\":\"https:\/\/www.csj-emballages.com\/de\/\",\"name\":\"CSJ Emballages\",\"description\":\"\",\"publisher\":{\"@id\":\"https:\/\/www.csj-emballages.com\/de\/#organization\"},\"potentialAction\":[{\"@type\":\"SearchAction\",\"target\":{\"@type\":\"EntryPoint\",\"urlTemplate\":\"https:\/\/www.csj-emballages.com\/de\/?s={search_term_string}\"},\"query-input\":{\"@type\":\"PropertyValueSpecification\",\"valueRequired\":true,\"valueName\":\"search_term_string\"}}],\"inLanguage\":\"de\"},{\"@type\":\"Organization\",\"@id\":\"https:\/\/www.csj-emballages.com\/de\/#Organization\/\",\"name\":\"CSJ Emballages\",\"url\":\"https:\/\/www.csj-emballages.com\/de\/\",\"logo\":{\"@type\":\"ImageObject\",\"inLanguage\":\"de\",\"@id\":\"https:\/\/www.csj-emballages.com\/de\/#\/schema\/logo\/image\/\",\"url\":\"https:\/\/www.csj-emballages.com\/wp-content\/uploads\/2023\/10\/logo_csj.webp\",\"contentUrl\":\"https:\/\/www.csj-emballages.com\/wp-content\/uploads\/2023\/10\/logo_csj.webp\",\"width\":250,\"height\":95,\"caption\":\"CSJ Emballages\"},\"image\":{\"@id\":\"https:\/\/www.csj-emballages.com\/de\/#\/schema\/logo\/image\/\"},\"sameAs\":[\"https:\/\/www.facebook.com\/csjemballages\"],\"address\":{\"@type\":\"PostalAddress\",\"streetAddress\":\"ZI La Lechere\",\"addressLocality\":\"Patornay\",\"postalCode\":\"39130\",\"addressCountry\":\"FR\"},\"contactPoint\":[{\"@type\":\"ContactPoint\",\"contactType\":\"Service client\",\"telephone\":\"0384254272\",\"email\":\"contact@csj-emballages.com\"}]}]}<\/script>\n<!-- \/ Yoast SEO Premium plugin. -->","yoast_head_json":{"title":"Melamin Zauberschwamm 110 x 70 x 30 mm pro 5 St\u00fcck","description":"Entdecken Sie den Zauberschwamm aus Melamin (110 x 70 x 30 mm) f\u00fcr eine effektive Reinigung ohne Chemikalien. Ideal zum Entfernen von hartn\u00e4ckigen Flecken!","robots":{"index":"index","follow":"follow","max-snippet":"max-snippet:-1","max-image-preview":"max-image-preview:large","max-video-preview":"max-video-preview:-1"},"canonical":"https:\/\/www.csj-emballages.com\/de\/produit\/5-melamin-zauberschwaemme-110-x-70-x-30-mm\/","og_locale":"de_DE","og_type":"article","og_title":"Magischer Melaminschwamm 110 x 70 x 30 mm pro 5 St\u00fcck","og_description":"Entdecken Sie den Zauberschwamm aus Melamin (110 x 70 x 30 mm) f\u00fcr eine effektive Reinigung ohne Chemikalien. Ideal zum Entfernen von hartn\u00e4ckigen Flecken!","og_url":"https:\/\/www.csj-emballages.com\/de\/produit\/5-melamin-zauberschwaemme-110-x-70-x-30-mm\/","og_site_name":"CSJ Emballages","article_publisher":"https:\/\/www.facebook.com\/csjemballages","article_modified_time":"2026-04-10T00:13:23+00:00","og_image":[{"width":800,"height":800,"url":"https:\/\/www.csj-emballages.com\/wp-content\/uploads\/2024\/03\/eponge-magique.webp","type":"image\/webp"}],"twitter_card":"summary_large_image","twitter_misc":{"Gesch\u00e4tzte Lesezeit":"2 Minuten"},"schema":{"@context":"https:\/\/schema.org","@graph":[{"@type":"WebPage","@id":"https:\/\/www.csj-emballages.com\/de\/produit\/5-melamin-zauberschwaemme-110-x-70-x-30-mm\/","url":"https:\/\/www.csj-emballages.com\/de\/produit\/5-melamin-zauberschwaemme-110-x-70-x-30-mm\/","name":"Melamin Zauberschwamm 110 x 70 x 30 mm pro 5 St\u00fcck","isPartOf":{"@id":"https:\/\/www.csj-emballages.com\/de\/#website"},"primaryImageOfPage":{"@id":"https:\/\/www.csj-emballages.com\/de\/produit\/5-melamin-zauberschwaemme-110-x-70-x-30-mm\/#primaryimage"},"image":{"@id":"https:\/\/www.csj-emballages.com\/de\/produit\/5-melamin-zauberschwaemme-110-x-70-x-30-mm\/#primaryimage"},"thumbnailUrl":"https:\/\/www.csj-emballages.com\/wp-content\/uploads\/2024\/03\/eponge-magique.webp","datePublished":"2024-03-01T15:54:23+00:00","dateModified":"2026-04-10T00:13:23+00:00","description":"Entdecken Sie den Zauberschwamm aus Melamin (110 x 70 x 30 mm) f\u00fcr eine effektive Reinigung ohne Chemikalien. Ideal zum Entfernen von hartn\u00e4ckigen Flecken!","breadcrumb":{"@id":"https:\/\/www.csj-emballages.com\/de\/produit\/5-melamin-zauberschwaemme-110-x-70-x-30-mm\/#breadcrumb"},"inLanguage":"de","potentialAction":[{"@type":"ReadAction","target":["https:\/\/www.csj-emballages.com\/de\/produit\/5-melamin-zauberschwaemme-110-x-70-x-30-mm\/"]}]},{"@type":"ImageObject","inLanguage":"de","@id":"https:\/\/www.csj-emballages.com\/de\/produit\/5-melamin-zauberschwaemme-110-x-70-x-30-mm\/#primaryimage","url":"https:\/\/www.csj-emballages.com\/wp-content\/uploads\/2024\/03\/eponge-magique.webp","contentUrl":"https:\/\/www.csj-emballages.com\/wp-content\/uploads\/2024\/03\/eponge-magique.webp","width":800,"height":800,"caption":"\u00c9ponge magique"},{"@type":"BreadcrumbList","@id":"https:\/\/www.csj-emballages.com\/de\/produit\/5-melamin-zauberschwaemme-110-x-70-x-30-mm\/#breadcrumb","itemListElement":[{"@type":"ListItem","position":1,"name":"Accueil","item":"https:\/\/www.csj-emballages.com\/de\/universum-lebensmittelverpackungen\/"},{"@type":"ListItem","position":2,"name":"Shop","item":"https:\/\/www.csj-emballages.com\/shop\/"},{"@type":"ListItem","position":3,"name":"Magischer Melaminschwamm 110 x 70 x 30 mm pro 5 St\u00fcck"}]},{"@type":"WebSite","@id":"https:\/\/www.csj-emballages.com\/de\/#website","url":"https:\/\/www.csj-emballages.com\/de\/","name":"CSJ Emballages","description":"","publisher":{"@id":"https:\/\/www.csj-emballages.com\/de\/#organization"},"potentialAction":[{"@type":"SearchAction","target":{"@type":"EntryPoint","urlTemplate":"https:\/\/www.csj-emballages.com\/de\/?s={search_term_string}"},"query-input":{"@type":"PropertyValueSpecification","valueRequired":true,"valueName":"search_term_string"}}],"inLanguage":"de"},{"@type":"Organization","@id":"https:\/\/www.csj-emballages.com\/de\/#Organization\/","name":"CSJ Emballages","url":"https:\/\/www.csj-emballages.com\/de\/","logo":{"@type":"ImageObject","inLanguage":"de","@id":"https:\/\/www.csj-emballages.com\/de\/#\/schema\/logo\/image\/","url":"https:\/\/www.csj-emballages.com\/wp-content\/uploads\/2023\/10\/logo_csj.webp","contentUrl":"https:\/\/www.csj-emballages.com\/wp-content\/uploads\/2023\/10\/logo_csj.webp","width":250,"height":95,"caption":"CSJ Emballages"},"image":{"@id":"https:\/\/www.csj-emballages.com\/de\/#\/schema\/logo\/image\/"},"sameAs":["https:\/\/www.facebook.com\/csjemballages"],"address":{"@type":"PostalAddress","streetAddress":"ZI La Lechere","addressLocality":"Patornay","postalCode":"39130","addressCountry":"FR"},"contactPoint":[{"@type":"ContactPoint","contactType":"Service client","telephone":"0384254272","email":"contact@csj-emballages.com"}]}]}},"df_price":3.2,"df_sale_price":"","df_regular_price":3.2,"df_image_link":"https:\/\/www.csj-emballages.com\/wp-content\/uploads\/2024\/03\/eponge-magique-300x300.webp","tiered_pricing_type":"fixed","tiered_pricing_fixed_rules":[],"tiered_pricing_percentage_rules":[],"tiered_pricing_minimum":1,"tiered_pricing_roles_data":[],"_links":{"self":[{"href":"https:\/\/www.csj-emballages.com\/de\/wp-json\/wp\/v2\/product\/20959","targetHints":{"allow":["GET"]}}],"collection":[{"href":"https:\/\/www.csj-emballages.com\/de\/wp-json\/wp\/v2\/product"}],"about":[{"href":"https:\/\/www.csj-emballages.com\/de\/wp-json\/wp\/v2\/types\/product"}],"wp:featuredmedia":[{"embeddable":true,"href":"https:\/\/www.csj-emballages.com\/de\/wp-json\/wp\/v2\/media\/221817"}],"wp:attachment":[{"href":"https:\/\/www.csj-emballages.com\/de\/wp-json\/wp\/v2\/media?parent=20959"}],"wp:term":[{"taxonomy":"product_brand","embeddable":true,"href":"https:\/\/www.csj-emballages.com\/de\/wp-json\/wp\/v2\/product_brand?post=20959"},{"taxonomy":"product_cat","embeddable":true,"href":"https:\/\/www.csj-emballages.com\/de\/wp-json\/wp\/v2\/product_cat?post=20959"},{"taxonomy":"product_tag","embeddable":true,"href":"https:\/\/www.csj-emballages.com\/de\/wp-json\/wp\/v2\/product_tag?post=20959"}],"curies":[{"name":"wp","href":"https:\/\/api.w.org\/{rel}","templated":true}]}}