{"id":20933,"date":"2024-03-01T16:54:24","date_gmt":"2024-03-01T15:54:24","guid":{"rendered":"https:\/\/u15jnbdpoq.preview.infomaniak.website\/produit\/10-spiralkugeln-aus-edelstahl-40-g\/"},"modified":"2026-04-27T11:01:28","modified_gmt":"2026-04-27T09:01:28","slug":"10-spiralkugeln-aus-edelstahl-40-g","status":"publish","type":"product","link":"https:\/\/www.csj-emballages.com\/de\/produit\/10-spiralkugeln-aus-edelstahl-40-g\/","title":{"rendered":"Edelstahlschwamm 40 g pro 10"},"content":{"rendered":"<h2>Edelstahlschwamm<\/h2>\n<hr>\n<h3>Beschreibung unseres Edelstahlschwamms 40 g pro 10 St\u00fcck<\/h3>\n<p><!--more--><\/p>\n<div class=\"flex max-w-full flex-col flex-grow\">\n<div class=\"min-h-8 text-message flex w-full flex-col items-end gap-2 whitespace-normal break-words text-start [.text-message+&amp;]:mt-5\" dir=\"auto\" data-message-author-role=\"assistant\" data-message-id=\"266ca6f3-5e07-4948-bd20-80ac5e6da4a5\" data-message-model-slug=\"gpt-4o\">\n<div class=\"flex w-full flex-col gap-1 empty:hidden first:pt-[3px]\">\n<div class=\"markdown prose w-full break-words dark:prose-invert dark\">\n<p data-start=\"241\" data-end=\"573\">Wenn ein einfacher Schwamm nicht mehr ausreicht, kommt der <strong>Edelstahlschwamm<\/strong> ins Spiel. Dieses <strong data-start=\"319\" data-end=\"327\">40 g<\/strong> Modell wurde f\u00fcr <strong>hartn\u00e4ckige Reinigungen<\/strong> entwickelt, wo Fett haftet und eingebrannte R\u00fcckst\u00e4nde sich nicht l\u00f6sen lassen. Dank seiner Struktur aus <strong>gewickelten Edelstahlf\u00e4den<\/strong> bek\u00e4mpft er Schmutz effektiv, ohne im Laufe der Nutzung an Wirksamkeit zu verlieren.  <\/p>\n<p data-start=\"575\" data-end=\"902\">Schon bei den ersten Anwendungen l\u00f6st er eingebrannte Reste von <strong>Grills, T\u00f6pfen, Kochfeldern oder widerstandsf\u00e4higen Arbeitsplatten<\/strong>. Im Gegensatz zu herk\u00f6mmlichen Schw\u00e4mmen, die schnell verschlei\u00dfen, beh\u00e4lt dieser seine Form und seine Scheuerkraft l\u00e4nger. Das Ergebnis: Sie reinigen schneller und mit weniger Aufwand.  <\/p>\n<p data-start=\"904\" data-end=\"1201\">Ihr kompaktes Format liegt gut in der Hand und erm\u00f6glicht eine komfortable t\u00e4gliche Nutzung. Sie ist vielseitig einsetzbar, sowohl in professionellen K\u00fcchen als auch im Haushalt, besonders f\u00fcr die intensive Reinigung. Da sie keine Ger\u00fcche annimmt, bleibt sie zudem l\u00e4nger hygienisch.  <\/p>\n<p data-start=\"1203\" data-end=\"1426\">Die Verpackung <strong data-start=\"1222\" data-end=\"1239\">im 10er-Pack<\/strong> ist ideal f\u00fcr Restaurants, Gro\u00dfk\u00fcchen, Werkst\u00e4tten oder Reinigungsunternehmen, die einen zuverl\u00e4ssigen und konstanten Vorrat ben\u00f6tigen. Sie vermeiden Engp\u00e4sse und verbessern Ihre Organisation. <\/p>\n<p data-start=\"1428\" data-end=\"1685\">Zusammenfassend l\u00e4sst sich sagen, dass dieser <strong>40 g Edelstahlschwamm<\/strong> genau das leistet, was man von ihm erwartet: Er reinigt gr\u00fcndlich, ist langlebig und vereinfacht die schwierigsten Aufgaben. Ein einfaches, aber \u00e4u\u00dferst effektives Werkzeug, um Oberfl\u00e4chen sauber zu halten, ohne stundenlang daf\u00fcr aufwenden zu m\u00fcssen. <\/p>\n<h3><\/h3>\n<\/div>\n<\/div>\n<\/div>\n<\/div>\n<p><!--more--><\/p>\n<h4>Vorteile :<\/h4>\n<ul>\n<li>Entfernt m\u00fchelos Fette und eingebrannte R\u00fcckst\u00e4nde.<\/li>\n<li>Feuchtigkeitsbest\u00e4ndig und rostet nicht.<\/li>\n<li>Geeignet f\u00fcr K\u00fcche, Gastronomie und industrielle Reinigung.<\/li>\n<li>Kann mehrfach wiederverwendet werden, ohne auszufransen.<\/li>\n<li>10er-Pack f\u00fcr l\u00e4ngeren Gebrauch<\/li>\n<\/ul>\n<p>&nbsp;<\/p>\n<p><!--more--><\/p>\n<h4>Weitere Informationen :<\/h4>\n<ul>\n<li><strong>Verpackung<\/strong>: Packung mit 10 St\u00fcck<\/li>\n<li><strong>Material<\/strong>: Edelstahl<\/li>\n<li><strong>Durchmesser <\/strong>: 60 mm<\/li>\n<li><strong>Gewicht<\/strong>: 40gr<\/li>\n<li><strong>Farbe<\/strong>: Grau<\/li>\n<\/ul>\n<p>&nbsp;<\/p>\n<p><!--more--><\/p>\n<p>Hier finden Sie unseren Edelstahlschwamm in 60gr: <span style=\"color: #d12727;\"><a style=\"color: #d12727;\" href=\"https:\/\/www.csj-emballages.com\/produit\/10-boules-spiral-inox-60-grs\/\">Edelstahlschwamm 60gr<\/a><\/span><\/p>\n<p>&nbsp;<\/p>\n<p><!--more--><\/p>\n<p><a href=\"https:\/\/www.csj-emballages.com\/de\/categorie-produit\/hygiene-und-pflege\/schwamme-spultucher-kuchentucher\/schwamme-schleifmittel\/\">Sehen Sie sich den Rest unseres Schwamm-\/Schleifmittelangebots an.<\/a><\/p>\n","protected":false},"excerpt":{"rendered":"<p>Edelstahlschwamm Beschreibung unseres Edelstahlschwamms 40 g pro 10 St\u00fcck<\/p>\n","protected":false},"featured_media":221765,"template":"","meta":{"_acf_changed":false},"product_brand":[],"product_cat":[1218,1423,2000],"product_tag":[],"class_list":{"0":"post-20933","1":"product","2":"type-product","3":"status-publish","4":"has-post-thumbnail","6":"product_cat-hygiene-und-pflege","7":"product_cat-schwamme-spultucher-kuchentucher","8":"product_cat-schwamme-schleifmittel","10":"first","11":"instock","12":"taxable","13":"shipping-taxable","14":"purchasable","15":"product-type-simple"},"acf":[],"yoast_head":"<!-- This site is optimized with the Yoast SEO Premium plugin v26.6 (Yoast SEO v26.6) - https:\/\/yoast.com\/wordpress\/plugins\/seo\/ -->\n<title>Edelstahlschwamm 40 g pro 10 St\u00fcck<\/title>\n<meta name=\"description\" content=\"Entscheiden Sie sich f\u00fcr den Edelstahlschwamm 40 g (10er-Pack), um verschmutzte Oberfl\u00e4chen kraftvoll und effektiv zu reinigen. Ideal f\u00fcr Berufst\u00e4tige und Privatpersonen.\" \/>\n<meta name=\"robots\" content=\"index, follow, max-snippet:-1, max-image-preview:large, max-video-preview:-1\" \/>\n<link rel=\"canonical\" href=\"https:\/\/www.csj-emballages.com\/de\/produit\/10-spiralkugeln-aus-edelstahl-40-g\/\" \/>\n<meta property=\"og:locale\" content=\"de_DE\" \/>\n<meta property=\"og:type\" content=\"article\" \/>\n<meta property=\"og:title\" content=\"Edelstahlschwamm 40 g pro 10\" \/>\n<meta property=\"og:description\" content=\"Entscheiden Sie sich f\u00fcr den Edelstahlschwamm 40 g (10er-Pack), um verschmutzte Oberfl\u00e4chen kraftvoll und effektiv zu reinigen. Ideal f\u00fcr Berufst\u00e4tige und Privatpersonen.\" \/>\n<meta property=\"og:url\" content=\"https:\/\/www.csj-emballages.com\/de\/produit\/10-spiralkugeln-aus-edelstahl-40-g\/\" \/>\n<meta property=\"og:site_name\" content=\"CSJ Emballages\" \/>\n<meta property=\"article:publisher\" content=\"https:\/\/www.facebook.com\/csjemballages\" \/>\n<meta property=\"article:modified_time\" content=\"2026-04-27T09:01:28+00:00\" \/>\n<meta property=\"og:image\" content=\"https:\/\/www.csj-emballages.com\/wp-content\/uploads\/2024\/03\/eponge-inox-40.webp\" \/>\n\t<meta property=\"og:image:width\" content=\"800\" \/>\n\t<meta property=\"og:image:height\" content=\"800\" \/>\n\t<meta property=\"og:image:type\" content=\"image\/webp\" \/>\n<meta name=\"twitter:card\" content=\"summary_large_image\" \/>\n<meta name=\"twitter:label1\" content=\"Gesch\u00e4tzte Lesezeit\" \/>\n\t<meta name=\"twitter:data1\" content=\"2 Minuten\" \/>\n<script type=\"application\/ld+json\" class=\"yoast-schema-graph\">{\"@context\":\"https:\/\/schema.org\",\"@graph\":[{\"@type\":\"WebPage\",\"@id\":\"https:\/\/www.csj-emballages.com\/de\/produit\/10-spiralkugeln-aus-edelstahl-40-g\/\",\"url\":\"https:\/\/www.csj-emballages.com\/de\/produit\/10-spiralkugeln-aus-edelstahl-40-g\/\",\"name\":\"Edelstahlschwamm 40 g pro 10 St\u00fcck\",\"isPartOf\":{\"@id\":\"https:\/\/www.csj-emballages.com\/de\/#website\"},\"primaryImageOfPage\":{\"@id\":\"https:\/\/www.csj-emballages.com\/de\/produit\/10-spiralkugeln-aus-edelstahl-40-g\/#primaryimage\"},\"image\":{\"@id\":\"https:\/\/www.csj-emballages.com\/de\/produit\/10-spiralkugeln-aus-edelstahl-40-g\/#primaryimage\"},\"thumbnailUrl\":\"https:\/\/www.csj-emballages.com\/wp-content\/uploads\/2024\/03\/eponge-inox-40.webp\",\"datePublished\":\"2024-03-01T15:54:24+00:00\",\"dateModified\":\"2026-04-27T09:01:28+00:00\",\"description\":\"Entscheiden Sie sich f\u00fcr den Edelstahlschwamm 40 g (10er-Pack), um verschmutzte Oberfl\u00e4chen kraftvoll und effektiv zu reinigen. Ideal f\u00fcr Berufst\u00e4tige und Privatpersonen.\",\"breadcrumb\":{\"@id\":\"https:\/\/www.csj-emballages.com\/de\/produit\/10-spiralkugeln-aus-edelstahl-40-g\/#breadcrumb\"},\"inLanguage\":\"de\",\"potentialAction\":[{\"@type\":\"ReadAction\",\"target\":[\"https:\/\/www.csj-emballages.com\/de\/produit\/10-spiralkugeln-aus-edelstahl-40-g\/\"]}]},{\"@type\":\"ImageObject\",\"inLanguage\":\"de\",\"@id\":\"https:\/\/www.csj-emballages.com\/de\/produit\/10-spiralkugeln-aus-edelstahl-40-g\/#primaryimage\",\"url\":\"https:\/\/www.csj-emballages.com\/wp-content\/uploads\/2024\/03\/eponge-inox-40.webp\",\"contentUrl\":\"https:\/\/www.csj-emballages.com\/wp-content\/uploads\/2024\/03\/eponge-inox-40.webp\",\"width\":800,\"height\":800,\"caption\":\"\u00c9ponge inox\"},{\"@type\":\"BreadcrumbList\",\"@id\":\"https:\/\/www.csj-emballages.com\/de\/produit\/10-spiralkugeln-aus-edelstahl-40-g\/#breadcrumb\",\"itemListElement\":[{\"@type\":\"ListItem\",\"position\":1,\"name\":\"Accueil\",\"item\":\"https:\/\/www.csj-emballages.com\/de\/universum-lebensmittelverpackungen\/\"},{\"@type\":\"ListItem\",\"position\":2,\"name\":\"Shop\",\"item\":\"https:\/\/www.csj-emballages.com\/shop\/\"},{\"@type\":\"ListItem\",\"position\":3,\"name\":\"Edelstahlschwamm 40 g pro 10\"}]},{\"@type\":\"WebSite\",\"@id\":\"https:\/\/www.csj-emballages.com\/de\/#website\",\"url\":\"https:\/\/www.csj-emballages.com\/de\/\",\"name\":\"CSJ Emballages\",\"description\":\"\",\"publisher\":{\"@id\":\"https:\/\/www.csj-emballages.com\/de\/#organization\"},\"potentialAction\":[{\"@type\":\"SearchAction\",\"target\":{\"@type\":\"EntryPoint\",\"urlTemplate\":\"https:\/\/www.csj-emballages.com\/de\/?s={search_term_string}\"},\"query-input\":{\"@type\":\"PropertyValueSpecification\",\"valueRequired\":true,\"valueName\":\"search_term_string\"}}],\"inLanguage\":\"de\"},{\"@type\":\"Organization\",\"@id\":\"https:\/\/www.csj-emballages.com\/de\/#Organization\/\",\"name\":\"CSJ Emballages\",\"url\":\"https:\/\/www.csj-emballages.com\/de\/\",\"logo\":{\"@type\":\"ImageObject\",\"inLanguage\":\"de\",\"@id\":\"https:\/\/www.csj-emballages.com\/de\/#\/schema\/logo\/image\/\",\"url\":\"https:\/\/www.csj-emballages.com\/wp-content\/uploads\/2023\/10\/logo_csj.webp\",\"contentUrl\":\"https:\/\/www.csj-emballages.com\/wp-content\/uploads\/2023\/10\/logo_csj.webp\",\"width\":250,\"height\":95,\"caption\":\"CSJ Emballages\"},\"image\":{\"@id\":\"https:\/\/www.csj-emballages.com\/de\/#\/schema\/logo\/image\/\"},\"sameAs\":[\"https:\/\/www.facebook.com\/csjemballages\"],\"address\":{\"@type\":\"PostalAddress\",\"streetAddress\":\"ZI La Lechere\",\"addressLocality\":\"Patornay\",\"postalCode\":\"39130\",\"addressCountry\":\"FR\"},\"contactPoint\":[{\"@type\":\"ContactPoint\",\"contactType\":\"Service client\",\"telephone\":\"0384254272\",\"email\":\"contact@csj-emballages.com\"}]}]}<\/script>\n<!-- \/ Yoast SEO Premium plugin. -->","yoast_head_json":{"title":"Edelstahlschwamm 40 g pro 10 St\u00fcck","description":"Entscheiden Sie sich f\u00fcr den Edelstahlschwamm 40 g (10er-Pack), um verschmutzte Oberfl\u00e4chen kraftvoll und effektiv zu reinigen. Ideal f\u00fcr Berufst\u00e4tige und Privatpersonen.","robots":{"index":"index","follow":"follow","max-snippet":"max-snippet:-1","max-image-preview":"max-image-preview:large","max-video-preview":"max-video-preview:-1"},"canonical":"https:\/\/www.csj-emballages.com\/de\/produit\/10-spiralkugeln-aus-edelstahl-40-g\/","og_locale":"de_DE","og_type":"article","og_title":"Edelstahlschwamm 40 g pro 10","og_description":"Entscheiden Sie sich f\u00fcr den Edelstahlschwamm 40 g (10er-Pack), um verschmutzte Oberfl\u00e4chen kraftvoll und effektiv zu reinigen. Ideal f\u00fcr Berufst\u00e4tige und Privatpersonen.","og_url":"https:\/\/www.csj-emballages.com\/de\/produit\/10-spiralkugeln-aus-edelstahl-40-g\/","og_site_name":"CSJ Emballages","article_publisher":"https:\/\/www.facebook.com\/csjemballages","article_modified_time":"2026-04-27T09:01:28+00:00","og_image":[{"width":800,"height":800,"url":"https:\/\/www.csj-emballages.com\/wp-content\/uploads\/2024\/03\/eponge-inox-40.webp","type":"image\/webp"}],"twitter_card":"summary_large_image","twitter_misc":{"Gesch\u00e4tzte Lesezeit":"2 Minuten"},"schema":{"@context":"https:\/\/schema.org","@graph":[{"@type":"WebPage","@id":"https:\/\/www.csj-emballages.com\/de\/produit\/10-spiralkugeln-aus-edelstahl-40-g\/","url":"https:\/\/www.csj-emballages.com\/de\/produit\/10-spiralkugeln-aus-edelstahl-40-g\/","name":"Edelstahlschwamm 40 g pro 10 St\u00fcck","isPartOf":{"@id":"https:\/\/www.csj-emballages.com\/de\/#website"},"primaryImageOfPage":{"@id":"https:\/\/www.csj-emballages.com\/de\/produit\/10-spiralkugeln-aus-edelstahl-40-g\/#primaryimage"},"image":{"@id":"https:\/\/www.csj-emballages.com\/de\/produit\/10-spiralkugeln-aus-edelstahl-40-g\/#primaryimage"},"thumbnailUrl":"https:\/\/www.csj-emballages.com\/wp-content\/uploads\/2024\/03\/eponge-inox-40.webp","datePublished":"2024-03-01T15:54:24+00:00","dateModified":"2026-04-27T09:01:28+00:00","description":"Entscheiden Sie sich f\u00fcr den Edelstahlschwamm 40 g (10er-Pack), um verschmutzte Oberfl\u00e4chen kraftvoll und effektiv zu reinigen. Ideal f\u00fcr Berufst\u00e4tige und Privatpersonen.","breadcrumb":{"@id":"https:\/\/www.csj-emballages.com\/de\/produit\/10-spiralkugeln-aus-edelstahl-40-g\/#breadcrumb"},"inLanguage":"de","potentialAction":[{"@type":"ReadAction","target":["https:\/\/www.csj-emballages.com\/de\/produit\/10-spiralkugeln-aus-edelstahl-40-g\/"]}]},{"@type":"ImageObject","inLanguage":"de","@id":"https:\/\/www.csj-emballages.com\/de\/produit\/10-spiralkugeln-aus-edelstahl-40-g\/#primaryimage","url":"https:\/\/www.csj-emballages.com\/wp-content\/uploads\/2024\/03\/eponge-inox-40.webp","contentUrl":"https:\/\/www.csj-emballages.com\/wp-content\/uploads\/2024\/03\/eponge-inox-40.webp","width":800,"height":800,"caption":"\u00c9ponge inox"},{"@type":"BreadcrumbList","@id":"https:\/\/www.csj-emballages.com\/de\/produit\/10-spiralkugeln-aus-edelstahl-40-g\/#breadcrumb","itemListElement":[{"@type":"ListItem","position":1,"name":"Accueil","item":"https:\/\/www.csj-emballages.com\/de\/universum-lebensmittelverpackungen\/"},{"@type":"ListItem","position":2,"name":"Shop","item":"https:\/\/www.csj-emballages.com\/shop\/"},{"@type":"ListItem","position":3,"name":"Edelstahlschwamm 40 g pro 10"}]},{"@type":"WebSite","@id":"https:\/\/www.csj-emballages.com\/de\/#website","url":"https:\/\/www.csj-emballages.com\/de\/","name":"CSJ Emballages","description":"","publisher":{"@id":"https:\/\/www.csj-emballages.com\/de\/#organization"},"potentialAction":[{"@type":"SearchAction","target":{"@type":"EntryPoint","urlTemplate":"https:\/\/www.csj-emballages.com\/de\/?s={search_term_string}"},"query-input":{"@type":"PropertyValueSpecification","valueRequired":true,"valueName":"search_term_string"}}],"inLanguage":"de"},{"@type":"Organization","@id":"https:\/\/www.csj-emballages.com\/de\/#Organization\/","name":"CSJ Emballages","url":"https:\/\/www.csj-emballages.com\/de\/","logo":{"@type":"ImageObject","inLanguage":"de","@id":"https:\/\/www.csj-emballages.com\/de\/#\/schema\/logo\/image\/","url":"https:\/\/www.csj-emballages.com\/wp-content\/uploads\/2023\/10\/logo_csj.webp","contentUrl":"https:\/\/www.csj-emballages.com\/wp-content\/uploads\/2023\/10\/logo_csj.webp","width":250,"height":95,"caption":"CSJ Emballages"},"image":{"@id":"https:\/\/www.csj-emballages.com\/de\/#\/schema\/logo\/image\/"},"sameAs":["https:\/\/www.facebook.com\/csjemballages"],"address":{"@type":"PostalAddress","streetAddress":"ZI La Lechere","addressLocality":"Patornay","postalCode":"39130","addressCountry":"FR"},"contactPoint":[{"@type":"ContactPoint","contactType":"Service client","telephone":"0384254272","email":"contact@csj-emballages.com"}]}]}},"df_price":4.27,"df_sale_price":"","df_regular_price":4.27,"df_image_link":"https:\/\/www.csj-emballages.com\/wp-content\/uploads\/2024\/03\/eponge-inox-40-300x300.webp","tiered_pricing_type":"fixed","tiered_pricing_fixed_rules":[],"tiered_pricing_percentage_rules":[],"tiered_pricing_minimum":1,"tiered_pricing_roles_data":[],"_links":{"self":[{"href":"https:\/\/www.csj-emballages.com\/de\/wp-json\/wp\/v2\/product\/20933","targetHints":{"allow":["GET"]}}],"collection":[{"href":"https:\/\/www.csj-emballages.com\/de\/wp-json\/wp\/v2\/product"}],"about":[{"href":"https:\/\/www.csj-emballages.com\/de\/wp-json\/wp\/v2\/types\/product"}],"wp:featuredmedia":[{"embeddable":true,"href":"https:\/\/www.csj-emballages.com\/de\/wp-json\/wp\/v2\/media\/221765"}],"wp:attachment":[{"href":"https:\/\/www.csj-emballages.com\/de\/wp-json\/wp\/v2\/media?parent=20933"}],"wp:term":[{"taxonomy":"product_brand","embeddable":true,"href":"https:\/\/www.csj-emballages.com\/de\/wp-json\/wp\/v2\/product_brand?post=20933"},{"taxonomy":"product_cat","embeddable":true,"href":"https:\/\/www.csj-emballages.com\/de\/wp-json\/wp\/v2\/product_cat?post=20933"},{"taxonomy":"product_tag","embeddable":true,"href":"https:\/\/www.csj-emballages.com\/de\/wp-json\/wp\/v2\/product_tag?post=20933"}],"curies":[{"name":"wp","href":"https:\/\/api.w.org\/{rel}","templated":true}]}}