{"id":20924,"date":"2024-03-01T16:53:34","date_gmt":"2024-03-01T15:53:34","guid":{"rendered":"https:\/\/u15jnbdpoq.preview.infomaniak.website\/produit\/mikrofaser-fransen-mit-klettverschluss-l-60cm\/"},"modified":"2026-03-31T02:14:26","modified_gmt":"2026-03-31T00:14:26","slug":"mikrofaser-fransen-mit-klettverschluss-l-60cm","status":"publish","type":"product","link":"https:\/\/www.csj-emballages.com\/de\/produit\/mikrofaser-fransen-mit-klettverschluss-l-60cm\/","title":{"rendered":"Mikrofaser-Fransen f\u00fcr Klettbesen Trapez 60 cm"},"content":{"rendered":"<h2>Mikrofaser-Fransen<\/h2>\n<hr>\n<h3>Beschreibung unserer Mikrofaser-Fransen f\u00fcr Klettbesen Trapez 60 cm<!--more--><\/h3>\n<div class=\"flex max-w-full flex-col flex-grow\">\n<div class=\"min-h-8 text-message flex w-full flex-col items-end gap-2 whitespace-normal break-words text-start [.text-message+&amp;]:mt-5\" dir=\"auto\" data-message-author-role=\"assistant\" data-message-id=\"266ca6f3-5e07-4948-bd20-80ac5e6da4a5\" data-message-model-slug=\"gpt-4o\">\n<div class=\"flex w-full flex-col gap-1 empty:hidden first:pt-[3px]\">\n<div class=\"markdown prose w-full break-words dark:prose-invert dark\">\n<p data-start=\"292\" data-end=\"694\">Wenn es um Reinigung geht, w\u00fcnscht man sich vor allem Effizienz&#8230; und Schnelligkeit. Dieser <strong data-start=\"377\" data-end=\"423\">Mikrofaser-Wischbezug f\u00fcr Trapezwischer 60 cm<\/strong> wurde genau daf\u00fcr entwickelt. Dank seiner gro\u00dfen Fl\u00e4che deckt er mehr Boden in einem einzigen Durchgang ab, was Zeit spart, ohne zus\u00e4tzlichen Aufwand zu erfordern. Ideal f\u00fcr <strong>gro\u00dfe Fl\u00e4chen, Flure, B\u00fcros oder stark frequentierte Gesch\u00e4ftsr\u00e4ume<\/strong>.   <\/p>\n<p data-start=\"696\" data-end=\"1092\">Die <strong>Mikrofaser<\/strong> nimmt <strong>Staub, feinen Schmutz und selbst hartn\u00e4ckigere Spuren<\/strong> m\u00fchelos auf. Im Gegensatz zu herk\u00f6mmlichen Wischbez\u00fcgen verschiebt sie den Schmutz nicht nur: Sie f\u00e4ngt ihn ein und h\u00e4lt ihn fest. Das Ergebnis: Der Boden ist sauberer, schneller und mit weniger Wischvorg\u00e4ngen. Ob Sie ihn trocken zum Staubwischen oder leicht feucht zum Reinigen verwenden, er passt sich problemlos an.   <\/p>\n<p data-start=\"1094\" data-end=\"1469\">Sein <strong data-start=\"1106\" data-end=\"1116\">Klettverschluss-System<\/strong> macht die Anbringung kinderleicht. Sie befestigen ihn in wenigen Sekunden an einem kompatiblen Trapezwischer, und wenn es Zeit ist, ihn zu wechseln oder zu waschen, l\u00e4sst er sich genauso leicht entfernen. Die <strong>integrierten Farbb\u00e4nder<\/strong> erm\u00f6glichen zudem eine bessere Organisation der Reinigung, insbesondere zur Unterscheidung von Bereichen und zur Vermeidung von Kreuzkontaminationen.  <\/p>\n<p data-start=\"1471\" data-end=\"1709\">Robust und widerstandsf\u00e4hig, h\u00e4lt dieser <strong>Wischbezug<\/strong> wiederholten W\u00e4schen stand, w\u00e4hrend er seine Saugkraft beh\u00e4lt. Er eignet sich hervorragend f\u00fcr Reinigungsfachkr\u00e4fte, aber auch f\u00fcr alle, die zuverl\u00e4ssiges Material f\u00fcr den regelm\u00e4\u00dfigen Gebrauch w\u00fcnschen. <\/p>\n<p data-start=\"1711\" data-end=\"1862\">Zusammenfassend ist dies ein praktischer, langlebiger und wirklich effektiver Wischbezug, der entwickelt wurde, um die Reinigung zu vereinfachen und gleichzeitig ein sauberes und ordentliches Ergebnis zu gew\u00e4hrleisten.<\/p>\n<h3><\/h3>\n<\/div>\n<\/div>\n<\/div>\n<\/div>\n<p><!--more--><\/p>\n<h4>Vorteile :<\/h4>\n<ul>\n<li data-start=\"1890\" data-end=\"1935\"><strong>Gro\u00dfes Format 60 cm<\/strong> f\u00fcr schnelle Reinigung.<\/li>\n<li data-start=\"1938\" data-end=\"1981\">Sehr saugf\u00e4hige und leistungsstarke Mikrofaser.<\/li>\n<li data-start=\"1984\" data-end=\"2018\">Einfache und schnelle <strong>Klettverschluss-Befestigung<\/strong>.<\/li>\n<li data-start=\"2021\" data-end=\"2049\">Trocken oder feucht verwendbar.<\/li>\n<li data-start=\"2052\" data-end=\"2084\">Best\u00e4ndig gegen wiederholtes Waschen.<\/li>\n<li data-start=\"2087\" data-end=\"2135\">Farbb\u00e4nder f\u00fcr bessere Organisation.<\/li>\n<\/ul>\n<p>&nbsp;<\/p>\n<p><!--more--><\/p>\n<h4>Weitere Informationen :<\/h4>\n<ul>\n<li><strong>Verpackung<\/strong>: Einzeln verkauft<\/li>\n<li><strong>L\u00e4nge<\/strong>: 60 cm<\/li>\n<li><b>Farbe: <\/b>Blau<\/li>\n<\/ul>\n<p>&nbsp;<\/p>\n<p><!--more--><\/p>\n<p><a href=\"https:\/\/www.csj-emballages.com\/de\/categorie-produit\/hygiene-und-pflege\/bursten-und-besen\/besen-burste-staubwedel\/klettverschluss-sortiment\/\">Sehen Sie sich den Rest unseres Klettverschluss-Sortiments an.<\/a><\/p>\n","protected":false},"excerpt":{"rendered":"<p>Mikrofaser-Fransen Beschreibung unserer Mikrofaser-Fransen f\u00fcr Klettbesen Trapez 60 cm<\/p>\n","protected":false},"featured_media":221450,"template":"","meta":{"_acf_changed":false},"product_brand":[],"product_cat":[1218,1449,1845,1977],"product_tag":[],"class_list":{"0":"post-20924","1":"product","2":"type-product","3":"status-publish","4":"has-post-thumbnail","6":"product_cat-hygiene-und-pflege","7":"product_cat-bursten-und-besen","8":"product_cat-besen-burste-staubwedel","9":"product_cat-klettverschluss-sortiment","11":"first","12":"instock","13":"taxable","14":"shipping-taxable","15":"purchasable","16":"product-type-simple"},"acf":[],"yoast_head":"<!-- This site is optimized with the Yoast SEO Premium plugin v26.6 (Yoast SEO v26.6) - https:\/\/yoast.com\/wordpress\/plugins\/seo\/ -->\n<title>Mikrofaser-Fransen f\u00fcr Trapezklettbesen 60 cm<\/title>\n<meta name=\"description\" content=\"Mikrofaser-Fransen f\u00fcr Klettbesen Trapez 60 cm. Perfekt f\u00fcr eine effektive Bodenreinigung, wiederverwendbar und mit verschiedenen Oberfl\u00e4chen kompatibel.\" \/>\n<meta name=\"robots\" content=\"index, follow, max-snippet:-1, max-image-preview:large, max-video-preview:-1\" \/>\n<link rel=\"canonical\" href=\"https:\/\/www.csj-emballages.com\/de\/produit\/mikrofaser-fransen-mit-klettverschluss-l-60cm\/\" \/>\n<meta property=\"og:locale\" content=\"de_DE\" \/>\n<meta property=\"og:type\" content=\"article\" \/>\n<meta property=\"og:title\" content=\"Mikrofaser-Fransen f\u00fcr Klettbesen Trapez 60 cm\" \/>\n<meta property=\"og:description\" content=\"Mikrofaser-Fransen f\u00fcr Klettbesen Trapez 60 cm. Perfekt f\u00fcr eine effektive Bodenreinigung, wiederverwendbar und mit verschiedenen Oberfl\u00e4chen kompatibel.\" \/>\n<meta property=\"og:url\" content=\"https:\/\/www.csj-emballages.com\/de\/produit\/mikrofaser-fransen-mit-klettverschluss-l-60cm\/\" \/>\n<meta property=\"og:site_name\" content=\"CSJ Emballages\" \/>\n<meta property=\"article:publisher\" content=\"https:\/\/www.facebook.com\/csjemballages\" \/>\n<meta property=\"article:modified_time\" content=\"2026-03-31T00:14:26+00:00\" \/>\n<meta property=\"og:image\" content=\"https:\/\/www.csj-emballages.com\/wp-content\/uploads\/2024\/03\/Franvelcro.webp\" \/>\n\t<meta property=\"og:image:width\" content=\"800\" \/>\n\t<meta property=\"og:image:height\" content=\"800\" \/>\n\t<meta property=\"og:image:type\" content=\"image\/webp\" \/>\n<meta name=\"twitter:card\" content=\"summary_large_image\" \/>\n<meta name=\"twitter:label1\" content=\"Gesch\u00e4tzte Lesezeit\" \/>\n\t<meta name=\"twitter:data1\" content=\"2 Minuten\" \/>\n<script type=\"application\/ld+json\" class=\"yoast-schema-graph\">{\"@context\":\"https:\/\/schema.org\",\"@graph\":[{\"@type\":\"WebPage\",\"@id\":\"https:\/\/www.csj-emballages.com\/de\/produit\/mikrofaser-fransen-mit-klettverschluss-l-60cm\/\",\"url\":\"https:\/\/www.csj-emballages.com\/de\/produit\/mikrofaser-fransen-mit-klettverschluss-l-60cm\/\",\"name\":\"Mikrofaser-Fransen f\u00fcr Trapezklettbesen 60 cm\",\"isPartOf\":{\"@id\":\"https:\/\/www.csj-emballages.com\/de\/#website\"},\"primaryImageOfPage\":{\"@id\":\"https:\/\/www.csj-emballages.com\/de\/produit\/mikrofaser-fransen-mit-klettverschluss-l-60cm\/#primaryimage\"},\"image\":{\"@id\":\"https:\/\/www.csj-emballages.com\/de\/produit\/mikrofaser-fransen-mit-klettverschluss-l-60cm\/#primaryimage\"},\"thumbnailUrl\":\"https:\/\/www.csj-emballages.com\/wp-content\/uploads\/2024\/03\/Franvelcro.webp\",\"datePublished\":\"2024-03-01T15:53:34+00:00\",\"dateModified\":\"2026-03-31T00:14:26+00:00\",\"description\":\"Mikrofaser-Fransen f\u00fcr Klettbesen Trapez 60 cm. Perfekt f\u00fcr eine effektive Bodenreinigung, wiederverwendbar und mit verschiedenen Oberfl\u00e4chen kompatibel.\",\"breadcrumb\":{\"@id\":\"https:\/\/www.csj-emballages.com\/de\/produit\/mikrofaser-fransen-mit-klettverschluss-l-60cm\/#breadcrumb\"},\"inLanguage\":\"de\",\"potentialAction\":[{\"@type\":\"ReadAction\",\"target\":[\"https:\/\/www.csj-emballages.com\/de\/produit\/mikrofaser-fransen-mit-klettverschluss-l-60cm\/\"]}]},{\"@type\":\"ImageObject\",\"inLanguage\":\"de\",\"@id\":\"https:\/\/www.csj-emballages.com\/de\/produit\/mikrofaser-fransen-mit-klettverschluss-l-60cm\/#primaryimage\",\"url\":\"https:\/\/www.csj-emballages.com\/wp-content\/uploads\/2024\/03\/Franvelcro.webp\",\"contentUrl\":\"https:\/\/www.csj-emballages.com\/wp-content\/uploads\/2024\/03\/Franvelcro.webp\",\"width\":800,\"height\":800,\"caption\":\"Frange microfibre\"},{\"@type\":\"BreadcrumbList\",\"@id\":\"https:\/\/www.csj-emballages.com\/de\/produit\/mikrofaser-fransen-mit-klettverschluss-l-60cm\/#breadcrumb\",\"itemListElement\":[{\"@type\":\"ListItem\",\"position\":1,\"name\":\"Accueil\",\"item\":\"https:\/\/www.csj-emballages.com\/de\/universum-lebensmittelverpackungen\/\"},{\"@type\":\"ListItem\",\"position\":2,\"name\":\"Shop\",\"item\":\"https:\/\/www.csj-emballages.com\/shop\/\"},{\"@type\":\"ListItem\",\"position\":3,\"name\":\"Mikrofaser-Fransen f\u00fcr Klettbesen Trapez 60 cm\"}]},{\"@type\":\"WebSite\",\"@id\":\"https:\/\/www.csj-emballages.com\/de\/#website\",\"url\":\"https:\/\/www.csj-emballages.com\/de\/\",\"name\":\"CSJ Emballages\",\"description\":\"\",\"publisher\":{\"@id\":\"https:\/\/www.csj-emballages.com\/de\/#organization\"},\"potentialAction\":[{\"@type\":\"SearchAction\",\"target\":{\"@type\":\"EntryPoint\",\"urlTemplate\":\"https:\/\/www.csj-emballages.com\/de\/?s={search_term_string}\"},\"query-input\":{\"@type\":\"PropertyValueSpecification\",\"valueRequired\":true,\"valueName\":\"search_term_string\"}}],\"inLanguage\":\"de\"},{\"@type\":\"Organization\",\"@id\":\"https:\/\/www.csj-emballages.com\/de\/#Organization\/\",\"name\":\"CSJ Emballages\",\"url\":\"https:\/\/www.csj-emballages.com\/de\/\",\"logo\":{\"@type\":\"ImageObject\",\"inLanguage\":\"de\",\"@id\":\"https:\/\/www.csj-emballages.com\/de\/#\/schema\/logo\/image\/\",\"url\":\"https:\/\/www.csj-emballages.com\/wp-content\/uploads\/2023\/10\/logo_csj.webp\",\"contentUrl\":\"https:\/\/www.csj-emballages.com\/wp-content\/uploads\/2023\/10\/logo_csj.webp\",\"width\":250,\"height\":95,\"caption\":\"CSJ Emballages\"},\"image\":{\"@id\":\"https:\/\/www.csj-emballages.com\/de\/#\/schema\/logo\/image\/\"},\"sameAs\":[\"https:\/\/www.facebook.com\/csjemballages\"],\"address\":{\"@type\":\"PostalAddress\",\"streetAddress\":\"ZI La Lechere\",\"addressLocality\":\"Patornay\",\"postalCode\":\"39130\",\"addressCountry\":\"FR\"},\"contactPoint\":[{\"@type\":\"ContactPoint\",\"contactType\":\"Service client\",\"telephone\":\"0384254272\",\"email\":\"contact@csj-emballages.com\"}]}]}<\/script>\n<!-- \/ Yoast SEO Premium plugin. -->","yoast_head_json":{"title":"Mikrofaser-Fransen f\u00fcr Trapezklettbesen 60 cm","description":"Mikrofaser-Fransen f\u00fcr Klettbesen Trapez 60 cm. Perfekt f\u00fcr eine effektive Bodenreinigung, wiederverwendbar und mit verschiedenen Oberfl\u00e4chen kompatibel.","robots":{"index":"index","follow":"follow","max-snippet":"max-snippet:-1","max-image-preview":"max-image-preview:large","max-video-preview":"max-video-preview:-1"},"canonical":"https:\/\/www.csj-emballages.com\/de\/produit\/mikrofaser-fransen-mit-klettverschluss-l-60cm\/","og_locale":"de_DE","og_type":"article","og_title":"Mikrofaser-Fransen f\u00fcr Klettbesen Trapez 60 cm","og_description":"Mikrofaser-Fransen f\u00fcr Klettbesen Trapez 60 cm. Perfekt f\u00fcr eine effektive Bodenreinigung, wiederverwendbar und mit verschiedenen Oberfl\u00e4chen kompatibel.","og_url":"https:\/\/www.csj-emballages.com\/de\/produit\/mikrofaser-fransen-mit-klettverschluss-l-60cm\/","og_site_name":"CSJ Emballages","article_publisher":"https:\/\/www.facebook.com\/csjemballages","article_modified_time":"2026-03-31T00:14:26+00:00","og_image":[{"width":800,"height":800,"url":"https:\/\/www.csj-emballages.com\/wp-content\/uploads\/2024\/03\/Franvelcro.webp","type":"image\/webp"}],"twitter_card":"summary_large_image","twitter_misc":{"Gesch\u00e4tzte Lesezeit":"2 Minuten"},"schema":{"@context":"https:\/\/schema.org","@graph":[{"@type":"WebPage","@id":"https:\/\/www.csj-emballages.com\/de\/produit\/mikrofaser-fransen-mit-klettverschluss-l-60cm\/","url":"https:\/\/www.csj-emballages.com\/de\/produit\/mikrofaser-fransen-mit-klettverschluss-l-60cm\/","name":"Mikrofaser-Fransen f\u00fcr Trapezklettbesen 60 cm","isPartOf":{"@id":"https:\/\/www.csj-emballages.com\/de\/#website"},"primaryImageOfPage":{"@id":"https:\/\/www.csj-emballages.com\/de\/produit\/mikrofaser-fransen-mit-klettverschluss-l-60cm\/#primaryimage"},"image":{"@id":"https:\/\/www.csj-emballages.com\/de\/produit\/mikrofaser-fransen-mit-klettverschluss-l-60cm\/#primaryimage"},"thumbnailUrl":"https:\/\/www.csj-emballages.com\/wp-content\/uploads\/2024\/03\/Franvelcro.webp","datePublished":"2024-03-01T15:53:34+00:00","dateModified":"2026-03-31T00:14:26+00:00","description":"Mikrofaser-Fransen f\u00fcr Klettbesen Trapez 60 cm. Perfekt f\u00fcr eine effektive Bodenreinigung, wiederverwendbar und mit verschiedenen Oberfl\u00e4chen kompatibel.","breadcrumb":{"@id":"https:\/\/www.csj-emballages.com\/de\/produit\/mikrofaser-fransen-mit-klettverschluss-l-60cm\/#breadcrumb"},"inLanguage":"de","potentialAction":[{"@type":"ReadAction","target":["https:\/\/www.csj-emballages.com\/de\/produit\/mikrofaser-fransen-mit-klettverschluss-l-60cm\/"]}]},{"@type":"ImageObject","inLanguage":"de","@id":"https:\/\/www.csj-emballages.com\/de\/produit\/mikrofaser-fransen-mit-klettverschluss-l-60cm\/#primaryimage","url":"https:\/\/www.csj-emballages.com\/wp-content\/uploads\/2024\/03\/Franvelcro.webp","contentUrl":"https:\/\/www.csj-emballages.com\/wp-content\/uploads\/2024\/03\/Franvelcro.webp","width":800,"height":800,"caption":"Frange microfibre"},{"@type":"BreadcrumbList","@id":"https:\/\/www.csj-emballages.com\/de\/produit\/mikrofaser-fransen-mit-klettverschluss-l-60cm\/#breadcrumb","itemListElement":[{"@type":"ListItem","position":1,"name":"Accueil","item":"https:\/\/www.csj-emballages.com\/de\/universum-lebensmittelverpackungen\/"},{"@type":"ListItem","position":2,"name":"Shop","item":"https:\/\/www.csj-emballages.com\/shop\/"},{"@type":"ListItem","position":3,"name":"Mikrofaser-Fransen f\u00fcr Klettbesen Trapez 60 cm"}]},{"@type":"WebSite","@id":"https:\/\/www.csj-emballages.com\/de\/#website","url":"https:\/\/www.csj-emballages.com\/de\/","name":"CSJ Emballages","description":"","publisher":{"@id":"https:\/\/www.csj-emballages.com\/de\/#organization"},"potentialAction":[{"@type":"SearchAction","target":{"@type":"EntryPoint","urlTemplate":"https:\/\/www.csj-emballages.com\/de\/?s={search_term_string}"},"query-input":{"@type":"PropertyValueSpecification","valueRequired":true,"valueName":"search_term_string"}}],"inLanguage":"de"},{"@type":"Organization","@id":"https:\/\/www.csj-emballages.com\/de\/#Organization\/","name":"CSJ Emballages","url":"https:\/\/www.csj-emballages.com\/de\/","logo":{"@type":"ImageObject","inLanguage":"de","@id":"https:\/\/www.csj-emballages.com\/de\/#\/schema\/logo\/image\/","url":"https:\/\/www.csj-emballages.com\/wp-content\/uploads\/2023\/10\/logo_csj.webp","contentUrl":"https:\/\/www.csj-emballages.com\/wp-content\/uploads\/2023\/10\/logo_csj.webp","width":250,"height":95,"caption":"CSJ Emballages"},"image":{"@id":"https:\/\/www.csj-emballages.com\/de\/#\/schema\/logo\/image\/"},"sameAs":["https:\/\/www.facebook.com\/csjemballages"],"address":{"@type":"PostalAddress","streetAddress":"ZI La Lechere","addressLocality":"Patornay","postalCode":"39130","addressCountry":"FR"},"contactPoint":[{"@type":"ContactPoint","contactType":"Service client","telephone":"0384254272","email":"contact@csj-emballages.com"}]}]}},"df_price":3.07,"df_sale_price":"","df_regular_price":3.07,"df_image_link":"https:\/\/www.csj-emballages.com\/wp-content\/uploads\/2024\/03\/Franvelcro-300x300.webp","tiered_pricing_type":"fixed","tiered_pricing_fixed_rules":[],"tiered_pricing_percentage_rules":[],"tiered_pricing_minimum":1,"tiered_pricing_roles_data":[],"_links":{"self":[{"href":"https:\/\/www.csj-emballages.com\/de\/wp-json\/wp\/v2\/product\/20924","targetHints":{"allow":["GET"]}}],"collection":[{"href":"https:\/\/www.csj-emballages.com\/de\/wp-json\/wp\/v2\/product"}],"about":[{"href":"https:\/\/www.csj-emballages.com\/de\/wp-json\/wp\/v2\/types\/product"}],"wp:featuredmedia":[{"embeddable":true,"href":"https:\/\/www.csj-emballages.com\/de\/wp-json\/wp\/v2\/media\/221450"}],"wp:attachment":[{"href":"https:\/\/www.csj-emballages.com\/de\/wp-json\/wp\/v2\/media?parent=20924"}],"wp:term":[{"taxonomy":"product_brand","embeddable":true,"href":"https:\/\/www.csj-emballages.com\/de\/wp-json\/wp\/v2\/product_brand?post=20924"},{"taxonomy":"product_cat","embeddable":true,"href":"https:\/\/www.csj-emballages.com\/de\/wp-json\/wp\/v2\/product_cat?post=20924"},{"taxonomy":"product_tag","embeddable":true,"href":"https:\/\/www.csj-emballages.com\/de\/wp-json\/wp\/v2\/product_tag?post=20924"}],"curies":[{"name":"wp","href":"https:\/\/api.w.org\/{rel}","templated":true}]}}