{"id":20907,"date":"2024-03-01T16:53:32","date_gmt":"2024-03-01T15:53:32","guid":{"rendered":"https:\/\/u15jnbdpoq.preview.infomaniak.website\/produit\/doppelwelliger-karton-galia-a10\/"},"modified":"2026-04-29T02:14:50","modified_gmt":"2026-04-29T00:14:50","slug":"doppelwelliger-karton-galia-a10","status":"publish","type":"product","link":"https:\/\/www.csj-emballages.com\/de\/produit\/doppelwelliger-karton-galia-a10\/","title":{"rendered":"Galia Doppelwellkarton A10"},"content":{"rendered":"<h2 class=\"p1\">Galia Karton<\/h2>\n<hr>\n<h3>Beschreibung unseres Galia Doppelwellkartons A10<\/h3>\n<p><!--more--><\/p>\n<p data-start=\"31\" data-end=\"476\">Der <strong>Galia Doppelwellkarton A10<\/strong> wurde entwickelt, um den Anforderungen von Fachleuten aus Transport, Lagerung und Logistik gerecht zu werden. Robust und widerstandsf\u00e4hig bietet er optimalen Schutz f\u00fcr Ihre Waren, selbst die empfindlichsten. Dank seiner <strong data-start=\"294\" data-end=\"314\">Doppelwelle<\/strong> gew\u00e4hrleistet er eine ausgezeichnete Best\u00e4ndigkeit gegen St\u00f6\u00dfe, Kompressionen und Temperaturschwankungen und sorgt so f\u00fcr erh\u00f6hte Sicherheit beim Versand.  <\/p>\n<p data-start=\"478\" data-end=\"867\">Dieser <strong>zweiwellige Karton<\/strong> entspricht den <strong data-start=\"512\" data-end=\"521\">Galia-Normen<\/strong>, einem anerkannten Standard in der Automobil- und Industriebranche, der die Kompatibilit\u00e4t mit Lieferketten gew\u00e4hrleistet und die Organisation von Transport und Lagerung erleichtert. Sein optimiertes Design erm\u00f6glicht eine schnelle Montage und effizientes Stapeln, wodurch der Platzbedarf verringert und Ihr Lagerraum optimiert wird. Ebenso steht die Abk\u00fcrzung <strong>GALIA<\/strong> f\u00fcr &#8222;Groupement pour l&#8217;Am\u00e9lioration des Liaisons dans l&#8217;Industrie Automobile&#8220; und fasst alle branchenspezifischen Normen zusammen, die f\u00fcr Kartonverpackungen gelten.  <\/p>\n<p data-start=\"869\" data-end=\"1068\">Zusammenfassend l\u00e4sst sich sagen, dass der Karton <strong data-start=\"1013\" data-end=\"1026\">Galia A10<\/strong> eine zuverl\u00e4ssige und leistungsstarke L\u00f6sung ist, egal ob Sie ein Logistikprofi, ein Einzelh\u00e4ndler oder ein Unternehmen sind, das Produkte sicher versenden m\u00f6chte.<\/p>\n<h3 data-start=\"1070\" data-end=\"1098\"><\/h3>\n<p><!--more--><\/p>\n<h4>Vorteile :<\/h4>\n<ul>\n<li data-start=\"1063\" data-end=\"1163\"><strong>Doppelwelle<\/strong> f\u00fcr erh\u00f6hte Stabilit\u00e4t.<\/li>\n<li data-start=\"1164\" data-end=\"1241\">Ideal f\u00fcr zerbrechliche oder schwere Produkte.<\/li>\n<li data-start=\"1328\" data-end=\"1424\">Schneller Aufbau und optimierte Stapelbarkeit.<\/li>\n<li data-start=\"1425\" data-end=\"1500\">Perfekt angepasst an die logistischen Anforderungen von Profis.<\/li>\n<li data-start=\"1425\" data-end=\"1500\">Recycelbarer und umweltfreundlicher Karton.<\/li>\n<\/ul>\n<p>&nbsp;<\/p>\n<p><!--more--><\/p>\n<h4>Weitere Informationen :<\/h4>\n<ul>\n<li><strong>Verpackung<\/strong>: Einzeln verkauft<\/li>\n<li><strong>Abmessungen<\/strong>: 600 x 400 x 250 ( L x B x H in mm)<\/li>\n<li><strong>Typ<\/strong>: Galia<\/li>\n<li><strong>Widerstand<\/strong>: Doppelkeilwelle<\/li>\n<li><strong>Modell<\/strong>: A10<\/li>\n<li><strong>Form<\/strong>: Rechteckig<\/li>\n<li><strong>Material<\/strong>: Karton<\/li>\n<\/ul>\n<p>&nbsp;<\/p>\n<p><!--more--><\/p>\n<p>Dieses Produkt ist in verschiedenen Gr\u00f6\u00dfen erh\u00e4ltlich :<span style=\"color: #d12727;\"> <a style=\"color: #d12727;\" href=\"https:\/\/www.csj-emballages.com\/produit\/carton-caisse-doubles-cannelures-galia-a11\/\">Galia11<\/a> <span style=\"color: #000000;\">\/<\/span> <a style=\"color: #d12727;\" href=\"https:\/\/www.csj-emballages.com\/de\/produit\/doppelwelliger-karton-galia-a12\/\">Galia12<\/a> <span style=\"color: #000000;\">\/<\/span> <a style=\"color: #d12727;\" href=\"https:\/\/www.csj-emballages.com\/de\/produit\/doppelwelliger-karton-galia-a13\/\">Galia13<\/a> <span style=\"color: #000000;\">\/<\/span> <a style=\"color: #d12727;\" href=\"https:\/\/www.csj-emballages.com\/produit\/carton-caisses-doubles-cannelures-galia-a14\/\">Galia14<\/a> <span style=\"color: #000000;\">\/<\/span> <a style=\"color: #d12727;\" href=\"https:\/\/www.csj-emballages.com\/de\/produit\/doppelwelliger-karton-galia-a15\/\">Galia15<\/a> <span style=\"color: #000000;\">\/<\/span> <a style=\"color: #d12727;\" href=\"https:\/\/www.csj-emballages.com\/de\/produit\/doppelwelliger-karton-galia-a16\/\">Galia16<\/a><\/span><\/p>\n<p>&nbsp;<\/p>\n<p><!--more--><\/p>\n<p><a href=\"https:\/\/www.csj-emballages.com\/de\/categorie-produit\/industrielle-verpackungen\/kartons\/galia-karton\/\">Sehen Sie sich den Rest unseres Sortiments an Galia-Kistenkartons an.<\/a><\/p>\n","protected":false},"excerpt":{"rendered":"<p>Galia Karton Beschreibung unseres Galia Doppelwellkartons A10<\/p>\n","protected":false},"featured_media":263292,"template":"","meta":{"_acf_changed":false},"product_brand":[],"product_cat":[1137,2677,2679],"product_tag":[],"class_list":{"0":"post-20907","1":"product","2":"type-product","3":"status-publish","4":"has-post-thumbnail","6":"product_cat-lebensmittelverpackungen","7":"product_cat-kartons","8":"product_cat-galia-karton","9":"product_shipping_class-verboten-in-staffeln","11":"first","12":"instock","13":"taxable","14":"shipping-taxable","15":"purchasable","16":"product-type-simple"},"acf":[],"yoast_head":"<!-- This site is optimized with the Yoast SEO Premium plugin v26.6 (Yoast SEO v26.6) - https:\/\/yoast.com\/wordpress\/plugins\/seo\/ -->\n<title>Galia Doppelwellkarton A10<\/title>\n<meta name=\"description\" content=\"Zweiwelliger Galia A10-Kistenkarton, widerstandsf\u00e4hig und ideal f\u00fcr den Transport und die sichere Lagerung Ihrer Waren. Entspricht den Galia-Normen.\" \/>\n<meta name=\"robots\" content=\"index, follow, max-snippet:-1, max-image-preview:large, max-video-preview:-1\" \/>\n<link rel=\"canonical\" href=\"https:\/\/www.csj-emballages.com\/de\/produit\/doppelwelliger-karton-galia-a10\/\" \/>\n<meta property=\"og:locale\" content=\"de_DE\" \/>\n<meta property=\"og:type\" content=\"article\" \/>\n<meta property=\"og:title\" content=\"Galia Doppelwellkarton A10\" \/>\n<meta property=\"og:description\" content=\"Zweiwelliger Galia A10-Kistenkarton, widerstandsf\u00e4hig und ideal f\u00fcr den Transport und die sichere Lagerung Ihrer Waren. Entspricht den Galia-Normen.\" \/>\n<meta property=\"og:url\" content=\"https:\/\/www.csj-emballages.com\/de\/produit\/doppelwelliger-karton-galia-a10\/\" \/>\n<meta property=\"og:site_name\" content=\"CSJ Emballages\" \/>\n<meta property=\"article:publisher\" content=\"https:\/\/www.facebook.com\/csjemballages\" \/>\n<meta property=\"article:modified_time\" content=\"2026-04-29T00:14:50+00:00\" \/>\n<meta property=\"og:image\" content=\"https:\/\/www.csj-emballages.com\/wp-content\/uploads\/2024\/03\/Carton-caisse-galia-A10.webp\" \/>\n\t<meta property=\"og:image:width\" content=\"800\" \/>\n\t<meta property=\"og:image:height\" content=\"800\" \/>\n\t<meta property=\"og:image:type\" content=\"image\/webp\" \/>\n<meta name=\"twitter:card\" content=\"summary_large_image\" \/>\n<meta name=\"twitter:label1\" content=\"Gesch\u00e4tzte Lesezeit\" \/>\n\t<meta name=\"twitter:data1\" content=\"1\u00a0Minute\" \/>\n<script type=\"application\/ld+json\" class=\"yoast-schema-graph\">{\"@context\":\"https:\/\/schema.org\",\"@graph\":[{\"@type\":\"WebPage\",\"@id\":\"https:\/\/www.csj-emballages.com\/de\/produit\/doppelwelliger-karton-galia-a10\/\",\"url\":\"https:\/\/www.csj-emballages.com\/de\/produit\/doppelwelliger-karton-galia-a10\/\",\"name\":\"Galia Doppelwellkarton A10\",\"isPartOf\":{\"@id\":\"https:\/\/www.csj-emballages.com\/de\/#website\"},\"primaryImageOfPage\":{\"@id\":\"https:\/\/www.csj-emballages.com\/de\/produit\/doppelwelliger-karton-galia-a10\/#primaryimage\"},\"image\":{\"@id\":\"https:\/\/www.csj-emballages.com\/de\/produit\/doppelwelliger-karton-galia-a10\/#primaryimage\"},\"thumbnailUrl\":\"https:\/\/www.csj-emballages.com\/wp-content\/uploads\/2024\/03\/Carton-caisse-galia-A10.webp\",\"datePublished\":\"2024-03-01T15:53:32+00:00\",\"dateModified\":\"2026-04-29T00:14:50+00:00\",\"description\":\"Zweiwelliger Galia A10-Kistenkarton, widerstandsf\u00e4hig und ideal f\u00fcr den Transport und die sichere Lagerung Ihrer Waren. Entspricht den Galia-Normen.\",\"breadcrumb\":{\"@id\":\"https:\/\/www.csj-emballages.com\/de\/produit\/doppelwelliger-karton-galia-a10\/#breadcrumb\"},\"inLanguage\":\"de\",\"potentialAction\":[{\"@type\":\"ReadAction\",\"target\":[\"https:\/\/www.csj-emballages.com\/de\/produit\/doppelwelliger-karton-galia-a10\/\"]}]},{\"@type\":\"ImageObject\",\"inLanguage\":\"de\",\"@id\":\"https:\/\/www.csj-emballages.com\/de\/produit\/doppelwelliger-karton-galia-a10\/#primaryimage\",\"url\":\"https:\/\/www.csj-emballages.com\/wp-content\/uploads\/2024\/03\/Carton-caisse-galia-A10.webp\",\"contentUrl\":\"https:\/\/www.csj-emballages.com\/wp-content\/uploads\/2024\/03\/Carton-caisse-galia-A10.webp\",\"width\":800,\"height\":800,\"caption\":\"Caisse carton galia\"},{\"@type\":\"BreadcrumbList\",\"@id\":\"https:\/\/www.csj-emballages.com\/de\/produit\/doppelwelliger-karton-galia-a10\/#breadcrumb\",\"itemListElement\":[{\"@type\":\"ListItem\",\"position\":1,\"name\":\"Accueil\",\"item\":\"https:\/\/www.csj-emballages.com\/de\/universum-lebensmittelverpackungen\/\"},{\"@type\":\"ListItem\",\"position\":2,\"name\":\"Shop\",\"item\":\"https:\/\/www.csj-emballages.com\/shop\/\"},{\"@type\":\"ListItem\",\"position\":3,\"name\":\"Galia Doppelwellkarton A10\"}]},{\"@type\":\"WebSite\",\"@id\":\"https:\/\/www.csj-emballages.com\/de\/#website\",\"url\":\"https:\/\/www.csj-emballages.com\/de\/\",\"name\":\"CSJ Emballages\",\"description\":\"\",\"publisher\":{\"@id\":\"https:\/\/www.csj-emballages.com\/de\/#organization\"},\"potentialAction\":[{\"@type\":\"SearchAction\",\"target\":{\"@type\":\"EntryPoint\",\"urlTemplate\":\"https:\/\/www.csj-emballages.com\/de\/?s={search_term_string}\"},\"query-input\":{\"@type\":\"PropertyValueSpecification\",\"valueRequired\":true,\"valueName\":\"search_term_string\"}}],\"inLanguage\":\"de\"},{\"@type\":\"Organization\",\"@id\":\"https:\/\/www.csj-emballages.com\/de\/#Organization\/\",\"name\":\"CSJ Emballages\",\"url\":\"https:\/\/www.csj-emballages.com\/de\/\",\"logo\":{\"@type\":\"ImageObject\",\"inLanguage\":\"de\",\"@id\":\"https:\/\/www.csj-emballages.com\/de\/#\/schema\/logo\/image\/\",\"url\":\"https:\/\/www.csj-emballages.com\/wp-content\/uploads\/2023\/10\/logo_csj.webp\",\"contentUrl\":\"https:\/\/www.csj-emballages.com\/wp-content\/uploads\/2023\/10\/logo_csj.webp\",\"width\":250,\"height\":95,\"caption\":\"CSJ Emballages\"},\"image\":{\"@id\":\"https:\/\/www.csj-emballages.com\/de\/#\/schema\/logo\/image\/\"},\"sameAs\":[\"https:\/\/www.facebook.com\/csjemballages\"],\"address\":{\"@type\":\"PostalAddress\",\"streetAddress\":\"ZI La Lechere\",\"addressLocality\":\"Patornay\",\"postalCode\":\"39130\",\"addressCountry\":\"FR\"},\"contactPoint\":[{\"@type\":\"ContactPoint\",\"contactType\":\"Service client\",\"telephone\":\"0384254272\",\"email\":\"contact@csj-emballages.com\"}]}]}<\/script>\n<!-- \/ Yoast SEO Premium plugin. -->","yoast_head_json":{"title":"Galia Doppelwellkarton A10","description":"Zweiwelliger Galia A10-Kistenkarton, widerstandsf\u00e4hig und ideal f\u00fcr den Transport und die sichere Lagerung Ihrer Waren. Entspricht den Galia-Normen.","robots":{"index":"index","follow":"follow","max-snippet":"max-snippet:-1","max-image-preview":"max-image-preview:large","max-video-preview":"max-video-preview:-1"},"canonical":"https:\/\/www.csj-emballages.com\/de\/produit\/doppelwelliger-karton-galia-a10\/","og_locale":"de_DE","og_type":"article","og_title":"Galia Doppelwellkarton A10","og_description":"Zweiwelliger Galia A10-Kistenkarton, widerstandsf\u00e4hig und ideal f\u00fcr den Transport und die sichere Lagerung Ihrer Waren. Entspricht den Galia-Normen.","og_url":"https:\/\/www.csj-emballages.com\/de\/produit\/doppelwelliger-karton-galia-a10\/","og_site_name":"CSJ Emballages","article_publisher":"https:\/\/www.facebook.com\/csjemballages","article_modified_time":"2026-04-29T00:14:50+00:00","og_image":[{"width":800,"height":800,"url":"https:\/\/www.csj-emballages.com\/wp-content\/uploads\/2024\/03\/Carton-caisse-galia-A10.webp","type":"image\/webp"}],"twitter_card":"summary_large_image","twitter_misc":{"Gesch\u00e4tzte Lesezeit":"1\u00a0Minute"},"schema":{"@context":"https:\/\/schema.org","@graph":[{"@type":"WebPage","@id":"https:\/\/www.csj-emballages.com\/de\/produit\/doppelwelliger-karton-galia-a10\/","url":"https:\/\/www.csj-emballages.com\/de\/produit\/doppelwelliger-karton-galia-a10\/","name":"Galia Doppelwellkarton A10","isPartOf":{"@id":"https:\/\/www.csj-emballages.com\/de\/#website"},"primaryImageOfPage":{"@id":"https:\/\/www.csj-emballages.com\/de\/produit\/doppelwelliger-karton-galia-a10\/#primaryimage"},"image":{"@id":"https:\/\/www.csj-emballages.com\/de\/produit\/doppelwelliger-karton-galia-a10\/#primaryimage"},"thumbnailUrl":"https:\/\/www.csj-emballages.com\/wp-content\/uploads\/2024\/03\/Carton-caisse-galia-A10.webp","datePublished":"2024-03-01T15:53:32+00:00","dateModified":"2026-04-29T00:14:50+00:00","description":"Zweiwelliger Galia A10-Kistenkarton, widerstandsf\u00e4hig und ideal f\u00fcr den Transport und die sichere Lagerung Ihrer Waren. Entspricht den Galia-Normen.","breadcrumb":{"@id":"https:\/\/www.csj-emballages.com\/de\/produit\/doppelwelliger-karton-galia-a10\/#breadcrumb"},"inLanguage":"de","potentialAction":[{"@type":"ReadAction","target":["https:\/\/www.csj-emballages.com\/de\/produit\/doppelwelliger-karton-galia-a10\/"]}]},{"@type":"ImageObject","inLanguage":"de","@id":"https:\/\/www.csj-emballages.com\/de\/produit\/doppelwelliger-karton-galia-a10\/#primaryimage","url":"https:\/\/www.csj-emballages.com\/wp-content\/uploads\/2024\/03\/Carton-caisse-galia-A10.webp","contentUrl":"https:\/\/www.csj-emballages.com\/wp-content\/uploads\/2024\/03\/Carton-caisse-galia-A10.webp","width":800,"height":800,"caption":"Caisse carton galia"},{"@type":"BreadcrumbList","@id":"https:\/\/www.csj-emballages.com\/de\/produit\/doppelwelliger-karton-galia-a10\/#breadcrumb","itemListElement":[{"@type":"ListItem","position":1,"name":"Accueil","item":"https:\/\/www.csj-emballages.com\/de\/universum-lebensmittelverpackungen\/"},{"@type":"ListItem","position":2,"name":"Shop","item":"https:\/\/www.csj-emballages.com\/shop\/"},{"@type":"ListItem","position":3,"name":"Galia Doppelwellkarton A10"}]},{"@type":"WebSite","@id":"https:\/\/www.csj-emballages.com\/de\/#website","url":"https:\/\/www.csj-emballages.com\/de\/","name":"CSJ Emballages","description":"","publisher":{"@id":"https:\/\/www.csj-emballages.com\/de\/#organization"},"potentialAction":[{"@type":"SearchAction","target":{"@type":"EntryPoint","urlTemplate":"https:\/\/www.csj-emballages.com\/de\/?s={search_term_string}"},"query-input":{"@type":"PropertyValueSpecification","valueRequired":true,"valueName":"search_term_string"}}],"inLanguage":"de"},{"@type":"Organization","@id":"https:\/\/www.csj-emballages.com\/de\/#Organization\/","name":"CSJ Emballages","url":"https:\/\/www.csj-emballages.com\/de\/","logo":{"@type":"ImageObject","inLanguage":"de","@id":"https:\/\/www.csj-emballages.com\/de\/#\/schema\/logo\/image\/","url":"https:\/\/www.csj-emballages.com\/wp-content\/uploads\/2023\/10\/logo_csj.webp","contentUrl":"https:\/\/www.csj-emballages.com\/wp-content\/uploads\/2023\/10\/logo_csj.webp","width":250,"height":95,"caption":"CSJ Emballages"},"image":{"@id":"https:\/\/www.csj-emballages.com\/de\/#\/schema\/logo\/image\/"},"sameAs":["https:\/\/www.facebook.com\/csjemballages"],"address":{"@type":"PostalAddress","streetAddress":"ZI La Lechere","addressLocality":"Patornay","postalCode":"39130","addressCountry":"FR"},"contactPoint":[{"@type":"ContactPoint","contactType":"Service client","telephone":"0384254272","email":"contact@csj-emballages.com"}]}]}},"df_price":1.94,"df_sale_price":"","df_regular_price":1.94,"df_image_link":"https:\/\/www.csj-emballages.com\/wp-content\/uploads\/2024\/03\/Carton-caisse-galia-A10-300x300.webp","tiered_pricing_type":"fixed","tiered_pricing_fixed_rules":[],"tiered_pricing_percentage_rules":[],"tiered_pricing_minimum":1,"tiered_pricing_roles_data":[],"_links":{"self":[{"href":"https:\/\/www.csj-emballages.com\/de\/wp-json\/wp\/v2\/product\/20907","targetHints":{"allow":["GET"]}}],"collection":[{"href":"https:\/\/www.csj-emballages.com\/de\/wp-json\/wp\/v2\/product"}],"about":[{"href":"https:\/\/www.csj-emballages.com\/de\/wp-json\/wp\/v2\/types\/product"}],"wp:featuredmedia":[{"embeddable":true,"href":"https:\/\/www.csj-emballages.com\/de\/wp-json\/wp\/v2\/media\/263292"}],"wp:attachment":[{"href":"https:\/\/www.csj-emballages.com\/de\/wp-json\/wp\/v2\/media?parent=20907"}],"wp:term":[{"taxonomy":"product_brand","embeddable":true,"href":"https:\/\/www.csj-emballages.com\/de\/wp-json\/wp\/v2\/product_brand?post=20907"},{"taxonomy":"product_cat","embeddable":true,"href":"https:\/\/www.csj-emballages.com\/de\/wp-json\/wp\/v2\/product_cat?post=20907"},{"taxonomy":"product_tag","embeddable":true,"href":"https:\/\/www.csj-emballages.com\/de\/wp-json\/wp\/v2\/product_tag?post=20907"}],"curies":[{"name":"wp","href":"https:\/\/api.w.org\/{rel}","templated":true}]}}