{"id":20894,"date":"2024-03-01T16:53:34","date_gmt":"2024-03-01T15:53:34","guid":{"rendered":"https:\/\/u15jnbdpoq.preview.infomaniak.website\/produit\/10-einweg-kristall-champagnerglaeser-aus-kunststoff-10-cl\/"},"modified":"2026-04-16T02:13:19","modified_gmt":"2026-04-16T00:13:19","slug":"10-einweg-kristall-champagnerglaeser-aus-kunststoff-10-cl","status":"publish","type":"product","link":"https:\/\/www.csj-emballages.com\/de\/produit\/10-einweg-kristall-champagnerglaeser-aus-kunststoff-10-cl\/","title":{"rendered":"10 Einweg-Kristall-Champagnergl\u00e4ser aus Kunststoff 10 cl"},"content":{"rendered":"<h2>Champagnerfl\u00f6te<\/h2>\n<hr>\n<h3>Beschreibung unserer Champagnerfl\u00f6te Kristall aus Kunststoff 10 cl pro 10<\/h3>\n<p><!--more--><\/p>\n<div class=\"flex flex-grow flex-col max-w-full\">\n<div class=\"min-h-[20px] text-message flex w-full flex-col items-end gap-2 whitespace-pre-wrap break-words [.text-message+&amp;]:mt-5 overflow-x-auto\" dir=\"auto\" data-message-author-role=\"assistant\" data-message-id=\"7e3195e7-6ba9-479c-b9b8-5e4b914c2cd7\">\n<div class=\"flex w-full flex-col gap-1 empty:hidden first:pt-[3px]\">\n<div class=\"markdown prose w-full break-words dark:prose-invert light\">\n<p>Diese <strong>Champagnergl\u00e4ser<\/strong> sind so gestaltet, dass die Getr\u00e4nke, die sie enthalten, besonders gut zur Geltung kommen. Ihr Fassungsverm\u00f6gen von <strong>10 cl<\/strong> ist ideal zum Servieren von Champagner oder anderen prickelnden Getr\u00e4nken. Ihre kompakte Gr\u00f6\u00dfe beg\u00fcnstigt einen m\u00e4\u00dfigen Verbrauch, w\u00e4hrend sie gleichzeitig ein anspruchsvolles Aussehen bewahren. Diese <strong>Champagnergl\u00e4ser<\/strong> in <strong>PS Kristall<\/strong> sind auch f\u00fcr Veranstaltungsorganisatoren praktisch. Sie sind f\u00fcr alle Arten von Veranstaltungen geeignet und f\u00fcgen sich perfekt in die Tischdekoration ein, egal ob klassisch oder modern. Ihre Transparenz unterstreicht den Chic und hebt die Farben der servierten Getr\u00e4nke hervor. Sie lassen sich leicht mit verschiedenen Accessoires f\u00fcr den Empfang kombinieren, wie Tischdecken, Servietten oder Tischdekorationen.<\/p>\n<p>In puncto Sicherheit sind diese <strong>Fl\u00f6ten<\/strong> ideal, um Probleme mit Glasscherben zu vermeiden, insbesondere in Umgebungen mit Kindern oder bei Veranstaltungen im Freien. Sie eignen sich auch hervorragend f\u00fcr Orte, an denen die Verwendung von Glas verboten ist, wie z. B. in Schwimmb\u00e4dern oder Parks.<\/p>\n<p>Schlie\u00dflich macht ihr hervorragendes Preis-Leistungs-Verh\u00e4ltnis sie zu einer kosteng\u00fcnstigen L\u00f6sung f\u00fcr gro\u00dfe Feiern. So bieten Sie Ihren G\u00e4sten ein luxuri\u00f6ses Erlebnis zu geringen Kosten. Wenn Sie sich f\u00fcr diese <strong>Einweg-Champagnergl\u00e4ser<\/strong> <strong>10 cl<\/strong> Kristall entscheiden, vereinen Sie Eleganz, Praktikabilit\u00e4t und Gelassenheit f\u00fcr alle Ihre Feiern. Eine perfekte L\u00f6sung f\u00fcr unvergessliche Momente ohne \u00c4rger.<\/p>\n<p>&nbsp;<\/p>\n<p><!--more--><\/p>\n<\/div>\n<\/div>\n<\/div>\n<\/div>\n<p>Investieren Sie in Qualit\u00e4t und Eleganz mit diesen <strong>10cl-Champagnergl\u00e4sern<\/strong>.<\/p>\n<p>&nbsp;<\/p>\n<p><!--more--><\/p>\n<h4><strong>Ihre Vorteile :<\/strong><\/h4>\n<ul>\n<li><strong>Vielseitigkeit<\/strong>: Ideal f\u00fcr jede Art von Veranstaltung, ob formell oder informell.<\/li>\n<li>Leichtgewicht: <strong>Leichter<\/strong> als Glas, daher leicht zu transportieren und zu handhaben.<\/li>\n<\/ul>\n<p>&nbsp;<\/p>\n<p><!--more--><\/p>\n<p><a href=\"\/?product_cat=vaisselles-reutilisables\">Sehen Sie sich den Rest unseres Sortiments an wiederverwendbarem Geschirr an.<\/a><\/p>\n","protected":false},"excerpt":{"rendered":"<p>Champagnerfl\u00f6te Beschreibung unserer Champagnerfl\u00f6te Kristall aus Kunststoff 10 cl pro 10<\/p>\n","protected":false},"featured_media":197790,"template":"","meta":{"_acf_changed":false},"product_brand":[],"product_cat":[1137,1469,1470],"product_tag":[],"class_list":{"0":"post-20894","1":"product","2":"type-product","3":"status-publish","4":"has-post-thumbnail","6":"product_cat-lebensmittelverpackungen","7":"product_cat-becher-glaser-eimer-flaschen","8":"product_cat-unzerbrechliche-wiederverwendbare-glaser-becher","10":"first","11":"instock","12":"taxable","13":"shipping-taxable","14":"purchasable","15":"product-type-simple"},"acf":[],"yoast_head":"<!-- This site is optimized with the Yoast SEO Premium plugin v26.6 (Yoast SEO v26.6) - https:\/\/yoast.com\/wordpress\/plugins\/seo\/ -->\n<title>Champagnerfl\u00f6te - 10cl<\/title>\n<meta name=\"description\" content=\"Einweg-Champagnerfl\u00f6ten 10cl Kristall: elegant, praktisch, recycelbar und ohne Bruchrisiko. Ideal f\u00fcr alle Ihre Veranstaltungen!\" \/>\n<meta name=\"robots\" content=\"index, follow, max-snippet:-1, max-image-preview:large, max-video-preview:-1\" \/>\n<link rel=\"canonical\" href=\"https:\/\/www.csj-emballages.com\/de\/produit\/10-einweg-kristall-champagnerglaeser-aus-kunststoff-10-cl\/\" \/>\n<meta property=\"og:locale\" content=\"de_DE\" \/>\n<meta property=\"og:type\" content=\"article\" \/>\n<meta property=\"og:title\" content=\"10 Einweg-Kristall-Champagnergl\u00e4ser aus Kunststoff 10 cl\" \/>\n<meta property=\"og:description\" content=\"Einweg-Champagnerfl\u00f6ten 10cl Kristall: elegant, praktisch, recycelbar und ohne Bruchrisiko. Ideal f\u00fcr alle Ihre Veranstaltungen!\" \/>\n<meta property=\"og:url\" content=\"https:\/\/www.csj-emballages.com\/de\/produit\/10-einweg-kristall-champagnerglaeser-aus-kunststoff-10-cl\/\" \/>\n<meta property=\"og:site_name\" content=\"CSJ Emballages\" \/>\n<meta property=\"article:publisher\" content=\"https:\/\/www.facebook.com\/csjemballages\" \/>\n<meta property=\"article:modified_time\" content=\"2026-04-16T00:13:19+00:00\" \/>\n<meta property=\"og:image\" content=\"https:\/\/www.csj-emballages.com\/wp-content\/uploads\/2024\/03\/Flute-champagne-10cl-1.webp\" \/>\n\t<meta property=\"og:image:width\" content=\"800\" \/>\n\t<meta property=\"og:image:height\" content=\"800\" \/>\n\t<meta property=\"og:image:type\" content=\"image\/webp\" \/>\n<meta name=\"twitter:card\" content=\"summary_large_image\" \/>\n<meta name=\"twitter:label1\" content=\"Gesch\u00e4tzte Lesezeit\" \/>\n\t<meta name=\"twitter:data1\" content=\"1\u00a0Minute\" \/>\n<script type=\"application\/ld+json\" class=\"yoast-schema-graph\">{\"@context\":\"https:\/\/schema.org\",\"@graph\":[{\"@type\":\"WebPage\",\"@id\":\"https:\/\/www.csj-emballages.com\/de\/produit\/10-einweg-kristall-champagnerglaeser-aus-kunststoff-10-cl\/\",\"url\":\"https:\/\/www.csj-emballages.com\/de\/produit\/10-einweg-kristall-champagnerglaeser-aus-kunststoff-10-cl\/\",\"name\":\"Champagnerfl\u00f6te - 10cl\",\"isPartOf\":{\"@id\":\"https:\/\/www.csj-emballages.com\/de\/#website\"},\"primaryImageOfPage\":{\"@id\":\"https:\/\/www.csj-emballages.com\/de\/produit\/10-einweg-kristall-champagnerglaeser-aus-kunststoff-10-cl\/#primaryimage\"},\"image\":{\"@id\":\"https:\/\/www.csj-emballages.com\/de\/produit\/10-einweg-kristall-champagnerglaeser-aus-kunststoff-10-cl\/#primaryimage\"},\"thumbnailUrl\":\"https:\/\/www.csj-emballages.com\/wp-content\/uploads\/2024\/03\/Flute-champagne-10cl-1.webp\",\"datePublished\":\"2024-03-01T15:53:34+00:00\",\"dateModified\":\"2026-04-16T00:13:19+00:00\",\"description\":\"Einweg-Champagnerfl\u00f6ten 10cl Kristall: elegant, praktisch, recycelbar und ohne Bruchrisiko. Ideal f\u00fcr alle Ihre Veranstaltungen!\",\"breadcrumb\":{\"@id\":\"https:\/\/www.csj-emballages.com\/de\/produit\/10-einweg-kristall-champagnerglaeser-aus-kunststoff-10-cl\/#breadcrumb\"},\"inLanguage\":\"de\",\"potentialAction\":[{\"@type\":\"ReadAction\",\"target\":[\"https:\/\/www.csj-emballages.com\/de\/produit\/10-einweg-kristall-champagnerglaeser-aus-kunststoff-10-cl\/\"]}]},{\"@type\":\"ImageObject\",\"inLanguage\":\"de\",\"@id\":\"https:\/\/www.csj-emballages.com\/de\/produit\/10-einweg-kristall-champagnerglaeser-aus-kunststoff-10-cl\/#primaryimage\",\"url\":\"https:\/\/www.csj-emballages.com\/wp-content\/uploads\/2024\/03\/Flute-champagne-10cl-1.webp\",\"contentUrl\":\"https:\/\/www.csj-emballages.com\/wp-content\/uploads\/2024\/03\/Flute-champagne-10cl-1.webp\",\"width\":800,\"height\":800,\"caption\":\"Fl\u00fbte champagne\"},{\"@type\":\"BreadcrumbList\",\"@id\":\"https:\/\/www.csj-emballages.com\/de\/produit\/10-einweg-kristall-champagnerglaeser-aus-kunststoff-10-cl\/#breadcrumb\",\"itemListElement\":[{\"@type\":\"ListItem\",\"position\":1,\"name\":\"Accueil\",\"item\":\"https:\/\/www.csj-emballages.com\/de\/universum-lebensmittelverpackungen\/\"},{\"@type\":\"ListItem\",\"position\":2,\"name\":\"Shop\",\"item\":\"https:\/\/www.csj-emballages.com\/shop\/\"},{\"@type\":\"ListItem\",\"position\":3,\"name\":\"10 Einweg-Kristall-Champagnergl\u00e4ser aus Kunststoff 10 cl\"}]},{\"@type\":\"WebSite\",\"@id\":\"https:\/\/www.csj-emballages.com\/de\/#website\",\"url\":\"https:\/\/www.csj-emballages.com\/de\/\",\"name\":\"CSJ Emballages\",\"description\":\"\",\"publisher\":{\"@id\":\"https:\/\/www.csj-emballages.com\/de\/#organization\"},\"potentialAction\":[{\"@type\":\"SearchAction\",\"target\":{\"@type\":\"EntryPoint\",\"urlTemplate\":\"https:\/\/www.csj-emballages.com\/de\/?s={search_term_string}\"},\"query-input\":{\"@type\":\"PropertyValueSpecification\",\"valueRequired\":true,\"valueName\":\"search_term_string\"}}],\"inLanguage\":\"de\"},{\"@type\":\"Organization\",\"@id\":\"https:\/\/www.csj-emballages.com\/de\/#Organization\/\",\"name\":\"CSJ Emballages\",\"url\":\"https:\/\/www.csj-emballages.com\/de\/\",\"logo\":{\"@type\":\"ImageObject\",\"inLanguage\":\"de\",\"@id\":\"https:\/\/www.csj-emballages.com\/de\/#\/schema\/logo\/image\/\",\"url\":\"https:\/\/www.csj-emballages.com\/wp-content\/uploads\/2023\/10\/logo_csj.webp\",\"contentUrl\":\"https:\/\/www.csj-emballages.com\/wp-content\/uploads\/2023\/10\/logo_csj.webp\",\"width\":250,\"height\":95,\"caption\":\"CSJ Emballages\"},\"image\":{\"@id\":\"https:\/\/www.csj-emballages.com\/de\/#\/schema\/logo\/image\/\"},\"sameAs\":[\"https:\/\/www.facebook.com\/csjemballages\"],\"address\":{\"@type\":\"PostalAddress\",\"streetAddress\":\"ZI La Lechere\",\"addressLocality\":\"Patornay\",\"postalCode\":\"39130\",\"addressCountry\":\"FR\"},\"contactPoint\":[{\"@type\":\"ContactPoint\",\"contactType\":\"Service client\",\"telephone\":\"0384254272\",\"email\":\"contact@csj-emballages.com\"}]}]}<\/script>\n<!-- \/ Yoast SEO Premium plugin. -->","yoast_head_json":{"title":"Champagnerfl\u00f6te - 10cl","description":"Einweg-Champagnerfl\u00f6ten 10cl Kristall: elegant, praktisch, recycelbar und ohne Bruchrisiko. Ideal f\u00fcr alle Ihre Veranstaltungen!","robots":{"index":"index","follow":"follow","max-snippet":"max-snippet:-1","max-image-preview":"max-image-preview:large","max-video-preview":"max-video-preview:-1"},"canonical":"https:\/\/www.csj-emballages.com\/de\/produit\/10-einweg-kristall-champagnerglaeser-aus-kunststoff-10-cl\/","og_locale":"de_DE","og_type":"article","og_title":"10 Einweg-Kristall-Champagnergl\u00e4ser aus Kunststoff 10 cl","og_description":"Einweg-Champagnerfl\u00f6ten 10cl Kristall: elegant, praktisch, recycelbar und ohne Bruchrisiko. Ideal f\u00fcr alle Ihre Veranstaltungen!","og_url":"https:\/\/www.csj-emballages.com\/de\/produit\/10-einweg-kristall-champagnerglaeser-aus-kunststoff-10-cl\/","og_site_name":"CSJ Emballages","article_publisher":"https:\/\/www.facebook.com\/csjemballages","article_modified_time":"2026-04-16T00:13:19+00:00","og_image":[{"width":800,"height":800,"url":"https:\/\/www.csj-emballages.com\/wp-content\/uploads\/2024\/03\/Flute-champagne-10cl-1.webp","type":"image\/webp"}],"twitter_card":"summary_large_image","twitter_misc":{"Gesch\u00e4tzte Lesezeit":"1\u00a0Minute"},"schema":{"@context":"https:\/\/schema.org","@graph":[{"@type":"WebPage","@id":"https:\/\/www.csj-emballages.com\/de\/produit\/10-einweg-kristall-champagnerglaeser-aus-kunststoff-10-cl\/","url":"https:\/\/www.csj-emballages.com\/de\/produit\/10-einweg-kristall-champagnerglaeser-aus-kunststoff-10-cl\/","name":"Champagnerfl\u00f6te - 10cl","isPartOf":{"@id":"https:\/\/www.csj-emballages.com\/de\/#website"},"primaryImageOfPage":{"@id":"https:\/\/www.csj-emballages.com\/de\/produit\/10-einweg-kristall-champagnerglaeser-aus-kunststoff-10-cl\/#primaryimage"},"image":{"@id":"https:\/\/www.csj-emballages.com\/de\/produit\/10-einweg-kristall-champagnerglaeser-aus-kunststoff-10-cl\/#primaryimage"},"thumbnailUrl":"https:\/\/www.csj-emballages.com\/wp-content\/uploads\/2024\/03\/Flute-champagne-10cl-1.webp","datePublished":"2024-03-01T15:53:34+00:00","dateModified":"2026-04-16T00:13:19+00:00","description":"Einweg-Champagnerfl\u00f6ten 10cl Kristall: elegant, praktisch, recycelbar und ohne Bruchrisiko. Ideal f\u00fcr alle Ihre Veranstaltungen!","breadcrumb":{"@id":"https:\/\/www.csj-emballages.com\/de\/produit\/10-einweg-kristall-champagnerglaeser-aus-kunststoff-10-cl\/#breadcrumb"},"inLanguage":"de","potentialAction":[{"@type":"ReadAction","target":["https:\/\/www.csj-emballages.com\/de\/produit\/10-einweg-kristall-champagnerglaeser-aus-kunststoff-10-cl\/"]}]},{"@type":"ImageObject","inLanguage":"de","@id":"https:\/\/www.csj-emballages.com\/de\/produit\/10-einweg-kristall-champagnerglaeser-aus-kunststoff-10-cl\/#primaryimage","url":"https:\/\/www.csj-emballages.com\/wp-content\/uploads\/2024\/03\/Flute-champagne-10cl-1.webp","contentUrl":"https:\/\/www.csj-emballages.com\/wp-content\/uploads\/2024\/03\/Flute-champagne-10cl-1.webp","width":800,"height":800,"caption":"Fl\u00fbte champagne"},{"@type":"BreadcrumbList","@id":"https:\/\/www.csj-emballages.com\/de\/produit\/10-einweg-kristall-champagnerglaeser-aus-kunststoff-10-cl\/#breadcrumb","itemListElement":[{"@type":"ListItem","position":1,"name":"Accueil","item":"https:\/\/www.csj-emballages.com\/de\/universum-lebensmittelverpackungen\/"},{"@type":"ListItem","position":2,"name":"Shop","item":"https:\/\/www.csj-emballages.com\/shop\/"},{"@type":"ListItem","position":3,"name":"10 Einweg-Kristall-Champagnergl\u00e4ser aus Kunststoff 10 cl"}]},{"@type":"WebSite","@id":"https:\/\/www.csj-emballages.com\/de\/#website","url":"https:\/\/www.csj-emballages.com\/de\/","name":"CSJ Emballages","description":"","publisher":{"@id":"https:\/\/www.csj-emballages.com\/de\/#organization"},"potentialAction":[{"@type":"SearchAction","target":{"@type":"EntryPoint","urlTemplate":"https:\/\/www.csj-emballages.com\/de\/?s={search_term_string}"},"query-input":{"@type":"PropertyValueSpecification","valueRequired":true,"valueName":"search_term_string"}}],"inLanguage":"de"},{"@type":"Organization","@id":"https:\/\/www.csj-emballages.com\/de\/#Organization\/","name":"CSJ Emballages","url":"https:\/\/www.csj-emballages.com\/de\/","logo":{"@type":"ImageObject","inLanguage":"de","@id":"https:\/\/www.csj-emballages.com\/de\/#\/schema\/logo\/image\/","url":"https:\/\/www.csj-emballages.com\/wp-content\/uploads\/2023\/10\/logo_csj.webp","contentUrl":"https:\/\/www.csj-emballages.com\/wp-content\/uploads\/2023\/10\/logo_csj.webp","width":250,"height":95,"caption":"CSJ Emballages"},"image":{"@id":"https:\/\/www.csj-emballages.com\/de\/#\/schema\/logo\/image\/"},"sameAs":["https:\/\/www.facebook.com\/csjemballages"],"address":{"@type":"PostalAddress","streetAddress":"ZI La Lechere","addressLocality":"Patornay","postalCode":"39130","addressCountry":"FR"},"contactPoint":[{"@type":"ContactPoint","contactType":"Service client","telephone":"0384254272","email":"contact@csj-emballages.com"}]}]}},"df_price":2.24,"df_sale_price":"","df_regular_price":2.24,"df_image_link":"https:\/\/www.csj-emballages.com\/wp-content\/uploads\/2024\/03\/Flute-champagne-10cl-1-300x300.webp","tiered_pricing_type":"fixed","tiered_pricing_fixed_rules":[],"tiered_pricing_percentage_rules":[],"tiered_pricing_minimum":1,"tiered_pricing_roles_data":[],"_links":{"self":[{"href":"https:\/\/www.csj-emballages.com\/de\/wp-json\/wp\/v2\/product\/20894","targetHints":{"allow":["GET"]}}],"collection":[{"href":"https:\/\/www.csj-emballages.com\/de\/wp-json\/wp\/v2\/product"}],"about":[{"href":"https:\/\/www.csj-emballages.com\/de\/wp-json\/wp\/v2\/types\/product"}],"wp:featuredmedia":[{"embeddable":true,"href":"https:\/\/www.csj-emballages.com\/de\/wp-json\/wp\/v2\/media\/197790"}],"wp:attachment":[{"href":"https:\/\/www.csj-emballages.com\/de\/wp-json\/wp\/v2\/media?parent=20894"}],"wp:term":[{"taxonomy":"product_brand","embeddable":true,"href":"https:\/\/www.csj-emballages.com\/de\/wp-json\/wp\/v2\/product_brand?post=20894"},{"taxonomy":"product_cat","embeddable":true,"href":"https:\/\/www.csj-emballages.com\/de\/wp-json\/wp\/v2\/product_cat?post=20894"},{"taxonomy":"product_tag","embeddable":true,"href":"https:\/\/www.csj-emballages.com\/de\/wp-json\/wp\/v2\/product_tag?post=20894"}],"curies":[{"name":"wp","href":"https:\/\/api.w.org\/{rel}","templated":true}]}}