{"id":20888,"date":"2024-03-01T16:53:35","date_gmt":"2024-03-01T15:53:35","guid":{"rendered":"https:\/\/u15jnbdpoq.preview.infomaniak.website\/produit\/rolle-stretchfolie-fuer-lebensmittel-in-zip-dispenserboxen-300-x-045-m\/"},"modified":"2026-05-01T02:12:44","modified_gmt":"2026-05-01T00:12:44","slug":"rolle-stretchfolie-fuer-lebensmittel-in-zip-dispenserboxen-300-x-045-m","status":"publish","type":"product","link":"https:\/\/www.csj-emballages.com\/de\/produit\/rolle-stretchfolie-fuer-lebensmittel-in-zip-dispenserboxen-300-x-045-m\/","title":{"rendered":"Rolle Stretchfolie f\u00fcr Lebensmittel in Zip-Dispenserboxen 300 x 0,45 m"},"content":{"rendered":"<h2 class=\"p1\">Stretchfolienrolle<\/h2>\n<hr>\n<h3>Beschreibung unserer Stretchfolienrolle f\u00fcr Lebensmittel in Zip-Dispenserboxen 300 x 0.45 m<\/h3>\n<p><!--more--><\/p>\n<p data-start=\"84\" data-end=\"533\">Diese <strong>Stretchfolienrolle<\/strong> f\u00fcr <strong>Lebensmittel<\/strong> ist ein Muss f\u00fcr alle professionellen Gastronomen, Caterer, B\u00e4cker, Konditoren, aber auch f\u00fcr Privatpersonen, die ihre Lebensmittel effizient aufbewahren m\u00f6chten. Dank der <strong>Spenderbox mit integriertem Rei\u00dfverschluss<\/strong> l\u00e4sst sich die Folie schnell und pr\u00e4zise zuschneiden. <\/p>\n<p data-start=\"535\" data-end=\"882\">Mit einer L\u00e4nge von <strong>300 Metern<\/strong> und einer <strong>Breite von 45 cm<\/strong> ist diese <strong>Stretchfolie<\/strong> daf\u00fcr ausgelegt, Ihre Lebensmittel luftdicht zu verpacken und so ihre Frische sowie den Schutz vor Luft und Feuchtigkeit zu gew\u00e4hrleisten. Es eignet sich hervorragend zum Abdecken von Speisen, zum Aufbewahren frischer Zutaten oder auch zum Schutz von Kochvorbereitungen.<\/p>\n<p data-start=\"884\" data-end=\"1152\">Durch seine hohe Elastizit\u00e4t und Festigkeit haftet es gut an Beh\u00e4ltern, ohne leicht einzurei\u00dfen. Diese <strong>Stretchfolienrolle<\/strong> ist f\u00fcr die Verwendung im K\u00fchlschrank geeignet und lebensmittelecht und gew\u00e4hrleistet so eine optimale Aufbewahrung Ihrer Produkte.<\/p>\n<p><!--more--><\/p>\n<h4>Ihre Vorteile :<\/h4>\n<ul>\n<li data-start=\"1125\" data-end=\"1221\"><strong data-start=\"1188\" data-end=\"1228\">Spenderbox mit integriertem Rei\u00dfverschluss<\/strong>: Einfaches und schnelles Schneiden f\u00fcr den praktischen Gebrauch.<\/li>\n<li data-start=\"1125\" data-end=\"1221\"><strong data-start=\"1282\" data-end=\"1312\" data-is-only-node=\"\">Lange Nutzungsdauer<\/strong>: 300 Meter Film f\u00fcr eine lange Nutzung.<\/li>\n<li data-start=\"1125\" data-end=\"1221\"><strong data-start=\"1362\" data-end=\"1384\">Perfekte Haftung<\/strong>: Sorgt f\u00fcr einen luftdichten Verschluss, um die Frische zu erhalten.<\/li>\n<li data-start=\"1125\" data-end=\"1221\"><strong data-start=\"1452\" data-end=\"1466\">Vielseitig<\/strong>: Geeignet f\u00fcr Teller, Sch\u00fcsseln, Zutaten und Zubereitungen.<\/li>\n<li data-start=\"1125\" data-end=\"1221\"><strong data-start=\"1539\" data-end=\"1562\">Stark und flexibel<\/strong>: Diese Stretchfolienrolle rei\u00dft nicht leicht und passt sich perfekt den Formen der Beh\u00e4lter an.<\/li>\n<li data-start=\"1125\" data-end=\"1221\"><strong data-start=\"1648\" data-end=\"1662\">Hygienisch<\/strong>: Sch\u00fctzt die Lebensmittel vor \u00e4u\u00dferen Verunreinigungen.<\/li>\n<\/ul>\n<p>&nbsp;<\/p>\n<p><!--more--><\/p>\n<h4>Weitere Informationen :<\/h4>\n<ul>\n<li><strong>Verpackung<\/strong>: Einzeln<\/li>\n<li><strong>Abmessungen<\/strong>: 300 x 0,45 m<\/li>\n<\/ul>\n<p>&nbsp;<\/p>\n<p><!--more--><\/p>\n<p>Dieses Produkt ist auch in einer 30 cm Schachtel erh\u00e4ltlich: <span style=\"color: #d12727;\"><a style=\"color: #d12727;\" href=\"https:\/\/www.csj-emballages.com\/es\/produit\/rollo-de-film-estirable-alimentario-en-caja-dispensadora-con-cremallera-300-x-030-m\/\">FL30ZIP<\/a><\/span><\/p>\n<p>&nbsp;<\/p>\n<p><!--more--><\/p>\n<p><a href=\"https:\/\/www.csj-emballages.com\/de\/categorie-produit\/lebensmittelverpackungen\/metzgerei-und-feinkostgeschaft\/lebensmittelfolien\/stretchfolie-fur-lebensmittel-in-schachteln-schnitt-zipfolie\/\">Sehen Sie sich den Rest unseres Sortiments an Lebensmittelfolien an.<\/a><\/p>\n","protected":false},"excerpt":{"rendered":"<p>Stretchfolienrolle Beschreibung unserer Stretchfolienrolle f\u00fcr Lebensmittel in Zip-Dispenserboxen 300 x 0.45 m<\/p>\n","protected":false},"featured_media":273515,"template":"","meta":{"_acf_changed":false},"product_brand":[],"product_cat":[1137,1170,2017,2660],"product_tag":[],"class_list":{"0":"post-20888","1":"product","2":"type-product","3":"status-publish","4":"has-post-thumbnail","6":"product_cat-lebensmittelverpackungen","7":"product_cat-metzgerei-und-feinkostgeschaft","8":"product_cat-lebensmittelfolien","9":"product_cat-stretchfolie-fur-lebensmittel-in-schachteln-schnitt-zipfolie","11":"first","12":"instock","13":"taxable","14":"shipping-taxable","15":"purchasable","16":"product-type-simple"},"acf":[],"yoast_head":"<!-- This site is optimized with the Yoast SEO Premium plugin v26.6 (Yoast SEO v26.6) - https:\/\/yoast.com\/wordpress\/plugins\/seo\/ -->\n<title>Stretchfolienrolle Lebensmittel in Zip-Dispenserboxen<\/title>\n<meta name=\"description\" content=\"Entdecken Sie unsere Stretchfolie f\u00fcr Lebensmittel 300 x 0,45 m in einer Spenderbox mit Rei\u00dfverschluss! Ideal f\u00fcr Gastronomen, Caterer und Privatpersonen.\" \/>\n<meta name=\"robots\" content=\"index, follow, max-snippet:-1, max-image-preview:large, max-video-preview:-1\" \/>\n<link rel=\"canonical\" href=\"https:\/\/www.csj-emballages.com\/de\/produit\/rolle-stretchfolie-fuer-lebensmittel-in-zip-dispenserboxen-300-x-045-m\/\" \/>\n<meta property=\"og:locale\" content=\"de_DE\" \/>\n<meta property=\"og:type\" content=\"article\" \/>\n<meta property=\"og:title\" content=\"Rolle Stretchfolie f\u00fcr Lebensmittel in Zip-Dispenserboxen 300 x 0,45 m\" \/>\n<meta property=\"og:description\" content=\"Entdecken Sie unsere Stretchfolie f\u00fcr Lebensmittel 300 x 0,45 m in einer Spenderbox mit Rei\u00dfverschluss! Ideal f\u00fcr Gastronomen, Caterer und Privatpersonen.\" \/>\n<meta property=\"og:url\" content=\"https:\/\/www.csj-emballages.com\/de\/produit\/rolle-stretchfolie-fuer-lebensmittel-in-zip-dispenserboxen-300-x-045-m\/\" \/>\n<meta property=\"og:site_name\" content=\"CSJ Emballages\" \/>\n<meta property=\"article:publisher\" content=\"https:\/\/www.facebook.com\/csjemballages\" \/>\n<meta property=\"article:modified_time\" content=\"2026-05-01T00:12:44+00:00\" \/>\n<meta property=\"og:image\" content=\"https:\/\/www.csj-emballages.com\/wp-content\/uploads\/2024\/03\/FL45ZIP.webp\" \/>\n\t<meta property=\"og:image:width\" content=\"800\" \/>\n\t<meta property=\"og:image:height\" content=\"800\" \/>\n\t<meta property=\"og:image:type\" content=\"image\/webp\" \/>\n<meta name=\"twitter:card\" content=\"summary_large_image\" \/>\n<meta name=\"twitter:label1\" content=\"Gesch\u00e4tzte Lesezeit\" \/>\n\t<meta name=\"twitter:data1\" content=\"1\u00a0Minute\" \/>\n<script type=\"application\/ld+json\" class=\"yoast-schema-graph\">{\"@context\":\"https:\/\/schema.org\",\"@graph\":[{\"@type\":\"WebPage\",\"@id\":\"https:\/\/www.csj-emballages.com\/de\/produit\/rolle-stretchfolie-fuer-lebensmittel-in-zip-dispenserboxen-300-x-045-m\/\",\"url\":\"https:\/\/www.csj-emballages.com\/de\/produit\/rolle-stretchfolie-fuer-lebensmittel-in-zip-dispenserboxen-300-x-045-m\/\",\"name\":\"Stretchfolienrolle Lebensmittel in Zip-Dispenserboxen\",\"isPartOf\":{\"@id\":\"https:\/\/www.csj-emballages.com\/de\/#website\"},\"primaryImageOfPage\":{\"@id\":\"https:\/\/www.csj-emballages.com\/de\/produit\/rolle-stretchfolie-fuer-lebensmittel-in-zip-dispenserboxen-300-x-045-m\/#primaryimage\"},\"image\":{\"@id\":\"https:\/\/www.csj-emballages.com\/de\/produit\/rolle-stretchfolie-fuer-lebensmittel-in-zip-dispenserboxen-300-x-045-m\/#primaryimage\"},\"thumbnailUrl\":\"https:\/\/www.csj-emballages.com\/wp-content\/uploads\/2024\/03\/FL45ZIP.webp\",\"datePublished\":\"2024-03-01T15:53:35+00:00\",\"dateModified\":\"2026-05-01T00:12:44+00:00\",\"description\":\"Entdecken Sie unsere Stretchfolie f\u00fcr Lebensmittel 300 x 0,45 m in einer Spenderbox mit Rei\u00dfverschluss! Ideal f\u00fcr Gastronomen, Caterer und Privatpersonen.\",\"breadcrumb\":{\"@id\":\"https:\/\/www.csj-emballages.com\/de\/produit\/rolle-stretchfolie-fuer-lebensmittel-in-zip-dispenserboxen-300-x-045-m\/#breadcrumb\"},\"inLanguage\":\"de\",\"potentialAction\":[{\"@type\":\"ReadAction\",\"target\":[\"https:\/\/www.csj-emballages.com\/de\/produit\/rolle-stretchfolie-fuer-lebensmittel-in-zip-dispenserboxen-300-x-045-m\/\"]}]},{\"@type\":\"ImageObject\",\"inLanguage\":\"de\",\"@id\":\"https:\/\/www.csj-emballages.com\/de\/produit\/rolle-stretchfolie-fuer-lebensmittel-in-zip-dispenserboxen-300-x-045-m\/#primaryimage\",\"url\":\"https:\/\/www.csj-emballages.com\/wp-content\/uploads\/2024\/03\/FL45ZIP.webp\",\"contentUrl\":\"https:\/\/www.csj-emballages.com\/wp-content\/uploads\/2024\/03\/FL45ZIP.webp\",\"width\":800,\"height\":800,\"caption\":\"Rouleau film \u00e9tirable\"},{\"@type\":\"BreadcrumbList\",\"@id\":\"https:\/\/www.csj-emballages.com\/de\/produit\/rolle-stretchfolie-fuer-lebensmittel-in-zip-dispenserboxen-300-x-045-m\/#breadcrumb\",\"itemListElement\":[{\"@type\":\"ListItem\",\"position\":1,\"name\":\"Accueil\",\"item\":\"https:\/\/www.csj-emballages.com\/de\/universum-lebensmittelverpackungen\/\"},{\"@type\":\"ListItem\",\"position\":2,\"name\":\"Shop\",\"item\":\"https:\/\/www.csj-emballages.com\/shop\/\"},{\"@type\":\"ListItem\",\"position\":3,\"name\":\"Rolle Stretchfolie f\u00fcr Lebensmittel in Zip-Dispenserboxen 300 x 0,45 m\"}]},{\"@type\":\"WebSite\",\"@id\":\"https:\/\/www.csj-emballages.com\/de\/#website\",\"url\":\"https:\/\/www.csj-emballages.com\/de\/\",\"name\":\"CSJ Emballages\",\"description\":\"\",\"publisher\":{\"@id\":\"https:\/\/www.csj-emballages.com\/de\/#organization\"},\"potentialAction\":[{\"@type\":\"SearchAction\",\"target\":{\"@type\":\"EntryPoint\",\"urlTemplate\":\"https:\/\/www.csj-emballages.com\/de\/?s={search_term_string}\"},\"query-input\":{\"@type\":\"PropertyValueSpecification\",\"valueRequired\":true,\"valueName\":\"search_term_string\"}}],\"inLanguage\":\"de\"},{\"@type\":\"Organization\",\"@id\":\"https:\/\/www.csj-emballages.com\/de\/#Organization\/\",\"name\":\"CSJ Emballages\",\"url\":\"https:\/\/www.csj-emballages.com\/de\/\",\"logo\":{\"@type\":\"ImageObject\",\"inLanguage\":\"de\",\"@id\":\"https:\/\/www.csj-emballages.com\/de\/#\/schema\/logo\/image\/\",\"url\":\"https:\/\/www.csj-emballages.com\/wp-content\/uploads\/2023\/10\/logo_csj.webp\",\"contentUrl\":\"https:\/\/www.csj-emballages.com\/wp-content\/uploads\/2023\/10\/logo_csj.webp\",\"width\":250,\"height\":95,\"caption\":\"CSJ Emballages\"},\"image\":{\"@id\":\"https:\/\/www.csj-emballages.com\/de\/#\/schema\/logo\/image\/\"},\"sameAs\":[\"https:\/\/www.facebook.com\/csjemballages\"],\"address\":{\"@type\":\"PostalAddress\",\"streetAddress\":\"ZI La Lechere\",\"addressLocality\":\"Patornay\",\"postalCode\":\"39130\",\"addressCountry\":\"FR\"},\"contactPoint\":[{\"@type\":\"ContactPoint\",\"contactType\":\"Service client\",\"telephone\":\"0384254272\",\"email\":\"contact@csj-emballages.com\"}]}]}<\/script>\n<!-- \/ Yoast SEO Premium plugin. -->","yoast_head_json":{"title":"Stretchfolienrolle Lebensmittel in Zip-Dispenserboxen","description":"Entdecken Sie unsere Stretchfolie f\u00fcr Lebensmittel 300 x 0,45 m in einer Spenderbox mit Rei\u00dfverschluss! Ideal f\u00fcr Gastronomen, Caterer und Privatpersonen.","robots":{"index":"index","follow":"follow","max-snippet":"max-snippet:-1","max-image-preview":"max-image-preview:large","max-video-preview":"max-video-preview:-1"},"canonical":"https:\/\/www.csj-emballages.com\/de\/produit\/rolle-stretchfolie-fuer-lebensmittel-in-zip-dispenserboxen-300-x-045-m\/","og_locale":"de_DE","og_type":"article","og_title":"Rolle Stretchfolie f\u00fcr Lebensmittel in Zip-Dispenserboxen 300 x 0,45 m","og_description":"Entdecken Sie unsere Stretchfolie f\u00fcr Lebensmittel 300 x 0,45 m in einer Spenderbox mit Rei\u00dfverschluss! Ideal f\u00fcr Gastronomen, Caterer und Privatpersonen.","og_url":"https:\/\/www.csj-emballages.com\/de\/produit\/rolle-stretchfolie-fuer-lebensmittel-in-zip-dispenserboxen-300-x-045-m\/","og_site_name":"CSJ Emballages","article_publisher":"https:\/\/www.facebook.com\/csjemballages","article_modified_time":"2026-05-01T00:12:44+00:00","og_image":[{"width":800,"height":800,"url":"https:\/\/www.csj-emballages.com\/wp-content\/uploads\/2024\/03\/FL45ZIP.webp","type":"image\/webp"}],"twitter_card":"summary_large_image","twitter_misc":{"Gesch\u00e4tzte Lesezeit":"1\u00a0Minute"},"schema":{"@context":"https:\/\/schema.org","@graph":[{"@type":"WebPage","@id":"https:\/\/www.csj-emballages.com\/de\/produit\/rolle-stretchfolie-fuer-lebensmittel-in-zip-dispenserboxen-300-x-045-m\/","url":"https:\/\/www.csj-emballages.com\/de\/produit\/rolle-stretchfolie-fuer-lebensmittel-in-zip-dispenserboxen-300-x-045-m\/","name":"Stretchfolienrolle Lebensmittel in Zip-Dispenserboxen","isPartOf":{"@id":"https:\/\/www.csj-emballages.com\/de\/#website"},"primaryImageOfPage":{"@id":"https:\/\/www.csj-emballages.com\/de\/produit\/rolle-stretchfolie-fuer-lebensmittel-in-zip-dispenserboxen-300-x-045-m\/#primaryimage"},"image":{"@id":"https:\/\/www.csj-emballages.com\/de\/produit\/rolle-stretchfolie-fuer-lebensmittel-in-zip-dispenserboxen-300-x-045-m\/#primaryimage"},"thumbnailUrl":"https:\/\/www.csj-emballages.com\/wp-content\/uploads\/2024\/03\/FL45ZIP.webp","datePublished":"2024-03-01T15:53:35+00:00","dateModified":"2026-05-01T00:12:44+00:00","description":"Entdecken Sie unsere Stretchfolie f\u00fcr Lebensmittel 300 x 0,45 m in einer Spenderbox mit Rei\u00dfverschluss! Ideal f\u00fcr Gastronomen, Caterer und Privatpersonen.","breadcrumb":{"@id":"https:\/\/www.csj-emballages.com\/de\/produit\/rolle-stretchfolie-fuer-lebensmittel-in-zip-dispenserboxen-300-x-045-m\/#breadcrumb"},"inLanguage":"de","potentialAction":[{"@type":"ReadAction","target":["https:\/\/www.csj-emballages.com\/de\/produit\/rolle-stretchfolie-fuer-lebensmittel-in-zip-dispenserboxen-300-x-045-m\/"]}]},{"@type":"ImageObject","inLanguage":"de","@id":"https:\/\/www.csj-emballages.com\/de\/produit\/rolle-stretchfolie-fuer-lebensmittel-in-zip-dispenserboxen-300-x-045-m\/#primaryimage","url":"https:\/\/www.csj-emballages.com\/wp-content\/uploads\/2024\/03\/FL45ZIP.webp","contentUrl":"https:\/\/www.csj-emballages.com\/wp-content\/uploads\/2024\/03\/FL45ZIP.webp","width":800,"height":800,"caption":"Rouleau film \u00e9tirable"},{"@type":"BreadcrumbList","@id":"https:\/\/www.csj-emballages.com\/de\/produit\/rolle-stretchfolie-fuer-lebensmittel-in-zip-dispenserboxen-300-x-045-m\/#breadcrumb","itemListElement":[{"@type":"ListItem","position":1,"name":"Accueil","item":"https:\/\/www.csj-emballages.com\/de\/universum-lebensmittelverpackungen\/"},{"@type":"ListItem","position":2,"name":"Shop","item":"https:\/\/www.csj-emballages.com\/shop\/"},{"@type":"ListItem","position":3,"name":"Rolle Stretchfolie f\u00fcr Lebensmittel in Zip-Dispenserboxen 300 x 0,45 m"}]},{"@type":"WebSite","@id":"https:\/\/www.csj-emballages.com\/de\/#website","url":"https:\/\/www.csj-emballages.com\/de\/","name":"CSJ Emballages","description":"","publisher":{"@id":"https:\/\/www.csj-emballages.com\/de\/#organization"},"potentialAction":[{"@type":"SearchAction","target":{"@type":"EntryPoint","urlTemplate":"https:\/\/www.csj-emballages.com\/de\/?s={search_term_string}"},"query-input":{"@type":"PropertyValueSpecification","valueRequired":true,"valueName":"search_term_string"}}],"inLanguage":"de"},{"@type":"Organization","@id":"https:\/\/www.csj-emballages.com\/de\/#Organization\/","name":"CSJ Emballages","url":"https:\/\/www.csj-emballages.com\/de\/","logo":{"@type":"ImageObject","inLanguage":"de","@id":"https:\/\/www.csj-emballages.com\/de\/#\/schema\/logo\/image\/","url":"https:\/\/www.csj-emballages.com\/wp-content\/uploads\/2023\/10\/logo_csj.webp","contentUrl":"https:\/\/www.csj-emballages.com\/wp-content\/uploads\/2023\/10\/logo_csj.webp","width":250,"height":95,"caption":"CSJ Emballages"},"image":{"@id":"https:\/\/www.csj-emballages.com\/de\/#\/schema\/logo\/image\/"},"sameAs":["https:\/\/www.facebook.com\/csjemballages"],"address":{"@type":"PostalAddress","streetAddress":"ZI La Lechere","addressLocality":"Patornay","postalCode":"39130","addressCountry":"FR"},"contactPoint":[{"@type":"ContactPoint","contactType":"Service client","telephone":"0384254272","email":"contact@csj-emballages.com"}]}]}},"df_price":8.95,"df_sale_price":"","df_regular_price":8.95,"df_image_link":"https:\/\/www.csj-emballages.com\/wp-content\/uploads\/2024\/03\/FL45ZIP-300x300.webp","tiered_pricing_type":"fixed","tiered_pricing_fixed_rules":[],"tiered_pricing_percentage_rules":[],"tiered_pricing_minimum":1,"tiered_pricing_roles_data":[],"_links":{"self":[{"href":"https:\/\/www.csj-emballages.com\/de\/wp-json\/wp\/v2\/product\/20888","targetHints":{"allow":["GET"]}}],"collection":[{"href":"https:\/\/www.csj-emballages.com\/de\/wp-json\/wp\/v2\/product"}],"about":[{"href":"https:\/\/www.csj-emballages.com\/de\/wp-json\/wp\/v2\/types\/product"}],"wp:featuredmedia":[{"embeddable":true,"href":"https:\/\/www.csj-emballages.com\/de\/wp-json\/wp\/v2\/media\/273515"}],"wp:attachment":[{"href":"https:\/\/www.csj-emballages.com\/de\/wp-json\/wp\/v2\/media?parent=20888"}],"wp:term":[{"taxonomy":"product_brand","embeddable":true,"href":"https:\/\/www.csj-emballages.com\/de\/wp-json\/wp\/v2\/product_brand?post=20888"},{"taxonomy":"product_cat","embeddable":true,"href":"https:\/\/www.csj-emballages.com\/de\/wp-json\/wp\/v2\/product_cat?post=20888"},{"taxonomy":"product_tag","embeddable":true,"href":"https:\/\/www.csj-emballages.com\/de\/wp-json\/wp\/v2\/product_tag?post=20888"}],"curies":[{"name":"wp","href":"https:\/\/api.w.org\/{rel}","templated":true}]}}