{"id":20875,"date":"2024-03-01T16:53:34","date_gmt":"2024-03-01T15:53:34","guid":{"rendered":"https:\/\/u15jnbdpoq.preview.infomaniak.website\/produit\/10-einweg-kristall-champagnerglaeser-aus-kunststoff-13-5-cl\/"},"modified":"2026-05-06T02:14:08","modified_gmt":"2026-05-06T00:14:08","slug":"10-einweg-kristall-champagnerglaeser-aus-kunststoff-13-5-cl","status":"publish","type":"product","link":"https:\/\/www.csj-emballages.com\/de\/produit\/10-einweg-kristall-champagnerglaeser-aus-kunststoff-13-5-cl\/","title":{"rendered":"10 Einweg-Kristall-Champagnergl\u00e4ser aus Kunststoff 13.5 cl"},"content":{"rendered":"<h2><span>Einweg-Kristall-Champagnergl\u00e4ser aus Kunststoff 135 ml<\/span><\/h2>\n<p><span>&nbsp;<\/span><\/p>\n<p><span>Beschreibung :<\/span><\/p>\n<p><span>&nbsp;<\/span><\/p>\n<p><span>Entdecken Sie die Einweg-Kristallfl\u00f6ten aus Kunststoff 13.5 cl<\/span><\/p>\n<p><span>&nbsp;<\/span><\/p>\n<p><span>Einweg-Champagnergl\u00e4ser aus Kunststoff werden vor allem bei Mahlzeiten, Hochzeiten, Geburtstagen und anderen festlichen Anl\u00e4ssen verwendet.<\/span><\/p>\n<p><span>Diese festlichen Einweggl\u00e4ser sind ideal, um den Champagner darin zu pr\u00e4sentieren und zur Geltung zu bringen.<\/span><\/p>\n<p><span>Dieses Glas hat mehrere Vorteile, es bricht nicht, seine l\u00e4ngliche Form verleiht ihm eine sehr \u00e4sthetische Seite und au\u00dferdem ist diese Fl\u00f6te ein Monoblock, so dass Sie nicht Gefahr laufen, dass sich der Stiel des Glases l\u00f6st.<\/span><\/p>\n<p><span>Auch in 10cl erh\u00e4ltlich<\/span><\/p>\n<p><span>&nbsp;<\/span><\/p>\n<p><span>Eigenschaften von Champagnergl\u00e4sern<\/span><\/p>\n<p><span>&nbsp;<\/span><\/p>\n<p><span>-Verkauft an Privatpersonen \/ Fachleute<\/span><\/p>\n<p><span>-Volumen: 13,5 cl im Ganzen<\/span><\/p>\n<p><span>-Gr\u00f6\u00dfe: 50 x 178 (\u00d8 x H in mm)<\/span><\/p>\n<p><span>Verpackung: Beutel mit 10 Fl\u00f6ten<\/span><\/p>\n<p><span>Verpackt in einem Beutel zum Schutz und zur einfachen Aufbewahrung.<\/span><\/p>\n<p><span>&nbsp;<\/span><\/p>\n<p><span>Material: Polystyrol<\/span><\/p>\n<p><span>&nbsp;<\/span><\/p>\n<h2><span>Entscheiden Sie sich f\u00fcr die festlichen Einweg-Kristallglasfl\u00f6ten aus Kunststoff.<\/span><\/h2>\n","protected":false},"excerpt":{"rendered":"<p>Einweg-Kristall-Champagnergl\u00e4ser aus Kunststoff 135 ml &nbsp; Beschreibung : &nbsp; Entdecken Sie die Einweg-Kristallfl\u00f6ten aus Kunststoff 13.5 cl &nbsp; Einweg-Champagnergl\u00e4ser aus Kunststoff werden vor allem bei Mahlzeiten, Hochzeiten, Geburtstagen und anderen festlichen Anl\u00e4ssen verwendet. Diese festlichen Einweggl\u00e4ser sind ideal, um den Champagner darin zu pr\u00e4sentieren und zur Geltung zu bringen. Dieses Glas hat mehrere Vorteile, es [&hellip;]<\/p>\n","protected":false},"featured_media":197813,"template":"","meta":{"_acf_changed":false},"product_brand":[],"product_cat":[1137,1469,1470],"product_tag":[],"class_list":{"0":"post-20875","1":"product","2":"type-product","3":"status-publish","4":"has-post-thumbnail","6":"product_cat-lebensmittelverpackungen","7":"product_cat-becher-glaser-eimer-flaschen","8":"product_cat-unzerbrechliche-wiederverwendbare-glaser-becher","10":"first","11":"instock","12":"taxable","13":"shipping-taxable","14":"purchasable","15":"product-type-simple"},"acf":[],"yoast_head":"<!-- This site is optimized with the Yoast SEO Premium plugin v26.6 (Yoast SEO v26.6) - https:\/\/yoast.com\/wordpress\/plugins\/seo\/ -->\n<title>10 Einweg-Kristall-Champagnergl\u00e4ser aus Kunststoff 13.5 cl \/ csj-emballages.com<\/title>\n<meta name=\"description\" content=\"Kaufen Sie Sachet von Gl\u00e4sern \/ Champagnergl\u00e4sern 135 ml! Wir bieten Ihnen einen Beutel mit 10 robusten, qualitativ hochwertigen und preiswerten Fl\u00f6ten zu DISCOUNT-Preisen an.\" \/>\n<meta name=\"robots\" content=\"index, follow, max-snippet:-1, max-image-preview:large, max-video-preview:-1\" \/>\n<link rel=\"canonical\" href=\"https:\/\/www.csj-emballages.com\/de\/produit\/10-einweg-kristall-champagnerglaeser-aus-kunststoff-13-5-cl\/\" \/>\n<meta property=\"og:locale\" content=\"de_DE\" \/>\n<meta property=\"og:type\" content=\"article\" \/>\n<meta property=\"og:title\" content=\"10 Einweg-Kristall-Champagnergl\u00e4ser aus Kunststoff 13.5 cl\" \/>\n<meta property=\"og:description\" content=\"Kaufen Sie Sachet von Gl\u00e4sern \/ Champagnergl\u00e4sern 135 ml! Wir bieten Ihnen einen Beutel mit 10 robusten, qualitativ hochwertigen und preiswerten Fl\u00f6ten zu DISCOUNT-Preisen an.\" \/>\n<meta property=\"og:url\" content=\"https:\/\/www.csj-emballages.com\/de\/produit\/10-einweg-kristall-champagnerglaeser-aus-kunststoff-13-5-cl\/\" \/>\n<meta property=\"og:site_name\" content=\"CSJ Emballages\" \/>\n<meta property=\"article:publisher\" content=\"https:\/\/www.facebook.com\/csjemballages\" \/>\n<meta property=\"article:modified_time\" content=\"2026-05-06T00:14:08+00:00\" \/>\n<meta property=\"og:image\" content=\"https:\/\/www.csj-emballages.com\/wp-content\/uploads\/2024\/03\/Flute-champagne-13ccl.webp\" \/>\n\t<meta property=\"og:image:width\" content=\"800\" \/>\n\t<meta property=\"og:image:height\" content=\"800\" \/>\n\t<meta property=\"og:image:type\" content=\"image\/webp\" \/>\n<meta name=\"twitter:card\" content=\"summary_large_image\" \/>\n<meta name=\"twitter:label1\" content=\"Gesch\u00e4tzte Lesezeit\" \/>\n\t<meta name=\"twitter:data1\" content=\"1\u00a0Minute\" \/>\n<script type=\"application\/ld+json\" class=\"yoast-schema-graph\">{\"@context\":\"https:\/\/schema.org\",\"@graph\":[{\"@type\":\"WebPage\",\"@id\":\"https:\/\/www.csj-emballages.com\/de\/produit\/10-einweg-kristall-champagnerglaeser-aus-kunststoff-13-5-cl\/\",\"url\":\"https:\/\/www.csj-emballages.com\/de\/produit\/10-einweg-kristall-champagnerglaeser-aus-kunststoff-13-5-cl\/\",\"name\":\"10 Einweg-Kristall-Champagnergl\u00e4ser aus Kunststoff 13.5 cl \/ csj-emballages.com\",\"isPartOf\":{\"@id\":\"https:\/\/www.csj-emballages.com\/de\/#website\"},\"primaryImageOfPage\":{\"@id\":\"https:\/\/www.csj-emballages.com\/de\/produit\/10-einweg-kristall-champagnerglaeser-aus-kunststoff-13-5-cl\/#primaryimage\"},\"image\":{\"@id\":\"https:\/\/www.csj-emballages.com\/de\/produit\/10-einweg-kristall-champagnerglaeser-aus-kunststoff-13-5-cl\/#primaryimage\"},\"thumbnailUrl\":\"https:\/\/www.csj-emballages.com\/wp-content\/uploads\/2024\/03\/Flute-champagne-13ccl.webp\",\"datePublished\":\"2024-03-01T15:53:34+00:00\",\"dateModified\":\"2026-05-06T00:14:08+00:00\",\"description\":\"Kaufen Sie Sachet von Gl\u00e4sern \/ Champagnergl\u00e4sern 135 ml! Wir bieten Ihnen einen Beutel mit 10 robusten, qualitativ hochwertigen und preiswerten Fl\u00f6ten zu DISCOUNT-Preisen an.\",\"breadcrumb\":{\"@id\":\"https:\/\/www.csj-emballages.com\/de\/produit\/10-einweg-kristall-champagnerglaeser-aus-kunststoff-13-5-cl\/#breadcrumb\"},\"inLanguage\":\"de\",\"potentialAction\":[{\"@type\":\"ReadAction\",\"target\":[\"https:\/\/www.csj-emballages.com\/de\/produit\/10-einweg-kristall-champagnerglaeser-aus-kunststoff-13-5-cl\/\"]}]},{\"@type\":\"ImageObject\",\"inLanguage\":\"de\",\"@id\":\"https:\/\/www.csj-emballages.com\/de\/produit\/10-einweg-kristall-champagnerglaeser-aus-kunststoff-13-5-cl\/#primaryimage\",\"url\":\"https:\/\/www.csj-emballages.com\/wp-content\/uploads\/2024\/03\/Flute-champagne-13ccl.webp\",\"contentUrl\":\"https:\/\/www.csj-emballages.com\/wp-content\/uploads\/2024\/03\/Flute-champagne-13ccl.webp\",\"width\":800,\"height\":800,\"caption\":\"Fl\u00fbte champagne\"},{\"@type\":\"BreadcrumbList\",\"@id\":\"https:\/\/www.csj-emballages.com\/de\/produit\/10-einweg-kristall-champagnerglaeser-aus-kunststoff-13-5-cl\/#breadcrumb\",\"itemListElement\":[{\"@type\":\"ListItem\",\"position\":1,\"name\":\"Accueil\",\"item\":\"https:\/\/www.csj-emballages.com\/de\/universum-lebensmittelverpackungen\/\"},{\"@type\":\"ListItem\",\"position\":2,\"name\":\"Shop\",\"item\":\"https:\/\/www.csj-emballages.com\/shop\/\"},{\"@type\":\"ListItem\",\"position\":3,\"name\":\"10 Einweg-Kristall-Champagnergl\u00e4ser aus Kunststoff 13.5 cl\"}]},{\"@type\":\"WebSite\",\"@id\":\"https:\/\/www.csj-emballages.com\/de\/#website\",\"url\":\"https:\/\/www.csj-emballages.com\/de\/\",\"name\":\"CSJ Emballages\",\"description\":\"\",\"publisher\":{\"@id\":\"https:\/\/www.csj-emballages.com\/de\/#organization\"},\"potentialAction\":[{\"@type\":\"SearchAction\",\"target\":{\"@type\":\"EntryPoint\",\"urlTemplate\":\"https:\/\/www.csj-emballages.com\/de\/?s={search_term_string}\"},\"query-input\":{\"@type\":\"PropertyValueSpecification\",\"valueRequired\":true,\"valueName\":\"search_term_string\"}}],\"inLanguage\":\"de\"},{\"@type\":\"Organization\",\"@id\":\"https:\/\/www.csj-emballages.com\/de\/#Organization\/\",\"name\":\"CSJ Emballages\",\"url\":\"https:\/\/www.csj-emballages.com\/de\/\",\"logo\":{\"@type\":\"ImageObject\",\"inLanguage\":\"de\",\"@id\":\"https:\/\/www.csj-emballages.com\/de\/#\/schema\/logo\/image\/\",\"url\":\"https:\/\/www.csj-emballages.com\/wp-content\/uploads\/2023\/10\/logo_csj.webp\",\"contentUrl\":\"https:\/\/www.csj-emballages.com\/wp-content\/uploads\/2023\/10\/logo_csj.webp\",\"width\":250,\"height\":95,\"caption\":\"CSJ Emballages\"},\"image\":{\"@id\":\"https:\/\/www.csj-emballages.com\/de\/#\/schema\/logo\/image\/\"},\"sameAs\":[\"https:\/\/www.facebook.com\/csjemballages\"],\"address\":{\"@type\":\"PostalAddress\",\"streetAddress\":\"ZI La Lechere\",\"addressLocality\":\"Patornay\",\"postalCode\":\"39130\",\"addressCountry\":\"FR\"},\"contactPoint\":[{\"@type\":\"ContactPoint\",\"contactType\":\"Service client\",\"telephone\":\"0384254272\",\"email\":\"contact@csj-emballages.com\"}]}]}<\/script>\n<!-- \/ Yoast SEO Premium plugin. -->","yoast_head_json":{"title":"10 Einweg-Kristall-Champagnergl\u00e4ser aus Kunststoff 13.5 cl \/ csj-emballages.com","description":"Kaufen Sie Sachet von Gl\u00e4sern \/ Champagnergl\u00e4sern 135 ml! Wir bieten Ihnen einen Beutel mit 10 robusten, qualitativ hochwertigen und preiswerten Fl\u00f6ten zu DISCOUNT-Preisen an.","robots":{"index":"index","follow":"follow","max-snippet":"max-snippet:-1","max-image-preview":"max-image-preview:large","max-video-preview":"max-video-preview:-1"},"canonical":"https:\/\/www.csj-emballages.com\/de\/produit\/10-einweg-kristall-champagnerglaeser-aus-kunststoff-13-5-cl\/","og_locale":"de_DE","og_type":"article","og_title":"10 Einweg-Kristall-Champagnergl\u00e4ser aus Kunststoff 13.5 cl","og_description":"Kaufen Sie Sachet von Gl\u00e4sern \/ Champagnergl\u00e4sern 135 ml! Wir bieten Ihnen einen Beutel mit 10 robusten, qualitativ hochwertigen und preiswerten Fl\u00f6ten zu DISCOUNT-Preisen an.","og_url":"https:\/\/www.csj-emballages.com\/de\/produit\/10-einweg-kristall-champagnerglaeser-aus-kunststoff-13-5-cl\/","og_site_name":"CSJ Emballages","article_publisher":"https:\/\/www.facebook.com\/csjemballages","article_modified_time":"2026-05-06T00:14:08+00:00","og_image":[{"width":800,"height":800,"url":"https:\/\/www.csj-emballages.com\/wp-content\/uploads\/2024\/03\/Flute-champagne-13ccl.webp","type":"image\/webp"}],"twitter_card":"summary_large_image","twitter_misc":{"Gesch\u00e4tzte Lesezeit":"1\u00a0Minute"},"schema":{"@context":"https:\/\/schema.org","@graph":[{"@type":"WebPage","@id":"https:\/\/www.csj-emballages.com\/de\/produit\/10-einweg-kristall-champagnerglaeser-aus-kunststoff-13-5-cl\/","url":"https:\/\/www.csj-emballages.com\/de\/produit\/10-einweg-kristall-champagnerglaeser-aus-kunststoff-13-5-cl\/","name":"10 Einweg-Kristall-Champagnergl\u00e4ser aus Kunststoff 13.5 cl \/ csj-emballages.com","isPartOf":{"@id":"https:\/\/www.csj-emballages.com\/de\/#website"},"primaryImageOfPage":{"@id":"https:\/\/www.csj-emballages.com\/de\/produit\/10-einweg-kristall-champagnerglaeser-aus-kunststoff-13-5-cl\/#primaryimage"},"image":{"@id":"https:\/\/www.csj-emballages.com\/de\/produit\/10-einweg-kristall-champagnerglaeser-aus-kunststoff-13-5-cl\/#primaryimage"},"thumbnailUrl":"https:\/\/www.csj-emballages.com\/wp-content\/uploads\/2024\/03\/Flute-champagne-13ccl.webp","datePublished":"2024-03-01T15:53:34+00:00","dateModified":"2026-05-06T00:14:08+00:00","description":"Kaufen Sie Sachet von Gl\u00e4sern \/ Champagnergl\u00e4sern 135 ml! Wir bieten Ihnen einen Beutel mit 10 robusten, qualitativ hochwertigen und preiswerten Fl\u00f6ten zu DISCOUNT-Preisen an.","breadcrumb":{"@id":"https:\/\/www.csj-emballages.com\/de\/produit\/10-einweg-kristall-champagnerglaeser-aus-kunststoff-13-5-cl\/#breadcrumb"},"inLanguage":"de","potentialAction":[{"@type":"ReadAction","target":["https:\/\/www.csj-emballages.com\/de\/produit\/10-einweg-kristall-champagnerglaeser-aus-kunststoff-13-5-cl\/"]}]},{"@type":"ImageObject","inLanguage":"de","@id":"https:\/\/www.csj-emballages.com\/de\/produit\/10-einweg-kristall-champagnerglaeser-aus-kunststoff-13-5-cl\/#primaryimage","url":"https:\/\/www.csj-emballages.com\/wp-content\/uploads\/2024\/03\/Flute-champagne-13ccl.webp","contentUrl":"https:\/\/www.csj-emballages.com\/wp-content\/uploads\/2024\/03\/Flute-champagne-13ccl.webp","width":800,"height":800,"caption":"Fl\u00fbte champagne"},{"@type":"BreadcrumbList","@id":"https:\/\/www.csj-emballages.com\/de\/produit\/10-einweg-kristall-champagnerglaeser-aus-kunststoff-13-5-cl\/#breadcrumb","itemListElement":[{"@type":"ListItem","position":1,"name":"Accueil","item":"https:\/\/www.csj-emballages.com\/de\/universum-lebensmittelverpackungen\/"},{"@type":"ListItem","position":2,"name":"Shop","item":"https:\/\/www.csj-emballages.com\/shop\/"},{"@type":"ListItem","position":3,"name":"10 Einweg-Kristall-Champagnergl\u00e4ser aus Kunststoff 13.5 cl"}]},{"@type":"WebSite","@id":"https:\/\/www.csj-emballages.com\/de\/#website","url":"https:\/\/www.csj-emballages.com\/de\/","name":"CSJ Emballages","description":"","publisher":{"@id":"https:\/\/www.csj-emballages.com\/de\/#organization"},"potentialAction":[{"@type":"SearchAction","target":{"@type":"EntryPoint","urlTemplate":"https:\/\/www.csj-emballages.com\/de\/?s={search_term_string}"},"query-input":{"@type":"PropertyValueSpecification","valueRequired":true,"valueName":"search_term_string"}}],"inLanguage":"de"},{"@type":"Organization","@id":"https:\/\/www.csj-emballages.com\/de\/#Organization\/","name":"CSJ Emballages","url":"https:\/\/www.csj-emballages.com\/de\/","logo":{"@type":"ImageObject","inLanguage":"de","@id":"https:\/\/www.csj-emballages.com\/de\/#\/schema\/logo\/image\/","url":"https:\/\/www.csj-emballages.com\/wp-content\/uploads\/2023\/10\/logo_csj.webp","contentUrl":"https:\/\/www.csj-emballages.com\/wp-content\/uploads\/2023\/10\/logo_csj.webp","width":250,"height":95,"caption":"CSJ Emballages"},"image":{"@id":"https:\/\/www.csj-emballages.com\/de\/#\/schema\/logo\/image\/"},"sameAs":["https:\/\/www.facebook.com\/csjemballages"],"address":{"@type":"PostalAddress","streetAddress":"ZI La Lechere","addressLocality":"Patornay","postalCode":"39130","addressCountry":"FR"},"contactPoint":[{"@type":"ContactPoint","contactType":"Service client","telephone":"0384254272","email":"contact@csj-emballages.com"}]}]}},"df_price":2.65,"df_sale_price":"","df_regular_price":2.65,"df_image_link":"https:\/\/www.csj-emballages.com\/wp-content\/uploads\/2024\/03\/Flute-champagne-13ccl-300x300.webp","tiered_pricing_type":"fixed","tiered_pricing_fixed_rules":[],"tiered_pricing_percentage_rules":[],"tiered_pricing_minimum":1,"tiered_pricing_roles_data":[],"_links":{"self":[{"href":"https:\/\/www.csj-emballages.com\/de\/wp-json\/wp\/v2\/product\/20875","targetHints":{"allow":["GET"]}}],"collection":[{"href":"https:\/\/www.csj-emballages.com\/de\/wp-json\/wp\/v2\/product"}],"about":[{"href":"https:\/\/www.csj-emballages.com\/de\/wp-json\/wp\/v2\/types\/product"}],"wp:featuredmedia":[{"embeddable":true,"href":"https:\/\/www.csj-emballages.com\/de\/wp-json\/wp\/v2\/media\/197813"}],"wp:attachment":[{"href":"https:\/\/www.csj-emballages.com\/de\/wp-json\/wp\/v2\/media?parent=20875"}],"wp:term":[{"taxonomy":"product_brand","embeddable":true,"href":"https:\/\/www.csj-emballages.com\/de\/wp-json\/wp\/v2\/product_brand?post=20875"},{"taxonomy":"product_cat","embeddable":true,"href":"https:\/\/www.csj-emballages.com\/de\/wp-json\/wp\/v2\/product_cat?post=20875"},{"taxonomy":"product_tag","embeddable":true,"href":"https:\/\/www.csj-emballages.com\/de\/wp-json\/wp\/v2\/product_tag?post=20875"}],"curies":[{"name":"wp","href":"https:\/\/api.w.org\/{rel}","templated":true}]}}