{"id":20858,"date":"2024-03-01T16:53:35","date_gmt":"2024-03-01T15:53:35","guid":{"rendered":"https:\/\/u15jnbdpoq.preview.infomaniak.website\/produit\/stretchfolie-handpalette-schwarz-0-45-x-270-m\/"},"modified":"2026-05-01T02:12:46","modified_gmt":"2026-05-01T00:12:46","slug":"stretchfolie-handpalette-schwarz-0-45-x-270-m","status":"publish","type":"product","link":"https:\/\/www.csj-emballages.com\/de\/produit\/stretchfolie-handpalette-schwarz-0-45-x-270-m\/","title":{"rendered":"Schwarze manuelle Stretch-Palettenfolie 0.45 x 270 m"},"content":{"rendered":"<h2>Palettenfolie<\/h2>\n<hr>\n<h3>Entdecken Sie unsere schwarze manuelle Stretch-Palettenfolie 0.45 x 270 m<\/h3>\n<p><!--more--><\/p>\n<div class=\"flex flex-col text-sm pb-25\">\n<article class=\"text-token-text-primary w-full focus:outline-none [--shadow-height:45px] has-data-writing-block:pointer-events-none has-data-writing-block:-mt-(--shadow-height) has-data-writing-block:pt-(--shadow-height) [&amp;:has([data-writing-block])&gt;*]:pointer-events-auto scroll-mt-[calc(var(--header-height)+min(200px,max(70px,20svh)))]\" dir=\"auto\" tabindex=\"-1\" data-turn-id=\"request-69820365-5fc4-8392-ad36-ecf1a77244da-11\" data-testid=\"conversation-turn-8\" data-scroll-anchor=\"true\" data-turn=\"assistant\">\n<div class=\"text-base my-auto mx-auto pb-10 [--thread-content-margin:--spacing(4)] @w-sm\/main:[--thread-content-margin:--spacing(6)] @w-lg\/main:[--thread-content-margin:--spacing(16)] px-(--thread-content-margin)\">\n<div class=\"[--thread-content-max-width:40rem] @w-lg\/main:[--thread-content-max-width:48rem] mx-auto max-w-(--thread-content-max-width) flex-1 group\/turn-messages focus-visible:outline-hidden relative flex w-full min-w-0 flex-col agent-turn\" tabindex=\"-1\">\n<div class=\"flex max-w-full flex-col grow\">\n<div class=\"min-h-8 text-message relative flex w-full flex-col items-end gap-2 text-start break-words whitespace-normal [.text-message+&amp;]:mt-1\" dir=\"auto\" data-message-author-role=\"assistant\" data-message-id=\"93028eee-3cf6-4784-8493-abca58045561\" data-message-model-slug=\"gpt-5-2\">\n<div class=\"flex w-full flex-col gap-1 empty:hidden first:pt-[1px]\">\n<div class=\"streaming-animation markdown prose dark:prose-invert w-full wrap-break-word dark markdown-new-styling\">\n<p data-start=\"228\" data-end=\"596\">Die <strong>schwarze manuelle Stretch-Palettenfolie 0,45 x 270 m<\/strong> ist eine unverzichtbare Verpackungsl\u00f6sung f\u00fcr die <strong>Sicherung, den Schutz und den Halt von Ladungen auf Paletten<\/strong>. Entwickelt f\u00fcr den <strong>manuellen<\/strong> Gebrauch, erm\u00f6glicht sie es, Paletten bei Lagerung, Transport oder Versand schnell und effizient zu umwickeln und dabei eine ausgezeichnete Stabilit\u00e4t der Waren zu gew\u00e4hrleisten. <\/p>\n<p data-start=\"598\" data-end=\"956\">Hergestellt aus einer hochwertigen <strong>Stretchfolie<\/strong>, bietet diese <strong>Folie<\/strong> eine sehr gute Elastizit\u00e4t, die einen optimalen Halt der Ladungen ohne Rei\u00dfgefahr gew\u00e4hrleistet. Ihre <strong>Dehnbarkeit<\/strong> erm\u00f6glicht es, sich perfekt an die Formen der umwickelten Produkte anzupassen und so einen gleichm\u00e4\u00dfigen und dauerhaften Halt zu gew\u00e4hrleisten, selbst bei unregelm\u00e4\u00dfigen oder instabilen Ladungen. <\/p>\n<p data-start=\"958\" data-end=\"1293\">Die <strong>schwarze Farbe der Folie<\/strong> ist ein echter Vorteil in Bezug auf die Vertraulichkeit. Sie verdeckt den Inhalt der Paletten, reduziert das Diebstahlrisiko und sch\u00fctzt die Waren vor neugierigen Blicken. Zudem erm\u00f6glicht sie eine schnelle visuelle Identifizierung der Paletten, was die Organisation im Lager oder w\u00e4hrend des Transports erleichtert.  <\/p>\n<p data-start=\"1295\" data-end=\"1657\">Ebenso gew\u00e4hrleistet diese Palettenfolie mit einer <strong>Breite von 0,45 m und einer L\u00e4nge von 270 Metern<\/strong> eine ausgezeichnete Nutzungsautonomie, wodurch h\u00e4ufige Rollenwechsel reduziert und die Produktivit\u00e4t optimiert werden. Sie ist perfekt f\u00fcr professionelle Umgebungen wie Logistiklager, Distributionsplattformen, Gesch\u00e4fte oder Industrien geeignet. <\/p>\n<p data-start=\"1659\" data-end=\"1979\">Die <strong>manuelle Stretchfolie<\/strong> ist einfach zu handhaben und gew\u00e4hrleistet ein reibungsloses Abrollen sowie t\u00e4glichen Bedienkomfort. Vielseitig, widerstandsf\u00e4hig und wirtschaftlich, erf\u00fcllt die <strong>schwarze manuelle Stretch-Palettenfolie 0,45 x 270 m<\/strong> die Anforderungen von Fachleuten, die eine zuverl\u00e4ssige L\u00f6sung zur Palettensicherung suchen. <\/p>\n<h3 data-start=\"1986\" data-end=\"2001\" data-is-last-node=\"\" data-is-only-node=\"\"><\/h3>\n<\/div>\n<\/div>\n<\/div>\n<\/div>\n<\/div>\n<\/div>\n<\/article>\n<\/div>\n<p data-start=\"1468\" data-end=\"1819\"><!--more--><\/p>\n<h4 data-start=\"1468\" data-end=\"1819\">Vorteile :<\/h4>\n<ul>\n<li>Optimaler und gleichm\u00e4\u00dfiger Halt der Ladungen.<\/li>\n<li><strong>Robuste Stretchfolie<\/strong> mit ausgezeichneter Elastizit\u00e4t.<\/li>\n<li>Schwarze <strong>Farbe<\/strong> f\u00fcr <strong>Vertraulichkeit und Diebstahlschutz<\/strong>.<\/li>\n<li>Geeignet f\u00fcr das <strong>manuelle Umwickeln von Paletten<\/strong>.<\/li>\n<li>Gute Autonomie dank ihrer L\u00e4nge von <strong>270 m<\/strong>.<\/li>\n<li>Einfache und effiziente Anwendung im professionellen Umfeld.<\/li>\n<\/ul>\n<p>&nbsp;<\/p>\n<p><!--more--><\/p>\n<h4>Weitere Informationen :<\/h4>\n<ul>\n<li><strong>Verpackung<\/strong>: Einzeln<\/li>\n<li><strong>Breite<\/strong>: 0,45 m<\/li>\n<li><strong>L\u00e4nge<\/strong>: 270 m<\/li>\n<li><strong>Dicke<\/strong>: 17 \u00b5<\/li>\n<li><strong>Farbe<\/strong>: Schwarz<\/li>\n<li><strong>Material<\/strong>: LDPE (Polyethylen niedriger Dichte)<\/li>\n<\/ul>\n<p>&nbsp;<\/p>\n<p><!--more--><\/p>\n<p>Diese schwarze manuelle Palettenfolie ist auch in transparent erh\u00e4ltlich: <span style=\"color: #d12727;\"><a style=\"color: #d12727;\" href=\"https:\/\/www.csj-emballages.com\/produit\/film-etirable-palette-manuelle-transparent-0-45-x-270-m\/\">FLPAL45270<\/a><\/span><\/p>\n<p>&nbsp;<\/p>\n<p><!--more--><\/p>\n<p><a href=\"https:\/\/www.csj-emballages.com\/de\/categorie-produit\/industrielle-verpackungen\/palettenfolie\/\">Entdecken Sie unser weiteres Sortiment an Stretchfolien<\/a><\/p>\n","protected":false},"excerpt":{"rendered":"<p>Palettenfolie Entdecken Sie unsere schwarze manuelle Stretch-Palettenfolie 0.45 x 270 m<\/p>\n","protected":false},"featured_media":263419,"template":"","meta":{"_acf_changed":false},"product_brand":[],"product_cat":[1137,1206,2668],"product_tag":[],"class_list":{"0":"post-20858","1":"product","2":"type-product","3":"status-publish","4":"has-post-thumbnail","6":"product_cat-lebensmittelverpackungen","7":"product_cat-industrielle-verpackungen","8":"product_cat-palettenfolie","10":"first","11":"outofstock","12":"taxable","13":"shipping-taxable","14":"purchasable","15":"product-type-simple"},"acf":[],"yoast_head":"<!-- This site is optimized with the Yoast SEO Premium plugin v26.6 (Yoast SEO v26.6) - https:\/\/yoast.com\/wordpress\/plugins\/seo\/ -->\n<title>Schwarze Manuelle Stretch-Palettenfolie 0.45 x 270 m<\/title>\n<meta name=\"description\" content=\"Schwarze manuelle Stretch-Palettenfolie 0,45 x 270 m. Ideal zum Sichern, Sch\u00fctzen und Umwickeln von Paletten bei Lagerung und Transport.\" \/>\n<meta name=\"robots\" content=\"index, follow, max-snippet:-1, max-image-preview:large, max-video-preview:-1\" \/>\n<link rel=\"canonical\" href=\"https:\/\/www.csj-emballages.com\/de\/produit\/stretchfolie-handpalette-schwarz-0-45-x-270-m\/\" \/>\n<meta property=\"og:locale\" content=\"de_DE\" \/>\n<meta property=\"og:type\" content=\"article\" \/>\n<meta property=\"og:title\" content=\"Schwarze manuelle Stretch-Palettenfolie 0.45 x 270 m\" \/>\n<meta property=\"og:description\" content=\"Schwarze manuelle Stretch-Palettenfolie 0,45 x 270 m. Ideal zum Sichern, Sch\u00fctzen und Umwickeln von Paletten bei Lagerung und Transport.\" \/>\n<meta property=\"og:url\" content=\"https:\/\/www.csj-emballages.com\/de\/produit\/stretchfolie-handpalette-schwarz-0-45-x-270-m\/\" \/>\n<meta property=\"og:site_name\" content=\"CSJ Emballages\" \/>\n<meta property=\"article:publisher\" content=\"https:\/\/www.facebook.com\/csjemballages\" \/>\n<meta property=\"article:modified_time\" content=\"2026-05-01T00:12:46+00:00\" \/>\n<meta property=\"og:image\" content=\"https:\/\/www.csj-emballages.com\/wp-content\/uploads\/2024\/03\/FLPAL45270NOIR-.webp\" \/>\n\t<meta property=\"og:image:width\" content=\"800\" \/>\n\t<meta property=\"og:image:height\" content=\"800\" \/>\n\t<meta property=\"og:image:type\" content=\"image\/webp\" \/>\n<meta name=\"twitter:card\" content=\"summary_large_image\" \/>\n<meta name=\"twitter:label1\" content=\"Gesch\u00e4tzte Lesezeit\" \/>\n\t<meta name=\"twitter:data1\" content=\"2 Minuten\" \/>\n<script type=\"application\/ld+json\" class=\"yoast-schema-graph\">{\"@context\":\"https:\/\/schema.org\",\"@graph\":[{\"@type\":\"WebPage\",\"@id\":\"https:\/\/www.csj-emballages.com\/de\/produit\/stretchfolie-handpalette-schwarz-0-45-x-270-m\/\",\"url\":\"https:\/\/www.csj-emballages.com\/de\/produit\/stretchfolie-handpalette-schwarz-0-45-x-270-m\/\",\"name\":\"Schwarze Manuelle Stretch-Palettenfolie 0.45 x 270 m\",\"isPartOf\":{\"@id\":\"https:\/\/www.csj-emballages.com\/de\/#website\"},\"primaryImageOfPage\":{\"@id\":\"https:\/\/www.csj-emballages.com\/de\/produit\/stretchfolie-handpalette-schwarz-0-45-x-270-m\/#primaryimage\"},\"image\":{\"@id\":\"https:\/\/www.csj-emballages.com\/de\/produit\/stretchfolie-handpalette-schwarz-0-45-x-270-m\/#primaryimage\"},\"thumbnailUrl\":\"https:\/\/www.csj-emballages.com\/wp-content\/uploads\/2024\/03\/FLPAL45270NOIR-.webp\",\"datePublished\":\"2024-03-01T15:53:35+00:00\",\"dateModified\":\"2026-05-01T00:12:46+00:00\",\"description\":\"Schwarze manuelle Stretch-Palettenfolie 0,45 x 270 m. Ideal zum Sichern, Sch\u00fctzen und Umwickeln von Paletten bei Lagerung und Transport.\",\"breadcrumb\":{\"@id\":\"https:\/\/www.csj-emballages.com\/de\/produit\/stretchfolie-handpalette-schwarz-0-45-x-270-m\/#breadcrumb\"},\"inLanguage\":\"de\",\"potentialAction\":[{\"@type\":\"ReadAction\",\"target\":[\"https:\/\/www.csj-emballages.com\/de\/produit\/stretchfolie-handpalette-schwarz-0-45-x-270-m\/\"]}]},{\"@type\":\"ImageObject\",\"inLanguage\":\"de\",\"@id\":\"https:\/\/www.csj-emballages.com\/de\/produit\/stretchfolie-handpalette-schwarz-0-45-x-270-m\/#primaryimage\",\"url\":\"https:\/\/www.csj-emballages.com\/wp-content\/uploads\/2024\/03\/FLPAL45270NOIR-.webp\",\"contentUrl\":\"https:\/\/www.csj-emballages.com\/wp-content\/uploads\/2024\/03\/FLPAL45270NOIR-.webp\",\"width\":800,\"height\":800,\"caption\":\"Film palette noir\"},{\"@type\":\"BreadcrumbList\",\"@id\":\"https:\/\/www.csj-emballages.com\/de\/produit\/stretchfolie-handpalette-schwarz-0-45-x-270-m\/#breadcrumb\",\"itemListElement\":[{\"@type\":\"ListItem\",\"position\":1,\"name\":\"Accueil\",\"item\":\"https:\/\/www.csj-emballages.com\/de\/universum-lebensmittelverpackungen\/\"},{\"@type\":\"ListItem\",\"position\":2,\"name\":\"Shop\",\"item\":\"https:\/\/www.csj-emballages.com\/shop\/\"},{\"@type\":\"ListItem\",\"position\":3,\"name\":\"Schwarze manuelle Stretch-Palettenfolie 0.45 x 270 m\"}]},{\"@type\":\"WebSite\",\"@id\":\"https:\/\/www.csj-emballages.com\/de\/#website\",\"url\":\"https:\/\/www.csj-emballages.com\/de\/\",\"name\":\"CSJ Emballages\",\"description\":\"\",\"publisher\":{\"@id\":\"https:\/\/www.csj-emballages.com\/de\/#organization\"},\"potentialAction\":[{\"@type\":\"SearchAction\",\"target\":{\"@type\":\"EntryPoint\",\"urlTemplate\":\"https:\/\/www.csj-emballages.com\/de\/?s={search_term_string}\"},\"query-input\":{\"@type\":\"PropertyValueSpecification\",\"valueRequired\":true,\"valueName\":\"search_term_string\"}}],\"inLanguage\":\"de\"},{\"@type\":\"Organization\",\"@id\":\"https:\/\/www.csj-emballages.com\/de\/#Organization\/\",\"name\":\"CSJ Emballages\",\"url\":\"https:\/\/www.csj-emballages.com\/de\/\",\"logo\":{\"@type\":\"ImageObject\",\"inLanguage\":\"de\",\"@id\":\"https:\/\/www.csj-emballages.com\/de\/#\/schema\/logo\/image\/\",\"url\":\"https:\/\/www.csj-emballages.com\/wp-content\/uploads\/2023\/10\/logo_csj.webp\",\"contentUrl\":\"https:\/\/www.csj-emballages.com\/wp-content\/uploads\/2023\/10\/logo_csj.webp\",\"width\":250,\"height\":95,\"caption\":\"CSJ Emballages\"},\"image\":{\"@id\":\"https:\/\/www.csj-emballages.com\/de\/#\/schema\/logo\/image\/\"},\"sameAs\":[\"https:\/\/www.facebook.com\/csjemballages\"],\"address\":{\"@type\":\"PostalAddress\",\"streetAddress\":\"ZI La Lechere\",\"addressLocality\":\"Patornay\",\"postalCode\":\"39130\",\"addressCountry\":\"FR\"},\"contactPoint\":[{\"@type\":\"ContactPoint\",\"contactType\":\"Service client\",\"telephone\":\"0384254272\",\"email\":\"contact@csj-emballages.com\"}]}]}<\/script>\n<!-- \/ Yoast SEO Premium plugin. -->","yoast_head_json":{"title":"Schwarze Manuelle Stretch-Palettenfolie 0.45 x 270 m","description":"Schwarze manuelle Stretch-Palettenfolie 0,45 x 270 m. Ideal zum Sichern, Sch\u00fctzen und Umwickeln von Paletten bei Lagerung und Transport.","robots":{"index":"index","follow":"follow","max-snippet":"max-snippet:-1","max-image-preview":"max-image-preview:large","max-video-preview":"max-video-preview:-1"},"canonical":"https:\/\/www.csj-emballages.com\/de\/produit\/stretchfolie-handpalette-schwarz-0-45-x-270-m\/","og_locale":"de_DE","og_type":"article","og_title":"Schwarze manuelle Stretch-Palettenfolie 0.45 x 270 m","og_description":"Schwarze manuelle Stretch-Palettenfolie 0,45 x 270 m. Ideal zum Sichern, Sch\u00fctzen und Umwickeln von Paletten bei Lagerung und Transport.","og_url":"https:\/\/www.csj-emballages.com\/de\/produit\/stretchfolie-handpalette-schwarz-0-45-x-270-m\/","og_site_name":"CSJ Emballages","article_publisher":"https:\/\/www.facebook.com\/csjemballages","article_modified_time":"2026-05-01T00:12:46+00:00","og_image":[{"width":800,"height":800,"url":"https:\/\/www.csj-emballages.com\/wp-content\/uploads\/2024\/03\/FLPAL45270NOIR-.webp","type":"image\/webp"}],"twitter_card":"summary_large_image","twitter_misc":{"Gesch\u00e4tzte Lesezeit":"2 Minuten"},"schema":{"@context":"https:\/\/schema.org","@graph":[{"@type":"WebPage","@id":"https:\/\/www.csj-emballages.com\/de\/produit\/stretchfolie-handpalette-schwarz-0-45-x-270-m\/","url":"https:\/\/www.csj-emballages.com\/de\/produit\/stretchfolie-handpalette-schwarz-0-45-x-270-m\/","name":"Schwarze Manuelle Stretch-Palettenfolie 0.45 x 270 m","isPartOf":{"@id":"https:\/\/www.csj-emballages.com\/de\/#website"},"primaryImageOfPage":{"@id":"https:\/\/www.csj-emballages.com\/de\/produit\/stretchfolie-handpalette-schwarz-0-45-x-270-m\/#primaryimage"},"image":{"@id":"https:\/\/www.csj-emballages.com\/de\/produit\/stretchfolie-handpalette-schwarz-0-45-x-270-m\/#primaryimage"},"thumbnailUrl":"https:\/\/www.csj-emballages.com\/wp-content\/uploads\/2024\/03\/FLPAL45270NOIR-.webp","datePublished":"2024-03-01T15:53:35+00:00","dateModified":"2026-05-01T00:12:46+00:00","description":"Schwarze manuelle Stretch-Palettenfolie 0,45 x 270 m. Ideal zum Sichern, Sch\u00fctzen und Umwickeln von Paletten bei Lagerung und Transport.","breadcrumb":{"@id":"https:\/\/www.csj-emballages.com\/de\/produit\/stretchfolie-handpalette-schwarz-0-45-x-270-m\/#breadcrumb"},"inLanguage":"de","potentialAction":[{"@type":"ReadAction","target":["https:\/\/www.csj-emballages.com\/de\/produit\/stretchfolie-handpalette-schwarz-0-45-x-270-m\/"]}]},{"@type":"ImageObject","inLanguage":"de","@id":"https:\/\/www.csj-emballages.com\/de\/produit\/stretchfolie-handpalette-schwarz-0-45-x-270-m\/#primaryimage","url":"https:\/\/www.csj-emballages.com\/wp-content\/uploads\/2024\/03\/FLPAL45270NOIR-.webp","contentUrl":"https:\/\/www.csj-emballages.com\/wp-content\/uploads\/2024\/03\/FLPAL45270NOIR-.webp","width":800,"height":800,"caption":"Film palette noir"},{"@type":"BreadcrumbList","@id":"https:\/\/www.csj-emballages.com\/de\/produit\/stretchfolie-handpalette-schwarz-0-45-x-270-m\/#breadcrumb","itemListElement":[{"@type":"ListItem","position":1,"name":"Accueil","item":"https:\/\/www.csj-emballages.com\/de\/universum-lebensmittelverpackungen\/"},{"@type":"ListItem","position":2,"name":"Shop","item":"https:\/\/www.csj-emballages.com\/shop\/"},{"@type":"ListItem","position":3,"name":"Schwarze manuelle Stretch-Palettenfolie 0.45 x 270 m"}]},{"@type":"WebSite","@id":"https:\/\/www.csj-emballages.com\/de\/#website","url":"https:\/\/www.csj-emballages.com\/de\/","name":"CSJ Emballages","description":"","publisher":{"@id":"https:\/\/www.csj-emballages.com\/de\/#organization"},"potentialAction":[{"@type":"SearchAction","target":{"@type":"EntryPoint","urlTemplate":"https:\/\/www.csj-emballages.com\/de\/?s={search_term_string}"},"query-input":{"@type":"PropertyValueSpecification","valueRequired":true,"valueName":"search_term_string"}}],"inLanguage":"de"},{"@type":"Organization","@id":"https:\/\/www.csj-emballages.com\/de\/#Organization\/","name":"CSJ Emballages","url":"https:\/\/www.csj-emballages.com\/de\/","logo":{"@type":"ImageObject","inLanguage":"de","@id":"https:\/\/www.csj-emballages.com\/de\/#\/schema\/logo\/image\/","url":"https:\/\/www.csj-emballages.com\/wp-content\/uploads\/2023\/10\/logo_csj.webp","contentUrl":"https:\/\/www.csj-emballages.com\/wp-content\/uploads\/2023\/10\/logo_csj.webp","width":250,"height":95,"caption":"CSJ Emballages"},"image":{"@id":"https:\/\/www.csj-emballages.com\/de\/#\/schema\/logo\/image\/"},"sameAs":["https:\/\/www.facebook.com\/csjemballages"],"address":{"@type":"PostalAddress","streetAddress":"ZI La Lechere","addressLocality":"Patornay","postalCode":"39130","addressCountry":"FR"},"contactPoint":[{"@type":"ContactPoint","contactType":"Service client","telephone":"0384254272","email":"contact@csj-emballages.com"}]}]}},"df_price":12.55,"df_sale_price":"","df_regular_price":12.55,"df_image_link":"https:\/\/www.csj-emballages.com\/wp-content\/uploads\/2024\/03\/FLPAL45270NOIR--300x300.webp","tiered_pricing_type":"fixed","tiered_pricing_fixed_rules":[],"tiered_pricing_percentage_rules":[],"tiered_pricing_minimum":1,"tiered_pricing_roles_data":[],"_links":{"self":[{"href":"https:\/\/www.csj-emballages.com\/de\/wp-json\/wp\/v2\/product\/20858","targetHints":{"allow":["GET"]}}],"collection":[{"href":"https:\/\/www.csj-emballages.com\/de\/wp-json\/wp\/v2\/product"}],"about":[{"href":"https:\/\/www.csj-emballages.com\/de\/wp-json\/wp\/v2\/types\/product"}],"wp:featuredmedia":[{"embeddable":true,"href":"https:\/\/www.csj-emballages.com\/de\/wp-json\/wp\/v2\/media\/263419"}],"wp:attachment":[{"href":"https:\/\/www.csj-emballages.com\/de\/wp-json\/wp\/v2\/media?parent=20858"}],"wp:term":[{"taxonomy":"product_brand","embeddable":true,"href":"https:\/\/www.csj-emballages.com\/de\/wp-json\/wp\/v2\/product_brand?post=20858"},{"taxonomy":"product_cat","embeddable":true,"href":"https:\/\/www.csj-emballages.com\/de\/wp-json\/wp\/v2\/product_cat?post=20858"},{"taxonomy":"product_tag","embeddable":true,"href":"https:\/\/www.csj-emballages.com\/de\/wp-json\/wp\/v2\/product_tag?post=20858"}],"curies":[{"name":"wp","href":"https:\/\/api.w.org\/{rel}","templated":true}]}}