{"id":20854,"date":"2024-03-01T16:53:36","date_gmt":"2024-03-01T15:53:36","guid":{"rendered":"https:\/\/u15jnbdpoq.preview.infomaniak.website\/produit\/linalta-sl-38-1500-x-0-45-m-pvc-stretchfolie-fuer-lebensmittel-in-nachfuellpackungen\/"},"modified":"2026-05-06T02:14:05","modified_gmt":"2026-05-06T00:14:05","slug":"linalta-sl-38-1500-x-0-45-m-pvc-stretchfolie-fuer-lebensmittel-in-nachfuellpackungen","status":"publish","type":"product","link":"https:\/\/www.csj-emballages.com\/de\/produit\/linalta-sl-38-1500-x-0-45-m-pvc-stretchfolie-fuer-lebensmittel-in-nachfuellpackungen\/","title":{"rendered":"LINALTA SL 38 1500 x 0.45 m PVC Stretchfolie f\u00fcr Lebensmittel in Nachf\u00fcllpackungen"},"content":{"rendered":"<h2><strong>Stretchfolie f\u00fcr Lebensmittel in Nachf\u00fcllpackungen LINALTA SL PVC<\/strong><\/h2>\n<div style=\"box-sizing: inherit; font-family: Roboto, sans-serif;\">\n<div style=\"box-sizing: inherit; font-family: Roboto, sans-serif;\">\n<div style=\"box-sizing: inherit; font-family: Roboto, sans-serif;\">\n<div style=\"box-sizing: inherit; font-family: Roboto, sans-serif;\">\n<div style=\"box-sizing: inherit; font-family: Roboto, sans-serif;\">\n<div style=\"box-sizing: inherit; font-family: Roboto, sans-serif;\">\n<hr>\n<h3>Beschreibung des Produkts<\/h3>\n<p><!--more--><\/p>\n<p>Die Lebensmittel-Stretchfolie Nachf\u00fcllpackung LINALTA SL PVC ist ideal zum Einwickeln von Lebensmittelschalen. Denn ihre spezielle Zusammensetzung garantiert eine optimale Haltbarkeit der Lebensmittel. Dar\u00fcber hinaus ist diese Stretchfolie f\u00fcr eine einfache und schnelle Anwendung konzipiert. So passt sie sich perfekt an die Bed\u00fcrfnisse von Profis und Privatpersonen an.   <\/p>\n<p>Au\u00dferdem l\u00e4sst sich der Inhalt der Schalen dank seiner Transparenz leicht \u00fcberpr\u00fcfen. Beim Nachf\u00fcllen ist er aufgrund seiner L\u00e4nge von 1500 m kosteng\u00fcnstig und praktisch. <\/p>\n<p>Alles in allem ist die LINALTA SL PVC-Stretchfolie unverzichtbar, um Ihre Lebensmittel sicher aufzubewahren. Sie ist in verschiedenen L\u00e4ngen erh\u00e4ltlich, um sich all Ihren Bed\u00fcrfnissen anzupassen. <\/p>\n<p><strong>Seine Vorteile :<\/strong><\/p>\n<ul>\n<li><strong>Optimale Konservierung: <\/strong>Die Folie sorgt f\u00fcr eine l\u00e4ngere Frische der Lebensmittel und verhindert Austrocknung und Kontamination.<\/li>\n<li><strong>Sparsam und praktisch<\/strong>: Erh\u00e4ltlich in Nachf\u00fcllpackungen, die die Kosten senken und den schnellen Austausch der Folie erleichtern. Dasselbe gilt f\u00fcr seine L\u00e4nge von 1500 m. <\/li>\n<li><strong>Vielseitig<\/strong> einsetzbar: Erh\u00e4ltlich in verschiedenen L\u00e4ngen f\u00fcr unterschiedliche Verpackungsbed\u00fcrfnisse, sowohl f\u00fcr kleine als auch f\u00fcr gro\u00dfe Mengen an Lebensmitteln.<\/li>\n<\/ul>\n<h4>Weitere Informationen :<\/h4>\n<p>Erh\u00e4ltlich in verschiedenen Gr\u00f6\u00dfen: <span style=\"color: #d12727;\"><a style=\"color: #d12727;\" href=\"https:\/\/www.csj-emballages.com\/de\/produit\/rolle-stretchfolie-fuer-lebensmittel-in-nachfuellpackungen-300-x-030-m\/\">300 x 0,30 m<\/a><\/span> \/  <span style=\"color: #d12727;\"><a style=\"color: #d12727;\" href=\"https:\/\/www.csj-emballages.com\/de\/produit\/rolle-stretchfolie-fuer-lebensmittel-in-nachfuellpackungen-300-x-045-m\/\">300 x 0,45 m<\/a><\/span><\/p>\n<p><!--more--><\/p>\n<p><a href=\"https:\/\/www.csj-emballages.com\/de\/categorie-produit\/lebensmittelverpackungen\/metzgerei-und-feinkostgeschaft\/lebensmittelfolien\/stretchfolie-fur-lebensmittel-in-nachfullpackungen\/\">Sehen Sie sich den Rest unseres Sortiments an Frischhaltefolie in Nachf\u00fcllpackungen an.  <\/a><\/p>\n<\/div>\n<\/div>\n<\/div>\n<\/div>\n<\/div>\n<\/div>\n","protected":false},"excerpt":{"rendered":"<p>Stretchfolie f\u00fcr Lebensmittel in Nachf\u00fcllpackungen LINALTA SL PVC Beschreibung des Produkts<\/p>\n","protected":false},"featured_media":28859,"template":"","meta":{"_acf_changed":false},"product_brand":[],"product_cat":[1137,1170,2017,2664],"product_tag":[],"class_list":{"0":"post-20854","1":"product","2":"type-product","3":"status-publish","4":"has-post-thumbnail","6":"product_cat-lebensmittelverpackungen","7":"product_cat-metzgerei-und-feinkostgeschaft","8":"product_cat-lebensmittelfolien","9":"product_cat-stretchfolie-fur-lebensmittel-in-nachfullpackungen","11":"first","12":"instock","13":"taxable","14":"shipping-taxable","15":"purchasable","16":"product-type-simple"},"acf":[],"yoast_head":"<!-- This site is optimized with the Yoast SEO Premium plugin v26.6 (Yoast SEO v26.6) - https:\/\/yoast.com\/wordpress\/plugins\/seo\/ -->\n<title>Stretchfolie f\u00fcr Lebensmittel Nachf\u00fcllpackung LINALTA SL 38 \/ 1500 x 0.45 m<\/title>\n<meta name=\"description\" content=\"Nachf\u00fcllbare Lebensmittelstretchfolie LINALTA SL PVC - 1500 x 0.45 m im Nachf\u00fcllpack! Diese Folienrolle wurde f\u00fcr die Verpackung von Lebensmittelschalen entwickelt.\" \/>\n<meta name=\"robots\" content=\"index, follow, max-snippet:-1, max-image-preview:large, max-video-preview:-1\" \/>\n<link rel=\"canonical\" href=\"https:\/\/www.csj-emballages.com\/de\/produit\/linalta-sl-38-1500-x-0-45-m-pvc-stretchfolie-fuer-lebensmittel-in-nachfuellpackungen\/\" \/>\n<meta property=\"og:locale\" content=\"de_DE\" \/>\n<meta property=\"og:type\" content=\"article\" \/>\n<meta property=\"og:title\" content=\"LINALTA SL 38 1500 x 0.45 m PVC Stretchfolie f\u00fcr Lebensmittel in Nachf\u00fcllpackungen\" \/>\n<meta property=\"og:description\" content=\"Nachf\u00fcllbare Lebensmittelstretchfolie LINALTA SL PVC - 1500 x 0.45 m im Nachf\u00fcllpack! Diese Folienrolle wurde f\u00fcr die Verpackung von Lebensmittelschalen entwickelt.\" \/>\n<meta property=\"og:url\" content=\"https:\/\/www.csj-emballages.com\/de\/produit\/linalta-sl-38-1500-x-0-45-m-pvc-stretchfolie-fuer-lebensmittel-in-nachfuellpackungen\/\" \/>\n<meta property=\"og:site_name\" content=\"CSJ Emballages\" \/>\n<meta property=\"article:publisher\" content=\"https:\/\/www.facebook.com\/csjemballages\" \/>\n<meta property=\"article:modified_time\" content=\"2026-05-06T00:14:05+00:00\" \/>\n<meta property=\"og:image\" content=\"https:\/\/www.csj-emballages.com\/wp-content\/uploads\/2024\/03\/Capture_d_ecran_2024-07-08_a_11.01.31-removebg-preview-Small-1-jpeg-e1720429466436.webp\" \/>\n\t<meta property=\"og:image:width\" content=\"1148\" \/>\n\t<meta property=\"og:image:height\" content=\"1152\" \/>\n\t<meta property=\"og:image:type\" content=\"image\/jpeg\" \/>\n<meta name=\"twitter:card\" content=\"summary_large_image\" \/>\n<meta name=\"twitter:label1\" content=\"Gesch\u00e4tzte Lesezeit\" \/>\n\t<meta name=\"twitter:data1\" content=\"1\u00a0Minute\" \/>\n<script type=\"application\/ld+json\" class=\"yoast-schema-graph\">{\"@context\":\"https:\/\/schema.org\",\"@graph\":[{\"@type\":\"WebPage\",\"@id\":\"https:\/\/www.csj-emballages.com\/de\/produit\/linalta-sl-38-1500-x-0-45-m-pvc-stretchfolie-fuer-lebensmittel-in-nachfuellpackungen\/\",\"url\":\"https:\/\/www.csj-emballages.com\/de\/produit\/linalta-sl-38-1500-x-0-45-m-pvc-stretchfolie-fuer-lebensmittel-in-nachfuellpackungen\/\",\"name\":\"Stretchfolie f\u00fcr Lebensmittel Nachf\u00fcllpackung LINALTA SL 38 \/ 1500 x 0.45 m\",\"isPartOf\":{\"@id\":\"https:\/\/www.csj-emballages.com\/de\/#website\"},\"primaryImageOfPage\":{\"@id\":\"https:\/\/www.csj-emballages.com\/de\/produit\/linalta-sl-38-1500-x-0-45-m-pvc-stretchfolie-fuer-lebensmittel-in-nachfuellpackungen\/#primaryimage\"},\"image\":{\"@id\":\"https:\/\/www.csj-emballages.com\/de\/produit\/linalta-sl-38-1500-x-0-45-m-pvc-stretchfolie-fuer-lebensmittel-in-nachfuellpackungen\/#primaryimage\"},\"thumbnailUrl\":\"https:\/\/www.csj-emballages.com\/wp-content\/uploads\/2024\/03\/Capture_d_ecran_2024-07-08_a_11.01.31-removebg-preview-Small-1-jpeg-e1720429466436.webp\",\"datePublished\":\"2024-03-01T15:53:36+00:00\",\"dateModified\":\"2026-05-06T00:14:05+00:00\",\"description\":\"Nachf\u00fcllbare Lebensmittelstretchfolie LINALTA SL PVC - 1500 x 0.45 m im Nachf\u00fcllpack! Diese Folienrolle wurde f\u00fcr die Verpackung von Lebensmittelschalen entwickelt.\",\"breadcrumb\":{\"@id\":\"https:\/\/www.csj-emballages.com\/de\/produit\/linalta-sl-38-1500-x-0-45-m-pvc-stretchfolie-fuer-lebensmittel-in-nachfuellpackungen\/#breadcrumb\"},\"inLanguage\":\"de\",\"potentialAction\":[{\"@type\":\"ReadAction\",\"target\":[\"https:\/\/www.csj-emballages.com\/de\/produit\/linalta-sl-38-1500-x-0-45-m-pvc-stretchfolie-fuer-lebensmittel-in-nachfuellpackungen\/\"]}]},{\"@type\":\"ImageObject\",\"inLanguage\":\"de\",\"@id\":\"https:\/\/www.csj-emballages.com\/de\/produit\/linalta-sl-38-1500-x-0-45-m-pvc-stretchfolie-fuer-lebensmittel-in-nachfuellpackungen\/#primaryimage\",\"url\":\"https:\/\/www.csj-emballages.com\/wp-content\/uploads\/2024\/03\/Capture_d_ecran_2024-07-08_a_11.01.31-removebg-preview-Small-1-jpeg-e1720429466436.webp\",\"contentUrl\":\"https:\/\/www.csj-emballages.com\/wp-content\/uploads\/2024\/03\/Capture_d_ecran_2024-07-08_a_11.01.31-removebg-preview-Small-1-jpeg-e1720429466436.webp\",\"width\":1148,\"height\":1152,\"caption\":\"Film \u00e9tirable alimentaire recharge\"},{\"@type\":\"BreadcrumbList\",\"@id\":\"https:\/\/www.csj-emballages.com\/de\/produit\/linalta-sl-38-1500-x-0-45-m-pvc-stretchfolie-fuer-lebensmittel-in-nachfuellpackungen\/#breadcrumb\",\"itemListElement\":[{\"@type\":\"ListItem\",\"position\":1,\"name\":\"Accueil\",\"item\":\"https:\/\/www.csj-emballages.com\/de\/universum-lebensmittelverpackungen\/\"},{\"@type\":\"ListItem\",\"position\":2,\"name\":\"Shop\",\"item\":\"https:\/\/www.csj-emballages.com\/shop\/\"},{\"@type\":\"ListItem\",\"position\":3,\"name\":\"LINALTA SL 38 1500 x 0.45 m PVC Stretchfolie f\u00fcr Lebensmittel in Nachf\u00fcllpackungen\"}]},{\"@type\":\"WebSite\",\"@id\":\"https:\/\/www.csj-emballages.com\/de\/#website\",\"url\":\"https:\/\/www.csj-emballages.com\/de\/\",\"name\":\"CSJ Emballages\",\"description\":\"\",\"publisher\":{\"@id\":\"https:\/\/www.csj-emballages.com\/de\/#organization\"},\"potentialAction\":[{\"@type\":\"SearchAction\",\"target\":{\"@type\":\"EntryPoint\",\"urlTemplate\":\"https:\/\/www.csj-emballages.com\/de\/?s={search_term_string}\"},\"query-input\":{\"@type\":\"PropertyValueSpecification\",\"valueRequired\":true,\"valueName\":\"search_term_string\"}}],\"inLanguage\":\"de\"},{\"@type\":\"Organization\",\"@id\":\"https:\/\/www.csj-emballages.com\/de\/#Organization\/\",\"name\":\"CSJ Emballages\",\"url\":\"https:\/\/www.csj-emballages.com\/de\/\",\"logo\":{\"@type\":\"ImageObject\",\"inLanguage\":\"de\",\"@id\":\"https:\/\/www.csj-emballages.com\/de\/#\/schema\/logo\/image\/\",\"url\":\"https:\/\/www.csj-emballages.com\/wp-content\/uploads\/2023\/10\/logo_csj.webp\",\"contentUrl\":\"https:\/\/www.csj-emballages.com\/wp-content\/uploads\/2023\/10\/logo_csj.webp\",\"width\":250,\"height\":95,\"caption\":\"CSJ Emballages\"},\"image\":{\"@id\":\"https:\/\/www.csj-emballages.com\/de\/#\/schema\/logo\/image\/\"},\"sameAs\":[\"https:\/\/www.facebook.com\/csjemballages\"],\"address\":{\"@type\":\"PostalAddress\",\"streetAddress\":\"ZI La Lechere\",\"addressLocality\":\"Patornay\",\"postalCode\":\"39130\",\"addressCountry\":\"FR\"},\"contactPoint\":[{\"@type\":\"ContactPoint\",\"contactType\":\"Service client\",\"telephone\":\"0384254272\",\"email\":\"contact@csj-emballages.com\"}]}]}<\/script>\n<!-- \/ Yoast SEO Premium plugin. -->","yoast_head_json":{"title":"Stretchfolie f\u00fcr Lebensmittel Nachf\u00fcllpackung LINALTA SL 38 \/ 1500 x 0.45 m","description":"Nachf\u00fcllbare Lebensmittelstretchfolie LINALTA SL PVC - 1500 x 0.45 m im Nachf\u00fcllpack! Diese Folienrolle wurde f\u00fcr die Verpackung von Lebensmittelschalen entwickelt.","robots":{"index":"index","follow":"follow","max-snippet":"max-snippet:-1","max-image-preview":"max-image-preview:large","max-video-preview":"max-video-preview:-1"},"canonical":"https:\/\/www.csj-emballages.com\/de\/produit\/linalta-sl-38-1500-x-0-45-m-pvc-stretchfolie-fuer-lebensmittel-in-nachfuellpackungen\/","og_locale":"de_DE","og_type":"article","og_title":"LINALTA SL 38 1500 x 0.45 m PVC Stretchfolie f\u00fcr Lebensmittel in Nachf\u00fcllpackungen","og_description":"Nachf\u00fcllbare Lebensmittelstretchfolie LINALTA SL PVC - 1500 x 0.45 m im Nachf\u00fcllpack! Diese Folienrolle wurde f\u00fcr die Verpackung von Lebensmittelschalen entwickelt.","og_url":"https:\/\/www.csj-emballages.com\/de\/produit\/linalta-sl-38-1500-x-0-45-m-pvc-stretchfolie-fuer-lebensmittel-in-nachfuellpackungen\/","og_site_name":"CSJ Emballages","article_publisher":"https:\/\/www.facebook.com\/csjemballages","article_modified_time":"2026-05-06T00:14:05+00:00","og_image":[{"width":1148,"height":1152,"url":"https:\/\/www.csj-emballages.com\/wp-content\/uploads\/2024\/03\/Capture_d_ecran_2024-07-08_a_11.01.31-removebg-preview-Small-1-jpeg-e1720429466436.webp","type":"image\/jpeg"}],"twitter_card":"summary_large_image","twitter_misc":{"Gesch\u00e4tzte Lesezeit":"1\u00a0Minute"},"schema":{"@context":"https:\/\/schema.org","@graph":[{"@type":"WebPage","@id":"https:\/\/www.csj-emballages.com\/de\/produit\/linalta-sl-38-1500-x-0-45-m-pvc-stretchfolie-fuer-lebensmittel-in-nachfuellpackungen\/","url":"https:\/\/www.csj-emballages.com\/de\/produit\/linalta-sl-38-1500-x-0-45-m-pvc-stretchfolie-fuer-lebensmittel-in-nachfuellpackungen\/","name":"Stretchfolie f\u00fcr Lebensmittel Nachf\u00fcllpackung LINALTA SL 38 \/ 1500 x 0.45 m","isPartOf":{"@id":"https:\/\/www.csj-emballages.com\/de\/#website"},"primaryImageOfPage":{"@id":"https:\/\/www.csj-emballages.com\/de\/produit\/linalta-sl-38-1500-x-0-45-m-pvc-stretchfolie-fuer-lebensmittel-in-nachfuellpackungen\/#primaryimage"},"image":{"@id":"https:\/\/www.csj-emballages.com\/de\/produit\/linalta-sl-38-1500-x-0-45-m-pvc-stretchfolie-fuer-lebensmittel-in-nachfuellpackungen\/#primaryimage"},"thumbnailUrl":"https:\/\/www.csj-emballages.com\/wp-content\/uploads\/2024\/03\/Capture_d_ecran_2024-07-08_a_11.01.31-removebg-preview-Small-1-jpeg-e1720429466436.webp","datePublished":"2024-03-01T15:53:36+00:00","dateModified":"2026-05-06T00:14:05+00:00","description":"Nachf\u00fcllbare Lebensmittelstretchfolie LINALTA SL PVC - 1500 x 0.45 m im Nachf\u00fcllpack! Diese Folienrolle wurde f\u00fcr die Verpackung von Lebensmittelschalen entwickelt.","breadcrumb":{"@id":"https:\/\/www.csj-emballages.com\/de\/produit\/linalta-sl-38-1500-x-0-45-m-pvc-stretchfolie-fuer-lebensmittel-in-nachfuellpackungen\/#breadcrumb"},"inLanguage":"de","potentialAction":[{"@type":"ReadAction","target":["https:\/\/www.csj-emballages.com\/de\/produit\/linalta-sl-38-1500-x-0-45-m-pvc-stretchfolie-fuer-lebensmittel-in-nachfuellpackungen\/"]}]},{"@type":"ImageObject","inLanguage":"de","@id":"https:\/\/www.csj-emballages.com\/de\/produit\/linalta-sl-38-1500-x-0-45-m-pvc-stretchfolie-fuer-lebensmittel-in-nachfuellpackungen\/#primaryimage","url":"https:\/\/www.csj-emballages.com\/wp-content\/uploads\/2024\/03\/Capture_d_ecran_2024-07-08_a_11.01.31-removebg-preview-Small-1-jpeg-e1720429466436.webp","contentUrl":"https:\/\/www.csj-emballages.com\/wp-content\/uploads\/2024\/03\/Capture_d_ecran_2024-07-08_a_11.01.31-removebg-preview-Small-1-jpeg-e1720429466436.webp","width":1148,"height":1152,"caption":"Film \u00e9tirable alimentaire recharge"},{"@type":"BreadcrumbList","@id":"https:\/\/www.csj-emballages.com\/de\/produit\/linalta-sl-38-1500-x-0-45-m-pvc-stretchfolie-fuer-lebensmittel-in-nachfuellpackungen\/#breadcrumb","itemListElement":[{"@type":"ListItem","position":1,"name":"Accueil","item":"https:\/\/www.csj-emballages.com\/de\/universum-lebensmittelverpackungen\/"},{"@type":"ListItem","position":2,"name":"Shop","item":"https:\/\/www.csj-emballages.com\/shop\/"},{"@type":"ListItem","position":3,"name":"LINALTA SL 38 1500 x 0.45 m PVC Stretchfolie f\u00fcr Lebensmittel in Nachf\u00fcllpackungen"}]},{"@type":"WebSite","@id":"https:\/\/www.csj-emballages.com\/de\/#website","url":"https:\/\/www.csj-emballages.com\/de\/","name":"CSJ Emballages","description":"","publisher":{"@id":"https:\/\/www.csj-emballages.com\/de\/#organization"},"potentialAction":[{"@type":"SearchAction","target":{"@type":"EntryPoint","urlTemplate":"https:\/\/www.csj-emballages.com\/de\/?s={search_term_string}"},"query-input":{"@type":"PropertyValueSpecification","valueRequired":true,"valueName":"search_term_string"}}],"inLanguage":"de"},{"@type":"Organization","@id":"https:\/\/www.csj-emballages.com\/de\/#Organization\/","name":"CSJ Emballages","url":"https:\/\/www.csj-emballages.com\/de\/","logo":{"@type":"ImageObject","inLanguage":"de","@id":"https:\/\/www.csj-emballages.com\/de\/#\/schema\/logo\/image\/","url":"https:\/\/www.csj-emballages.com\/wp-content\/uploads\/2023\/10\/logo_csj.webp","contentUrl":"https:\/\/www.csj-emballages.com\/wp-content\/uploads\/2023\/10\/logo_csj.webp","width":250,"height":95,"caption":"CSJ Emballages"},"image":{"@id":"https:\/\/www.csj-emballages.com\/de\/#\/schema\/logo\/image\/"},"sameAs":["https:\/\/www.facebook.com\/csjemballages"],"address":{"@type":"PostalAddress","streetAddress":"ZI La Lechere","addressLocality":"Patornay","postalCode":"39130","addressCountry":"FR"},"contactPoint":[{"@type":"ContactPoint","contactType":"Service client","telephone":"0384254272","email":"contact@csj-emballages.com"}]}]}},"df_price":72.24,"df_sale_price":"","df_regular_price":72.24,"df_image_link":"https:\/\/www.csj-emballages.com\/wp-content\/uploads\/2024\/03\/Capture_d_ecran_2024-07-08_a_11.01.31-removebg-preview-Small-1-300x300.webp","tiered_pricing_type":"fixed","tiered_pricing_fixed_rules":[],"tiered_pricing_percentage_rules":[],"tiered_pricing_minimum":1,"tiered_pricing_roles_data":[],"_links":{"self":[{"href":"https:\/\/www.csj-emballages.com\/de\/wp-json\/wp\/v2\/product\/20854","targetHints":{"allow":["GET"]}}],"collection":[{"href":"https:\/\/www.csj-emballages.com\/de\/wp-json\/wp\/v2\/product"}],"about":[{"href":"https:\/\/www.csj-emballages.com\/de\/wp-json\/wp\/v2\/types\/product"}],"wp:featuredmedia":[{"embeddable":true,"href":"https:\/\/www.csj-emballages.com\/de\/wp-json\/wp\/v2\/media\/28859"}],"wp:attachment":[{"href":"https:\/\/www.csj-emballages.com\/de\/wp-json\/wp\/v2\/media?parent=20854"}],"wp:term":[{"taxonomy":"product_brand","embeddable":true,"href":"https:\/\/www.csj-emballages.com\/de\/wp-json\/wp\/v2\/product_brand?post=20854"},{"taxonomy":"product_cat","embeddable":true,"href":"https:\/\/www.csj-emballages.com\/de\/wp-json\/wp\/v2\/product_cat?post=20854"},{"taxonomy":"product_tag","embeddable":true,"href":"https:\/\/www.csj-emballages.com\/de\/wp-json\/wp\/v2\/product_tag?post=20854"}],"curies":[{"name":"wp","href":"https:\/\/api.w.org\/{rel}","templated":true}]}}