{"id":20836,"date":"2024-03-01T16:54:18","date_gmt":"2024-03-01T15:54:18","guid":{"rendered":"https:\/\/u15jnbdpoq.preview.infomaniak.website\/produit\/elastisches-netz-18-maschen-50m\/"},"modified":"2026-03-12T16:24:54","modified_gmt":"2026-03-12T15:24:54","slug":"elastisches-netz-18-maschen-50m","status":"publish","type":"product","link":"https:\/\/www.csj-emballages.com\/de\/produit\/elastisches-netz-18-maschen-50m\/","title":{"rendered":"Elastisches Netz 18 Maschen 50m"},"content":{"rendered":"<h2 class=\"p1\">Elastisches Netz<\/h2>\n<hr>\n<h3>Beschreibung unseres elastischen Netzes 18 Maschen 50m<\/h3>\n<p><!--more--><\/p>\n<p data-start=\"220\" data-end=\"540\">Das <strong>elastische Netz mit 18 Maschen auf der 50-Meter-Rolle<\/strong> wurde speziell f\u00fcr den Halt und die Formgebung von <strong>Fleisch- und Wurstwaren<\/strong> entwickelt. Flexibel und widerstandsf\u00e4hig sorgt es f\u00fcr einen gleichm\u00e4\u00dfigen Halt von <strong>Braten, Schinken, Rouladen oder anderen Fleischst\u00fccken<\/strong> zum Garen oder zur Pr\u00e4sentation. <\/p>\n<p data-start=\"542\" data-end=\"811\">Dank seiner <strong>18-Maschen-Struktur<\/strong> bietet dieses Netz optimalen Halt und passt sich gleichzeitig flexibel an verschiedene St\u00fcckgr\u00f6\u00dfen an. Seine Elastizit\u00e4t garantiert ein gleichm\u00e4\u00dfiges Spannen, ohne das Fleisch zu verformen, und sorgt so f\u00fcr ein gleichm\u00e4\u00dfiges Garen sowie eine ansprechende Pr\u00e4sentation. <\/p>\n<p data-start=\"813\" data-end=\"1086\">Einfach zu verwenden und auf die gew\u00fcnschte L\u00e4nge zuzuschneiden, passt es sich den t\u00e4glichen Anforderungen von Profis an. In der <strong>50-Meter-Rolle<\/strong> verpackt, stellt es eine wirtschaftliche und praktische L\u00f6sung f\u00fcr Metzgereien, Wurstwarenhersteller, Caterer und Verarbeitungsbetriebe dar. <\/p>\n<p data-start=\"1088\" data-end=\"1248\">F\u00fcr den Lebensmittelkontakt konzipiert, ist dieses <strong>elastische Netz<\/strong> ein unverzichtbares Zubeh\u00f6r f\u00fcr ein professionelles Ergebnis, sowohl in der Auslage als auch nach dem Garen.<\/p>\n<p>&nbsp;<\/p>\n<p>&nbsp;<\/p>\n<p><!--more--><\/p>\n<p><strong>Vorteile :<\/strong><\/p>\n<ul>\n<li data-start=\"530\" data-end=\"622\">Erm\u00f6glicht das Formen und Bewahren der Form von Fleischst\u00fccken.<\/li>\n<li data-start=\"623\" data-end=\"695\">Gew\u00e4hrleistet guten Halt ohne zu stark zu komprimieren.<\/li>\n<li data-start=\"696\" data-end=\"792\">Geeignet f\u00fcr Wurstwaren, Braten und andere Zubereitungen.<\/li>\n<li data-start=\"793\" data-end=\"877\"><strong data-start=\"830\" data-end=\"843\">50-Meter-Rolle<\/strong> f\u00fcr langanhaltende Verwendung.<\/li>\n<li data-start=\"878\" data-end=\"961\">Konzipiert, um Gartemperaturen standzuhalten.<\/li>\n<\/ul>\n<p>&nbsp;<\/p>\n<p><!--more--><\/p>\n<h4>Weitere Informationen :<\/h4>\n<ul>\n<li><strong>Verpackung<\/strong>: Einzeln<\/li>\n<li><b>L\u00e4nge: <\/b>50 m<\/li>\n<li><strong>Farbe<\/strong>: Wei\u00df<\/li>\n<li><strong>Material<\/strong>: Polyester<\/li>\n<li><strong>Anzahl der Maschen<\/strong>: 18<\/li>\n<li><strong>Verwendungstemperatur<\/strong>: -18\u00baC\/+100\u00baC<\/li>\n<\/ul>\n<p>&nbsp;<\/p>\n<p><!--more--><\/p>\n<p>Dieses Produkt ist in verschiedenen Gr\u00f6\u00dfen erh\u00e4ltlich : <span style=\"color: #d12727;\"><a style=\"color: #d12727;\" href=\"https:\/\/www.csj-emballages.com\/pt-pt\/produit\/rede-elastica-de-14-malhas-50m\/\">14 Maschen<\/a><\/span> \/ <span style=\"color: #d12727;\"><a style=\"color: #d12727;\" href=\"https:\/\/www.csj-emballages.com\/pt-pt\/produit\/rede-elastica-de-16-malhas-50m\/\">16 Maschen<\/a><\/span><\/p>\n<p>&nbsp;<\/p>\n<p><!--more--><\/p>\n<p><a href=\"https:\/\/www.csj-emballages.com\/de\/categorie-produit\/lebensmittelverpackungen\/metzgerei-und-feinkostgeschaft\/spulen-netze\/\">Sehen Sie sich den Rest unseres Sortiments an Spulen \/ Netzen an<\/a><\/p>\n","protected":false},"excerpt":{"rendered":"<p>Elastisches Netz Beschreibung unseres elastischen Netzes 18 Maschen 50m<\/p>\n","protected":false},"featured_media":225345,"template":"","meta":{"_acf_changed":false},"product_brand":[],"product_cat":[1170,2599],"product_tag":[],"class_list":{"0":"post-20836","1":"product","2":"type-product","3":"status-publish","4":"has-post-thumbnail","6":"product_cat-metzgerei-und-feinkostgeschaft","7":"product_cat-spulen-netze","9":"first","10":"instock","11":"taxable","12":"shipping-taxable","13":"purchasable","14":"product-type-simple"},"acf":[],"yoast_head":"<!-- This site is optimized with the Yoast SEO Premium plugin v26.6 (Yoast SEO v26.6) - https:\/\/yoast.com\/wordpress\/plugins\/seo\/ -->\n<title>Elastisches Netz 18 Maschen 50m<\/title>\n<meta name=\"description\" content=\"Elastisches Netz 18 Maschen \u2013 50 m: Ideal f\u00fcr den Halt und die Formgebung von Fleisch beim Garen oder Lagern. Widerstandsf\u00e4hig und flexibel, perfekter Halt.\" \/>\n<meta name=\"robots\" content=\"index, follow, max-snippet:-1, max-image-preview:large, max-video-preview:-1\" \/>\n<link rel=\"canonical\" href=\"https:\/\/www.csj-emballages.com\/de\/produit\/elastisches-netz-18-maschen-50m\/\" \/>\n<meta property=\"og:locale\" content=\"de_DE\" \/>\n<meta property=\"og:type\" content=\"article\" \/>\n<meta property=\"og:title\" content=\"Elastisches Netz 18 Maschen 50m\" \/>\n<meta property=\"og:description\" content=\"Elastisches Netz 18 Maschen \u2013 50 m: Ideal f\u00fcr den Halt und die Formgebung von Fleisch beim Garen oder Lagern. Widerstandsf\u00e4hig und flexibel, perfekter Halt.\" \/>\n<meta property=\"og:url\" content=\"https:\/\/www.csj-emballages.com\/de\/produit\/elastisches-netz-18-maschen-50m\/\" \/>\n<meta property=\"og:site_name\" content=\"CSJ Emballages\" \/>\n<meta property=\"article:publisher\" content=\"https:\/\/www.facebook.com\/csjemballages\" \/>\n<meta property=\"article:modified_time\" content=\"2026-03-12T15:24:54+00:00\" \/>\n<meta property=\"og:image\" content=\"https:\/\/www.csj-emballages.com\/wp-content\/uploads\/2024\/03\/Filets-14-png.webp\" \/>\n\t<meta property=\"og:image:width\" content=\"800\" \/>\n\t<meta property=\"og:image:height\" content=\"800\" \/>\n\t<meta property=\"og:image:type\" content=\"image\/png\" \/>\n<meta name=\"twitter:card\" content=\"summary_large_image\" \/>\n<meta name=\"twitter:label1\" content=\"Gesch\u00e4tzte Lesezeit\" \/>\n\t<meta name=\"twitter:data1\" content=\"1\u00a0Minute\" \/>\n<script type=\"application\/ld+json\" class=\"yoast-schema-graph\">{\"@context\":\"https:\/\/schema.org\",\"@graph\":[{\"@type\":\"WebPage\",\"@id\":\"https:\/\/www.csj-emballages.com\/de\/produit\/elastisches-netz-18-maschen-50m\/\",\"url\":\"https:\/\/www.csj-emballages.com\/de\/produit\/elastisches-netz-18-maschen-50m\/\",\"name\":\"Elastisches Netz 18 Maschen 50m\",\"isPartOf\":{\"@id\":\"https:\/\/www.csj-emballages.com\/de\/#website\"},\"primaryImageOfPage\":{\"@id\":\"https:\/\/www.csj-emballages.com\/de\/produit\/elastisches-netz-18-maschen-50m\/#primaryimage\"},\"image\":{\"@id\":\"https:\/\/www.csj-emballages.com\/de\/produit\/elastisches-netz-18-maschen-50m\/#primaryimage\"},\"thumbnailUrl\":\"https:\/\/www.csj-emballages.com\/wp-content\/uploads\/2024\/03\/Filets-14-png.webp\",\"datePublished\":\"2024-03-01T15:54:18+00:00\",\"dateModified\":\"2026-03-12T15:24:54+00:00\",\"description\":\"Elastisches Netz 18 Maschen \u2013 50 m: Ideal f\u00fcr den Halt und die Formgebung von Fleisch beim Garen oder Lagern. Widerstandsf\u00e4hig und flexibel, perfekter Halt.\",\"breadcrumb\":{\"@id\":\"https:\/\/www.csj-emballages.com\/de\/produit\/elastisches-netz-18-maschen-50m\/#breadcrumb\"},\"inLanguage\":\"de\",\"potentialAction\":[{\"@type\":\"ReadAction\",\"target\":[\"https:\/\/www.csj-emballages.com\/de\/produit\/elastisches-netz-18-maschen-50m\/\"]}]},{\"@type\":\"ImageObject\",\"inLanguage\":\"de\",\"@id\":\"https:\/\/www.csj-emballages.com\/de\/produit\/elastisches-netz-18-maschen-50m\/#primaryimage\",\"url\":\"https:\/\/www.csj-emballages.com\/wp-content\/uploads\/2024\/03\/Filets-14-png.webp\",\"contentUrl\":\"https:\/\/www.csj-emballages.com\/wp-content\/uploads\/2024\/03\/Filets-14-png.webp\",\"width\":800,\"height\":800,\"caption\":\"Filet \u00e9lastique 14 mailles - 50 m : Id\u00e9al pour le maintien et le fa\u00e7onnage des viandes en cuisson ou stockage. R\u00e9sistant et souple, il garantit un maintien parfait\"},{\"@type\":\"BreadcrumbList\",\"@id\":\"https:\/\/www.csj-emballages.com\/de\/produit\/elastisches-netz-18-maschen-50m\/#breadcrumb\",\"itemListElement\":[{\"@type\":\"ListItem\",\"position\":1,\"name\":\"Accueil\",\"item\":\"https:\/\/www.csj-emballages.com\/de\/universum-lebensmittelverpackungen\/\"},{\"@type\":\"ListItem\",\"position\":2,\"name\":\"Shop\",\"item\":\"https:\/\/www.csj-emballages.com\/shop\/\"},{\"@type\":\"ListItem\",\"position\":3,\"name\":\"Elastisches Netz 18 Maschen 50m\"}]},{\"@type\":\"WebSite\",\"@id\":\"https:\/\/www.csj-emballages.com\/de\/#website\",\"url\":\"https:\/\/www.csj-emballages.com\/de\/\",\"name\":\"CSJ Emballages\",\"description\":\"\",\"publisher\":{\"@id\":\"https:\/\/www.csj-emballages.com\/de\/#organization\"},\"potentialAction\":[{\"@type\":\"SearchAction\",\"target\":{\"@type\":\"EntryPoint\",\"urlTemplate\":\"https:\/\/www.csj-emballages.com\/de\/?s={search_term_string}\"},\"query-input\":{\"@type\":\"PropertyValueSpecification\",\"valueRequired\":true,\"valueName\":\"search_term_string\"}}],\"inLanguage\":\"de\"},{\"@type\":\"Organization\",\"@id\":\"https:\/\/www.csj-emballages.com\/de\/#Organization\/\",\"name\":\"CSJ Emballages\",\"url\":\"https:\/\/www.csj-emballages.com\/de\/\",\"logo\":{\"@type\":\"ImageObject\",\"inLanguage\":\"de\",\"@id\":\"https:\/\/www.csj-emballages.com\/de\/#\/schema\/logo\/image\/\",\"url\":\"https:\/\/www.csj-emballages.com\/wp-content\/uploads\/2023\/10\/logo_csj.webp\",\"contentUrl\":\"https:\/\/www.csj-emballages.com\/wp-content\/uploads\/2023\/10\/logo_csj.webp\",\"width\":250,\"height\":95,\"caption\":\"CSJ Emballages\"},\"image\":{\"@id\":\"https:\/\/www.csj-emballages.com\/de\/#\/schema\/logo\/image\/\"},\"sameAs\":[\"https:\/\/www.facebook.com\/csjemballages\"],\"address\":{\"@type\":\"PostalAddress\",\"streetAddress\":\"ZI La Lechere\",\"addressLocality\":\"Patornay\",\"postalCode\":\"39130\",\"addressCountry\":\"FR\"},\"contactPoint\":[{\"@type\":\"ContactPoint\",\"contactType\":\"Service client\",\"telephone\":\"0384254272\",\"email\":\"contact@csj-emballages.com\"}]}]}<\/script>\n<!-- \/ Yoast SEO Premium plugin. -->","yoast_head_json":{"title":"Elastisches Netz 18 Maschen 50m","description":"Elastisches Netz 18 Maschen \u2013 50 m: Ideal f\u00fcr den Halt und die Formgebung von Fleisch beim Garen oder Lagern. Widerstandsf\u00e4hig und flexibel, perfekter Halt.","robots":{"index":"index","follow":"follow","max-snippet":"max-snippet:-1","max-image-preview":"max-image-preview:large","max-video-preview":"max-video-preview:-1"},"canonical":"https:\/\/www.csj-emballages.com\/de\/produit\/elastisches-netz-18-maschen-50m\/","og_locale":"de_DE","og_type":"article","og_title":"Elastisches Netz 18 Maschen 50m","og_description":"Elastisches Netz 18 Maschen \u2013 50 m: Ideal f\u00fcr den Halt und die Formgebung von Fleisch beim Garen oder Lagern. Widerstandsf\u00e4hig und flexibel, perfekter Halt.","og_url":"https:\/\/www.csj-emballages.com\/de\/produit\/elastisches-netz-18-maschen-50m\/","og_site_name":"CSJ Emballages","article_publisher":"https:\/\/www.facebook.com\/csjemballages","article_modified_time":"2026-03-12T15:24:54+00:00","og_image":[{"width":800,"height":800,"url":"https:\/\/www.csj-emballages.com\/wp-content\/uploads\/2024\/03\/Filets-14-png.webp","type":"image\/png"}],"twitter_card":"summary_large_image","twitter_misc":{"Gesch\u00e4tzte Lesezeit":"1\u00a0Minute"},"schema":{"@context":"https:\/\/schema.org","@graph":[{"@type":"WebPage","@id":"https:\/\/www.csj-emballages.com\/de\/produit\/elastisches-netz-18-maschen-50m\/","url":"https:\/\/www.csj-emballages.com\/de\/produit\/elastisches-netz-18-maschen-50m\/","name":"Elastisches Netz 18 Maschen 50m","isPartOf":{"@id":"https:\/\/www.csj-emballages.com\/de\/#website"},"primaryImageOfPage":{"@id":"https:\/\/www.csj-emballages.com\/de\/produit\/elastisches-netz-18-maschen-50m\/#primaryimage"},"image":{"@id":"https:\/\/www.csj-emballages.com\/de\/produit\/elastisches-netz-18-maschen-50m\/#primaryimage"},"thumbnailUrl":"https:\/\/www.csj-emballages.com\/wp-content\/uploads\/2024\/03\/Filets-14-png.webp","datePublished":"2024-03-01T15:54:18+00:00","dateModified":"2026-03-12T15:24:54+00:00","description":"Elastisches Netz 18 Maschen \u2013 50 m: Ideal f\u00fcr den Halt und die Formgebung von Fleisch beim Garen oder Lagern. Widerstandsf\u00e4hig und flexibel, perfekter Halt.","breadcrumb":{"@id":"https:\/\/www.csj-emballages.com\/de\/produit\/elastisches-netz-18-maschen-50m\/#breadcrumb"},"inLanguage":"de","potentialAction":[{"@type":"ReadAction","target":["https:\/\/www.csj-emballages.com\/de\/produit\/elastisches-netz-18-maschen-50m\/"]}]},{"@type":"ImageObject","inLanguage":"de","@id":"https:\/\/www.csj-emballages.com\/de\/produit\/elastisches-netz-18-maschen-50m\/#primaryimage","url":"https:\/\/www.csj-emballages.com\/wp-content\/uploads\/2024\/03\/Filets-14-png.webp","contentUrl":"https:\/\/www.csj-emballages.com\/wp-content\/uploads\/2024\/03\/Filets-14-png.webp","width":800,"height":800,"caption":"Filet \u00e9lastique 14 mailles - 50 m : Id\u00e9al pour le maintien et le fa\u00e7onnage des viandes en cuisson ou stockage. R\u00e9sistant et souple, il garantit un maintien parfait"},{"@type":"BreadcrumbList","@id":"https:\/\/www.csj-emballages.com\/de\/produit\/elastisches-netz-18-maschen-50m\/#breadcrumb","itemListElement":[{"@type":"ListItem","position":1,"name":"Accueil","item":"https:\/\/www.csj-emballages.com\/de\/universum-lebensmittelverpackungen\/"},{"@type":"ListItem","position":2,"name":"Shop","item":"https:\/\/www.csj-emballages.com\/shop\/"},{"@type":"ListItem","position":3,"name":"Elastisches Netz 18 Maschen 50m"}]},{"@type":"WebSite","@id":"https:\/\/www.csj-emballages.com\/de\/#website","url":"https:\/\/www.csj-emballages.com\/de\/","name":"CSJ Emballages","description":"","publisher":{"@id":"https:\/\/www.csj-emballages.com\/de\/#organization"},"potentialAction":[{"@type":"SearchAction","target":{"@type":"EntryPoint","urlTemplate":"https:\/\/www.csj-emballages.com\/de\/?s={search_term_string}"},"query-input":{"@type":"PropertyValueSpecification","valueRequired":true,"valueName":"search_term_string"}}],"inLanguage":"de"},{"@type":"Organization","@id":"https:\/\/www.csj-emballages.com\/de\/#Organization\/","name":"CSJ Emballages","url":"https:\/\/www.csj-emballages.com\/de\/","logo":{"@type":"ImageObject","inLanguage":"de","@id":"https:\/\/www.csj-emballages.com\/de\/#\/schema\/logo\/image\/","url":"https:\/\/www.csj-emballages.com\/wp-content\/uploads\/2023\/10\/logo_csj.webp","contentUrl":"https:\/\/www.csj-emballages.com\/wp-content\/uploads\/2023\/10\/logo_csj.webp","width":250,"height":95,"caption":"CSJ Emballages"},"image":{"@id":"https:\/\/www.csj-emballages.com\/de\/#\/schema\/logo\/image\/"},"sameAs":["https:\/\/www.facebook.com\/csjemballages"],"address":{"@type":"PostalAddress","streetAddress":"ZI La Lechere","addressLocality":"Patornay","postalCode":"39130","addressCountry":"FR"},"contactPoint":[{"@type":"ContactPoint","contactType":"Service client","telephone":"0384254272","email":"contact@csj-emballages.com"}]}]}},"df_price":26.16,"df_sale_price":"","df_regular_price":26.16,"df_image_link":"https:\/\/www.csj-emballages.com\/wp-content\/uploads\/2024\/03\/Filets-14-300x300.webp","tiered_pricing_type":"fixed","tiered_pricing_fixed_rules":[],"tiered_pricing_percentage_rules":[],"tiered_pricing_minimum":1,"tiered_pricing_roles_data":[],"_links":{"self":[{"href":"https:\/\/www.csj-emballages.com\/de\/wp-json\/wp\/v2\/product\/20836","targetHints":{"allow":["GET"]}}],"collection":[{"href":"https:\/\/www.csj-emballages.com\/de\/wp-json\/wp\/v2\/product"}],"about":[{"href":"https:\/\/www.csj-emballages.com\/de\/wp-json\/wp\/v2\/types\/product"}],"wp:featuredmedia":[{"embeddable":true,"href":"https:\/\/www.csj-emballages.com\/de\/wp-json\/wp\/v2\/media\/225345"}],"wp:attachment":[{"href":"https:\/\/www.csj-emballages.com\/de\/wp-json\/wp\/v2\/media?parent=20836"}],"wp:term":[{"taxonomy":"product_brand","embeddable":true,"href":"https:\/\/www.csj-emballages.com\/de\/wp-json\/wp\/v2\/product_brand?post=20836"},{"taxonomy":"product_cat","embeddable":true,"href":"https:\/\/www.csj-emballages.com\/de\/wp-json\/wp\/v2\/product_cat?post=20836"},{"taxonomy":"product_tag","embeddable":true,"href":"https:\/\/www.csj-emballages.com\/de\/wp-json\/wp\/v2\/product_tag?post=20836"}],"curies":[{"name":"wp","href":"https:\/\/api.w.org\/{rel}","templated":true}]}}