{"id":20815,"date":"2024-03-01T16:53:38","date_gmt":"2024-03-01T15:53:38","guid":{"rendered":"https:\/\/u15jnbdpoq.preview.infomaniak.website\/produit\/bindegarn-fuer-metzgereien-200-g\/"},"modified":"2026-05-11T07:00:52","modified_gmt":"2026-05-11T05:00:52","slug":"bindegarn-fuer-metzgereien-200-g","status":"publish","type":"product","link":"https:\/\/www.csj-emballages.com\/de\/produit\/bindegarn-fuer-metzgereien-200-g\/","title":{"rendered":"Bindegarn f\u00fcr Metzgereien 200 g"},"content":{"rendered":"<h2 class=\"p1\">Fleischergarn<\/h2>\n<hr>\n<h3>Beschreibung von unserem Metzgergarn 200 g<\/h3>\n<p><!--more--><\/p>\n<p>Die <strong data-start=\"35\" data-end=\"65\">Metzgerschnur 200 g<\/strong> ist ein unverzichtbares Zubeh\u00f6r f\u00fcr <strong data-start=\"107\" data-end=\"143\">Metzger, Fleischer, Caterer<\/strong> und <strong data-start=\"147\" data-end=\"170\">Hobbyk\u00f6che<\/strong>. Sie ist robust und widerstandsf\u00e4hig und erm\u00f6glicht es Ihnen, Ihr Fleisch, Ihren Braten, Ihr Gefl\u00fcgel und Ihre kulinarischen Zubereitungen mit perfektem Halt zu binden und zu fixieren. Da er f\u00fcr den Einsatz im Lebensmittelbereich konzipiert wurde, garantiert er eine sichere und hygienische Handhabung.  <\/p>\n<p>&nbsp;<\/p>\n<p><!--more--><\/p>\n<p><strong>Vorteile :<\/strong><\/p>\n<ul>\n<li data-start=\"431\" data-end=\"504\">Rei\u00dffest, selbst unter Spannung.<\/li>\n<li data-start=\"505\" data-end=\"598\">Entspricht den Normen f\u00fcr den Einsatz in Metzgerei und K\u00fcche.<\/li>\n<li data-start=\"599\" data-end=\"693\">Ideal f\u00fcr die Zubereitung von Braten, Rouladen, gef\u00fclltem Gefl\u00fcgel usw.<\/li>\n<li data-start=\"694\" data-end=\"758\">200-g-Spule f\u00fcr eine langlebige Nutzung.<\/li>\n<li data-start=\"759\" data-end=\"839\">Einfach zu handhaben und nach Bedarf zuzuschneiden.<\/li>\n<\/ul>\n<p>&nbsp;<\/p>\n<p><!--more--><\/p>\n<h4>Weitere Informationen :<\/h4>\n<ul>\n<li><strong>Verpackung<\/strong>: Einzeln<\/li>\n<li><b>Gewicht: <\/b>200g<\/li>\n<li><strong>Material<\/strong>: Baumwolle<\/li>\n<\/ul>\n<p>&nbsp;<\/p>\n<p><!--more--><\/p>\n<p><a href=\"https:\/\/www.csj-emballages.com\/de\/categorie-produit\/lebensmittelverpackungen\/metzgerei-und-feinkostgeschaft\/spulen-netze\/\">Sehen Sie sich den Rest unseres Sortiments an Spulen \/ Netzen an<\/a><\/p>\n","protected":false},"excerpt":{"rendered":"<p>Fleischergarn Beschreibung von unserem Metzgergarn 200 g<\/p>\n","protected":false},"featured_media":225339,"template":"","meta":{"_acf_changed":false},"product_brand":[],"product_cat":[1170,2599],"product_tag":[],"class_list":{"0":"post-20815","1":"product","2":"type-product","3":"status-publish","4":"has-post-thumbnail","6":"product_cat-metzgerei-und-feinkostgeschaft","7":"product_cat-spulen-netze","9":"first","10":"instock","11":"taxable","12":"shipping-taxable","13":"purchasable","14":"product-type-simple"},"acf":[],"yoast_head":"<!-- This site is optimized with the Yoast SEO Premium plugin v26.6 (Yoast SEO v26.6) - https:\/\/yoast.com\/wordpress\/plugins\/seo\/ -->\n<title>Bindfaden Metzgerei 200 g<\/title>\n<meta name=\"description\" content=\"Wurstgarn 200 g, ideal zum Binden von Braten, Gefl\u00fcgel und Wurstwaren. Hohe Belastbarkeit und sichere Anwendung f\u00fcr Profis und Privatanwender.\" \/>\n<meta name=\"robots\" content=\"index, follow, max-snippet:-1, max-image-preview:large, max-video-preview:-1\" \/>\n<link rel=\"canonical\" href=\"https:\/\/www.csj-emballages.com\/de\/produit\/bindegarn-fuer-metzgereien-200-g\/\" \/>\n<meta property=\"og:locale\" content=\"de_DE\" \/>\n<meta property=\"og:type\" content=\"article\" \/>\n<meta property=\"og:title\" content=\"Bindegarn f\u00fcr Metzgereien 200 g\" \/>\n<meta property=\"og:description\" content=\"Wurstgarn 200 g, ideal zum Binden von Braten, Gefl\u00fcgel und Wurstwaren. Hohe Belastbarkeit und sichere Anwendung f\u00fcr Profis und Privatanwender.\" \/>\n<meta property=\"og:url\" content=\"https:\/\/www.csj-emballages.com\/de\/produit\/bindegarn-fuer-metzgereien-200-g\/\" \/>\n<meta property=\"og:site_name\" content=\"CSJ Emballages\" \/>\n<meta property=\"article:publisher\" content=\"https:\/\/www.facebook.com\/csjemballages\" \/>\n<meta property=\"article:modified_time\" content=\"2026-05-11T05:00:52+00:00\" \/>\n<meta property=\"og:image\" content=\"https:\/\/www.csj-emballages.com\/wp-content\/uploads\/2024\/03\/Ficelle-boucherie-200g-png.webp\" \/>\n\t<meta property=\"og:image:width\" content=\"800\" \/>\n\t<meta property=\"og:image:height\" content=\"800\" \/>\n\t<meta property=\"og:image:type\" content=\"image\/png\" \/>\n<meta name=\"twitter:card\" content=\"summary_large_image\" \/>\n<meta name=\"twitter:label1\" content=\"Gesch\u00e4tzte Lesezeit\" \/>\n\t<meta name=\"twitter:data1\" content=\"1\u00a0Minute\" \/>\n<script type=\"application\/ld+json\" class=\"yoast-schema-graph\">{\"@context\":\"https:\/\/schema.org\",\"@graph\":[{\"@type\":\"WebPage\",\"@id\":\"https:\/\/www.csj-emballages.com\/de\/produit\/bindegarn-fuer-metzgereien-200-g\/\",\"url\":\"https:\/\/www.csj-emballages.com\/de\/produit\/bindegarn-fuer-metzgereien-200-g\/\",\"name\":\"Bindfaden Metzgerei 200 g\",\"isPartOf\":{\"@id\":\"https:\/\/www.csj-emballages.com\/de\/#website\"},\"primaryImageOfPage\":{\"@id\":\"https:\/\/www.csj-emballages.com\/de\/produit\/bindegarn-fuer-metzgereien-200-g\/#primaryimage\"},\"image\":{\"@id\":\"https:\/\/www.csj-emballages.com\/de\/produit\/bindegarn-fuer-metzgereien-200-g\/#primaryimage\"},\"thumbnailUrl\":\"https:\/\/www.csj-emballages.com\/wp-content\/uploads\/2024\/03\/Ficelle-boucherie-200g-png.webp\",\"datePublished\":\"2024-03-01T15:53:38+00:00\",\"dateModified\":\"2026-05-11T05:00:52+00:00\",\"description\":\"Wurstgarn 200 g, ideal zum Binden von Braten, Gefl\u00fcgel und Wurstwaren. Hohe Belastbarkeit und sichere Anwendung f\u00fcr Profis und Privatanwender.\",\"breadcrumb\":{\"@id\":\"https:\/\/www.csj-emballages.com\/de\/produit\/bindegarn-fuer-metzgereien-200-g\/#breadcrumb\"},\"inLanguage\":\"de\",\"potentialAction\":[{\"@type\":\"ReadAction\",\"target\":[\"https:\/\/www.csj-emballages.com\/de\/produit\/bindegarn-fuer-metzgereien-200-g\/\"]}]},{\"@type\":\"ImageObject\",\"inLanguage\":\"de\",\"@id\":\"https:\/\/www.csj-emballages.com\/de\/produit\/bindegarn-fuer-metzgereien-200-g\/#primaryimage\",\"url\":\"https:\/\/www.csj-emballages.com\/wp-content\/uploads\/2024\/03\/Ficelle-boucherie-200g-png.webp\",\"contentUrl\":\"https:\/\/www.csj-emballages.com\/wp-content\/uploads\/2024\/03\/Ficelle-boucherie-200g-png.webp\",\"width\":800,\"height\":800,\"caption\":\"Ficelle boucherie\"},{\"@type\":\"BreadcrumbList\",\"@id\":\"https:\/\/www.csj-emballages.com\/de\/produit\/bindegarn-fuer-metzgereien-200-g\/#breadcrumb\",\"itemListElement\":[{\"@type\":\"ListItem\",\"position\":1,\"name\":\"Accueil\",\"item\":\"https:\/\/www.csj-emballages.com\/de\/universum-lebensmittelverpackungen\/\"},{\"@type\":\"ListItem\",\"position\":2,\"name\":\"Shop\",\"item\":\"https:\/\/www.csj-emballages.com\/shop\/\"},{\"@type\":\"ListItem\",\"position\":3,\"name\":\"Bindegarn f\u00fcr Metzgereien 200 g\"}]},{\"@type\":\"WebSite\",\"@id\":\"https:\/\/www.csj-emballages.com\/de\/#website\",\"url\":\"https:\/\/www.csj-emballages.com\/de\/\",\"name\":\"CSJ Emballages\",\"description\":\"\",\"publisher\":{\"@id\":\"https:\/\/www.csj-emballages.com\/de\/#organization\"},\"potentialAction\":[{\"@type\":\"SearchAction\",\"target\":{\"@type\":\"EntryPoint\",\"urlTemplate\":\"https:\/\/www.csj-emballages.com\/de\/?s={search_term_string}\"},\"query-input\":{\"@type\":\"PropertyValueSpecification\",\"valueRequired\":true,\"valueName\":\"search_term_string\"}}],\"inLanguage\":\"de\"},{\"@type\":\"Organization\",\"@id\":\"https:\/\/www.csj-emballages.com\/de\/#Organization\/\",\"name\":\"CSJ Emballages\",\"url\":\"https:\/\/www.csj-emballages.com\/de\/\",\"logo\":{\"@type\":\"ImageObject\",\"inLanguage\":\"de\",\"@id\":\"https:\/\/www.csj-emballages.com\/de\/#\/schema\/logo\/image\/\",\"url\":\"https:\/\/www.csj-emballages.com\/wp-content\/uploads\/2023\/10\/logo_csj.webp\",\"contentUrl\":\"https:\/\/www.csj-emballages.com\/wp-content\/uploads\/2023\/10\/logo_csj.webp\",\"width\":250,\"height\":95,\"caption\":\"CSJ Emballages\"},\"image\":{\"@id\":\"https:\/\/www.csj-emballages.com\/de\/#\/schema\/logo\/image\/\"},\"sameAs\":[\"https:\/\/www.facebook.com\/csjemballages\"],\"address\":{\"@type\":\"PostalAddress\",\"streetAddress\":\"ZI La Lechere\",\"addressLocality\":\"Patornay\",\"postalCode\":\"39130\",\"addressCountry\":\"FR\"},\"contactPoint\":[{\"@type\":\"ContactPoint\",\"contactType\":\"Service client\",\"telephone\":\"0384254272\",\"email\":\"contact@csj-emballages.com\"}]}]}<\/script>\n<!-- \/ Yoast SEO Premium plugin. -->","yoast_head_json":{"title":"Bindfaden Metzgerei 200 g","description":"Wurstgarn 200 g, ideal zum Binden von Braten, Gefl\u00fcgel und Wurstwaren. Hohe Belastbarkeit und sichere Anwendung f\u00fcr Profis und Privatanwender.","robots":{"index":"index","follow":"follow","max-snippet":"max-snippet:-1","max-image-preview":"max-image-preview:large","max-video-preview":"max-video-preview:-1"},"canonical":"https:\/\/www.csj-emballages.com\/de\/produit\/bindegarn-fuer-metzgereien-200-g\/","og_locale":"de_DE","og_type":"article","og_title":"Bindegarn f\u00fcr Metzgereien 200 g","og_description":"Wurstgarn 200 g, ideal zum Binden von Braten, Gefl\u00fcgel und Wurstwaren. Hohe Belastbarkeit und sichere Anwendung f\u00fcr Profis und Privatanwender.","og_url":"https:\/\/www.csj-emballages.com\/de\/produit\/bindegarn-fuer-metzgereien-200-g\/","og_site_name":"CSJ Emballages","article_publisher":"https:\/\/www.facebook.com\/csjemballages","article_modified_time":"2026-05-11T05:00:52+00:00","og_image":[{"width":800,"height":800,"url":"https:\/\/www.csj-emballages.com\/wp-content\/uploads\/2024\/03\/Ficelle-boucherie-200g-png.webp","type":"image\/png"}],"twitter_card":"summary_large_image","twitter_misc":{"Gesch\u00e4tzte Lesezeit":"1\u00a0Minute"},"schema":{"@context":"https:\/\/schema.org","@graph":[{"@type":"WebPage","@id":"https:\/\/www.csj-emballages.com\/de\/produit\/bindegarn-fuer-metzgereien-200-g\/","url":"https:\/\/www.csj-emballages.com\/de\/produit\/bindegarn-fuer-metzgereien-200-g\/","name":"Bindfaden Metzgerei 200 g","isPartOf":{"@id":"https:\/\/www.csj-emballages.com\/de\/#website"},"primaryImageOfPage":{"@id":"https:\/\/www.csj-emballages.com\/de\/produit\/bindegarn-fuer-metzgereien-200-g\/#primaryimage"},"image":{"@id":"https:\/\/www.csj-emballages.com\/de\/produit\/bindegarn-fuer-metzgereien-200-g\/#primaryimage"},"thumbnailUrl":"https:\/\/www.csj-emballages.com\/wp-content\/uploads\/2024\/03\/Ficelle-boucherie-200g-png.webp","datePublished":"2024-03-01T15:53:38+00:00","dateModified":"2026-05-11T05:00:52+00:00","description":"Wurstgarn 200 g, ideal zum Binden von Braten, Gefl\u00fcgel und Wurstwaren. Hohe Belastbarkeit und sichere Anwendung f\u00fcr Profis und Privatanwender.","breadcrumb":{"@id":"https:\/\/www.csj-emballages.com\/de\/produit\/bindegarn-fuer-metzgereien-200-g\/#breadcrumb"},"inLanguage":"de","potentialAction":[{"@type":"ReadAction","target":["https:\/\/www.csj-emballages.com\/de\/produit\/bindegarn-fuer-metzgereien-200-g\/"]}]},{"@type":"ImageObject","inLanguage":"de","@id":"https:\/\/www.csj-emballages.com\/de\/produit\/bindegarn-fuer-metzgereien-200-g\/#primaryimage","url":"https:\/\/www.csj-emballages.com\/wp-content\/uploads\/2024\/03\/Ficelle-boucherie-200g-png.webp","contentUrl":"https:\/\/www.csj-emballages.com\/wp-content\/uploads\/2024\/03\/Ficelle-boucherie-200g-png.webp","width":800,"height":800,"caption":"Ficelle boucherie"},{"@type":"BreadcrumbList","@id":"https:\/\/www.csj-emballages.com\/de\/produit\/bindegarn-fuer-metzgereien-200-g\/#breadcrumb","itemListElement":[{"@type":"ListItem","position":1,"name":"Accueil","item":"https:\/\/www.csj-emballages.com\/de\/universum-lebensmittelverpackungen\/"},{"@type":"ListItem","position":2,"name":"Shop","item":"https:\/\/www.csj-emballages.com\/shop\/"},{"@type":"ListItem","position":3,"name":"Bindegarn f\u00fcr Metzgereien 200 g"}]},{"@type":"WebSite","@id":"https:\/\/www.csj-emballages.com\/de\/#website","url":"https:\/\/www.csj-emballages.com\/de\/","name":"CSJ Emballages","description":"","publisher":{"@id":"https:\/\/www.csj-emballages.com\/de\/#organization"},"potentialAction":[{"@type":"SearchAction","target":{"@type":"EntryPoint","urlTemplate":"https:\/\/www.csj-emballages.com\/de\/?s={search_term_string}"},"query-input":{"@type":"PropertyValueSpecification","valueRequired":true,"valueName":"search_term_string"}}],"inLanguage":"de"},{"@type":"Organization","@id":"https:\/\/www.csj-emballages.com\/de\/#Organization\/","name":"CSJ Emballages","url":"https:\/\/www.csj-emballages.com\/de\/","logo":{"@type":"ImageObject","inLanguage":"de","@id":"https:\/\/www.csj-emballages.com\/de\/#\/schema\/logo\/image\/","url":"https:\/\/www.csj-emballages.com\/wp-content\/uploads\/2023\/10\/logo_csj.webp","contentUrl":"https:\/\/www.csj-emballages.com\/wp-content\/uploads\/2023\/10\/logo_csj.webp","width":250,"height":95,"caption":"CSJ Emballages"},"image":{"@id":"https:\/\/www.csj-emballages.com\/de\/#\/schema\/logo\/image\/"},"sameAs":["https:\/\/www.facebook.com\/csjemballages"],"address":{"@type":"PostalAddress","streetAddress":"ZI La Lechere","addressLocality":"Patornay","postalCode":"39130","addressCountry":"FR"},"contactPoint":[{"@type":"ContactPoint","contactType":"Service client","telephone":"0384254272","email":"contact@csj-emballages.com"}]}]}},"df_price":5.18,"df_sale_price":"","df_regular_price":5.18,"df_image_link":"https:\/\/www.csj-emballages.com\/wp-content\/uploads\/2024\/03\/Ficelle-boucherie-200g-300x300.webp","tiered_pricing_type":"fixed","tiered_pricing_fixed_rules":[],"tiered_pricing_percentage_rules":[],"tiered_pricing_minimum":1,"tiered_pricing_roles_data":[],"_links":{"self":[{"href":"https:\/\/www.csj-emballages.com\/de\/wp-json\/wp\/v2\/product\/20815","targetHints":{"allow":["GET"]}}],"collection":[{"href":"https:\/\/www.csj-emballages.com\/de\/wp-json\/wp\/v2\/product"}],"about":[{"href":"https:\/\/www.csj-emballages.com\/de\/wp-json\/wp\/v2\/types\/product"}],"wp:featuredmedia":[{"embeddable":true,"href":"https:\/\/www.csj-emballages.com\/de\/wp-json\/wp\/v2\/media\/225339"}],"wp:attachment":[{"href":"https:\/\/www.csj-emballages.com\/de\/wp-json\/wp\/v2\/media?parent=20815"}],"wp:term":[{"taxonomy":"product_brand","embeddable":true,"href":"https:\/\/www.csj-emballages.com\/de\/wp-json\/wp\/v2\/product_brand?post=20815"},{"taxonomy":"product_cat","embeddable":true,"href":"https:\/\/www.csj-emballages.com\/de\/wp-json\/wp\/v2\/product_cat?post=20815"},{"taxonomy":"product_tag","embeddable":true,"href":"https:\/\/www.csj-emballages.com\/de\/wp-json\/wp\/v2\/product_tag?post=20815"}],"curies":[{"name":"wp","href":"https:\/\/api.w.org\/{rel}","templated":true}]}}