{"id":20809,"date":"2024-03-01T16:53:37","date_gmt":"2024-03-01T15:53:37","guid":{"rendered":"https:\/\/u15jnbdpoq.preview.infomaniak.website\/produit\/rolle-stretchfolie-fuer-lebensmittel-in-spenderbox-300-x-030-m\/"},"modified":"2026-04-21T09:00:40","modified_gmt":"2026-04-21T07:00:40","slug":"rolle-stretchfolie-fuer-lebensmittel-in-spenderbox-300-x-030-m","status":"publish","type":"product","link":"https:\/\/www.csj-emballages.com\/de\/produit\/rolle-stretchfolie-fuer-lebensmittel-in-spenderbox-300-x-030-m\/","title":{"rendered":"Rolle Stretchfolie f\u00fcr Lebensmittel in Spenderbox 300 x 0,30 m"},"content":{"rendered":"<h2 class=\"p1\">Stretchfolienrolle<\/h2>\n<hr>\n<h3>Beschreibung unserer Stretchfolienrolle f\u00fcr Lebensmittel in Spenderboxen 300 x 0.30 m<\/h3>\n<p><!--more--><\/p>\n<p data-start=\"105\" data-end=\"519\">Die <strong>Stretchfolienrolle f\u00fcr Lebensmittel<\/strong> <strong>in der Spenderbox<\/strong> ist ein Muss f\u00fcr die Aufbewahrung von Lebensmitteln in der K\u00fcche, sei es f\u00fcr professionelle Restaurants, Cateringunternehmen oder anspruchsvolle Privatpersonen. Sie bietet optimalen Schutz und erm\u00f6glicht ein einfaches Abdecken und Verpacken Ihrer Speisen und garantiert eine lange Frische. <\/p>\n<p data-start=\"521\" data-end=\"935\">Dank der praktischen <strong>Spenderbox<\/strong> ist die Folie leicht zu verwenden und zu schneiden, wodurch Verluste vermieden und die Zubereitung in der K\u00fcche erleichtert werden. Die gro\u00dfe Gr\u00f6\u00dfe<strong>(300 m lang und 30 cm<\/strong> breit) macht diese Folie zu einem idealen Begleiter f\u00fcr den h\u00e4ufigen Gebrauch, da sie eine effektive Abdeckung f\u00fcr eine Vielzahl von Gerichten gew\u00e4hrleistet, sei es f\u00fcr die Aufbewahrung im K\u00fchlschrank, die Pr\u00e4sentation oder den Transport. <\/p>\n<h3 data-start=\"937\" data-end=\"958\"><\/h3>\n<p><!--more--><\/p>\n<h4>Vorteile :<\/h4>\n<ul>\n<li data-start=\"959\" data-end=\"1054\">H\u00e4lt Lebensmittel frisch und verhindert das Austrocknen.<\/li>\n<li data-start=\"1055\" data-end=\"1167\">Einfach zu verwenden mit integrierter Abrisskante f\u00fcr Zeitersparnis in der K\u00fcche.<\/li>\n<li data-start=\"1168\" data-end=\"1259\">Ideal f\u00fcr den intensiven professionellen und privaten Gebrauch.<\/li>\n<li data-start=\"1260\" data-end=\"1372\">Geeignet zum Abdecken von Tellern, Schalen, Sch\u00e4lchen oder zum direkten Einwickeln von Lebensmitteln.<\/li>\n<li data-start=\"1373\" data-end=\"1477\">Folie entspricht den Lebensmittelnormen, ohne Geschmacks- oder Geruchs\u00fcbertragung.<\/li>\n<li data-start=\"1478\" data-end=\"1588\">Passt sich perfekt an Beh\u00e4lter und Lebensmittel verschiedener Formen an.<\/li>\n<\/ul>\n<p>&nbsp;<\/p>\n<p><!--more--><\/p>\n<h4>Weitere Informationen :<\/h4>\n<ul>\n<li><strong>Verpackung<\/strong>: Einzeln<\/li>\n<li><strong>Abmessungen<\/strong>: 300 x 0,30 m<\/li>\n<\/ul>\n<p>&nbsp;<\/p>\n<p><!--more--><\/p>\n<p>Dieses Produkt ist auch in einer 45 cm langen Schachtel erh\u00e4ltlich: <span style=\"color: #d12727;\"><a style=\"color: #d12727;\" href=\"https:\/\/www.csj-emballages.com\/pt-pt\/produit\/rolo-de-pelicula-extensivel-de-qualidade-alimentar-em-caixa-dispensadora-300-x-045-m\/\">FL45<\/a><\/span><\/p>\n<p>&nbsp;<\/p>\n<p><!--more--><\/p>\n<p><a href=\"https:\/\/www.csj-emballages.com\/de\/categorie-produit\/lebensmittelverpackungen\/metzgerei-und-feinkostgeschaft\/lebensmittelfolien\/stretchfolie-fur-lebensmittel-in-schachteln-schnitt-zipfolie\/\">Sehen Sie sich den Rest unseres Sortiments an Lebensmittelfolien an.<\/a><\/p>\n","protected":false},"excerpt":{"rendered":"<p>Stretchfolienrolle Beschreibung unserer Stretchfolienrolle f\u00fcr Lebensmittel in Spenderboxen 300 x 0.30 m<\/p>\n","protected":false},"featured_media":265117,"template":"","meta":{"_acf_changed":false},"product_brand":[],"product_cat":[1137,1170,2017,2646],"product_tag":[],"class_list":{"0":"post-20809","1":"product","2":"type-product","3":"status-publish","4":"has-post-thumbnail","6":"product_cat-lebensmittelverpackungen","7":"product_cat-metzgerei-und-feinkostgeschaft","8":"product_cat-lebensmittelfolien","9":"product_cat-stretchfolie-fur-lebensmittel-in-spenderboxen","11":"first","12":"instock","13":"taxable","14":"shipping-taxable","15":"purchasable","16":"product-type-simple"},"acf":[],"yoast_head":"<!-- This site is optimized with the Yoast SEO Premium plugin v26.6 (Yoast SEO v26.6) - https:\/\/yoast.com\/wordpress\/plugins\/seo\/ -->\n<title>Stretchfolienrolle Lebensmittel in Spenderboxen<\/title>\n<meta name=\"description\" content=\"Rolle Frischhaltefolie f\u00fcr Lebensmittel 300 x 0,30 m in Spenderbox. Ideal f\u00fcr Caterer, Gastronomen und Privathaushalte. Sch\u00fctzt, bewahrt und verpackt.\" \/>\n<meta name=\"robots\" content=\"index, follow, max-snippet:-1, max-image-preview:large, max-video-preview:-1\" \/>\n<link rel=\"canonical\" href=\"https:\/\/www.csj-emballages.com\/de\/produit\/rolle-stretchfolie-fuer-lebensmittel-in-spenderbox-300-x-030-m\/\" \/>\n<meta property=\"og:locale\" content=\"de_DE\" \/>\n<meta property=\"og:type\" content=\"article\" \/>\n<meta property=\"og:title\" content=\"Rolle Stretchfolie f\u00fcr Lebensmittel in Spenderbox 300 x 0,30 m\" \/>\n<meta property=\"og:description\" content=\"Rolle Frischhaltefolie f\u00fcr Lebensmittel 300 x 0,30 m in Spenderbox. Ideal f\u00fcr Caterer, Gastronomen und Privathaushalte. Sch\u00fctzt, bewahrt und verpackt.\" \/>\n<meta property=\"og:url\" content=\"https:\/\/www.csj-emballages.com\/de\/produit\/rolle-stretchfolie-fuer-lebensmittel-in-spenderbox-300-x-030-m\/\" \/>\n<meta property=\"og:site_name\" content=\"CSJ Emballages\" \/>\n<meta property=\"article:publisher\" content=\"https:\/\/www.facebook.com\/csjemballages\" \/>\n<meta property=\"article:modified_time\" content=\"2026-04-21T07:00:40+00:00\" \/>\n<meta property=\"og:image\" content=\"https:\/\/www.csj-emballages.com\/wp-content\/uploads\/2024\/03\/FL30-1.webp\" \/>\n\t<meta property=\"og:image:width\" content=\"800\" \/>\n\t<meta property=\"og:image:height\" content=\"800\" \/>\n\t<meta property=\"og:image:type\" content=\"image\/webp\" \/>\n<meta name=\"twitter:card\" content=\"summary_large_image\" \/>\n<meta name=\"twitter:label1\" content=\"Gesch\u00e4tzte Lesezeit\" \/>\n\t<meta name=\"twitter:data1\" content=\"1\u00a0Minute\" \/>\n<script type=\"application\/ld+json\" class=\"yoast-schema-graph\">{\"@context\":\"https:\/\/schema.org\",\"@graph\":[{\"@type\":\"WebPage\",\"@id\":\"https:\/\/www.csj-emballages.com\/de\/produit\/rolle-stretchfolie-fuer-lebensmittel-in-spenderbox-300-x-030-m\/\",\"url\":\"https:\/\/www.csj-emballages.com\/de\/produit\/rolle-stretchfolie-fuer-lebensmittel-in-spenderbox-300-x-030-m\/\",\"name\":\"Stretchfolienrolle Lebensmittel in Spenderboxen\",\"isPartOf\":{\"@id\":\"https:\/\/www.csj-emballages.com\/de\/#website\"},\"primaryImageOfPage\":{\"@id\":\"https:\/\/www.csj-emballages.com\/de\/produit\/rolle-stretchfolie-fuer-lebensmittel-in-spenderbox-300-x-030-m\/#primaryimage\"},\"image\":{\"@id\":\"https:\/\/www.csj-emballages.com\/de\/produit\/rolle-stretchfolie-fuer-lebensmittel-in-spenderbox-300-x-030-m\/#primaryimage\"},\"thumbnailUrl\":\"https:\/\/www.csj-emballages.com\/wp-content\/uploads\/2024\/03\/FL30-1.webp\",\"datePublished\":\"2024-03-01T15:53:37+00:00\",\"dateModified\":\"2026-04-21T07:00:40+00:00\",\"description\":\"Rolle Frischhaltefolie f\u00fcr Lebensmittel 300 x 0,30 m in Spenderbox. Ideal f\u00fcr Caterer, Gastronomen und Privathaushalte. Sch\u00fctzt, bewahrt und verpackt.\",\"breadcrumb\":{\"@id\":\"https:\/\/www.csj-emballages.com\/de\/produit\/rolle-stretchfolie-fuer-lebensmittel-in-spenderbox-300-x-030-m\/#breadcrumb\"},\"inLanguage\":\"de\",\"potentialAction\":[{\"@type\":\"ReadAction\",\"target\":[\"https:\/\/www.csj-emballages.com\/de\/produit\/rolle-stretchfolie-fuer-lebensmittel-in-spenderbox-300-x-030-m\/\"]}]},{\"@type\":\"ImageObject\",\"inLanguage\":\"de\",\"@id\":\"https:\/\/www.csj-emballages.com\/de\/produit\/rolle-stretchfolie-fuer-lebensmittel-in-spenderbox-300-x-030-m\/#primaryimage\",\"url\":\"https:\/\/www.csj-emballages.com\/wp-content\/uploads\/2024\/03\/FL30-1.webp\",\"contentUrl\":\"https:\/\/www.csj-emballages.com\/wp-content\/uploads\/2024\/03\/FL30-1.webp\",\"width\":800,\"height\":800,\"caption\":\"Rouleau film \u00e9tirable\"},{\"@type\":\"BreadcrumbList\",\"@id\":\"https:\/\/www.csj-emballages.com\/de\/produit\/rolle-stretchfolie-fuer-lebensmittel-in-spenderbox-300-x-030-m\/#breadcrumb\",\"itemListElement\":[{\"@type\":\"ListItem\",\"position\":1,\"name\":\"Accueil\",\"item\":\"https:\/\/www.csj-emballages.com\/de\/universum-lebensmittelverpackungen\/\"},{\"@type\":\"ListItem\",\"position\":2,\"name\":\"Shop\",\"item\":\"https:\/\/www.csj-emballages.com\/shop\/\"},{\"@type\":\"ListItem\",\"position\":3,\"name\":\"Rolle Stretchfolie f\u00fcr Lebensmittel in Spenderbox 300 x 0,30 m\"}]},{\"@type\":\"WebSite\",\"@id\":\"https:\/\/www.csj-emballages.com\/de\/#website\",\"url\":\"https:\/\/www.csj-emballages.com\/de\/\",\"name\":\"CSJ Emballages\",\"description\":\"\",\"publisher\":{\"@id\":\"https:\/\/www.csj-emballages.com\/de\/#organization\"},\"potentialAction\":[{\"@type\":\"SearchAction\",\"target\":{\"@type\":\"EntryPoint\",\"urlTemplate\":\"https:\/\/www.csj-emballages.com\/de\/?s={search_term_string}\"},\"query-input\":{\"@type\":\"PropertyValueSpecification\",\"valueRequired\":true,\"valueName\":\"search_term_string\"}}],\"inLanguage\":\"de\"},{\"@type\":\"Organization\",\"@id\":\"https:\/\/www.csj-emballages.com\/de\/#Organization\/\",\"name\":\"CSJ Emballages\",\"url\":\"https:\/\/www.csj-emballages.com\/de\/\",\"logo\":{\"@type\":\"ImageObject\",\"inLanguage\":\"de\",\"@id\":\"https:\/\/www.csj-emballages.com\/de\/#\/schema\/logo\/image\/\",\"url\":\"https:\/\/www.csj-emballages.com\/wp-content\/uploads\/2023\/10\/logo_csj.webp\",\"contentUrl\":\"https:\/\/www.csj-emballages.com\/wp-content\/uploads\/2023\/10\/logo_csj.webp\",\"width\":250,\"height\":95,\"caption\":\"CSJ Emballages\"},\"image\":{\"@id\":\"https:\/\/www.csj-emballages.com\/de\/#\/schema\/logo\/image\/\"},\"sameAs\":[\"https:\/\/www.facebook.com\/csjemballages\"],\"address\":{\"@type\":\"PostalAddress\",\"streetAddress\":\"ZI La Lechere\",\"addressLocality\":\"Patornay\",\"postalCode\":\"39130\",\"addressCountry\":\"FR\"},\"contactPoint\":[{\"@type\":\"ContactPoint\",\"contactType\":\"Service client\",\"telephone\":\"0384254272\",\"email\":\"contact@csj-emballages.com\"}]}]}<\/script>\n<!-- \/ Yoast SEO Premium plugin. -->","yoast_head_json":{"title":"Stretchfolienrolle Lebensmittel in Spenderboxen","description":"Rolle Frischhaltefolie f\u00fcr Lebensmittel 300 x 0,30 m in Spenderbox. Ideal f\u00fcr Caterer, Gastronomen und Privathaushalte. Sch\u00fctzt, bewahrt und verpackt.","robots":{"index":"index","follow":"follow","max-snippet":"max-snippet:-1","max-image-preview":"max-image-preview:large","max-video-preview":"max-video-preview:-1"},"canonical":"https:\/\/www.csj-emballages.com\/de\/produit\/rolle-stretchfolie-fuer-lebensmittel-in-spenderbox-300-x-030-m\/","og_locale":"de_DE","og_type":"article","og_title":"Rolle Stretchfolie f\u00fcr Lebensmittel in Spenderbox 300 x 0,30 m","og_description":"Rolle Frischhaltefolie f\u00fcr Lebensmittel 300 x 0,30 m in Spenderbox. Ideal f\u00fcr Caterer, Gastronomen und Privathaushalte. Sch\u00fctzt, bewahrt und verpackt.","og_url":"https:\/\/www.csj-emballages.com\/de\/produit\/rolle-stretchfolie-fuer-lebensmittel-in-spenderbox-300-x-030-m\/","og_site_name":"CSJ Emballages","article_publisher":"https:\/\/www.facebook.com\/csjemballages","article_modified_time":"2026-04-21T07:00:40+00:00","og_image":[{"width":800,"height":800,"url":"https:\/\/www.csj-emballages.com\/wp-content\/uploads\/2024\/03\/FL30-1.webp","type":"image\/webp"}],"twitter_card":"summary_large_image","twitter_misc":{"Gesch\u00e4tzte Lesezeit":"1\u00a0Minute"},"schema":{"@context":"https:\/\/schema.org","@graph":[{"@type":"WebPage","@id":"https:\/\/www.csj-emballages.com\/de\/produit\/rolle-stretchfolie-fuer-lebensmittel-in-spenderbox-300-x-030-m\/","url":"https:\/\/www.csj-emballages.com\/de\/produit\/rolle-stretchfolie-fuer-lebensmittel-in-spenderbox-300-x-030-m\/","name":"Stretchfolienrolle Lebensmittel in Spenderboxen","isPartOf":{"@id":"https:\/\/www.csj-emballages.com\/de\/#website"},"primaryImageOfPage":{"@id":"https:\/\/www.csj-emballages.com\/de\/produit\/rolle-stretchfolie-fuer-lebensmittel-in-spenderbox-300-x-030-m\/#primaryimage"},"image":{"@id":"https:\/\/www.csj-emballages.com\/de\/produit\/rolle-stretchfolie-fuer-lebensmittel-in-spenderbox-300-x-030-m\/#primaryimage"},"thumbnailUrl":"https:\/\/www.csj-emballages.com\/wp-content\/uploads\/2024\/03\/FL30-1.webp","datePublished":"2024-03-01T15:53:37+00:00","dateModified":"2026-04-21T07:00:40+00:00","description":"Rolle Frischhaltefolie f\u00fcr Lebensmittel 300 x 0,30 m in Spenderbox. Ideal f\u00fcr Caterer, Gastronomen und Privathaushalte. Sch\u00fctzt, bewahrt und verpackt.","breadcrumb":{"@id":"https:\/\/www.csj-emballages.com\/de\/produit\/rolle-stretchfolie-fuer-lebensmittel-in-spenderbox-300-x-030-m\/#breadcrumb"},"inLanguage":"de","potentialAction":[{"@type":"ReadAction","target":["https:\/\/www.csj-emballages.com\/de\/produit\/rolle-stretchfolie-fuer-lebensmittel-in-spenderbox-300-x-030-m\/"]}]},{"@type":"ImageObject","inLanguage":"de","@id":"https:\/\/www.csj-emballages.com\/de\/produit\/rolle-stretchfolie-fuer-lebensmittel-in-spenderbox-300-x-030-m\/#primaryimage","url":"https:\/\/www.csj-emballages.com\/wp-content\/uploads\/2024\/03\/FL30-1.webp","contentUrl":"https:\/\/www.csj-emballages.com\/wp-content\/uploads\/2024\/03\/FL30-1.webp","width":800,"height":800,"caption":"Rouleau film \u00e9tirable"},{"@type":"BreadcrumbList","@id":"https:\/\/www.csj-emballages.com\/de\/produit\/rolle-stretchfolie-fuer-lebensmittel-in-spenderbox-300-x-030-m\/#breadcrumb","itemListElement":[{"@type":"ListItem","position":1,"name":"Accueil","item":"https:\/\/www.csj-emballages.com\/de\/universum-lebensmittelverpackungen\/"},{"@type":"ListItem","position":2,"name":"Shop","item":"https:\/\/www.csj-emballages.com\/shop\/"},{"@type":"ListItem","position":3,"name":"Rolle Stretchfolie f\u00fcr Lebensmittel in Spenderbox 300 x 0,30 m"}]},{"@type":"WebSite","@id":"https:\/\/www.csj-emballages.com\/de\/#website","url":"https:\/\/www.csj-emballages.com\/de\/","name":"CSJ Emballages","description":"","publisher":{"@id":"https:\/\/www.csj-emballages.com\/de\/#organization"},"potentialAction":[{"@type":"SearchAction","target":{"@type":"EntryPoint","urlTemplate":"https:\/\/www.csj-emballages.com\/de\/?s={search_term_string}"},"query-input":{"@type":"PropertyValueSpecification","valueRequired":true,"valueName":"search_term_string"}}],"inLanguage":"de"},{"@type":"Organization","@id":"https:\/\/www.csj-emballages.com\/de\/#Organization\/","name":"CSJ Emballages","url":"https:\/\/www.csj-emballages.com\/de\/","logo":{"@type":"ImageObject","inLanguage":"de","@id":"https:\/\/www.csj-emballages.com\/de\/#\/schema\/logo\/image\/","url":"https:\/\/www.csj-emballages.com\/wp-content\/uploads\/2023\/10\/logo_csj.webp","contentUrl":"https:\/\/www.csj-emballages.com\/wp-content\/uploads\/2023\/10\/logo_csj.webp","width":250,"height":95,"caption":"CSJ Emballages"},"image":{"@id":"https:\/\/www.csj-emballages.com\/de\/#\/schema\/logo\/image\/"},"sameAs":["https:\/\/www.facebook.com\/csjemballages"],"address":{"@type":"PostalAddress","streetAddress":"ZI La Lechere","addressLocality":"Patornay","postalCode":"39130","addressCountry":"FR"},"contactPoint":[{"@type":"ContactPoint","contactType":"Service client","telephone":"0384254272","email":"contact@csj-emballages.com"}]}]}},"df_price":5.77,"df_sale_price":"","df_regular_price":5.77,"df_image_link":"https:\/\/www.csj-emballages.com\/wp-content\/uploads\/2024\/03\/FL30-1-300x300.webp","tiered_pricing_type":"fixed","tiered_pricing_fixed_rules":[],"tiered_pricing_percentage_rules":[],"tiered_pricing_minimum":1,"tiered_pricing_roles_data":[],"_links":{"self":[{"href":"https:\/\/www.csj-emballages.com\/de\/wp-json\/wp\/v2\/product\/20809","targetHints":{"allow":["GET"]}}],"collection":[{"href":"https:\/\/www.csj-emballages.com\/de\/wp-json\/wp\/v2\/product"}],"about":[{"href":"https:\/\/www.csj-emballages.com\/de\/wp-json\/wp\/v2\/types\/product"}],"wp:featuredmedia":[{"embeddable":true,"href":"https:\/\/www.csj-emballages.com\/de\/wp-json\/wp\/v2\/media\/265117"}],"wp:attachment":[{"href":"https:\/\/www.csj-emballages.com\/de\/wp-json\/wp\/v2\/media?parent=20809"}],"wp:term":[{"taxonomy":"product_brand","embeddable":true,"href":"https:\/\/www.csj-emballages.com\/de\/wp-json\/wp\/v2\/product_brand?post=20809"},{"taxonomy":"product_cat","embeddable":true,"href":"https:\/\/www.csj-emballages.com\/de\/wp-json\/wp\/v2\/product_cat?post=20809"},{"taxonomy":"product_tag","embeddable":true,"href":"https:\/\/www.csj-emballages.com\/de\/wp-json\/wp\/v2\/product_tag?post=20809"}],"curies":[{"name":"wp","href":"https:\/\/api.w.org\/{rel}","templated":true}]}}