{"id":20800,"date":"2024-03-01T16:54:19","date_gmt":"2024-03-01T15:54:19","guid":{"rendered":"https:\/\/u15jnbdpoq.preview.infomaniak.website\/produit\/250-weisse-becher-gefaltetes-backpapier-120-ml\/"},"modified":"2026-03-31T02:14:14","modified_gmt":"2026-03-31T00:14:14","slug":"250-weisse-becher-gefaltetes-backpapier-120-ml","status":"publish","type":"product","link":"https:\/\/www.csj-emballages.com\/de\/produit\/250-weisse-becher-gefaltetes-backpapier-120-ml\/","title":{"rendered":"Becher wei\u00dfes Backpapier plissiert 120 ml pro 250"},"content":{"rendered":"<h2>Wei\u00dfe Papierschaufel<\/h2>\n<hr>\n<h3>Beschreibung von unserem Becher wei\u00dfes Backpapier plissiert 120 ml pro 250<\/h3>\n<p><!--more--><\/p>\n<div class=\"flex w-full flex-col gap-1 empty:hidden first:pt-[1px]\">\n<div class=\"markdown prose dark:prose-invert w-full break-words dark markdown-new-styling\">\n<p data-start=\"253\" data-end=\"581\">Brauchen Sie eine praktische und elegante Unterlage f\u00fcr Ihre Zubereitungen? Der <strong>Becher aus wei\u00dfem, gefaltetem Backpapier 120 ml<\/strong> ist das kleine Unentbehrliche, das Sie in der K\u00fcche brauchen! Ob f\u00fcr saftige Muffins, kleine Kuchen, individuelle Puddings oder sogar herzhafte H\u00e4ppchen, er passt sich all Ihren W\u00fcnschen an. Da es aus <strong>Backpapier<\/strong> hergestellt ist, h\u00e4lt es dem Backen im Ofen perfekt stand, ohne sich zu verformen, zu verbrennen oder den Geschmack Ihrer Zubereitungen zu beeintr\u00e4chtigen. Dank seiner Gr\u00f6\u00dfe von <g id=\"gid_2\">120 ml<\/g> bietet er genau die richtige Gr\u00f6\u00dfe: nicht zu klein und nicht zu gro\u00df. Er ist ideal f\u00fcr gro\u00dfe Portionen und erm\u00f6glicht gut kalibrierte Desserts oder Vorspeisen, die einfach zu servieren sind.     <\/p>\n<p data-start=\"978\" data-end=\"1421\">Sein <strong>wei\u00dfes Plissee-Design<\/strong> verleiht all Ihren Pr\u00e4sentationen eine saubere und professionelle Note. Ob Sie nun B\u00e4cker, Caterer, Restaurantbesitzer oder ein Liebhaber von hausgemachter Patisserie sind, Sie werden die einfache Handhabung und die hygienische Seite zu sch\u00e4tzen wissen. Sie m\u00fcssen Ihre Formen nicht mehr einfetten: Das <strong>Antihaftpapier<\/strong> sorgt daf\u00fcr, dass sich die Formen leicht aus der Form l\u00f6sen lassen und selbst bei den empfindlichsten Rezepten perfekt aussehen.  <\/p>\n<p data-start=\"1423\" data-end=\"1695\">Dieses Paket wird zu <strong>250 St\u00fcck<\/strong> verkauft und ist f\u00fcr Berufst\u00e4tige gedacht, die sowohl Effizienz als auch Zeitersparnis suchen. Und da das <strong>Papier recycelbar ist<\/strong>, tragen Sie zu einem verantwortungsvolleren und umweltfreundlicheren Vorgehen bei, ohne dabei Kompromisse bei der Qualit\u00e4t einzugehen. <\/p>\n<p data-start=\"1697\" data-end=\"1872\">Zusammenfassend l\u00e4sst sich sagen, dass der <strong>Becher mit wei\u00dfem, plissiertem Backpapier 120 ml<\/strong> \u00c4sthetik, Praktikabilit\u00e4t und Leistung vereint &#8211; alles, was Sie brauchen, um Ihre s\u00fc\u00dfen oder salzigen Kreationen zu verfeinern!<\/p>\n<p data-start=\"1697\" data-end=\"1872\">\n<\/div>\n<\/div>\n<p><!--more--><\/p>\n<p><strong>Vorteile :<\/strong><\/p>\n<ul>\n<li data-start=\"1709\" data-end=\"1761\">H\u00e4lt dem <strong data-start=\"1722\" data-end=\"1741\">Backen im Ofen<\/strong> stand, ohne sich zu verformen.<\/li>\n<li data-start=\"1764\" data-end=\"1821\"><strong data-start=\"1771\" data-end=\"1780\">120-ml-Format<\/strong> ideal f\u00fcr Einzelportionen.<\/li>\n<li data-start=\"1824\" data-end=\"1881\"><strong data-start=\"1824\" data-end=\"1838\">Recycelbar<\/strong> und praktisch f\u00fcr den professionellen Gebrauch.<\/li>\n<li data-start=\"1884\" data-end=\"1936\"><strong data-start=\"1891\" data-end=\"1907\">Wei\u00dfes, plissiertes<\/strong> Papier mit einem ordentlichen und sauberen Erscheinungsbild.<\/li>\n<li data-start=\"1939\" data-end=\"1992\"><strong data-start=\"1939\" data-end=\"1965\">250er-Packung<\/strong> f\u00fcr echte Ersparnis.<\/li>\n<\/ul>\n<p>&nbsp;<\/p>\n<p><!--more--><\/p>\n<h4>Weitere Informationen :<\/h4>\n<ul>\n<li><strong>Verpackung<\/strong>: Packung mit 250<\/li>\n<li><strong>Ma\u00dfe<\/strong>: 70 x 38 (\u00d8 x H in mm)<\/li>\n<li><strong>Volumen<\/strong>: 120 ml<\/li>\n<li><strong>Material<\/strong>: Fettdichtes Papier<\/li>\n<\/ul>\n<p>&nbsp;<\/p>\n<p><!--more--><\/p>\n<p>Dieser wei\u00dfe Papierbecher ist in verschiedenen Gr\u00f6\u00dfen erh\u00e4ltlich : <span style=\"color: #d12727;\"><a style=\"color: #d12727;\" href=\"https:\/\/www.csj-emballages.com\/es\/produit\/250-tazas-blancas-papel-de-horno-doblado-30-ml\/\">30 ml<\/a><\/span> \/ <span style=\"color: #d12727;\"><a style=\"color: #d12727;\" href=\"https:\/\/www.csj-emballages.com\/es\/produit\/250-tazas-blancas-papel-de-horno-doblado-37-ml\/\">37 ml<\/a><\/span> \/ <span style=\"color: #d12727;\"><a style=\"color: #d12727;\" href=\"https:\/\/www.csj-emballages.com\/produit\/250-godets-blancs-papier-cuissons-plissees-60-ml\/\">60 ml<\/a><\/span> \/ <span style=\"color: #d12727;\"><a style=\"color: #d12727;\" href=\"https:\/\/www.csj-emballages.com\/produit\/250-godets-blancs-papier-cuissons-plissees-100-ml\/\">100 ml<\/a><\/span> \/ <span style=\"color: #d12727;\"><a style=\"color: #d12727;\" href=\"https:\/\/www.csj-emballages.com\/produit\/250-godets-blancs-papier-cuissons-plissees-165-ml\/\">165 ml<\/a><\/span><\/p>\n<p>&nbsp;<\/p>\n<p><!--more--><\/p>\n<p><a href=\"https:\/\/www.csj-emballages.com\/de\/categorie-produit\/lebensmittelverpackungen\/backerei-und-konditorei\/kochen\/papierbecher\/\">Sehen Sie sich den Rest unseres Sortiments an Papierbechern an<\/a><\/p>\n","protected":false},"excerpt":{"rendered":"<p>Wei\u00dfe Papierschaufel Beschreibung von unserem Becher wei\u00dfes Backpapier plissiert 120 ml pro 250<\/p>\n","protected":false},"featured_media":251421,"template":"","meta":{"_acf_changed":false},"product_brand":[],"product_cat":[1171,2612],"product_tag":[],"class_list":{"0":"post-20800","1":"product","2":"type-product","3":"status-publish","4":"has-post-thumbnail","6":"product_cat-backerei-und-konditorei","7":"product_cat-papierbecher","9":"first","10":"instock","11":"taxable","12":"shipping-taxable","13":"purchasable","14":"product-type-simple"},"acf":[],"yoast_head":"<!-- This site is optimized with the Yoast SEO Premium plugin v26.6 (Yoast SEO v26.6) - https:\/\/yoast.com\/wordpress\/plugins\/seo\/ -->\n<title>Papierbecher Wei\u00df Kochen Plissee 120 ml pro 250<\/title>\n<meta name=\"description\" content=\"Verlieben Sie sich in den wei\u00dfen, gefalteten Backpapierbecher 120 ml! Er ist backofenfest, sauber und praktisch und veredelt Ihre individuellen Mignardises und Saucen.\" \/>\n<meta name=\"robots\" content=\"index, follow, max-snippet:-1, max-image-preview:large, max-video-preview:-1\" \/>\n<link rel=\"canonical\" href=\"https:\/\/www.csj-emballages.com\/de\/produit\/250-weisse-becher-gefaltetes-backpapier-120-ml\/\" \/>\n<meta property=\"og:locale\" content=\"de_DE\" \/>\n<meta property=\"og:type\" content=\"article\" \/>\n<meta property=\"og:title\" content=\"Becher wei\u00dfes Backpapier plissiert 120 ml pro 250\" \/>\n<meta property=\"og:description\" content=\"Verlieben Sie sich in den wei\u00dfen, gefalteten Backpapierbecher 120 ml! Er ist backofenfest, sauber und praktisch und veredelt Ihre individuellen Mignardises und Saucen.\" \/>\n<meta property=\"og:url\" content=\"https:\/\/www.csj-emballages.com\/de\/produit\/250-weisse-becher-gefaltetes-backpapier-120-ml\/\" \/>\n<meta property=\"og:site_name\" content=\"CSJ Emballages\" \/>\n<meta property=\"article:publisher\" content=\"https:\/\/www.facebook.com\/csjemballages\" \/>\n<meta property=\"article:modified_time\" content=\"2026-03-31T00:14:14+00:00\" \/>\n<meta property=\"og:image\" content=\"https:\/\/www.csj-emballages.com\/wp-content\/uploads\/2024\/03\/F400.webp\" \/>\n\t<meta property=\"og:image:width\" content=\"800\" \/>\n\t<meta property=\"og:image:height\" content=\"800\" \/>\n\t<meta property=\"og:image:type\" content=\"image\/webp\" \/>\n<meta name=\"twitter:card\" content=\"summary_large_image\" \/>\n<meta name=\"twitter:label1\" content=\"Gesch\u00e4tzte Lesezeit\" \/>\n\t<meta name=\"twitter:data1\" content=\"2 Minuten\" \/>\n<script type=\"application\/ld+json\" class=\"yoast-schema-graph\">{\"@context\":\"https:\/\/schema.org\",\"@graph\":[{\"@type\":\"WebPage\",\"@id\":\"https:\/\/www.csj-emballages.com\/de\/produit\/250-weisse-becher-gefaltetes-backpapier-120-ml\/\",\"url\":\"https:\/\/www.csj-emballages.com\/de\/produit\/250-weisse-becher-gefaltetes-backpapier-120-ml\/\",\"name\":\"Papierbecher Wei\u00df Kochen Plissee 120 ml pro 250\",\"isPartOf\":{\"@id\":\"https:\/\/www.csj-emballages.com\/de\/#website\"},\"primaryImageOfPage\":{\"@id\":\"https:\/\/www.csj-emballages.com\/de\/produit\/250-weisse-becher-gefaltetes-backpapier-120-ml\/#primaryimage\"},\"image\":{\"@id\":\"https:\/\/www.csj-emballages.com\/de\/produit\/250-weisse-becher-gefaltetes-backpapier-120-ml\/#primaryimage\"},\"thumbnailUrl\":\"https:\/\/www.csj-emballages.com\/wp-content\/uploads\/2024\/03\/F400.webp\",\"datePublished\":\"2024-03-01T15:54:19+00:00\",\"dateModified\":\"2026-03-31T00:14:14+00:00\",\"description\":\"Verlieben Sie sich in den wei\u00dfen, gefalteten Backpapierbecher 120 ml! Er ist backofenfest, sauber und praktisch und veredelt Ihre individuellen Mignardises und Saucen.\",\"breadcrumb\":{\"@id\":\"https:\/\/www.csj-emballages.com\/de\/produit\/250-weisse-becher-gefaltetes-backpapier-120-ml\/#breadcrumb\"},\"inLanguage\":\"de\",\"potentialAction\":[{\"@type\":\"ReadAction\",\"target\":[\"https:\/\/www.csj-emballages.com\/de\/produit\/250-weisse-becher-gefaltetes-backpapier-120-ml\/\"]}]},{\"@type\":\"ImageObject\",\"inLanguage\":\"de\",\"@id\":\"https:\/\/www.csj-emballages.com\/de\/produit\/250-weisse-becher-gefaltetes-backpapier-120-ml\/#primaryimage\",\"url\":\"https:\/\/www.csj-emballages.com\/wp-content\/uploads\/2024\/03\/F400.webp\",\"contentUrl\":\"https:\/\/www.csj-emballages.com\/wp-content\/uploads\/2024\/03\/F400.webp\",\"width\":800,\"height\":800,\"caption\":\"Godet papier blanc\"},{\"@type\":\"BreadcrumbList\",\"@id\":\"https:\/\/www.csj-emballages.com\/de\/produit\/250-weisse-becher-gefaltetes-backpapier-120-ml\/#breadcrumb\",\"itemListElement\":[{\"@type\":\"ListItem\",\"position\":1,\"name\":\"Accueil\",\"item\":\"https:\/\/www.csj-emballages.com\/de\/universum-lebensmittelverpackungen\/\"},{\"@type\":\"ListItem\",\"position\":2,\"name\":\"Shop\",\"item\":\"https:\/\/www.csj-emballages.com\/shop\/\"},{\"@type\":\"ListItem\",\"position\":3,\"name\":\"Becher wei\u00dfes Backpapier plissiert 120 ml pro 250\"}]},{\"@type\":\"WebSite\",\"@id\":\"https:\/\/www.csj-emballages.com\/de\/#website\",\"url\":\"https:\/\/www.csj-emballages.com\/de\/\",\"name\":\"CSJ Emballages\",\"description\":\"\",\"publisher\":{\"@id\":\"https:\/\/www.csj-emballages.com\/de\/#organization\"},\"potentialAction\":[{\"@type\":\"SearchAction\",\"target\":{\"@type\":\"EntryPoint\",\"urlTemplate\":\"https:\/\/www.csj-emballages.com\/de\/?s={search_term_string}\"},\"query-input\":{\"@type\":\"PropertyValueSpecification\",\"valueRequired\":true,\"valueName\":\"search_term_string\"}}],\"inLanguage\":\"de\"},{\"@type\":\"Organization\",\"@id\":\"https:\/\/www.csj-emballages.com\/de\/#Organization\/\",\"name\":\"CSJ Emballages\",\"url\":\"https:\/\/www.csj-emballages.com\/de\/\",\"logo\":{\"@type\":\"ImageObject\",\"inLanguage\":\"de\",\"@id\":\"https:\/\/www.csj-emballages.com\/de\/#\/schema\/logo\/image\/\",\"url\":\"https:\/\/www.csj-emballages.com\/wp-content\/uploads\/2023\/10\/logo_csj.webp\",\"contentUrl\":\"https:\/\/www.csj-emballages.com\/wp-content\/uploads\/2023\/10\/logo_csj.webp\",\"width\":250,\"height\":95,\"caption\":\"CSJ Emballages\"},\"image\":{\"@id\":\"https:\/\/www.csj-emballages.com\/de\/#\/schema\/logo\/image\/\"},\"sameAs\":[\"https:\/\/www.facebook.com\/csjemballages\"],\"address\":{\"@type\":\"PostalAddress\",\"streetAddress\":\"ZI La Lechere\",\"addressLocality\":\"Patornay\",\"postalCode\":\"39130\",\"addressCountry\":\"FR\"},\"contactPoint\":[{\"@type\":\"ContactPoint\",\"contactType\":\"Service client\",\"telephone\":\"0384254272\",\"email\":\"contact@csj-emballages.com\"}]}]}<\/script>\n<!-- \/ Yoast SEO Premium plugin. -->","yoast_head_json":{"title":"Papierbecher Wei\u00df Kochen Plissee 120 ml pro 250","description":"Verlieben Sie sich in den wei\u00dfen, gefalteten Backpapierbecher 120 ml! Er ist backofenfest, sauber und praktisch und veredelt Ihre individuellen Mignardises und Saucen.","robots":{"index":"index","follow":"follow","max-snippet":"max-snippet:-1","max-image-preview":"max-image-preview:large","max-video-preview":"max-video-preview:-1"},"canonical":"https:\/\/www.csj-emballages.com\/de\/produit\/250-weisse-becher-gefaltetes-backpapier-120-ml\/","og_locale":"de_DE","og_type":"article","og_title":"Becher wei\u00dfes Backpapier plissiert 120 ml pro 250","og_description":"Verlieben Sie sich in den wei\u00dfen, gefalteten Backpapierbecher 120 ml! Er ist backofenfest, sauber und praktisch und veredelt Ihre individuellen Mignardises und Saucen.","og_url":"https:\/\/www.csj-emballages.com\/de\/produit\/250-weisse-becher-gefaltetes-backpapier-120-ml\/","og_site_name":"CSJ Emballages","article_publisher":"https:\/\/www.facebook.com\/csjemballages","article_modified_time":"2026-03-31T00:14:14+00:00","og_image":[{"width":800,"height":800,"url":"https:\/\/www.csj-emballages.com\/wp-content\/uploads\/2024\/03\/F400.webp","type":"image\/webp"}],"twitter_card":"summary_large_image","twitter_misc":{"Gesch\u00e4tzte Lesezeit":"2 Minuten"},"schema":{"@context":"https:\/\/schema.org","@graph":[{"@type":"WebPage","@id":"https:\/\/www.csj-emballages.com\/de\/produit\/250-weisse-becher-gefaltetes-backpapier-120-ml\/","url":"https:\/\/www.csj-emballages.com\/de\/produit\/250-weisse-becher-gefaltetes-backpapier-120-ml\/","name":"Papierbecher Wei\u00df Kochen Plissee 120 ml pro 250","isPartOf":{"@id":"https:\/\/www.csj-emballages.com\/de\/#website"},"primaryImageOfPage":{"@id":"https:\/\/www.csj-emballages.com\/de\/produit\/250-weisse-becher-gefaltetes-backpapier-120-ml\/#primaryimage"},"image":{"@id":"https:\/\/www.csj-emballages.com\/de\/produit\/250-weisse-becher-gefaltetes-backpapier-120-ml\/#primaryimage"},"thumbnailUrl":"https:\/\/www.csj-emballages.com\/wp-content\/uploads\/2024\/03\/F400.webp","datePublished":"2024-03-01T15:54:19+00:00","dateModified":"2026-03-31T00:14:14+00:00","description":"Verlieben Sie sich in den wei\u00dfen, gefalteten Backpapierbecher 120 ml! Er ist backofenfest, sauber und praktisch und veredelt Ihre individuellen Mignardises und Saucen.","breadcrumb":{"@id":"https:\/\/www.csj-emballages.com\/de\/produit\/250-weisse-becher-gefaltetes-backpapier-120-ml\/#breadcrumb"},"inLanguage":"de","potentialAction":[{"@type":"ReadAction","target":["https:\/\/www.csj-emballages.com\/de\/produit\/250-weisse-becher-gefaltetes-backpapier-120-ml\/"]}]},{"@type":"ImageObject","inLanguage":"de","@id":"https:\/\/www.csj-emballages.com\/de\/produit\/250-weisse-becher-gefaltetes-backpapier-120-ml\/#primaryimage","url":"https:\/\/www.csj-emballages.com\/wp-content\/uploads\/2024\/03\/F400.webp","contentUrl":"https:\/\/www.csj-emballages.com\/wp-content\/uploads\/2024\/03\/F400.webp","width":800,"height":800,"caption":"Godet papier blanc"},{"@type":"BreadcrumbList","@id":"https:\/\/www.csj-emballages.com\/de\/produit\/250-weisse-becher-gefaltetes-backpapier-120-ml\/#breadcrumb","itemListElement":[{"@type":"ListItem","position":1,"name":"Accueil","item":"https:\/\/www.csj-emballages.com\/de\/universum-lebensmittelverpackungen\/"},{"@type":"ListItem","position":2,"name":"Shop","item":"https:\/\/www.csj-emballages.com\/shop\/"},{"@type":"ListItem","position":3,"name":"Becher wei\u00dfes Backpapier plissiert 120 ml pro 250"}]},{"@type":"WebSite","@id":"https:\/\/www.csj-emballages.com\/de\/#website","url":"https:\/\/www.csj-emballages.com\/de\/","name":"CSJ Emballages","description":"","publisher":{"@id":"https:\/\/www.csj-emballages.com\/de\/#organization"},"potentialAction":[{"@type":"SearchAction","target":{"@type":"EntryPoint","urlTemplate":"https:\/\/www.csj-emballages.com\/de\/?s={search_term_string}"},"query-input":{"@type":"PropertyValueSpecification","valueRequired":true,"valueName":"search_term_string"}}],"inLanguage":"de"},{"@type":"Organization","@id":"https:\/\/www.csj-emballages.com\/de\/#Organization\/","name":"CSJ Emballages","url":"https:\/\/www.csj-emballages.com\/de\/","logo":{"@type":"ImageObject","inLanguage":"de","@id":"https:\/\/www.csj-emballages.com\/de\/#\/schema\/logo\/image\/","url":"https:\/\/www.csj-emballages.com\/wp-content\/uploads\/2023\/10\/logo_csj.webp","contentUrl":"https:\/\/www.csj-emballages.com\/wp-content\/uploads\/2023\/10\/logo_csj.webp","width":250,"height":95,"caption":"CSJ Emballages"},"image":{"@id":"https:\/\/www.csj-emballages.com\/de\/#\/schema\/logo\/image\/"},"sameAs":["https:\/\/www.facebook.com\/csjemballages"],"address":{"@type":"PostalAddress","streetAddress":"ZI La Lechere","addressLocality":"Patornay","postalCode":"39130","addressCountry":"FR"},"contactPoint":[{"@type":"ContactPoint","contactType":"Service client","telephone":"0384254272","email":"contact@csj-emballages.com"}]}]}},"df_price":14.33,"df_sale_price":"","df_regular_price":14.33,"df_image_link":"https:\/\/www.csj-emballages.com\/wp-content\/uploads\/2024\/03\/F400-300x300.webp","tiered_pricing_type":"fixed","tiered_pricing_fixed_rules":[],"tiered_pricing_percentage_rules":[],"tiered_pricing_minimum":1,"tiered_pricing_roles_data":[],"_links":{"self":[{"href":"https:\/\/www.csj-emballages.com\/de\/wp-json\/wp\/v2\/product\/20800","targetHints":{"allow":["GET"]}}],"collection":[{"href":"https:\/\/www.csj-emballages.com\/de\/wp-json\/wp\/v2\/product"}],"about":[{"href":"https:\/\/www.csj-emballages.com\/de\/wp-json\/wp\/v2\/types\/product"}],"wp:featuredmedia":[{"embeddable":true,"href":"https:\/\/www.csj-emballages.com\/de\/wp-json\/wp\/v2\/media\/251421"}],"wp:attachment":[{"href":"https:\/\/www.csj-emballages.com\/de\/wp-json\/wp\/v2\/media?parent=20800"}],"wp:term":[{"taxonomy":"product_brand","embeddable":true,"href":"https:\/\/www.csj-emballages.com\/de\/wp-json\/wp\/v2\/product_brand?post=20800"},{"taxonomy":"product_cat","embeddable":true,"href":"https:\/\/www.csj-emballages.com\/de\/wp-json\/wp\/v2\/product_cat?post=20800"},{"taxonomy":"product_tag","embeddable":true,"href":"https:\/\/www.csj-emballages.com\/de\/wp-json\/wp\/v2\/product_tag?post=20800"}],"curies":[{"name":"wp","href":"https:\/\/api.w.org\/{rel}","templated":true}]}}